{"id":27009,"date":"2025-05-20T16:25:51","date_gmt":"2025-05-20T14:25:51","guid":{"rendered":"https:\/\/huset.se\/?page_id=27009"},"modified":"2025-06-12T11:18:39","modified_gmt":"2025-06-12T09:18:39","slug":"ai-saljassistent","status":"publish","type":"page","link":"https:\/\/huset.se\/sv\/ai-saljassistent\/","title":{"rendered":"Ai-s\u00e4ljassistent"},"content":{"rendered":"\t\t<div data-elementor-type=\"wp-page\" data-elementor-id=\"27009\" class=\"elementor elementor-27009\">\n\t\t\t\t\t\t<section class=\"elementor-section elementor-top-section elementor-element elementor-element-413b6f6 elementor-section-height-min-height elementor-section-boxed elementor-section-height-default elementor-section-items-middle\" data-id=\"413b6f6\" data-element_type=\"section\" data-settings=\"{&quot;background_background&quot;:&quot;classic&quot;}\">\n\t\t\t\t\t\t<div class=\"elementor-container elementor-column-gap-default\">\n\t\t\t\t\t<div class=\"elementor-column elementor-col-100 elementor-top-column elementor-element elementor-element-2481df3\" data-id=\"2481df3\" data-element_type=\"column\">\n\t\t\t<div class=\"elementor-widget-wrap elementor-element-populated\">\n\t\t\t\t\t\t<section class=\"elementor-section elementor-inner-section elementor-element elementor-element-3bd056b elementor-section-boxed elementor-section-height-default elementor-section-height-default\" data-id=\"3bd056b\" data-element_type=\"section\">\n\t\t\t\t\t\t<div class=\"elementor-container elementor-column-gap-default\">\n\t\t\t\t\t<div class=\"elementor-column elementor-col-100 elementor-inner-column elementor-element elementor-element-f3c0f3d\" data-id=\"f3c0f3d\" data-element_type=\"column\">\n\t\t\t<div class=\"elementor-widget-wrap\">\n\t\t\t\t\t\t\t<\/div>\n\t\t<\/div>\n\t\t\t\t\t<\/div>\n\t\t<\/section>\n\t\t\t\t\t<\/div>\n\t\t<\/div>\n\t\t\t\t\t<\/div>\n\t\t<\/section>\n\t\t\t\t<section class=\"elementor-section elementor-top-section elementor-element elementor-element-a2b7ec5 elementor-section-content-middle elementor-reverse-mobile elementor-reverse-tablet elementor-section-boxed elementor-section-height-default elementor-section-height-default\" data-id=\"a2b7ec5\" data-element_type=\"section\" data-settings=\"{&quot;background_background&quot;:&quot;classic&quot;}\">\n\t\t\t\t\t\t<div class=\"elementor-container elementor-column-gap-no\">\n\t\t\t\t\t<div class=\"elementor-column elementor-col-100 elementor-top-column elementor-element elementor-element-4aa6921\" data-id=\"4aa6921\" data-element_type=\"column\">\n\t\t\t<div class=\"elementor-widget-wrap\">\n\t\t\t\t\t\t\t<\/div>\n\t\t<\/div>\n\t\t\t\t\t<\/div>\n\t\t<\/section>\n\t\t\t\t<section class=\"elementor-section elementor-top-section elementor-element elementor-element-d299de9 elementor-section-content-middle elementor-section-boxed elementor-section-height-default elementor-section-height-default\" data-id=\"d299de9\" data-element_type=\"section\" data-settings=\"{&quot;background_background&quot;:&quot;classic&quot;}\">\n\t\t\t\t\t\t<div class=\"elementor-container elementor-column-gap-no\">\n\t\t\t\t\t<div class=\"elementor-column elementor-col-100 elementor-top-column elementor-element elementor-element-f87bdfe\" data-id=\"f87bdfe\" data-element_type=\"column\">\n\t\t\t<div class=\"elementor-widget-wrap elementor-element-populated\">\n\t\t\t\t\t\t<div class=\"elementor-element elementor-element-9158a97 elementor-widget elementor-widget-text-editor\" data-id=\"9158a97\" data-element_type=\"widget\" data-widget_type=\"text-editor.default\">\n\t\t\t\t\t\t\t\t\t<p>AI-s\u00e4ljassistenten &amp; digital visning \u2013 er mest effektiva f\u00f6rsta kontakt<\/p>\t\t\t\t\t\t\t\t<\/div>\n\t\t\t\t<div class=\"elementor-element elementor-element-c260c55 elementor-widget elementor-widget-text-editor\" data-id=\"c260c55\" data-element_type=\"widget\" data-widget_type=\"text-editor.default\">\n\t\t\t\t\t\t\t\t\t<p class=\"\" data-start=\"281\" data-end=\"418\">Att s\u00e4lja eller hyra ut en fastighet kr\u00e4ver snabbhet, noggrannhet och tillg\u00e4nglighet \u2013 men det ska inte beh\u00f6va ta all er tid.<\/p>\n<p class=\"\" data-start=\"420\" data-end=\"611\">Med <strong data-start=\"424\" data-end=\"474\">Husets digitala visningar och AI-s\u00e4ljassistent<\/strong> f\u00e5r ni en komplett l\u00f6sning som hanterar kundernas f\u00f6rsta kontakt, fr\u00e5gor och kvalificering \u2013 automatiskt, dygnet runt och p\u00e5 flera spr\u00e5k.<\/p>\t\t\t\t\t\t\t\t<\/div>\n\t\t\t\t<div class=\"elementor-element elementor-element-e6e1800 elementor-widget elementor-widget-spacer\" data-id=\"e6e1800\" data-element_type=\"widget\" data-widget_type=\"spacer.default\">\n\t\t\t\t\t\t\t<div class=\"elementor-spacer\">\n\t\t\t<div class=\"elementor-spacer-inner\"><\/div>\n\t\t<\/div>\n\t\t\t\t\t\t<\/div>\n\t\t\t\t<div class=\"elementor-element elementor-element-97a82c7 elementor-widget elementor-widget-text-editor\" data-id=\"97a82c7\" data-element_type=\"widget\" data-widget_type=\"text-editor.default\">\n\t\t\t\t\t\t\t\t\t<p>D\u00e4r service m\u00f6ter sofistikerad precision.<\/p>\t\t\t\t\t\t\t\t<\/div>\n\t\t\t\t<div class=\"elementor-element elementor-element-c205852 elementor-widget elementor-widget-text-editor\" data-id=\"c205852\" data-element_type=\"widget\" data-widget_type=\"text-editor.default\">\n\t\t\t\t\t\t\t\t\t<p class=\"\" data-start=\"281\" data-end=\"418\">S\u00e5 fungerar det &#8211; Fr\u00e5n f\u00f6rsta klick till kvalificerat lead:<\/p>\t\t\t\t\t\t\t\t<\/div>\n\t\t\t\t<div class=\"elementor-element elementor-element-967c706 elementor-widget elementor-widget-text-editor\" data-id=\"967c706\" data-element_type=\"widget\" data-widget_type=\"text-editor.default\">\n\t\t\t\t\t\t\t\t\t<ol><li><u><b>F\u00f6rsta kontakt \u2013 p\u00e5 era villkor <\/b><\/u><p>Resan kan b\u00f6rja p\u00e5 olika s\u00e4tt \u2013 beroende p\u00e5 hur ni vill presentera ert objekt. Antingen l\u00e5ter ni kunden ringa direkt till v\u00e5r AI-s\u00e4ljassistent via ett telefonnummer i annonsen. Assistenten presenterar objektet, svarar p\u00e5 fr\u00e5gor och skickar en personlig SMS-l\u00e4nk till den digitala visningen.<br \/>Eller s\u00e5 har kunden redan tillg\u00e5ng till en digital visning \u2013 d\u00e4r de n\u00e4r som helst, med ett klick, kan kontakta AI-assistenten f\u00f6r att f\u00e5 exklusiv v\u00e4gledning och f\u00f6rdjupad information.<\/p><\/li><li><b><u>Den digitala visningen \u2013 en upplevelse ut\u00f6ver det vanliga <\/u><\/b><p>Via v\u00e5r interaktiva 3D-visning kan kunden fritt vandra runt i fastigheten, uppt\u00e4cka detaljer, f\u00f6rst\u00e5 layouten och uppleva rummens karakt\u00e4r \u2013 i sin egen takt, direkt via mobil, surfplatta eller dator.<\/p><\/li><li><b><u>Direkt dialog \u2013 n\u00e4r fr\u00e5gorna v\u00e4cks <\/u><\/b><p>Oavsett ing\u00e5ngspunkt, st\u00e5r v\u00e5r AI-s\u00e4ljassistent alltid redo. Med precision, professionalism och ett f\u00f6rtroendeingivande bem\u00f6tande, ger den svar p\u00e5 fr\u00e5gor, guidar vidare \u2013 och l\u00e5ter intresset mogna till beslut.<\/p><\/li><li><b><u>Svar p\u00e5 allt som r\u00f6r fastigheten \u2013 p\u00e5 r\u00e4tt spr\u00e5k <\/u><\/b><p>AI-assistenten kan besvara detaljerade fr\u00e5gor s\u00e5som: Pris per kvadratmeter? Ing\u00e5r vatten, v\u00e4rme eller el i hyran? Finns parkering? Hur bred \u00e4r porten? Hur h\u00f6g \u00e4r takh\u00f6jden? \u00c4r lokalen handikapp anpassad?\u00a0<\/p><p>AI:n kommunicerar p\u00e5 flera spr\u00e5k, bl.a. Svenska, Engelska, Norska, Danska, Tyska, Finska, Franska, Italienska, Koreanska, Kinesiska, Japanska, Spanska, Hindi, Grekiska, Bulgariska, Vietnamesiska, och lite mer \u2013 vilket g\u00f6r att ni enkelt m\u00f6ter b\u00e5de nationella och internationella intressenter.<br \/><br \/><\/p><\/li><li><b><u>N\u00e4r personlig kontakt efterfr\u00e5gas<\/u><\/b><br \/><p data-start=\"94\" data-end=\"348\">Vid \u00f6nskem\u00e5l om direktkontakt f\u00f6rs f\u00f6rfr\u00e5gan vidare till ansvarig m\u00e4klare eller fastighets\u00e4gare \u2013 snabbt, diskret och med st\u00f6rsta finess. Kunden informeras om detta med samma omsorg som genomsyrar hela upplevelsen.<\/p><p data-start=\"350\" data-end=\"607\" data-is-last-node=\"\" data-is-only-node=\"\">V\u00e5r AI-s\u00e4ljarassistent \u00e4r inte bara ett svar p\u00e5 fr\u00e5gor \u2013 den \u00e4r en teknologisk r\u00e5dgivare, alltid redo att guida, boka privata visningar och anpassa informationen efter varje unik kunds behov. En digital assistent i v\u00e4rldsklass, till er tj\u00e4nst \u2013 dygnet runt.<\/p><\/li><li><b><u>Slutligen sammanfattas samtalet \u2013 ni tar n\u00e4sta steg<\/u><\/b><br \/>Varje samtal analyseras automatiskt och summeras i en tydlig rapport som skickas till ansvarig kontaktperson. D\u00e4r ser ni exakt vad kunden var intresserad av \u2013 och kan snabbt avg\u00f6ra om det \u00e4r ett lead att agera p\u00e5.<\/li><\/ol>\t\t\t\t\t\t\t\t<\/div>\n\t\t\t\t<div class=\"elementor-element elementor-element-ad47aa6 elementor-widget elementor-widget-spacer\" data-id=\"ad47aa6\" data-element_type=\"widget\" data-widget_type=\"spacer.default\">\n\t\t\t\t\t\t\t<div class=\"elementor-spacer\">\n\t\t\t<div class=\"elementor-spacer-inner\"><\/div>\n\t\t<\/div>\n\t\t\t\t\t\t<\/div>\n\t\t\t\t<div class=\"elementor-element elementor-element-0e56fc4 elementor-widget elementor-widget-text-editor\" data-id=\"0e56fc4\" data-element_type=\"widget\" data-widget_type=\"text-editor.default\">\n\t\t\t\t\t\t\t\t\t<p>AI som lyssnar, kvalificerar och sammanfattar \u2013 Automatiskt<\/p>\t\t\t\t\t\t\t\t<\/div>\n\t\t\t\t<div class=\"elementor-element elementor-element-afa8b10 elementor-widget elementor-widget-text-editor\" data-id=\"afa8b10\" data-element_type=\"widget\" data-widget_type=\"text-editor.default\">\n\t\t\t\t\t\t\t\t\t<p class=\"\" data-start=\"2040\" data-end=\"2164\">Det som g\u00f6r denna l\u00f6sning kraftfull \u00e4r inte bara AI:ns f\u00f6rm\u00e5ga att svara p\u00e5 fr\u00e5gor \u2013 utan vad som h\u00e4nder <strong data-start=\"2145\" data-end=\"2163\">efter samtalet<\/strong>:<\/p><blockquote data-start=\"2166\" data-end=\"2289\"><p class=\"\" data-start=\"2168\" data-end=\"2289\">T\u00e4nk dig en spekulant som ringer 21:30 fr\u00e5n London och fr\u00e5gar:<br \/>&#8221;Finns fiber? Ing\u00e5r vatten i hyran?&#8221;\u00a0<\/p><\/blockquote><ol data-start=\"836\" data-end=\"1961\"><li class=\"\" data-start=\"1694\" data-end=\"1961\">AI:n svarar direkt \u2013 och ni har en f\u00e4rdig, professionell sammanfattning i er inkorg direkt efter samtalet.\u00a0<\/li><\/ol>\t\t\t\t\t\t\t\t<\/div>\n\t\t\t\t<div class=\"elementor-element elementor-element-cb9f238 elementor-widget elementor-widget-spacer\" data-id=\"cb9f238\" data-element_type=\"widget\" data-widget_type=\"spacer.default\">\n\t\t\t\t\t\t\t<div class=\"elementor-spacer\">\n\t\t\t<div class=\"elementor-spacer-inner\"><\/div>\n\t\t<\/div>\n\t\t\t\t\t\t<\/div>\n\t\t\t\t<div class=\"elementor-element elementor-element-fedb202 elementor-widget elementor-widget-image\" data-id=\"fedb202\" data-element_type=\"widget\" data-widget_type=\"image.default\">\n\t\t\t\t\t\t\t\t\t\t\t\t\t\t\t<img fetchpriority=\"high\" fetchpriority=\"high\" decoding=\"async\" width=\"1000\" height=\"571\" src=\"https:\/\/huset.se\/wp-content\/uploads\/2024\/04\/Ai-huset.jpg\" class=\"attachment-full size-full wp-image-25847\" alt=\"AI och digital teknik i fokus.\" srcset=\"https:\/\/huset.se\/wp-content\/uploads\/2024\/04\/Ai-huset.jpg 1000w, https:\/\/huset.se\/wp-content\/uploads\/2024\/04\/Ai-huset-300x171.jpg 300w, https:\/\/huset.se\/wp-content\/uploads\/2024\/04\/Ai-huset-768x439.jpg 768w, https:\/\/huset.se\/wp-content\/uploads\/2024\/04\/Ai-huset-18x10.jpg 18w, https:\/\/huset.se\/wp-content\/uploads\/2024\/04\/Ai-huset-496x283.jpg 496w\" sizes=\"(max-width: 1000px) 100vw, 1000px\" \/>\t\t\t\t\t\t\t\t\t\t\t\t\t\t\t<\/div>\n\t\t\t\t<div class=\"elementor-element elementor-element-195877d elementor-widget elementor-widget-text-editor\" data-id=\"195877d\" data-element_type=\"widget\" data-widget_type=\"text-editor.default\">\n\t\t\t\t\t\t\t\t\t<p>Resultat ni m\u00e4rker direkt<\/p>\t\t\t\t\t\t\t\t<\/div>\n\t\t\t\t<div class=\"elementor-element elementor-element-aa46c10 elementor-widget elementor-widget-text-editor\" data-id=\"aa46c10\" data-element_type=\"widget\" data-widget_type=\"text-editor.default\">\n\t\t\t\t\t\t\t\t\t<ul data-start=\"2433\" data-end=\"2849\"><li class=\"\" data-start=\"2433\" data-end=\"2515\"><p class=\"\" data-start=\"2435\" data-end=\"2515\">Ni <strong data-start=\"2438\" data-end=\"2473\">f\u00e5ngar upp heta kunder snabbare<\/strong> \u2013 utan att vara bundna till kontorstid.<\/p><\/li><li class=\"\" data-start=\"2516\" data-end=\"2599\"><p class=\"\" data-start=\"2518\" data-end=\"2599\">Ni <strong data-start=\"2521\" data-end=\"2553\">l\u00e4gger tid p\u00e5 r\u00e4tt kontakter<\/strong> \u2013 och slipper samtal som inte leder vidare.<\/p><\/li><li class=\"\" data-start=\"2600\" data-end=\"2686\"><p class=\"\" data-start=\"2602\" data-end=\"2686\">Ni <strong data-start=\"2605\" data-end=\"2631\">s\u00e4nker personalbehovet<\/strong> \u2013 AI:n hanterar det som tidigare kr\u00e4vde assistenter.<\/p><\/li><li class=\"\" data-start=\"2687\" data-end=\"2766\"><p class=\"\" data-start=\"2689\" data-end=\"2766\">Ni <strong data-start=\"2692\" data-end=\"2719\">erbjuder b\u00e4ttre service<\/strong> \u2013 tillg\u00e4nglig p\u00e5 kundens spr\u00e5k, dygnet runt.<\/p><\/li><li class=\"\" data-start=\"2767\" data-end=\"2849\"><p class=\"\" data-start=\"2769\" data-end=\"2849\">Ni <strong data-start=\"2772\" data-end=\"2795\">\u00f6kar konverteringen<\/strong> \u2013 genom omedelbara svar och en friktionsfri kundresa.<\/p><\/li><\/ul>\t\t\t\t\t\t\t\t<\/div>\n\t\t\t\t<div class=\"elementor-element elementor-element-6a6c50e elementor-widget elementor-widget-spacer\" data-id=\"6a6c50e\" data-element_type=\"widget\" data-widget_type=\"spacer.default\">\n\t\t\t\t\t\t\t<div class=\"elementor-spacer\">\n\t\t\t<div class=\"elementor-spacer-inner\"><\/div>\n\t\t<\/div>\n\t\t\t\t\t\t<\/div>\n\t\t\t\t<div class=\"elementor-element elementor-element-9a98c96 elementor-widget elementor-widget-text-editor\" data-id=\"9a98c96\" data-element_type=\"widget\" data-widget_type=\"text-editor.default\">\n\t\t\t\t\t\t\t\t\t<p>En ny standard f\u00f6r hur kommersiella fastigheter upplevs och f\u00f6rmedlas<\/p>\t\t\t\t\t\t\t\t<\/div>\n\t\t\t\t<div class=\"elementor-element elementor-element-d6581ac elementor-widget elementor-widget-text-editor\" data-id=\"d6581ac\" data-element_type=\"widget\" data-widget_type=\"text-editor.default\">\n\t\t\t\t\t\t\t\t\t<p class=\"\" data-start=\"2938\" data-end=\"3161\">Med Husets AI-s\u00e4ljassistent och digitala visningar f\u00e5r ni inte bara en smart teknisk l\u00f6sning \u2013 ni f\u00e5r en professionell, skalbar kommunikationskanal som l\u00e5ter er fokusera p\u00e5 det som faktiskt kr\u00e4ver ert personliga engagemang.<\/p><p class=\"\" data-start=\"3163\" data-end=\"3248\"><strong data-start=\"3163\" data-end=\"3248\">Det \u00e4r tid att sluta svara p\u00e5 samma fr\u00e5gor \u2013 och b\u00f6rja l\u00e4gga tid p\u00e5 r\u00e4tt aff\u00e4rer.<\/strong><\/p>\t\t\t\t\t\t\t\t<\/div>\n\t\t\t\t\t<\/div>\n\t\t<\/div>\n\t\t\t\t\t<\/div>\n\t\t<\/section>\n\t\t\t\t<\/div>\n\t\t","protected":false},"excerpt":{"rendered":"<p>AI-s\u00e4ljassistenten &amp; digital visning \u2013 er mest effektiva f\u00f6rsta kontakt Att s\u00e4lja eller hyra ut en fastighet kr\u00e4ver snabbhet, noggrannhet och tillg\u00e4nglighet \u2013 men det ska inte beh\u00f6va ta all er tid. Med Husets digitala visningar och AI-s\u00e4ljassistent f\u00e5r ni en komplett l\u00f6sning som hanterar kundernas f\u00f6rsta kontakt, fr\u00e5gor och kvalificering \u2013 automatiskt, dygnet runt [&hellip;]<\/p>\n","protected":false},"author":25,"featured_media":0,"parent":0,"menu_order":0,"comment_status":"closed","ping_status":"closed","template":"template\/template-homepage.php","meta":{"_et_pb_use_builder":"","_et_pb_old_content":"","_et_gb_content_width":"","footnotes":""},"class_list":["post-27009","page","type-page","status-publish","hentry"],"_links":{"self":[{"href":"https:\/\/huset.se\/sv\/wp-json\/wp\/v2\/pages\/27009","targetHints":{"allow":["GET"]}}],"collection":[{"href":"https:\/\/huset.se\/sv\/wp-json\/wp\/v2\/pages"}],"about":[{"href":"https:\/\/huset.se\/sv\/wp-json\/wp\/v2\/types\/page"}],"author":[{"embeddable":true,"href":"https:\/\/huset.se\/sv\/wp-json\/wp\/v2\/users\/25"}],"replies":[{"embeddable":true,"href":"https:\/\/huset.se\/sv\/wp-json\/wp\/v2\/comments?post=27009"}],"version-history":[{"count":37,"href":"https:\/\/huset.se\/sv\/wp-json\/wp\/v2\/pages\/27009\/revisions"}],"predecessor-version":[{"id":27918,"href":"https:\/\/huset.se\/sv\/wp-json\/wp\/v2\/pages\/27009\/revisions\/27918"}],"wp:attachment":[{"href":"https:\/\/huset.se\/sv\/wp-json\/wp\/v2\/media?parent=27009"}],"curies":[{"name":"wp","href":"https:\/\/api.w.org\/{rel}","templated":true}]}}