{"id":25829,"date":"2024-04-28T20:46:41","date_gmt":"2024-04-28T18:46:41","guid":{"rendered":"https:\/\/huset.se\/?page_id=25829"},"modified":"2026-01-18T14:45:07","modified_gmt":"2026-01-18T13:45:07","slug":"om-oss","status":"publish","type":"page","link":"https:\/\/huset.se\/sv\/om-oss\/","title":{"rendered":"Om oss"},"content":{"rendered":"\t\t<div data-elementor-type=\"wp-page\" data-elementor-id=\"25829\" class=\"elementor elementor-25829\">\n\t\t\t\t\t\t<section class=\"elementor-section elementor-top-section elementor-element elementor-element-01bba8b elementor-section-content-middle elementor-section-boxed elementor-section-height-default elementor-section-height-default\" data-id=\"01bba8b\" data-element_type=\"section\" data-settings=\"{&quot;background_background&quot;:&quot;classic&quot;}\">\n\t\t\t\t\t\t\t<div class=\"elementor-background-overlay\"><\/div>\n\t\t\t\t\t\t\t<div class=\"elementor-container elementor-column-gap-no\">\n\t\t\t\t\t<div class=\"elementor-column elementor-col-100 elementor-top-column elementor-element elementor-element-1728e3e\" data-id=\"1728e3e\" data-element_type=\"column\">\n\t\t\t<div class=\"elementor-widget-wrap elementor-element-populated\">\n\t\t\t\t\t\t<section class=\"elementor-section elementor-inner-section elementor-element elementor-element-1932982 elementor-section-content-middle elementor-reverse-mobile elementor-section-boxed elementor-section-height-default elementor-section-height-default\" data-id=\"1932982\" data-element_type=\"section\">\n\t\t\t\t\t\t<div class=\"elementor-container elementor-column-gap-default\">\n\t\t\t\t\t<div class=\"elementor-column elementor-col-100 elementor-inner-column elementor-element elementor-element-8aa8083\" data-id=\"8aa8083\" data-element_type=\"column\">\n\t\t\t<div class=\"elementor-widget-wrap elementor-element-populated\">\n\t\t\t\t\t\t<div class=\"elementor-element elementor-element-064dc16 elementor-widget elementor-widget-text-editor\" data-id=\"064dc16\" data-element_type=\"widget\" data-widget_type=\"text-editor.default\">\n\t\t\t\t\t\t\t\t\t<p class=\"\" data-start=\"562\" data-end=\"624\">Huset \u2013 er partner i framtidens fastighetskommunikation<\/p>\t\t\t\t\t\t\t\t<\/div>\n\t\t\t\t<div class=\"elementor-element elementor-element-ea238c3 elementor-widget-tablet__width-initial elementor-widget elementor-widget-text-editor\" data-id=\"ea238c3\" data-element_type=\"widget\" data-widget_type=\"text-editor.default\">\n\t\t\t\t\t\t\t\t\t<p class=\"\" data-start=\"329\" data-end=\"619\">Huset \u00e4r en modern kommunikationsbyr\u00e5 och ett teknikdrivet IT-bolag med spetskompetens inom digital marknadsf\u00f6ring, fastighetskommunikation och avancerade tekniska l\u00f6sningar. V\u00e5rt uppdrag \u00e4r tydligt: vi skapar tid, trygghet och aff\u00e4rsv\u00e4rde f\u00f6r v\u00e5ra kunder.Genom att ta hand om det tekniska, kommunikativa och visuella \u2013 frig\u00f6r vi tid f\u00f6r er att fokusera p\u00e5 det ni g\u00f6r b\u00e4st: er verksamhet, era relationer och era aff\u00e4rer.<\/p>\t\t\t\t\t\t\t\t<\/div>\n\t\t\t\t\t<\/div>\n\t\t<\/div>\n\t\t\t\t\t<\/div>\n\t\t<\/section>\n\t\t\t\t\t<\/div>\n\t\t<\/div>\n\t\t\t\t\t<\/div>\n\t\t<\/section>\n\t\t\t\t<section class=\"elementor-section elementor-top-section elementor-element elementor-element-ced2d0c elementor-section-content-middle elementor-section-boxed elementor-section-height-default elementor-section-height-default\" data-id=\"ced2d0c\" data-element_type=\"section\" data-settings=\"{&quot;background_background&quot;:&quot;classic&quot;}\">\n\t\t\t\t\t\t\t<div class=\"elementor-background-overlay\"><\/div>\n\t\t\t\t\t\t\t<div class=\"elementor-container elementor-column-gap-no\">\n\t\t\t\t\t<div class=\"elementor-column elementor-col-100 elementor-top-column elementor-element elementor-element-9d960e8\" data-id=\"9d960e8\" data-element_type=\"column\">\n\t\t\t<div class=\"elementor-widget-wrap elementor-element-populated\">\n\t\t\t\t\t\t<section class=\"elementor-section elementor-inner-section elementor-element elementor-element-e9f7202 elementor-reverse-mobile elementor-section-full_width elementor-section-height-default elementor-section-height-default\" data-id=\"e9f7202\" data-element_type=\"section\">\n\t\t\t\t\t\t<div class=\"elementor-container elementor-column-gap-default\">\n\t\t\t\t\t<div class=\"elementor-column elementor-col-50 elementor-inner-column elementor-element elementor-element-d0a1a8d\" data-id=\"d0a1a8d\" data-element_type=\"column\">\n\t\t\t<div class=\"elementor-widget-wrap elementor-element-populated\">\n\t\t\t\t\t\t<div class=\"elementor-element elementor-element-39e7bbc elementor-widget elementor-widget-text-editor\" data-id=\"39e7bbc\" data-element_type=\"widget\" data-widget_type=\"text-editor.default\">\n\t\t\t\t\t\t\t\t\t<p class=\"\" data-start=\"562\" data-end=\"624\">Aff\u00e4rsid\u00e9 &amp; filosofi<\/p>\t\t\t\t\t\t\t\t<\/div>\n\t\t\t\t<div class=\"elementor-element elementor-element-c691101 elementor-widget elementor-widget-text-editor\" data-id=\"c691101\" data-element_type=\"widget\" data-widget_type=\"text-editor.default\">\n\t\t\t\t\t\t\t\t\t<p class=\"\" data-start=\"329\" data-end=\"619\">Hos Huset tror vi p\u00e5 l\u00e5ngsiktiga samarbeten d\u00e4r vi kompletterar v\u00e5ra kunders kompetens med v\u00e5r.Vi finns h\u00e4r f\u00f6r att st\u00f6tta \u2013 diskret och effektivt \u2013 i bakgrunden. V\u00e5ra flexibla l\u00f6sningar anpassas efter varje uppdrags unika behov, oavsett om det handlar om en helhetsl\u00f6sning eller enstaka tj\u00e4nster. <br \/><br \/>Ni kan anv\u00e4nda v\u00e5ra verktyg och expertis \u2013 utan att h\u00e4nvisa till v\u00e5rt namn. Det \u00e4r ert varum\u00e4rke som ska synas, v\u00e5r teknik som ska b\u00e4ra det.<\/p>\t\t\t\t\t\t\t\t<\/div>\n\t\t\t\t<div class=\"elementor-element elementor-element-186f2a4 elementor-widget elementor-widget-text-editor\" data-id=\"186f2a4\" data-element_type=\"widget\" data-widget_type=\"text-editor.default\">\n\t\t\t\t\t\t\t\t\t<p class=\"\" data-start=\"562\" data-end=\"624\">Resultatdriven metodik &amp; modern teknik<\/p>\t\t\t\t\t\t\t\t<\/div>\n\t\t\t\t<div class=\"elementor-element elementor-element-1af8b54 elementor-widget elementor-widget-text-editor\" data-id=\"1af8b54\" data-element_type=\"widget\" data-widget_type=\"text-editor.default\">\n\t\t\t\t\t\t\t\t\t<p class=\"\" data-start=\"329\" data-end=\"619\">Sedan starten har v\u00e5rt fokus varit att skapa effektiva metoder och digitala verktyg som hj\u00e4lper v\u00e5ra kunder att lyckas med sin fastighetsf\u00f6rs\u00e4ljning.Vi kombinerar strategisk kommunikation, banbrytande teknik och nyt\u00e4nkande marknadsf\u00f6ringskanaler \u2013 f\u00f6r att maximera varje objekts potential och \u00f6ka v\u00e4rdet i varje aff\u00e4r.Oavsett om det g\u00e4ller digitala visningar, VR, AR, interaktiva modeller eller kampanjproduktioner, levererar vi l\u00f6sningar i absolut toppklass \u2013 alltid med tydligt fokus p\u00e5 konvertering, varum\u00e4rkesstyrka och aff\u00e4rsnytta.<\/p>\t\t\t\t\t\t\t\t<\/div>\n\t\t\t\t\t<\/div>\n\t\t<\/div>\n\t\t\t\t<div class=\"elementor-column elementor-col-50 elementor-inner-column elementor-element elementor-element-be18a23 elementor-hidden-tablet elementor-hidden-mobile\" data-id=\"be18a23\" data-element_type=\"column\" data-settings=\"{&quot;background_background&quot;:&quot;classic&quot;}\">\n\t\t\t<div class=\"elementor-widget-wrap\">\n\t\t\t\t\t\t\t<\/div>\n\t\t<\/div>\n\t\t\t\t\t<\/div>\n\t\t<\/section>\n\t\t\t\t\t<\/div>\n\t\t<\/div>\n\t\t\t\t\t<\/div>\n\t\t<\/section>\n\t\t\t\t<section class=\"elementor-section elementor-top-section elementor-element elementor-element-55f71aa elementor-section-content-middle elementor-section-boxed elementor-section-height-default elementor-section-height-default\" data-id=\"55f71aa\" data-element_type=\"section\" data-settings=\"{&quot;background_background&quot;:&quot;classic&quot;}\">\n\t\t\t\t\t\t\t<div class=\"elementor-background-overlay\"><\/div>\n\t\t\t\t\t\t\t<div class=\"elementor-container elementor-column-gap-no\">\n\t\t\t\t\t<div class=\"elementor-column elementor-col-100 elementor-top-column elementor-element elementor-element-c6c3f6e\" data-id=\"c6c3f6e\" data-element_type=\"column\">\n\t\t\t<div class=\"elementor-widget-wrap elementor-element-populated\">\n\t\t\t\t\t\t<section class=\"elementor-section elementor-inner-section elementor-element elementor-element-1cd8171 elementor-reverse-mobile elementor-section-full_width elementor-hidden-tablet elementor-section-height-default elementor-section-height-default\" data-id=\"1cd8171\" data-element_type=\"section\">\n\t\t\t\t\t\t<div class=\"elementor-container elementor-column-gap-default\">\n\t\t\t\t\t<div class=\"elementor-column elementor-col-50 elementor-inner-column elementor-element elementor-element-57f6a71\" data-id=\"57f6a71\" data-element_type=\"column\">\n\t\t\t<div class=\"elementor-widget-wrap elementor-element-populated\">\n\t\t\t\t\t\t<div class=\"elementor-element elementor-element-a05179d elementor-widget elementor-widget-text-editor\" data-id=\"a05179d\" data-element_type=\"widget\" data-widget_type=\"text-editor.default\">\n\t\t\t\t\t\t\t\t\t<p class=\"\" data-start=\"562\" data-end=\"624\">F\u00f6ruts\u00e4ttningar f\u00f6r framg\u00e5ng \u2013 och m\u00e4nniskor bakom varje l\u00f6sning<\/p>\t\t\t\t\t\t\t\t<\/div>\n\t\t\t\t<div class=\"elementor-element elementor-element-f347400 elementor-widget elementor-widget-text-editor\" data-id=\"f347400\" data-element_type=\"widget\" data-widget_type=\"text-editor.default\">\n\t\t\t\t\t\t\t\t\t<p class=\"\" data-start=\"329\" data-end=\"619\">Vi vet att trygghet, tillg\u00e4nglighet och kvalitet \u00e4r avg\u00f6rande i varje samarbete.D\u00e4rf\u00f6r \u00e4r v\u00e5r arbetsprocess b\u00e5de transparent och f\u00f6rankrad i verkligheten \u2013 med tydlig struktur, tillg\u00e4nglig support och kontinuerlig \u00e5terkoppling.<\/p><p>V\u00e5ra medarbetare \u00e4r inte bara tekniskt kompetenta \u2013 de \u00e4r lyh\u00f6rda, l\u00f6sningsorienterade och engagerade i varje detalj.<\/p><p>Vi \u00e4r h\u00e4r f\u00f6r att f\u00f6rst\u00e5 er aff\u00e4r, l\u00f6sa era utmaningar och leverera ett resultat ni kan vara stolta \u00f6ver.<\/p>\t\t\t\t\t\t\t\t<\/div>\n\t\t\t\t<div class=\"elementor-element elementor-element-ccb3ab3 elementor-widget elementor-widget-text-editor\" data-id=\"ccb3ab3\" data-element_type=\"widget\" data-widget_type=\"text-editor.default\">\n\t\t\t\t\t\t\t\t\t<p class=\"\" data-start=\"562\" data-end=\"624\">Huset 4.0 \u2013 f\u00f6r fastighetsbranschens nya verklighet<\/p>\t\t\t\t\t\t\t\t<\/div>\n\t\t\t\t<div class=\"elementor-element elementor-element-3c2c600 elementor-widget elementor-widget-text-editor\" data-id=\"3c2c600\" data-element_type=\"widget\" data-widget_type=\"text-editor.default\">\n\t\t\t\t\t\t\t\t\t<p class=\"\" data-start=\"329\" data-end=\"619\">I en tid pr\u00e4glad av snabb digital utveckling \u00e4r Huset en nyckelspelare i den fj\u00e4rde industriella revolutionen inom fastighetsbranschen. Vi erbjuder exklusiva, skalbara l\u00f6sningar f\u00f6r fastighets\u00e4gare, m\u00e4klare och r\u00e5dgivare som vill st\u00e4rka sin position p\u00e5 marknaden.<br \/>\u00a0 \u00a0 \u00a0V\u00e5rt m\u00e5l \u00e4r att ge er de verktyg ni beh\u00f6ver \u2013 f\u00f6r att agera snabbare, kommunicera tydligare och prestera starkare i en st\u00e4ndigt f\u00f6r\u00e4nderlig marknad.<\/p><p>V\u00e4lkommen till Huset \u2013 d\u00e4r strategi m\u00f6ter teknik, och resultat blir verklighet.<\/p>\t\t\t\t\t\t\t\t<\/div>\n\t\t\t\t\t<\/div>\n\t\t<\/div>\n\t\t\t\t<div class=\"elementor-column elementor-col-50 elementor-inner-column elementor-element elementor-element-9e0f4ed elementor-hidden-tablet elementor-hidden-mobile\" data-id=\"9e0f4ed\" data-element_type=\"column\" data-settings=\"{&quot;background_background&quot;:&quot;classic&quot;}\">\n\t\t\t<div class=\"elementor-widget-wrap\">\n\t\t\t\t\t\t\t<\/div>\n\t\t<\/div>\n\t\t\t\t\t<\/div>\n\t\t<\/section>\n\t\t\t\t\t<\/div>\n\t\t<\/div>\n\t\t\t\t\t<\/div>\n\t\t<\/section>\n\t\t\t\t<section class=\"elementor-section elementor-top-section elementor-element elementor-element-9ee63ed elementor-section-content-middle elementor-hidden-desktop elementor-section-boxed elementor-section-height-default elementor-section-height-default\" data-id=\"9ee63ed\" data-element_type=\"section\" data-settings=\"{&quot;background_background&quot;:&quot;classic&quot;}\">\n\t\t\t\t\t\t<div class=\"elementor-container elementor-column-gap-no\">\n\t\t\t\t\t<div class=\"elementor-column elementor-col-50 elementor-top-column elementor-element elementor-element-f654c70\" data-id=\"f654c70\" data-element_type=\"column\">\n\t\t\t<div class=\"elementor-widget-wrap elementor-element-populated\">\n\t\t\t\t\t\t<div class=\"elementor-element elementor-element-145e8db elementor-widget elementor-widget-image\" data-id=\"145e8db\" data-element_type=\"widget\" data-widget_type=\"image.default\">\n\t\t\t\t\t\t\t\t\t\t\t\t\t\t\t<img fetchpriority=\"high\" fetchpriority=\"high\" decoding=\"async\" width=\"1536\" height=\"1024\" src=\"https:\/\/huset.se\/wp-content\/uploads\/2025\/04\/Mojligheter-start.jpg\" class=\"elementor-animation-grow attachment-full size-full wp-image-26817\" alt=\"Mysig och v\u00e4lkomnande vardagsrum med elegant m\u00f6belsetup.\" srcset=\"https:\/\/huset.se\/wp-content\/uploads\/2025\/04\/Mojligheter-start.jpg 1536w, https:\/\/huset.se\/wp-content\/uploads\/2025\/04\/Mojligheter-start-300x200.jpg 300w, https:\/\/huset.se\/wp-content\/uploads\/2025\/04\/Mojligheter-start-1024x683.jpg 1024w, https:\/\/huset.se\/wp-content\/uploads\/2025\/04\/Mojligheter-start-768x512.jpg 768w, https:\/\/huset.se\/wp-content\/uploads\/2025\/04\/Mojligheter-start-900x600.jpg 900w, https:\/\/huset.se\/wp-content\/uploads\/2025\/04\/Mojligheter-start-496x331.jpg 496w\" sizes=\"(max-width: 1536px) 100vw, 1536px\" \/>\t\t\t\t\t\t\t\t\t\t\t\t\t\t\t<\/div>\n\t\t\t\t<div class=\"elementor-element elementor-element-16b5a2f elementor-widget elementor-widget-text-editor\" data-id=\"16b5a2f\" data-element_type=\"widget\" data-widget_type=\"text-editor.default\">\n\t\t\t\t\t\t\t\t\t<p class=\"\" data-start=\"562\" data-end=\"624\">F\u00f6ruts\u00e4ttningar f\u00f6r framg\u00e5ng \u2013 och m\u00e4nniskor bakom varje l\u00f6sning<\/p>\t\t\t\t\t\t\t\t<\/div>\n\t\t\t\t<div class=\"elementor-element elementor-element-2aff96d elementor-widget elementor-widget-text-editor\" data-id=\"2aff96d\" data-element_type=\"widget\" data-widget_type=\"text-editor.default\">\n\t\t\t\t\t\t\t\t\t<p class=\"\" data-start=\"329\" data-end=\"619\">Vi vet att trygghet, tillg\u00e4nglighet och kvalitet \u00e4r avg\u00f6rande i varje samarbete.D\u00e4rf\u00f6r \u00e4r v\u00e5r arbetsprocess b\u00e5de transparent och f\u00f6rankrad i verkligheten \u2013 med tydlig struktur, tillg\u00e4nglig support och kontinuerlig \u00e5terkoppling.<\/p><p>V\u00e5ra medarbetare \u00e4r inte bara tekniskt kompetenta \u2013 de \u00e4r lyh\u00f6rda, l\u00f6sningsorienterade och engagerade i varje detalj.<\/p><p>Vi \u00e4r h\u00e4r f\u00f6r att f\u00f6rst\u00e5 er aff\u00e4r, l\u00f6sa era utmaningar och leverera ett resultat ni kan vara stolta \u00f6ver.<\/p>\t\t\t\t\t\t\t\t<\/div>\n\t\t\t\t\t<\/div>\n\t\t<\/div>\n\t\t\t\t<div class=\"elementor-column elementor-col-50 elementor-top-column elementor-element elementor-element-1545c09\" data-id=\"1545c09\" data-element_type=\"column\">\n\t\t\t<div class=\"elementor-widget-wrap elementor-element-populated\">\n\t\t\t\t\t\t<div class=\"elementor-element elementor-element-ac65358 elementor-widget elementor-widget-image\" data-id=\"ac65358\" data-element_type=\"widget\" data-widget_type=\"image.default\">\n\t\t\t\t\t\t\t\t\t\t\t\t\t\t\t<img decoding=\"async\" src=\"https:\/\/huset.se\/wp-content\/uploads\/2022\/10\/Butik-50-50-scaled.jpg\" title=\"Butik 50-50\" alt=\"Butik 50-50\" class=\"elementor-animation-grow\" loading=\"lazy\" \/>\t\t\t\t\t\t\t\t\t\t\t\t\t\t\t<\/div>\n\t\t\t\t<div class=\"elementor-element elementor-element-7070321 elementor-widget elementor-widget-text-editor\" data-id=\"7070321\" data-element_type=\"widget\" data-widget_type=\"text-editor.default\">\n\t\t\t\t\t\t\t\t\t<p class=\"\" data-start=\"562\" data-end=\"624\">Huset 4.0 \u2013 f\u00f6r fastighetsbranschens nya verklighet<\/p>\t\t\t\t\t\t\t\t<\/div>\n\t\t\t\t<div class=\"elementor-element elementor-element-487fc6b elementor-widget elementor-widget-text-editor\" data-id=\"487fc6b\" data-element_type=\"widget\" data-widget_type=\"text-editor.default\">\n\t\t\t\t\t\t\t\t\t<p class=\"\" data-start=\"329\" data-end=\"619\">I en tid pr\u00e4glad av snabb digital utveckling \u00e4r Huset en nyckelspelare i den fj\u00e4rde industriella revolutionen inom fastighetsbranschen. Vi erbjuder exklusiva, skalbara l\u00f6sningar f\u00f6r fastighets\u00e4gare, m\u00e4klare och r\u00e5dgivare som vill st\u00e4rka sin position p\u00e5 marknaden.<br \/>\u00a0 \u00a0 \u00a0V\u00e5rt m\u00e5l \u00e4r att ge er de verktyg ni beh\u00f6ver \u2013 f\u00f6r att agera snabbare, kommunicera tydligare och prestera starkare i en st\u00e4ndigt f\u00f6r\u00e4nderlig marknad.<\/p><p>V\u00e4lkommen till Huset \u2013 d\u00e4r strategi m\u00f6ter teknik, och resultat blir verklighet.<\/p>\t\t\t\t\t\t\t\t<\/div>\n\t\t\t\t\t<\/div>\n\t\t<\/div>\n\t\t\t\t\t<\/div>\n\t\t<\/section>\n\t\t\t\t<\/div>\n\t\t","protected":false},"excerpt":{"rendered":"<p>Huset \u2013 er partner i framtidens fastighetskommunikation Huset \u00e4r en modern kommunikationsbyr\u00e5 och ett teknikdrivet IT-bolag med spetskompetens inom digital marknadsf\u00f6ring, fastighetskommunikation och avancerade tekniska l\u00f6sningar. V\u00e5rt uppdrag \u00e4r tydligt: vi skapar tid, trygghet och aff\u00e4rsv\u00e4rde f\u00f6r v\u00e5ra kunder.Genom att ta hand om det tekniska, kommunikativa och visuella \u2013 frig\u00f6r vi tid f\u00f6r er att [&hellip;]<\/p>\n","protected":false},"author":25,"featured_media":0,"parent":0,"menu_order":0,"comment_status":"closed","ping_status":"closed","template":"elementor_header_footer","meta":{"_et_pb_use_builder":"","_et_pb_old_content":"","_et_gb_content_width":"","footnotes":""},"class_list":["post-25829","page","type-page","status-publish","hentry"],"_links":{"self":[{"href":"https:\/\/huset.se\/sv\/wp-json\/wp\/v2\/pages\/25829","targetHints":{"allow":["GET"]}}],"collection":[{"href":"https:\/\/huset.se\/sv\/wp-json\/wp\/v2\/pages"}],"about":[{"href":"https:\/\/huset.se\/sv\/wp-json\/wp\/v2\/types\/page"}],"author":[{"embeddable":true,"href":"https:\/\/huset.se\/sv\/wp-json\/wp\/v2\/users\/25"}],"replies":[{"embeddable":true,"href":"https:\/\/huset.se\/sv\/wp-json\/wp\/v2\/comments?post=25829"}],"version-history":[{"count":57,"href":"https:\/\/huset.se\/sv\/wp-json\/wp\/v2\/pages\/25829\/revisions"}],"predecessor-version":[{"id":28396,"href":"https:\/\/huset.se\/sv\/wp-json\/wp\/v2\/pages\/25829\/revisions\/28396"}],"wp:attachment":[{"href":"https:\/\/huset.se\/sv\/wp-json\/wp\/v2\/media?parent=25829"}],"curies":[{"name":"wp","href":"https:\/\/api.w.org\/{rel}","templated":true}]}}