{"id":23899,"date":"2023-12-27T13:40:20","date_gmt":"2023-12-27T12:40:20","guid":{"rendered":"https:\/\/huset.se\/?page_id=23899"},"modified":"2025-05-23T12:58:46","modified_gmt":"2025-05-23T10:58:46","slug":"fler-potentiella-kopare","status":"publish","type":"page","link":"https:\/\/huset.se\/sv\/fler-potentiella-kopare\/","title":{"rendered":"Fler Potentiella K\u00f6pare"},"content":{"rendered":"\t\t<div data-elementor-type=\"wp-page\" data-elementor-id=\"23899\" class=\"elementor elementor-23899\">\n\t\t\t\t\t\t<section class=\"elementor-section elementor-top-section elementor-element elementor-element-c64906b elementor-section-content-middle elementor-section-boxed elementor-section-height-default elementor-section-height-default\" data-id=\"c64906b\" data-element_type=\"section\" data-settings=\"{&quot;background_background&quot;:&quot;classic&quot;}\">\n\t\t\t\t\t\t<div class=\"elementor-container elementor-column-gap-no\">\n\t\t\t\t\t<div class=\"elementor-column elementor-col-50 elementor-top-column elementor-element elementor-element-f48650e\" data-id=\"f48650e\" data-element_type=\"column\">\n\t\t\t<div class=\"elementor-widget-wrap elementor-element-populated\">\n\t\t\t\t\t\t<div class=\"elementor-element elementor-element-05a27e6 elementor-widget elementor-widget-text-editor\" data-id=\"05a27e6\" data-element_type=\"widget\" data-widget_type=\"text-editor.default\">\n\t\t\t\t\t\t\t\t\t<p>Interaktiva verktyg<\/p>\t\t\t\t\t\t\t\t<\/div>\n\t\t\t\t<div class=\"elementor-element elementor-element-e9f9023 elementor-widget elementor-widget-heading\" data-id=\"e9f9023\" data-element_type=\"widget\" data-widget_type=\"heading.default\">\n\t\t\t\t\t<h2 class=\"elementor-heading-title elementor-size-default\">Digital visning med spr\u00e5k\u00f6vers\u00e4ttning<\/h2>\t\t\t\t<\/div>\n\t\t\t\t<div class=\"elementor-element elementor-element-5c381d6 elementor-widget-divider--view-line elementor-widget elementor-widget-divider\" data-id=\"5c381d6\" data-element_type=\"widget\" data-widget_type=\"divider.default\">\n\t\t\t\t\t\t\t<div class=\"elementor-divider\">\n\t\t\t<span class=\"elementor-divider-separator\">\n\t\t\t\t\t\t<\/span>\n\t\t<\/div>\n\t\t\t\t\t\t<\/div>\n\t\t\t\t\t<\/div>\n\t\t<\/div>\n\t\t\t\t<div class=\"elementor-column elementor-col-50 elementor-top-column elementor-element elementor-element-e8f7acb\" data-id=\"e8f7acb\" data-element_type=\"column\">\n\t\t\t<div class=\"elementor-widget-wrap elementor-element-populated\">\n\t\t\t\t\t\t<div class=\"elementor-element elementor-element-4ad241f elementor-widget elementor-widget-image\" data-id=\"4ad241f\" data-element_type=\"widget\" data-widget_type=\"image.default\">\n\t\t\t\t\t\t\t\t\t\t\t\t\t\t\t<img decoding=\"async\" src=\"https:\/\/huset.se\/wp-content\/uploads\/2025\/05\/sprakoversattning-av-digitala-visningar-2.jpg\" title=\"Spr\u00e5k\u00f6vers\u00e4ttning.\" alt=\"M\u00e5ngspr\u00e5kig \u00f6vers\u00e4ttning f\u00f6r f\u00f6retag och privatekonomi.\" class=\"elementor-animation-grow\" loading=\"lazy\" \/>\t\t\t\t\t\t\t\t\t\t\t\t\t\t\t<\/div>\n\t\t\t\t\t<\/div>\n\t\t<\/div>\n\t\t\t\t\t<\/div>\n\t\t<\/section>\n\t\t\t\t<section class=\"elementor-section elementor-top-section elementor-element elementor-element-381f478 elementor-reverse-tablet elementor-reverse-mobile elementor-section-boxed elementor-section-height-default elementor-section-height-default\" data-id=\"381f478\" data-element_type=\"section\" data-settings=\"{&quot;background_background&quot;:&quot;classic&quot;}\">\n\t\t\t\t\t\t<div class=\"elementor-container elementor-column-gap-default\">\n\t\t\t\t\t<div class=\"elementor-column elementor-col-100 elementor-top-column elementor-element elementor-element-25679dc\" data-id=\"25679dc\" data-element_type=\"column\" data-settings=\"{&quot;background_background&quot;:&quot;classic&quot;}\">\n\t\t\t<div class=\"elementor-widget-wrap elementor-element-populated\">\n\t\t\t\t\t\t<div class=\"elementor-element elementor-element-606c93c elementor-widget elementor-widget-spacer\" data-id=\"606c93c\" data-element_type=\"widget\" data-widget_type=\"spacer.default\">\n\t\t\t\t\t\t\t<div class=\"elementor-spacer\">\n\t\t\t<div class=\"elementor-spacer-inner\"><\/div>\n\t\t<\/div>\n\t\t\t\t\t\t<\/div>\n\t\t\t\t<div class=\"elementor-element elementor-element-b1ab99e elementor-widget elementor-widget-heading\" data-id=\"b1ab99e\" data-element_type=\"widget\" data-widget_type=\"heading.default\">\n\t\t\t\t\t<h2 class=\"elementor-heading-title elementor-size-default\">\u00d6ppna d\u00f6rren till internationella k\u00f6pare<\/h2>\t\t\t\t<\/div>\n\t\t\t\t<div class=\"elementor-element elementor-element-004b2da elementor-widget-divider--view-line elementor-widget elementor-widget-divider\" data-id=\"004b2da\" data-element_type=\"widget\" data-widget_type=\"divider.default\">\n\t\t\t\t\t\t\t<div class=\"elementor-divider\">\n\t\t\t<span class=\"elementor-divider-separator\">\n\t\t\t\t\t\t<\/span>\n\t\t<\/div>\n\t\t\t\t\t\t<\/div>\n\t\t\t\t<div class=\"elementor-element elementor-element-6a515db elementor-widget elementor-widget-text-editor\" data-id=\"6a515db\" data-element_type=\"widget\" data-widget_type=\"text-editor.default\">\n\t\t\t\t\t\t\t\t\t<p data-start=\"183\" data-end=\"401\">I en allt mer globaliserad marknad r\u00e4cker det inte att synas \u2013 man m\u00e5ste f\u00f6rst\u00e5s.<br data-start=\"264\" data-end=\"267\" \/>Med <strong data-start=\"271\" data-end=\"304\">Husets flerspr\u00e5kiga l\u00f6sningar<\/strong> g\u00f6r ni ert objekt tillg\u00e4ngligt f\u00f6r spekulanter v\u00e4rlden \u00f6ver \u2013 utan att de beh\u00f6ver resa en meter.<\/p><p data-start=\"403\" data-end=\"646\">V\u00e5ra spr\u00e5kexperter \u00f6vers\u00e4tter <strong data-start=\"433\" data-end=\"500\">objektbeskrivningar, personliga h\u00e4lsningar och ljudinspelningar<\/strong> till ett flertal spr\u00e5k, s\u00e5 att presentationen av bostaden eller lokalen blir lika personlig, inbjudande och tydlig oavsett mottagarens modersm\u00e5l.<\/p><p data-start=\"648\" data-end=\"833\">I kombination med v\u00e5ra digitala visningar skapar detta en helhetsupplevelse som andas <strong data-start=\"734\" data-end=\"781\">tillg\u00e4nglighet, professionalism och omtanke<\/strong> \u2013 n\u00e5got som \u00e4r avg\u00f6rande i internationella aff\u00e4rer.<\/p>\t\t\t\t\t\t\t\t<\/div>\n\t\t\t\t\t<\/div>\n\t\t<\/div>\n\t\t\t\t\t<\/div>\n\t\t<\/section>\n\t\t\t\t<section class=\"elementor-section elementor-top-section elementor-element elementor-element-cceaabf elementor-section-full_width elementor-section-height-default elementor-section-height-default\" data-id=\"cceaabf\" data-element_type=\"section\" data-settings=\"{&quot;background_background&quot;:&quot;classic&quot;}\">\n\t\t\t\t\t\t<div class=\"elementor-container elementor-column-gap-default\">\n\t\t\t\t\t<div class=\"elementor-column elementor-col-50 elementor-top-column elementor-element elementor-element-c399545\" data-id=\"c399545\" data-element_type=\"column\">\n\t\t\t<div class=\"elementor-widget-wrap elementor-element-populated\">\n\t\t\t\t\t\t<div class=\"elementor-element elementor-element-1b3fe22 elementor-widget elementor-widget-spacer\" data-id=\"1b3fe22\" data-element_type=\"widget\" data-widget_type=\"spacer.default\">\n\t\t\t\t\t\t\t<div class=\"elementor-spacer\">\n\t\t\t<div class=\"elementor-spacer-inner\"><\/div>\n\t\t<\/div>\n\t\t\t\t\t\t<\/div>\n\t\t\t\t<div class=\"elementor-element elementor-element-66817a4 elementor-widget elementor-widget-html\" data-id=\"66817a4\" data-element_type=\"widget\" data-widget_type=\"html.default\">\n\t\t\t\t\t<div style=\"position:relative;padding-top:56.25%;\"><iframe src=\"https:\/\/iframe.mediadelivery.net\/embed\/230487\/b80271e7-f365-44d8-a12f-1532185d2555?autoplay=false&loop=false&muted=false&preload=true&responsive=true\" loading=\"lazy\" style=\"border:0;position:absolute;top:0;height:100%;width:100%;\" allow=\"accelerometer;gyroscope;autoplay;encrypted-media;picture-in-picture;\" allowfullscreen=\"true\"><\/iframe><\/div>\t\t\t\t<\/div>\n\t\t\t\t\t<\/div>\n\t\t<\/div>\n\t\t\t\t<div class=\"elementor-column elementor-col-50 elementor-top-column elementor-element elementor-element-bb7423a\" data-id=\"bb7423a\" data-element_type=\"column\">\n\t\t\t<div class=\"elementor-widget-wrap elementor-element-populated\">\n\t\t\t\t\t\t<div class=\"elementor-element elementor-element-697f774 elementor-widget elementor-widget-spacer\" data-id=\"697f774\" data-element_type=\"widget\" data-widget_type=\"spacer.default\">\n\t\t\t\t\t\t\t<div class=\"elementor-spacer\">\n\t\t\t<div class=\"elementor-spacer-inner\"><\/div>\n\t\t<\/div>\n\t\t\t\t\t\t<\/div>\n\t\t\t\t<div class=\"elementor-element elementor-element-21aee43 elementor-widget elementor-widget-heading\" data-id=\"21aee43\" data-element_type=\"widget\" data-widget_type=\"heading.default\">\n\t\t\t\t\t<h2 class=\"elementor-heading-title elementor-size-default\">F\u00f6r kommersiella fastigheter<\/h2>\t\t\t\t<\/div>\n\t\t\t\t<div class=\"elementor-element elementor-element-89db28b elementor-widget elementor-widget-text-editor\" data-id=\"89db28b\" data-element_type=\"widget\" data-widget_type=\"text-editor.default\">\n\t\t\t\t\t\t\t\t\t<p>Presentationer med precision \u2013 f\u00f6r fastigheter som f\u00f6rtj\u00e4nar det b\u00e4sta<\/p>\t\t\t\t\t\t\t\t<\/div>\n\t\t\t\t<div class=\"elementor-element elementor-element-6634710 elementor-widget elementor-widget-text-editor\" data-id=\"6634710\" data-element_type=\"widget\" data-widget_type=\"text-editor.default\">\n\t\t\t\t\t\t\t\t\t<p data-start=\"316\" data-end=\"616\">N\u00e4r varje detalj spelar roll, kr\u00e4vs mer \u00e4n bara en visning \u2013 det kr\u00e4vs en upplevelse.<br data-start=\"401\" data-end=\"404\" \/>Med Husets avancerade teknik, visuella formspr\u00e5k och spr\u00e5kanpassade kommunikation skapar vi <strong data-start=\"496\" data-end=\"528\">skr\u00e4ddarsydda presentationer<\/strong> som lyfter fram era kommersiella fastigheter med den v\u00e4rdighet och sk\u00e4rpa de f\u00f6rtj\u00e4nar.<\/p><p data-start=\"618\" data-end=\"810\">Fr\u00e5n internationellt riktade objektbeskrivningar till digitala rundvandringar i h\u00f6gsta kvalitet \u2013 varje framst\u00e4llning \u00e4r utformad f\u00f6r att tala till r\u00e4tt publik, p\u00e5 r\u00e4tt spr\u00e5k, med r\u00e4tt k\u00e4nsla.<\/p><p data-start=\"812\" data-end=\"932\"><strong data-start=\"812\" data-end=\"932\">Vi speglar ert varum\u00e4rkes styrka i varje sekvens \u2013 och levererar en presentation som b\u00e5de imponerar och konverterar.<\/strong><\/p>\t\t\t\t\t\t\t\t<\/div>\n\t\t\t\t\t<\/div>\n\t\t<\/div>\n\t\t\t\t\t<\/div>\n\t\t<\/section>\n\t\t\t\t<section class=\"elementor-section elementor-top-section elementor-element elementor-element-4adfb18 elementor-section-boxed elementor-section-height-default elementor-section-height-default\" data-id=\"4adfb18\" data-element_type=\"section\" data-settings=\"{&quot;background_background&quot;:&quot;classic&quot;}\">\n\t\t\t\t\t\t<div class=\"elementor-container elementor-column-gap-default\">\n\t\t\t\t\t<div class=\"elementor-column elementor-col-100 elementor-top-column elementor-element elementor-element-c1f9acc\" data-id=\"c1f9acc\" data-element_type=\"column\">\n\t\t\t<div class=\"elementor-widget-wrap elementor-element-populated\">\n\t\t\t\t\t\t<div class=\"elementor-element elementor-element-0f7b9b2 elementor-widget elementor-widget-spacer\" data-id=\"0f7b9b2\" data-element_type=\"widget\" data-widget_type=\"spacer.default\">\n\t\t\t\t\t\t\t<div class=\"elementor-spacer\">\n\t\t\t<div class=\"elementor-spacer-inner\"><\/div>\n\t\t<\/div>\n\t\t\t\t\t\t<\/div>\n\t\t\t\t\t<\/div>\n\t\t<\/div>\n\t\t\t\t\t<\/div>\n\t\t<\/section>\n\t\t\t\t<section class=\"elementor-section elementor-top-section elementor-element elementor-element-140d22b elementor-section-full_width elementor-section-height-default elementor-section-height-default\" data-id=\"140d22b\" data-element_type=\"section\" data-settings=\"{&quot;background_background&quot;:&quot;classic&quot;}\">\n\t\t\t\t\t\t<div class=\"elementor-container elementor-column-gap-default\">\n\t\t\t\t\t<div class=\"elementor-column elementor-col-50 elementor-top-column elementor-element elementor-element-f84527c\" data-id=\"f84527c\" data-element_type=\"column\">\n\t\t\t<div class=\"elementor-widget-wrap elementor-element-populated\">\n\t\t\t\t\t\t<div class=\"elementor-element elementor-element-f346043 elementor-widget elementor-widget-spacer\" data-id=\"f346043\" data-element_type=\"widget\" data-widget_type=\"spacer.default\">\n\t\t\t\t\t\t\t<div class=\"elementor-spacer\">\n\t\t\t<div class=\"elementor-spacer-inner\"><\/div>\n\t\t<\/div>\n\t\t\t\t\t\t<\/div>\n\t\t\t\t<div class=\"elementor-element elementor-element-9064b67 elementor-widget elementor-widget-html\" data-id=\"9064b67\" data-element_type=\"widget\" data-widget_type=\"html.default\">\n\t\t\t\t\t<div style=\"position:relative;padding-top:56.25%;\"><iframe src=\"https:\/\/iframe.mediadelivery.net\/embed\/230487\/62d6dc9d-3009-40d3-bc7d-ee72f7535d51?autoplay=false&loop=false&muted=false&preload=true&responsive=true\" loading=\"lazy\" style=\"border:0;position:absolute;top:0;height:100%;width:100%;\" allow=\"accelerometer;gyroscope;autoplay;encrypted-media;picture-in-picture;\" allowfullscreen=\"true\"><\/iframe><\/div>\t\t\t\t<\/div>\n\t\t\t\t\t<\/div>\n\t\t<\/div>\n\t\t\t\t<div class=\"elementor-column elementor-col-50 elementor-top-column elementor-element elementor-element-8cc186c\" data-id=\"8cc186c\" data-element_type=\"column\">\n\t\t\t<div class=\"elementor-widget-wrap elementor-element-populated\">\n\t\t\t\t\t\t<div class=\"elementor-element elementor-element-bdafc25 elementor-widget elementor-widget-spacer\" data-id=\"bdafc25\" data-element_type=\"widget\" data-widget_type=\"spacer.default\">\n\t\t\t\t\t\t\t<div class=\"elementor-spacer\">\n\t\t\t<div class=\"elementor-spacer-inner\"><\/div>\n\t\t<\/div>\n\t\t\t\t\t\t<\/div>\n\t\t\t\t<div class=\"elementor-element elementor-element-f7a1f80 elementor-widget elementor-widget-heading\" data-id=\"f7a1f80\" data-element_type=\"widget\" data-widget_type=\"heading.default\">\n\t\t\t\t\t<h2 class=\"elementor-heading-title elementor-size-default\">F\u00f6r Privata fastigheter<\/h2>\t\t\t\t<\/div>\n\t\t\t\t<div class=\"elementor-element elementor-element-6153dca elementor-widget elementor-widget-text-editor\" data-id=\"6153dca\" data-element_type=\"widget\" data-widget_type=\"text-editor.default\">\n\t\t\t\t\t\t\t\t\t<p>G\u00f6r din kommersiella fastighet tillg\u00e4nglig f\u00f6r k\u00f6pare v\u00e4rlden \u00f6verPresentationer som talar till hj\u00e4rtat \u2013 p\u00e5 flera spr\u00e5k<\/p>\t\t\t\t\t\t\t\t<\/div>\n\t\t\t\t<div class=\"elementor-element elementor-element-eb1d646 elementor-widget elementor-widget-text-editor\" data-id=\"eb1d646\" data-element_type=\"widget\" data-widget_type=\"text-editor.default\">\n\t\t\t\t\t\t\t\t\t<p data-start=\"251\" data-end=\"468\">Med v\u00e5r teknik, expertis och spr\u00e5kliga r\u00e4ckvidd hj\u00e4lper vi er att skapa eleganta, engagerande och visuellt sofistikerade presentationer av privata bost\u00e4der \u2013 oavsett om det g\u00e4ller en v\u00e5ning, villa eller fritidsbostad.<\/p><p data-start=\"470\" data-end=\"699\">Varje visning och varje \u00f6versatt detalj speglar den kvalitet, omtanke och stil som ert varum\u00e4rke f\u00f6rmedlar \u2013 fr\u00e5n f\u00f6rsta \u00f6gonblick till sista intryck.<br data-start=\"620\" data-end=\"623\" \/>Allt f\u00f6r att ni ska kunna m\u00f6ta r\u00e4tt k\u00f6pare, p\u00e5 r\u00e4tt spr\u00e5k \u2013 med r\u00e4tt k\u00e4nsla.<\/p>\t\t\t\t\t\t\t\t<\/div>\n\t\t\t\t\t<\/div>\n\t\t<\/div>\n\t\t\t\t\t<\/div>\n\t\t<\/section>\n\t\t\t\t<\/div>\n\t\t","protected":false},"excerpt":{"rendered":"<p>Interaktiva verktyg Digital visning med spr\u00e5k\u00f6vers\u00e4ttning \u00d6ppna d\u00f6rren till internationella k\u00f6pare I en allt mer globaliserad marknad r\u00e4cker det inte att synas \u2013 man m\u00e5ste f\u00f6rst\u00e5s.Med Husets flerspr\u00e5kiga l\u00f6sningar g\u00f6r ni ert objekt tillg\u00e4ngligt f\u00f6r spekulanter v\u00e4rlden \u00f6ver \u2013 utan att de beh\u00f6ver resa en meter. V\u00e5ra spr\u00e5kexperter \u00f6vers\u00e4tter objektbeskrivningar, personliga h\u00e4lsningar och ljudinspelningar till [&hellip;]<\/p>\n","protected":false},"author":26,"featured_media":0,"parent":0,"menu_order":0,"comment_status":"closed","ping_status":"closed","template":"template\/template-homepage.php","meta":{"_et_pb_use_builder":"","_et_pb_old_content":"","_et_gb_content_width":"","footnotes":""},"class_list":["post-23899","page","type-page","status-publish","hentry"],"_links":{"self":[{"href":"https:\/\/huset.se\/sv\/wp-json\/wp\/v2\/pages\/23899","targetHints":{"allow":["GET"]}}],"collection":[{"href":"https:\/\/huset.se\/sv\/wp-json\/wp\/v2\/pages"}],"about":[{"href":"https:\/\/huset.se\/sv\/wp-json\/wp\/v2\/types\/page"}],"author":[{"embeddable":true,"href":"https:\/\/huset.se\/sv\/wp-json\/wp\/v2\/users\/26"}],"replies":[{"embeddable":true,"href":"https:\/\/huset.se\/sv\/wp-json\/wp\/v2\/comments?post=23899"}],"version-history":[{"count":6,"href":"https:\/\/huset.se\/sv\/wp-json\/wp\/v2\/pages\/23899\/revisions"}],"predecessor-version":[{"id":27755,"href":"https:\/\/huset.se\/sv\/wp-json\/wp\/v2\/pages\/23899\/revisions\/27755"}],"wp:attachment":[{"href":"https:\/\/huset.se\/sv\/wp-json\/wp\/v2\/media?parent=23899"}],"curies":[{"name":"wp","href":"https:\/\/api.w.org\/{rel}","templated":true}]}}