{"id":23765,"date":"2023-12-26T19:15:55","date_gmt":"2023-12-26T18:15:55","guid":{"rendered":"https:\/\/huset.se\/?page_id=23765"},"modified":"2024-04-13T18:55:48","modified_gmt":"2024-04-13T16:55:48","slug":"lets-take-a-walk","status":"publish","type":"page","link":"https:\/\/huset.se\/sv\/lets-take-a-walk\/","title":{"rendered":"Let&#8217;s take a walk!"},"content":{"rendered":"\t\t<div data-elementor-type=\"wp-page\" data-elementor-id=\"23765\" class=\"elementor elementor-23765\">\n\t\t\t\t\t\t<section class=\"elementor-section elementor-top-section elementor-element elementor-element-c5b647a elementor-section-boxed elementor-section-height-default elementor-section-height-default\" data-id=\"c5b647a\" data-element_type=\"section\" data-settings=\"{&quot;background_background&quot;:&quot;classic&quot;}\">\n\t\t\t\t\t\t<div class=\"elementor-container elementor-column-gap-default\">\n\t\t\t\t\t<div class=\"elementor-column elementor-col-100 elementor-top-column elementor-element elementor-element-4864c08\" data-id=\"4864c08\" data-element_type=\"column\">\n\t\t\t<div class=\"elementor-widget-wrap elementor-element-populated\">\n\t\t\t\t\t\t<div class=\"elementor-element elementor-element-ab55784 elementor-widget elementor-widget-spacer\" data-id=\"ab55784\" data-element_type=\"widget\" data-widget_type=\"spacer.default\">\n\t\t\t\t\t\t\t<div class=\"elementor-spacer\">\n\t\t\t<div class=\"elementor-spacer-inner\"><\/div>\n\t\t<\/div>\n\t\t\t\t\t\t<\/div>\n\t\t\t\t<div class=\"elementor-element elementor-element-b5ea1ea elementor-widget elementor-widget-heading\" data-id=\"b5ea1ea\" data-element_type=\"widget\" data-widget_type=\"heading.default\">\n\t\t\t\t\t<h2 class=\"elementor-heading-title elementor-size-default\">Let's take a walk!<\/h2>\t\t\t\t<\/div>\n\t\t\t\t<div class=\"elementor-element elementor-element-54ab209 elementor-widget-divider--view-line elementor-widget elementor-widget-divider\" data-id=\"54ab209\" data-element_type=\"widget\" data-widget_type=\"divider.default\">\n\t\t\t\t\t\t\t<div class=\"elementor-divider\">\n\t\t\t<span class=\"elementor-divider-separator\">\n\t\t\t\t\t\t<\/span>\n\t\t<\/div>\n\t\t\t\t\t\t<\/div>\n\t\t\t\t<div class=\"elementor-element elementor-element-46ec174 elementor-widget elementor-widget-shortcode\" data-id=\"46ec174\" data-element_type=\"widget\" data-widget_type=\"shortcode.default\">\n\t\t\t\t\t\t\t<div class=\"elementor-shortcode\"><div style=\"position:relative;padding-top:56.25%;\"><iframe src=\"https:\/\/iframe.mediadelivery.net\/embed\/230487\/ccbb3812-0c1f-4673-a2a3-7e2a852feb46?autoplay=false&loop=false&muted=false&preload=true&responsive=true\" loading=\"lazy\" style=\"border:0;position:absolute;top:0;height:100%;width:100%;\" allow=\"accelerometer;gyroscope;autoplay;encrypted-media;picture-in-picture;\" allowfullscreen=\"true\"><\/iframe><\/div><\/div>\n\t\t\t\t\t\t<\/div>\n\t\t\t\t<div class=\"elementor-element elementor-element-5a58969 elementor-drop-cap-yes elementor-drop-cap-view-default elementor-widget elementor-widget-text-editor\" data-id=\"5a58969\" data-element_type=\"widget\" data-settings=\"{&quot;drop_cap&quot;:&quot;yes&quot;}\" data-widget_type=\"text-editor.default\">\n\t\t\t\t\t\t\t\t\t<p><span style=\"color: #ffffff;\"><strong><span style=\"font-size: 50px; text-align: center;\">L<\/span>\u00a0et\u00b4s take a Walk!<\/strong><\/span> \u00e4r en tj\u00e4nst av huset som g\u00f6r det m\u00f6jligt att vandra runt ett fastighetsobjekt i 3D.<\/p><p>Let\u00b4s take a Walk\u00a0\u00e4r en nyskapande tj\u00e4nst erbjuden av fastighetsf\u00f6retaget, som f\u00f6rvandlar traditionella fastighetsvisningar till en interaktiv och engagerande upplevelse. Tack vare denna tj\u00e4nst kan potentiella k\u00f6pare eller hyresg\u00e4ster utforska fastighetsobjekt i en virtuell 3D-milj\u00f6, liknande milj\u00f6erna i dataspel. Denna funktion m\u00f6jligg\u00f6r en djupare f\u00f6rst\u00e5else och uppskattning av fastigheten, l\u00e5ngt bortom det som traditionella foton eller videovisningar kan erbjuda.<\/p><p>Anv\u00e4ndarna styr sin virtuella promenad genom fastighetsobjektet med hj\u00e4lp av musen och tangentbordsknapparna W, A, S och D, en vanlig kontrollschema inom datorspel. Detta intuitiva gr\u00e4nssnitt g\u00f6r det enkelt f\u00f6r anv\u00e4ndare av alla \u00e5ldrar att navigera inom den virtuella milj\u00f6n, utforska varje vr\u00e5 av fastigheten i sin egen takt och fr\u00e5n olika vinklar. Vare sig det g\u00e4ller att betrakta det fina snickeriarbetet, k\u00e4nna av rymden i vardagsrummet, eller inspektera kvaliteten p\u00e5 k\u00f6ksinredningen, erbjuder &#8221;L\u00e5t oss ta en promenad!&#8221; en detaljrikedom och interaktivitet som f\u00f6rb\u00e4ttrar kundens beslutsprocess.<\/p><p>Denna digitala innovation m\u00f6jligg\u00f6r inte bara en mer detaljerad visning av fastigheten, utan erbjuder \u00e4ven en l\u00f6sning p\u00e5 logistiska utmaningar s\u00e5som resor och schemakonflikter. Intressenter kan nu utforska fastigheter fr\u00e5n bekv\u00e4mligheten av sitt eget hem, n\u00e4r som helst p\u00e5 dygnet, vilket \u00f6ppnar upp f\u00f6r en bredare marknad av potentiella k\u00f6pare och hyresg\u00e4ster.<\/p><p>Genom att anamma tekniken bakom &#8221;Let&#8217;s take a walk&#8221; positionerar Huset,se sig som en ledare inom branschen, som v\u00e4rdes\u00e4tter innovation och kundn\u00f6jdhet. Denna tj\u00e4nst \u00e4r ett lysande exempel p\u00e5 hur digitala framsteg kan anv\u00e4ndas f\u00f6r att berika kundernas upplevelser och revolutionera hur vi interagerar med fastigheter.<\/p>\t\t\t\t\t\t\t\t<\/div>\n\t\t\t\t<div class=\"elementor-element elementor-element-17fc081 elementor-widget elementor-widget-text-editor\" data-id=\"17fc081\" data-element_type=\"widget\" data-widget_type=\"text-editor.default\">\n\t\t\t\t\t\t\t\t\t<p>Notera att tj\u00e4nsten \u00e4r under utveckling av Huset och slutresultatet kan skilja sig avsev\u00e4rt j\u00e4mf\u00f6rt med denna presentation. Fastighetsobjekten \u00e4r 3D-skannade och \u00e4r EJ ett 3D-renderat objekt.<\/p>\t\t\t\t\t\t\t\t<\/div>\n\t\t\t\t<div class=\"elementor-element elementor-element-3bc382e elementor-align-center elementor-widget elementor-widget-button\" data-id=\"3bc382e\" data-element_type=\"widget\" data-widget_type=\"button.default\">\n\t\t\t\t\t\t\t\t\t\t<a class=\"elementor-button elementor-button-link elementor-size-sm\" href=\"https:\/\/huset.se\/kontakta_oss\/\">\n\t\t\t\t\t\t<span class=\"elementor-button-content-wrapper\">\n\t\t\t\t\t\t<span class=\"elementor-button-icon\">\n\t\t\t\t<svg aria-hidden=\"true\" class=\"e-font-icon-svg e-far-gem\" viewBox=\"0 0 576 512\" xmlns=\"http:\/\/www.w3.org\/2000\/svg\"><path d=\"M464 0H112c-4 0-7.8 2-10 5.4L2 152.6c-2.9 4.4-2.6 10.2.7 14.2l276 340.8c4.8 5.9 13.8 5.9 18.6 0l276-340.8c3.3-4.1 3.6-9.8.7-14.2L474.1 5.4C471.8 2 468.1 0 464 0zm-19.3 48l63.3 96h-68.4l-51.7-96h56.8zm-202.1 0h90.7l51.7 96H191l51.6-96zm-111.3 0h56.8l-51.7 96H68l63.3-96zm-43 144h51.4L208 352 88.3 192zm102.9 0h193.6L288 435.3 191.2 192zM368 352l68.2-160h51.4L368 352z\"><\/path><\/svg>\t\t\t<\/span>\n\t\t\t\t\t\t\t\t\t<span class=\"elementor-button-text\">Kontakta oss f\u00f6r en personlig visning<\/span>\n\t\t\t\t\t<\/span>\n\t\t\t\t\t<\/a>\n\t\t\t\t\t\t\t\t<\/div>\n\t\t\t\t<div class=\"elementor-element elementor-element-870d6b5 elementor-widget elementor-widget-spacer\" data-id=\"870d6b5\" data-element_type=\"widget\" data-widget_type=\"spacer.default\">\n\t\t\t\t\t\t\t<div class=\"elementor-spacer\">\n\t\t\t<div class=\"elementor-spacer-inner\"><\/div>\n\t\t<\/div>\n\t\t\t\t\t\t<\/div>\n\t\t\t\t\t<\/div>\n\t\t<\/div>\n\t\t\t\t\t<\/div>\n\t\t<\/section>\n\t\t\t\t<\/div>\n\t\t","protected":false},"excerpt":{"rendered":"<p>Let&#8217;s take a walk! L\u00a0et\u00b4s take a Walk! \u00e4r en tj\u00e4nst av huset som g\u00f6r det m\u00f6jligt att vandra runt ett fastighetsobjekt i 3D. Let\u00b4s take a Walk\u00a0\u00e4r en nyskapande tj\u00e4nst erbjuden av fastighetsf\u00f6retaget, som f\u00f6rvandlar traditionella fastighetsvisningar till en interaktiv och engagerande upplevelse. Tack vare denna tj\u00e4nst kan potentiella k\u00f6pare eller hyresg\u00e4ster utforska fastighetsobjekt [&hellip;]<\/p>\n","protected":false},"author":26,"featured_media":0,"parent":0,"menu_order":0,"comment_status":"closed","ping_status":"closed","template":"template\/template-homepage.php","meta":{"_et_pb_use_builder":"","_et_pb_old_content":"","_et_gb_content_width":"","footnotes":""},"class_list":["post-23765","page","type-page","status-publish","hentry"],"_links":{"self":[{"href":"https:\/\/huset.se\/sv\/wp-json\/wp\/v2\/pages\/23765","targetHints":{"allow":["GET"]}}],"collection":[{"href":"https:\/\/huset.se\/sv\/wp-json\/wp\/v2\/pages"}],"about":[{"href":"https:\/\/huset.se\/sv\/wp-json\/wp\/v2\/types\/page"}],"author":[{"embeddable":true,"href":"https:\/\/huset.se\/sv\/wp-json\/wp\/v2\/users\/26"}],"replies":[{"embeddable":true,"href":"https:\/\/huset.se\/sv\/wp-json\/wp\/v2\/comments?post=23765"}],"version-history":[{"count":0,"href":"https:\/\/huset.se\/sv\/wp-json\/wp\/v2\/pages\/23765\/revisions"}],"wp:attachment":[{"href":"https:\/\/huset.se\/sv\/wp-json\/wp\/v2\/media?parent=23765"}],"curies":[{"name":"wp","href":"https:\/\/api.w.org\/{rel}","templated":true}]}}