{"id":23716,"date":"2023-12-26T16:35:48","date_gmt":"2023-12-26T15:35:48","guid":{"rendered":"https:\/\/huset.se\/?page_id=23716"},"modified":"2024-10-20T18:32:53","modified_gmt":"2024-10-20T16:32:53","slug":"interaktiv-3d-modell","status":"publish","type":"page","link":"https:\/\/huset.se\/sv\/interaktiv-3d-modell\/","title":{"rendered":"Interaktiv 3D-Modell"},"content":{"rendered":"\t\t<div data-elementor-type=\"wp-page\" data-elementor-id=\"23716\" class=\"elementor elementor-23716\">\n\t\t\t\t\t\t<section class=\"elementor-section elementor-top-section elementor-element elementor-element-b4b2afa elementor-section-boxed elementor-section-height-default elementor-section-height-default\" data-id=\"b4b2afa\" data-element_type=\"section\" data-settings=\"{&quot;background_background&quot;:&quot;classic&quot;}\">\n\t\t\t\t\t\t<div class=\"elementor-container elementor-column-gap-default\">\n\t\t\t\t\t<div class=\"elementor-column elementor-col-100 elementor-top-column elementor-element elementor-element-ee2ca79\" data-id=\"ee2ca79\" data-element_type=\"column\">\n\t\t\t<div class=\"elementor-widget-wrap elementor-element-populated\">\n\t\t\t\t\t\t<div class=\"elementor-element elementor-element-8ee873a elementor-widget elementor-widget-spacer\" data-id=\"8ee873a\" data-element_type=\"widget\" data-widget_type=\"spacer.default\">\n\t\t\t\t\t\t\t<div class=\"elementor-spacer\">\n\t\t\t<div class=\"elementor-spacer-inner\"><\/div>\n\t\t<\/div>\n\t\t\t\t\t\t<\/div>\n\t\t\t\t<div class=\"elementor-element elementor-element-5da0c87 elementor-widget elementor-widget-heading\" data-id=\"5da0c87\" data-element_type=\"widget\" data-widget_type=\"heading.default\">\n\t\t\t\t\t<h2 class=\"elementor-heading-title elementor-size-default\">Interaktiv 3D-modell<\/h2>\t\t\t\t<\/div>\n\t\t\t\t<div class=\"elementor-element elementor-element-3232e9c elementor-widget-divider--view-line elementor-widget elementor-widget-divider\" data-id=\"3232e9c\" data-element_type=\"widget\" data-widget_type=\"divider.default\">\n\t\t\t\t\t\t\t<div class=\"elementor-divider\">\n\t\t\t<span class=\"elementor-divider-separator\">\n\t\t\t\t\t\t<\/span>\n\t\t<\/div>\n\t\t\t\t\t\t<\/div>\n\t\t\t\t<div class=\"elementor-element elementor-element-2b8f066 elementor-drop-cap-yes elementor-drop-cap-view-default elementor-widget elementor-widget-text-editor\" data-id=\"2b8f066\" data-element_type=\"widget\" data-settings=\"{&quot;drop_cap&quot;:&quot;yes&quot;}\" data-widget_type=\"text-editor.default\">\n\t\t\t\t\t\t\t\t\t<h5><span style=\"color: #ffffff;\">Med Huset&#8217;s ledande teknologi inom 3D-turer kan du ta ditt fastighetsf\u00f6rmedlings- och f\u00f6rvaltningsarbete till n\u00e4sta niv\u00e5. L\u00e5t Huset&#8217;s interaktiva 3D-modeller vara nyckeln till framg\u00e5ng i din fastighetsverksamhet.<\/span><\/h5>\t\t\t\t\t\t\t\t<\/div>\n\t\t\t\t<div class=\"elementor-element elementor-element-ae8b038 elementor-widget elementor-widget-shortcode\" data-id=\"ae8b038\" data-element_type=\"widget\" data-widget_type=\"shortcode.default\">\n\t\t\t\t\t\t\t<div class=\"elementor-shortcode\"><div style=\"position:relative;padding-top:56.25%;\"><iframe src=\"https:\/\/iframe.mediadelivery.net\/embed\/230487\/0d9e28e2-ffd4-4a89-8ff9-e2b60686e762?autoplay=false&loop=false&muted=false&preload=true&responsive=true\" loading=\"lazy\" style=\"border:0;position:absolute;top:0;height:100%;width:100%;\" allow=\"accelerometer;gyroscope;autoplay;encrypted-media;picture-in-picture;\" allowfullscreen=\"true\"><\/iframe><\/div><\/div>\n\t\t\t\t\t\t<\/div>\n\t\t\t\t<div class=\"elementor-element elementor-element-67bd27f elementor-drop-cap-yes elementor-drop-cap-view-default elementor-widget elementor-widget-text-editor\" data-id=\"67bd27f\" data-element_type=\"widget\" data-settings=\"{&quot;drop_cap&quot;:&quot;yes&quot;}\" data-widget_type=\"text-editor.default\">\n\t\t\t\t\t\t\t\t\t<p><span style=\"color: #ffffff;\">Med Interaktiv 3D-modell kan kunden se fastigheten i ett <em><strong>3D dimensionellt perspektiv<\/strong><\/em>, som ett 3D-objekt. 3D objektet bidrar till en b\u00e4ttre uppfattning om fastigheten, dess yta och karakt\u00e4r &#8211; n\u00e5got som vanliga 2D bilder om\u00f6jligen kan erbjuda.\u00a0<\/span><\/p><p><span style=\"color: #ffffff;\">Upplev f\u00f6rdelarna med Huset&#8217;s interaktiva 3D-modeller och revolutionera ditt s\u00e4tt att presentera fastigheter. Genom att implementera Huset&#8217;s avancerade augmented reality-teknologi kan du transformera dina fastigheter till v\u00e4rdefull information som str\u00e4cker sig v\u00e4l bortom konventionella 3D-virtuella rundturer.<\/span><\/p><p><span style=\"color: #ffffff;\">Vad skiljer d\u00e5 en \u00e4kta Interaktiv 3D-modell fr\u00e5n en Digital visning? Det handlar om djupet. En virtuell rundtur kan f\u00e5nga tv\u00e5 dimensioner \u2013 h\u00f6jd och bredd \u2013 men \u00e4kta tredimensionella rundturer f\u00e5ngar \u00e4ven djupet. Detta uppn\u00e5s vanligtvis med en specialiserad kamera utrustad med flera linser och infrar\u00f6d teknik som kan k\u00e4nna av, m\u00e4ta och f\u00e5nga djup.\u00a0<\/span><\/p><ul><li><p><span style=\"color: #ffffff;\"><strong>* Detaljerade planl\u00f6sningar:<\/strong> Ge en tydlig \u00f6verblick \u00f6ver fastighetens layout, vilket m\u00f6jligg\u00f6r en djupare f\u00f6rst\u00e5else och uppskattning av utrymmet.<\/span><\/p><\/li><li><p><span style=\"color: #ffffff;\"><strong>* Informativa etiketter:<\/strong> Markera viktiga egenskaper och funktioner inom fastigheten f\u00f6r att ge potentiella k\u00f6pare eller hyresg\u00e4ster all information de beh\u00f6ver.<\/span><\/p><\/li><li><p><span style=\"color: #ffffff;\"><strong>* Precisa m\u00e5tt:<\/strong> Eliminera gissningar med exakta m\u00e5tt som hj\u00e4lper till vid planering och m\u00f6blering av utrymmen.<\/span><\/p><\/li><li><p><span style=\"color: #ffffff;\"><strong>* Omfattande analyser:<\/strong> Dra nytta av djupg\u00e5ende insikter f\u00f6r att optimera fastighetsf\u00f6rvaltning, effektivisera kapitalplanering och minska vakanser.<\/span><\/p><\/li><li><p><span style=\"color: #ffffff;\"><strong>* Verklighetstrogen upplevelse:<\/strong> Erbjud en sann till-livet visning som kan ers\u00e4tta behovet av fysiska visningar, vilket sparar tid och resurser.<\/span><\/p><\/li><li><p><span style=\"color: #ffffff;\"><strong>* F\u00e4rre st\u00f6rningar:<\/strong> Potentiella k\u00f6pare kan enkelt avg\u00f6ra om en fastighet passar deras behov online, vilket minimerar on\u00f6diga visningar och st\u00f6rningar f\u00f6r s\u00e4ljare.<\/span><\/p><\/li><li><p><span style=\"color: #ffffff;\"><strong>* \u00d6kad tillg\u00e4nglighet f\u00f6r k\u00f6pare utanf\u00f6r omr\u00e5det:<\/strong> M\u00f6jligg\u00f6r f\u00f6r k\u00f6pare att &#8221;bes\u00f6ka&#8221; fastigheter virtuellt, vilket breddar k\u00f6parbasen och \u00f6kar chansen f\u00f6r f\u00f6rs\u00e4ljning.<\/span><\/p><\/li><li><span style=\"color: #ffffff;\"><strong>* Underl\u00e4ttar snabbare k\u00f6pbeslut:<\/strong> Seri\u00f6sa k\u00f6pare kan fatta beslut snabbare med tillg\u00e5ng till omfattande virtuella visningar, vilket p\u00e5skyndar f\u00f6rs\u00e4ljningsprocessen.<\/span><\/li><li>\u00a0<\/li><\/ul>\t\t\t\t\t\t\t\t<\/div>\n\t\t\t\t<div class=\"elementor-element elementor-element-cf1e8f1 elementor-drop-cap-yes elementor-drop-cap-view-default elementor-widget elementor-widget-text-editor\" data-id=\"cf1e8f1\" data-element_type=\"widget\" data-settings=\"{&quot;drop_cap&quot;:&quot;yes&quot;}\" data-widget_type=\"text-editor.default\">\n\t\t\t\t\t\t\t\t\t<h1><font color=\"#ffffff\">F\u00d6RDELARNA MED EN DIGITAL 3D-VISNING<\/font><\/h1>\n<ul>\n<li>&nbsp;<\/li>\n<\/ul>\n<p><span style=\"color: #ffffff;\">De st\u00f6rsta f\u00f6rdelarna med en Interaktiv 3D-modell\/rundturer f\u00f6r fastighetsm\u00e4klare inkluderar en verklighetstrogen upplevelse som g\u00f6r att konsumenterna \u00e4r mer ben\u00e4gna att ers\u00e4tta dem med fysiska visningar. Detta leder till f\u00e4rre st\u00f6rningar f\u00f6r s\u00e4ljaren, eftersom potentiella k\u00f6pare kan avg\u00f6ra om ett hem \u00e4r r\u00e4tt f\u00f6r dem innan de beg\u00e4r en fysisk visning. K\u00f6pare utanf\u00f6r omr\u00e5det \u00e4r mer ben\u00e4gna att k\u00f6pa ett hem med en 3D-tur, eftersom de kan bes\u00f6ka och uppleva en fastighet utan att fysiskt beh\u00f6va vara d\u00e4r, vilket \u00f6ppnar st\u00f6rre m\u00f6jligheter f\u00f6r f\u00f6rs\u00e4ljning. Seri\u00f6sa bostadsk\u00f6pare och hyresg\u00e4ster kan fatta beslut utan att beg\u00e4ra flera visningar av samma objekt.<\/span><\/p>\t\t\t\t\t\t\t\t<\/div>\n\t\t\t\t<div class=\"elementor-element elementor-element-bf5f029 elementor-align-center elementor-widget elementor-widget-button\" data-id=\"bf5f029\" data-element_type=\"widget\" data-widget_type=\"button.default\">\n\t\t\t\t\t\t\t\t\t\t<a class=\"elementor-button elementor-button-link elementor-size-sm\" href=\"https:\/\/huset.se\/kontakta_oss\/\" id=\"a55\">\n\t\t\t\t\t\t<span class=\"elementor-button-content-wrapper\">\n\t\t\t\t\t\t<span class=\"elementor-button-icon\">\n\t\t\t\t<svg aria-hidden=\"true\" class=\"e-font-icon-svg e-far-gem\" viewBox=\"0 0 576 512\" xmlns=\"http:\/\/www.w3.org\/2000\/svg\"><path d=\"M464 0H112c-4 0-7.8 2-10 5.4L2 152.6c-2.9 4.4-2.6 10.2.7 14.2l276 340.8c4.8 5.9 13.8 5.9 18.6 0l276-340.8c3.3-4.1 3.6-9.8.7-14.2L474.1 5.4C471.8 2 468.1 0 464 0zm-19.3 48l63.3 96h-68.4l-51.7-96h56.8zm-202.1 0h90.7l51.7 96H191l51.6-96zm-111.3 0h56.8l-51.7 96H68l63.3-96zm-43 144h51.4L208 352 88.3 192zm102.9 0h193.6L288 435.3 191.2 192zM368 352l68.2-160h51.4L368 352z\"><\/path><\/svg>\t\t\t<\/span>\n\t\t\t\t\t\t\t\t\t<span class=\"elementor-button-text\">Kontakta oss<\/span>\n\t\t\t\t\t<\/span>\n\t\t\t\t\t<\/a>\n\t\t\t\t\t\t\t\t<\/div>\n\t\t\t\t<div class=\"elementor-element elementor-element-0cb40f8 elementor-widget elementor-widget-text-editor\" data-id=\"0cb40f8\" data-element_type=\"widget\" data-widget_type=\"text-editor.default\">\n\t\t\t\t\t\t\t\t\t<p>* Notera att tj\u00e4nsten \u00e4r under utveckling av Huset och slutresultatet kan skilja sig avsev\u00e4rt j\u00e4mf\u00f6rt med denna presentation. Objekten \u00e4r 3D-skannade och \u00e4r EJ ett 3D-renderat objekt.<\/p>\t\t\t\t\t\t\t\t<\/div>\n\t\t\t\t<div class=\"elementor-element elementor-element-14b3cc3 elementor-widget elementor-widget-spacer\" data-id=\"14b3cc3\" data-element_type=\"widget\" data-widget_type=\"spacer.default\">\n\t\t\t\t\t\t\t<div class=\"elementor-spacer\">\n\t\t\t<div class=\"elementor-spacer-inner\"><\/div>\n\t\t<\/div>\n\t\t\t\t\t\t<\/div>\n\t\t\t\t<div class=\"elementor-element elementor-element-2ffc8ee elementor-widget elementor-widget-heading\" data-id=\"2ffc8ee\" data-element_type=\"widget\" data-widget_type=\"heading.default\">\n\t\t\t\t\t<h2 class=\"elementor-heading-title elementor-size-default\">3D-Objekt<\/h2>\t\t\t\t<\/div>\n\t\t\t\t<div class=\"elementor-element elementor-element-1a5b5a1 elementor-widget-divider--view-line elementor-widget elementor-widget-divider\" data-id=\"1a5b5a1\" data-element_type=\"widget\" data-widget_type=\"divider.default\">\n\t\t\t\t\t\t\t<div class=\"elementor-divider\">\n\t\t\t<span class=\"elementor-divider-separator\">\n\t\t\t\t\t\t<\/span>\n\t\t<\/div>\n\t\t\t\t\t\t<\/div>\n\t\t\t\t\t<\/div>\n\t\t<\/div>\n\t\t\t\t\t<\/div>\n\t\t<\/section>\n\t\t\t\t<section class=\"elementor-section elementor-top-section elementor-element elementor-element-868ccb5 elementor-section-content-middle elementor-reverse-tablet elementor-reverse-mobile elementor-section-boxed elementor-section-height-default elementor-section-height-default\" data-id=\"868ccb5\" data-element_type=\"section\" data-settings=\"{&quot;background_background&quot;:&quot;classic&quot;}\">\n\t\t\t\t\t\t<div class=\"elementor-container elementor-column-gap-no\">\n\t\t\t\t\t<div class=\"elementor-column elementor-col-50 elementor-top-column elementor-element elementor-element-006795f\" data-id=\"006795f\" data-element_type=\"column\">\n\t\t\t<div class=\"elementor-widget-wrap elementor-element-populated\">\n\t\t\t\t\t\t<div class=\"elementor-element elementor-element-2876435 elementor-widget elementor-widget-heading\" data-id=\"2876435\" data-element_type=\"widget\" data-widget_type=\"heading.default\">\n\t\t\t\t\t<h3 class=\"elementor-heading-title elementor-size-default\">Demo: Plan 1<\/h3>\t\t\t\t<\/div>\n\t\t\t\t<div class=\"elementor-element elementor-element-787edaa elementor-widget elementor-widget-shortcode\" data-id=\"787edaa\" data-element_type=\"widget\" data-widget_type=\"shortcode.default\">\n\t\t\t\t\t\t\t<div class=\"elementor-shortcode\">[ardisplay id=23359]<\/div>\n\t\t\t\t\t\t<\/div>\n\t\t\t\t<div class=\"elementor-element elementor-element-bd4f95d elementor-widget elementor-widget-text-editor\" data-id=\"bd4f95d\" data-element_type=\"widget\" data-widget_type=\"text-editor.default\">\n\t\t\t\t\t\t\t\t\t<p><em><span style=\"text-decoration-line: underline;\">OBS: Detta \u00e4r en demo!<\/span><\/em><br>Bes\u00f6k hemsidan med en smartphone och visualisera objektet i din milj\u00f6.<br>Klicka p\u00e5<span style=\"font-weight: 600;\">&nbsp;&#8221;AR Display&#8221; ikonen<\/span>&nbsp;i h\u00f6gra h\u00f6rnet, f\u00f6r att starta 3D mjukvaran.<br>Rikta sedan kameran mot \u00f6ppen mark.<br>Du kan zooma in\/ut och rotera objektet med fingrarna.<br>100% inneb\u00e4r = Verklig skala.<br><\/p>\t\t\t\t\t\t\t\t<\/div>\n\t\t\t\t\t<\/div>\n\t\t<\/div>\n\t\t\t\t<div class=\"elementor-column elementor-col-50 elementor-top-column elementor-element elementor-element-d033502\" data-id=\"d033502\" data-element_type=\"column\">\n\t\t\t<div class=\"elementor-widget-wrap elementor-element-populated\">\n\t\t\t\t\t\t<div class=\"elementor-element elementor-element-60061e1 elementor-widget-divider--view-line elementor-widget elementor-widget-divider\" data-id=\"60061e1\" data-element_type=\"widget\" data-widget_type=\"divider.default\">\n\t\t\t\t\t\t\t<div class=\"elementor-divider\">\n\t\t\t<span class=\"elementor-divider-separator\">\n\t\t\t\t\t\t<\/span>\n\t\t<\/div>\n\t\t\t\t\t\t<\/div>\n\t\t\t\t<div class=\"elementor-element elementor-element-441d89e elementor-widget elementor-widget-heading\" data-id=\"441d89e\" data-element_type=\"widget\" data-widget_type=\"heading.default\">\n\t\t\t\t\t<h3 class=\"elementor-heading-title elementor-size-default\">3D Objekt<\/h3>\t\t\t\t<\/div>\n\t\t\t\t<div class=\"elementor-element elementor-element-dc907df elementor-drop-cap-yes elementor-drop-cap-view-default elementor-widget elementor-widget-text-editor\" data-id=\"dc907df\" data-element_type=\"widget\" data-settings=\"{&quot;drop_cap&quot;:&quot;yes&quot;}\" data-widget_type=\"text-editor.default\">\n\t\t\t\t\t\t\t\t\t<p><span style=\"color: #ffffff; font-family: Helvetica, sans-serif; font-size: 19px;\">Detta \u00e4r ett 3D skannat objekt. <\/span><span style=\"font-family: Helvetica, sans-serif;\"><span style=\"font-size: 19px; font-weight: var( --e-global-typography-d168bf9-font-weight ); letter-spacing: var( --e-global-typography-d168bf9-letter-spacing ); word-spacing: var( --e-global-typography-d168bf9-word-spacing );\">3D objektet erbjuder det mest ikoniska perspektivet n\u00e4r man unders\u00f6ker en fastighet. Det finns ingen effektivare metod f\u00f6r att snabbt f\u00e5 en helt\u00e4ckande f\u00f6rst\u00e5else f\u00f6r ett utrymme \u00e4n att se fastigheten fr\u00e5n ett <\/span><span style=\"font-size: 19px;\">tredje perspektiv<\/span><span style=\"font-size: 19px; font-weight: var( --e-global-typography-d168bf9-font-weight ); letter-spacing: var( --e-global-typography-d168bf9-letter-spacing ); word-spacing: var( --e-global-typography-d168bf9-word-spacing );\">.<\/span><\/span><\/p>\t\t\t\t\t\t\t\t<\/div>\n\t\t\t\t<div class=\"elementor-element elementor-element-a5421ac elementor-align-center elementor-widget elementor-widget-button\" data-id=\"a5421ac\" data-element_type=\"widget\" data-widget_type=\"button.default\">\n\t\t\t\t\t\t\t\t\t\t<a class=\"elementor-button elementor-button-link elementor-size-sm\" href=\"https:\/\/huset.se\/kontakta_oss\/\" id=\"a55\">\n\t\t\t\t\t\t<span class=\"elementor-button-content-wrapper\">\n\t\t\t\t\t\t<span class=\"elementor-button-icon\">\n\t\t\t\t<svg aria-hidden=\"true\" class=\"e-font-icon-svg e-far-gem\" viewBox=\"0 0 576 512\" xmlns=\"http:\/\/www.w3.org\/2000\/svg\"><path d=\"M464 0H112c-4 0-7.8 2-10 5.4L2 152.6c-2.9 4.4-2.6 10.2.7 14.2l276 340.8c4.8 5.9 13.8 5.9 18.6 0l276-340.8c3.3-4.1 3.6-9.8.7-14.2L474.1 5.4C471.8 2 468.1 0 464 0zm-19.3 48l63.3 96h-68.4l-51.7-96h56.8zm-202.1 0h90.7l51.7 96H191l51.6-96zm-111.3 0h56.8l-51.7 96H68l63.3-96zm-43 144h51.4L208 352 88.3 192zm102.9 0h193.6L288 435.3 191.2 192zM368 352l68.2-160h51.4L368 352z\"><\/path><\/svg>\t\t\t<\/span>\n\t\t\t\t\t\t\t\t\t<span class=\"elementor-button-text\">Kontakta oss<\/span>\n\t\t\t\t\t<\/span>\n\t\t\t\t\t<\/a>\n\t\t\t\t\t\t\t\t<\/div>\n\t\t\t\t\t<\/div>\n\t\t<\/div>\n\t\t\t\t\t<\/div>\n\t\t<\/section>\n\t\t\t\t<\/div>\n\t\t","protected":false},"excerpt":{"rendered":"<p>Interaktiv 3D-modell Med Huset&#8217;s ledande teknologi inom 3D-turer kan du ta ditt fastighetsf\u00f6rmedlings- och f\u00f6rvaltningsarbete till n\u00e4sta niv\u00e5. L\u00e5t Huset&#8217;s interaktiva 3D-modeller vara nyckeln till framg\u00e5ng i din fastighetsverksamhet. Med Interaktiv 3D-modell kan kunden se fastigheten i ett 3D dimensionellt perspektiv, som ett 3D-objekt. 3D objektet bidrar till en b\u00e4ttre uppfattning om fastigheten, dess yta [&hellip;]<\/p>\n","protected":false},"author":26,"featured_media":0,"parent":0,"menu_order":0,"comment_status":"closed","ping_status":"closed","template":"template\/template-homepage.php","meta":{"_et_pb_use_builder":"","_et_pb_old_content":"","_et_gb_content_width":"","footnotes":""},"class_list":["post-23716","page","type-page","status-publish","hentry"],"_links":{"self":[{"href":"https:\/\/huset.se\/sv\/wp-json\/wp\/v2\/pages\/23716","targetHints":{"allow":["GET"]}}],"collection":[{"href":"https:\/\/huset.se\/sv\/wp-json\/wp\/v2\/pages"}],"about":[{"href":"https:\/\/huset.se\/sv\/wp-json\/wp\/v2\/types\/page"}],"author":[{"embeddable":true,"href":"https:\/\/huset.se\/sv\/wp-json\/wp\/v2\/users\/26"}],"replies":[{"embeddable":true,"href":"https:\/\/huset.se\/sv\/wp-json\/wp\/v2\/comments?post=23716"}],"version-history":[{"count":6,"href":"https:\/\/huset.se\/sv\/wp-json\/wp\/v2\/pages\/23716\/revisions"}],"predecessor-version":[{"id":26109,"href":"https:\/\/huset.se\/sv\/wp-json\/wp\/v2\/pages\/23716\/revisions\/26109"}],"wp:attachment":[{"href":"https:\/\/huset.se\/sv\/wp-json\/wp\/v2\/media?parent=23716"}],"curies":[{"name":"wp","href":"https:\/\/api.w.org\/{rel}","templated":true}]}}