{"id":23229,"date":"2023-10-13T15:09:39","date_gmt":"2023-10-13T13:09:39","guid":{"rendered":"https:\/\/huset.se\/?page_id=23229"},"modified":"2024-01-30T18:26:00","modified_gmt":"2024-01-30T17:26:00","slug":"miljo","status":"publish","type":"page","link":"https:\/\/huset.se\/sv\/miljo\/","title":{"rendered":"Milj\u00f6"},"content":{"rendered":"\t\t<div data-elementor-type=\"wp-page\" data-elementor-id=\"23229\" class=\"elementor elementor-23229\">\n\t\t\t\t\t\t<section class=\"elementor-section elementor-top-section elementor-element elementor-element-3445065b elementor-section-content-middle elementor-section-boxed elementor-section-height-default elementor-section-height-default\" data-id=\"3445065b\" data-element_type=\"section\" data-settings=\"{&quot;background_background&quot;:&quot;classic&quot;}\">\n\t\t\t\t\t\t<div class=\"elementor-container elementor-column-gap-no\">\n\t\t\t\t\t<div class=\"elementor-column elementor-col-33 elementor-top-column elementor-element elementor-element-23182cb3\" data-id=\"23182cb3\" data-element_type=\"column\">\n\t\t\t<div class=\"elementor-widget-wrap elementor-element-populated\">\n\t\t\t\t\t\t<div class=\"elementor-element elementor-element-68b3cf93 elementor-widget elementor-widget-heading\" data-id=\"68b3cf93\" data-element_type=\"widget\" data-widget_type=\"heading.default\">\n\t\t\t\t\t<h3 class=\"elementor-heading-title elementor-size-default\">NET<\/h3>\t\t\t\t<\/div>\n\t\t\t\t<div class=\"elementor-element elementor-element-22355aa5 elementor-widget elementor-widget-image\" data-id=\"22355aa5\" data-element_type=\"widget\" data-widget_type=\"image.default\">\n\t\t\t\t\t\t\t\t\t\t\t\t\t\t\t<img fetchpriority=\"high\" fetchpriority=\"high\" decoding=\"async\" width=\"1024\" height=\"683\" src=\"https:\/\/huset.se\/wp-content\/uploads\/2023\/10\/airplane-window1-1024x683.jpg\" class=\"elementor-animation-grow attachment-large size-large wp-image-23242\" alt=\"\" srcset=\"https:\/\/huset.se\/wp-content\/uploads\/2023\/10\/airplane-window1-1024x683.jpg 1024w, https:\/\/huset.se\/wp-content\/uploads\/2023\/10\/airplane-window1-300x200.jpg 300w, https:\/\/huset.se\/wp-content\/uploads\/2023\/10\/airplane-window1-768x512.jpg 768w, https:\/\/huset.se\/wp-content\/uploads\/2023\/10\/airplane-window1-1536x1024.jpg 1536w, https:\/\/huset.se\/wp-content\/uploads\/2023\/10\/airplane-window1-2048x1365.jpg 2048w, https:\/\/huset.se\/wp-content\/uploads\/2023\/10\/airplane-window1-18x12.jpg 18w, https:\/\/huset.se\/wp-content\/uploads\/2023\/10\/airplane-window1-900x600.jpg 900w, https:\/\/huset.se\/wp-content\/uploads\/2023\/10\/airplane-window1-496x331.jpg 496w\" sizes=\"(max-width: 1024px) 100vw, 1024px\">\t\t\t\t\t\t\t\t\t\t\t\t\t\t\t<\/div>\n\t\t\t\t\t<\/div>\n\t\t<\/div>\n\t\t\t\t<div class=\"elementor-column elementor-col-33 elementor-top-column elementor-element elementor-element-5a22033d\" data-id=\"5a22033d\" data-element_type=\"column\">\n\t\t\t<div class=\"elementor-widget-wrap elementor-element-populated\">\n\t\t\t\t\t\t<div class=\"elementor-element elementor-element-5dbac0d1 elementor-widget elementor-widget-image\" data-id=\"5dbac0d1\" data-element_type=\"widget\" data-widget_type=\"image.default\">\n\t\t\t\t\t\t\t\t\t\t\t\t\t\t\t<img decoding=\"async\" width=\"1024\" height=\"683\" src=\"https:\/\/huset.se\/wp-content\/uploads\/2023\/10\/power-plant1-1024x683.jpg\" class=\"elementor-animation-grow attachment-large size-large wp-image-23241\" alt=\"\" srcset=\"https:\/\/huset.se\/wp-content\/uploads\/2023\/10\/power-plant1-1024x683.jpg 1024w, https:\/\/huset.se\/wp-content\/uploads\/2023\/10\/power-plant1-300x200.jpg 300w, https:\/\/huset.se\/wp-content\/uploads\/2023\/10\/power-plant1-768x512.jpg 768w, https:\/\/huset.se\/wp-content\/uploads\/2023\/10\/power-plant1-1536x1024.jpg 1536w, https:\/\/huset.se\/wp-content\/uploads\/2023\/10\/power-plant1-2048x1366.jpg 2048w, https:\/\/huset.se\/wp-content\/uploads\/2023\/10\/power-plant1-18x12.jpg 18w, https:\/\/huset.se\/wp-content\/uploads\/2023\/10\/power-plant1-900x600.jpg 900w, https:\/\/huset.se\/wp-content\/uploads\/2023\/10\/power-plant1-496x331.jpg 496w\" sizes=\"(max-width: 1024px) 100vw, 1024px\">\t\t\t\t\t\t\t\t\t\t\t\t\t\t\t<\/div>\n\t\t\t\t<div class=\"elementor-element elementor-element-faebafe elementor-widget elementor-widget-heading\" data-id=\"faebafe\" data-element_type=\"widget\" data-widget_type=\"heading.default\">\n\t\t\t\t\t<h3 class=\"elementor-heading-title elementor-size-default\">Zero<\/h3>\t\t\t\t<\/div>\n\t\t\t\t<div class=\"elementor-element elementor-element-5c6d6fb4 elementor-widget elementor-widget-text-editor\" data-id=\"5c6d6fb4\" data-element_type=\"widget\" data-widget_type=\"text-editor.default\">\n\t\t\t\t\t\t\t\t\t<p>Med digitala m\u00f6ten, digitala visningar och Augmented Reality har ni m\u00f6jlighet att\u00a0<strong>minska ert klimatavtrycket<\/strong>\u00a0upp till flera ton koldioxid\u00a0CO2<\/p>\t\t\t\t\t\t\t\t<\/div>\n\t\t\t\t\t<\/div>\n\t\t<\/div>\n\t\t\t\t<div class=\"elementor-column elementor-col-33 elementor-top-column elementor-element elementor-element-b4d0390\" data-id=\"b4d0390\" data-element_type=\"column\">\n\t\t\t<div class=\"elementor-widget-wrap elementor-element-populated\">\n\t\t\t\t\t\t<div class=\"elementor-element elementor-element-2299951 elementor-widget elementor-widget-heading\" data-id=\"2299951\" data-element_type=\"widget\" data-widget_type=\"heading.default\">\n\t\t\t\t\t<h3 class=\"elementor-heading-title elementor-size-default\">Travel<\/h3>\t\t\t\t<\/div>\n\t\t\t\t<div class=\"elementor-element elementor-element-3d1bd32b elementor-widget elementor-widget-image\" data-id=\"3d1bd32b\" data-element_type=\"widget\" data-widget_type=\"image.default\">\n\t\t\t\t\t\t\t\t\t\t\t\t\t\t\t<img decoding=\"async\" width=\"1024\" height=\"683\" src=\"https:\/\/huset.se\/wp-content\/uploads\/2023\/10\/co2-net-zero1-1024x683.jpg\" class=\"elementor-animation-grow attachment-large size-large wp-image-23243\" alt=\"Milj\u00f6medvetenhet med gr\u00f6na blad och n\u00e4tdesign.\" srcset=\"https:\/\/huset.se\/wp-content\/uploads\/2023\/10\/co2-net-zero1-1024x683.jpg 1024w, https:\/\/huset.se\/wp-content\/uploads\/2023\/10\/co2-net-zero1-300x200.jpg 300w, https:\/\/huset.se\/wp-content\/uploads\/2023\/10\/co2-net-zero1-768x512.jpg 768w, https:\/\/huset.se\/wp-content\/uploads\/2023\/10\/co2-net-zero1-1536x1024.jpg 1536w, https:\/\/huset.se\/wp-content\/uploads\/2023\/10\/co2-net-zero1-2048x1365.jpg 2048w, https:\/\/huset.se\/wp-content\/uploads\/2023\/10\/co2-net-zero1-18x12.jpg 18w, https:\/\/huset.se\/wp-content\/uploads\/2023\/10\/co2-net-zero1-900x600.jpg 900w, https:\/\/huset.se\/wp-content\/uploads\/2023\/10\/co2-net-zero1-496x331.jpg 496w\" sizes=\"(max-width: 1024px) 100vw, 1024px\" \/>\t\t\t\t\t\t\t\t\t\t\t\t\t\t\t<\/div>\n\t\t\t\t\t<\/div>\n\t\t<\/div>\n\t\t\t\t\t<\/div>\n\t\t<\/section>\n\t\t\t\t<section class=\"elementor-section elementor-top-section elementor-element elementor-element-750ee63 elementor-section-boxed elementor-section-height-default elementor-section-height-default\" data-id=\"750ee63\" data-element_type=\"section\">\n\t\t\t\t\t\t<div class=\"elementor-container elementor-column-gap-default\">\n\t\t\t\t\t<div class=\"elementor-column elementor-col-100 elementor-top-column elementor-element elementor-element-6e24ce1\" data-id=\"6e24ce1\" data-element_type=\"column\">\n\t\t\t<div class=\"elementor-widget-wrap elementor-element-populated\">\n\t\t\t\t\t\t<div class=\"elementor-element elementor-element-0689f8e elementor-widget elementor-widget-spacer\" data-id=\"0689f8e\" data-element_type=\"widget\" data-widget_type=\"spacer.default\">\n\t\t\t\t\t\t\t<div class=\"elementor-spacer\">\n\t\t\t<div class=\"elementor-spacer-inner\"><\/div>\n\t\t<\/div>\n\t\t\t\t\t\t<\/div>\n\t\t\t\t<div class=\"elementor-element elementor-element-1b048d7 elementor-drop-cap-yes elementor-drop-cap-view-default elementor-widget elementor-widget-text-editor\" data-id=\"1b048d7\" data-element_type=\"widget\" data-settings=\"{&quot;drop_cap&quot;:&quot;yes&quot;}\" data-widget_type=\"text-editor.default\">\n\t\t\t\t\t\t\t\t\t<p>Givetvis g\u00e5r det \u00e5t energi i en serverhall n\u00e5gonstans i Sverige n\u00e4r du bjuder in en spekulant till en digital visning. D\u00e4remot g\u00e5r det knappast att j\u00e4mf\u00f6ra klimatavtrycket mellan en digital visning och en fysisk resa till och fr\u00e5n objektet. <br \/>\u00a0 \u00a0 \u00a0N\u00e4r spekulanter v\u00e4rlden \u00f6ver v\u00e4ljer att flyga tur och retur inneb\u00e4r ett utsl\u00e4pp p\u00e5 flera tusen kilo koldioxid.<\/p><p>Fastighetsbranschens milj\u00f6p\u00e5verkan \u00e4r betydande, och HUSET \u00e4r en nyckelakt\u00f6r i \u00f6verg\u00e5ngen till ett mer h\u00e5llbart samh\u00e4lle. <br \/>Vi arbetar aktivt f\u00f6r att minska v\u00e5rat och v\u00e5ra kunders utsl\u00e4pp kopplade till drift och underh\u00e5ll av v\u00e5ra tj\u00e4nster. Det \u00e4r av yttersta vikt att vi optimerar anv\u00e4ndningen av v\u00e5ra resurser. HUSET fokuserar enbart p\u00e5 h\u00e5llbara l\u00f6sningar, och vi v\u00e4nder oss i f\u00f6rsta hand till Svenska akt\u00f6rer &amp; leverant\u00f6rer som kan tillgodose v\u00e5ra tekniska behov.<\/p>\t\t\t\t\t\t\t\t<\/div>\n\t\t\t\t<div class=\"elementor-element elementor-element-af78e99 elementor-widget elementor-widget-spacer\" data-id=\"af78e99\" data-element_type=\"widget\" data-widget_type=\"spacer.default\">\n\t\t\t\t\t\t\t<div class=\"elementor-spacer\">\n\t\t\t<div class=\"elementor-spacer-inner\"><\/div>\n\t\t<\/div>\n\t\t\t\t\t\t<\/div>\n\t\t\t\t<div class=\"elementor-element elementor-element-68e4ff6 elementor-widget elementor-widget-image\" data-id=\"68e4ff6\" data-element_type=\"widget\" data-widget_type=\"image.default\">\n\t\t\t\t\t\t\t\t\t\t\t\t\t\t\t<img loading=\"lazy\" loading=\"lazy\" decoding=\"async\" width=\"1024\" height=\"683\" src=\"https:\/\/huset.se\/wp-content\/uploads\/2023\/09\/Go-green-transparent-1024x683.png\" class=\"attachment-large size-large wp-image-22945\" alt=\"\" srcset=\"https:\/\/huset.se\/wp-content\/uploads\/2023\/09\/Go-green-transparent-1024x683.png 1024w, https:\/\/huset.se\/wp-content\/uploads\/2023\/09\/Go-green-transparent-300x200.png 300w, https:\/\/huset.se\/wp-content\/uploads\/2023\/09\/Go-green-transparent-768x512.png 768w, https:\/\/huset.se\/wp-content\/uploads\/2023\/09\/Go-green-transparent-18x12.png 18w, https:\/\/huset.se\/wp-content\/uploads\/2023\/09\/Go-green-transparent-900x600.png 900w, https:\/\/huset.se\/wp-content\/uploads\/2023\/09\/Go-green-transparent-496x331.png 496w, https:\/\/huset.se\/wp-content\/uploads\/2023\/09\/Go-green-transparent.png 1170w\" sizes=\"(max-width: 1024px) 100vw, 1024px\">\t\t\t\t\t\t\t\t\t\t\t\t\t\t\t<\/div>\n\t\t\t\t<div class=\"elementor-element elementor-element-82ad304 elementor-widget elementor-widget-spacer\" data-id=\"82ad304\" data-element_type=\"widget\" data-widget_type=\"spacer.default\">\n\t\t\t\t\t\t\t<div class=\"elementor-spacer\">\n\t\t\t<div class=\"elementor-spacer-inner\"><\/div>\n\t\t<\/div>\n\t\t\t\t\t\t<\/div>\n\t\t\t\t<div class=\"elementor-element elementor-element-2441610 elementor-widget elementor-widget-heading\" data-id=\"2441610\" data-element_type=\"widget\" data-widget_type=\"heading.default\">\n\t\t\t\t\t<h2 class=\"elementor-heading-title elementor-size-default\">AGENDA 2030<\/h2>\t\t\t\t<\/div>\n\t\t\t\t<div class=\"elementor-element elementor-element-2bec1c9 elementor-drop-cap-yes elementor-drop-cap-view-default elementor-widget elementor-widget-text-editor\" data-id=\"2bec1c9\" data-element_type=\"widget\" data-settings=\"{&quot;drop_cap&quot;:&quot;yes&quot;}\" data-widget_type=\"text-editor.default\">\n\t\t\t\t\t\t\t\t\t<p>HUSET erbjuder enbart <strong>smarta<\/strong> och <strong>mijl\u00f6anpassade<\/strong> l\u00f6sningar som inte bara minskar koldioxid utsl\u00e4ppen utan skapar \u00e4ven h\u00f6gre v\u00e4rde av fastigheten och s\u00e5llar bort oseri\u00f6sa spekulanter och minskar on\u00f6diga fakta f\u00f6rfr\u00e5gningar.\u00a0<\/p><p>Med digitala m\u00f6ten, digitala visningar och Augmented Reality har ni m\u00f6jlighet att\u00a0<strong>minska ert klimatavtrycket<\/strong>\u00a0upp till flera ton koldioxid\u00a0CO2\u00a0\u2013 f\u00f6r ett mer h\u00e5llbart samh\u00e4lle.<\/p><p>Med v\u00e5ra high-end digitala tj\u00e4nster, \u00e4r det\u00a0<strong>inte n\u00f6dv\u00e4ndigt f\u00f6r spekulanter<\/strong>\u00a0att\u00a0<strong>fysiskt beh\u00f6va bes\u00f6ka<\/strong>\u00a0objektet \u2013 eftersom v\u00e5ra visningar erbjuder mer detaljerad information \u00e4n vid ett personligt bes\u00f6k.<\/p><p>Med Augmented Reality \u2013 beh\u00f6ver spekulanter inte fysiskt bes\u00f6ka fastigheten f\u00f6r att uppleva och g\u00e5 runt i fastigheten f\u00f6r att f\u00e5 en b\u00e4ttre f\u00f6rst\u00e5else av fastighetens verkliga storlek <\/p><p>Med enbart ett knapptryck direkt via webbl\u00e4saren kan spekulanter placera och visualisera fastigheten i sin egna milj\u00f6 i ordinarie skala 1:1 \u2013 Det kallar vi <b>Net-Zero Travel<\/b><\/p>\t\t\t\t\t\t\t\t<\/div>\n\t\t\t\t<div class=\"elementor-element elementor-element-d891a35 elementor-align-center elementor-widget elementor-widget-button\" data-id=\"d891a35\" data-element_type=\"widget\" data-widget_type=\"button.default\">\n\t\t\t\t\t\t\t\t\t\t<a class=\"elementor-button elementor-button-link elementor-size-sm\" href=\"https:\/\/huset.se\/kontakta_oss\/\">\n\t\t\t\t\t\t<span class=\"elementor-button-content-wrapper\">\n\t\t\t\t\t\t<span class=\"elementor-button-icon\">\n\t\t\t\t<svg aria-hidden=\"true\" class=\"e-font-icon-svg e-far-gem\" viewBox=\"0 0 576 512\" xmlns=\"http:\/\/www.w3.org\/2000\/svg\"><path d=\"M464 0H112c-4 0-7.8 2-10 5.4L2 152.6c-2.9 4.4-2.6 10.2.7 14.2l276 340.8c4.8 5.9 13.8 5.9 18.6 0l276-340.8c3.3-4.1 3.6-9.8.7-14.2L474.1 5.4C471.8 2 468.1 0 464 0zm-19.3 48l63.3 96h-68.4l-51.7-96h56.8zm-202.1 0h90.7l51.7 96H191l51.6-96zm-111.3 0h56.8l-51.7 96H68l63.3-96zm-43 144h51.4L208 352 88.3 192zm102.9 0h193.6L288 435.3 191.2 192zM368 352l68.2-160h51.4L368 352z\"><\/path><\/svg>\t\t\t<\/span>\n\t\t\t\t\t\t\t\t\t<span class=\"elementor-button-text\">Kontakta oss f\u00f6r en personlig visning<\/span>\n\t\t\t\t\t<\/span>\n\t\t\t\t\t<\/a>\n\t\t\t\t\t\t\t\t<\/div>\n\t\t\t\t<div class=\"elementor-element elementor-element-fd5687f elementor-widget elementor-widget-spacer\" data-id=\"fd5687f\" data-element_type=\"widget\" data-widget_type=\"spacer.default\">\n\t\t\t\t\t\t\t<div class=\"elementor-spacer\">\n\t\t\t<div class=\"elementor-spacer-inner\"><\/div>\n\t\t<\/div>\n\t\t\t\t\t\t<\/div>\n\t\t\t\t\t<\/div>\n\t\t<\/div>\n\t\t\t\t\t<\/div>\n\t\t<\/section>\n\t\t\t\t<\/div>\n\t\t","protected":false},"excerpt":{"rendered":"<p>NET Zero Med digitala m\u00f6ten, digitala visningar och Augmented Reality har ni m\u00f6jlighet att\u00a0minska ert klimatavtrycket\u00a0upp till flera ton koldioxid\u00a0CO2 Travel Givetvis g\u00e5r det \u00e5t energi i en serverhall n\u00e5gonstans i Sverige n\u00e4r du bjuder in en spekulant till en digital visning. D\u00e4remot g\u00e5r det knappast att j\u00e4mf\u00f6ra klimatavtrycket mellan en digital visning och en [&hellip;]<\/p>\n","protected":false},"author":26,"featured_media":0,"parent":0,"menu_order":0,"comment_status":"closed","ping_status":"closed","template":"template\/template-homepage.php","meta":{"_et_pb_use_builder":"","_et_pb_old_content":"","_et_gb_content_width":"","footnotes":""},"class_list":["post-23229","page","type-page","status-publish","hentry"],"_links":{"self":[{"href":"https:\/\/huset.se\/sv\/wp-json\/wp\/v2\/pages\/23229","targetHints":{"allow":["GET"]}}],"collection":[{"href":"https:\/\/huset.se\/sv\/wp-json\/wp\/v2\/pages"}],"about":[{"href":"https:\/\/huset.se\/sv\/wp-json\/wp\/v2\/types\/page"}],"author":[{"embeddable":true,"href":"https:\/\/huset.se\/sv\/wp-json\/wp\/v2\/users\/26"}],"replies":[{"embeddable":true,"href":"https:\/\/huset.se\/sv\/wp-json\/wp\/v2\/comments?post=23229"}],"version-history":[{"count":0,"href":"https:\/\/huset.se\/sv\/wp-json\/wp\/v2\/pages\/23229\/revisions"}],"wp:attachment":[{"href":"https:\/\/huset.se\/sv\/wp-json\/wp\/v2\/media?parent=23229"}],"curies":[{"name":"wp","href":"https:\/\/api.w.org\/{rel}","templated":true}]}}