{"id":22145,"date":"2023-06-30T19:21:16","date_gmt":"2023-06-30T17:21:16","guid":{"rendered":"https:\/\/huset.se\/?page_id=22145"},"modified":"2024-05-17T15:14:28","modified_gmt":"2024-05-17T13:14:28","slug":"anvandarvillkor","status":"publish","type":"page","link":"https:\/\/huset.se\/sv\/anvandarvillkor\/","title":{"rendered":"Anv\u00e4ndarvillkor"},"content":{"rendered":"\t\t<div data-elementor-type=\"wp-page\" data-elementor-id=\"22145\" class=\"elementor elementor-22145\">\n\t\t\t\t\t\t<section class=\"elementor-section elementor-top-section elementor-element elementor-element-76f1ccc elementor-section-boxed elementor-section-height-default elementor-section-height-default\" data-id=\"76f1ccc\" data-element_type=\"section\" data-settings=\"{&quot;background_background&quot;:&quot;classic&quot;}\">\n\t\t\t\t\t\t<div class=\"elementor-container elementor-column-gap-default\">\n\t\t\t\t\t<div class=\"elementor-column elementor-col-100 elementor-top-column elementor-element elementor-element-73c27f2a\" data-id=\"73c27f2a\" data-element_type=\"column\">\n\t\t\t<div class=\"elementor-widget-wrap elementor-element-populated\">\n\t\t\t\t\t\t<div class=\"elementor-element elementor-element-a446e22 elementor-widget elementor-widget-spacer\" data-id=\"a446e22\" data-element_type=\"widget\" data-widget_type=\"spacer.default\">\n\t\t\t\t\t\t\t<div class=\"elementor-spacer\">\n\t\t\t<div class=\"elementor-spacer-inner\"><\/div>\n\t\t<\/div>\n\t\t\t\t\t\t<\/div>\n\t\t\t\t<div class=\"elementor-element elementor-element-4f2e8f4 elementor-widget elementor-widget-text-editor\" data-id=\"4f2e8f4\" data-element_type=\"widget\" data-widget_type=\"text-editor.default\">\n\t\t\t\t\t\t\t\t\t<h1 style=\"font-size: 2.53333rem;\">Anv\u00e4ndarvillkor &#8211;<br \/>Huset<\/h1><div>\u00a0<\/div><div><h3><span style=\"font-size: 19px; text-transform: none;\">Dessa anv\u00e4ndarvillkoren g\u00e4ller f\u00f6r\u00a0<\/span><img decoding=\"async\" style=\"font-size: 19px; text-transform: none;\" src=\"https:\/\/huset.se\/wp-content\/uploads\/2023\/06\/skyab.jpg\" alt=\"\" width=\"273\" height=\"19\"><span style=\"font-size: 19px; text-transform: none;\">s (org.nr\u00a0<\/span><img decoding=\"async\" style=\"font-size: 19px; text-transform: none;\" src=\"https:\/\/huset.se\/wp-content\/uploads\/2024\/05\/Org.jpg\" alt=\"\" width=\"102\" height=\"15\"><span style=\"font-size: 19px; text-transform: none;\">\u00a0&#8211; &#8221;Huset.se&#8221;, &#8221;<\/span><img decoding=\"async\" style=\"font-size: 19px; text-transform: none;\" src=\"https:\/\/huset.se\/wp-content\/uploads\/2024\/05\/ab.jpg\" alt=\"\" width=\"102\" height=\"15\"><span style=\"font-size: 19px; text-transform: none;\">&#8221;, eller &#8221;vi&#8221;) tillhandah\u00e5llande av huset.se och omfattar alla de annonser och allt det inneh\u00e5ll som Huset publicerar i sina olika marknadsf\u00f6ringskanaler (samtliga marknadsf\u00f6ringskanaler ben\u00e4mns forts\u00e4ttningsvis gemensamt &#8221;Huset&#8221;) oavsett hur bes\u00f6ket sker eller p\u00e5 vilket s\u00e4tt tillg\u00e5ng bereds till inneh\u00e5llet p\u00e5 webbplatsen www.huset.se<\/span><\/h3><\/div><h3>1. Immateriella R\u00e4ttigheter<\/h3><p>Det finns Inneh\u00e5ll p\u00e5 Huset.se som \u00e4r skyddad av immaterialr\u00e4ttslig lagstiftning, inklusive upphovsr\u00e4tt. HUset.se har en databas som skyddas enligt upphovsr\u00e4ttslagen. Om anv\u00e4ndarvillkoren inte f\u00f6ljs kan det inneb\u00e4ra att Huset.se eller Husets licensgivares immateriella r\u00e4ttigheter kr\u00e4nks, vilket kan leda till r\u00e4ttsliga p\u00e5f\u00f6ljder och skyldighet att betala ers\u00e4ttning.<br \/>Kommersiell eller systematisk anv\u00e4ndning av Huset \u00e4r strikt ICKE till\u00e5ten, och det \u00e4r f\u00f6rbjudet att anv\u00e4nda automatiserade tj\u00e4nster, s\u00e5som spindling, robotar eller indexeringstekniker f\u00f6r att samla eller p\u00e5 annat s\u00e4tt dra nytta av inneh\u00e5llet p\u00e5 Huset.se. Oavsett metod \u00e4r det inte till\u00e5tet att kopiera inneh\u00e5llet p\u00e5 Huset.se eller g\u00f6ra det tillg\u00e4ngligt f\u00f6r allm\u00e4nheten.<\/p><h3>2. L\u00e4nkning till huset<\/h3><p>Alla former av inb\u00e4ddning ich &#8221;hot-linking&#8221; \u00e4r f\u00f6rbjudet. Det \u00e4r till\u00e5tet att l\u00e4nka till Huset.se, dock vill Huset att bes\u00f6karen flyttas till v\u00e5r dom\u00e4n och att l\u00e4nken inte \u00e4r integrerad p\u00e5 andra webbplatser.<\/p><h3>3. Vad r\u00e4knas som till\u00e5ten anv\u00e4ndning?<\/h3><p>Huset.se \u00e4r avsedd f\u00f6r normal anv\u00e4nding av bes\u00f6kare. Att surfa, dela, posta l\u00e4nkar till bostadsannonser i olika kanaler \u00e4r till\u00e5tet. Om bostandsannonsen \u00e4r markerad som &#8221;privat&#8221; \u00e4r det strikt f\u00f6rbjudet att med olika metoder f\u00f6rs\u00f6ka ta del utav bostadsannonsen och\/eller dela denna information med n\u00e5gon annan om du inte innehar ett skriftligt godk\u00e4nnande fr\u00e5n huset.se.<\/p><h3><span style=\"font-size: 19px; text-transform: none;\">Senast uppdaterad den 2024-05-17<\/span><\/h3>\t\t\t\t\t\t\t\t<\/div>\n\t\t\t\t\t<\/div>\n\t\t<\/div>\n\t\t\t\t\t<\/div>\n\t\t<\/section>\n\t\t\t\t<\/div>\n\t\t","protected":false},"excerpt":{"rendered":"<p>Anv\u00e4ndarvillkor &#8211;Huset \u00a0 Dessa anv\u00e4ndarvillkoren g\u00e4ller f\u00f6r\u00a0s (org.nr\u00a0\u00a0&#8211; &#8221;Huset.se&#8221;, &#8221;&#8221;, eller &#8221;vi&#8221;) tillhandah\u00e5llande av huset.se och omfattar alla de annonser och allt det inneh\u00e5ll som Huset publicerar i sina olika marknadsf\u00f6ringskanaler (samtliga marknadsf\u00f6ringskanaler ben\u00e4mns forts\u00e4ttningsvis gemensamt &#8221;Huset&#8221;) oavsett hur bes\u00f6ket sker eller p\u00e5 vilket s\u00e4tt tillg\u00e5ng bereds till inneh\u00e5llet p\u00e5 webbplatsen www.huset.se 1. Immateriella R\u00e4ttigheter [&hellip;]<\/p>\n","protected":false},"author":26,"featured_media":0,"parent":0,"menu_order":0,"comment_status":"closed","ping_status":"closed","template":"elementor_header_footer","meta":{"_et_pb_use_builder":"","_et_pb_old_content":"","_et_gb_content_width":"","footnotes":""},"class_list":["post-22145","page","type-page","status-publish","hentry"],"_links":{"self":[{"href":"https:\/\/huset.se\/sv\/wp-json\/wp\/v2\/pages\/22145","targetHints":{"allow":["GET"]}}],"collection":[{"href":"https:\/\/huset.se\/sv\/wp-json\/wp\/v2\/pages"}],"about":[{"href":"https:\/\/huset.se\/sv\/wp-json\/wp\/v2\/types\/page"}],"author":[{"embeddable":true,"href":"https:\/\/huset.se\/sv\/wp-json\/wp\/v2\/users\/26"}],"replies":[{"embeddable":true,"href":"https:\/\/huset.se\/sv\/wp-json\/wp\/v2\/comments?post=22145"}],"version-history":[{"count":10,"href":"https:\/\/huset.se\/sv\/wp-json\/wp\/v2\/pages\/22145\/revisions"}],"predecessor-version":[{"id":25982,"href":"https:\/\/huset.se\/sv\/wp-json\/wp\/v2\/pages\/22145\/revisions\/25982"}],"wp:attachment":[{"href":"https:\/\/huset.se\/sv\/wp-json\/wp\/v2\/media?parent=22145"}],"curies":[{"name":"wp","href":"https:\/\/api.w.org\/{rel}","templated":true}]}}