{"id":22112,"date":"2023-06-29T18:10:55","date_gmt":"2023-06-29T16:10:55","guid":{"rendered":"https:\/\/huset.se\/?page_id=22112"},"modified":"2024-05-17T15:15:13","modified_gmt":"2024-05-17T13:15:13","slug":"villkor","status":"publish","type":"page","link":"https:\/\/huset.se\/sv\/villkor\/","title":{"rendered":"Villkor"},"content":{"rendered":"\t\t<div data-elementor-type=\"wp-page\" data-elementor-id=\"22112\" class=\"elementor elementor-22112\">\n\t\t\t\t\t\t<section class=\"elementor-section elementor-top-section elementor-element elementor-element-76f1ccc elementor-section-boxed elementor-section-height-default elementor-section-height-default\" data-id=\"76f1ccc\" data-element_type=\"section\" data-settings=\"{&quot;background_background&quot;:&quot;classic&quot;}\">\n\t\t\t\t\t\t<div class=\"elementor-container elementor-column-gap-default\">\n\t\t\t\t\t<div class=\"elementor-column elementor-col-100 elementor-top-column elementor-element elementor-element-73c27f2a\" data-id=\"73c27f2a\" data-element_type=\"column\">\n\t\t\t<div class=\"elementor-widget-wrap elementor-element-populated\">\n\t\t\t\t\t\t<div class=\"elementor-element elementor-element-a446e22 elementor-widget elementor-widget-spacer\" data-id=\"a446e22\" data-element_type=\"widget\" data-widget_type=\"spacer.default\">\n\t\t\t\t\t\t\t<div class=\"elementor-spacer\">\n\t\t\t<div class=\"elementor-spacer-inner\"><\/div>\n\t\t<\/div>\n\t\t\t\t\t\t<\/div>\n\t\t\t\t<div class=\"elementor-element elementor-element-4f2e8f4 elementor-widget elementor-widget-text-editor\" data-id=\"4f2e8f4\" data-element_type=\"widget\" data-widget_type=\"text-editor.default\">\n\t\t\t\t\t\t\t\t\t<h1 style=\"font-size: 2.53333rem;\">Villkor<p><\/p>\n<\/h1>\n<div>&nbsp;<\/div>\n<div>\n<h3><span style=\"font-size: 1.75rem;\"><a href=\"https:\/\/huset.se\/anvandarvillkor\/\">Anv\u00e4ndarvillkor<\/a><\/span><\/h3>\n<\/div>\n<p>Du hittar h\u00e4r information och villkor f\u00f6r dig (&#8221;som bes\u00f6kare&#8221;) som anv\u00e4nder www.huset.se och omfattar alla de fastighetsannonser och allt det inneh\u00e5ll som Huset publicerar. <a href=\"https:\/\/huset.se\/anvandarvillkor\/\">Klicka h\u00e4r<\/a><br><span style=\"color: #161616; font-family: Roboto, Arial, sans-serif;\"><span style=\"font-size: 16px;\"><br><\/span><\/span><\/p>\n<div>\n<h3><a href=\"https:\/\/huset.se\/cookies\/\" target=\"_blank\">Kakor<\/a><br><\/h3>\n<\/div>\n<p>Du hittar h\u00e4r en sammanst\u00e4llning \u00f6ver vad kakor (&#8221;cookies&#8221;) \u00e4r samt hur och varf\u00f6r huset.se anv\u00e4nder kakor p\u00e5 webbplatsen. <a href=\"https:\/\/huset.se\/cookies\/\">Klicka h\u00e4r<\/a><\/p>\n<p><br><\/p>\n<p><\/p>\n<div>\n<h3><a href=\"https:\/\/huset.se\/integritet\/\">Personuppgiftspolicy<\/a><\/h3>\n<\/div>\n<p>Du hittar information om vad och hur vi behandlar dina personuppgifter samt i vilke syfte.&nbsp;<a href=\"https:\/\/huset.se\/integritet\/\" target=\"_blank\" style=\"background-color: rgb(255, 255, 255);\">Klicka h\u00e4r<\/a><\/p>\n<h1 style=\"font-size: 2.53333rem;\">&nbsp;<\/h1>\t\t\t\t\t\t\t\t<\/div>\n\t\t\t\t\t<\/div>\n\t\t<\/div>\n\t\t\t\t\t<\/div>\n\t\t<\/section>\n\t\t\t\t<\/div>\n\t\t","protected":false},"excerpt":{"rendered":"<p>Villkor &nbsp; Anv\u00e4ndarvillkor Du hittar h\u00e4r information och villkor f\u00f6r dig (&#8221;som bes\u00f6kare&#8221;) som anv\u00e4nder www.huset.se och omfattar alla de fastighetsannonser och allt det inneh\u00e5ll som Huset publicerar. Klicka h\u00e4r Kakor Du hittar h\u00e4r en sammanst\u00e4llning \u00f6ver vad kakor (&#8221;cookies&#8221;) \u00e4r samt hur och varf\u00f6r huset.se anv\u00e4nder kakor p\u00e5 webbplatsen. Klicka h\u00e4r Personuppgiftspolicy Du hittar [&hellip;]<\/p>\n","protected":false},"author":26,"featured_media":0,"parent":0,"menu_order":0,"comment_status":"closed","ping_status":"closed","template":"elementor_header_footer","meta":{"_et_pb_use_builder":"","_et_pb_old_content":"","_et_gb_content_width":"","footnotes":""},"class_list":["post-22112","page","type-page","status-publish","hentry"],"_links":{"self":[{"href":"https:\/\/huset.se\/sv\/wp-json\/wp\/v2\/pages\/22112","targetHints":{"allow":["GET"]}}],"collection":[{"href":"https:\/\/huset.se\/sv\/wp-json\/wp\/v2\/pages"}],"about":[{"href":"https:\/\/huset.se\/sv\/wp-json\/wp\/v2\/types\/page"}],"author":[{"embeddable":true,"href":"https:\/\/huset.se\/sv\/wp-json\/wp\/v2\/users\/26"}],"replies":[{"embeddable":true,"href":"https:\/\/huset.se\/sv\/wp-json\/wp\/v2\/comments?post=22112"}],"version-history":[{"count":1,"href":"https:\/\/huset.se\/sv\/wp-json\/wp\/v2\/pages\/22112\/revisions"}],"predecessor-version":[{"id":26011,"href":"https:\/\/huset.se\/sv\/wp-json\/wp\/v2\/pages\/22112\/revisions\/26011"}],"wp:attachment":[{"href":"https:\/\/huset.se\/sv\/wp-json\/wp\/v2\/media?parent=22112"}],"curies":[{"name":"wp","href":"https:\/\/api.w.org\/{rel}","templated":true}]}}