{"id":1648,"date":"2024-04-01T16:11:19","date_gmt":"2024-04-01T14:11:19","guid":{"rendered":"https:\/\/demo07.houzez.co\/?page_id=1648"},"modified":"2024-04-01T16:11:21","modified_gmt":"2024-04-01T14:11:21","slug":"search-results-2","status":"publish","type":"page","link":"https:\/\/huset.se\/sv\/search-results-2\/","title":{"rendered":"Search Results"},"content":{"rendered":"\t\t<div data-elementor-type=\"wp-page\" data-elementor-id=\"1648\" class=\"elementor elementor-1648\">\n\t\t\t\t\t\t<section class=\"elementor-section elementor-top-section elementor-element elementor-element-62f102e elementor-section-boxed elementor-section-height-default elementor-section-height-default\" data-id=\"62f102e\" data-element_type=\"section\">\n\t\t\t\t\t\t<div class=\"elementor-container elementor-column-gap-default\">\n\t\t\t\t\t<div class=\"elementor-column elementor-col-33 elementor-top-column elementor-element elementor-element-60d0c32\" data-id=\"60d0c32\" data-element_type=\"column\">\n\t\t\t<div class=\"elementor-widget-wrap\">\n\t\t\t\t\t\t\t<\/div>\n\t\t<\/div>\n\t\t\t\t<div class=\"elementor-column elementor-col-33 elementor-top-column elementor-element elementor-element-1719822\" data-id=\"1719822\" data-element_type=\"column\">\n\t\t\t<div class=\"elementor-widget-wrap elementor-element-populated\">\n\t\t\t\t\t\t<div class=\"elementor-element elementor-element-b74c2f8 onclk elementor-widget elementor-widget-html\" data-id=\"b74c2f8\" data-element_type=\"widget\" data-widget_type=\"html.default\">\n\t\t\t\t\t<button onclick=\"myFunction()\">Avancerad filtrering<\/button>\t\t\t\t<\/div>\n\t\t\t\t\t<\/div>\n\t\t<\/div>\n\t\t\t\t<div class=\"elementor-column elementor-col-33 elementor-top-column elementor-element elementor-element-572cd44\" data-id=\"572cd44\" data-element_type=\"column\">\n\t\t\t<div class=\"elementor-widget-wrap\">\n\t\t\t\t\t\t\t<\/div>\n\t\t<\/div>\n\t\t\t\t\t<\/div>\n\t\t<\/section>\n\t\t\t\t<section class=\"elementor-section elementor-top-section elementor-element elementor-element-227e45e elementor-section-boxed elementor-section-height-default elementor-section-height-default\" data-id=\"227e45e\" data-element_type=\"section\">\n\t\t\t\t\t\t<div class=\"elementor-container elementor-column-gap-default\">\n\t\t\t\t\t<div class=\"elementor-column elementor-col-100 elementor-top-column elementor-element elementor-element-4ff2248\" data-id=\"4ff2248\" data-element_type=\"column\">\n\t\t\t<div class=\"elementor-widget-wrap elementor-element-populated\">\n\t\t\t\t\t\t<div class=\"elementor-element elementor-element-81e7c07 elementor-widget elementor-widget-html\" data-id=\"81e7c07\" data-element_type=\"widget\" data-widget_type=\"html.default\">\n\t\t\t\t\t<script>function myFunction() {var x = document.getElementById(\"dsec\");if (x.style.display === \"none\") {x.style.display = \"block\";} else {x.style.display = \"none\";}}<\/script>\t\t\t\t<\/div>\n\t\t\t\t\t<\/div>\n\t\t<\/div>\n\t\t\t\t\t<\/div>\n\t\t<\/section>\n\t\t\t\t<\/div>\n\t\t","protected":false},"excerpt":{"rendered":"<p>Avancerad filtrering Exklusiva fastigheter till salu Objekt med endast onlinevisning? Visa alla objektja Typ av fastighet \u2606 Kommersiella fastigheter\u2606 Privata fastigheter &#8211; Bostadsr\u00e4tt &#8211; Fritidshus &#8211; G\u00e5rdar\/skogar &#8211; L\u00e4genhet &#8211; Radhus &#8211; Studio &#8211; Tomt &#8211; VillaAnnat V\u00e4lj L\u00e4n Hela SverigeBlekinge l\u00e4nDalarnas l\u00e4nG\u00e4vleborgs l\u00e4nGotlands l\u00e4nHallands l\u00e4nJ\u00e4mtlands l\u00e4nJ\u00f6nk\u00f6pings l\u00e4nKalmar l\u00e4nKronobergs l\u00e4nNorrbottens l\u00e4n\u00d6sterg\u00f6tlands l\u00e4nSk\u00e5ne l\u00e4nS\u00f6dermanlands l\u00e4nStockholms l\u00e4nUppsala [&hellip;]<\/p>\n","protected":false},"author":26,"featured_media":0,"parent":0,"menu_order":0,"comment_status":"closed","ping_status":"closed","template":"template\/template-search.php","meta":{"_et_pb_use_builder":"","_et_pb_old_content":"","_et_gb_content_width":"","footnotes":""},"class_list":["post-1648","page","type-page","status-publish","hentry"],"_links":{"self":[{"href":"https:\/\/huset.se\/sv\/wp-json\/wp\/v2\/pages\/1648","targetHints":{"allow":["GET"]}}],"collection":[{"href":"https:\/\/huset.se\/sv\/wp-json\/wp\/v2\/pages"}],"about":[{"href":"https:\/\/huset.se\/sv\/wp-json\/wp\/v2\/types\/page"}],"author":[{"embeddable":true,"href":"https:\/\/huset.se\/sv\/wp-json\/wp\/v2\/users\/26"}],"replies":[{"embeddable":true,"href":"https:\/\/huset.se\/sv\/wp-json\/wp\/v2\/comments?post=1648"}],"version-history":[{"count":0,"href":"https:\/\/huset.se\/sv\/wp-json\/wp\/v2\/pages\/1648\/revisions"}],"wp:attachment":[{"href":"https:\/\/huset.se\/sv\/wp-json\/wp\/v2\/media?parent=1648"}],"curies":[{"name":"wp","href":"https:\/\/api.w.org\/{rel}","templated":true}]}}