{"id":27039,"date":"2025-05-20T17:00:11","date_gmt":"2025-05-20T15:00:11","guid":{"rendered":"https:\/\/huset.se\/?page_id=27039"},"modified":"2025-05-23T12:28:09","modified_gmt":"2025-05-23T10:28:09","slug":"nyproduktion","status":"publish","type":"page","link":"https:\/\/huset.se\/nb\/nyproduktion\/","title":{"rendered":"Ny produksjon"},"content":{"rendered":"<div data-elementor-type=\"wp-page\" data-elementor-id=\"27039\" class=\"elementor elementor-27039\">\n\t\t\t\t\t\t<section class=\"elementor-section elementor-top-section elementor-element elementor-element-413b6f6 elementor-section-height-min-height elementor-section-boxed elementor-section-height-default elementor-section-items-middle\" data-id=\"413b6f6\" data-element_type=\"section\" data-settings=\"{&quot;background_background&quot;:&quot;classic&quot;}\">\n\t\t\t\t\t\t<div class=\"elementor-container elementor-column-gap-default\">\n\t\t\t\t\t<div class=\"elementor-column elementor-col-100 elementor-top-column elementor-element elementor-element-2481df3\" data-id=\"2481df3\" data-element_type=\"column\">\n\t\t\t<div class=\"elementor-widget-wrap elementor-element-populated\">\n\t\t\t\t\t\t<section class=\"elementor-section elementor-inner-section elementor-element elementor-element-3bd056b elementor-section-boxed elementor-section-height-default elementor-section-height-default\" data-id=\"3bd056b\" data-element_type=\"section\">\n\t\t\t\t\t\t<div class=\"elementor-container elementor-column-gap-default\">\n\t\t\t\t\t<div class=\"elementor-column elementor-col-100 elementor-inner-column elementor-element elementor-element-f3c0f3d\" data-id=\"f3c0f3d\" data-element_type=\"column\">\n\t\t\t<div class=\"elementor-widget-wrap\">\n\t\t\t\t\t\t\t<\/div>\n\t\t<\/div>\n\t\t\t\t\t<\/div>\n\t\t<\/section>\n\t\t\t\t\t<\/div>\n\t\t<\/div>\n\t\t\t\t\t<\/div>\n\t\t<\/section>\n\t\t\t\t<section class=\"elementor-section elementor-top-section elementor-element elementor-element-298df88 elementor-section-content-middle elementor-section-boxed elementor-section-height-default elementor-section-height-default\" data-id=\"298df88\" data-element_type=\"section\" data-settings=\"{&quot;background_background&quot;:&quot;classic&quot;}\">\n\t\t\t\t\t\t<div class=\"elementor-container elementor-column-gap-no\">\n\t\t\t\t\t<div class=\"elementor-column elementor-col-100 elementor-top-column elementor-element elementor-element-e6d81c0\" data-id=\"e6d81c0\" data-element_type=\"column\">\n\t\t\t<div class=\"elementor-widget-wrap elementor-element-populated\">\n\t\t\t\t\t\t<div class=\"elementor-element elementor-element-afa40cc elementor-widget elementor-widget-text-editor\" data-id=\"afa40cc\" data-element_type=\"widget\" data-widget_type=\"text-editor.default\">\n\t\t\t\t\t\t\t\t\t<p class=\"\" data-start=\"562\" data-end=\"624\">Nybygg - opplev fremtidens eiendomsmegling<\/p>\t\t\t\t\t\t\t\t<\/div>\n\t\t\t\t<div class=\"elementor-element elementor-element-2508a4d elementor-widget elementor-widget-text-editor\" data-id=\"2508a4d\" data-element_type=\"widget\" data-widget_type=\"text-editor.default\">\n\t\t\t\t\t\t\t\t\t<p class=\"\" data-start=\"394\" data-end=\"660\">\u00c5 velge et nytt hjem er en beslutning fylt med visjoner, forventning og detaljer. Med Husets digitale l\u00f8sninger for nybygg tar vi denne opplevelsen til et nytt niv\u00e5 - der hver eneste kvadratmeter kan utforskes, tilpasses og forst\u00e5s, f\u00f8r et eneste skritt tas p\u00e5 byggeplassen.<\/p><h5 data-start=\"2059\" data-end=\"2323\"><strong><br \/>For arkitekter, byggherrer og eiendomsutviklere.<\/strong><\/h5><p class=\"\" data-start=\"2059\" data-end=\"2323\">V\u00e5re digitale tjenester er ikke bare for kj\u00f8peren - de effektiviserer hele prosessen for eiendomsutviklere.<br data-start=\"2178\" data-end=\"2181\" \/>Du f\u00e5r et sammenhengende digitalt milj\u00f8 der visning, utvelgelse og oppf\u00f8lging skjer med full kontroll, minimalt med administrasjon og maksimal opplevelse.<\/p><h5 data-start=\"2330\" data-end=\"2519\"><strong data-start=\"2330\" data-end=\"2385\"><br \/>Fremtidens bygninger krever fremtidens l\u00f8sninger.<br \/><\/strong><\/h5><p class=\"\" data-start=\"2330\" data-end=\"2519\">Med Huset er nybygg ikke bare oversiktlig - det er inspirerende, effektivt og tilgjengelig fra f\u00f8rste tanke til siste beslutning.<\/p>\t\t\t\t\t\t\t\t<\/div>\n\t\t\t\t\t<\/div>\n\t\t<\/div>\n\t\t\t\t\t<\/div>\n\t\t<\/section>\n\t\t\t\t<section class=\"elementor-section elementor-top-section elementor-element elementor-element-ceaff98 elementor-section-content-middle elementor-reverse-mobile elementor-reverse-tablet elementor-section-boxed elementor-section-height-default elementor-section-height-default\" data-id=\"ceaff98\" data-element_type=\"section\" data-settings=\"{&quot;background_background&quot;:&quot;classic&quot;}\">\n\t\t\t\t\t\t<div class=\"elementor-container elementor-column-gap-no\">\n\t\t\t\t\t<div class=\"elementor-column elementor-col-100 elementor-top-column elementor-element elementor-element-387c091\" data-id=\"387c091\" data-element_type=\"column\">\n\t\t\t<div class=\"elementor-widget-wrap elementor-element-populated\">\n\t\t\t\t\t\t<div class=\"elementor-element elementor-element-4882277 elementor-widget elementor-widget-image\" data-id=\"4882277\" data-element_type=\"widget\" data-widget_type=\"image.default\">\n\t\t\t\t\t\t\t\t\t\t\t\t\t\t\t<img fetchpriority=\"high\" decoding=\"async\" width=\"1113\" height=\"593\" src=\"https:\/\/huset.se\/wp-content\/uploads\/2024\/03\/bostadsvaljaren_preview.jpg\" class=\"attachment-full size-full wp-image-25014\" alt=\"Modell av et nabolagshus for boligprosjekter p\u00e5 Huset.se, senteret for urban livsstil.\" srcset=\"https:\/\/huset.se\/wp-content\/uploads\/2024\/03\/bostadsvaljaren_preview.jpg 1113w, https:\/\/huset.se\/wp-content\/uploads\/2024\/03\/bostadsvaljaren_preview-300x160.webp 300w, https:\/\/huset.se\/wp-content\/uploads\/2024\/03\/bostadsvaljaren_preview-1024x546.webp 1024w, https:\/\/huset.se\/wp-content\/uploads\/2024\/03\/bostadsvaljaren_preview-768x409.webp 768w, https:\/\/huset.se\/wp-content\/uploads\/2024\/03\/bostadsvaljaren_preview-18x10.webp 18w, https:\/\/huset.se\/wp-content\/uploads\/2024\/03\/bostadsvaljaren_preview-496x264.webp 496w\" sizes=\"(max-width: 1113px) 100vw, 1113px\" \/>\t\t\t\t\t\t\t\t\t\t\t\t\t\t\t<\/div>\n\t\t\t\t\t<\/div>\n\t\t<\/div>\n\t\t\t\t\t<\/div>\n\t\t<\/section>\n\t\t\t\t<section class=\"elementor-section elementor-top-section elementor-element elementor-element-421fa8c elementor-section-content-middle elementor-section-boxed elementor-section-height-default elementor-section-height-default\" data-id=\"421fa8c\" data-element_type=\"section\" data-settings=\"{&quot;background_background&quot;:&quot;classic&quot;}\">\n\t\t\t\t\t\t<div class=\"elementor-container elementor-column-gap-no\">\n\t\t\t\t\t<div class=\"elementor-column elementor-col-100 elementor-top-column elementor-element elementor-element-118dea6\" data-id=\"118dea6\" data-element_type=\"column\">\n\t\t\t<div class=\"elementor-widget-wrap elementor-element-populated\">\n\t\t\t\t\t\t<div class=\"elementor-element elementor-element-57f46a0 elementor-widget elementor-widget-text-editor\" data-id=\"57f46a0\" data-element_type=\"widget\" data-widget_type=\"text-editor.default\">\n\t\t\t\t\t\t\t\t\t<p>Boligvelgeren - fra oversikt til innsikt<\/p>\t\t\t\t\t\t\t\t<\/div>\n\t\t\t\t<div class=\"elementor-element elementor-element-8107d98 elementor-widget elementor-widget-text-editor\" data-id=\"8107d98\" data-element_type=\"widget\" data-widget_type=\"text-editor.default\">\n\t\t\t\t\t\t\t\t\t<p class=\"\" data-start=\"1092\" data-end=\"1413\">Home Selector er et interaktivt verkt\u00f8y som gj\u00f8r det enkelt \u00e5 se hele prosjektet og fordype seg i hvert enkelt hjem. Kundene kan navigere mellom etasjene, sammenligne beliggenheter, laste ned plantegninger, se veibeskrivelser og f\u00e5 tilgang til all relevant informasjon - alt i et intuitivt og elegant grensesnitt.<\/p><p class=\"\" data-start=\"1415\" data-end=\"1545\">Hver leilighet kan ogs\u00e5 oppleves i VR for \u00e5 f\u00e5 en realistisk f\u00f8lelse av livet i det nye hjemmet - selv f\u00f8r det er bygget. <a href=\"https:\/\/huset.se\/bostadsvaljare\/\">Les mer om boligvelgeren<\/a><\/p>\t\t\t\t\t\t\t\t<\/div>\n\t\t\t\t\t<\/div>\n\t\t<\/div>\n\t\t\t\t\t<\/div>\n\t\t<\/section>\n\t\t\t\t<section class=\"elementor-section elementor-top-section elementor-element elementor-element-aa599a3 elementor-section-boxed elementor-section-height-default elementor-section-height-default\" data-id=\"aa599a3\" data-element_type=\"section\" data-settings=\"{&quot;background_background&quot;:&quot;classic&quot;}\">\n\t\t\t\t\t\t<div class=\"elementor-container elementor-column-gap-default\">\n\t\t\t\t\t<div class=\"elementor-column elementor-col-100 elementor-top-column elementor-element elementor-element-bb233cc\" data-id=\"bb233cc\" data-element_type=\"column\">\n\t\t\t<div class=\"elementor-widget-wrap elementor-element-populated\">\n\t\t\t\t\t\t<div class=\"elementor-element elementor-element-76e9f13 elementor-widget elementor-widget-spacer\" data-id=\"76e9f13\" data-element_type=\"widget\" data-widget_type=\"spacer.default\">\n\t\t\t\t\t\t\t<div class=\"elementor-spacer\">\n\t\t\t<div class=\"elementor-spacer-inner\"><\/div>\n\t\t<\/div>\n\t\t\t\t\t\t<\/div>\n\t\t\t\t\t<\/div>\n\t\t<\/div>\n\t\t\t\t\t<\/div>\n\t\t<\/section>\n\t\t\t\t<section class=\"elementor-section elementor-top-section elementor-element elementor-element-f44eedd elementor-section-content-middle elementor-reverse-mobile elementor-reverse-tablet elementor-section-boxed elementor-section-height-default elementor-section-height-default\" data-id=\"f44eedd\" data-element_type=\"section\" data-settings=\"{&quot;background_background&quot;:&quot;classic&quot;}\">\n\t\t\t\t\t\t<div class=\"elementor-container elementor-column-gap-no\">\n\t\t\t\t\t<div class=\"elementor-column elementor-col-100 elementor-top-column elementor-element elementor-element-aca57cc\" data-id=\"aca57cc\" data-element_type=\"column\">\n\t\t\t<div class=\"elementor-widget-wrap elementor-element-populated\">\n\t\t\t\t\t\t<div class=\"elementor-element elementor-element-d297611 elementor-widget elementor-widget-image\" data-id=\"d297611\" data-element_type=\"widget\" data-widget_type=\"image.default\">\n\t\t\t\t\t\t\t\t\t\t\t\t\t\t\t<img decoding=\"async\" width=\"2560\" height=\"1707\" src=\"https:\/\/huset.se\/wp-content\/uploads\/2023\/12\/kok-scaled.jpg\" class=\"attachment-full size-full wp-image-23691\" alt=\"Alta-tekst: Moderne kj\u00f8kken med gr\u00e5 skap, gasskomfyr og kj\u00f8kkenutstyr i lyse toner.\" srcset=\"https:\/\/huset.se\/wp-content\/uploads\/2023\/12\/kok-scaled.jpg 2560w, https:\/\/huset.se\/wp-content\/uploads\/2023\/12\/kok-300x200.jpg 300w, https:\/\/huset.se\/wp-content\/uploads\/2023\/12\/kok-1024x683.jpg 1024w, https:\/\/huset.se\/wp-content\/uploads\/2023\/12\/kok-768x512.jpg 768w, https:\/\/huset.se\/wp-content\/uploads\/2023\/12\/kok-1536x1024.jpg 1536w, https:\/\/huset.se\/wp-content\/uploads\/2023\/12\/kok-2048x1365.jpg 2048w, https:\/\/huset.se\/wp-content\/uploads\/2023\/12\/kok-18x12.jpg 18w, https:\/\/huset.se\/wp-content\/uploads\/2023\/12\/kok-900x600.jpg 900w, https:\/\/huset.se\/wp-content\/uploads\/2023\/12\/kok-496x331.jpg 496w\" sizes=\"(max-width: 2560px) 100vw, 2560px\" \/>\t\t\t\t\t\t\t\t\t\t\t\t\t\t\t<\/div>\n\t\t\t\t\t<\/div>\n\t\t<\/div>\n\t\t\t\t\t<\/div>\n\t\t<\/section>\n\t\t\t\t<section class=\"elementor-section elementor-top-section elementor-element elementor-element-f1f4f8a elementor-section-content-middle elementor-section-boxed elementor-section-height-default elementor-section-height-default\" data-id=\"f1f4f8a\" data-element_type=\"section\" data-settings=\"{&quot;background_background&quot;:&quot;classic&quot;}\">\n\t\t\t\t\t\t<div class=\"elementor-container elementor-column-gap-no\">\n\t\t\t\t\t<div class=\"elementor-column elementor-col-100 elementor-top-column elementor-element elementor-element-76b7597\" data-id=\"76b7597\" data-element_type=\"column\">\n\t\t\t<div class=\"elementor-widget-wrap elementor-element-populated\">\n\t\t\t\t\t\t<div class=\"elementor-element elementor-element-3d49b97 elementor-widget elementor-widget-text-editor\" data-id=\"3d49b97\" data-element_type=\"widget\" data-widget_type=\"text-editor.default\">\n\t\t\t\t\t\t\t\t\t<p>Konfiguratoren - gj\u00f8r hjemmet ditt personlig<\/p>\t\t\t\t\t\t\t\t<\/div>\n\t\t\t\t<div class=\"elementor-element elementor-element-043dcc9 elementor-widget elementor-widget-text-editor\" data-id=\"043dcc9\" data-element_type=\"widget\" data-widget_type=\"text-editor.default\">\n\t\t\t\t\t\t\t\t\t<p class=\"\" data-start=\"1600\" data-end=\"1857\">V\u00e5r eksklusive konfigurator tilbyr et sofistikert tilvalgssystem som gj\u00f8r det mulig for kj\u00f8perne \u00e5 skreddersy hjemmet sitt etter egen smak. Ved hjelp av inspirasjonspakker og stilkonsepter kan kundene velge interi\u00f8rl\u00f8sninger, materialer og fargevalg - direkte i verkt\u00f8yet.<\/p><p class=\"\" data-start=\"1859\" data-end=\"1993\">Valgene visualiseres tydelig i sanntid, og en fullstendig oversikt genereres automatisk - klar til \u00e5 integreres i prosjektstyring og innkj\u00f8p. <a href=\"https:\/\/huset.se\/konfigurator\/\">Les mer om konfiguratoren<\/a><\/p>\t\t\t\t\t\t\t\t<\/div>\n\t\t\t\t\t<\/div>\n\t\t<\/div>\n\t\t\t\t\t<\/div>\n\t\t<\/section>\n\t\t\t\t<\/div>","protected":false},"excerpt":{"rendered":"<p>Nybygg - opplev fremtidens eiendomsmegling \u00c5 velge et nytt hjem er en beslutning fylt med visjoner, forventning og detaljer. Med Husets digitale l\u00f8sninger for nybygg tar vi denne opplevelsen til et nytt niv\u00e5 - der hver eneste kvadratmeter kan utforskes, tilpasses og forst\u00e5s, f\u00f8r et eneste skritt tas p\u00e5 byggeplassen. For arkitekter, byggherrer og eiendomsutviklere. V\u00e5re [...]<\/p>","protected":false},"author":25,"featured_media":0,"parent":0,"menu_order":0,"comment_status":"closed","ping_status":"closed","template":"template\/template-homepage.php","meta":{"_et_pb_use_builder":"","_et_pb_old_content":"","_et_gb_content_width":"","footnotes":""},"class_list":["post-27039","page","type-page","status-publish","hentry"],"_links":{"self":[{"href":"https:\/\/huset.se\/nb\/wp-json\/wp\/v2\/pages\/27039","targetHints":{"allow":["GET"]}}],"collection":[{"href":"https:\/\/huset.se\/nb\/wp-json\/wp\/v2\/pages"}],"about":[{"href":"https:\/\/huset.se\/nb\/wp-json\/wp\/v2\/types\/page"}],"author":[{"embeddable":true,"href":"https:\/\/huset.se\/nb\/wp-json\/wp\/v2\/users\/25"}],"replies":[{"embeddable":true,"href":"https:\/\/huset.se\/nb\/wp-json\/wp\/v2\/comments?post=27039"}],"version-history":[{"count":19,"href":"https:\/\/huset.se\/nb\/wp-json\/wp\/v2\/pages\/27039\/revisions"}],"predecessor-version":[{"id":27736,"href":"https:\/\/huset.se\/nb\/wp-json\/wp\/v2\/pages\/27039\/revisions\/27736"}],"wp:attachment":[{"href":"https:\/\/huset.se\/nb\/wp-json\/wp\/v2\/media?parent=27039"}],"curies":[{"name":"wp","href":"https:\/\/api.w.org\/{rel}","templated":true}]}}