{"id":27009,"date":"2025-05-20T16:25:51","date_gmt":"2025-05-20T14:25:51","guid":{"rendered":"https:\/\/huset.se\/?page_id=27009"},"modified":"2025-06-12T11:18:39","modified_gmt":"2025-06-12T09:18:39","slug":"ai-saljassistent","status":"publish","type":"page","link":"https:\/\/huset.se\/nb\/ai-saljassistent\/","title":{"rendered":"Ai salgsassistent"},"content":{"rendered":"<div data-elementor-type=\"wp-page\" data-elementor-id=\"27009\" class=\"elementor elementor-27009\">\n\t\t\t\t\t\t<section class=\"elementor-section elementor-top-section elementor-element elementor-element-413b6f6 elementor-section-height-min-height elementor-section-boxed elementor-section-height-default elementor-section-items-middle\" data-id=\"413b6f6\" data-element_type=\"section\" data-settings=\"{&quot;background_background&quot;:&quot;classic&quot;}\">\n\t\t\t\t\t\t<div class=\"elementor-container elementor-column-gap-default\">\n\t\t\t\t\t<div class=\"elementor-column elementor-col-100 elementor-top-column elementor-element elementor-element-2481df3\" data-id=\"2481df3\" data-element_type=\"column\">\n\t\t\t<div class=\"elementor-widget-wrap elementor-element-populated\">\n\t\t\t\t\t\t<section class=\"elementor-section elementor-inner-section elementor-element elementor-element-3bd056b elementor-section-boxed elementor-section-height-default elementor-section-height-default\" data-id=\"3bd056b\" data-element_type=\"section\">\n\t\t\t\t\t\t<div class=\"elementor-container elementor-column-gap-default\">\n\t\t\t\t\t<div class=\"elementor-column elementor-col-100 elementor-inner-column elementor-element elementor-element-f3c0f3d\" data-id=\"f3c0f3d\" data-element_type=\"column\">\n\t\t\t<div class=\"elementor-widget-wrap\">\n\t\t\t\t\t\t\t<\/div>\n\t\t<\/div>\n\t\t\t\t\t<\/div>\n\t\t<\/section>\n\t\t\t\t\t<\/div>\n\t\t<\/div>\n\t\t\t\t\t<\/div>\n\t\t<\/section>\n\t\t\t\t<section class=\"elementor-section elementor-top-section elementor-element elementor-element-a2b7ec5 elementor-section-content-middle elementor-reverse-mobile elementor-reverse-tablet elementor-section-boxed elementor-section-height-default elementor-section-height-default\" data-id=\"a2b7ec5\" data-element_type=\"section\" data-settings=\"{&quot;background_background&quot;:&quot;classic&quot;}\">\n\t\t\t\t\t\t<div class=\"elementor-container elementor-column-gap-no\">\n\t\t\t\t\t<div class=\"elementor-column elementor-col-100 elementor-top-column elementor-element elementor-element-4aa6921\" data-id=\"4aa6921\" data-element_type=\"column\">\n\t\t\t<div class=\"elementor-widget-wrap\">\n\t\t\t\t\t\t\t<\/div>\n\t\t<\/div>\n\t\t\t\t\t<\/div>\n\t\t<\/section>\n\t\t\t\t<section class=\"elementor-section elementor-top-section elementor-element elementor-element-d299de9 elementor-section-content-middle elementor-section-boxed elementor-section-height-default elementor-section-height-default\" data-id=\"d299de9\" data-element_type=\"section\" data-settings=\"{&quot;background_background&quot;:&quot;classic&quot;}\">\n\t\t\t\t\t\t<div class=\"elementor-container elementor-column-gap-no\">\n\t\t\t\t\t<div class=\"elementor-column elementor-col-100 elementor-top-column elementor-element elementor-element-f87bdfe\" data-id=\"f87bdfe\" data-element_type=\"column\">\n\t\t\t<div class=\"elementor-widget-wrap elementor-element-populated\">\n\t\t\t\t\t\t<div class=\"elementor-element elementor-element-9158a97 elementor-widget elementor-widget-text-editor\" data-id=\"9158a97\" data-element_type=\"widget\" data-widget_type=\"text-editor.default\">\n\t\t\t\t\t\t\t\t\t<p>AI-salgsassistent og digital visning - din mest effektive f\u00f8rste kontakt<\/p>\t\t\t\t\t\t\t\t<\/div>\n\t\t\t\t<div class=\"elementor-element elementor-element-c260c55 elementor-widget elementor-widget-text-editor\" data-id=\"c260c55\" data-element_type=\"widget\" data-widget_type=\"text-editor.default\">\n\t\t\t\t\t\t\t\t\t<p class=\"\" data-start=\"281\" data-end=\"418\">\u00c5 selge eller leie ut en bolig krever hurtighet, n\u00f8yaktighet og tilgjengelighet - men det trenger ikke \u00e5 ta all din tid.<\/p>\n<p class=\"\" data-start=\"420\" data-end=\"611\">Medisinsk <strong data-start=\"424\" data-end=\"474\">Digitale husomvisninger og AI-salgsassistent<\/strong> f\u00e5r du en komplett l\u00f8sning som h\u00e5ndterer kundens f\u00f8rste kontakt, foresp\u00f8rsler og kvalifisering - automatisk, d\u00f8gnet rundt og p\u00e5 flere spr\u00e5k.<\/p>\t\t\t\t\t\t\t\t<\/div>\n\t\t\t\t<div class=\"elementor-element elementor-element-e6e1800 elementor-widget elementor-widget-spacer\" data-id=\"e6e1800\" data-element_type=\"widget\" data-widget_type=\"spacer.default\">\n\t\t\t\t\t\t\t<div class=\"elementor-spacer\">\n\t\t\t<div class=\"elementor-spacer-inner\"><\/div>\n\t\t<\/div>\n\t\t\t\t\t\t<\/div>\n\t\t\t\t<div class=\"elementor-element elementor-element-97a82c7 elementor-widget elementor-widget-text-editor\" data-id=\"97a82c7\" data-element_type=\"widget\" data-widget_type=\"text-editor.default\">\n\t\t\t\t\t\t\t\t\t<p>Der service m\u00f8ter sofistikert presisjon.<\/p>\t\t\t\t\t\t\t\t<\/div>\n\t\t\t\t<div class=\"elementor-element elementor-element-c205852 elementor-widget elementor-widget-text-editor\" data-id=\"c205852\" data-element_type=\"widget\" data-widget_type=\"text-editor.default\">\n\t\t\t\t\t\t\t\t\t<p class=\"\" data-start=\"281\" data-end=\"418\">Slik fungerer det - fra f\u00f8rste klikk til kvalifisert kundeemne:<\/p>\t\t\t\t\t\t\t\t<\/div>\n\t\t\t\t<div class=\"elementor-element elementor-element-967c706 elementor-widget elementor-widget-text-editor\" data-id=\"967c706\" data-element_type=\"widget\" data-widget_type=\"text-editor.default\">\n\t\t\t\t\t\t\t\t\t<ol><li><u><b>F\u00f8rste kontakt - p\u00e5 dine premisser <\/b><\/u><p>Reisen kan starte p\u00e5 ulike m\u00e5ter - avhengig av hvordan du \u00f8nsker \u00e5 presentere boligen din. Enten lar du kunden ringe v\u00e5r AI-salgsassistent direkte via et telefonnummer i annonsen. Assistenten presenterer boligen, svarer p\u00e5 sp\u00f8rsm\u00e5l og sender en personlig SMS-kobling til den digitale visningen.<br \/>Eller kunden har allerede tilgang til en digital omvisning - der de n\u00e5r som helst kan kontakte AI-assistenten med et klikk for \u00e5 f\u00e5 eksklusiv veiledning og utdypende informasjon.<\/p><\/li><li><b><u>Den digitale omvisningen - en opplevelse utenom det vanlige <\/u><\/b><p>Gjennom v\u00e5r interaktive 3D-visning kan kundene fritt g\u00e5 rundt i eiendommen, oppdage detaljer, forst\u00e5 planl\u00f8sningen og oppleve rommenes karakter - i sitt eget tempo, direkte via mobil, nettbrett eller datamaskin.<\/p><\/li><li><b><u>Direkte dialog - n\u00e5r det dukker opp sp\u00f8rsm\u00e5l <\/u><\/b><p>Uansett hvor du kommer inn, er v\u00e5r AI-salgsassistent alltid klar. Med presisjon, profesjonalitet og en troverdig tiln\u00e6rming svarer den p\u00e5 sp\u00f8rsm\u00e5l, veileder videre - og lar interessen modnes til beslutninger.<\/p><\/li><li><b><u>Svar p\u00e5 alle dine eiendomssp\u00f8rsm\u00e5l - p\u00e5 riktig spr\u00e5k <\/u><\/b><p>AI-assistenten kan svare p\u00e5 detaljerte sp\u00f8rsm\u00e5l som: Pris per kvadratmeter? Er vann, varme eller str\u00f8m inkludert i leien? Finnes det parkering? Hvor bred er d\u00f8ren? Hvor h\u00f8yt er det i taket? Er lokalene tilrettelagt for funksjonshemmede?\u00a0<\/p><p>AI kommuniserer p\u00e5 flere spr\u00e5k, blant annet svensk, engelsk, norsk, dansk, tysk, finsk, fransk, italiensk, koreansk, kinesisk, japansk, spansk, hindi, gresk, bulgarsk, vietnamesisk og mer - noe som gj\u00f8r det enkelt \u00e5 m\u00f8te b\u00e5de nasjonale og internasjonale interessenter.<br \/><br \/><\/p><\/li><li><b><u>N\u00e5r du ber om personlig kontakt<\/u><\/b><br \/><p data-start=\"94\" data-end=\"348\">Hvis det er \u00f8nskelig med direkte kontakt, blir henvendelsen sendt videre til den ansvarlige eiendomsmegleren eller huseieren - raskt, diskret og med den st\u00f8rste finesse. Kunden blir informert om dette med samme omhu som gjennomsyrer hele opplevelsen.<\/p><p data-start=\"350\" data-end=\"607\" data-is-last-node=\"\" data-is-only-node=\"\">V\u00e5r AI-salgsassistent er ikke bare et svar p\u00e5 sp\u00f8rsm\u00e5l - den er en teknologisk r\u00e5dgiver som alltid er klar til \u00e5 veilede, bestille private visninger og tilpasse informasjon til hver enkelt kundes behov. En digital assistent i verdensklasse, til tjeneste - d\u00f8gnet rundt.<\/p><\/li><li><b><u>Til slutt oppsummeres samtalen - du tar neste skritt<\/u><\/b><br \/>Hver samtale blir automatisk analysert og oppsummert i en oversiktlig rapport som sendes til den ansvarlige kontaktpersonen. Du kan se n\u00f8yaktig hva kunden var interessert i - og raskt avgj\u00f8re om det er et kundeemne du b\u00f8r handle p\u00e5.<\/li><\/ol>\t\t\t\t\t\t\t\t<\/div>\n\t\t\t\t<div class=\"elementor-element elementor-element-ad47aa6 elementor-widget elementor-widget-spacer\" data-id=\"ad47aa6\" data-element_type=\"widget\" data-widget_type=\"spacer.default\">\n\t\t\t\t\t\t\t<div class=\"elementor-spacer\">\n\t\t\t<div class=\"elementor-spacer-inner\"><\/div>\n\t\t<\/div>\n\t\t\t\t\t\t<\/div>\n\t\t\t\t<div class=\"elementor-element elementor-element-0e56fc4 elementor-widget elementor-widget-text-editor\" data-id=\"0e56fc4\" data-element_type=\"widget\" data-widget_type=\"text-editor.default\">\n\t\t\t\t\t\t\t\t\t<p>AI som lytter, kvalifiserer og oppsummerer - automatisk<\/p>\t\t\t\t\t\t\t\t<\/div>\n\t\t\t\t<div class=\"elementor-element elementor-element-afa8b10 elementor-widget elementor-widget-text-editor\" data-id=\"afa8b10\" data-element_type=\"widget\" data-widget_type=\"text-editor.default\">\n\t\t\t\t\t\t\t\t\t<p class=\"\" data-start=\"2040\" data-end=\"2164\">Det som gj\u00f8r denne l\u00f8sningen kraftfull, er ikke bare AI-ens evne til \u00e5 svare p\u00e5 sp\u00f8rsm\u00e5l - men det som skjer <strong data-start=\"2145\" data-end=\"2163\">etter samtalen<\/strong>:<\/p><blockquote data-start=\"2166\" data-end=\"2289\"><p class=\"\" data-start=\"2168\" data-end=\"2289\">Forestill deg en spekulant som ringer kl. 21.30 fra London og sp\u00f8r:<br \/>\"Finnes det fiber? Er vann inkludert i leien?\"\u00a0<\/p><\/blockquote><ol data-start=\"836\" data-end=\"1961\"><li class=\"\" data-start=\"1694\" data-end=\"1961\">AI-en svarer umiddelbart - og du har et ferdig, profesjonelt sammendrag i innboksen din rett etter samtalen.\u00a0<\/li><\/ol>\t\t\t\t\t\t\t\t<\/div>\n\t\t\t\t<div class=\"elementor-element elementor-element-cb9f238 elementor-widget elementor-widget-spacer\" data-id=\"cb9f238\" data-element_type=\"widget\" data-widget_type=\"spacer.default\">\n\t\t\t\t\t\t\t<div class=\"elementor-spacer\">\n\t\t\t<div class=\"elementor-spacer-inner\"><\/div>\n\t\t<\/div>\n\t\t\t\t\t\t<\/div>\n\t\t\t\t<div class=\"elementor-element elementor-element-fedb202 elementor-widget elementor-widget-image\" data-id=\"fedb202\" data-element_type=\"widget\" data-widget_type=\"image.default\">\n\t\t\t\t\t\t\t\t\t\t\t\t\t\t\t<img fetchpriority=\"high\" decoding=\"async\" width=\"1000\" height=\"571\" src=\"https:\/\/huset.se\/wp-content\/uploads\/2024\/04\/Ai-huset.jpg\" class=\"attachment-full size-full wp-image-25847\" alt=\"AI og digital teknologi i fokus.\" srcset=\"https:\/\/huset.se\/wp-content\/uploads\/2024\/04\/Ai-huset.jpg 1000w, https:\/\/huset.se\/wp-content\/uploads\/2024\/04\/Ai-huset-300x171.jpg 300w, https:\/\/huset.se\/wp-content\/uploads\/2024\/04\/Ai-huset-768x439.jpg 768w, https:\/\/huset.se\/wp-content\/uploads\/2024\/04\/Ai-huset-18x10.jpg 18w, https:\/\/huset.se\/wp-content\/uploads\/2024\/04\/Ai-huset-496x283.jpg 496w\" sizes=\"(max-width: 1000px) 100vw, 1000px\" \/>\t\t\t\t\t\t\t\t\t\t\t\t\t\t\t<\/div>\n\t\t\t\t<div class=\"elementor-element elementor-element-195877d elementor-widget elementor-widget-text-editor\" data-id=\"195877d\" data-element_type=\"widget\" data-widget_type=\"text-editor.default\">\n\t\t\t\t\t\t\t\t\t<p>Resultater du merker umiddelbart<\/p>\t\t\t\t\t\t\t\t<\/div>\n\t\t\t\t<div class=\"elementor-element elementor-element-aa46c10 elementor-widget elementor-widget-text-editor\" data-id=\"aa46c10\" data-element_type=\"widget\" data-widget_type=\"text-editor.default\">\n\t\t\t\t\t\t\t\t\t<ul data-start=\"2433\" data-end=\"2849\"><li class=\"\" data-start=\"2433\" data-end=\"2515\"><p class=\"\" data-start=\"2435\" data-end=\"2515\">Ni <strong data-start=\"2438\" data-end=\"2473\">fanger varme kunder raskere<\/strong> - uten \u00e5 v\u00e6re bundet til kontortid.<\/p><\/li><li class=\"\" data-start=\"2516\" data-end=\"2599\"><p class=\"\" data-start=\"2518\" data-end=\"2599\">Ni <strong data-start=\"2521\" data-end=\"2553\">tilbringer tid med de rette kontaktene<\/strong> - og unng\u00e5 samtaler som ender i blindspor.<\/p><\/li><li class=\"\" data-start=\"2600\" data-end=\"2686\"><p class=\"\" data-start=\"2602\" data-end=\"2686\">Ni <strong data-start=\"2605\" data-end=\"2631\">reduserer behovet for arbeidskraft<\/strong> - AI h\u00e5ndterer det som tidligere krevde assistenter.<\/p><\/li><li class=\"\" data-start=\"2687\" data-end=\"2766\"><p class=\"\" data-start=\"2689\" data-end=\"2766\">Ni <strong data-start=\"2692\" data-end=\"2719\">tilbyr bedre service<\/strong> - tilgjengelig p\u00e5 kundens spr\u00e5k, d\u00f8gnet rundt.<\/p><\/li><li class=\"\" data-start=\"2767\" data-end=\"2849\"><p class=\"\" data-start=\"2769\" data-end=\"2849\">Ni <strong data-start=\"2772\" data-end=\"2795\">\u00f8ker konverteringen<\/strong> - gjennom umiddelbar respons og en friksjonsfri kundereise.<\/p><\/li><\/ul>\t\t\t\t\t\t\t\t<\/div>\n\t\t\t\t<div class=\"elementor-element elementor-element-6a6c50e elementor-widget elementor-widget-spacer\" data-id=\"6a6c50e\" data-element_type=\"widget\" data-widget_type=\"spacer.default\">\n\t\t\t\t\t\t\t<div class=\"elementor-spacer\">\n\t\t\t<div class=\"elementor-spacer-inner\"><\/div>\n\t\t<\/div>\n\t\t\t\t\t\t<\/div>\n\t\t\t\t<div class=\"elementor-element elementor-element-9a98c96 elementor-widget elementor-widget-text-editor\" data-id=\"9a98c96\" data-element_type=\"widget\" data-widget_type=\"text-editor.default\">\n\t\t\t\t\t\t\t\t\t<p>En ny standard for hvordan n\u00e6ringseiendom oppleves og kommuniseres<\/p>\t\t\t\t\t\t\t\t<\/div>\n\t\t\t\t<div class=\"elementor-element elementor-element-d6581ac elementor-widget elementor-widget-text-editor\" data-id=\"d6581ac\" data-element_type=\"widget\" data-widget_type=\"text-editor.default\">\n\t\t\t\t\t\t\t\t\t<p class=\"\" data-start=\"2938\" data-end=\"3161\">Med Husets AI-salgsassistent og digitale omvisninger f\u00e5r du ikke bare en smart teknisk l\u00f8sning - du f\u00e5r en profesjonell og skalerbar kommunikasjonskanal som lar deg fokusere p\u00e5 det som faktisk krever ditt personlige engasjement.<\/p><p class=\"\" data-start=\"3163\" data-end=\"3248\"><strong data-start=\"3163\" data-end=\"3248\">Det er p\u00e5 tide \u00e5 slutte \u00e5 svare p\u00e5 de samme sp\u00f8rsm\u00e5lene - og begynne \u00e5 bruke tid p\u00e5 den rette virksomheten.<\/strong><\/p>\t\t\t\t\t\t\t\t<\/div>\n\t\t\t\t\t<\/div>\n\t\t<\/div>\n\t\t\t\t\t<\/div>\n\t\t<\/section>\n\t\t\t\t<\/div>","protected":false},"excerpt":{"rendered":"<p>AI-salgsassistent og digital visning - din mest effektive f\u00f8rstekontakt \u00c5 selge eller leie ut en bolig krever hurtighet, n\u00f8yaktighet og tilgjengelighet - men det skal ikke m\u00e5tte ta all din tid. Med Husets digitale visninger og AI-salgsassistent f\u00e5r du en komplett l\u00f8sning som h\u00e5ndterer kundens f\u00f8rste kontakt, sp\u00f8rsm\u00e5l og kvalifisering - automatisk, d\u00f8gnet rundt [...].<\/p>","protected":false},"author":25,"featured_media":0,"parent":0,"menu_order":0,"comment_status":"closed","ping_status":"closed","template":"template\/template-homepage.php","meta":{"_et_pb_use_builder":"","_et_pb_old_content":"","_et_gb_content_width":"","footnotes":""},"class_list":["post-27009","page","type-page","status-publish","hentry"],"_links":{"self":[{"href":"https:\/\/huset.se\/nb\/wp-json\/wp\/v2\/pages\/27009","targetHints":{"allow":["GET"]}}],"collection":[{"href":"https:\/\/huset.se\/nb\/wp-json\/wp\/v2\/pages"}],"about":[{"href":"https:\/\/huset.se\/nb\/wp-json\/wp\/v2\/types\/page"}],"author":[{"embeddable":true,"href":"https:\/\/huset.se\/nb\/wp-json\/wp\/v2\/users\/25"}],"replies":[{"embeddable":true,"href":"https:\/\/huset.se\/nb\/wp-json\/wp\/v2\/comments?post=27009"}],"version-history":[{"count":37,"href":"https:\/\/huset.se\/nb\/wp-json\/wp\/v2\/pages\/27009\/revisions"}],"predecessor-version":[{"id":27918,"href":"https:\/\/huset.se\/nb\/wp-json\/wp\/v2\/pages\/27009\/revisions\/27918"}],"wp:attachment":[{"href":"https:\/\/huset.se\/nb\/wp-json\/wp\/v2\/media?parent=27009"}],"curies":[{"name":"wp","href":"https:\/\/api.w.org\/{rel}","templated":true}]}}