{"id":25829,"date":"2024-04-28T20:46:41","date_gmt":"2024-04-28T18:46:41","guid":{"rendered":"https:\/\/huset.se\/?page_id=25829"},"modified":"2026-01-18T14:45:07","modified_gmt":"2026-01-18T13:45:07","slug":"om-oss","status":"publish","type":"page","link":"https:\/\/huset.se\/nb\/om-oss\/","title":{"rendered":"Om oss"},"content":{"rendered":"<div data-elementor-type=\"wp-page\" data-elementor-id=\"25829\" class=\"elementor elementor-25829\">\n\t\t\t\t\t\t<section class=\"elementor-section elementor-top-section elementor-element elementor-element-01bba8b elementor-section-content-middle elementor-section-boxed elementor-section-height-default elementor-section-height-default\" data-id=\"01bba8b\" data-element_type=\"section\" data-settings=\"{&quot;background_background&quot;:&quot;classic&quot;}\">\n\t\t\t\t\t\t\t<div class=\"elementor-background-overlay\"><\/div>\n\t\t\t\t\t\t\t<div class=\"elementor-container elementor-column-gap-no\">\n\t\t\t\t\t<div class=\"elementor-column elementor-col-100 elementor-top-column elementor-element elementor-element-1728e3e\" data-id=\"1728e3e\" data-element_type=\"column\">\n\t\t\t<div class=\"elementor-widget-wrap elementor-element-populated\">\n\t\t\t\t\t\t<section class=\"elementor-section elementor-inner-section elementor-element elementor-element-1932982 elementor-section-content-middle elementor-reverse-mobile elementor-section-boxed elementor-section-height-default elementor-section-height-default\" data-id=\"1932982\" data-element_type=\"section\">\n\t\t\t\t\t\t<div class=\"elementor-container elementor-column-gap-default\">\n\t\t\t\t\t<div class=\"elementor-column elementor-col-100 elementor-inner-column elementor-element elementor-element-8aa8083\" data-id=\"8aa8083\" data-element_type=\"column\">\n\t\t\t<div class=\"elementor-widget-wrap elementor-element-populated\">\n\t\t\t\t\t\t<div class=\"elementor-element elementor-element-064dc16 elementor-widget elementor-widget-text-editor\" data-id=\"064dc16\" data-element_type=\"widget\" data-widget_type=\"text-editor.default\">\n\t\t\t\t\t\t\t\t\t<p class=\"\" data-start=\"562\" data-end=\"624\">Huset - din partner i fremtidens eiendomskommunikasjon<\/p>\t\t\t\t\t\t\t\t<\/div>\n\t\t\t\t<div class=\"elementor-element elementor-element-ea238c3 elementor-widget-tablet__width-initial elementor-widget elementor-widget-text-editor\" data-id=\"ea238c3\" data-element_type=\"widget\" data-widget_type=\"text-editor.default\">\n\t\t\t\t\t\t\t\t\t<p class=\"\" data-start=\"329\" data-end=\"619\">Huset er et moderne kommunikasjonsbyr\u00e5 og et teknologidrevet IT-selskap med spisskompetanse innen digital markedsf\u00f8ring, eiendomskommunikasjon og avanserte tekniske l\u00f8sninger. V\u00e5r misjon er klar: Vi skaper tid, trygghet og forretningsverdi for v\u00e5re kunder. Ved \u00e5 ta oss av det tekniske, kommunikative og visuelle - frigj\u00f8r vi tid slik at du kan fokusere p\u00e5 det du er best p\u00e5: din virksomhet, dine relasjoner og din business.<\/p>\t\t\t\t\t\t\t\t<\/div>\n\t\t\t\t\t<\/div>\n\t\t<\/div>\n\t\t\t\t\t<\/div>\n\t\t<\/section>\n\t\t\t\t\t<\/div>\n\t\t<\/div>\n\t\t\t\t\t<\/div>\n\t\t<\/section>\n\t\t\t\t<section class=\"elementor-section elementor-top-section elementor-element elementor-element-ced2d0c elementor-section-content-middle elementor-section-boxed elementor-section-height-default elementor-section-height-default\" data-id=\"ced2d0c\" data-element_type=\"section\" data-settings=\"{&quot;background_background&quot;:&quot;classic&quot;}\">\n\t\t\t\t\t\t\t<div class=\"elementor-background-overlay\"><\/div>\n\t\t\t\t\t\t\t<div class=\"elementor-container elementor-column-gap-no\">\n\t\t\t\t\t<div class=\"elementor-column elementor-col-100 elementor-top-column elementor-element elementor-element-9d960e8\" data-id=\"9d960e8\" data-element_type=\"column\">\n\t\t\t<div class=\"elementor-widget-wrap elementor-element-populated\">\n\t\t\t\t\t\t<section class=\"elementor-section elementor-inner-section elementor-element elementor-element-e9f7202 elementor-reverse-mobile elementor-section-full_width elementor-section-height-default elementor-section-height-default\" data-id=\"e9f7202\" data-element_type=\"section\">\n\t\t\t\t\t\t<div class=\"elementor-container elementor-column-gap-default\">\n\t\t\t\t\t<div class=\"elementor-column elementor-col-50 elementor-inner-column elementor-element elementor-element-d0a1a8d\" data-id=\"d0a1a8d\" data-element_type=\"column\">\n\t\t\t<div class=\"elementor-widget-wrap elementor-element-populated\">\n\t\t\t\t\t\t<div class=\"elementor-element elementor-element-39e7bbc elementor-widget elementor-widget-text-editor\" data-id=\"39e7bbc\" data-element_type=\"widget\" data-widget_type=\"text-editor.default\">\n\t\t\t\t\t\t\t\t\t<p class=\"\" data-start=\"562\" data-end=\"624\">Forretningskonsept og filosofi<\/p>\t\t\t\t\t\t\t\t<\/div>\n\t\t\t\t<div class=\"elementor-element elementor-element-c691101 elementor-widget elementor-widget-text-editor\" data-id=\"c691101\" data-element_type=\"widget\" data-widget_type=\"text-editor.default\">\n\t\t\t\t\t\t\t\t\t<p class=\"\" data-start=\"329\" data-end=\"619\">I Huset tror vi p\u00e5 langsiktige partnerskap der vi utfyller v\u00e5re kunders kompetanse med v\u00e5r egen, og vi er her for \u00e5 st\u00f8tte - diskret og effektivt - i bakgrunnen. V\u00e5re fleksible l\u00f8sninger er skreddersydd for \u00e5 m\u00f8te de unike behovene i hvert enkelt oppdrag, enten det dreier seg om en komplett l\u00f8sning eller enkelttjenester. <br \/><br \/>Du kan bruke v\u00e5re verkt\u00f8y og v\u00e5r ekspertise - uten \u00e5 referere til navnet v\u00e5rt. Det er din merkevare som skal v\u00e6re synlig, og v\u00e5r teknologi som skal b\u00e6re den.<\/p>\t\t\t\t\t\t\t\t<\/div>\n\t\t\t\t<div class=\"elementor-element elementor-element-186f2a4 elementor-widget elementor-widget-text-editor\" data-id=\"186f2a4\" data-element_type=\"widget\" data-widget_type=\"text-editor.default\">\n\t\t\t\t\t\t\t\t\t<p class=\"\" data-start=\"562\" data-end=\"624\">Resultatdrevet metodikk og moderne teknologi<\/p>\t\t\t\t\t\t\t\t<\/div>\n\t\t\t\t<div class=\"elementor-element elementor-element-1af8b54 elementor-widget elementor-widget-text-editor\" data-id=\"1af8b54\" data-element_type=\"widget\" data-widget_type=\"text-editor.default\">\n\t\t\t\t\t\t\t\t\t<p class=\"\" data-start=\"329\" data-end=\"619\">Siden oppstarten har vi fokusert p\u00e5 \u00e5 skape effektive metoder og digitale verkt\u00f8y som hjelper kundene v\u00e5re med \u00e5 lykkes med eiendomssalget.vi kombinerer strategisk kommunikasjon, banebrytende teknologi og innovative markedsf\u00f8ringskanaler - for \u00e5 maksimere potensialet til hver eiendom og \u00f8ke verdien av hver handel.enten det gjelder digitale omvisninger, VR, AR, interaktive modeller eller kampanjeproduksjoner, leverer vi l\u00f8sninger i toppklasse - alltid med et tydelig fokus p\u00e5 konvertering, merkevarestyrke og forretningsverdi.<\/p>\t\t\t\t\t\t\t\t<\/div>\n\t\t\t\t\t<\/div>\n\t\t<\/div>\n\t\t\t\t<div class=\"elementor-column elementor-col-50 elementor-inner-column elementor-element elementor-element-be18a23 elementor-hidden-tablet elementor-hidden-mobile\" data-id=\"be18a23\" data-element_type=\"column\" data-settings=\"{&quot;background_background&quot;:&quot;classic&quot;}\">\n\t\t\t<div class=\"elementor-widget-wrap\">\n\t\t\t\t\t\t\t<\/div>\n\t\t<\/div>\n\t\t\t\t\t<\/div>\n\t\t<\/section>\n\t\t\t\t\t<\/div>\n\t\t<\/div>\n\t\t\t\t\t<\/div>\n\t\t<\/section>\n\t\t\t\t<section class=\"elementor-section elementor-top-section elementor-element elementor-element-55f71aa elementor-section-content-middle elementor-section-boxed elementor-section-height-default elementor-section-height-default\" data-id=\"55f71aa\" data-element_type=\"section\" data-settings=\"{&quot;background_background&quot;:&quot;classic&quot;}\">\n\t\t\t\t\t\t\t<div class=\"elementor-background-overlay\"><\/div>\n\t\t\t\t\t\t\t<div class=\"elementor-container elementor-column-gap-no\">\n\t\t\t\t\t<div class=\"elementor-column elementor-col-100 elementor-top-column elementor-element elementor-element-c6c3f6e\" data-id=\"c6c3f6e\" data-element_type=\"column\">\n\t\t\t<div class=\"elementor-widget-wrap elementor-element-populated\">\n\t\t\t\t\t\t<section class=\"elementor-section elementor-inner-section elementor-element elementor-element-1cd8171 elementor-reverse-mobile elementor-section-full_width elementor-hidden-tablet elementor-section-height-default elementor-section-height-default\" data-id=\"1cd8171\" data-element_type=\"section\">\n\t\t\t\t\t\t<div class=\"elementor-container elementor-column-gap-default\">\n\t\t\t\t\t<div class=\"elementor-column elementor-col-50 elementor-inner-column elementor-element elementor-element-57f6a71\" data-id=\"57f6a71\" data-element_type=\"column\">\n\t\t\t<div class=\"elementor-widget-wrap elementor-element-populated\">\n\t\t\t\t\t\t<div class=\"elementor-element elementor-element-a05179d elementor-widget elementor-widget-text-editor\" data-id=\"a05179d\" data-element_type=\"widget\" data-widget_type=\"text-editor.default\">\n\t\t\t\t\t\t\t\t\t<p class=\"\" data-start=\"562\" data-end=\"624\">Forutsetninger for suksess - og menneskene bak hver l\u00f8sning<\/p>\t\t\t\t\t\t\t\t<\/div>\n\t\t\t\t<div class=\"elementor-element elementor-element-f347400 elementor-widget elementor-widget-text-editor\" data-id=\"f347400\" data-element_type=\"widget\" data-widget_type=\"text-editor.default\">\n\t\t\t\t\t\t\t\t\t<p class=\"\" data-start=\"329\" data-end=\"619\">Vi vet at sikkerhet, tilgjengelighet og kvalitet er avgj\u00f8rende i ethvert samarbeid, og derfor er arbeidsprosessen v\u00e5r b\u00e5de transparent og forankret i virkeligheten - med tydelig struktur, tilgjengelig st\u00f8tte og kontinuerlige tilbakemeldinger.<\/p><p>V\u00e5re medarbeidere er ikke bare teknisk kompetente - de er lydh\u00f8re, l\u00f8sningsorienterte og opptatt av hver eneste detalj.<\/p><p>Vi er her for \u00e5 forst\u00e5 virksomheten din, l\u00f8se utfordringene dine og levere et resultat du kan v\u00e6re stolt av.<\/p>\t\t\t\t\t\t\t\t<\/div>\n\t\t\t\t<div class=\"elementor-element elementor-element-ccb3ab3 elementor-widget elementor-widget-text-editor\" data-id=\"ccb3ab3\" data-element_type=\"widget\" data-widget_type=\"text-editor.default\">\n\t\t\t\t\t\t\t\t\t<p class=\"\" data-start=\"562\" data-end=\"624\">Hus 4.0 - for den nye virkeligheten i eiendomsbransjen<\/p>\t\t\t\t\t\t\t\t<\/div>\n\t\t\t\t<div class=\"elementor-element elementor-element-3c2c600 elementor-widget elementor-widget-text-editor\" data-id=\"3c2c600\" data-element_type=\"widget\" data-widget_type=\"text-editor.default\">\n\t\t\t\t\t\t\t\t\t<p class=\"\" data-start=\"329\" data-end=\"619\">I en tid med rask digital utvikling er Huset en sentral akt\u00f8r i den fjerde industrielle revolusjonen i eiendomsbransjen. Vi tilbyr eksklusive, skalerbare l\u00f8sninger for eiendomsbesittere, meglere og r\u00e5dgivere som \u00f8nsker \u00e5 styrke sin posisjon i markedet.<br \/>\u00a0 \u00a0 \u00a0M\u00e5let v\u00e5rt er \u00e5 gi deg de verkt\u00f8yene du trenger - for \u00e5 handle raskere, kommunisere tydeligere og prestere sterkere i et marked i stadig endring.<\/p><p>Velkommen til Huset - der strategi m\u00f8ter teknologi, og resultater blir til virkelighet.<\/p>\t\t\t\t\t\t\t\t<\/div>\n\t\t\t\t\t<\/div>\n\t\t<\/div>\n\t\t\t\t<div class=\"elementor-column elementor-col-50 elementor-inner-column elementor-element elementor-element-9e0f4ed elementor-hidden-tablet elementor-hidden-mobile\" data-id=\"9e0f4ed\" data-element_type=\"column\" data-settings=\"{&quot;background_background&quot;:&quot;classic&quot;}\">\n\t\t\t<div class=\"elementor-widget-wrap\">\n\t\t\t\t\t\t\t<\/div>\n\t\t<\/div>\n\t\t\t\t\t<\/div>\n\t\t<\/section>\n\t\t\t\t\t<\/div>\n\t\t<\/div>\n\t\t\t\t\t<\/div>\n\t\t<\/section>\n\t\t\t\t<section class=\"elementor-section elementor-top-section elementor-element elementor-element-9ee63ed elementor-section-content-middle elementor-hidden-desktop elementor-section-boxed elementor-section-height-default elementor-section-height-default\" data-id=\"9ee63ed\" data-element_type=\"section\" data-settings=\"{&quot;background_background&quot;:&quot;classic&quot;}\">\n\t\t\t\t\t\t<div class=\"elementor-container elementor-column-gap-no\">\n\t\t\t\t\t<div class=\"elementor-column elementor-col-50 elementor-top-column elementor-element elementor-element-f654c70\" data-id=\"f654c70\" data-element_type=\"column\">\n\t\t\t<div class=\"elementor-widget-wrap elementor-element-populated\">\n\t\t\t\t\t\t<div class=\"elementor-element elementor-element-145e8db elementor-widget elementor-widget-image\" data-id=\"145e8db\" data-element_type=\"widget\" data-widget_type=\"image.default\">\n\t\t\t\t\t\t\t\t\t\t\t\t\t\t\t<img fetchpriority=\"high\" decoding=\"async\" width=\"1536\" height=\"1024\" src=\"https:\/\/huset.se\/wp-content\/uploads\/2025\/04\/Mojligheter-start.jpg\" class=\"elementor-animation-grow attachment-full size-full wp-image-26817\" alt=\"Koselig og innbydende stue med elegante m\u00f8bler.\" srcset=\"https:\/\/huset.se\/wp-content\/uploads\/2025\/04\/Mojligheter-start.jpg 1536w, https:\/\/huset.se\/wp-content\/uploads\/2025\/04\/Mojligheter-start-300x200.jpg 300w, https:\/\/huset.se\/wp-content\/uploads\/2025\/04\/Mojligheter-start-1024x683.jpg 1024w, https:\/\/huset.se\/wp-content\/uploads\/2025\/04\/Mojligheter-start-768x512.jpg 768w, https:\/\/huset.se\/wp-content\/uploads\/2025\/04\/Mojligheter-start-900x600.jpg 900w, https:\/\/huset.se\/wp-content\/uploads\/2025\/04\/Mojligheter-start-496x331.jpg 496w\" sizes=\"(max-width: 1536px) 100vw, 1536px\" \/>\t\t\t\t\t\t\t\t\t\t\t\t\t\t\t<\/div>\n\t\t\t\t<div class=\"elementor-element elementor-element-16b5a2f elementor-widget elementor-widget-text-editor\" data-id=\"16b5a2f\" data-element_type=\"widget\" data-widget_type=\"text-editor.default\">\n\t\t\t\t\t\t\t\t\t<p class=\"\" data-start=\"562\" data-end=\"624\">Forutsetninger for suksess - og menneskene bak hver l\u00f8sning<\/p>\t\t\t\t\t\t\t\t<\/div>\n\t\t\t\t<div class=\"elementor-element elementor-element-2aff96d elementor-widget elementor-widget-text-editor\" data-id=\"2aff96d\" data-element_type=\"widget\" data-widget_type=\"text-editor.default\">\n\t\t\t\t\t\t\t\t\t<p class=\"\" data-start=\"329\" data-end=\"619\">Vi vet at sikkerhet, tilgjengelighet og kvalitet er avgj\u00f8rende i ethvert samarbeid, og derfor er arbeidsprosessen v\u00e5r b\u00e5de transparent og forankret i virkeligheten - med tydelig struktur, tilgjengelig st\u00f8tte og kontinuerlige tilbakemeldinger.<\/p><p>V\u00e5re medarbeidere er ikke bare teknisk kompetente - de er lydh\u00f8re, l\u00f8sningsorienterte og opptatt av hver eneste detalj.<\/p><p>Vi er her for \u00e5 forst\u00e5 virksomheten din, l\u00f8se utfordringene dine og levere et resultat du kan v\u00e6re stolt av.<\/p>\t\t\t\t\t\t\t\t<\/div>\n\t\t\t\t\t<\/div>\n\t\t<\/div>\n\t\t\t\t<div class=\"elementor-column elementor-col-50 elementor-top-column elementor-element elementor-element-1545c09\" data-id=\"1545c09\" data-element_type=\"column\">\n\t\t\t<div class=\"elementor-widget-wrap elementor-element-populated\">\n\t\t\t\t\t\t<div class=\"elementor-element elementor-element-ac65358 elementor-widget elementor-widget-image\" data-id=\"ac65358\" data-element_type=\"widget\" data-widget_type=\"image.default\">\n\t\t\t\t\t\t\t\t\t\t\t\t\t\t\t<img decoding=\"async\" src=\"https:\/\/huset.se\/wp-content\/uploads\/2022\/10\/Butik-50-50-scaled.jpg\" title=\"Handle 50-50\" alt=\"Handle 50-50\" class=\"elementor-animation-grow\" loading=\"lazy\" \/>\t\t\t\t\t\t\t\t\t\t\t\t\t\t\t<\/div>\n\t\t\t\t<div class=\"elementor-element elementor-element-7070321 elementor-widget elementor-widget-text-editor\" data-id=\"7070321\" data-element_type=\"widget\" data-widget_type=\"text-editor.default\">\n\t\t\t\t\t\t\t\t\t<p class=\"\" data-start=\"562\" data-end=\"624\">Hus 4.0 - for den nye virkeligheten i eiendomsbransjen<\/p>\t\t\t\t\t\t\t\t<\/div>\n\t\t\t\t<div class=\"elementor-element elementor-element-487fc6b elementor-widget elementor-widget-text-editor\" data-id=\"487fc6b\" data-element_type=\"widget\" data-widget_type=\"text-editor.default\">\n\t\t\t\t\t\t\t\t\t<p class=\"\" data-start=\"329\" data-end=\"619\">I en tid med rask digital utvikling er Huset en sentral akt\u00f8r i den fjerde industrielle revolusjonen i eiendomsbransjen. Vi tilbyr eksklusive, skalerbare l\u00f8sninger for eiendomsbesittere, meglere og r\u00e5dgivere som \u00f8nsker \u00e5 styrke sin posisjon i markedet.<br \/>\u00a0 \u00a0 \u00a0M\u00e5let v\u00e5rt er \u00e5 gi deg de verkt\u00f8yene du trenger - for \u00e5 handle raskere, kommunisere tydeligere og prestere sterkere i et marked i stadig endring.<\/p><p>Velkommen til Huset - der strategi m\u00f8ter teknologi, og resultater blir til virkelighet.<\/p>\t\t\t\t\t\t\t\t<\/div>\n\t\t\t\t\t<\/div>\n\t\t<\/div>\n\t\t\t\t\t<\/div>\n\t\t<\/section>\n\t\t\t\t<\/div>","protected":false},"excerpt":{"rendered":"<p>Huset - din partner i fremtidens eiendomskommunikasjon Huset er et moderne kommunikasjonsbyr\u00e5 og et teknologidrevet IT-selskap med spisskompetanse innen digital markedsf\u00f8ring, eiendomskommunikasjon og avanserte tekniske l\u00f8sninger. V\u00e5r misjon er klar: Vi skaper tid, trygghet og forretningsverdi for v\u00e5re kunder ved \u00e5 ta oss av det tekniske, kommunikative og visuelle - vi frigj\u00f8r tid for deg til \u00e5 [...].<\/p>","protected":false},"author":25,"featured_media":0,"parent":0,"menu_order":0,"comment_status":"closed","ping_status":"closed","template":"elementor_header_footer","meta":{"_et_pb_use_builder":"","_et_pb_old_content":"","_et_gb_content_width":"","footnotes":""},"class_list":["post-25829","page","type-page","status-publish","hentry"],"_links":{"self":[{"href":"https:\/\/huset.se\/nb\/wp-json\/wp\/v2\/pages\/25829","targetHints":{"allow":["GET"]}}],"collection":[{"href":"https:\/\/huset.se\/nb\/wp-json\/wp\/v2\/pages"}],"about":[{"href":"https:\/\/huset.se\/nb\/wp-json\/wp\/v2\/types\/page"}],"author":[{"embeddable":true,"href":"https:\/\/huset.se\/nb\/wp-json\/wp\/v2\/users\/25"}],"replies":[{"embeddable":true,"href":"https:\/\/huset.se\/nb\/wp-json\/wp\/v2\/comments?post=25829"}],"version-history":[{"count":57,"href":"https:\/\/huset.se\/nb\/wp-json\/wp\/v2\/pages\/25829\/revisions"}],"predecessor-version":[{"id":28396,"href":"https:\/\/huset.se\/nb\/wp-json\/wp\/v2\/pages\/25829\/revisions\/28396"}],"wp:attachment":[{"href":"https:\/\/huset.se\/nb\/wp-json\/wp\/v2\/media?parent=25829"}],"curies":[{"name":"wp","href":"https:\/\/api.w.org\/{rel}","templated":true}]}}