{"id":24126,"date":"2023-12-31T15:06:54","date_gmt":"2023-12-31T14:06:54","guid":{"rendered":"https:\/\/huset.se\/?page_id=24126"},"modified":"2025-05-23T12:37:18","modified_gmt":"2025-05-23T10:37:18","slug":"konfigurator","status":"publish","type":"page","link":"https:\/\/huset.se\/nb\/konfigurator\/","title":{"rendered":"Konfigurator"},"content":{"rendered":"<div data-elementor-type=\"wp-page\" data-elementor-id=\"24126\" class=\"elementor elementor-24126\">\n\t\t\t\t\t\t<section class=\"elementor-section elementor-top-section elementor-element elementor-element-3fcf4f0 elementor-section-content-middle elementor-section-boxed elementor-section-height-default elementor-section-height-default\" data-id=\"3fcf4f0\" data-element_type=\"section\" data-settings=\"{&quot;background_background&quot;:&quot;classic&quot;}\">\n\t\t\t\t\t\t<div class=\"elementor-container elementor-column-gap-no\">\n\t\t\t\t\t<div class=\"elementor-column elementor-col-50 elementor-top-column elementor-element elementor-element-7e996f3\" data-id=\"7e996f3\" data-element_type=\"column\">\n\t\t\t<div class=\"elementor-widget-wrap elementor-element-populated\">\n\t\t\t\t\t\t<div class=\"elementor-element elementor-element-510da34 elementor-widget elementor-widget-text-editor\" data-id=\"510da34\" data-element_type=\"widget\" data-widget_type=\"text-editor.default\">\n\t\t\t\t\t\t\t\t\t<p>Interaktive verkt\u00f8y<\/p>\t\t\t\t\t\t\t\t<\/div>\n\t\t\t\t<div class=\"elementor-element elementor-element-c60138d elementor-widget elementor-widget-heading\" data-id=\"c60138d\" data-element_type=\"widget\" data-widget_type=\"heading.default\">\n\t\t\t\t\t<h2 class=\"elementor-heading-title elementor-size-default\">Konfigurator<\/h2>\t\t\t\t<\/div>\n\t\t\t\t<div class=\"elementor-element elementor-element-cf32b9b elementor-widget-divider--view-line elementor-widget elementor-widget-divider\" data-id=\"cf32b9b\" data-element_type=\"widget\" data-widget_type=\"divider.default\">\n\t\t\t\t\t\t\t<div class=\"elementor-divider\">\n\t\t\t<span class=\"elementor-divider-separator\">\n\t\t\t\t\t\t<\/span>\n\t\t<\/div>\n\t\t\t\t\t\t<\/div>\n\t\t\t\t\t<\/div>\n\t\t<\/div>\n\t\t\t\t<div class=\"elementor-column elementor-col-50 elementor-top-column elementor-element elementor-element-390a2a6\" data-id=\"390a2a6\" data-element_type=\"column\">\n\t\t\t<div class=\"elementor-widget-wrap elementor-element-populated\">\n\t\t\t\t\t\t<div class=\"elementor-element elementor-element-589ea35 elementor-widget elementor-widget-image\" data-id=\"589ea35\" data-element_type=\"widget\" data-widget_type=\"image.default\">\n\t\t\t\t\t\t\t\t\t\t\t\t\t\t\t<img decoding=\"async\" src=\"https:\/\/huset.se\/wp-content\/uploads\/2023\/12\/kok-scaled.jpg\" title=\"Moderne kj\u00f8kken med lyse skap.\" alt=\"Alta-tekst: Moderne kj\u00f8kken med gr\u00e5 skap, gasskomfyr og kj\u00f8kkenutstyr i lyse toner.\" class=\"elementor-animation-grow\" loading=\"lazy\" \/>\t\t\t\t\t\t\t\t\t\t\t\t\t\t\t<\/div>\n\t\t\t\t\t<\/div>\n\t\t<\/div>\n\t\t\t\t\t<\/div>\n\t\t<\/section>\n\t\t\t\t<section class=\"elementor-section elementor-top-section elementor-element elementor-element-38c3335 elementor-section-content-middle elementor-reverse-mobile elementor-reverse-tablet elementor-section-boxed elementor-section-height-default elementor-section-height-default\" data-id=\"38c3335\" data-element_type=\"section\" data-settings=\"{&quot;background_background&quot;:&quot;classic&quot;}\">\n\t\t\t\t\t\t<div class=\"elementor-container elementor-column-gap-no\">\n\t\t\t\t\t<div class=\"elementor-column elementor-col-100 elementor-top-column elementor-element elementor-element-efbfba1\" data-id=\"efbfba1\" data-element_type=\"column\">\n\t\t\t<div class=\"elementor-widget-wrap elementor-element-populated\">\n\t\t\t\t\t\t<div class=\"elementor-element elementor-element-db94760 elementor-widget__width-initial elementor-widget-mobile__width-inherit elementor-widget-tablet__width-inherit elementor-widget elementor-widget-text-editor\" data-id=\"db94760\" data-element_type=\"widget\" data-widget_type=\"text-editor.default\">\n\t\t\t\t\t\t\t\t\t<p>Realistisk og interaktivt tilvalgssystem for nye bygninger<\/p>\t\t\t\t\t\t\t\t<\/div>\n\t\t\t\t<div class=\"elementor-element elementor-element-c98a4ae elementor-widget__width-initial elementor-widget-tablet__width-inherit elementor-widget-mobile__width-initial elementor-widget elementor-widget-text-editor\" data-id=\"c98a4ae\" data-element_type=\"widget\" data-widget_type=\"text-editor.default\">\n\t\t\t\t\t\t\t\t\t<p>Med v\u00e5r <strong>innovativ konfigurator<\/strong> kan vi tilby et mangfoldig og<strong> skreddersydd l\u00f8sning<\/strong> for ulike typer prosjekter, enten det dreier seg om helt nye prosjekter eller <strong>byggeprosjekt<\/strong>, <strong>omfattende renoveringer<\/strong> eller spesifikke oppdateringer <strong>for eksisterende eiendommer<\/strong>. Systemet v\u00e5rt er utviklet for \u00e5 gi maksimal fleksibilitet og tilpasningsevne. Dette oppn\u00e5r vi ved \u00e5 tilby en rekke pakkealternativer, fra standardiserte produktserier til fullt tilpassede alternativer, der du som kunde kan mikse og matche etter dine spesifikke \u00f8nsker og behov.<\/p><p>I <strong>unik<\/strong> funksjon i v\u00e5r <strong>konfigurator<\/strong> er evnen til \u00e5 skape <strong>ferdig<\/strong> stilkonsepter eller inspirasjonspakker. Disse pakkene kan enkelt velges av sluttkunden og gir et solid grunnlag for design og innredning, samtidig som de gir rom for personlige tilpasninger. For ytterligere \u00e5 tydeliggj\u00f8re og visualisere prosjektets potensial presenteres alle konfigurasjoner i tydelige 2D-tegninger. Denne visualiseringen gj\u00f8r det enklere for b\u00e5de deg og kundene dine \u00e5 f\u00e5 en klar oversikt over det planlagte rommet.<\/p><p>For ytterligere <strong>forenkle<\/strong> og <strong>effektivisere prosessen<\/strong>tar vi ansvar for den detaljerte planleggingen og utformingen av prosjektet. Det betyr at du kan fokusere p\u00e5 de store beslutningene og den overordnede visjonen, mens vi tar oss av detaljene.<\/p><p>Etter at en konfigurasjon er fullf\u00f8rt, f\u00e5r kunden en omfattende oversikt over de valgte designelementene og det totale kostnadsoverslaget. Denne oversikten kan deretter enkelt overf\u00f8res til relevante parter i prosjektet, for eksempel prosjektlederen eller innkj\u00f8psavdelingen, for videre h\u00e5ndtering. Konfiguratoren v\u00e5r er utviklet for \u00e5 v\u00e6re mer enn bare et verkt\u00f8y for valg av design og innredning. Det er en omfattende l\u00f8sning for \u00e5 effektivisere og optimalisere styringen av byggeprosjekter, uansett st\u00f8rrelse og kompleksitet.<\/p><p>N\u00e5r du integrerer konfiguratoren v\u00e5r i byggeprosjektet ditt, f\u00e5r du tilgang til et h\u00f8yt niv\u00e5 av tilpasning og kontroll, noe som muliggj\u00f8r en smidigere, mer kostnadseffektiv og velorganisert prosess fra start til slutt.<\/p>\t\t\t\t\t\t\t\t<\/div>\n\t\t\t\t\t<\/div>\n\t\t<\/div>\n\t\t\t\t\t<\/div>\n\t\t<\/section>\n\t\t\t\t<section class=\"elementor-section elementor-top-section elementor-element elementor-element-4ec5bab elementor-reverse-tablet elementor-reverse-mobile elementor-section-full_width elementor-section-height-default elementor-section-height-default\" data-id=\"4ec5bab\" data-element_type=\"section\" data-settings=\"{&quot;background_background&quot;:&quot;classic&quot;}\">\n\t\t\t\t\t\t<div class=\"elementor-container elementor-column-gap-default\">\n\t\t\t\t\t<div class=\"elementor-column elementor-col-100 elementor-top-column elementor-element elementor-element-021ff1f\" data-id=\"021ff1f\" data-element_type=\"column\" data-settings=\"{&quot;background_background&quot;:&quot;classic&quot;}\">\n\t\t\t<div class=\"elementor-widget-wrap elementor-element-populated\">\n\t\t\t\t\t\t<div class=\"elementor-element elementor-element-52ac1f6 elementor-widget elementor-widget-shortcode\" data-id=\"52ac1f6\" data-element_type=\"widget\" data-widget_type=\"shortcode.default\">\n\t\t\t\t\t\t\t<div class=\"elementor-shortcode\">[wpc_config id=\"23701\"]<\/div>\n\t\t\t\t\t\t<\/div>\n\t\t\t\t\t<\/div>\n\t\t<\/div>\n\t\t\t\t\t<\/div>\n\t\t<\/section>\n\t\t\t\t<section class=\"elementor-section elementor-top-section elementor-element elementor-element-ec189cb elementor-section-boxed elementor-section-height-default elementor-section-height-default\" data-id=\"ec189cb\" data-element_type=\"section\" data-settings=\"{&quot;background_background&quot;:&quot;classic&quot;}\">\n\t\t\t\t\t\t<div class=\"elementor-container elementor-column-gap-default\">\n\t\t\t\t\t<div class=\"elementor-column elementor-col-100 elementor-top-column elementor-element elementor-element-8ea995b\" data-id=\"8ea995b\" data-element_type=\"column\">\n\t\t\t<div class=\"elementor-widget-wrap elementor-element-populated\">\n\t\t\t\t\t\t<div class=\"elementor-element elementor-element-1d47bcf elementor-widget elementor-widget-spacer\" data-id=\"1d47bcf\" data-element_type=\"widget\" data-widget_type=\"spacer.default\">\n\t\t\t\t\t\t\t<div class=\"elementor-spacer\">\n\t\t\t<div class=\"elementor-spacer-inner\"><\/div>\n\t\t<\/div>\n\t\t\t\t\t\t<\/div>\n\t\t\t\t<div class=\"elementor-element elementor-element-12c84b0 elementor-widget elementor-widget-heading\" data-id=\"12c84b0\" data-element_type=\"widget\" data-widget_type=\"heading.default\">\n\t\t\t\t\t<span class=\"elementor-heading-title elementor-size-default\">Les mer om Housing Selector for nybygg.<\/span>\t\t\t\t<\/div>\n\t\t\t\t<div class=\"elementor-element elementor-element-e35c99d elementor-align-center elementor-widget elementor-widget-button\" data-id=\"e35c99d\" data-element_type=\"widget\" data-widget_type=\"button.default\">\n\t\t\t\t\t\t\t\t\t\t<a class=\"elementor-button elementor-button-link elementor-size-sm\" href=\"https:\/\/huset.se\/bostadsvaljare\/\">\n\t\t\t\t\t\t<span class=\"elementor-button-content-wrapper\">\n\t\t\t\t\t\t\t\t\t<span class=\"elementor-button-text\">Les mer<\/span>\n\t\t\t\t\t<\/span>\n\t\t\t\t\t<\/a>\n\t\t\t\t\t\t\t\t<\/div>\n\t\t\t\t<div class=\"elementor-element elementor-element-78cab11 elementor-widget elementor-widget-spacer\" data-id=\"78cab11\" data-element_type=\"widget\" data-widget_type=\"spacer.default\">\n\t\t\t\t\t\t\t<div class=\"elementor-spacer\">\n\t\t\t<div class=\"elementor-spacer-inner\"><\/div>\n\t\t<\/div>\n\t\t\t\t\t\t<\/div>\n\t\t\t\t\t<\/div>\n\t\t<\/div>\n\t\t\t\t\t<\/div>\n\t\t<\/section>\n\t\t\t\t<\/div>","protected":false},"excerpt":{"rendered":"<p>Interaktiv verkt\u00f8ykonfigurator Realistisk og interaktivt tilvalgssystem for nybygg Med v\u00e5r innovative konfigurator kan vi tilby en allsidig og skreddersydd l\u00f8sning for ulike typer prosjekter, enten det dreier seg om helt nye byggeprosjekter, omfattende renoveringer eller spesifikke oppdateringer av eksisterende eiendommer. Systemet v\u00e5rt er utformet for \u00e5 gi maksimal fleksibilitet og tilpasningsevne. Dette oppn\u00e5s [...]<\/p>","protected":false},"author":26,"featured_media":0,"parent":0,"menu_order":0,"comment_status":"closed","ping_status":"closed","template":"template\/template-homepage.php","meta":{"_et_pb_use_builder":"","_et_pb_old_content":"","_et_gb_content_width":"","footnotes":""},"class_list":["post-24126","page","type-page","status-publish","hentry"],"_links":{"self":[{"href":"https:\/\/huset.se\/nb\/wp-json\/wp\/v2\/pages\/24126","targetHints":{"allow":["GET"]}}],"collection":[{"href":"https:\/\/huset.se\/nb\/wp-json\/wp\/v2\/pages"}],"about":[{"href":"https:\/\/huset.se\/nb\/wp-json\/wp\/v2\/types\/page"}],"author":[{"embeddable":true,"href":"https:\/\/huset.se\/nb\/wp-json\/wp\/v2\/users\/26"}],"replies":[{"embeddable":true,"href":"https:\/\/huset.se\/nb\/wp-json\/wp\/v2\/comments?post=24126"}],"version-history":[{"count":3,"href":"https:\/\/huset.se\/nb\/wp-json\/wp\/v2\/pages\/24126\/revisions"}],"predecessor-version":[{"id":27745,"href":"https:\/\/huset.se\/nb\/wp-json\/wp\/v2\/pages\/24126\/revisions\/27745"}],"wp:attachment":[{"href":"https:\/\/huset.se\/nb\/wp-json\/wp\/v2\/media?parent=24126"}],"curies":[{"name":"wp","href":"https:\/\/api.w.org\/{rel}","templated":true}]}}