{"id":23765,"date":"2023-12-26T19:15:55","date_gmt":"2023-12-26T18:15:55","guid":{"rendered":"https:\/\/huset.se\/?page_id=23765"},"modified":"2024-04-13T18:55:48","modified_gmt":"2024-04-13T16:55:48","slug":"lets-take-a-walk","status":"publish","type":"page","link":"https:\/\/huset.se\/nb\/lets-take-a-walk\/","title":{"rendered":"N\u00e5 g\u00e5r vi en tur!"},"content":{"rendered":"<div data-elementor-type=\"wp-page\" data-elementor-id=\"23765\" class=\"elementor elementor-23765\">\n\t\t\t\t\t\t<section class=\"elementor-section elementor-top-section elementor-element elementor-element-c5b647a elementor-section-boxed elementor-section-height-default elementor-section-height-default\" data-id=\"c5b647a\" data-element_type=\"section\" data-settings=\"{&quot;background_background&quot;:&quot;classic&quot;}\">\n\t\t\t\t\t\t<div class=\"elementor-container elementor-column-gap-default\">\n\t\t\t\t\t<div class=\"elementor-column elementor-col-100 elementor-top-column elementor-element elementor-element-4864c08\" data-id=\"4864c08\" data-element_type=\"column\">\n\t\t\t<div class=\"elementor-widget-wrap elementor-element-populated\">\n\t\t\t\t\t\t<div class=\"elementor-element elementor-element-ab55784 elementor-widget elementor-widget-spacer\" data-id=\"ab55784\" data-element_type=\"widget\" data-widget_type=\"spacer.default\">\n\t\t\t\t\t\t\t<div class=\"elementor-spacer\">\n\t\t\t<div class=\"elementor-spacer-inner\"><\/div>\n\t\t<\/div>\n\t\t\t\t\t\t<\/div>\n\t\t\t\t<div class=\"elementor-element elementor-element-b5ea1ea elementor-widget elementor-widget-heading\" data-id=\"b5ea1ea\" data-element_type=\"widget\" data-widget_type=\"heading.default\">\n\t\t\t\t\t<h2 class=\"elementor-heading-title elementor-size-default\">N\u00e5 g\u00e5r vi en tur!<\/h2>\t\t\t\t<\/div>\n\t\t\t\t<div class=\"elementor-element elementor-element-54ab209 elementor-widget-divider--view-line elementor-widget elementor-widget-divider\" data-id=\"54ab209\" data-element_type=\"widget\" data-widget_type=\"divider.default\">\n\t\t\t\t\t\t\t<div class=\"elementor-divider\">\n\t\t\t<span class=\"elementor-divider-separator\">\n\t\t\t\t\t\t<\/span>\n\t\t<\/div>\n\t\t\t\t\t\t<\/div>\n\t\t\t\t<div class=\"elementor-element elementor-element-46ec174 elementor-widget elementor-widget-shortcode\" data-id=\"46ec174\" data-element_type=\"widget\" data-widget_type=\"shortcode.default\">\n\t\t\t\t\t\t\t<div class=\"elementor-shortcode\"><div style=\"position:relative;padding-top:56.25%;\"><iframe src=\"https:\/\/iframe.mediadelivery.net\/embed\/230487\/ccbb3812-0c1f-4673-a2a3-7e2a852feb46?autoplay=false&loop=false&muted=false&preload=true&responsive=true\" loading=\"lazy\" style=\"border:0;position:absolute;top:0;height:100%;width:100%;\" allow=\"accelerometer;gyroscope;autoplay;encrypted-media;picture-in-picture;\" allowfullscreen=\"true\"><\/iframe><\/div><\/div>\n\t\t\t\t\t\t<\/div>\n\t\t\t\t<div class=\"elementor-element elementor-element-5a58969 elementor-drop-cap-yes elementor-drop-cap-view-default elementor-widget elementor-widget-text-editor\" data-id=\"5a58969\" data-element_type=\"widget\" data-settings=\"{&quot;drop_cap&quot;:&quot;yes&quot;}\" data-widget_type=\"text-editor.default\">\n\t\t\t\t\t\t\t\t\t<p><span style=\"color: #ffffff;\"><strong><span style=\"font-size: 50px; text-align: center;\">L<\/span>\u00a0ets take a Walk!<\/strong><\/span> er en tjeneste i House som gj\u00f8r det mulig \u00e5 g\u00e5 rundt i et eiendomsobjekt i 3D.<\/p><p>Let's take a Walk er en innovativ tjeneste som eiendomsselskapet tilbyr, og som forvandler tradisjonelle eiendomsvisninger til en interaktiv og engasjerende opplevelse. Takket v\u00e6re denne tjenesten kan potensielle kj\u00f8pere eller leietakere utforske eiendommen i et virtuelt 3D-milj\u00f8, p\u00e5 samme m\u00e5te som i dataspill. Denne funksjonen gj\u00f8r det mulig \u00e5 f\u00e5 en dypere forst\u00e5else av eiendommen, langt utover det tradisjonelle bilder eller videovisninger kan gi.<\/p><p>Brukerne styrer den virtuelle vandringen gjennom eiendommen ved hjelp av musen og tastaturknappene W, A, S og D, et vanlig kontrollskjema i dataspill. Dette intuitive grensesnittet gj\u00f8r det enkelt for brukere i alle aldre \u00e5 navigere i det virtuelle milj\u00f8et og utforske hvert hj\u00f8rne av eiendommen i sitt eget tempo og fra ulike vinkler. Enten det dreier seg om \u00e5 se p\u00e5 det fine snekkerarbeidet, fornemme hvor romslig stuen er, eller inspisere kvaliteten p\u00e5 kj\u00f8kkeninnredningen - \"Let's take a walk!\" tilbyr en detaljrikdom og interaktivitet som gj\u00f8r kundens beslutningsprosess enda bedre.<\/p><p>Denne digitale innovasjonen gj\u00f8r det ikke bare mulig \u00e5 f\u00e5 en mer detaljert oversikt over eiendommen, men l\u00f8ser ogs\u00e5 logistiske utfordringer som reise- og planleggingskonflikter. Interessenter kan n\u00e5 utforske eiendommer hjemmefra n\u00e5r som helst p\u00e5 d\u00f8gnet, noe som \u00e5pner opp for et st\u00f8rre marked av potensielle kj\u00f8pere og leietakere.<\/p><p>Ved \u00e5 omfavne teknologien bak \"Let's take a walk\" posisjonerer Huset,se seg som en bransjeleder som verdsetter innovasjon og kundetilfredshet. Denne tjenesten er et str\u00e5lende eksempel p\u00e5 hvordan digitale fremskritt kan brukes til \u00e5 berike kundeopplevelser og revolusjonere hvordan vi samhandler med eiendom.<\/p>\t\t\t\t\t\t\t\t<\/div>\n\t\t\t\t<div class=\"elementor-element elementor-element-17fc081 elementor-widget elementor-widget-text-editor\" data-id=\"17fc081\" data-element_type=\"widget\" data-widget_type=\"text-editor.default\">\n\t\t\t\t\t\t\t\t\t<p>V\u00e6r oppmerksom p\u00e5 at tjenesten er under utvikling av Huset, og at sluttresultatet kan avvike betydelig fra denne presentasjonen. Eiendomsobjektene er 3D-skannet og er IKKE et 3D-gjengitt objekt.<\/p>\t\t\t\t\t\t\t\t<\/div>\n\t\t\t\t<div class=\"elementor-element elementor-element-3bc382e elementor-align-center elementor-widget elementor-widget-button\" data-id=\"3bc382e\" data-element_type=\"widget\" data-widget_type=\"button.default\">\n\t\t\t\t\t\t\t\t\t\t<a class=\"elementor-button elementor-button-link elementor-size-sm\" href=\"https:\/\/huset.se\/kontakta_oss\/\">\n\t\t\t\t\t\t<span class=\"elementor-button-content-wrapper\">\n\t\t\t\t\t\t<span class=\"elementor-button-icon\">\n\t\t\t\t<svg aria-hidden=\"true\" class=\"e-font-icon-svg e-far-gem\" viewbox=\"0 0 576 512\" xmlns=\"http:\/\/www.w3.org\/2000\/svg\"><path d=\"M464 0H112c-4 0-7.8 2-10 5.4L2 152.6c-2.9 4.4-2.6 10.2.7 14.2l276 340.8c4.8 5.9 13.8 5.9 18.6 0l276-340.8c3.3-4.1 3.6-9.8.7-14.2L474.1 5.4C471.8 2 468.1 0 464 0zm-19.3 48l63.3 96h-68.4l-51.7-96h56.8zm-202.1 0h90.7l51.7 96H191l51.6-96zm-111.3 0h56.8l-51.7 96H68l63.3-96zm-43 144h51.4L208 352 88.3 192zm102.9 0h193.6L288 435.3 191.2 192zM368 352l68.2-160h51.4L368 352z\"><\/path><\/svg>\t\t\t<\/span>\n\t\t\t\t\t\t\t\t\t<span class=\"elementor-button-text\">Kontakt oss for en personlig omvisning<\/span>\n\t\t\t\t\t<\/span>\n\t\t\t\t\t<\/a>\n\t\t\t\t\t\t\t\t<\/div>\n\t\t\t\t<div class=\"elementor-element elementor-element-870d6b5 elementor-widget elementor-widget-spacer\" data-id=\"870d6b5\" data-element_type=\"widget\" data-widget_type=\"spacer.default\">\n\t\t\t\t\t\t\t<div class=\"elementor-spacer\">\n\t\t\t<div class=\"elementor-spacer-inner\"><\/div>\n\t\t<\/div>\n\t\t\t\t\t\t<\/div>\n\t\t\t\t\t<\/div>\n\t\t<\/div>\n\t\t\t\t\t<\/div>\n\t\t<\/section>\n\t\t\t\t<\/div>","protected":false},"excerpt":{"rendered":"<p>La oss ta en spasertur! L et's take a Walk! er en tjeneste fra the house som lar deg g\u00e5 rundt p\u00e5 en eiendom i 3D. Let's take a Walk er en innovativ tjeneste som tilbys av eiendomsmeglerfirmaet, og som forvandler tradisjonelle omvisninger til en interaktiv og engasjerende opplevelse. Takket v\u00e6re denne tjenesten kan potensielle kj\u00f8pere eller leietakere utforske eiendomsobjekter [...]<\/p>","protected":false},"author":26,"featured_media":0,"parent":0,"menu_order":0,"comment_status":"closed","ping_status":"closed","template":"template\/template-homepage.php","meta":{"_et_pb_use_builder":"","_et_pb_old_content":"","_et_gb_content_width":"","footnotes":""},"class_list":["post-23765","page","type-page","status-publish","hentry"],"_links":{"self":[{"href":"https:\/\/huset.se\/nb\/wp-json\/wp\/v2\/pages\/23765","targetHints":{"allow":["GET"]}}],"collection":[{"href":"https:\/\/huset.se\/nb\/wp-json\/wp\/v2\/pages"}],"about":[{"href":"https:\/\/huset.se\/nb\/wp-json\/wp\/v2\/types\/page"}],"author":[{"embeddable":true,"href":"https:\/\/huset.se\/nb\/wp-json\/wp\/v2\/users\/26"}],"replies":[{"embeddable":true,"href":"https:\/\/huset.se\/nb\/wp-json\/wp\/v2\/comments?post=23765"}],"version-history":[{"count":0,"href":"https:\/\/huset.se\/nb\/wp-json\/wp\/v2\/pages\/23765\/revisions"}],"wp:attachment":[{"href":"https:\/\/huset.se\/nb\/wp-json\/wp\/v2\/media?parent=23765"}],"curies":[{"name":"wp","href":"https:\/\/api.w.org\/{rel}","templated":true}]}}