{"id":23716,"date":"2023-12-26T16:35:48","date_gmt":"2023-12-26T15:35:48","guid":{"rendered":"https:\/\/huset.se\/?page_id=23716"},"modified":"2024-10-20T18:32:53","modified_gmt":"2024-10-20T16:32:53","slug":"interaktiv-3d-modell","status":"publish","type":"page","link":"https:\/\/huset.se\/nb\/interaktiv-3d-modell\/","title":{"rendered":"Interaktiv 3D-modell"},"content":{"rendered":"<div data-elementor-type=\"wp-page\" data-elementor-id=\"23716\" class=\"elementor elementor-23716\">\n\t\t\t\t\t\t<section class=\"elementor-section elementor-top-section elementor-element elementor-element-b4b2afa elementor-section-boxed elementor-section-height-default elementor-section-height-default\" data-id=\"b4b2afa\" data-element_type=\"section\" data-settings=\"{&quot;background_background&quot;:&quot;classic&quot;}\">\n\t\t\t\t\t\t<div class=\"elementor-container elementor-column-gap-default\">\n\t\t\t\t\t<div class=\"elementor-column elementor-col-100 elementor-top-column elementor-element elementor-element-ee2ca79\" data-id=\"ee2ca79\" data-element_type=\"column\">\n\t\t\t<div class=\"elementor-widget-wrap elementor-element-populated\">\n\t\t\t\t\t\t<div class=\"elementor-element elementor-element-8ee873a elementor-widget elementor-widget-spacer\" data-id=\"8ee873a\" data-element_type=\"widget\" data-widget_type=\"spacer.default\">\n\t\t\t\t\t\t\t<div class=\"elementor-spacer\">\n\t\t\t<div class=\"elementor-spacer-inner\"><\/div>\n\t\t<\/div>\n\t\t\t\t\t\t<\/div>\n\t\t\t\t<div class=\"elementor-element elementor-element-5da0c87 elementor-widget elementor-widget-heading\" data-id=\"5da0c87\" data-element_type=\"widget\" data-widget_type=\"heading.default\">\n\t\t\t\t\t<h2 class=\"elementor-heading-title elementor-size-default\">Interaktiv 3D-modell<\/h2>\t\t\t\t<\/div>\n\t\t\t\t<div class=\"elementor-element elementor-element-3232e9c elementor-widget-divider--view-line elementor-widget elementor-widget-divider\" data-id=\"3232e9c\" data-element_type=\"widget\" data-widget_type=\"divider.default\">\n\t\t\t\t\t\t\t<div class=\"elementor-divider\">\n\t\t\t<span class=\"elementor-divider-separator\">\n\t\t\t\t\t\t<\/span>\n\t\t<\/div>\n\t\t\t\t\t\t<\/div>\n\t\t\t\t<div class=\"elementor-element elementor-element-2b8f066 elementor-drop-cap-yes elementor-drop-cap-view-default elementor-widget elementor-widget-text-editor\" data-id=\"2b8f066\" data-element_type=\"widget\" data-settings=\"{&quot;drop_cap&quot;:&quot;yes&quot;}\" data-widget_type=\"text-editor.default\">\n\t\t\t\t\t\t\t\t\t<h5><span style=\"color: #ffffff;\">Med Husets ledende 3D-visningsteknologi kan du ta eiendomsmegling og -forvaltning til et nytt niv\u00e5. La Husets interaktive 3D-modeller v\u00e6re n\u00f8kkelen til suksess i din eiendomsvirksomhet.<\/span><\/h5>\t\t\t\t\t\t\t\t<\/div>\n\t\t\t\t<div class=\"elementor-element elementor-element-ae8b038 elementor-widget elementor-widget-shortcode\" data-id=\"ae8b038\" data-element_type=\"widget\" data-widget_type=\"shortcode.default\">\n\t\t\t\t\t\t\t<div class=\"elementor-shortcode\"><div style=\"position:relative;padding-top:56.25%;\"><iframe src=\"https:\/\/iframe.mediadelivery.net\/embed\/230487\/0d9e28e2-ffd4-4a89-8ff9-e2b60686e762?autoplay=false&loop=false&muted=false&preload=true&responsive=true\" loading=\"lazy\" style=\"border:0;position:absolute;top:0;height:100%;width:100%;\" allow=\"accelerometer;gyroscope;autoplay;encrypted-media;picture-in-picture;\" allowfullscreen=\"true\"><\/iframe><\/div><\/div>\n\t\t\t\t\t\t<\/div>\n\t\t\t\t<div class=\"elementor-element elementor-element-67bd27f elementor-drop-cap-yes elementor-drop-cap-view-default elementor-widget elementor-widget-text-editor\" data-id=\"67bd27f\" data-element_type=\"widget\" data-settings=\"{&quot;drop_cap&quot;:&quot;yes&quot;}\" data-widget_type=\"text-editor.default\">\n\t\t\t\t\t\t\t\t\t<p><span style=\"color: #ffffff;\">Med interaktiv 3D-modellering kan kunden se eiendommen i en <em><strong>3D-dimensjonalt perspektiv<\/strong><\/em>3D-objektet bidrar til en bedre forst\u00e5else av eiendommen, dens overflate og karakter - noe vanlige 2D-bilder umulig kan tilby.\u00a0<\/span><\/p><p><span style=\"color: #ffffff;\">Opplev fordelene med Husets interaktive 3D-modeller og revolusjoner m\u00e5ten du presenterer eiendommer p\u00e5. Ved \u00e5 implementere Husets avanserte augmented reality-teknologi kan du forvandle eiendommene dine til verdifull informasjon som g\u00e5r langt utover konvensjonelle virtuelle 3D-rundvisninger.<\/span><\/p><p><span style=\"color: #ffffff;\">S\u00e5 hva skiller en ekte interaktiv 3D-modell fra en digital skjerm? Det handler om dybde. En virtuell omvisning kan fange opp to dimensjoner - h\u00f8yde og bredde - men ekte tredimensjonale omvisninger fanger ogs\u00e5 opp dybde. Dette gj\u00f8res vanligvis med et spesialkamera utstyrt med flere linser og infrar\u00f8d teknologi som kan registrere, m\u00e5le og fange opp dybde.\u00a0<\/span><\/p><ul><li><p><span style=\"color: #ffffff;\"><strong>* Detaljerte plantegninger:<\/strong> Gi en klar oversikt over eiendommens planl\u00f8sning, slik at man f\u00e5r en dypere forst\u00e5else og forst\u00e5else av rommet.<\/span><\/p><\/li><li><p><span style=\"color: #ffffff;\"><strong>* Informative etiketter:<\/strong> Fremhev viktige egenskaper og funksjoner i boligen for \u00e5 gi potensielle kj\u00f8pere eller leietakere all den informasjonen de trenger.<\/span><\/p><\/li><li><p><span style=\"color: #ffffff;\"><strong>* N\u00f8yaktige m\u00e5linger:<\/strong> Du slipper \u00e5 gjette deg frem med n\u00f8yaktige m\u00e5l som gj\u00f8r det enklere \u00e5 planlegge og innrede rom.<\/span><\/p><\/li><li><p><span style=\"color: #ffffff;\"><strong>* Omfattende analyser:<\/strong> Dra nytte av omfattende innsikt for \u00e5 optimalisere eiendomsforvaltningen, effektivisere kapitalplanleggingen og redusere ledigheten.<\/span><\/p><\/li><li><p><span style=\"color: #ffffff;\"><strong>* Realistisk opplevelse:<\/strong> Tilby en virkelighetsn\u00e6r omvisning som kan erstatte behovet for fysiske omvisninger, noe som sparer tid og ressurser.<\/span><\/p><\/li><li><p><span style=\"color: #ffffff;\"><strong>* Mindre forstyrrelser:<\/strong> Potensielle kj\u00f8pere kan enkelt avgj\u00f8re om en bolig passer deres behov p\u00e5 nettet, noe som minimerer un\u00f8dvendige visninger og forstyrrelser for selgerne.<\/span><\/p><\/li><li><p><span style=\"color: #ffffff;\"><strong>* \u00d8kt tilgjengelighet for kj\u00f8pere utenfor omr\u00e5det:<\/strong> Gj\u00f8r det mulig for kj\u00f8pere \u00e5 \"bes\u00f8ke\" eiendommer virtuelt, noe som utvider kj\u00f8perbasen og \u00f8ker sjansen for salg.<\/span><\/p><\/li><li><span style=\"color: #ffffff;\"><strong>* Legger til rette for raskere innkj\u00f8psbeslutninger:<\/strong> Seri\u00f8se kj\u00f8pere kan ta beslutninger raskere med tilgang til omfattende virtuelle omvisninger, noe som fremskynder salgsprosessen.<\/span><\/li><li>\u00a0<\/li><\/ul>\t\t\t\t\t\t\t\t<\/div>\n\t\t\t\t<div class=\"elementor-element elementor-element-cf1e8f1 elementor-drop-cap-yes elementor-drop-cap-view-default elementor-widget elementor-widget-text-editor\" data-id=\"cf1e8f1\" data-element_type=\"widget\" data-settings=\"{&quot;drop_cap&quot;:&quot;yes&quot;}\" data-widget_type=\"text-editor.default\">\n\t\t\t\t\t\t\t\t\t<h1><font color=\"#ffffff\">FORDELENE MED EN DIGITAL 3D-SKJERM<\/font><\/h1>\n<ul>\n<li>&nbsp;<\/li>\n<\/ul>\n<p><span style=\"color: #ffffff;\">De viktigste fordelene med interaktive 3D-modeller\/omvisninger for eiendomsmeglere er at de gir en virkelighetsn\u00e6r opplevelse som gj\u00f8r det mer sannsynlig at forbrukerne erstatter dem med fysiske visninger. Dette f\u00f8rer til mindre forstyrrelser for selgeren, ettersom potensielle kj\u00f8pere kan avgj\u00f8re om boligen passer for dem f\u00f8r de ber om en fysisk omvisning. Det er mer sannsynlig at kj\u00f8pere som ikke bor i n\u00e6rheten, kj\u00f8per en bolig med 3D-visning, ettersom de kan bes\u00f8ke og oppleve boligen uten \u00e5 v\u00e6re fysisk til stede, noe som gir st\u00f8rre salgsmuligheter. Seri\u00f8se boligkj\u00f8pere og leietakere kan ta beslutninger uten \u00e5 be om flere visninger av samme bolig.<\/span><\/p>\t\t\t\t\t\t\t\t<\/div>\n\t\t\t\t<div class=\"elementor-element elementor-element-bf5f029 elementor-align-center elementor-widget elementor-widget-button\" data-id=\"bf5f029\" data-element_type=\"widget\" data-widget_type=\"button.default\">\n\t\t\t\t\t\t\t\t\t\t<a class=\"elementor-button elementor-button-link elementor-size-sm\" href=\"https:\/\/huset.se\/kontakta_oss\/\" id=\"a55\">\n\t\t\t\t\t\t<span class=\"elementor-button-content-wrapper\">\n\t\t\t\t\t\t<span class=\"elementor-button-icon\">\n\t\t\t\t<svg aria-hidden=\"true\" class=\"e-font-icon-svg e-far-gem\" viewbox=\"0 0 576 512\" xmlns=\"http:\/\/www.w3.org\/2000\/svg\"><path d=\"M464 0H112c-4 0-7.8 2-10 5.4L2 152.6c-2.9 4.4-2.6 10.2.7 14.2l276 340.8c4.8 5.9 13.8 5.9 18.6 0l276-340.8c3.3-4.1 3.6-9.8.7-14.2L474.1 5.4C471.8 2 468.1 0 464 0zm-19.3 48l63.3 96h-68.4l-51.7-96h56.8zm-202.1 0h90.7l51.7 96H191l51.6-96zm-111.3 0h56.8l-51.7 96H68l63.3-96zm-43 144h51.4L208 352 88.3 192zm102.9 0h193.6L288 435.3 191.2 192zM368 352l68.2-160h51.4L368 352z\"><\/path><\/svg>\t\t\t<\/span>\n\t\t\t\t\t\t\t\t\t<span class=\"elementor-button-text\">Kontakt oss<\/span>\n\t\t\t\t\t<\/span>\n\t\t\t\t\t<\/a>\n\t\t\t\t\t\t\t\t<\/div>\n\t\t\t\t<div class=\"elementor-element elementor-element-0cb40f8 elementor-widget elementor-widget-text-editor\" data-id=\"0cb40f8\" data-element_type=\"widget\" data-widget_type=\"text-editor.default\">\n\t\t\t\t\t\t\t\t\t<p>* V\u00e6r oppmerksom p\u00e5 at tjenesten er under utvikling av Huset, og at det endelige resultatet kan avvike betydelig fra denne presentasjonen. Objektene er 3D-skannet og er IKKE 3D-gjengitte objekter.<\/p>\t\t\t\t\t\t\t\t<\/div>\n\t\t\t\t<div class=\"elementor-element elementor-element-14b3cc3 elementor-widget elementor-widget-spacer\" data-id=\"14b3cc3\" data-element_type=\"widget\" data-widget_type=\"spacer.default\">\n\t\t\t\t\t\t\t<div class=\"elementor-spacer\">\n\t\t\t<div class=\"elementor-spacer-inner\"><\/div>\n\t\t<\/div>\n\t\t\t\t\t\t<\/div>\n\t\t\t\t<div class=\"elementor-element elementor-element-2ffc8ee elementor-widget elementor-widget-heading\" data-id=\"2ffc8ee\" data-element_type=\"widget\" data-widget_type=\"heading.default\">\n\t\t\t\t\t<h2 class=\"elementor-heading-title elementor-size-default\">3D-objekt<\/h2>\t\t\t\t<\/div>\n\t\t\t\t<div class=\"elementor-element elementor-element-1a5b5a1 elementor-widget-divider--view-line elementor-widget elementor-widget-divider\" data-id=\"1a5b5a1\" data-element_type=\"widget\" data-widget_type=\"divider.default\">\n\t\t\t\t\t\t\t<div class=\"elementor-divider\">\n\t\t\t<span class=\"elementor-divider-separator\">\n\t\t\t\t\t\t<\/span>\n\t\t<\/div>\n\t\t\t\t\t\t<\/div>\n\t\t\t\t\t<\/div>\n\t\t<\/div>\n\t\t\t\t\t<\/div>\n\t\t<\/section>\n\t\t\t\t<section class=\"elementor-section elementor-top-section elementor-element elementor-element-868ccb5 elementor-section-content-middle elementor-reverse-tablet elementor-reverse-mobile elementor-section-boxed elementor-section-height-default elementor-section-height-default\" data-id=\"868ccb5\" data-element_type=\"section\" data-settings=\"{&quot;background_background&quot;:&quot;classic&quot;}\">\n\t\t\t\t\t\t<div class=\"elementor-container elementor-column-gap-no\">\n\t\t\t\t\t<div class=\"elementor-column elementor-col-50 elementor-top-column elementor-element elementor-element-006795f\" data-id=\"006795f\" data-element_type=\"column\">\n\t\t\t<div class=\"elementor-widget-wrap elementor-element-populated\">\n\t\t\t\t\t\t<div class=\"elementor-element elementor-element-2876435 elementor-widget elementor-widget-heading\" data-id=\"2876435\" data-element_type=\"widget\" data-widget_type=\"heading.default\">\n\t\t\t\t\t<h3 class=\"elementor-heading-title elementor-size-default\">Demo: Plan 1<\/h3>\t\t\t\t<\/div>\n\t\t\t\t<div class=\"elementor-element elementor-element-787edaa elementor-widget elementor-widget-shortcode\" data-id=\"787edaa\" data-element_type=\"widget\" data-widget_type=\"shortcode.default\">\n\t\t\t\t\t\t\t<div class=\"elementor-shortcode\">[ardisplay id=23359]<\/div>\n\t\t\t\t\t\t<\/div>\n\t\t\t\t<div class=\"elementor-element elementor-element-bd4f95d elementor-widget elementor-widget-text-editor\" data-id=\"bd4f95d\" data-element_type=\"widget\" data-widget_type=\"text-editor.default\">\n\t\t\t\t\t\t\t\t\t<p><em><span style=\"text-decoration-line: underline;\">MERK: Dette er en demo!<\/span><\/em><br>Bes\u00f8k nettstedet med en smarttelefon og visualiser objektet i omgivelsene dine.<br>Klikk p\u00e5<span style=\"font-weight: 600;\">&nbsp;\"AR Display\"-ikoner<\/span>&nbsp;i h\u00f8yre hj\u00f8rne for \u00e5 starte 3D-programvaren.<br>Rett deretter kameraet mot \u00e5pen mark.<br>Du kan zoome inn\/ut og rotere objektet med fingrene.<br>100% betyr = Faktisk skala.<br><\/p>\t\t\t\t\t\t\t\t<\/div>\n\t\t\t\t\t<\/div>\n\t\t<\/div>\n\t\t\t\t<div class=\"elementor-column elementor-col-50 elementor-top-column elementor-element elementor-element-d033502\" data-id=\"d033502\" data-element_type=\"column\">\n\t\t\t<div class=\"elementor-widget-wrap elementor-element-populated\">\n\t\t\t\t\t\t<div class=\"elementor-element elementor-element-60061e1 elementor-widget-divider--view-line elementor-widget elementor-widget-divider\" data-id=\"60061e1\" data-element_type=\"widget\" data-widget_type=\"divider.default\">\n\t\t\t\t\t\t\t<div class=\"elementor-divider\">\n\t\t\t<span class=\"elementor-divider-separator\">\n\t\t\t\t\t\t<\/span>\n\t\t<\/div>\n\t\t\t\t\t\t<\/div>\n\t\t\t\t<div class=\"elementor-element elementor-element-441d89e elementor-widget elementor-widget-heading\" data-id=\"441d89e\" data-element_type=\"widget\" data-widget_type=\"heading.default\">\n\t\t\t\t\t<h3 class=\"elementor-heading-title elementor-size-default\">3D-objekt<\/h3>\t\t\t\t<\/div>\n\t\t\t\t<div class=\"elementor-element elementor-element-dc907df elementor-drop-cap-yes elementor-drop-cap-view-default elementor-widget elementor-widget-text-editor\" data-id=\"dc907df\" data-element_type=\"widget\" data-settings=\"{&quot;drop_cap&quot;:&quot;yes&quot;}\" data-widget_type=\"text-editor.default\">\n\t\t\t\t\t\t\t\t\t<p><span style=\"color: #ffffff; font-family: Helvetica, sans-serif; font-size: 19px;\">Dette er et 3D-skannet objekt. <\/span><span style=\"font-family: Helvetica, sans-serif;\"><span style=\"font-size: 19px; font-weight: var( --e-global-typography-d168bf9-font-weight ); letter-spacing: var( --e-global-typography-d168bf9-letter-spacing ); word-spacing: var( --e-global-typography-d168bf9-word-spacing );\">3D-objektet gir det mest ikoniske perspektivet n\u00e5r man skal unders\u00f8ke en eiendom. Det finnes ingen mer effektiv metode for raskt \u00e5 f\u00e5 en helhetlig forst\u00e5else av et rom enn \u00e5 se eiendommen fra et 3D-objekt. <\/span><span style=\"font-size: 19px;\">tredje perspektiv<\/span><span style=\"font-size: 19px; font-weight: var( --e-global-typography-d168bf9-font-weight ); letter-spacing: var( --e-global-typography-d168bf9-letter-spacing ); word-spacing: var( --e-global-typography-d168bf9-word-spacing );\">.<\/span><\/span><\/p>\t\t\t\t\t\t\t\t<\/div>\n\t\t\t\t<div class=\"elementor-element elementor-element-a5421ac elementor-align-center elementor-widget elementor-widget-button\" data-id=\"a5421ac\" data-element_type=\"widget\" data-widget_type=\"button.default\">\n\t\t\t\t\t\t\t\t\t\t<a class=\"elementor-button elementor-button-link elementor-size-sm\" href=\"https:\/\/huset.se\/kontakta_oss\/\" id=\"a55\">\n\t\t\t\t\t\t<span class=\"elementor-button-content-wrapper\">\n\t\t\t\t\t\t<span class=\"elementor-button-icon\">\n\t\t\t\t<svg aria-hidden=\"true\" class=\"e-font-icon-svg e-far-gem\" viewbox=\"0 0 576 512\" xmlns=\"http:\/\/www.w3.org\/2000\/svg\"><path d=\"M464 0H112c-4 0-7.8 2-10 5.4L2 152.6c-2.9 4.4-2.6 10.2.7 14.2l276 340.8c4.8 5.9 13.8 5.9 18.6 0l276-340.8c3.3-4.1 3.6-9.8.7-14.2L474.1 5.4C471.8 2 468.1 0 464 0zm-19.3 48l63.3 96h-68.4l-51.7-96h56.8zm-202.1 0h90.7l51.7 96H191l51.6-96zm-111.3 0h56.8l-51.7 96H68l63.3-96zm-43 144h51.4L208 352 88.3 192zm102.9 0h193.6L288 435.3 191.2 192zM368 352l68.2-160h51.4L368 352z\"><\/path><\/svg>\t\t\t<\/span>\n\t\t\t\t\t\t\t\t\t<span class=\"elementor-button-text\">Kontakt oss<\/span>\n\t\t\t\t\t<\/span>\n\t\t\t\t\t<\/a>\n\t\t\t\t\t\t\t\t<\/div>\n\t\t\t\t\t<\/div>\n\t\t<\/div>\n\t\t\t\t\t<\/div>\n\t\t<\/section>\n\t\t\t\t<\/div>","protected":false},"excerpt":{"rendered":"<p>Interaktiv 3D-modell Med Husets ledende teknologi innen 3D-turer kan du ta eiendomsmegling og -forvaltning til neste niv\u00e5. La Husets interaktive 3D-modeller v\u00e6re n\u00f8kkelen til suksess i din eiendomsvirksomhet. Med en interaktiv 3D-modell kan kunden se eiendommen i et tredimensjonalt perspektiv, som et 3D-objekt. 3D-objektet bidrar til en bedre oppfattelse av eiendommen, dens overflate [...].<\/p>","protected":false},"author":26,"featured_media":0,"parent":0,"menu_order":0,"comment_status":"closed","ping_status":"closed","template":"template\/template-homepage.php","meta":{"_et_pb_use_builder":"","_et_pb_old_content":"","_et_gb_content_width":"","footnotes":""},"class_list":["post-23716","page","type-page","status-publish","hentry"],"_links":{"self":[{"href":"https:\/\/huset.se\/nb\/wp-json\/wp\/v2\/pages\/23716","targetHints":{"allow":["GET"]}}],"collection":[{"href":"https:\/\/huset.se\/nb\/wp-json\/wp\/v2\/pages"}],"about":[{"href":"https:\/\/huset.se\/nb\/wp-json\/wp\/v2\/types\/page"}],"author":[{"embeddable":true,"href":"https:\/\/huset.se\/nb\/wp-json\/wp\/v2\/users\/26"}],"replies":[{"embeddable":true,"href":"https:\/\/huset.se\/nb\/wp-json\/wp\/v2\/comments?post=23716"}],"version-history":[{"count":6,"href":"https:\/\/huset.se\/nb\/wp-json\/wp\/v2\/pages\/23716\/revisions"}],"predecessor-version":[{"id":26109,"href":"https:\/\/huset.se\/nb\/wp-json\/wp\/v2\/pages\/23716\/revisions\/26109"}],"wp:attachment":[{"href":"https:\/\/huset.se\/nb\/wp-json\/wp\/v2\/media?parent=23716"}],"curies":[{"name":"wp","href":"https:\/\/api.w.org\/{rel}","templated":true}]}}