{"id":22145,"date":"2023-06-30T19:21:16","date_gmt":"2023-06-30T17:21:16","guid":{"rendered":"https:\/\/huset.se\/?page_id=22145"},"modified":"2024-05-17T15:14:28","modified_gmt":"2024-05-17T13:14:28","slug":"anvandarvillkor","status":"publish","type":"page","link":"https:\/\/huset.se\/nb\/anvandarvillkor\/","title":{"rendered":"Vilk\u00e5r og betingelser for bruk"},"content":{"rendered":"<div data-elementor-type=\"wp-page\" data-elementor-id=\"22145\" class=\"elementor elementor-22145\">\n\t\t\t\t\t\t<section class=\"elementor-section elementor-top-section elementor-element elementor-element-76f1ccc elementor-section-boxed elementor-section-height-default elementor-section-height-default\" data-id=\"76f1ccc\" data-element_type=\"section\" data-settings=\"{&quot;background_background&quot;:&quot;classic&quot;}\">\n\t\t\t\t\t\t<div class=\"elementor-container elementor-column-gap-default\">\n\t\t\t\t\t<div class=\"elementor-column elementor-col-100 elementor-top-column elementor-element elementor-element-73c27f2a\" data-id=\"73c27f2a\" data-element_type=\"column\">\n\t\t\t<div class=\"elementor-widget-wrap elementor-element-populated\">\n\t\t\t\t\t\t<div class=\"elementor-element elementor-element-a446e22 elementor-widget elementor-widget-spacer\" data-id=\"a446e22\" data-element_type=\"widget\" data-widget_type=\"spacer.default\">\n\t\t\t\t\t\t\t<div class=\"elementor-spacer\">\n\t\t\t<div class=\"elementor-spacer-inner\"><\/div>\n\t\t<\/div>\n\t\t\t\t\t\t<\/div>\n\t\t\t\t<div class=\"elementor-element elementor-element-4f2e8f4 elementor-widget elementor-widget-text-editor\" data-id=\"4f2e8f4\" data-element_type=\"widget\" data-widget_type=\"text-editor.default\">\n\t\t\t\t\t\t\t\t\t<h1 style=\"font-size: 2.53333rem;\">Vilk\u00e5r og betingelser for bruk<br \/>Huset<\/h1><div>\u00a0<\/div><div><h3><span style=\"font-size: 19px; text-transform: none;\">Disse vilk\u00e5rene for bruk gjelder for\u00a0<\/span><img decoding=\"async\" style=\"font-size: 19px; text-transform: none;\" src=\"https:\/\/huset.se\/wp-content\/uploads\/2023\/06\/skyab.jpg\" alt=\"\" width=\"273\" height=\"19\"><span style=\"font-size: 19px; text-transform: none;\">s (org. nr.\u00a0<\/span><img decoding=\"async\" style=\"font-size: 19px; text-transform: none;\" src=\"https:\/\/huset.se\/wp-content\/uploads\/2024\/05\/Org.jpg\" alt=\"\" width=\"102\" height=\"15\"><span style=\"font-size: 19px; text-transform: none;\">\u00a0- \"Huset.se\", \"<\/span><img decoding=\"async\" style=\"font-size: 19px; text-transform: none;\" src=\"https:\/\/huset.se\/wp-content\/uploads\/2024\/05\/ab.jpg\" alt=\"\" width=\"102\" height=\"15\"><span style=\"font-size: 19px; text-transform: none;\">\", eller \"vi\") p\u00e5 huset.se og omfatter alle annonser og alt innhold som Huset publiserer i sine ulike markedsf\u00f8ringskanaler (alle markedsf\u00f8ringskanaler omtales i det f\u00f8lgende samlet som \"Huset\"), uavhengig av hvordan bes\u00f8ket skjer eller hvordan innholdet p\u00e5 nettstedet www.huset.se n\u00e5s.<\/span><\/h3><\/div><h3>1. Immaterielle rettigheter<\/h3><p>Det finnes innhold p\u00e5 Huset.se som er beskyttet av \u00e5ndsverkloven, herunder opphavsrett. Huset.se har en database som er beskyttet i henhold til lov om opphavsrett. Dersom bruksvilk\u00e5rene ikke overholdes, kan det inneb\u00e6re at Huset.se eller Husets lisensgiveres immaterielle rettigheter krenkes, noe som kan f\u00f8re til rettslige sanksjoner og erstatningsplikt.<br \/>Kommersiell eller systematisk bruk av Huset.se er strengt tatt IKKE tillatt, og bruk av automatiserte tjenester som spidering, roboter eller indekseringsteknikker for \u00e5 samle inn eller p\u00e5 annen m\u00e5te utnytte innholdet p\u00e5 Huset.se er forbudt. Uansett metode er det ikke tillatt \u00e5 kopiere innholdet p\u00e5 Huset.se eller gj\u00f8re det tilgjengelig for allmennheten.<\/p><h3>2. Tilkobling til huset<\/h3><p>Alle former for embedding I \"hot-linking\" er forbudt. Det er tillatt \u00e5 lenke til Huset.se, men Huset \u00f8nsker at den bes\u00f8kende skal overf\u00f8res til v\u00e5rt domene og at lenken ikke integreres p\u00e5 andre nettsteder.<\/p><h3>3. Hva regnes som autorisert bruk?<\/h3><p>Huset.se er beregnet for normal bruk av bes\u00f8kende. Det er tillatt \u00e5 bla gjennom, dele og legge ut lenker til boligannonser i ulike kanaler. Dersom boligannonsen er merket som \"privat\", er det strengt forbudt \u00e5 fors\u00f8ke \u00e5 f\u00e5 tilgang til boligannonsen og\/eller dele denne informasjonen med andre p\u00e5 ulike m\u00e5ter, med mindre du har skriftlig godkjenning fra huset.se.<\/p><h3><span style=\"font-size: 19px; text-transform: none;\">Sist oppdatert 2024-05-17<\/span><\/h3>\t\t\t\t\t\t\t\t<\/div>\n\t\t\t\t\t<\/div>\n\t\t<\/div>\n\t\t\t\t\t<\/div>\n\t\t<\/section>\n\t\t\t\t<\/div>","protected":false},"excerpt":{"rendered":"<p>Brukervilk\u00e5r -Huset Disse brukervilk\u00e5rene gjelder for Husets (org.nr - \"Huset.se\", \"\", eller \"vi\") tilbud p\u00e5 huset.se og omfatter alle annonser og alt innhold som Huset publiserer i sine ulike markedsf\u00f8ringskanaler (alle markedsf\u00f8ringskanaler omtales heretter samlet som \"Huset\"), uavhengig av hvordan bes\u00f8ket skjer eller hvordan man f\u00e5r tilgang til innholdet p\u00e5 nettstedet www.huset.se 1. Immaterielle rettigheter [...].<\/p>","protected":false},"author":26,"featured_media":0,"parent":0,"menu_order":0,"comment_status":"closed","ping_status":"closed","template":"elementor_header_footer","meta":{"_et_pb_use_builder":"","_et_pb_old_content":"","_et_gb_content_width":"","footnotes":""},"class_list":["post-22145","page","type-page","status-publish","hentry"],"_links":{"self":[{"href":"https:\/\/huset.se\/nb\/wp-json\/wp\/v2\/pages\/22145","targetHints":{"allow":["GET"]}}],"collection":[{"href":"https:\/\/huset.se\/nb\/wp-json\/wp\/v2\/pages"}],"about":[{"href":"https:\/\/huset.se\/nb\/wp-json\/wp\/v2\/types\/page"}],"author":[{"embeddable":true,"href":"https:\/\/huset.se\/nb\/wp-json\/wp\/v2\/users\/26"}],"replies":[{"embeddable":true,"href":"https:\/\/huset.se\/nb\/wp-json\/wp\/v2\/comments?post=22145"}],"version-history":[{"count":10,"href":"https:\/\/huset.se\/nb\/wp-json\/wp\/v2\/pages\/22145\/revisions"}],"predecessor-version":[{"id":25982,"href":"https:\/\/huset.se\/nb\/wp-json\/wp\/v2\/pages\/22145\/revisions\/25982"}],"wp:attachment":[{"href":"https:\/\/huset.se\/nb\/wp-json\/wp\/v2\/media?parent=22145"}],"curies":[{"name":"wp","href":"https:\/\/api.w.org\/{rel}","templated":true}]}}