{"id":27009,"date":"2025-05-20T16:25:51","date_gmt":"2025-05-20T14:25:51","guid":{"rendered":"https:\/\/huset.se\/?page_id=27009"},"modified":"2025-06-12T11:18:39","modified_gmt":"2025-06-12T09:18:39","slug":"ai-saljassistent","status":"publish","type":"page","link":"https:\/\/huset.se\/it\/ai-saljassistent\/","title":{"rendered":"Assistente alle vendite Ai"},"content":{"rendered":"<div data-elementor-type=\"wp-page\" data-elementor-id=\"27009\" class=\"elementor elementor-27009\">\n\t\t\t\t\t\t<section class=\"elementor-section elementor-top-section elementor-element elementor-element-413b6f6 elementor-section-height-min-height elementor-section-boxed elementor-section-height-default elementor-section-items-middle\" data-id=\"413b6f6\" data-element_type=\"section\" data-settings=\"{&quot;background_background&quot;:&quot;classic&quot;}\">\n\t\t\t\t\t\t<div class=\"elementor-container elementor-column-gap-default\">\n\t\t\t\t\t<div class=\"elementor-column elementor-col-100 elementor-top-column elementor-element elementor-element-2481df3\" data-id=\"2481df3\" data-element_type=\"column\">\n\t\t\t<div class=\"elementor-widget-wrap elementor-element-populated\">\n\t\t\t\t\t\t<section class=\"elementor-section elementor-inner-section elementor-element elementor-element-3bd056b elementor-section-boxed elementor-section-height-default elementor-section-height-default\" data-id=\"3bd056b\" data-element_type=\"section\">\n\t\t\t\t\t\t<div class=\"elementor-container elementor-column-gap-default\">\n\t\t\t\t\t<div class=\"elementor-column elementor-col-100 elementor-inner-column elementor-element elementor-element-f3c0f3d\" data-id=\"f3c0f3d\" data-element_type=\"column\">\n\t\t\t<div class=\"elementor-widget-wrap\">\n\t\t\t\t\t\t\t<\/div>\n\t\t<\/div>\n\t\t\t\t\t<\/div>\n\t\t<\/section>\n\t\t\t\t\t<\/div>\n\t\t<\/div>\n\t\t\t\t\t<\/div>\n\t\t<\/section>\n\t\t\t\t<section class=\"elementor-section elementor-top-section elementor-element elementor-element-a2b7ec5 elementor-section-content-middle elementor-reverse-mobile elementor-reverse-tablet elementor-section-boxed elementor-section-height-default elementor-section-height-default\" data-id=\"a2b7ec5\" data-element_type=\"section\" data-settings=\"{&quot;background_background&quot;:&quot;classic&quot;}\">\n\t\t\t\t\t\t<div class=\"elementor-container elementor-column-gap-no\">\n\t\t\t\t\t<div class=\"elementor-column elementor-col-100 elementor-top-column elementor-element elementor-element-4aa6921\" data-id=\"4aa6921\" data-element_type=\"column\">\n\t\t\t<div class=\"elementor-widget-wrap\">\n\t\t\t\t\t\t\t<\/div>\n\t\t<\/div>\n\t\t\t\t\t<\/div>\n\t\t<\/section>\n\t\t\t\t<section class=\"elementor-section elementor-top-section elementor-element elementor-element-d299de9 elementor-section-content-middle elementor-section-boxed elementor-section-height-default elementor-section-height-default\" data-id=\"d299de9\" data-element_type=\"section\" data-settings=\"{&quot;background_background&quot;:&quot;classic&quot;}\">\n\t\t\t\t\t\t<div class=\"elementor-container elementor-column-gap-no\">\n\t\t\t\t\t<div class=\"elementor-column elementor-col-100 elementor-top-column elementor-element elementor-element-f87bdfe\" data-id=\"f87bdfe\" data-element_type=\"column\">\n\t\t\t<div class=\"elementor-widget-wrap elementor-element-populated\">\n\t\t\t\t\t\t<div class=\"elementor-element elementor-element-9158a97 elementor-widget elementor-widget-text-editor\" data-id=\"9158a97\" data-element_type=\"widget\" data-widget_type=\"text-editor.default\">\n\t\t\t\t\t\t\t\t\t<p>Assistente alle vendite AI e visualizzazione digitale: il vostro primo contatto pi\u00f9 efficace<\/p>\t\t\t\t\t\t\t\t<\/div>\n\t\t\t\t<div class=\"elementor-element elementor-element-c260c55 elementor-widget elementor-widget-text-editor\" data-id=\"c260c55\" data-element_type=\"widget\" data-widget_type=\"text-editor.default\">\n\t\t\t\t\t\t\t\t\t<p class=\"\" data-start=\"281\" data-end=\"418\">Vendere o affittare un immobile richiede velocit\u00e0, precisione e disponibilit\u00e0, ma non deve occupare tutto il vostro tempo.<\/p>\n<p class=\"\" data-start=\"420\" data-end=\"611\">Med <strong data-start=\"424\" data-end=\"474\">Tour digitali della casa e assistente alle vendite AI<\/strong> si ottiene una soluzione completa che gestisce il primo contatto con il cliente, le richieste di informazioni e la qualificazione, automaticamente, 24 ore su 24, 7 giorni su 7 e in pi\u00f9 lingue.<\/p>\t\t\t\t\t\t\t\t<\/div>\n\t\t\t\t<div class=\"elementor-element elementor-element-e6e1800 elementor-widget elementor-widget-spacer\" data-id=\"e6e1800\" data-element_type=\"widget\" data-widget_type=\"spacer.default\">\n\t\t\t\t\t\t\t<div class=\"elementor-spacer\">\n\t\t\t<div class=\"elementor-spacer-inner\"><\/div>\n\t\t<\/div>\n\t\t\t\t\t\t<\/div>\n\t\t\t\t<div class=\"elementor-element elementor-element-97a82c7 elementor-widget elementor-widget-text-editor\" data-id=\"97a82c7\" data-element_type=\"widget\" data-widget_type=\"text-editor.default\">\n\t\t\t\t\t\t\t\t\t<p>Dove il servizio incontra una precisione sofisticata.<\/p>\t\t\t\t\t\t\t\t<\/div>\n\t\t\t\t<div class=\"elementor-element elementor-element-c205852 elementor-widget elementor-widget-text-editor\" data-id=\"c205852\" data-element_type=\"widget\" data-widget_type=\"text-editor.default\">\n\t\t\t\t\t\t\t\t\t<p class=\"\" data-start=\"281\" data-end=\"418\">Come funziona - Dal primo clic al lead qualificato:<\/p>\t\t\t\t\t\t\t\t<\/div>\n\t\t\t\t<div class=\"elementor-element elementor-element-967c706 elementor-widget elementor-widget-text-editor\" data-id=\"967c706\" data-element_type=\"widget\" data-widget_type=\"text-editor.default\">\n\t\t\t\t\t\t\t\t\t<ol><li><u><b>Primo contatto - alle vostre condizioni <\/b><\/u><p>Il viaggio pu\u00f2 iniziare in modi diversi, a seconda di come volete presentare la vostra propriet\u00e0. O si lascia che il cliente chiami direttamente il nostro assistente di vendita AI tramite un numero di telefono presente nell'annuncio. L'assistente presenta l'immobile, risponde alle domande e invia un link SMS personalizzato per la visione digitale.<br \/>Oppure il cliente ha gi\u00e0 accesso a un tour digitale - dove pu\u00f2 contattare l'assistente AI in qualsiasi momento, con un clic, per ottenere una guida esclusiva e informazioni approfondite.<\/p><\/li><li><b><u>Il tour digitale: un'esperienza straordinaria <\/u><\/b><p>Attraverso la nostra vista interattiva in 3D, i clienti possono passeggiare liberamente all'interno della propriet\u00e0, scoprire i dettagli, capire la disposizione e sperimentare il carattere delle camere - al proprio ritmo, direttamente tramite cellulare, tablet o computer.<\/p><\/li><li><b><u>Dialogo diretto - quando sorgono domande <\/u><\/b><p>Qualunque sia il punto di ingresso, il nostro assistente alle vendite AI \u00e8 sempre pronto. Con precisione, professionalit\u00e0 e un approccio di fiducia, risponde alle domande, guida i clienti e lascia che l'interesse maturi in decisioni.<\/p><\/li><li><b><u>Risposte a tutte le vostre domande sulla propriet\u00e0 - nella lingua giusta <\/u><\/b><p>L'assistente AI pu\u00f2 rispondere a domande dettagliate come: Prezzo al metro quadro? Acqua, riscaldamento o elettricit\u00e0 sono inclusi nell'affitto? C'\u00e8 un parcheggio? Quanto \u00e8 larga la porta? Quanto \u00e8 alto il soffitto? I locali sono adatti alle persone disabili?\u00a0<\/p><p>L'IA comunica in pi\u00f9 lingue, tra cui svedese, inglese, norvegese, danese, tedesco, finlandese, francese, italiano, coreano, cinese, giapponese, spagnolo, hindi, greco, bulgaro, vietnamita e altre ancora, facilitando l'incontro con gli stakeholder nazionali e internazionali.<br \/><br \/><\/p><\/li><li><b><u>Quando viene richiesto un contatto personalizzato<\/u><\/b><br \/><p data-start=\"94\" data-end=\"348\">Se si richiede un contatto diretto, la richiesta viene inoltrata all'agente immobiliare o al proprietario responsabile, in modo rapido, discreto e con la massima accuratezza. Il cliente ne viene informato con la stessa cura con cui viene gestita l'intera esperienza.<\/p><p data-start=\"350\" data-end=\"607\" data-is-last-node=\"\" data-is-only-node=\"\">Il nostro assistente di vendita AI non \u00e8 solo una risposta alle domande, ma un consulente tecnologico, sempre pronto a guidare, prenotare visite private e personalizzare le informazioni in base alle esigenze di ogni singolo cliente. Un assistente digitale di livello mondiale, al vostro servizio - 24 ore su 24.<\/p><\/li><li><b><u>Infine, la conversazione viene riassunta e si passa alla fase successiva.<\/u><\/b><br \/>Ogni chiamata viene analizzata automaticamente e riassunta in un rapporto chiaro che viene inviato al referente responsabile. \u00c8 possibile vedere esattamente a cosa era interessato il cliente e decidere rapidamente se si tratta di un lead su cui agire.<\/li><\/ol>\t\t\t\t\t\t\t\t<\/div>\n\t\t\t\t<div class=\"elementor-element elementor-element-ad47aa6 elementor-widget elementor-widget-spacer\" data-id=\"ad47aa6\" data-element_type=\"widget\" data-widget_type=\"spacer.default\">\n\t\t\t\t\t\t\t<div class=\"elementor-spacer\">\n\t\t\t<div class=\"elementor-spacer-inner\"><\/div>\n\t\t<\/div>\n\t\t\t\t\t\t<\/div>\n\t\t\t\t<div class=\"elementor-element elementor-element-0e56fc4 elementor-widget elementor-widget-text-editor\" data-id=\"0e56fc4\" data-element_type=\"widget\" data-widget_type=\"text-editor.default\">\n\t\t\t\t\t\t\t\t\t<p>L'intelligenza artificiale che ascolta, qualifica e sintetizza - Automaticamente<\/p>\t\t\t\t\t\t\t\t<\/div>\n\t\t\t\t<div class=\"elementor-element elementor-element-afa8b10 elementor-widget elementor-widget-text-editor\" data-id=\"afa8b10\" data-element_type=\"widget\" data-widget_type=\"text-editor.default\">\n\t\t\t\t\t\t\t\t\t<p class=\"\" data-start=\"2040\" data-end=\"2164\">Ci\u00f2 che rende potente questa soluzione non \u00e8 solo la capacit\u00e0 dell'intelligenza artificiale di rispondere alle domande, ma anche ci\u00f2 che accade <strong data-start=\"2145\" data-end=\"2163\">dopo la chiamata<\/strong>:<\/p><blockquote data-start=\"2166\" data-end=\"2289\"><p class=\"\" data-start=\"2168\" data-end=\"2289\">Immaginate uno speculatore che chiama alle 21:30 da Londra e chiede:<br \/>\"C'\u00e8 la fibra ottica? L'acqua \u00e8 inclusa nell'affitto?\".\u00a0<\/p><\/blockquote><ol data-start=\"836\" data-end=\"1961\"><li class=\"\" data-start=\"1694\" data-end=\"1961\">L'intelligenza artificiale risponde istantaneamente e, subito dopo la telefonata, avrete nella vostra casella di posta elettronica un riassunto professionale gi\u00e0 pronto.\u00a0<\/li><\/ol>\t\t\t\t\t\t\t\t<\/div>\n\t\t\t\t<div class=\"elementor-element elementor-element-cb9f238 elementor-widget elementor-widget-spacer\" data-id=\"cb9f238\" data-element_type=\"widget\" data-widget_type=\"spacer.default\">\n\t\t\t\t\t\t\t<div class=\"elementor-spacer\">\n\t\t\t<div class=\"elementor-spacer-inner\"><\/div>\n\t\t<\/div>\n\t\t\t\t\t\t<\/div>\n\t\t\t\t<div class=\"elementor-element elementor-element-fedb202 elementor-widget elementor-widget-image\" data-id=\"fedb202\" data-element_type=\"widget\" data-widget_type=\"image.default\">\n\t\t\t\t\t\t\t\t\t\t\t\t\t\t\t<img fetchpriority=\"high\" decoding=\"async\" width=\"1000\" height=\"571\" src=\"https:\/\/huset.se\/wp-content\/uploads\/2024\/04\/Ai-huset.jpg\" class=\"attachment-full size-full wp-image-25847\" alt=\"AI e tecnologie digitali in primo piano.\" srcset=\"https:\/\/huset.se\/wp-content\/uploads\/2024\/04\/Ai-huset.jpg 1000w, https:\/\/huset.se\/wp-content\/uploads\/2024\/04\/Ai-huset-300x171.jpg 300w, https:\/\/huset.se\/wp-content\/uploads\/2024\/04\/Ai-huset-768x439.jpg 768w, https:\/\/huset.se\/wp-content\/uploads\/2024\/04\/Ai-huset-18x10.jpg 18w, https:\/\/huset.se\/wp-content\/uploads\/2024\/04\/Ai-huset-496x283.jpg 496w\" sizes=\"(max-width: 1000px) 100vw, 1000px\" \/>\t\t\t\t\t\t\t\t\t\t\t\t\t\t\t<\/div>\n\t\t\t\t<div class=\"elementor-element elementor-element-195877d elementor-widget elementor-widget-text-editor\" data-id=\"195877d\" data-element_type=\"widget\" data-widget_type=\"text-editor.default\">\n\t\t\t\t\t\t\t\t\t<p>I risultati si notano subito<\/p>\t\t\t\t\t\t\t\t<\/div>\n\t\t\t\t<div class=\"elementor-element elementor-element-aa46c10 elementor-widget elementor-widget-text-editor\" data-id=\"aa46c10\" data-element_type=\"widget\" data-widget_type=\"text-editor.default\">\n\t\t\t\t\t\t\t\t\t<ul data-start=\"2433\" data-end=\"2849\"><li class=\"\" data-start=\"2433\" data-end=\"2515\"><p class=\"\" data-start=\"2435\" data-end=\"2515\">Nove <strong data-start=\"2438\" data-end=\"2473\">cattura pi\u00f9 velocemente i clienti caldi<\/strong> - senza essere vincolati all'orario d'ufficio.<\/p><\/li><li class=\"\" data-start=\"2516\" data-end=\"2599\"><p class=\"\" data-start=\"2518\" data-end=\"2599\">Nove <strong data-start=\"2521\" data-end=\"2553\">trascorre del tempo con i contatti giusti<\/strong> - ed evitare le conversazioni senza sbocco.<\/p><\/li><li class=\"\" data-start=\"2600\" data-end=\"2686\"><p class=\"\" data-start=\"2602\" data-end=\"2686\">Nove <strong data-start=\"2605\" data-end=\"2631\">riduce i requisiti di manodopera<\/strong> - L'intelligenza artificiale gestisce ci\u00f2 che prima richiedeva l'intervento di un assistente.<\/p><\/li><li class=\"\" data-start=\"2687\" data-end=\"2766\"><p class=\"\" data-start=\"2689\" data-end=\"2766\">Nove <strong data-start=\"2692\" data-end=\"2719\">offre un servizio migliore<\/strong> - disponibile nella lingua del cliente, 24 ore su 24.<\/p><\/li><li class=\"\" data-start=\"2767\" data-end=\"2849\"><p class=\"\" data-start=\"2769\" data-end=\"2849\">Nove <strong data-start=\"2772\" data-end=\"2795\">aumenta la conversione<\/strong> - attraverso risposte immediate e un percorso del cliente senza attriti.<\/p><\/li><\/ul>\t\t\t\t\t\t\t\t<\/div>\n\t\t\t\t<div class=\"elementor-element elementor-element-6a6c50e elementor-widget elementor-widget-spacer\" data-id=\"6a6c50e\" data-element_type=\"widget\" data-widget_type=\"spacer.default\">\n\t\t\t\t\t\t\t<div class=\"elementor-spacer\">\n\t\t\t<div class=\"elementor-spacer-inner\"><\/div>\n\t\t<\/div>\n\t\t\t\t\t\t<\/div>\n\t\t\t\t<div class=\"elementor-element elementor-element-9a98c96 elementor-widget elementor-widget-text-editor\" data-id=\"9a98c96\" data-element_type=\"widget\" data-widget_type=\"text-editor.default\">\n\t\t\t\t\t\t\t\t\t<p>Un nuovo standard per il modo in cui la propriet\u00e0 commerciale viene vissuta e comunicata<\/p>\t\t\t\t\t\t\t\t<\/div>\n\t\t\t\t<div class=\"elementor-element elementor-element-d6581ac elementor-widget elementor-widget-text-editor\" data-id=\"d6581ac\" data-element_type=\"widget\" data-widget_type=\"text-editor.default\">\n\t\t\t\t\t\t\t\t\t<p class=\"\" data-start=\"2938\" data-end=\"3161\">Con l'assistente alle vendite AI e i tour digitali di Huset, non avrete solo una soluzione tecnica intelligente, ma anche un canale di comunicazione professionale e scalabile che vi permetter\u00e0 di concentrarvi su ci\u00f2 che effettivamente richiede il vostro coinvolgimento personale.<\/p><p class=\"\" data-start=\"3163\" data-end=\"3248\"><strong data-start=\"3163\" data-end=\"3248\">\u00c8 ora di smettere di rispondere alle stesse domande e di iniziare a dedicare tempo all'attivit\u00e0 giusta.<\/strong><\/p>\t\t\t\t\t\t\t\t<\/div>\n\t\t\t\t\t<\/div>\n\t\t<\/div>\n\t\t\t\t\t<\/div>\n\t\t<\/section>\n\t\t\t\t<\/div>","protected":false},"excerpt":{"rendered":"<p>L'assistente alle vendite AI e le visure digitali: il primo contatto pi\u00f9 efficiente La vendita o l'affitto di un immobile richiedono velocit\u00e0, precisione e disponibilit\u00e0, ma non devono occupare tutto il vostro tempo. Con le visioni digitali e l'assistente alle vendite AI di Huset, avrete una soluzione completa che gestisce il primo contatto, le domande e le qualifiche dei clienti, automaticamente, 24 ore su 24 [...]<\/p>","protected":false},"author":25,"featured_media":0,"parent":0,"menu_order":0,"comment_status":"closed","ping_status":"closed","template":"template\/template-homepage.php","meta":{"_et_pb_use_builder":"","_et_pb_old_content":"","_et_gb_content_width":"","footnotes":""},"class_list":["post-27009","page","type-page","status-publish","hentry"],"_links":{"self":[{"href":"https:\/\/huset.se\/it\/wp-json\/wp\/v2\/pages\/27009","targetHints":{"allow":["GET"]}}],"collection":[{"href":"https:\/\/huset.se\/it\/wp-json\/wp\/v2\/pages"}],"about":[{"href":"https:\/\/huset.se\/it\/wp-json\/wp\/v2\/types\/page"}],"author":[{"embeddable":true,"href":"https:\/\/huset.se\/it\/wp-json\/wp\/v2\/users\/25"}],"replies":[{"embeddable":true,"href":"https:\/\/huset.se\/it\/wp-json\/wp\/v2\/comments?post=27009"}],"version-history":[{"count":37,"href":"https:\/\/huset.se\/it\/wp-json\/wp\/v2\/pages\/27009\/revisions"}],"predecessor-version":[{"id":27918,"href":"https:\/\/huset.se\/it\/wp-json\/wp\/v2\/pages\/27009\/revisions\/27918"}],"wp:attachment":[{"href":"https:\/\/huset.se\/it\/wp-json\/wp\/v2\/media?parent=27009"}],"curies":[{"name":"wp","href":"https:\/\/api.w.org\/{rel}","templated":true}]}}