{"id":25829,"date":"2024-04-28T20:46:41","date_gmt":"2024-04-28T18:46:41","guid":{"rendered":"https:\/\/huset.se\/?page_id=25829"},"modified":"2026-01-18T14:45:07","modified_gmt":"2026-01-18T13:45:07","slug":"om-oss","status":"publish","type":"page","link":"https:\/\/huset.se\/it\/om-oss\/","title":{"rendered":"Chi siamo"},"content":{"rendered":"<div data-elementor-type=\"wp-page\" data-elementor-id=\"25829\" class=\"elementor elementor-25829\">\n\t\t\t\t\t\t<section class=\"elementor-section elementor-top-section elementor-element elementor-element-01bba8b elementor-section-content-middle elementor-section-boxed elementor-section-height-default elementor-section-height-default\" data-id=\"01bba8b\" data-element_type=\"section\" data-settings=\"{&quot;background_background&quot;:&quot;classic&quot;}\">\n\t\t\t\t\t\t\t<div class=\"elementor-background-overlay\"><\/div>\n\t\t\t\t\t\t\t<div class=\"elementor-container elementor-column-gap-no\">\n\t\t\t\t\t<div class=\"elementor-column elementor-col-100 elementor-top-column elementor-element elementor-element-1728e3e\" data-id=\"1728e3e\" data-element_type=\"column\">\n\t\t\t<div class=\"elementor-widget-wrap elementor-element-populated\">\n\t\t\t\t\t\t<section class=\"elementor-section elementor-inner-section elementor-element elementor-element-1932982 elementor-section-content-middle elementor-reverse-mobile elementor-section-boxed elementor-section-height-default elementor-section-height-default\" data-id=\"1932982\" data-element_type=\"section\">\n\t\t\t\t\t\t<div class=\"elementor-container elementor-column-gap-default\">\n\t\t\t\t\t<div class=\"elementor-column elementor-col-100 elementor-inner-column elementor-element elementor-element-8aa8083\" data-id=\"8aa8083\" data-element_type=\"column\">\n\t\t\t<div class=\"elementor-widget-wrap elementor-element-populated\">\n\t\t\t\t\t\t<div class=\"elementor-element elementor-element-064dc16 elementor-widget elementor-widget-text-editor\" data-id=\"064dc16\" data-element_type=\"widget\" data-widget_type=\"text-editor.default\">\n\t\t\t\t\t\t\t\t\t<p class=\"\" data-start=\"562\" data-end=\"624\">Huset - il vostro partner nel futuro della comunicazione immobiliare<\/p>\t\t\t\t\t\t\t\t<\/div>\n\t\t\t\t<div class=\"elementor-element elementor-element-ea238c3 elementor-widget-tablet__width-initial elementor-widget elementor-widget-text-editor\" data-id=\"ea238c3\" data-element_type=\"widget\" data-widget_type=\"text-editor.default\">\n\t\t\t\t\t\t\t\t\t<p class=\"\" data-start=\"329\" data-end=\"619\">Huset \u00e8 un'agenzia di comunicazione moderna e un'azienda IT orientata alla tecnologia con competenze all'avanguardia nel marketing digitale, nella comunicazione immobiliare e nelle soluzioni tecniche avanzate. La nostra missione \u00e8 chiara: creiamo tempo, sicurezza e valore commerciale per i nostri clienti. Occupandoci della parte tecnica, comunicativa e visiva, vi lasciamo il tempo di concentrarvi su ci\u00f2 che sapete fare meglio: la vostra attivit\u00e0, le vostre relazioni e il vostro business.<\/p>\t\t\t\t\t\t\t\t<\/div>\n\t\t\t\t\t<\/div>\n\t\t<\/div>\n\t\t\t\t\t<\/div>\n\t\t<\/section>\n\t\t\t\t\t<\/div>\n\t\t<\/div>\n\t\t\t\t\t<\/div>\n\t\t<\/section>\n\t\t\t\t<section class=\"elementor-section elementor-top-section elementor-element elementor-element-ced2d0c elementor-section-content-middle elementor-section-boxed elementor-section-height-default elementor-section-height-default\" data-id=\"ced2d0c\" data-element_type=\"section\" data-settings=\"{&quot;background_background&quot;:&quot;classic&quot;}\">\n\t\t\t\t\t\t\t<div class=\"elementor-background-overlay\"><\/div>\n\t\t\t\t\t\t\t<div class=\"elementor-container elementor-column-gap-no\">\n\t\t\t\t\t<div class=\"elementor-column elementor-col-100 elementor-top-column elementor-element elementor-element-9d960e8\" data-id=\"9d960e8\" data-element_type=\"column\">\n\t\t\t<div class=\"elementor-widget-wrap elementor-element-populated\">\n\t\t\t\t\t\t<section class=\"elementor-section elementor-inner-section elementor-element elementor-element-e9f7202 elementor-reverse-mobile elementor-section-full_width elementor-section-height-default elementor-section-height-default\" data-id=\"e9f7202\" data-element_type=\"section\">\n\t\t\t\t\t\t<div class=\"elementor-container elementor-column-gap-default\">\n\t\t\t\t\t<div class=\"elementor-column elementor-col-50 elementor-inner-column elementor-element elementor-element-d0a1a8d\" data-id=\"d0a1a8d\" data-element_type=\"column\">\n\t\t\t<div class=\"elementor-widget-wrap elementor-element-populated\">\n\t\t\t\t\t\t<div class=\"elementor-element elementor-element-39e7bbc elementor-widget elementor-widget-text-editor\" data-id=\"39e7bbc\" data-element_type=\"widget\" data-widget_type=\"text-editor.default\">\n\t\t\t\t\t\t\t\t\t<p class=\"\" data-start=\"562\" data-end=\"624\">Concetto e filosofia aziendale<\/p>\t\t\t\t\t\t\t\t<\/div>\n\t\t\t\t<div class=\"elementor-element elementor-element-c691101 elementor-widget elementor-widget-text-editor\" data-id=\"c691101\" data-element_type=\"widget\" data-widget_type=\"text-editor.default\">\n\t\t\t\t\t\t\t\t\t<p class=\"\" data-start=\"329\" data-end=\"619\">Noi di Huset crediamo nelle partnership a lungo termine, in cui integriamo le competenze dei nostri clienti con le nostre. Siamo qui per dare il nostro supporto, in modo discreto ed efficiente, in secondo piano. Le nostre soluzioni flessibili sono personalizzate per soddisfare le esigenze uniche di ogni incarico, che si tratti di una soluzione completa o di singoli servizi. <br \/><br \/>Potete utilizzare i nostri strumenti e le nostre competenze senza fare riferimento al nostro nome. \u00c8 il vostro marchio che deve essere visibile, la nostra tecnologia che deve portarlo.<\/p>\t\t\t\t\t\t\t\t<\/div>\n\t\t\t\t<div class=\"elementor-element elementor-element-186f2a4 elementor-widget elementor-widget-text-editor\" data-id=\"186f2a4\" data-element_type=\"widget\" data-widget_type=\"text-editor.default\">\n\t\t\t\t\t\t\t\t\t<p class=\"\" data-start=\"562\" data-end=\"624\">Metodologia orientata ai risultati e tecnologia moderna<\/p>\t\t\t\t\t\t\t\t<\/div>\n\t\t\t\t<div class=\"elementor-element elementor-element-1af8b54 elementor-widget elementor-widget-text-editor\" data-id=\"1af8b54\" data-element_type=\"widget\" data-widget_type=\"text-editor.default\">\n\t\t\t\t\t\t\t\t\t<p class=\"\" data-start=\"329\" data-end=\"619\">Sin dall'inizio, la nostra attenzione si \u00e8 concentrata sulla creazione di metodi efficaci e strumenti digitali che aiutino i nostri clienti ad avere successo nelle vendite immobiliari. Combiniamo comunicazione strategica, tecnologia all'avanguardia e canali di marketing innovativi, per massimizzare il potenziale di ogni propriet\u00e0 e aumentare il valore di ogni affare. Che si tratti di tour digitali, VR, AR, modelli interattivi o produzioni di campagne, forniamo soluzioni di altissimo livello, sempre con una chiara attenzione alla conversione, alla forza del marchio e al valore commerciale.<\/p>\t\t\t\t\t\t\t\t<\/div>\n\t\t\t\t\t<\/div>\n\t\t<\/div>\n\t\t\t\t<div class=\"elementor-column elementor-col-50 elementor-inner-column elementor-element elementor-element-be18a23 elementor-hidden-tablet elementor-hidden-mobile\" data-id=\"be18a23\" data-element_type=\"column\" data-settings=\"{&quot;background_background&quot;:&quot;classic&quot;}\">\n\t\t\t<div class=\"elementor-widget-wrap\">\n\t\t\t\t\t\t\t<\/div>\n\t\t<\/div>\n\t\t\t\t\t<\/div>\n\t\t<\/section>\n\t\t\t\t\t<\/div>\n\t\t<\/div>\n\t\t\t\t\t<\/div>\n\t\t<\/section>\n\t\t\t\t<section class=\"elementor-section elementor-top-section elementor-element elementor-element-55f71aa elementor-section-content-middle elementor-section-boxed elementor-section-height-default elementor-section-height-default\" data-id=\"55f71aa\" data-element_type=\"section\" data-settings=\"{&quot;background_background&quot;:&quot;classic&quot;}\">\n\t\t\t\t\t\t\t<div class=\"elementor-background-overlay\"><\/div>\n\t\t\t\t\t\t\t<div class=\"elementor-container elementor-column-gap-no\">\n\t\t\t\t\t<div class=\"elementor-column elementor-col-100 elementor-top-column elementor-element elementor-element-c6c3f6e\" data-id=\"c6c3f6e\" data-element_type=\"column\">\n\t\t\t<div class=\"elementor-widget-wrap elementor-element-populated\">\n\t\t\t\t\t\t<section class=\"elementor-section elementor-inner-section elementor-element elementor-element-1cd8171 elementor-reverse-mobile elementor-section-full_width elementor-hidden-tablet elementor-section-height-default elementor-section-height-default\" data-id=\"1cd8171\" data-element_type=\"section\">\n\t\t\t\t\t\t<div class=\"elementor-container elementor-column-gap-default\">\n\t\t\t\t\t<div class=\"elementor-column elementor-col-50 elementor-inner-column elementor-element elementor-element-57f6a71\" data-id=\"57f6a71\" data-element_type=\"column\">\n\t\t\t<div class=\"elementor-widget-wrap elementor-element-populated\">\n\t\t\t\t\t\t<div class=\"elementor-element elementor-element-a05179d elementor-widget elementor-widget-text-editor\" data-id=\"a05179d\" data-element_type=\"widget\" data-widget_type=\"text-editor.default\">\n\t\t\t\t\t\t\t\t\t<p class=\"\" data-start=\"562\" data-end=\"624\">Condizioni per il successo - e persone dietro ogni soluzione<\/p>\t\t\t\t\t\t\t\t<\/div>\n\t\t\t\t<div class=\"elementor-element elementor-element-f347400 elementor-widget elementor-widget-text-editor\" data-id=\"f347400\" data-element_type=\"widget\" data-widget_type=\"text-editor.default\">\n\t\t\t\t\t\t\t\t\t<p class=\"\" data-start=\"329\" data-end=\"619\">Sappiamo che la sicurezza, l'accessibilit\u00e0 e la qualit\u00e0 sono fondamentali in ogni collaborazione, per questo il nostro processo di lavoro \u00e8 trasparente e basato sulla realt\u00e0, con una struttura chiara, un supporto accessibile e un feedback continuo.<\/p><p>Il nostro personale non \u00e8 solo tecnicamente competente: \u00e8 reattivo, orientato alle soluzioni e impegnato in ogni dettaglio.<\/p><p>Siamo qui per capire la vostra attivit\u00e0, risolvere le vostre sfide e fornire un risultato di cui possiate essere orgogliosi.<\/p>\t\t\t\t\t\t\t\t<\/div>\n\t\t\t\t<div class=\"elementor-element elementor-element-ccb3ab3 elementor-widget elementor-widget-text-editor\" data-id=\"ccb3ab3\" data-element_type=\"widget\" data-widget_type=\"text-editor.default\">\n\t\t\t\t\t\t\t\t\t<p class=\"\" data-start=\"562\" data-end=\"624\">Casa 4.0 - per la nuova realt\u00e0 del settore immobiliare<\/p>\t\t\t\t\t\t\t\t<\/div>\n\t\t\t\t<div class=\"elementor-element elementor-element-3c2c600 elementor-widget elementor-widget-text-editor\" data-id=\"3c2c600\" data-element_type=\"widget\" data-widget_type=\"text-editor.default\">\n\t\t\t\t\t\t\t\t\t<p class=\"\" data-start=\"329\" data-end=\"619\">In un'epoca di rapido sviluppo digitale, Huset \u00e8 un attore chiave della quarta rivoluzione industriale nel settore immobiliare. Offriamo soluzioni esclusive e scalabili per proprietari di immobili, broker e consulenti che desiderano rafforzare la propria posizione sul mercato.<br \/>\u00a0 \u00a0 \u00a0Il nostro obiettivo \u00e8 quello di fornirvi gli strumenti necessari per agire pi\u00f9 rapidamente, comunicare con maggiore chiarezza e ottenere risultati migliori in un mercato in continua evoluzione.<\/p><p>Benvenuti in Huset, dove la strategia incontra la tecnologia e i risultati diventano realt\u00e0.<\/p>\t\t\t\t\t\t\t\t<\/div>\n\t\t\t\t\t<\/div>\n\t\t<\/div>\n\t\t\t\t<div class=\"elementor-column elementor-col-50 elementor-inner-column elementor-element elementor-element-9e0f4ed elementor-hidden-tablet elementor-hidden-mobile\" data-id=\"9e0f4ed\" data-element_type=\"column\" data-settings=\"{&quot;background_background&quot;:&quot;classic&quot;}\">\n\t\t\t<div class=\"elementor-widget-wrap\">\n\t\t\t\t\t\t\t<\/div>\n\t\t<\/div>\n\t\t\t\t\t<\/div>\n\t\t<\/section>\n\t\t\t\t\t<\/div>\n\t\t<\/div>\n\t\t\t\t\t<\/div>\n\t\t<\/section>\n\t\t\t\t<section class=\"elementor-section elementor-top-section elementor-element elementor-element-9ee63ed elementor-section-content-middle elementor-hidden-desktop elementor-section-boxed elementor-section-height-default elementor-section-height-default\" data-id=\"9ee63ed\" data-element_type=\"section\" data-settings=\"{&quot;background_background&quot;:&quot;classic&quot;}\">\n\t\t\t\t\t\t<div class=\"elementor-container elementor-column-gap-no\">\n\t\t\t\t\t<div class=\"elementor-column elementor-col-50 elementor-top-column elementor-element elementor-element-f654c70\" data-id=\"f654c70\" data-element_type=\"column\">\n\t\t\t<div class=\"elementor-widget-wrap elementor-element-populated\">\n\t\t\t\t\t\t<div class=\"elementor-element elementor-element-145e8db elementor-widget elementor-widget-image\" data-id=\"145e8db\" data-element_type=\"widget\" data-widget_type=\"image.default\">\n\t\t\t\t\t\t\t\t\t\t\t\t\t\t\t<img fetchpriority=\"high\" decoding=\"async\" width=\"1536\" height=\"1024\" src=\"https:\/\/huset.se\/wp-content\/uploads\/2025\/04\/Mojligheter-start.jpg\" class=\"elementor-animation-grow attachment-full size-full wp-image-26817\" alt=\"Soggiorno accogliente e confortevole con arredamento elegante.\" srcset=\"https:\/\/huset.se\/wp-content\/uploads\/2025\/04\/Mojligheter-start.jpg 1536w, https:\/\/huset.se\/wp-content\/uploads\/2025\/04\/Mojligheter-start-300x200.jpg 300w, https:\/\/huset.se\/wp-content\/uploads\/2025\/04\/Mojligheter-start-1024x683.jpg 1024w, https:\/\/huset.se\/wp-content\/uploads\/2025\/04\/Mojligheter-start-768x512.jpg 768w, https:\/\/huset.se\/wp-content\/uploads\/2025\/04\/Mojligheter-start-900x600.jpg 900w, https:\/\/huset.se\/wp-content\/uploads\/2025\/04\/Mojligheter-start-496x331.jpg 496w\" sizes=\"(max-width: 1536px) 100vw, 1536px\" \/>\t\t\t\t\t\t\t\t\t\t\t\t\t\t\t<\/div>\n\t\t\t\t<div class=\"elementor-element elementor-element-16b5a2f elementor-widget elementor-widget-text-editor\" data-id=\"16b5a2f\" data-element_type=\"widget\" data-widget_type=\"text-editor.default\">\n\t\t\t\t\t\t\t\t\t<p class=\"\" data-start=\"562\" data-end=\"624\">Condizioni per il successo - e persone dietro ogni soluzione<\/p>\t\t\t\t\t\t\t\t<\/div>\n\t\t\t\t<div class=\"elementor-element elementor-element-2aff96d elementor-widget elementor-widget-text-editor\" data-id=\"2aff96d\" data-element_type=\"widget\" data-widget_type=\"text-editor.default\">\n\t\t\t\t\t\t\t\t\t<p class=\"\" data-start=\"329\" data-end=\"619\">Sappiamo che la sicurezza, l'accessibilit\u00e0 e la qualit\u00e0 sono fondamentali in ogni collaborazione, per questo il nostro processo di lavoro \u00e8 trasparente e basato sulla realt\u00e0, con una struttura chiara, un supporto accessibile e un feedback continuo.<\/p><p>Il nostro personale non \u00e8 solo tecnicamente competente: \u00e8 reattivo, orientato alle soluzioni e impegnato in ogni dettaglio.<\/p><p>Siamo qui per capire la vostra attivit\u00e0, risolvere le vostre sfide e fornire un risultato di cui possiate essere orgogliosi.<\/p>\t\t\t\t\t\t\t\t<\/div>\n\t\t\t\t\t<\/div>\n\t\t<\/div>\n\t\t\t\t<div class=\"elementor-column elementor-col-50 elementor-top-column elementor-element elementor-element-1545c09\" data-id=\"1545c09\" data-element_type=\"column\">\n\t\t\t<div class=\"elementor-widget-wrap elementor-element-populated\">\n\t\t\t\t\t\t<div class=\"elementor-element elementor-element-ac65358 elementor-widget elementor-widget-image\" data-id=\"ac65358\" data-element_type=\"widget\" data-widget_type=\"image.default\">\n\t\t\t\t\t\t\t\t\t\t\t\t\t\t\t<img decoding=\"async\" src=\"https:\/\/huset.se\/wp-content\/uploads\/2022\/10\/Butik-50-50-scaled.jpg\" title=\"Negozio 50-50\" alt=\"Negozio 50-50\" class=\"elementor-animation-grow\" loading=\"lazy\" \/>\t\t\t\t\t\t\t\t\t\t\t\t\t\t\t<\/div>\n\t\t\t\t<div class=\"elementor-element elementor-element-7070321 elementor-widget elementor-widget-text-editor\" data-id=\"7070321\" data-element_type=\"widget\" data-widget_type=\"text-editor.default\">\n\t\t\t\t\t\t\t\t\t<p class=\"\" data-start=\"562\" data-end=\"624\">Casa 4.0 - per la nuova realt\u00e0 del settore immobiliare<\/p>\t\t\t\t\t\t\t\t<\/div>\n\t\t\t\t<div class=\"elementor-element elementor-element-487fc6b elementor-widget elementor-widget-text-editor\" data-id=\"487fc6b\" data-element_type=\"widget\" data-widget_type=\"text-editor.default\">\n\t\t\t\t\t\t\t\t\t<p class=\"\" data-start=\"329\" data-end=\"619\">In un'epoca di rapido sviluppo digitale, Huset \u00e8 un attore chiave della quarta rivoluzione industriale nel settore immobiliare. Offriamo soluzioni esclusive e scalabili per proprietari di immobili, broker e consulenti che desiderano rafforzare la propria posizione sul mercato.<br \/>\u00a0 \u00a0 \u00a0Il nostro obiettivo \u00e8 quello di fornirvi gli strumenti necessari per agire pi\u00f9 rapidamente, comunicare con maggiore chiarezza e ottenere risultati migliori in un mercato in continua evoluzione.<\/p><p>Benvenuti in Huset, dove la strategia incontra la tecnologia e i risultati diventano realt\u00e0.<\/p>\t\t\t\t\t\t\t\t<\/div>\n\t\t\t\t\t<\/div>\n\t\t<\/div>\n\t\t\t\t\t<\/div>\n\t\t<\/section>\n\t\t\t\t<\/div>","protected":false},"excerpt":{"rendered":"<p>Huset - il vostro partner nel futuro della comunicazione immobiliare Huset \u00e8 un'agenzia di comunicazione moderna e un'azienda IT orientata alla tecnologia con competenze all'avanguardia nel marketing digitale, nella comunicazione immobiliare e nelle soluzioni tecniche avanzate. La nostra missione \u00e8 chiara: creiamo tempo, sicurezza e valore aziendale per i nostri clienti.Occupandoci della parte tecnica, comunicativa e visiva - liberiamo tempo per [...]<\/p>","protected":false},"author":25,"featured_media":0,"parent":0,"menu_order":0,"comment_status":"closed","ping_status":"closed","template":"elementor_header_footer","meta":{"_et_pb_use_builder":"","_et_pb_old_content":"","_et_gb_content_width":"","footnotes":""},"class_list":["post-25829","page","type-page","status-publish","hentry"],"_links":{"self":[{"href":"https:\/\/huset.se\/it\/wp-json\/wp\/v2\/pages\/25829","targetHints":{"allow":["GET"]}}],"collection":[{"href":"https:\/\/huset.se\/it\/wp-json\/wp\/v2\/pages"}],"about":[{"href":"https:\/\/huset.se\/it\/wp-json\/wp\/v2\/types\/page"}],"author":[{"embeddable":true,"href":"https:\/\/huset.se\/it\/wp-json\/wp\/v2\/users\/25"}],"replies":[{"embeddable":true,"href":"https:\/\/huset.se\/it\/wp-json\/wp\/v2\/comments?post=25829"}],"version-history":[{"count":57,"href":"https:\/\/huset.se\/it\/wp-json\/wp\/v2\/pages\/25829\/revisions"}],"predecessor-version":[{"id":28396,"href":"https:\/\/huset.se\/it\/wp-json\/wp\/v2\/pages\/25829\/revisions\/28396"}],"wp:attachment":[{"href":"https:\/\/huset.se\/it\/wp-json\/wp\/v2\/media?parent=25829"}],"curies":[{"name":"wp","href":"https:\/\/api.w.org\/{rel}","templated":true}]}}