{"id":25242,"date":"2024-03-31T18:37:09","date_gmt":"2024-03-31T16:37:09","guid":{"rendered":"https:\/\/huset.se\/?page_id=25242"},"modified":"2025-06-12T10:39:04","modified_gmt":"2025-06-12T08:39:04","slug":"interaktiva-verktyg","status":"publish","type":"page","link":"https:\/\/huset.se\/it\/interaktiva-verktyg\/","title":{"rendered":"Strumenti interattivi"},"content":{"rendered":"<div data-elementor-type=\"wp-page\" data-elementor-id=\"25242\" class=\"elementor elementor-25242\">\n\t\t\t\t\t\t<section class=\"elementor-section elementor-top-section elementor-element elementor-element-65cac87 elementor-section-boxed elementor-section-height-default elementor-section-height-default\" data-id=\"65cac87\" data-element_type=\"section\">\n\t\t\t\t\t\t<div class=\"elementor-container elementor-column-gap-default\">\n\t\t\t\t\t<div class=\"elementor-column elementor-col-100 elementor-top-column elementor-element elementor-element-1f40a69\" data-id=\"1f40a69\" data-element_type=\"column\">\n\t\t\t<div class=\"elementor-widget-wrap elementor-element-populated\">\n\t\t\t\t\t\t<div class=\"elementor-element elementor-element-ef1d2b2 elementor-widget elementor-widget-text-editor\" data-id=\"ef1d2b2\" data-element_type=\"widget\" data-widget_type=\"text-editor.default\">\n\t\t\t\t\t\t\t\t\t\n<ul class=\"wp-block-list\"><\/ul>\n\n\n\n<p><\/p>\n\t\t\t\t\t\t\t\t<\/div>\n\t\t\t\t<div class=\"elementor-element elementor-element-21b9d1a elementor-widget elementor-widget-text-editor\" data-id=\"21b9d1a\" data-element_type=\"widget\" data-widget_type=\"text-editor.default\">\n\t\t\t\t\t\t\t\t\t<p><strong>Maximera<\/strong> visite alle propriet\u00e0 con il nostro <strong>Strumenti interattivi<\/strong><\/p>\t\t\t\t\t\t\t\t<\/div>\n\t\t\t\t<div class=\"elementor-element elementor-element-27568fd elementor-widget elementor-widget-text-editor\" data-id=\"27568fd\" data-element_type=\"widget\" data-widget_type=\"text-editor.default\">\n\t\t\t\t\t\t\t\t\t<p>Fornite ai vostri clienti informazioni facilmente accessibili e professionali sull'immobile e aumentate le vendite con lo strumento House Interactive.<\/p>\t\t\t\t\t\t\t\t<\/div>\n\t\t\t\t<div class=\"elementor-element elementor-element-b3eb396 elementor-widget elementor-widget-text-editor\" data-id=\"b3eb396\" data-element_type=\"widget\" data-widget_type=\"text-editor.default\">\n\t\t\t\t\t\t\t\t\t\n<ul class=\"wp-block-list\"><\/ul>\n\n\n\n<p><\/p>\n\t\t\t\t\t\t\t\t<\/div>\n\t\t\t\t\t<\/div>\n\t\t<\/div>\n\t\t\t\t\t<\/div>\n\t\t<\/section>\n\t\t\t\t<section class=\"elementor-section elementor-top-section elementor-element elementor-element-741bf05 elementor-section-content-middle elementor-section-boxed elementor-section-height-default elementor-section-height-default\" data-id=\"741bf05\" data-element_type=\"section\" data-settings=\"{&quot;background_background&quot;:&quot;classic&quot;}\">\n\t\t\t\t\t\t<div class=\"elementor-container elementor-column-gap-no\">\n\t\t\t\t\t<div class=\"elementor-column elementor-col-50 elementor-top-column elementor-element elementor-element-1cb944e\" data-id=\"1cb944e\" data-element_type=\"column\">\n\t\t\t<div class=\"elementor-widget-wrap elementor-element-populated\">\n\t\t\t\t\t\t<div class=\"elementor-element elementor-element-20f93e9 elementor-widget elementor-widget-text-editor\" data-id=\"20f93e9\" data-element_type=\"widget\" data-widget_type=\"text-editor.default\">\n\t\t\t\t\t\t\t\t\t<p>SOLUZIONI<\/p>\t\t\t\t\t\t\t\t<\/div>\n\t\t\t\t<div class=\"elementor-element elementor-element-2f8274e elementor-widget__width-initial elementor-widget elementor-widget-heading\" data-id=\"2f8274e\" data-element_type=\"widget\" data-widget_type=\"heading.default\">\n\t\t\t\t\t<h2 class=\"elementor-heading-title elementor-size-default\">Strumenti interattivi\nStrumenti<\/h2>\t\t\t\t<\/div>\n\t\t\t\t<div class=\"elementor-element elementor-element-02e8d39 elementor-widget-divider--view-line elementor-widget elementor-widget-divider\" data-id=\"02e8d39\" data-element_type=\"widget\" data-widget_type=\"divider.default\">\n\t\t\t\t\t\t\t<div class=\"elementor-divider\">\n\t\t\t<span class=\"elementor-divider-separator\">\n\t\t\t\t\t\t<\/span>\n\t\t<\/div>\n\t\t\t\t\t\t<\/div>\n\t\t\t\t\t<\/div>\n\t\t<\/div>\n\t\t\t\t<div class=\"elementor-column elementor-col-50 elementor-top-column elementor-element elementor-element-75e082b\" data-id=\"75e082b\" data-element_type=\"column\">\n\t\t\t<div class=\"elementor-widget-wrap elementor-element-populated\">\n\t\t\t\t\t\t<div class=\"elementor-element elementor-element-b2409d8 elementor-widget elementor-widget-image\" data-id=\"b2409d8\" data-element_type=\"widget\" data-widget_type=\"image.default\">\n\t\t\t\t\t\t\t\t\t\t\t\t\t\t\t\t<a href=\"https:\/\/huset.se\/teleport-it-huset\/\">\n\t\t\t\t\t\t\t<img fetchpriority=\"high\" decoding=\"async\" width=\"1113\" height=\"593\" src=\"https:\/\/huset.se\/wp-content\/uploads\/2024\/03\/bostadsvaljaren_preview.jpg\" class=\"elementor-animation-grow attachment-full size-full wp-image-25014\" alt=\"Modello di casa di quartiere per progetti abitativi su Huset.se, il centro per lo stile di vita urbano.\" srcset=\"https:\/\/huset.se\/wp-content\/uploads\/2024\/03\/bostadsvaljaren_preview.jpg 1113w, https:\/\/huset.se\/wp-content\/uploads\/2024\/03\/bostadsvaljaren_preview-300x160.webp 300w, https:\/\/huset.se\/wp-content\/uploads\/2024\/03\/bostadsvaljaren_preview-1024x546.webp 1024w, https:\/\/huset.se\/wp-content\/uploads\/2024\/03\/bostadsvaljaren_preview-768x409.webp 768w, https:\/\/huset.se\/wp-content\/uploads\/2024\/03\/bostadsvaljaren_preview-18x10.webp 18w, https:\/\/huset.se\/wp-content\/uploads\/2024\/03\/bostadsvaljaren_preview-496x264.webp 496w\" sizes=\"(max-width: 1113px) 100vw, 1113px\" \/>\t\t\t\t\t\t\t\t<\/a>\n\t\t\t\t\t\t\t\t\t\t\t\t\t\t\t<\/div>\n\t\t\t\t<div class=\"elementor-element elementor-element-ba08daf elementor-widget elementor-widget-heading\" data-id=\"ba08daf\" data-element_type=\"widget\" data-widget_type=\"heading.default\">\n\t\t\t\t\t<h1 class=\"elementor-heading-title elementor-size-default\">Selettore dell'alloggiamento<\/h1>\t\t\t\t<\/div>\n\t\t\t\t<div class=\"elementor-element elementor-element-f191d7f elementor-widget elementor-widget-text-editor\" data-id=\"f191d7f\" data-element_type=\"widget\" data-widget_type=\"text-editor.default\">\n\t\t\t\t\t\t\t\t\t<p>Primavera <strong>elettori dell'edilizia abitativa<\/strong> \u00e8 un ottimo servizio che offre una piattaforma chiara e facile da usare per la presentazione di diverse propriet\u00e0, soprattutto condomini. Grazie a questo strumento innovativo, \u00e8 possibile esplorare e confrontare facilmente diverse opzioni abitative prima di prendere una decisione. \u00c8 possibile navigare facilmente tra i diversi piani e stanze dell'edificio condominiale e farsi un'idea chiara del suo design e della sua disposizione. Grazie alla nostra tecnologia avanzata, \u00e8 possibile esplorare ogni dettaglio dell'immobile, come la cucina, il soggiorno, le camere da letto e i bagni.\u00a0<\/p>\t\t\t\t\t\t\t\t<\/div>\n\t\t\t\t<div class=\"elementor-element elementor-element-10b3deb elementor-widget__width-initial elementor-widget-tablet__width-initial elementor-widget-mobile__width-initial elementor-widget elementor-widget-text-editor\" data-id=\"10b3deb\" data-element_type=\"widget\" data-widget_type=\"text-editor.default\">\n\t\t\t\t\t\t\t\t\t<p><a href=\"https:\/\/huset.se\/bostadsvaljare\/\">PER SAPERNE DI PI\u00d9 SUL SELETTORE DI ALLOGGI<\/a><\/p>\t\t\t\t\t\t\t\t<\/div>\n\t\t\t\t\t<\/div>\n\t\t<\/div>\n\t\t\t\t\t<\/div>\n\t\t<\/section>\n\t\t\t\t<section class=\"elementor-section elementor-top-section elementor-element elementor-element-e03474d elementor-section-content-middle elementor-section-boxed elementor-section-height-default elementor-section-height-default\" data-id=\"e03474d\" data-element_type=\"section\" data-settings=\"{&quot;background_background&quot;:&quot;classic&quot;}\">\n\t\t\t\t\t\t<div class=\"elementor-container elementor-column-gap-no\">\n\t\t\t\t\t<div class=\"elementor-column elementor-col-50 elementor-top-column elementor-element elementor-element-309eb09\" data-id=\"309eb09\" data-element_type=\"column\">\n\t\t\t<div class=\"elementor-widget-wrap elementor-element-populated\">\n\t\t\t\t\t\t<div class=\"elementor-element elementor-element-ca856a3 elementor-widget elementor-widget-text-editor\" data-id=\"ca856a3\" data-element_type=\"widget\" data-widget_type=\"text-editor.default\">\n\t\t\t\t\t\t\t\t\t<p>SOLUZIONI<\/p>\t\t\t\t\t\t\t\t<\/div>\n\t\t\t\t<div class=\"elementor-element elementor-element-85de46f elementor-widget__width-initial elementor-widget elementor-widget-heading\" data-id=\"85de46f\" data-element_type=\"widget\" data-widget_type=\"heading.default\">\n\t\t\t\t\t<h2 class=\"elementor-heading-title elementor-size-default\">Strumenti interattivi\nStrumenti<\/h2>\t\t\t\t<\/div>\n\t\t\t\t<div class=\"elementor-element elementor-element-c410751 elementor-widget-divider--view-line elementor-widget elementor-widget-divider\" data-id=\"c410751\" data-element_type=\"widget\" data-widget_type=\"divider.default\">\n\t\t\t\t\t\t\t<div class=\"elementor-divider\">\n\t\t\t<span class=\"elementor-divider-separator\">\n\t\t\t\t\t\t<\/span>\n\t\t<\/div>\n\t\t\t\t\t\t<\/div>\n\t\t\t\t\t<\/div>\n\t\t<\/div>\n\t\t\t\t<div class=\"elementor-column elementor-col-50 elementor-top-column elementor-element elementor-element-f0b58d6\" data-id=\"f0b58d6\" data-element_type=\"column\">\n\t\t\t<div class=\"elementor-widget-wrap elementor-element-populated\">\n\t\t\t\t\t\t<div class=\"elementor-element elementor-element-be4a351 elementor-widget elementor-widget-image\" data-id=\"be4a351\" data-element_type=\"widget\" data-widget_type=\"image.default\">\n\t\t\t\t\t\t\t\t\t\t\t\t\t\t\t\t<a href=\"https:\/\/huset.se\/teleport-it-huset\/\">\n\t\t\t\t\t\t\t<img decoding=\"async\" width=\"818\" height=\"570\" src=\"https:\/\/huset.se\/wp-content\/uploads\/2023\/12\/sprak_lokal.jpg\" class=\"elementor-animation-grow attachment-full size-full wp-image-23904\" alt=\"Sala del coro con bandiere svedesi e tedesche, icone musicali. Ambiente di lavoro moderno con vista.\" srcset=\"https:\/\/huset.se\/wp-content\/uploads\/2023\/12\/sprak_lokal.jpg 818w, https:\/\/huset.se\/wp-content\/uploads\/2023\/12\/sprak_lokal-300x209.jpg 300w, https:\/\/huset.se\/wp-content\/uploads\/2023\/12\/sprak_lokal-768x535.jpg 768w, https:\/\/huset.se\/wp-content\/uploads\/2023\/12\/sprak_lokal-18x12.jpg 18w, https:\/\/huset.se\/wp-content\/uploads\/2023\/12\/sprak_lokal-496x346.jpg 496w\" sizes=\"(max-width: 818px) 100vw, 818px\" \/>\t\t\t\t\t\t\t\t<\/a>\n\t\t\t\t\t\t\t\t\t\t\t\t\t\t\t<\/div>\n\t\t\t\t<div class=\"elementor-element elementor-element-cbebd90 elementor-widget elementor-widget-heading\" data-id=\"cbebd90\" data-element_type=\"widget\" data-widget_type=\"heading.default\">\n\t\t\t\t\t<h1 class=\"elementor-heading-title elementor-size-default\">Pi\u00f9 potenziali acquirenti<\/h1>\t\t\t\t<\/div>\n\t\t\t\t<div class=\"elementor-element elementor-element-b63ac38 elementor-widget elementor-widget-text-editor\" data-id=\"b63ac38\" data-element_type=\"widget\" data-widget_type=\"text-editor.default\">\n\t\t\t\t\t\t\t\t\t<p>Raggiungere <strong>altri acquirenti<\/strong>\u00a0facendo tradurre dal nostro personale la descrizione dell'immobile e i saluti personalizzati in altre lingue. Con i nostri strumenti di marketing, gli acquirenti stranieri possono visitare la vostra propriet\u00e0 in modo digitale, senza doversi recare fisicamente presso l'immobile.<\/p>\n<p>Siamo in grado di tradurre sia\u00a0<strong>testo<\/strong>\u00a0e\u00a0<strong>registrazioni sonore<\/strong>.<\/p>\n<p>Attualmente offriamo le seguenti lingue per la traduzione: inglese, norvegese, finlandese, danese, olandese, francese e tedesco.<\/p>\t\t\t\t\t\t\t\t<\/div>\n\t\t\t\t<div class=\"elementor-element elementor-element-ca23fd6 elementor-widget__width-initial elementor-widget-tablet__width-initial elementor-widget-mobile__width-initial elementor-widget elementor-widget-text-editor\" data-id=\"ca23fd6\" data-element_type=\"widget\" data-widget_type=\"text-editor.default\">\n\t\t\t\t\t\t\t\t\t<p><a href=\"https:\/\/huset.se\/fler-potentiella-kopare\/\">LEGGI TUTTO<\/a><\/p>\t\t\t\t\t\t\t\t<\/div>\n\t\t\t\t\t<\/div>\n\t\t<\/div>\n\t\t\t\t\t<\/div>\n\t\t<\/section>\n\t\t\t\t<section class=\"elementor-section elementor-top-section elementor-element elementor-element-3b61b58 elementor-section-content-middle elementor-section-boxed elementor-section-height-default elementor-section-height-default\" data-id=\"3b61b58\" data-element_type=\"section\" data-settings=\"{&quot;background_background&quot;:&quot;classic&quot;}\">\n\t\t\t\t\t\t<div class=\"elementor-container elementor-column-gap-no\">\n\t\t\t\t\t<div class=\"elementor-column elementor-col-50 elementor-top-column elementor-element elementor-element-08a6120\" data-id=\"08a6120\" data-element_type=\"column\">\n\t\t\t<div class=\"elementor-widget-wrap elementor-element-populated\">\n\t\t\t\t\t\t<div class=\"elementor-element elementor-element-5fd732d elementor-widget elementor-widget-text-editor\" data-id=\"5fd732d\" data-element_type=\"widget\" data-widget_type=\"text-editor.default\">\n\t\t\t\t\t\t\t\t\t<p>SOLUZIONI<\/p>\t\t\t\t\t\t\t\t<\/div>\n\t\t\t\t<div class=\"elementor-element elementor-element-d6ab590 elementor-widget__width-initial elementor-widget elementor-widget-heading\" data-id=\"d6ab590\" data-element_type=\"widget\" data-widget_type=\"heading.default\">\n\t\t\t\t\t<h2 class=\"elementor-heading-title elementor-size-default\">Strumenti interattivi\nStrumenti<\/h2>\t\t\t\t<\/div>\n\t\t\t\t<div class=\"elementor-element elementor-element-d7e08eb elementor-widget-divider--view-line elementor-widget elementor-widget-divider\" data-id=\"d7e08eb\" data-element_type=\"widget\" data-widget_type=\"divider.default\">\n\t\t\t\t\t\t\t<div class=\"elementor-divider\">\n\t\t\t<span class=\"elementor-divider-separator\">\n\t\t\t\t\t\t<\/span>\n\t\t<\/div>\n\t\t\t\t\t\t<\/div>\n\t\t\t\t\t<\/div>\n\t\t<\/div>\n\t\t\t\t<div class=\"elementor-column elementor-col-50 elementor-top-column elementor-element elementor-element-65507ec\" data-id=\"65507ec\" data-element_type=\"column\">\n\t\t\t<div class=\"elementor-widget-wrap elementor-element-populated\">\n\t\t\t\t\t\t<div class=\"elementor-element elementor-element-403a63e elementor-widget elementor-widget-image\" data-id=\"403a63e\" data-element_type=\"widget\" data-widget_type=\"image.default\">\n\t\t\t\t\t\t\t\t\t\t\t\t\t\t\t\t<a href=\"https:\/\/huset.se\/teleport-it-huset\/\">\n\t\t\t\t\t\t\t<img decoding=\"async\" width=\"1118\" height=\"632\" src=\"https:\/\/huset.se\/wp-content\/uploads\/2024\/01\/konfigurator.jpg\" class=\"elementor-animation-grow attachment-full size-full wp-image-24666\" alt=\"La cucina della casa con armadietti gialli ed elettrodomestici moderni, perfetta per una casa funzionale ed elegante.\" srcset=\"https:\/\/huset.se\/wp-content\/uploads\/2024\/01\/konfigurator.jpg 1118w, https:\/\/huset.se\/wp-content\/uploads\/2024\/01\/konfigurator-300x170.jpg 300w, https:\/\/huset.se\/wp-content\/uploads\/2024\/01\/konfigurator-1024x579.jpg 1024w, https:\/\/huset.se\/wp-content\/uploads\/2024\/01\/konfigurator-768x434.jpg 768w, https:\/\/huset.se\/wp-content\/uploads\/2024\/01\/konfigurator-18x10.jpg 18w, https:\/\/huset.se\/wp-content\/uploads\/2024\/01\/konfigurator-1061x600.jpg 1061w, https:\/\/huset.se\/wp-content\/uploads\/2024\/01\/konfigurator-496x280.jpg 496w\" sizes=\"(max-width: 1118px) 100vw, 1118px\" \/>\t\t\t\t\t\t\t\t<\/a>\n\t\t\t\t\t\t\t\t\t\t\t\t\t\t\t<\/div>\n\t\t\t\t<div class=\"elementor-element elementor-element-4184c2c elementor-widget elementor-widget-heading\" data-id=\"4184c2c\" data-element_type=\"widget\" data-widget_type=\"heading.default\">\n\t\t\t\t\t<h1 class=\"elementor-heading-title elementor-size-default\">Configuratore<\/h1>\t\t\t\t<\/div>\n\t\t\t\t<div class=\"elementor-element elementor-element-6b90c6d elementor-widget elementor-widget-text-editor\" data-id=\"6b90c6d\" data-element_type=\"widget\" data-widget_type=\"text-editor.default\">\n\t\t\t\t\t\t\t\t\t<div class=\"elementor-element elementor-element-db94760 elementor-widget__width-initial elementor-widget-mobile__width-inherit elementor-widget-tablet__width-inherit elementor-widget elementor-widget-text-editor\" data-id=\"db94760\" data-element_type=\"widget\" data-widget_type=\"text-editor.default\">\n<div class=\"elementor-widget-container\">\n<p><strong>Realistico<\/strong> &amp; <strong>Sistema interattivo opzionale<\/strong> per <strong>nuova produzione<\/strong><\/p>\n<\/div>\n<\/div>\n<div class=\"elementor-element elementor-element-7c5a6ee elementor-widget__width-initial elementor-widget-tablet__width-inherit elementor-widget-mobile__width-initial elementor-widget elementor-widget-text-editor\" data-id=\"7c5a6ee\" data-element_type=\"widget\" data-widget_type=\"text-editor.default\">\n<div class=\"elementor-widget-container\">\n<p>Con il nostro configuratore, creiamo soluzioni personalizzate per diverse esigenze, come nuove costruzioni, progetti di ristrutturazione o opzioni per immobili esistenti. Il nostro sistema offre flessibilit\u00e0, supportando diversi tipi di pacchetti, linee di prodotti standardizzati o scelte libere.<\/p>\n<\/div>\n<\/div>\t\t\t\t\t\t\t\t<\/div>\n\t\t\t\t<div class=\"elementor-element elementor-element-5772e0f elementor-widget__width-initial elementor-widget-tablet__width-initial elementor-widget-mobile__width-initial elementor-widget elementor-widget-text-editor\" data-id=\"5772e0f\" data-element_type=\"widget\" data-widget_type=\"text-editor.default\">\n\t\t\t\t\t\t\t\t\t<p><a href=\"https:\/\/huset.se\/digitala-visningar\/\">PER SAPERNE DI PI\u00d9 SUL CONFIGURATORE<\/a><\/p>\t\t\t\t\t\t\t\t<\/div>\n\t\t\t\t\t<\/div>\n\t\t<\/div>\n\t\t\t\t\t<\/div>\n\t\t<\/section>\n\t\t\t\t<\/div>","protected":false},"excerpt":{"rendered":"<p>Massimizzate le visualizzazioni degli immobili con i nostri Strumenti interattivi Fornite ai vostri clienti informazioni facilmente accessibili e professionali sull'immobile e aumentate le vendite con lo Strumento Interattivo Casa. SOLUZIONI Strumenti interattivi Selettore di propriet\u00e0 Il nostro Selettore di propriet\u00e0 \u00e8 un ottimo servizio che offre una piattaforma chiara e facile da usare per mostrare diverse propriet\u00e0, soprattutto condomini. Con questo strumento innovativo, \u00e8 possibile esplorare facilmente [...]<\/p>","protected":false},"author":26,"featured_media":0,"parent":0,"menu_order":0,"comment_status":"closed","ping_status":"closed","template":"template\/template-homepage.php","meta":{"_et_pb_use_builder":"","_et_pb_old_content":"","_et_gb_content_width":"","footnotes":""},"class_list":["post-25242","page","type-page","status-publish","hentry"],"_links":{"self":[{"href":"https:\/\/huset.se\/it\/wp-json\/wp\/v2\/pages\/25242","targetHints":{"allow":["GET"]}}],"collection":[{"href":"https:\/\/huset.se\/it\/wp-json\/wp\/v2\/pages"}],"about":[{"href":"https:\/\/huset.se\/it\/wp-json\/wp\/v2\/types\/page"}],"author":[{"embeddable":true,"href":"https:\/\/huset.se\/it\/wp-json\/wp\/v2\/users\/26"}],"replies":[{"embeddable":true,"href":"https:\/\/huset.se\/it\/wp-json\/wp\/v2\/comments?post=25242"}],"version-history":[{"count":16,"href":"https:\/\/huset.se\/it\/wp-json\/wp\/v2\/pages\/25242\/revisions"}],"predecessor-version":[{"id":27901,"href":"https:\/\/huset.se\/it\/wp-json\/wp\/v2\/pages\/25242\/revisions\/27901"}],"wp:attachment":[{"href":"https:\/\/huset.se\/it\/wp-json\/wp\/v2\/media?parent=25242"}],"curies":[{"name":"wp","href":"https:\/\/api.w.org\/{rel}","templated":true}]}}