{"id":24126,"date":"2023-12-31T15:06:54","date_gmt":"2023-12-31T14:06:54","guid":{"rendered":"https:\/\/huset.se\/?page_id=24126"},"modified":"2025-05-23T12:37:18","modified_gmt":"2025-05-23T10:37:18","slug":"konfigurator","status":"publish","type":"page","link":"https:\/\/huset.se\/it\/konfigurator\/","title":{"rendered":"Configuratore"},"content":{"rendered":"<div data-elementor-type=\"wp-page\" data-elementor-id=\"24126\" class=\"elementor elementor-24126\">\n\t\t\t\t\t\t<section class=\"elementor-section elementor-top-section elementor-element elementor-element-3fcf4f0 elementor-section-content-middle elementor-section-boxed elementor-section-height-default elementor-section-height-default\" data-id=\"3fcf4f0\" data-element_type=\"section\" data-settings=\"{&quot;background_background&quot;:&quot;classic&quot;}\">\n\t\t\t\t\t\t<div class=\"elementor-container elementor-column-gap-no\">\n\t\t\t\t\t<div class=\"elementor-column elementor-col-50 elementor-top-column elementor-element elementor-element-7e996f3\" data-id=\"7e996f3\" data-element_type=\"column\">\n\t\t\t<div class=\"elementor-widget-wrap elementor-element-populated\">\n\t\t\t\t\t\t<div class=\"elementor-element elementor-element-510da34 elementor-widget elementor-widget-text-editor\" data-id=\"510da34\" data-element_type=\"widget\" data-widget_type=\"text-editor.default\">\n\t\t\t\t\t\t\t\t\t<p>Strumenti interattivi<\/p>\t\t\t\t\t\t\t\t<\/div>\n\t\t\t\t<div class=\"elementor-element elementor-element-c60138d elementor-widget elementor-widget-heading\" data-id=\"c60138d\" data-element_type=\"widget\" data-widget_type=\"heading.default\">\n\t\t\t\t\t<h2 class=\"elementor-heading-title elementor-size-default\">Configuratore<\/h2>\t\t\t\t<\/div>\n\t\t\t\t<div class=\"elementor-element elementor-element-cf32b9b elementor-widget-divider--view-line elementor-widget elementor-widget-divider\" data-id=\"cf32b9b\" data-element_type=\"widget\" data-widget_type=\"divider.default\">\n\t\t\t\t\t\t\t<div class=\"elementor-divider\">\n\t\t\t<span class=\"elementor-divider-separator\">\n\t\t\t\t\t\t<\/span>\n\t\t<\/div>\n\t\t\t\t\t\t<\/div>\n\t\t\t\t\t<\/div>\n\t\t<\/div>\n\t\t\t\t<div class=\"elementor-column elementor-col-50 elementor-top-column elementor-element elementor-element-390a2a6\" data-id=\"390a2a6\" data-element_type=\"column\">\n\t\t\t<div class=\"elementor-widget-wrap elementor-element-populated\">\n\t\t\t\t\t\t<div class=\"elementor-element elementor-element-589ea35 elementor-widget elementor-widget-image\" data-id=\"589ea35\" data-element_type=\"widget\" data-widget_type=\"image.default\">\n\t\t\t\t\t\t\t\t\t\t\t\t\t\t\t<img decoding=\"async\" src=\"https:\/\/huset.se\/wp-content\/uploads\/2023\/12\/kok-scaled.jpg\" title=\"Cucina moderna con armadietti luminosi.\" alt=\"Testo Alta: Cucina moderna con armadietti grigi, fornelli a gas e attrezzature da cucina in tonalit\u00e0 chiare.\" class=\"elementor-animation-grow\" loading=\"lazy\" \/>\t\t\t\t\t\t\t\t\t\t\t\t\t\t\t<\/div>\n\t\t\t\t\t<\/div>\n\t\t<\/div>\n\t\t\t\t\t<\/div>\n\t\t<\/section>\n\t\t\t\t<section class=\"elementor-section elementor-top-section elementor-element elementor-element-38c3335 elementor-section-content-middle elementor-reverse-mobile elementor-reverse-tablet elementor-section-boxed elementor-section-height-default elementor-section-height-default\" data-id=\"38c3335\" data-element_type=\"section\" data-settings=\"{&quot;background_background&quot;:&quot;classic&quot;}\">\n\t\t\t\t\t\t<div class=\"elementor-container elementor-column-gap-no\">\n\t\t\t\t\t<div class=\"elementor-column elementor-col-100 elementor-top-column elementor-element elementor-element-efbfba1\" data-id=\"efbfba1\" data-element_type=\"column\">\n\t\t\t<div class=\"elementor-widget-wrap elementor-element-populated\">\n\t\t\t\t\t\t<div class=\"elementor-element elementor-element-db94760 elementor-widget__width-initial elementor-widget-mobile__width-inherit elementor-widget-tablet__width-inherit elementor-widget elementor-widget-text-editor\" data-id=\"db94760\" data-element_type=\"widget\" data-widget_type=\"text-editor.default\">\n\t\t\t\t\t\t\t\t\t<p>Sistema opzionale realistico e interattivo per le nuove costruzioni<\/p>\t\t\t\t\t\t\t\t<\/div>\n\t\t\t\t<div class=\"elementor-element elementor-element-c98a4ae elementor-widget__width-initial elementor-widget-tablet__width-inherit elementor-widget-mobile__width-initial elementor-widget elementor-widget-text-editor\" data-id=\"c98a4ae\" data-element_type=\"widget\" data-widget_type=\"text-editor.default\">\n\t\t\t\t\t\t\t\t\t<p>Con il nostro <strong>configuratore innovativo<\/strong> possiamo offrire un'offerta diversificata e<strong> soluzione personalizzata<\/strong> per diversi tipi di progetti, sia che si tratti di progetti completamente nuovi che di progetti <strong>progetto di costruzione<\/strong>, <strong>ristrutturazioni estese<\/strong> o aggiornamenti specifici <strong>per le propriet\u00e0 esistenti<\/strong>. Il nostro sistema \u00e8 progettato per offrire la massima flessibilit\u00e0 e personalizzazione. Ci\u00f2 \u00e8 possibile grazie all'offerta di una serie di pacchetti, da gamme di prodotti standardizzati a opzioni completamente personalizzabili, che il cliente pu\u00f2 combinare in base ai suoi desideri e alle sue esigenze specifiche.<\/p><p>In <strong>unico<\/strong> nella nostra funzione <strong>configuratore<\/strong> \u00e8 la possibilit\u00e0 di creare <strong>finito<\/strong> concetti di stile o pacchetti di ispirazione. Questi pacchetti possono essere facilmente selezionati dal cliente finale per fornire una solida base per la progettazione e l'arredamento, pur lasciando spazio alla personalizzazione. Per chiarire e visualizzare ulteriormente il potenziale del progetto, tutte le configurazioni sono presentate in chiari disegni 2D. Questa visualizzazione rende pi\u00f9 facile per voi e per i vostri clienti avere una chiara visione d'insieme dello spazio progettato.<\/p><p>Per approfondire <strong>semplificare<\/strong> e <strong>snellire il processo<\/strong>Ci assumiamo la responsabilit\u00e0 della pianificazione dettagliata e della progettazione del progetto. Ci\u00f2 significa che potete concentrarvi sulle grandi decisioni e sulla visione generale, mentre noi ci occupiamo dei dettagli.<\/p><p>Una volta finalizzata la configurazione, al cliente viene offerta una panoramica completa degli elementi di design selezionati e della stima dei costi totali. Questa sintesi pu\u00f2 essere trasferita senza problemi alle parti interessate del progetto, come il project manager o l'ufficio acquisti, per ulteriori azioni. Il nostro configuratore \u00e8 stato progettato per essere pi\u00f9 di un semplice strumento di selezione del design e dell'allestimento; \u00e8 una soluzione completa per semplificare e ottimizzare la gestione dei progetti di costruzione, indipendentemente dalla loro portata o complessit\u00e0.<\/p><p>Integrando il nostro configuratore nel vostro progetto di costruzione, avrete accesso a un elevato livello di personalizzazione e controllo, consentendo un processo pi\u00f9 fluido, economico e ben organizzato dall'inizio alla fine.<\/p>\t\t\t\t\t\t\t\t<\/div>\n\t\t\t\t\t<\/div>\n\t\t<\/div>\n\t\t\t\t\t<\/div>\n\t\t<\/section>\n\t\t\t\t<section class=\"elementor-section elementor-top-section elementor-element elementor-element-4ec5bab elementor-reverse-tablet elementor-reverse-mobile elementor-section-full_width elementor-section-height-default elementor-section-height-default\" data-id=\"4ec5bab\" data-element_type=\"section\" data-settings=\"{&quot;background_background&quot;:&quot;classic&quot;}\">\n\t\t\t\t\t\t<div class=\"elementor-container elementor-column-gap-default\">\n\t\t\t\t\t<div class=\"elementor-column elementor-col-100 elementor-top-column elementor-element elementor-element-021ff1f\" data-id=\"021ff1f\" data-element_type=\"column\" data-settings=\"{&quot;background_background&quot;:&quot;classic&quot;}\">\n\t\t\t<div class=\"elementor-widget-wrap elementor-element-populated\">\n\t\t\t\t\t\t<div class=\"elementor-element elementor-element-52ac1f6 elementor-widget elementor-widget-shortcode\" data-id=\"52ac1f6\" data-element_type=\"widget\" data-widget_type=\"shortcode.default\">\n\t\t\t\t\t\t\t<div class=\"elementor-shortcode\">[wpc_config id=\"23701\"]<\/div>\n\t\t\t\t\t\t<\/div>\n\t\t\t\t\t<\/div>\n\t\t<\/div>\n\t\t\t\t\t<\/div>\n\t\t<\/section>\n\t\t\t\t<section class=\"elementor-section elementor-top-section elementor-element elementor-element-ec189cb elementor-section-boxed elementor-section-height-default elementor-section-height-default\" data-id=\"ec189cb\" data-element_type=\"section\" data-settings=\"{&quot;background_background&quot;:&quot;classic&quot;}\">\n\t\t\t\t\t\t<div class=\"elementor-container elementor-column-gap-default\">\n\t\t\t\t\t<div class=\"elementor-column elementor-col-100 elementor-top-column elementor-element elementor-element-8ea995b\" data-id=\"8ea995b\" data-element_type=\"column\">\n\t\t\t<div class=\"elementor-widget-wrap elementor-element-populated\">\n\t\t\t\t\t\t<div class=\"elementor-element elementor-element-1d47bcf elementor-widget elementor-widget-spacer\" data-id=\"1d47bcf\" data-element_type=\"widget\" data-widget_type=\"spacer.default\">\n\t\t\t\t\t\t\t<div class=\"elementor-spacer\">\n\t\t\t<div class=\"elementor-spacer-inner\"><\/div>\n\t\t<\/div>\n\t\t\t\t\t\t<\/div>\n\t\t\t\t<div class=\"elementor-element elementor-element-12c84b0 elementor-widget elementor-widget-heading\" data-id=\"12c84b0\" data-element_type=\"widget\" data-widget_type=\"heading.default\">\n\t\t\t\t\t<span class=\"elementor-heading-title elementor-size-default\">Per saperne di pi\u00f9 sull'Housing Selector per le nuove costruzioni<\/span>\t\t\t\t<\/div>\n\t\t\t\t<div class=\"elementor-element elementor-element-e35c99d elementor-align-center elementor-widget elementor-widget-button\" data-id=\"e35c99d\" data-element_type=\"widget\" data-widget_type=\"button.default\">\n\t\t\t\t\t\t\t\t\t\t<a class=\"elementor-button elementor-button-link elementor-size-sm\" href=\"https:\/\/huset.se\/bostadsvaljare\/\">\n\t\t\t\t\t\t<span class=\"elementor-button-content-wrapper\">\n\t\t\t\t\t\t\t\t\t<span class=\"elementor-button-text\">Per saperne di pi\u00f9<\/span>\n\t\t\t\t\t<\/span>\n\t\t\t\t\t<\/a>\n\t\t\t\t\t\t\t\t<\/div>\n\t\t\t\t<div class=\"elementor-element elementor-element-78cab11 elementor-widget elementor-widget-spacer\" data-id=\"78cab11\" data-element_type=\"widget\" data-widget_type=\"spacer.default\">\n\t\t\t\t\t\t\t<div class=\"elementor-spacer\">\n\t\t\t<div class=\"elementor-spacer-inner\"><\/div>\n\t\t<\/div>\n\t\t\t\t\t\t<\/div>\n\t\t\t\t\t<\/div>\n\t\t<\/div>\n\t\t\t\t\t<\/div>\n\t\t<\/section>\n\t\t\t\t<\/div>","protected":false},"excerpt":{"rendered":"<p>Configuratore di strumenti interattivi Sistema di opzioni realistiche e interattive per le nuove costruzioni Con il nostro innovativo configuratore, possiamo offrire una soluzione versatile e personalizzata per diversi tipi di progetti, sia che si tratti di nuove costruzioni, di ristrutturazioni estese o di aggiornamenti specifici per propriet\u00e0 esistenti. Il nostro sistema \u00e8 progettato per offrire la massima flessibilit\u00e0 e adattabilit\u00e0. Questo si ottiene [...]<\/p>","protected":false},"author":26,"featured_media":0,"parent":0,"menu_order":0,"comment_status":"closed","ping_status":"closed","template":"template\/template-homepage.php","meta":{"_et_pb_use_builder":"","_et_pb_old_content":"","_et_gb_content_width":"","footnotes":""},"class_list":["post-24126","page","type-page","status-publish","hentry"],"_links":{"self":[{"href":"https:\/\/huset.se\/it\/wp-json\/wp\/v2\/pages\/24126","targetHints":{"allow":["GET"]}}],"collection":[{"href":"https:\/\/huset.se\/it\/wp-json\/wp\/v2\/pages"}],"about":[{"href":"https:\/\/huset.se\/it\/wp-json\/wp\/v2\/types\/page"}],"author":[{"embeddable":true,"href":"https:\/\/huset.se\/it\/wp-json\/wp\/v2\/users\/26"}],"replies":[{"embeddable":true,"href":"https:\/\/huset.se\/it\/wp-json\/wp\/v2\/comments?post=24126"}],"version-history":[{"count":3,"href":"https:\/\/huset.se\/it\/wp-json\/wp\/v2\/pages\/24126\/revisions"}],"predecessor-version":[{"id":27745,"href":"https:\/\/huset.se\/it\/wp-json\/wp\/v2\/pages\/24126\/revisions\/27745"}],"wp:attachment":[{"href":"https:\/\/huset.se\/it\/wp-json\/wp\/v2\/media?parent=24126"}],"curies":[{"name":"wp","href":"https:\/\/api.w.org\/{rel}","templated":true}]}}