{"id":23778,"date":"2023-12-26T19:22:25","date_gmt":"2023-12-26T18:22:25","guid":{"rendered":"https:\/\/huset.se\/?page_id=23778"},"modified":"2024-04-01T15:29:42","modified_gmt":"2024-04-01T13:29:42","slug":"virtuell-moblering","status":"publish","type":"page","link":"https:\/\/huset.se\/it\/virtuell-moblering\/","title":{"rendered":"Arredamento virtuale"},"content":{"rendered":"<div data-elementor-type=\"wp-page\" data-elementor-id=\"23778\" class=\"elementor elementor-23778\">\n\t\t\t\t\t\t<section class=\"elementor-section elementor-top-section elementor-element elementor-element-feb6106 elementor-reverse-tablet elementor-reverse-mobile elementor-section-boxed elementor-section-height-default elementor-section-height-default\" data-id=\"feb6106\" data-element_type=\"section\" data-settings=\"{&quot;background_background&quot;:&quot;classic&quot;}\">\n\t\t\t\t\t\t<div class=\"elementor-container elementor-column-gap-default\">\n\t\t\t\t\t<div class=\"elementor-column elementor-col-100 elementor-top-column elementor-element elementor-element-4b67ac4\" data-id=\"4b67ac4\" data-element_type=\"column\" data-settings=\"{&quot;background_background&quot;:&quot;classic&quot;}\">\n\t\t\t<div class=\"elementor-widget-wrap elementor-element-populated\">\n\t\t\t\t\t\t<div class=\"elementor-element elementor-element-16a0d74 elementor-widget elementor-widget-spacer\" data-id=\"16a0d74\" data-element_type=\"widget\" data-widget_type=\"spacer.default\">\n\t\t\t\t\t\t\t<div class=\"elementor-spacer\">\n\t\t\t<div class=\"elementor-spacer-inner\"><\/div>\n\t\t<\/div>\n\t\t\t\t\t\t<\/div>\n\t\t\t\t<div class=\"elementor-element elementor-element-0a3646a elementor-widget elementor-widget-heading\" data-id=\"0a3646a\" data-element_type=\"widget\" data-widget_type=\"heading.default\">\n\t\t\t\t\t<h2 class=\"elementor-heading-title elementor-size-default\">Arredamento virtuale<\/h2>\t\t\t\t<\/div>\n\t\t\t\t<div class=\"elementor-element elementor-element-d0955d9 elementor-widget-divider--view-line elementor-widget elementor-widget-divider\" data-id=\"d0955d9\" data-element_type=\"widget\" data-widget_type=\"divider.default\">\n\t\t\t\t\t\t\t<div class=\"elementor-divider\">\n\t\t\t<span class=\"elementor-divider-separator\">\n\t\t\t\t\t\t<\/span>\n\t\t<\/div>\n\t\t\t\t\t\t<\/div>\n\t\t\t\t<div class=\"elementor-element elementor-element-9fe7746 elementor-drop-cap-yes elementor-drop-cap-view-default elementor-widget elementor-widget-text-editor\" data-id=\"9fe7746\" data-element_type=\"widget\" data-settings=\"{&quot;drop_cap&quot;:&quot;yes&quot;}\" data-widget_type=\"text-editor.default\">\n\t\t\t\t\t\t\t\t\t<p><span style=\"color: #ffffff;\"><strong>Con l'arredamento virtuale<\/strong><\/span>! \u00e8 possibile <span style=\"color: #ffffff;\"><strong>arredare<\/strong><\/span> e <span style=\"color: #ffffff;\"><strong>vuoto<\/strong> <\/span>spazio o locale per attirare pi\u00f9 clienti. Con i nostri mobili virtuali, potete dare allo spazio vuoto un carattere e un'idea di ci\u00f2 che \u00e8 possibile fare.\u00a0<\/p><p>In <span style=\"color: #ffffff;\"><strong>cursore immagine<\/strong> <\/span>costituisce un <span style=\"color: #ffffff;\"><strong>prezioso<\/strong><\/span> per i siti web del settore immobiliare. Grazie all'uso di slider, potrete facilmente mettere in evidenza i vostri progetti pi\u00f9 interessanti, creando un sito web professionale e visivamente accattivante.<\/p>\t\t\t\t\t\t\t\t<\/div>\n\t\t\t\t<div class=\"elementor-element elementor-element-dd32d80 elementor-widget elementor-widget-shortcode\" data-id=\"dd32d80\" data-element_type=\"widget\" data-widget_type=\"shortcode.default\">\n\t\t\t\t\t\t\t<div class=\"elementor-shortcode\">[bafg id=\"23003\"]<\/div>\n\t\t\t\t\t\t<\/div>\n\t\t\t\t<div class=\"elementor-element elementor-element-737528f elementor-widget elementor-widget-spacer\" data-id=\"737528f\" data-element_type=\"widget\" data-widget_type=\"spacer.default\">\n\t\t\t\t\t\t\t<div class=\"elementor-spacer\">\n\t\t\t<div class=\"elementor-spacer-inner\"><\/div>\n\t\t<\/div>\n\t\t\t\t\t\t<\/div>\n\t\t\t\t<div class=\"elementor-element elementor-element-a5e46df elementor-widget elementor-widget-spacer\" data-id=\"a5e46df\" data-element_type=\"widget\" data-widget_type=\"spacer.default\">\n\t\t\t\t\t\t\t<div class=\"elementor-spacer\">\n\t\t\t<div class=\"elementor-spacer-inner\"><\/div>\n\t\t<\/div>\n\t\t\t\t\t\t<\/div>\n\t\t\t\t<div class=\"elementor-element elementor-element-7c78ccc elementor-drop-cap-yes elementor-drop-cap-view-default elementor-widget elementor-widget-text-editor\" data-id=\"7c78ccc\" data-element_type=\"widget\" data-settings=\"{&quot;drop_cap&quot;:&quot;yes&quot;}\" data-widget_type=\"text-editor.default\">\n\t\t\t\t\t\t\t\t\t<p>Gli slider sono uno strumento dinamico per presentare il vostro lavoro in modo coinvolgente, catturando l'interesse del visitatore fin dal primo sguardo. Semplicemente scorrendo le immagini, i potenziali clienti o partner possono conoscere in modo rapido ed efficiente i vostri migliori risultati e le vostre competenze.<\/p><p>L'aspetto visivo degli slider offre anche l'opportunit\u00e0 di trasmettere la qualit\u00e0 e i dettagli dei vostri progetti in un modo che le parole da sole non possono fare. Questo rende gli slider uno strumento potente per creare fiducia e dare un'immagine chiara della vostra competenza nel settore edile e immobiliare.<\/p>\t\t\t\t\t\t\t\t<\/div>\n\t\t\t\t\t<\/div>\n\t\t<\/div>\n\t\t\t\t\t<\/div>\n\t\t<\/section>\n\t\t\t\t<section class=\"elementor-section elementor-top-section elementor-element elementor-element-268dcc5 elementor-reverse-tablet elementor-reverse-mobile elementor-section-boxed elementor-section-height-default elementor-section-height-default\" data-id=\"268dcc5\" data-element_type=\"section\" data-settings=\"{&quot;background_background&quot;:&quot;classic&quot;}\">\n\t\t\t\t\t\t<div class=\"elementor-container elementor-column-gap-default\">\n\t\t\t\t\t<div class=\"elementor-column elementor-col-100 elementor-top-column elementor-element elementor-element-ee06340\" data-id=\"ee06340\" data-element_type=\"column\" data-settings=\"{&quot;background_background&quot;:&quot;classic&quot;}\">\n\t\t\t<div class=\"elementor-widget-wrap elementor-element-populated\">\n\t\t\t\t\t\t<div class=\"elementor-element elementor-element-26c6b7e elementor-widget elementor-widget-shortcode\" data-id=\"26c6b7e\" data-element_type=\"widget\" data-widget_type=\"shortcode.default\">\n\t\t\t\t\t\t\t<div class=\"elementor-shortcode\">[bafg id=\"23174\"]<\/div>\n\t\t\t\t\t\t<\/div>\n\t\t\t\t<div class=\"elementor-element elementor-element-78bbb14 elementor-widget elementor-widget-spacer\" data-id=\"78bbb14\" data-element_type=\"widget\" data-widget_type=\"spacer.default\">\n\t\t\t\t\t\t\t<div class=\"elementor-spacer\">\n\t\t\t<div class=\"elementor-spacer-inner\"><\/div>\n\t\t<\/div>\n\t\t\t\t\t\t<\/div>\n\t\t\t\t<div class=\"elementor-element elementor-element-cde81e7 elementor-widget elementor-widget-spacer\" data-id=\"cde81e7\" data-element_type=\"widget\" data-widget_type=\"spacer.default\">\n\t\t\t\t\t\t\t<div class=\"elementor-spacer\">\n\t\t\t<div class=\"elementor-spacer-inner\"><\/div>\n\t\t<\/div>\n\t\t\t\t\t\t<\/div>\n\t\t\t\t\t<\/div>\n\t\t<\/div>\n\t\t\t\t\t<\/div>\n\t\t<\/section>\n\t\t\t\t<section class=\"elementor-section elementor-top-section elementor-element elementor-element-95fd398 elementor-section-boxed elementor-section-height-default elementor-section-height-default\" data-id=\"95fd398\" data-element_type=\"section\" data-settings=\"{&quot;background_background&quot;:&quot;classic&quot;}\">\n\t\t\t\t\t\t<div class=\"elementor-container elementor-column-gap-default\">\n\t\t\t\t\t<div class=\"elementor-column elementor-col-100 elementor-top-column elementor-element elementor-element-3eb4606\" data-id=\"3eb4606\" data-element_type=\"column\">\n\t\t\t<div class=\"elementor-widget-wrap elementor-element-populated\">\n\t\t\t\t\t\t<div class=\"elementor-element elementor-element-4b595b1 elementor-align-center elementor-widget elementor-widget-button\" data-id=\"4b595b1\" data-element_type=\"widget\" data-widget_type=\"button.default\">\n\t\t\t\t\t\t\t\t\t\t<a class=\"elementor-button elementor-button-link elementor-size-sm\" href=\"https:\/\/huset.se\/kontakta_oss\/\">\n\t\t\t\t\t\t<span class=\"elementor-button-content-wrapper\">\n\t\t\t\t\t\t<span class=\"elementor-button-icon\">\n\t\t\t\t<svg aria-hidden=\"true\" class=\"e-font-icon-svg e-far-gem\" viewbox=\"0 0 576 512\" xmlns=\"http:\/\/www.w3.org\/2000\/svg\"><path d=\"M464 0H112c-4 0-7.8 2-10 5.4L2 152.6c-2.9 4.4-2.6 10.2.7 14.2l276 340.8c4.8 5.9 13.8 5.9 18.6 0l276-340.8c3.3-4.1 3.6-9.8.7-14.2L474.1 5.4C471.8 2 468.1 0 464 0zm-19.3 48l63.3 96h-68.4l-51.7-96h56.8zm-202.1 0h90.7l51.7 96H191l51.6-96zm-111.3 0h56.8l-51.7 96H68l63.3-96zm-43 144h51.4L208 352 88.3 192zm102.9 0h193.6L288 435.3 191.2 192zM368 352l68.2-160h51.4L368 352z\"><\/path><\/svg>\t\t\t<\/span>\n\t\t\t\t\t\t\t\t\t<span class=\"elementor-button-text\">Contattateci per un tour personalizzato<\/span>\n\t\t\t\t\t<\/span>\n\t\t\t\t\t<\/a>\n\t\t\t\t\t\t\t\t<\/div>\n\t\t\t\t\t<\/div>\n\t\t<\/div>\n\t\t\t\t\t<\/div>\n\t\t<\/section>\n\t\t\t\t<\/div>","protected":false},"excerpt":{"rendered":"<p>Arredamento virtuale Con l'arredamento virtuale! \u00e8 possibile arredare una stanza o uno spazio vuoto per attirare pi\u00f9 clienti. Con il nostro arredamento virtuale, potete dare allo spazio vuoto un carattere e un'idea di ci\u00f2 che \u00e8 possibile fare.  Lo slider di immagini \u00e8 una funzione preziosa per i siti web immobiliari. Attraverso l'uso di slider, \u00e8 possibile<\/p>","protected":false},"author":26,"featured_media":0,"parent":0,"menu_order":0,"comment_status":"closed","ping_status":"closed","template":"template\/template-homepage.php","meta":{"_et_pb_use_builder":"","_et_pb_old_content":"","_et_gb_content_width":"","footnotes":""},"class_list":["post-23778","page","type-page","status-publish","hentry"],"_links":{"self":[{"href":"https:\/\/huset.se\/it\/wp-json\/wp\/v2\/pages\/23778","targetHints":{"allow":["GET"]}}],"collection":[{"href":"https:\/\/huset.se\/it\/wp-json\/wp\/v2\/pages"}],"about":[{"href":"https:\/\/huset.se\/it\/wp-json\/wp\/v2\/types\/page"}],"author":[{"embeddable":true,"href":"https:\/\/huset.se\/it\/wp-json\/wp\/v2\/users\/26"}],"replies":[{"embeddable":true,"href":"https:\/\/huset.se\/it\/wp-json\/wp\/v2\/comments?post=23778"}],"version-history":[{"count":0,"href":"https:\/\/huset.se\/it\/wp-json\/wp\/v2\/pages\/23778\/revisions"}],"wp:attachment":[{"href":"https:\/\/huset.se\/it\/wp-json\/wp\/v2\/media?parent=23778"}],"curies":[{"name":"wp","href":"https:\/\/api.w.org\/{rel}","templated":true}]}}