{"id":23746,"date":"2023-12-26T17:20:35","date_gmt":"2023-12-26T16:20:35","guid":{"rendered":"https:\/\/huset.se\/?page_id=23746"},"modified":"2024-04-13T18:52:05","modified_gmt":"2024-04-13T16:52:05","slug":"teleport-it-huset","status":"publish","type":"page","link":"https:\/\/huset.se\/it\/teleport-it-huset\/","title":{"rendered":"Teletrasportati, House!"},"content":{"rendered":"<div data-elementor-type=\"wp-page\" data-elementor-id=\"23746\" class=\"elementor elementor-23746\">\n\t\t\t\t\t\t<section class=\"elementor-section elementor-top-section elementor-element elementor-element-698eb7b elementor-section-boxed elementor-section-height-default elementor-section-height-default\" data-id=\"698eb7b\" data-element_type=\"section\" data-settings=\"{&quot;background_background&quot;:&quot;classic&quot;}\">\n\t\t\t\t\t\t<div class=\"elementor-container elementor-column-gap-default\">\n\t\t\t\t\t<div class=\"elementor-column elementor-col-100 elementor-top-column elementor-element elementor-element-24ac53a\" data-id=\"24ac53a\" data-element_type=\"column\">\n\t\t\t<div class=\"elementor-widget-wrap elementor-element-populated\">\n\t\t\t\t\t\t<div class=\"elementor-element elementor-element-89bf258 elementor-widget elementor-widget-spacer\" data-id=\"89bf258\" data-element_type=\"widget\" data-widget_type=\"spacer.default\">\n\t\t\t\t\t\t\t<div class=\"elementor-spacer\">\n\t\t\t<div class=\"elementor-spacer-inner\"><\/div>\n\t\t<\/div>\n\t\t\t\t\t\t<\/div>\n\t\t\t\t<div class=\"elementor-element elementor-element-5b4417e elementor-widget elementor-widget-heading\" data-id=\"5b4417e\" data-element_type=\"widget\" data-widget_type=\"heading.default\">\n\t\t\t\t\t<h2 class=\"elementor-heading-title elementor-size-default\">Teletrasportati, House!<\/h2>\t\t\t\t<\/div>\n\t\t\t\t<div class=\"elementor-element elementor-element-c1faca2 elementor-widget-divider--view-line elementor-widget elementor-widget-divider\" data-id=\"c1faca2\" data-element_type=\"widget\" data-widget_type=\"divider.default\">\n\t\t\t\t\t\t\t<div class=\"elementor-divider\">\n\t\t\t<span class=\"elementor-divider-separator\">\n\t\t\t\t\t\t<\/span>\n\t\t<\/div>\n\t\t\t\t\t\t<\/div>\n\t\t\t\t<div class=\"elementor-element elementor-element-fef7c6c elementor-widget elementor-widget-shortcode\" data-id=\"fef7c6c\" data-element_type=\"widget\" data-widget_type=\"shortcode.default\">\n\t\t\t\t\t\t\t<div class=\"elementor-shortcode\"><div style=\"position:relative;padding-top:56.25%;\"><iframe src=\"https:\/\/iframe.mediadelivery.net\/embed\/230487\/83cf096a-4240-4cc7-8101-b46436a3b3d1?autoplay=false&loop=false&muted=false&preload=true&responsive=true\" loading=\"lazy\" style=\"border:0;position:absolute;top:0;height:100%;width:100%;\" allow=\"accelerometer;gyroscope;autoplay;encrypted-media;picture-in-picture;\" allowfullscreen=\"true\"><\/iframe><\/div><\/div>\n\t\t\t\t\t\t<\/div>\n\t\t\t\t<div class=\"elementor-element elementor-element-ae1df92 elementor-drop-cap-yes elementor-drop-cap-view-default elementor-widget elementor-widget-text-editor\" data-id=\"ae1df92\" data-element_type=\"widget\" data-settings=\"{&quot;drop_cap&quot;:&quot;yes&quot;}\" data-widget_type=\"text-editor.default\">\n\t\t\t\t\t\t\t\t\t<p><span style=\"color: #ffffff;\"><strong><span class=\"elementor-drop-cap\"><span class=\"elementor-drop-cap-letter\">T<\/span><\/span>eleport it, house!<\/strong><\/span> \u00e8 un servizio della casa che permette di <span style=\"color: #ffffff;\"><strong>teletrasportare case e abitazioni in tutto il mondo<\/strong><\/span>.<\/p><p>In combinazione con la Realt\u00e0 Aumentata e la nostra competenza <span style=\"color: #ffffff;\"><strong>HUSET il primo al mondo<\/strong><\/span> che <span style=\"color: #ffffff;\"><strong>commercializzare<\/strong> <\/span> e offrire ai propri clienti la tecnologia della Realt\u00e0 Aumentata per la vendita di oggetti reali su scala reale.<\/p><p>Con la realt\u00e0 aumentata, il cliente pu\u00f2 <span style=\"color: #ffffff;\"><strong>luogo<\/strong> <\/span>e <span style=\"color: #ffffff;\"><strong>visualizzare gli oggetti immobiliari<\/strong><\/span> nel <span style=\"color: #ffffff;\"><strong>il mondo reale<\/strong><\/span> dove si trova il cliente (in scala 1:1) - direttamente nel suo ambiente con un semplice clic, direttamente nel browser.\u00a0<\/p>\t\t\t\t\t\t\t\t<\/div>\n\t\t\t\t<div class=\"elementor-element elementor-element-936af98 elementor-widget elementor-widget-text-editor\" data-id=\"936af98\" data-element_type=\"widget\" data-widget_type=\"text-editor.default\">\n\t\t\t\t\t\t\t\t\t<p>Si prega di notare che il servizio \u00e8 in fase di sviluppo da parte di Huset e il risultato finale potrebbe differire significativamente da questa presentazione. Gli oggetti della propriet\u00e0 sono scansionati in 3D e NON sono oggetti renderizzati in 3D.<\/p>\t\t\t\t\t\t\t\t<\/div>\n\t\t\t\t<div class=\"elementor-element elementor-element-d5d58bd elementor-align-center elementor-widget elementor-widget-button\" data-id=\"d5d58bd\" data-element_type=\"widget\" data-widget_type=\"button.default\">\n\t\t\t\t\t\t\t\t\t\t<a class=\"elementor-button elementor-button-link elementor-size-sm\" href=\"https:\/\/huset.se\/kontakta_oss\/\" id=\"a55\">\n\t\t\t\t\t\t<span class=\"elementor-button-content-wrapper\">\n\t\t\t\t\t\t<span class=\"elementor-button-icon\">\n\t\t\t\t<svg aria-hidden=\"true\" class=\"e-font-icon-svg e-far-gem\" viewbox=\"0 0 576 512\" xmlns=\"http:\/\/www.w3.org\/2000\/svg\"><path d=\"M464 0H112c-4 0-7.8 2-10 5.4L2 152.6c-2.9 4.4-2.6 10.2.7 14.2l276 340.8c4.8 5.9 13.8 5.9 18.6 0l276-340.8c3.3-4.1 3.6-9.8.7-14.2L474.1 5.4C471.8 2 468.1 0 464 0zm-19.3 48l63.3 96h-68.4l-51.7-96h56.8zm-202.1 0h90.7l51.7 96H191l51.6-96zm-111.3 0h56.8l-51.7 96H68l63.3-96zm-43 144h51.4L208 352 88.3 192zm102.9 0h193.6L288 435.3 191.2 192zM368 352l68.2-160h51.4L368 352z\"><\/path><\/svg>\t\t\t<\/span>\n\t\t\t\t\t\t\t\t\t<span class=\"elementor-button-text\">Contattateci per un tour personalizzato<\/span>\n\t\t\t\t\t<\/span>\n\t\t\t\t\t<\/a>\n\t\t\t\t\t\t\t\t<\/div>\n\t\t\t\t\t<\/div>\n\t\t<\/div>\n\t\t\t\t\t<\/div>\n\t\t<\/section>\n\t\t\t\t<\/div>","protected":false},"excerpt":{"rendered":"<p>Teletrasportalo, la casa! Teleport It, the House! \u00e8 un servizio di casa che permette di teletrasportare case e abitazioni in tutto il mondo. In combinazione con la Realt\u00e0 Aumentata e la nostra esperienza, HUSET \u00e8 la prima al mondo a commercializzare e offrire ai propri clienti la tecnologia della Realt\u00e0 Aumentata per la vendita immobiliare di oggetti reali su scala reale. Con la Realt\u00e0 Aumentata [...]<\/p>","protected":false},"author":26,"featured_media":0,"parent":0,"menu_order":0,"comment_status":"closed","ping_status":"closed","template":"template\/template-homepage.php","meta":{"_et_pb_use_builder":"","_et_pb_old_content":"","_et_gb_content_width":"","footnotes":""},"class_list":["post-23746","page","type-page","status-publish","hentry"],"_links":{"self":[{"href":"https:\/\/huset.se\/it\/wp-json\/wp\/v2\/pages\/23746","targetHints":{"allow":["GET"]}}],"collection":[{"href":"https:\/\/huset.se\/it\/wp-json\/wp\/v2\/pages"}],"about":[{"href":"https:\/\/huset.se\/it\/wp-json\/wp\/v2\/types\/page"}],"author":[{"embeddable":true,"href":"https:\/\/huset.se\/it\/wp-json\/wp\/v2\/users\/26"}],"replies":[{"embeddable":true,"href":"https:\/\/huset.se\/it\/wp-json\/wp\/v2\/comments?post=23746"}],"version-history":[{"count":0,"href":"https:\/\/huset.se\/it\/wp-json\/wp\/v2\/pages\/23746\/revisions"}],"wp:attachment":[{"href":"https:\/\/huset.se\/it\/wp-json\/wp\/v2\/media?parent=23746"}],"curies":[{"name":"wp","href":"https:\/\/api.w.org\/{rel}","templated":true}]}}