{"id":23229,"date":"2023-10-13T15:09:39","date_gmt":"2023-10-13T13:09:39","guid":{"rendered":"https:\/\/huset.se\/?page_id=23229"},"modified":"2024-01-30T18:26:00","modified_gmt":"2024-01-30T17:26:00","slug":"miljo","status":"publish","type":"page","link":"https:\/\/huset.se\/it\/miljo\/","title":{"rendered":"Ambiente"},"content":{"rendered":"<div data-elementor-type=\"wp-page\" data-elementor-id=\"23229\" class=\"elementor elementor-23229\">\n\t\t\t\t\t\t<section class=\"elementor-section elementor-top-section elementor-element elementor-element-3445065b elementor-section-content-middle elementor-section-boxed elementor-section-height-default elementor-section-height-default\" data-id=\"3445065b\" data-element_type=\"section\" data-settings=\"{&quot;background_background&quot;:&quot;classic&quot;}\">\n\t\t\t\t\t\t<div class=\"elementor-container elementor-column-gap-no\">\n\t\t\t\t\t<div class=\"elementor-column elementor-col-33 elementor-top-column elementor-element elementor-element-23182cb3\" data-id=\"23182cb3\" data-element_type=\"column\">\n\t\t\t<div class=\"elementor-widget-wrap elementor-element-populated\">\n\t\t\t\t\t\t<div class=\"elementor-element elementor-element-68b3cf93 elementor-widget elementor-widget-heading\" data-id=\"68b3cf93\" data-element_type=\"widget\" data-widget_type=\"heading.default\">\n\t\t\t\t\t<h3 class=\"elementor-heading-title elementor-size-default\">NETTO<\/h3>\t\t\t\t<\/div>\n\t\t\t\t<div class=\"elementor-element elementor-element-22355aa5 elementor-widget elementor-widget-image\" data-id=\"22355aa5\" data-element_type=\"widget\" data-widget_type=\"image.default\">\n\t\t\t\t\t\t\t\t\t\t\t\t\t\t\t<img fetchpriority=\"high\" decoding=\"async\" width=\"1024\" height=\"683\" src=\"https:\/\/huset.se\/wp-content\/uploads\/2023\/10\/airplane-window1-1024x683.jpg\" class=\"elementor-animation-grow attachment-large size-large wp-image-23242\" alt=\"\" srcset=\"https:\/\/huset.se\/wp-content\/uploads\/2023\/10\/airplane-window1-1024x683.jpg 1024w, https:\/\/huset.se\/wp-content\/uploads\/2023\/10\/airplane-window1-300x200.jpg 300w, https:\/\/huset.se\/wp-content\/uploads\/2023\/10\/airplane-window1-768x512.jpg 768w, https:\/\/huset.se\/wp-content\/uploads\/2023\/10\/airplane-window1-1536x1024.jpg 1536w, https:\/\/huset.se\/wp-content\/uploads\/2023\/10\/airplane-window1-2048x1365.jpg 2048w, https:\/\/huset.se\/wp-content\/uploads\/2023\/10\/airplane-window1-18x12.jpg 18w, https:\/\/huset.se\/wp-content\/uploads\/2023\/10\/airplane-window1-900x600.jpg 900w, https:\/\/huset.se\/wp-content\/uploads\/2023\/10\/airplane-window1-496x331.jpg 496w\" sizes=\"(max-width: 1024px) 100vw, 1024px\">\t\t\t\t\t\t\t\t\t\t\t\t\t\t\t<\/div>\n\t\t\t\t\t<\/div>\n\t\t<\/div>\n\t\t\t\t<div class=\"elementor-column elementor-col-33 elementor-top-column elementor-element elementor-element-5a22033d\" data-id=\"5a22033d\" data-element_type=\"column\">\n\t\t\t<div class=\"elementor-widget-wrap elementor-element-populated\">\n\t\t\t\t\t\t<div class=\"elementor-element elementor-element-5dbac0d1 elementor-widget elementor-widget-image\" data-id=\"5dbac0d1\" data-element_type=\"widget\" data-widget_type=\"image.default\">\n\t\t\t\t\t\t\t\t\t\t\t\t\t\t\t<img decoding=\"async\" width=\"1024\" height=\"683\" src=\"https:\/\/huset.se\/wp-content\/uploads\/2023\/10\/power-plant1-1024x683.jpg\" class=\"elementor-animation-grow attachment-large size-large wp-image-23241\" alt=\"\" srcset=\"https:\/\/huset.se\/wp-content\/uploads\/2023\/10\/power-plant1-1024x683.jpg 1024w, https:\/\/huset.se\/wp-content\/uploads\/2023\/10\/power-plant1-300x200.jpg 300w, https:\/\/huset.se\/wp-content\/uploads\/2023\/10\/power-plant1-768x512.jpg 768w, https:\/\/huset.se\/wp-content\/uploads\/2023\/10\/power-plant1-1536x1024.jpg 1536w, https:\/\/huset.se\/wp-content\/uploads\/2023\/10\/power-plant1-2048x1366.jpg 2048w, https:\/\/huset.se\/wp-content\/uploads\/2023\/10\/power-plant1-18x12.jpg 18w, https:\/\/huset.se\/wp-content\/uploads\/2023\/10\/power-plant1-900x600.jpg 900w, https:\/\/huset.se\/wp-content\/uploads\/2023\/10\/power-plant1-496x331.jpg 496w\" sizes=\"(max-width: 1024px) 100vw, 1024px\">\t\t\t\t\t\t\t\t\t\t\t\t\t\t\t<\/div>\n\t\t\t\t<div class=\"elementor-element elementor-element-faebafe elementor-widget elementor-widget-heading\" data-id=\"faebafe\" data-element_type=\"widget\" data-widget_type=\"heading.default\">\n\t\t\t\t\t<h3 class=\"elementor-heading-title elementor-size-default\">Zero<\/h3>\t\t\t\t<\/div>\n\t\t\t\t<div class=\"elementor-element elementor-element-5c6d6fb4 elementor-widget elementor-widget-text-editor\" data-id=\"5c6d6fb4\" data-element_type=\"widget\" data-widget_type=\"text-editor.default\">\n\t\t\t\t\t\t\t\t\t<p>Con le riunioni digitali, i tour digitali e la realt\u00e0 aumentata, avete la possibilit\u00e0 di\u00a0<strong>ridurre l'impronta di carbonio<\/strong>\u00a0fino a diverse tonnellate di anidride carbonica CO2<\/p>\t\t\t\t\t\t\t\t<\/div>\n\t\t\t\t\t<\/div>\n\t\t<\/div>\n\t\t\t\t<div class=\"elementor-column elementor-col-33 elementor-top-column elementor-element elementor-element-b4d0390\" data-id=\"b4d0390\" data-element_type=\"column\">\n\t\t\t<div class=\"elementor-widget-wrap elementor-element-populated\">\n\t\t\t\t\t\t<div class=\"elementor-element elementor-element-2299951 elementor-widget elementor-widget-heading\" data-id=\"2299951\" data-element_type=\"widget\" data-widget_type=\"heading.default\">\n\t\t\t\t\t<h3 class=\"elementor-heading-title elementor-size-default\">Viaggi<\/h3>\t\t\t\t<\/div>\n\t\t\t\t<div class=\"elementor-element elementor-element-3d1bd32b elementor-widget elementor-widget-image\" data-id=\"3d1bd32b\" data-element_type=\"widget\" data-widget_type=\"image.default\">\n\t\t\t\t\t\t\t\t\t\t\t\t\t\t\t<img decoding=\"async\" width=\"1024\" height=\"683\" src=\"https:\/\/huset.se\/wp-content\/uploads\/2023\/10\/co2-net-zero1-1024x683.jpg\" class=\"elementor-animation-grow attachment-large size-large wp-image-23243\" alt=\"Sensibilit\u00e0 ambientale con foglie verdi e disegno a griglia.\" srcset=\"https:\/\/huset.se\/wp-content\/uploads\/2023\/10\/co2-net-zero1-1024x683.jpg 1024w, https:\/\/huset.se\/wp-content\/uploads\/2023\/10\/co2-net-zero1-300x200.jpg 300w, https:\/\/huset.se\/wp-content\/uploads\/2023\/10\/co2-net-zero1-768x512.jpg 768w, https:\/\/huset.se\/wp-content\/uploads\/2023\/10\/co2-net-zero1-1536x1024.jpg 1536w, https:\/\/huset.se\/wp-content\/uploads\/2023\/10\/co2-net-zero1-2048x1365.jpg 2048w, https:\/\/huset.se\/wp-content\/uploads\/2023\/10\/co2-net-zero1-18x12.jpg 18w, https:\/\/huset.se\/wp-content\/uploads\/2023\/10\/co2-net-zero1-900x600.jpg 900w, https:\/\/huset.se\/wp-content\/uploads\/2023\/10\/co2-net-zero1-496x331.jpg 496w\" sizes=\"(max-width: 1024px) 100vw, 1024px\" \/>\t\t\t\t\t\t\t\t\t\t\t\t\t\t\t<\/div>\n\t\t\t\t\t<\/div>\n\t\t<\/div>\n\t\t\t\t\t<\/div>\n\t\t<\/section>\n\t\t\t\t<section class=\"elementor-section elementor-top-section elementor-element elementor-element-750ee63 elementor-section-boxed elementor-section-height-default elementor-section-height-default\" data-id=\"750ee63\" data-element_type=\"section\">\n\t\t\t\t\t\t<div class=\"elementor-container elementor-column-gap-default\">\n\t\t\t\t\t<div class=\"elementor-column elementor-col-100 elementor-top-column elementor-element elementor-element-6e24ce1\" data-id=\"6e24ce1\" data-element_type=\"column\">\n\t\t\t<div class=\"elementor-widget-wrap elementor-element-populated\">\n\t\t\t\t\t\t<div class=\"elementor-element elementor-element-0689f8e elementor-widget elementor-widget-spacer\" data-id=\"0689f8e\" data-element_type=\"widget\" data-widget_type=\"spacer.default\">\n\t\t\t\t\t\t\t<div class=\"elementor-spacer\">\n\t\t\t<div class=\"elementor-spacer-inner\"><\/div>\n\t\t<\/div>\n\t\t\t\t\t\t<\/div>\n\t\t\t\t<div class=\"elementor-element elementor-element-1b048d7 elementor-drop-cap-yes elementor-drop-cap-view-default elementor-widget elementor-widget-text-editor\" data-id=\"1b048d7\" data-element_type=\"widget\" data-settings=\"{&quot;drop_cap&quot;:&quot;yes&quot;}\" data-widget_type=\"text-editor.default\">\n\t\t\t\t\t\t\t\t\t<p>Naturalmente, l'energia viene consumata in una sala server da qualche parte in Svezia quando si invita uno speculatore a una visione digitale. Tuttavia, \u00e8 difficile confrontare l'impronta di carbonio tra una visione digitale e un viaggio fisico da e verso l'oggetto. <br \/>\u00a0 \u00a0 \u00a0Quando gli speculatori di tutto il mondo scelgono di volare avanti e indietro, emettono diverse migliaia di chilogrammi di anidride carbonica.<\/p><p>L'impatto ambientale del settore immobiliare \u00e8 significativo e HUSET \u00e8 un attore chiave nella transizione verso una societ\u00e0 pi\u00f9 sostenibile. <br \/>Lavoriamo attivamente per ridurre le emissioni nostre e dei nostri clienti legate al funzionamento e alla manutenzione dei nostri servizi. \u00c8 estremamente importante ottimizzare l'uso delle nostre risorse. HUSET si concentra solo su soluzioni sostenibili e si rivolge principalmente ad attori e fornitori svedesi in grado di soddisfare le nostre esigenze tecniche.<\/p>\t\t\t\t\t\t\t\t<\/div>\n\t\t\t\t<div class=\"elementor-element elementor-element-af78e99 elementor-widget elementor-widget-spacer\" data-id=\"af78e99\" data-element_type=\"widget\" data-widget_type=\"spacer.default\">\n\t\t\t\t\t\t\t<div class=\"elementor-spacer\">\n\t\t\t<div class=\"elementor-spacer-inner\"><\/div>\n\t\t<\/div>\n\t\t\t\t\t\t<\/div>\n\t\t\t\t<div class=\"elementor-element elementor-element-68e4ff6 elementor-widget elementor-widget-image\" data-id=\"68e4ff6\" data-element_type=\"widget\" data-widget_type=\"image.default\">\n\t\t\t\t\t\t\t\t\t\t\t\t\t\t\t<img loading=\"lazy\" decoding=\"async\" width=\"1024\" height=\"683\" src=\"https:\/\/huset.se\/wp-content\/uploads\/2023\/09\/Go-green-transparent-1024x683.png\" class=\"attachment-large size-large wp-image-22945\" alt=\"\" srcset=\"https:\/\/huset.se\/wp-content\/uploads\/2023\/09\/Go-green-transparent-1024x683.png 1024w, https:\/\/huset.se\/wp-content\/uploads\/2023\/09\/Go-green-transparent-300x200.png 300w, https:\/\/huset.se\/wp-content\/uploads\/2023\/09\/Go-green-transparent-768x512.png 768w, https:\/\/huset.se\/wp-content\/uploads\/2023\/09\/Go-green-transparent-18x12.png 18w, https:\/\/huset.se\/wp-content\/uploads\/2023\/09\/Go-green-transparent-900x600.png 900w, https:\/\/huset.se\/wp-content\/uploads\/2023\/09\/Go-green-transparent-496x331.png 496w, https:\/\/huset.se\/wp-content\/uploads\/2023\/09\/Go-green-transparent.png 1170w\" sizes=\"(max-width: 1024px) 100vw, 1024px\">\t\t\t\t\t\t\t\t\t\t\t\t\t\t\t<\/div>\n\t\t\t\t<div class=\"elementor-element elementor-element-82ad304 elementor-widget elementor-widget-spacer\" data-id=\"82ad304\" data-element_type=\"widget\" data-widget_type=\"spacer.default\">\n\t\t\t\t\t\t\t<div class=\"elementor-spacer\">\n\t\t\t<div class=\"elementor-spacer-inner\"><\/div>\n\t\t<\/div>\n\t\t\t\t\t\t<\/div>\n\t\t\t\t<div class=\"elementor-element elementor-element-2441610 elementor-widget elementor-widget-heading\" data-id=\"2441610\" data-element_type=\"widget\" data-widget_type=\"heading.default\">\n\t\t\t\t\t<h2 class=\"elementor-heading-title elementor-size-default\">AGENDA 2030<\/h2>\t\t\t\t<\/div>\n\t\t\t\t<div class=\"elementor-element elementor-element-2bec1c9 elementor-drop-cap-yes elementor-drop-cap-view-default elementor-widget elementor-widget-text-editor\" data-id=\"2bec1c9\" data-element_type=\"widget\" data-settings=\"{&quot;drop_cap&quot;:&quot;yes&quot;}\" data-widget_type=\"text-editor.default\">\n\t\t\t\t\t\t\t\t\t<p>HUSET offre solo <strong>intelligente<\/strong> e <strong>adattato al mio<\/strong> soluzioni che non solo riducono le emissioni di carbonio, ma aumentano anche il valore della propriet\u00e0, eliminando gli speculatori disonesti e riducendo le indagini inutili.\u00a0<\/p><p>Con le riunioni digitali, i tour digitali e la realt\u00e0 aumentata, avete la possibilit\u00e0 di\u00a0<strong>ridurre l'impronta di carbonio<\/strong>\u00a0fino a diverse tonnellate di CO2 - per una societ\u00e0 pi\u00f9 sostenibile.<\/p><p>Con i nostri servizi digitali di alto livello, \u00e8\u00a0<strong>non necessario per gli speculatori<\/strong>\u00a0che\u00a0<strong>fisicamente devono visitare<\/strong>\u00a0la propriet\u00e0 - poich\u00e9 i nostri tour offrono informazioni pi\u00f9 dettagliate rispetto a una visita personale.<\/p><p>Con la Realt\u00e0 Aumentata, gli speculatori non hanno bisogno di visitare fisicamente la propriet\u00e0 per sperimentare e camminare intorno alla propriet\u00e0 per ottenere una migliore comprensione delle dimensioni reali della propriet\u00e0. <\/p><p>Con la semplice pressione di un tasto, direttamente tramite il browser, gli speculatori possono collocare e visualizzare l'immobile nel proprio ambiente in scala regolare 1:1 - lo chiamiamo <b>Viaggi a zero emissioni<\/b><\/p>\t\t\t\t\t\t\t\t<\/div>\n\t\t\t\t<div class=\"elementor-element elementor-element-d891a35 elementor-align-center elementor-widget elementor-widget-button\" data-id=\"d891a35\" data-element_type=\"widget\" data-widget_type=\"button.default\">\n\t\t\t\t\t\t\t\t\t\t<a class=\"elementor-button elementor-button-link elementor-size-sm\" href=\"https:\/\/huset.se\/kontakta_oss\/\">\n\t\t\t\t\t\t<span class=\"elementor-button-content-wrapper\">\n\t\t\t\t\t\t<span class=\"elementor-button-icon\">\n\t\t\t\t<svg aria-hidden=\"true\" class=\"e-font-icon-svg e-far-gem\" viewbox=\"0 0 576 512\" xmlns=\"http:\/\/www.w3.org\/2000\/svg\"><path d=\"M464 0H112c-4 0-7.8 2-10 5.4L2 152.6c-2.9 4.4-2.6 10.2.7 14.2l276 340.8c4.8 5.9 13.8 5.9 18.6 0l276-340.8c3.3-4.1 3.6-9.8.7-14.2L474.1 5.4C471.8 2 468.1 0 464 0zm-19.3 48l63.3 96h-68.4l-51.7-96h56.8zm-202.1 0h90.7l51.7 96H191l51.6-96zm-111.3 0h56.8l-51.7 96H68l63.3-96zm-43 144h51.4L208 352 88.3 192zm102.9 0h193.6L288 435.3 191.2 192zM368 352l68.2-160h51.4L368 352z\"><\/path><\/svg>\t\t\t<\/span>\n\t\t\t\t\t\t\t\t\t<span class=\"elementor-button-text\">Contattateci per un tour personalizzato<\/span>\n\t\t\t\t\t<\/span>\n\t\t\t\t\t<\/a>\n\t\t\t\t\t\t\t\t<\/div>\n\t\t\t\t<div class=\"elementor-element elementor-element-fd5687f elementor-widget elementor-widget-spacer\" data-id=\"fd5687f\" data-element_type=\"widget\" data-widget_type=\"spacer.default\">\n\t\t\t\t\t\t\t<div class=\"elementor-spacer\">\n\t\t\t<div class=\"elementor-spacer-inner\"><\/div>\n\t\t<\/div>\n\t\t\t\t\t\t<\/div>\n\t\t\t\t\t<\/div>\n\t\t<\/div>\n\t\t\t\t\t<\/div>\n\t\t<\/section>\n\t\t\t\t<\/div>","protected":false},"excerpt":{"rendered":"<p>NET Zero Con i meeting digitali, i tour digitali e la realt\u00e0 aumentata, avete l'opportunit\u00e0 di ridurre la vostra impronta di carbonio fino a diverse tonnellate di anidride carbonica CO2 Travel Naturalmente, quando invitate uno speculatore a un tour digitale, viene consumata energia in una sala server da qualche parte in Svezia. Tuttavia, \u00e8 difficile confrontare l'impronta di carbonio tra un tour digitale e un [...]<\/p>","protected":false},"author":26,"featured_media":0,"parent":0,"menu_order":0,"comment_status":"closed","ping_status":"closed","template":"template\/template-homepage.php","meta":{"_et_pb_use_builder":"","_et_pb_old_content":"","_et_gb_content_width":"","footnotes":""},"class_list":["post-23229","page","type-page","status-publish","hentry"],"_links":{"self":[{"href":"https:\/\/huset.se\/it\/wp-json\/wp\/v2\/pages\/23229","targetHints":{"allow":["GET"]}}],"collection":[{"href":"https:\/\/huset.se\/it\/wp-json\/wp\/v2\/pages"}],"about":[{"href":"https:\/\/huset.se\/it\/wp-json\/wp\/v2\/types\/page"}],"author":[{"embeddable":true,"href":"https:\/\/huset.se\/it\/wp-json\/wp\/v2\/users\/26"}],"replies":[{"embeddable":true,"href":"https:\/\/huset.se\/it\/wp-json\/wp\/v2\/comments?post=23229"}],"version-history":[{"count":0,"href":"https:\/\/huset.se\/it\/wp-json\/wp\/v2\/pages\/23229\/revisions"}],"wp:attachment":[{"href":"https:\/\/huset.se\/it\/wp-json\/wp\/v2\/media?parent=23229"}],"curies":[{"name":"wp","href":"https:\/\/api.w.org\/{rel}","templated":true}]}}