{"id":22145,"date":"2023-06-30T19:21:16","date_gmt":"2023-06-30T17:21:16","guid":{"rendered":"https:\/\/huset.se\/?page_id=22145"},"modified":"2024-05-17T15:14:28","modified_gmt":"2024-05-17T13:14:28","slug":"anvandarvillkor","status":"publish","type":"page","link":"https:\/\/huset.se\/it\/anvandarvillkor\/","title":{"rendered":"Termini e condizioni d'uso"},"content":{"rendered":"<div data-elementor-type=\"wp-page\" data-elementor-id=\"22145\" class=\"elementor elementor-22145\">\n\t\t\t\t\t\t<section class=\"elementor-section elementor-top-section elementor-element elementor-element-76f1ccc elementor-section-boxed elementor-section-height-default elementor-section-height-default\" data-id=\"76f1ccc\" data-element_type=\"section\" data-settings=\"{&quot;background_background&quot;:&quot;classic&quot;}\">\n\t\t\t\t\t\t<div class=\"elementor-container elementor-column-gap-default\">\n\t\t\t\t\t<div class=\"elementor-column elementor-col-100 elementor-top-column elementor-element elementor-element-73c27f2a\" data-id=\"73c27f2a\" data-element_type=\"column\">\n\t\t\t<div class=\"elementor-widget-wrap elementor-element-populated\">\n\t\t\t\t\t\t<div class=\"elementor-element elementor-element-a446e22 elementor-widget elementor-widget-spacer\" data-id=\"a446e22\" data-element_type=\"widget\" data-widget_type=\"spacer.default\">\n\t\t\t\t\t\t\t<div class=\"elementor-spacer\">\n\t\t\t<div class=\"elementor-spacer-inner\"><\/div>\n\t\t<\/div>\n\t\t\t\t\t\t<\/div>\n\t\t\t\t<div class=\"elementor-element elementor-element-4f2e8f4 elementor-widget elementor-widget-text-editor\" data-id=\"4f2e8f4\" data-element_type=\"widget\" data-widget_type=\"text-editor.default\">\n\t\t\t\t\t\t\t\t\t<h1 style=\"font-size: 2.53333rem;\">Termini e condizioni d'uso<br \/>La casa<\/h1><div>\u00a0<\/div><div><h3><span style=\"font-size: 19px; text-transform: none;\">Le presenti condizioni di utilizzo si applicano a\u00a0<\/span><img decoding=\"async\" style=\"font-size: 19px; text-transform: none;\" src=\"https:\/\/huset.se\/wp-content\/uploads\/2023\/06\/skyab.jpg\" alt=\"\" width=\"273\" height=\"19\"><span style=\"font-size: 19px; text-transform: none;\">s (n. org.\u00a0<\/span><img decoding=\"async\" style=\"font-size: 19px; text-transform: none;\" src=\"https:\/\/huset.se\/wp-content\/uploads\/2024\/05\/Org.jpg\" alt=\"\" width=\"102\" height=\"15\"><span style=\"font-size: 19px; text-transform: none;\">\u00a0- \"Huset.se\", \"<\/span><img decoding=\"async\" style=\"font-size: 19px; text-transform: none;\" src=\"https:\/\/huset.se\/wp-content\/uploads\/2024\/05\/ab.jpg\" alt=\"\" width=\"102\" height=\"15\"><span style=\"font-size: 19px; text-transform: none;\">\", o \"noi\") di huset.se e comprende tutti gli annunci e i contenuti pubblicati da Huset nei suoi vari canali di marketing (tutti i canali di marketing sono di seguito indicati collettivamente come \"Huset\"), indipendentemente dal modo in cui avviene la visita o dal modo in cui si accede ai contenuti del sito web www.huset.se.<\/span><\/h3><\/div><h3>1. diritti di propriet\u00e0 intellettuale<\/h3><p>Su Huset.se sono presenti contenuti protetti dalla legge sulla propriet\u00e0 intellettuale, incluso il copyright. Huset.se dispone di un database protetto dalla legge sul copyright. Il mancato rispetto dei termini di utilizzo pu\u00f2 comportare la violazione dei diritti di propriet\u00e0 intellettuale di Huset.se o dei licenziatari di Huset, con conseguenti sanzioni legali e obbligo di risarcimento.<br \/>L'uso commerciale o sistematico di Huset.se NON \u00e8 assolutamente consentito, cos\u00ec come \u00e8 vietato l'uso di servizi automatizzati, quali spider, robot o tecniche di indicizzazione per raccogliere o sfruttare in altro modo il contenuto di Huset.se. Indipendentemente dal metodo, non \u00e8 consentito copiare il contenuto di Huset.se o renderlo disponibile al pubblico.<\/p><h3>2. Collegamento alla casa<\/h3><p>Sono vietate tutte le forme di incorporazione e di \"hot-linking\". Il collegamento a Huset.se \u00e8 consentito, tuttavia Huset desidera che il visitatore sia trasferito al nostro dominio e che il link non sia integrato in altri siti web.<\/p><h3>3. Cosa si intende per uso autorizzato?<\/h3><p>Huset.se \u00e8 destinato al normale utilizzo da parte dei visitatori. \u00c8 consentito navigare, condividere e pubblicare link agli annunci immobiliari in vari canali. Se l'annuncio abitativo \u00e8 contrassegnato come \"privato\", \u00e8 severamente vietato tentare di accedere all'annuncio abitativo e\/o condividere queste informazioni con chiunque altro attraverso vari metodi, a meno che non si disponga di un'autorizzazione scritta da parte di huset.se.<\/p><h3><span style=\"font-size: 19px; text-transform: none;\">Ultimo aggiornamento il 2024-05-17<\/span><\/h3>\t\t\t\t\t\t\t\t<\/div>\n\t\t\t\t\t<\/div>\n\t\t<\/div>\n\t\t\t\t\t<\/div>\n\t\t<\/section>\n\t\t\t\t<\/div>","protected":false},"excerpt":{"rendered":"<p>Le presenti condizioni d'uso si applicano alla fornitura di huset.se (org.nr - \"Huset.se\", \"\", o \"noi\") e coprono tutti gli annunci e i contenuti pubblicati da Huset nei suoi vari canali di marketing (tutti i canali di marketing sono di seguito collettivamente indicati come \"Huset\"), indipendentemente dal modo in cui avviene la visita o dall'accesso ai contenuti del sito www.huset.se 1. Diritti di propriet\u00e0 intellettuale [...]<\/p>","protected":false},"author":26,"featured_media":0,"parent":0,"menu_order":0,"comment_status":"closed","ping_status":"closed","template":"elementor_header_footer","meta":{"_et_pb_use_builder":"","_et_pb_old_content":"","_et_gb_content_width":"","footnotes":""},"class_list":["post-22145","page","type-page","status-publish","hentry"],"_links":{"self":[{"href":"https:\/\/huset.se\/it\/wp-json\/wp\/v2\/pages\/22145","targetHints":{"allow":["GET"]}}],"collection":[{"href":"https:\/\/huset.se\/it\/wp-json\/wp\/v2\/pages"}],"about":[{"href":"https:\/\/huset.se\/it\/wp-json\/wp\/v2\/types\/page"}],"author":[{"embeddable":true,"href":"https:\/\/huset.se\/it\/wp-json\/wp\/v2\/users\/26"}],"replies":[{"embeddable":true,"href":"https:\/\/huset.se\/it\/wp-json\/wp\/v2\/comments?post=22145"}],"version-history":[{"count":10,"href":"https:\/\/huset.se\/it\/wp-json\/wp\/v2\/pages\/22145\/revisions"}],"predecessor-version":[{"id":25982,"href":"https:\/\/huset.se\/it\/wp-json\/wp\/v2\/pages\/22145\/revisions\/25982"}],"wp:attachment":[{"href":"https:\/\/huset.se\/it\/wp-json\/wp\/v2\/media?parent=22145"}],"curies":[{"name":"wp","href":"https:\/\/api.w.org\/{rel}","templated":true}]}}