{"id":27039,"date":"2025-05-20T17:00:11","date_gmt":"2025-05-20T15:00:11","guid":{"rendered":"https:\/\/huset.se\/?page_id=27039"},"modified":"2025-05-23T12:28:09","modified_gmt":"2025-05-23T10:28:09","slug":"nyproduktion","status":"publish","type":"page","link":"https:\/\/huset.se\/fr\/nyproduktion\/","title":{"rendered":"Nouvelle production"},"content":{"rendered":"<div data-elementor-type=\"wp-page\" data-elementor-id=\"27039\" class=\"elementor elementor-27039\">\n\t\t\t\t\t\t<section class=\"elementor-section elementor-top-section elementor-element elementor-element-413b6f6 elementor-section-height-min-height elementor-section-boxed elementor-section-height-default elementor-section-items-middle\" data-id=\"413b6f6\" data-element_type=\"section\" data-settings=\"{&quot;background_background&quot;:&quot;classic&quot;}\">\n\t\t\t\t\t\t<div class=\"elementor-container elementor-column-gap-default\">\n\t\t\t\t\t<div class=\"elementor-column elementor-col-100 elementor-top-column elementor-element elementor-element-2481df3\" data-id=\"2481df3\" data-element_type=\"column\">\n\t\t\t<div class=\"elementor-widget-wrap elementor-element-populated\">\n\t\t\t\t\t\t<section class=\"elementor-section elementor-inner-section elementor-element elementor-element-3bd056b elementor-section-boxed elementor-section-height-default elementor-section-height-default\" data-id=\"3bd056b\" data-element_type=\"section\">\n\t\t\t\t\t\t<div class=\"elementor-container elementor-column-gap-default\">\n\t\t\t\t\t<div class=\"elementor-column elementor-col-100 elementor-inner-column elementor-element elementor-element-f3c0f3d\" data-id=\"f3c0f3d\" data-element_type=\"column\">\n\t\t\t<div class=\"elementor-widget-wrap\">\n\t\t\t\t\t\t\t<\/div>\n\t\t<\/div>\n\t\t\t\t\t<\/div>\n\t\t<\/section>\n\t\t\t\t\t<\/div>\n\t\t<\/div>\n\t\t\t\t\t<\/div>\n\t\t<\/section>\n\t\t\t\t<section class=\"elementor-section elementor-top-section elementor-element elementor-element-298df88 elementor-section-content-middle elementor-section-boxed elementor-section-height-default elementor-section-height-default\" data-id=\"298df88\" data-element_type=\"section\" data-settings=\"{&quot;background_background&quot;:&quot;classic&quot;}\">\n\t\t\t\t\t\t<div class=\"elementor-container elementor-column-gap-no\">\n\t\t\t\t\t<div class=\"elementor-column elementor-col-100 elementor-top-column elementor-element elementor-element-e6d81c0\" data-id=\"e6d81c0\" data-element_type=\"column\">\n\t\t\t<div class=\"elementor-widget-wrap elementor-element-populated\">\n\t\t\t\t\t\t<div class=\"elementor-element elementor-element-afa40cc elementor-widget elementor-widget-text-editor\" data-id=\"afa40cc\" data-element_type=\"widget\" data-widget_type=\"text-editor.default\">\n\t\t\t\t\t\t\t\t\t<p class=\"\" data-start=\"562\" data-end=\"624\">Nouvelle construction - l'avenir du courtage immobilier<\/p>\t\t\t\t\t\t\t\t<\/div>\n\t\t\t\t<div class=\"elementor-element elementor-element-2508a4d elementor-widget elementor-widget-text-editor\" data-id=\"2508a4d\" data-element_type=\"widget\" data-widget_type=\"text-editor.default\">\n\t\t\t\t\t\t\t\t\t<p class=\"\" data-start=\"394\" data-end=\"660\">Le choix d'une nouvelle maison est une d\u00e9cision pleine de vision, d'anticipation et de d\u00e9tails. Avec les solutions num\u00e9riques de Huset pour les nouvelles constructions, nous portons cette exp\u00e9rience \u00e0 un niveau sup\u00e9rieur - o\u00f9 chaque m\u00e8tre carr\u00e9 peut \u00eatre explor\u00e9, personnalis\u00e9 et compris, avant qu'un seul pas ne soit fait sur le site.<\/p><h5 data-start=\"2059\" data-end=\"2323\"><strong><br \/>Pour les architectes, les constructeurs et les promoteurs immobiliers.<\/strong><\/h5><p class=\"\" data-start=\"2059\" data-end=\"2323\">Nos services num\u00e9riques ne s'adressent pas uniquement \u00e0 l'acheteur : ils rationalisent l'ensemble du processus pour les promoteurs immobiliers.<br data-start=\"2178\" data-end=\"2181\" \/>Vous disposez d'un environnement num\u00e9rique coh\u00e9rent dans lequel la visualisation, la s\u00e9lection et le suivi s'effectuent avec un contr\u00f4le total, une administration r\u00e9duite au minimum et une exp\u00e9rience maximale.<\/p><h5 data-start=\"2330\" data-end=\"2519\"><strong data-start=\"2330\" data-end=\"2385\"><br \/>Les b\u00e2timents du futur requi\u00e8rent les solutions du futur.<br \/><\/strong><\/h5><p class=\"\" data-start=\"2330\" data-end=\"2519\">Avec Huset, les nouvelles constructions ne sont pas seulement claires - elles sont inspirantes, efficaces et accessibles, de la premi\u00e8re \u00e0 la derni\u00e8re d\u00e9cision.<\/p>\t\t\t\t\t\t\t\t<\/div>\n\t\t\t\t\t<\/div>\n\t\t<\/div>\n\t\t\t\t\t<\/div>\n\t\t<\/section>\n\t\t\t\t<section class=\"elementor-section elementor-top-section elementor-element elementor-element-ceaff98 elementor-section-content-middle elementor-reverse-mobile elementor-reverse-tablet elementor-section-boxed elementor-section-height-default elementor-section-height-default\" data-id=\"ceaff98\" data-element_type=\"section\" data-settings=\"{&quot;background_background&quot;:&quot;classic&quot;}\">\n\t\t\t\t\t\t<div class=\"elementor-container elementor-column-gap-no\">\n\t\t\t\t\t<div class=\"elementor-column elementor-col-100 elementor-top-column elementor-element elementor-element-387c091\" data-id=\"387c091\" data-element_type=\"column\">\n\t\t\t<div class=\"elementor-widget-wrap elementor-element-populated\">\n\t\t\t\t\t\t<div class=\"elementor-element elementor-element-4882277 elementor-widget elementor-widget-image\" data-id=\"4882277\" data-element_type=\"widget\" data-widget_type=\"image.default\">\n\t\t\t\t\t\t\t\t\t\t\t\t\t\t\t<img fetchpriority=\"high\" decoding=\"async\" width=\"1113\" height=\"593\" src=\"https:\/\/huset.se\/wp-content\/uploads\/2024\/03\/bostadsvaljaren_preview.jpg\" class=\"attachment-full size-full wp-image-25014\" alt=\"Mod\u00e8le de maison de quartier pour les projets de logement sur Huset.se, le centre pour le mode de vie urbain.\" srcset=\"https:\/\/huset.se\/wp-content\/uploads\/2024\/03\/bostadsvaljaren_preview.jpg 1113w, https:\/\/huset.se\/wp-content\/uploads\/2024\/03\/bostadsvaljaren_preview-300x160.webp 300w, https:\/\/huset.se\/wp-content\/uploads\/2024\/03\/bostadsvaljaren_preview-1024x546.webp 1024w, https:\/\/huset.se\/wp-content\/uploads\/2024\/03\/bostadsvaljaren_preview-768x409.webp 768w, https:\/\/huset.se\/wp-content\/uploads\/2024\/03\/bostadsvaljaren_preview-18x10.webp 18w, https:\/\/huset.se\/wp-content\/uploads\/2024\/03\/bostadsvaljaren_preview-496x264.webp 496w\" sizes=\"(max-width: 1113px) 100vw, 1113px\" \/>\t\t\t\t\t\t\t\t\t\t\t\t\t\t\t<\/div>\n\t\t\t\t\t<\/div>\n\t\t<\/div>\n\t\t\t\t\t<\/div>\n\t\t<\/section>\n\t\t\t\t<section class=\"elementor-section elementor-top-section elementor-element elementor-element-421fa8c elementor-section-content-middle elementor-section-boxed elementor-section-height-default elementor-section-height-default\" data-id=\"421fa8c\" data-element_type=\"section\" data-settings=\"{&quot;background_background&quot;:&quot;classic&quot;}\">\n\t\t\t\t\t\t<div class=\"elementor-container elementor-column-gap-no\">\n\t\t\t\t\t<div class=\"elementor-column elementor-col-100 elementor-top-column elementor-element elementor-element-118dea6\" data-id=\"118dea6\" data-element_type=\"column\">\n\t\t\t<div class=\"elementor-widget-wrap elementor-element-populated\">\n\t\t\t\t\t\t<div class=\"elementor-element elementor-element-57f46a0 elementor-widget elementor-widget-text-editor\" data-id=\"57f46a0\" data-element_type=\"widget\" data-widget_type=\"text-editor.default\">\n\t\t\t\t\t\t\t\t\t<p>Le s\u00e9lecteur de logement - de la vue d'ensemble \u00e0 la compr\u00e9hension<\/p>\t\t\t\t\t\t\t\t<\/div>\n\t\t\t\t<div class=\"elementor-element elementor-element-8107d98 elementor-widget elementor-widget-text-editor\" data-id=\"8107d98\" data-element_type=\"widget\" data-widget_type=\"text-editor.default\">\n\t\t\t\t\t\t\t\t\t<p class=\"\" data-start=\"1092\" data-end=\"1413\">Le Home Selector est un outil interactif qui permet de visualiser facilement l'ensemble du projet et de se plonger dans chaque maison. Les clients peuvent naviguer d'un \u00e9tage \u00e0 l'autre, comparer les emplacements, t\u00e9l\u00e9charger les plans, voir les directions et acc\u00e9der \u00e0 toutes les informations pertinentes, le tout dans une interface intuitive et \u00e9l\u00e9gante.<\/p><p class=\"\" data-start=\"1415\" data-end=\"1545\">Chaque condominium peut \u00e9galement faire l'objet d'une exp\u00e9rience en RV, ce qui permet de se faire une id\u00e9e r\u00e9aliste de la vie dans le nouveau logement, avant m\u00eame qu'il ne soit construit. <a href=\"https:\/\/huset.se\/bostadsvaljare\/\">En savoir plus sur le s\u00e9lecteur de logement<\/a><\/p>\t\t\t\t\t\t\t\t<\/div>\n\t\t\t\t\t<\/div>\n\t\t<\/div>\n\t\t\t\t\t<\/div>\n\t\t<\/section>\n\t\t\t\t<section class=\"elementor-section elementor-top-section elementor-element elementor-element-aa599a3 elementor-section-boxed elementor-section-height-default elementor-section-height-default\" data-id=\"aa599a3\" data-element_type=\"section\" data-settings=\"{&quot;background_background&quot;:&quot;classic&quot;}\">\n\t\t\t\t\t\t<div class=\"elementor-container elementor-column-gap-default\">\n\t\t\t\t\t<div class=\"elementor-column elementor-col-100 elementor-top-column elementor-element elementor-element-bb233cc\" data-id=\"bb233cc\" data-element_type=\"column\">\n\t\t\t<div class=\"elementor-widget-wrap elementor-element-populated\">\n\t\t\t\t\t\t<div class=\"elementor-element elementor-element-76e9f13 elementor-widget elementor-widget-spacer\" data-id=\"76e9f13\" data-element_type=\"widget\" data-widget_type=\"spacer.default\">\n\t\t\t\t\t\t\t<div class=\"elementor-spacer\">\n\t\t\t<div class=\"elementor-spacer-inner\"><\/div>\n\t\t<\/div>\n\t\t\t\t\t\t<\/div>\n\t\t\t\t\t<\/div>\n\t\t<\/div>\n\t\t\t\t\t<\/div>\n\t\t<\/section>\n\t\t\t\t<section class=\"elementor-section elementor-top-section elementor-element elementor-element-f44eedd elementor-section-content-middle elementor-reverse-mobile elementor-reverse-tablet elementor-section-boxed elementor-section-height-default elementor-section-height-default\" data-id=\"f44eedd\" data-element_type=\"section\" data-settings=\"{&quot;background_background&quot;:&quot;classic&quot;}\">\n\t\t\t\t\t\t<div class=\"elementor-container elementor-column-gap-no\">\n\t\t\t\t\t<div class=\"elementor-column elementor-col-100 elementor-top-column elementor-element elementor-element-aca57cc\" data-id=\"aca57cc\" data-element_type=\"column\">\n\t\t\t<div class=\"elementor-widget-wrap elementor-element-populated\">\n\t\t\t\t\t\t<div class=\"elementor-element elementor-element-d297611 elementor-widget elementor-widget-image\" data-id=\"d297611\" data-element_type=\"widget\" data-widget_type=\"image.default\">\n\t\t\t\t\t\t\t\t\t\t\t\t\t\t\t<img decoding=\"async\" width=\"2560\" height=\"1707\" src=\"https:\/\/huset.se\/wp-content\/uploads\/2023\/12\/kok-scaled.jpg\" class=\"attachment-full size-full wp-image-23691\" alt=\"Texte Alta : Cuisine moderne avec des armoires grises, une cuisini\u00e8re \u00e0 gaz et des \u00e9quipements de cuisine dans des tons clairs.\" srcset=\"https:\/\/huset.se\/wp-content\/uploads\/2023\/12\/kok-scaled.jpg 2560w, https:\/\/huset.se\/wp-content\/uploads\/2023\/12\/kok-300x200.jpg 300w, https:\/\/huset.se\/wp-content\/uploads\/2023\/12\/kok-1024x683.jpg 1024w, https:\/\/huset.se\/wp-content\/uploads\/2023\/12\/kok-768x512.jpg 768w, https:\/\/huset.se\/wp-content\/uploads\/2023\/12\/kok-1536x1024.jpg 1536w, https:\/\/huset.se\/wp-content\/uploads\/2023\/12\/kok-2048x1365.jpg 2048w, https:\/\/huset.se\/wp-content\/uploads\/2023\/12\/kok-18x12.jpg 18w, https:\/\/huset.se\/wp-content\/uploads\/2023\/12\/kok-900x600.jpg 900w, https:\/\/huset.se\/wp-content\/uploads\/2023\/12\/kok-496x331.jpg 496w\" sizes=\"(max-width: 2560px) 100vw, 2560px\" \/>\t\t\t\t\t\t\t\t\t\t\t\t\t\t\t<\/div>\n\t\t\t\t\t<\/div>\n\t\t<\/div>\n\t\t\t\t\t<\/div>\n\t\t<\/section>\n\t\t\t\t<section class=\"elementor-section elementor-top-section elementor-element elementor-element-f1f4f8a elementor-section-content-middle elementor-section-boxed elementor-section-height-default elementor-section-height-default\" data-id=\"f1f4f8a\" data-element_type=\"section\" data-settings=\"{&quot;background_background&quot;:&quot;classic&quot;}\">\n\t\t\t\t\t\t<div class=\"elementor-container elementor-column-gap-no\">\n\t\t\t\t\t<div class=\"elementor-column elementor-col-100 elementor-top-column elementor-element elementor-element-76b7597\" data-id=\"76b7597\" data-element_type=\"column\">\n\t\t\t<div class=\"elementor-widget-wrap elementor-element-populated\">\n\t\t\t\t\t\t<div class=\"elementor-element elementor-element-3d49b97 elementor-widget elementor-widget-text-editor\" data-id=\"3d49b97\" data-element_type=\"widget\" data-widget_type=\"text-editor.default\">\n\t\t\t\t\t\t\t\t\t<p>Le configurateur - personnalisez votre maison<\/p>\t\t\t\t\t\t\t\t<\/div>\n\t\t\t\t<div class=\"elementor-element elementor-element-043dcc9 elementor-widget elementor-widget-text-editor\" data-id=\"043dcc9\" data-element_type=\"widget\" data-widget_type=\"text-editor.default\">\n\t\t\t\t\t\t\t\t\t<p class=\"\" data-start=\"1600\" data-end=\"1857\">Notre configurateur exclusif offre un syst\u00e8me d'options sophistiqu\u00e9 qui permet aux acheteurs de personnaliser leur maison selon leurs propres go\u00fbts. Gr\u00e2ce \u00e0 des packs d'inspiration et \u00e0 des concepts de style, le client peut choisir des solutions d'am\u00e9nagement int\u00e9rieur, des mat\u00e9riaux et des gammes de couleurs, directement dans l'outil.<\/p><p class=\"\" data-start=\"1859\" data-end=\"1993\">Les choix sont clairement visualis\u00e9s en temps r\u00e9el et une vue d'ensemble compl\u00e8te est automatiquement g\u00e9n\u00e9r\u00e9e, pr\u00eate \u00e0 \u00eatre int\u00e9gr\u00e9e dans la gestion de projet et les achats. <a href=\"https:\/\/huset.se\/konfigurator\/\">En savoir plus sur le configurateur<\/a><\/p>\t\t\t\t\t\t\t\t<\/div>\n\t\t\t\t\t<\/div>\n\t\t<\/div>\n\t\t\t\t\t<\/div>\n\t\t<\/section>\n\t\t\t\t<\/div>","protected":false},"excerpt":{"rendered":"<p>Nouvelle construction - d\u00e9couvrez l'avenir de l'immobilier Choisir une nouvelle maison est une d\u00e9cision pleine de vision, d'anticipation et de d\u00e9tails. Avec les solutions num\u00e9riques de Huset pour les nouvelles constructions, nous portons cette exp\u00e9rience \u00e0 un niveau sup\u00e9rieur - o\u00f9 chaque m\u00e8tre carr\u00e9 peut \u00eatre explor\u00e9, personnalis\u00e9 et compris, avant qu'un seul pas ne soit fait sur le site. Pour les architectes, les constructeurs et les promoteurs immobiliers. Nos [...]<\/p>","protected":false},"author":25,"featured_media":0,"parent":0,"menu_order":0,"comment_status":"closed","ping_status":"closed","template":"template\/template-homepage.php","meta":{"_et_pb_use_builder":"","_et_pb_old_content":"","_et_gb_content_width":"","footnotes":""},"class_list":["post-27039","page","type-page","status-publish","hentry"],"_links":{"self":[{"href":"https:\/\/huset.se\/fr\/wp-json\/wp\/v2\/pages\/27039","targetHints":{"allow":["GET"]}}],"collection":[{"href":"https:\/\/huset.se\/fr\/wp-json\/wp\/v2\/pages"}],"about":[{"href":"https:\/\/huset.se\/fr\/wp-json\/wp\/v2\/types\/page"}],"author":[{"embeddable":true,"href":"https:\/\/huset.se\/fr\/wp-json\/wp\/v2\/users\/25"}],"replies":[{"embeddable":true,"href":"https:\/\/huset.se\/fr\/wp-json\/wp\/v2\/comments?post=27039"}],"version-history":[{"count":19,"href":"https:\/\/huset.se\/fr\/wp-json\/wp\/v2\/pages\/27039\/revisions"}],"predecessor-version":[{"id":27736,"href":"https:\/\/huset.se\/fr\/wp-json\/wp\/v2\/pages\/27039\/revisions\/27736"}],"wp:attachment":[{"href":"https:\/\/huset.se\/fr\/wp-json\/wp\/v2\/media?parent=27039"}],"curies":[{"name":"wp","href":"https:\/\/api.w.org\/{rel}","templated":true}]}}