{"id":27009,"date":"2025-05-20T16:25:51","date_gmt":"2025-05-20T14:25:51","guid":{"rendered":"https:\/\/huset.se\/?page_id=27009"},"modified":"2025-06-12T11:18:39","modified_gmt":"2025-06-12T09:18:39","slug":"ai-saljassistent","status":"publish","type":"page","link":"https:\/\/huset.se\/fr\/ai-saljassistent\/","title":{"rendered":"Assistant commercial Ai"},"content":{"rendered":"<div data-elementor-type=\"wp-page\" data-elementor-id=\"27009\" class=\"elementor elementor-27009\">\n\t\t\t\t\t\t<section class=\"elementor-section elementor-top-section elementor-element elementor-element-413b6f6 elementor-section-height-min-height elementor-section-boxed elementor-section-height-default elementor-section-items-middle\" data-id=\"413b6f6\" data-element_type=\"section\" data-settings=\"{&quot;background_background&quot;:&quot;classic&quot;}\">\n\t\t\t\t\t\t<div class=\"elementor-container elementor-column-gap-default\">\n\t\t\t\t\t<div class=\"elementor-column elementor-col-100 elementor-top-column elementor-element elementor-element-2481df3\" data-id=\"2481df3\" data-element_type=\"column\">\n\t\t\t<div class=\"elementor-widget-wrap elementor-element-populated\">\n\t\t\t\t\t\t<section class=\"elementor-section elementor-inner-section elementor-element elementor-element-3bd056b elementor-section-boxed elementor-section-height-default elementor-section-height-default\" data-id=\"3bd056b\" data-element_type=\"section\">\n\t\t\t\t\t\t<div class=\"elementor-container elementor-column-gap-default\">\n\t\t\t\t\t<div class=\"elementor-column elementor-col-100 elementor-inner-column elementor-element elementor-element-f3c0f3d\" data-id=\"f3c0f3d\" data-element_type=\"column\">\n\t\t\t<div class=\"elementor-widget-wrap\">\n\t\t\t\t\t\t\t<\/div>\n\t\t<\/div>\n\t\t\t\t\t<\/div>\n\t\t<\/section>\n\t\t\t\t\t<\/div>\n\t\t<\/div>\n\t\t\t\t\t<\/div>\n\t\t<\/section>\n\t\t\t\t<section class=\"elementor-section elementor-top-section elementor-element elementor-element-a2b7ec5 elementor-section-content-middle elementor-reverse-mobile elementor-reverse-tablet elementor-section-boxed elementor-section-height-default elementor-section-height-default\" data-id=\"a2b7ec5\" data-element_type=\"section\" data-settings=\"{&quot;background_background&quot;:&quot;classic&quot;}\">\n\t\t\t\t\t\t<div class=\"elementor-container elementor-column-gap-no\">\n\t\t\t\t\t<div class=\"elementor-column elementor-col-100 elementor-top-column elementor-element elementor-element-4aa6921\" data-id=\"4aa6921\" data-element_type=\"column\">\n\t\t\t<div class=\"elementor-widget-wrap\">\n\t\t\t\t\t\t\t<\/div>\n\t\t<\/div>\n\t\t\t\t\t<\/div>\n\t\t<\/section>\n\t\t\t\t<section class=\"elementor-section elementor-top-section elementor-element elementor-element-d299de9 elementor-section-content-middle elementor-section-boxed elementor-section-height-default elementor-section-height-default\" data-id=\"d299de9\" data-element_type=\"section\" data-settings=\"{&quot;background_background&quot;:&quot;classic&quot;}\">\n\t\t\t\t\t\t<div class=\"elementor-container elementor-column-gap-no\">\n\t\t\t\t\t<div class=\"elementor-column elementor-col-100 elementor-top-column elementor-element elementor-element-f87bdfe\" data-id=\"f87bdfe\" data-element_type=\"column\">\n\t\t\t<div class=\"elementor-widget-wrap elementor-element-populated\">\n\t\t\t\t\t\t<div class=\"elementor-element elementor-element-9158a97 elementor-widget elementor-widget-text-editor\" data-id=\"9158a97\" data-element_type=\"widget\" data-widget_type=\"text-editor.default\">\n\t\t\t\t\t\t\t\t\t<p>AI Sales Assistant &amp; Digital Viewing - votre premier contact le plus efficace<\/p>\t\t\t\t\t\t\t\t<\/div>\n\t\t\t\t<div class=\"elementor-element elementor-element-c260c55 elementor-widget elementor-widget-text-editor\" data-id=\"c260c55\" data-element_type=\"widget\" data-widget_type=\"text-editor.default\">\n\t\t\t\t\t\t\t\t\t<p class=\"\" data-start=\"281\" data-end=\"418\">La vente ou la location d'un bien immobilier exige rapidit\u00e9, pr\u00e9cision et disponibilit\u00e9, mais cela ne doit pas vous prendre tout votre temps.<\/p>\n<p class=\"\" data-start=\"420\" data-end=\"611\">M\u00e9d. <strong data-start=\"424\" data-end=\"474\">Visites de maisons num\u00e9riques et assistant de vente IA<\/strong> vous b\u00e9n\u00e9ficiez d'une solution compl\u00e8te qui g\u00e8re le premier contact avec le client, les demandes de renseignements et la qualification - automatiquement, 24 heures sur 24, 7 jours sur 7 et dans plusieurs langues.<\/p>\t\t\t\t\t\t\t\t<\/div>\n\t\t\t\t<div class=\"elementor-element elementor-element-e6e1800 elementor-widget elementor-widget-spacer\" data-id=\"e6e1800\" data-element_type=\"widget\" data-widget_type=\"spacer.default\">\n\t\t\t\t\t\t\t<div class=\"elementor-spacer\">\n\t\t\t<div class=\"elementor-spacer-inner\"><\/div>\n\t\t<\/div>\n\t\t\t\t\t\t<\/div>\n\t\t\t\t<div class=\"elementor-element elementor-element-97a82c7 elementor-widget elementor-widget-text-editor\" data-id=\"97a82c7\" data-element_type=\"widget\" data-widget_type=\"text-editor.default\">\n\t\t\t\t\t\t\t\t\t<p>L\u00e0 o\u00f9 le service rencontre la pr\u00e9cision sophistiqu\u00e9e.<\/p>\t\t\t\t\t\t\t\t<\/div>\n\t\t\t\t<div class=\"elementor-element elementor-element-c205852 elementor-widget elementor-widget-text-editor\" data-id=\"c205852\" data-element_type=\"widget\" data-widget_type=\"text-editor.default\">\n\t\t\t\t\t\t\t\t\t<p class=\"\" data-start=\"281\" data-end=\"418\">Comment \u00e7a marche - Du premier clic au lead qualifi\u00e9 :<\/p>\t\t\t\t\t\t\t\t<\/div>\n\t\t\t\t<div class=\"elementor-element elementor-element-967c706 elementor-widget elementor-widget-text-editor\" data-id=\"967c706\" data-element_type=\"widget\" data-widget_type=\"text-editor.default\">\n\t\t\t\t\t\t\t\t\t<ol><li><u><b>Premier contact - \u00e0 vos conditions <\/b><\/u><p>Le voyage peut commencer de diff\u00e9rentes mani\u00e8res, selon la fa\u00e7on dont vous souhaitez pr\u00e9senter votre bien. Soit vous laissez le client appeler directement notre assistant de vente IA via un num\u00e9ro de t\u00e9l\u00e9phone figurant dans l'annonce. L'assistant pr\u00e9sente le bien, r\u00e9pond aux questions et envoie un lien SMS personnalis\u00e9 vers la visualisation num\u00e9rique.<br \/>Ou bien le client a d\u00e9j\u00e0 acc\u00e8s \u00e0 une visite num\u00e9rique - o\u00f9 il peut contacter l'assistant IA \u00e0 tout moment, en un clic, pour obtenir des conseils exclusifs et des informations approfondies.<\/p><\/li><li><b><u>La visite num\u00e9rique - une exp\u00e9rience extraordinaire <\/u><\/b><p>Gr\u00e2ce \u00e0 notre vue 3D interactive, les clients peuvent se promener librement dans la propri\u00e9t\u00e9, d\u00e9couvrir les d\u00e9tails, comprendre l'agencement et d\u00e9couvrir le caract\u00e8re des pi\u00e8ces - \u00e0 leur propre rythme, directement via un t\u00e9l\u00e9phone portable, une tablette ou un ordinateur.<\/p><\/li><li><b><u>Dialogue direct - lorsque des questions se posent <\/u><\/b><p>Quel que soit le point d'entr\u00e9e, notre assistant commercial IA est toujours pr\u00eat. Avec pr\u00e9cision, professionnalisme et une approche digne de confiance, il r\u00e9pond aux questions, guide davantage - et laisse l'int\u00e9r\u00eat m\u00fbrir en d\u00e9cisions.<\/p><\/li><li><b><u>Des r\u00e9ponses \u00e0 toutes vos questions sur l'immobilier - dans la bonne langue <\/u><\/b><p>L'assistant IA peut r\u00e9pondre \u00e0 des questions d\u00e9taill\u00e9es telles que : Prix par m\u00e8tre carr\u00e9 ? L'eau, le chauffage ou l'\u00e9lectricit\u00e9 sont-ils inclus dans le loyer ? Y a-t-il un parking ? Quelle est la largeur de la porte ? Quelle est la hauteur du plafond ? Les locaux sont-ils adapt\u00e9s aux personnes handicap\u00e9es ?\u00a0<\/p><p>L'IA communique en plusieurs langues : su\u00e9dois, anglais, norv\u00e9gien, danois, allemand, finnois, fran\u00e7ais, italien, cor\u00e9en, chinois, japonais, espagnol, hindi, grec, bulgare, vietnamien et autres, ce qui permet de r\u00e9pondre facilement aux besoins des parties prenantes nationales et internationales.<br \/><br \/><\/p><\/li><li><b><u>Lorsqu'un contact personnalis\u00e9 est demand\u00e9<\/u><\/b><br \/><p data-start=\"94\" data-end=\"348\">Si un contact direct est demand\u00e9, la demande est transmise \u00e0 l'agent immobilier ou au propri\u00e9taire responsable - rapidement, discr\u00e8tement et avec la plus grande finesse. Le client en est inform\u00e9 avec le m\u00eame soin que celui apport\u00e9 \u00e0 l'ensemble de l'exp\u00e9rience.<\/p><p data-start=\"350\" data-end=\"607\" data-is-last-node=\"\" data-is-only-node=\"\">Notre assistant de vente IA n'est pas seulement une r\u00e9ponse aux questions - c'est un conseiller technologique, toujours pr\u00eat \u00e0 guider, \u00e0 r\u00e9server des visites priv\u00e9es et \u00e0 personnaliser les informations en fonction des besoins de chaque client unique. Un assistant num\u00e9rique de classe mondiale, \u00e0 votre service - vingt-quatre heures sur vingt-quatre.<\/p><\/li><li><b><u>Enfin, la conversation est r\u00e9sum\u00e9e - vous passez \u00e0 l'\u00e9tape suivante<\/u><\/b><br \/>Chaque appel est automatiquement analys\u00e9 et r\u00e9sum\u00e9 dans un rapport clair qui est envoy\u00e9 \u00e0 la personne de contact responsable. Vous pouvez ainsi savoir exactement ce qui int\u00e9resse le client et d\u00e9cider rapidement s'il s'agit d'une piste \u00e0 exploiter.<\/li><\/ol>\t\t\t\t\t\t\t\t<\/div>\n\t\t\t\t<div class=\"elementor-element elementor-element-ad47aa6 elementor-widget elementor-widget-spacer\" data-id=\"ad47aa6\" data-element_type=\"widget\" data-widget_type=\"spacer.default\">\n\t\t\t\t\t\t\t<div class=\"elementor-spacer\">\n\t\t\t<div class=\"elementor-spacer-inner\"><\/div>\n\t\t<\/div>\n\t\t\t\t\t\t<\/div>\n\t\t\t\t<div class=\"elementor-element elementor-element-0e56fc4 elementor-widget elementor-widget-text-editor\" data-id=\"0e56fc4\" data-element_type=\"widget\" data-widget_type=\"text-editor.default\">\n\t\t\t\t\t\t\t\t\t<p>L'IA qui \u00e9coute, qualifie et r\u00e9sume - automatiquement<\/p>\t\t\t\t\t\t\t\t<\/div>\n\t\t\t\t<div class=\"elementor-element elementor-element-afa8b10 elementor-widget elementor-widget-text-editor\" data-id=\"afa8b10\" data-element_type=\"widget\" data-widget_type=\"text-editor.default\">\n\t\t\t\t\t\t\t\t\t<p class=\"\" data-start=\"2040\" data-end=\"2164\">Ce qui fait la force de cette solution, ce n'est pas seulement la capacit\u00e9 de l'IA \u00e0 r\u00e9pondre aux questions, mais aussi ce qui se passe. <strong data-start=\"2145\" data-end=\"2163\">apr\u00e8s l'appel<\/strong>:<\/p><blockquote data-start=\"2166\" data-end=\"2289\"><p class=\"\" data-start=\"2168\" data-end=\"2289\">Imaginez qu'un sp\u00e9culateur appelle \u00e0 21h30 de Londres et demande :<br \/>\"Y a-t-il de la fibre optique ? L'eau est-elle comprise dans le loyer ?\u00a0<\/p><\/blockquote><ol data-start=\"836\" data-end=\"1961\"><li class=\"\" data-start=\"1694\" data-end=\"1961\">L'IA r\u00e9pond instantan\u00e9ment - et vous disposez d'un r\u00e9sum\u00e9 professionnel pr\u00eat \u00e0 l'emploi dans votre bo\u00eete de r\u00e9ception d\u00e8s la fin de l'appel.\u00a0<\/li><\/ol>\t\t\t\t\t\t\t\t<\/div>\n\t\t\t\t<div class=\"elementor-element elementor-element-cb9f238 elementor-widget elementor-widget-spacer\" data-id=\"cb9f238\" data-element_type=\"widget\" data-widget_type=\"spacer.default\">\n\t\t\t\t\t\t\t<div class=\"elementor-spacer\">\n\t\t\t<div class=\"elementor-spacer-inner\"><\/div>\n\t\t<\/div>\n\t\t\t\t\t\t<\/div>\n\t\t\t\t<div class=\"elementor-element elementor-element-fedb202 elementor-widget elementor-widget-image\" data-id=\"fedb202\" data-element_type=\"widget\" data-widget_type=\"image.default\">\n\t\t\t\t\t\t\t\t\t\t\t\t\t\t\t<img fetchpriority=\"high\" decoding=\"async\" width=\"1000\" height=\"571\" src=\"https:\/\/huset.se\/wp-content\/uploads\/2024\/04\/Ai-huset.jpg\" class=\"attachment-full size-full wp-image-25847\" alt=\"L&#039;IA et les technologies num\u00e9riques en point de mire.\" srcset=\"https:\/\/huset.se\/wp-content\/uploads\/2024\/04\/Ai-huset.jpg 1000w, https:\/\/huset.se\/wp-content\/uploads\/2024\/04\/Ai-huset-300x171.jpg 300w, https:\/\/huset.se\/wp-content\/uploads\/2024\/04\/Ai-huset-768x439.jpg 768w, https:\/\/huset.se\/wp-content\/uploads\/2024\/04\/Ai-huset-18x10.jpg 18w, https:\/\/huset.se\/wp-content\/uploads\/2024\/04\/Ai-huset-496x283.jpg 496w\" sizes=\"(max-width: 1000px) 100vw, 1000px\" \/>\t\t\t\t\t\t\t\t\t\t\t\t\t\t\t<\/div>\n\t\t\t\t<div class=\"elementor-element elementor-element-195877d elementor-widget elementor-widget-text-editor\" data-id=\"195877d\" data-element_type=\"widget\" data-widget_type=\"text-editor.default\">\n\t\t\t\t\t\t\t\t\t<p>Des r\u00e9sultats imm\u00e9diatement perceptibles<\/p>\t\t\t\t\t\t\t\t<\/div>\n\t\t\t\t<div class=\"elementor-element elementor-element-aa46c10 elementor-widget elementor-widget-text-editor\" data-id=\"aa46c10\" data-element_type=\"widget\" data-widget_type=\"text-editor.default\">\n\t\t\t\t\t\t\t\t\t<ul data-start=\"2433\" data-end=\"2849\"><li class=\"\" data-start=\"2433\" data-end=\"2515\"><p class=\"\" data-start=\"2435\" data-end=\"2515\">Neuf <strong data-start=\"2438\" data-end=\"2473\">capter plus rapidement les clients les plus int\u00e9ressants<\/strong> - sans \u00eatre li\u00e9 aux heures de bureau.<\/p><\/li><li class=\"\" data-start=\"2516\" data-end=\"2599\"><p class=\"\" data-start=\"2518\" data-end=\"2599\">Neuf <strong data-start=\"2521\" data-end=\"2553\">passe du temps avec les bons contacts<\/strong> - et \u00e9viter les conversations sans issue.<\/p><\/li><li class=\"\" data-start=\"2600\" data-end=\"2686\"><p class=\"\" data-start=\"2602\" data-end=\"2686\">Neuf <strong data-start=\"2605\" data-end=\"2631\">r\u00e9duit les besoins en main-d'\u0153uvre<\/strong> - L'IA s'occupe de ce qui n\u00e9cessitait auparavant l'intervention d'assistants.<\/p><\/li><li class=\"\" data-start=\"2687\" data-end=\"2766\"><p class=\"\" data-start=\"2689\" data-end=\"2766\">Neuf <strong data-start=\"2692\" data-end=\"2719\">offre un meilleur service<\/strong> - disponible dans la langue du client, \u00e0 toute heure du jour et de la nuit.<\/p><\/li><li class=\"\" data-start=\"2767\" data-end=\"2849\"><p class=\"\" data-start=\"2769\" data-end=\"2849\">Neuf <strong data-start=\"2772\" data-end=\"2795\">augmente la conversion<\/strong> - gr\u00e2ce \u00e0 des r\u00e9ponses imm\u00e9diates et \u00e0 un parcours client sans friction.<\/p><\/li><\/ul>\t\t\t\t\t\t\t\t<\/div>\n\t\t\t\t<div class=\"elementor-element elementor-element-6a6c50e elementor-widget elementor-widget-spacer\" data-id=\"6a6c50e\" data-element_type=\"widget\" data-widget_type=\"spacer.default\">\n\t\t\t\t\t\t\t<div class=\"elementor-spacer\">\n\t\t\t<div class=\"elementor-spacer-inner\"><\/div>\n\t\t<\/div>\n\t\t\t\t\t\t<\/div>\n\t\t\t\t<div class=\"elementor-element elementor-element-9a98c96 elementor-widget elementor-widget-text-editor\" data-id=\"9a98c96\" data-element_type=\"widget\" data-widget_type=\"text-editor.default\">\n\t\t\t\t\t\t\t\t\t<p>Une nouvelle norme pour l'exp\u00e9rience et la communication en mati\u00e8re de propri\u00e9t\u00e9 commerciale<\/p>\t\t\t\t\t\t\t\t<\/div>\n\t\t\t\t<div class=\"elementor-element elementor-element-d6581ac elementor-widget elementor-widget-text-editor\" data-id=\"d6581ac\" data-element_type=\"widget\" data-widget_type=\"text-editor.default\">\n\t\t\t\t\t\t\t\t\t<p class=\"\" data-start=\"2938\" data-end=\"3161\">Avec l'assistant de vente IA et les tourn\u00e9es num\u00e9riques de Huset, vous n'obtenez pas seulement une solution technique intelligente - vous obtenez un canal de communication professionnel et \u00e9volutif qui vous permet de vous concentrer sur ce qui n\u00e9cessite r\u00e9ellement votre implication personnelle.<\/p><p class=\"\" data-start=\"3163\" data-end=\"3248\"><strong data-start=\"3163\" data-end=\"3248\">Il est temps d'arr\u00eater de r\u00e9pondre aux m\u00eames questions et de commencer \u00e0 consacrer du temps aux bonnes activit\u00e9s.<\/strong><\/p>\t\t\t\t\t\t\t\t<\/div>\n\t\t\t\t\t<\/div>\n\t\t<\/div>\n\t\t\t\t\t<\/div>\n\t\t<\/section>\n\t\t\t\t<\/div>","protected":false},"excerpt":{"rendered":"<p>L'assistant de vente AI et la visualisation num\u00e9rique - votre premier contact le plus efficace La vente ou la location d'un bien immobilier exige rapidit\u00e9, pr\u00e9cision et disponibilit\u00e9 - mais cela ne devrait pas vous prendre tout votre temps. Avec les visites num\u00e9riques et l'assistant de vente IA de Huset, vous disposez d'une solution compl\u00e8te qui g\u00e8re le premier contact, les questions et la qualification des clients - automatiquement, 24 heures sur 24 [...]<\/p>","protected":false},"author":25,"featured_media":0,"parent":0,"menu_order":0,"comment_status":"closed","ping_status":"closed","template":"template\/template-homepage.php","meta":{"_et_pb_use_builder":"","_et_pb_old_content":"","_et_gb_content_width":"","footnotes":""},"class_list":["post-27009","page","type-page","status-publish","hentry"],"_links":{"self":[{"href":"https:\/\/huset.se\/fr\/wp-json\/wp\/v2\/pages\/27009","targetHints":{"allow":["GET"]}}],"collection":[{"href":"https:\/\/huset.se\/fr\/wp-json\/wp\/v2\/pages"}],"about":[{"href":"https:\/\/huset.se\/fr\/wp-json\/wp\/v2\/types\/page"}],"author":[{"embeddable":true,"href":"https:\/\/huset.se\/fr\/wp-json\/wp\/v2\/users\/25"}],"replies":[{"embeddable":true,"href":"https:\/\/huset.se\/fr\/wp-json\/wp\/v2\/comments?post=27009"}],"version-history":[{"count":37,"href":"https:\/\/huset.se\/fr\/wp-json\/wp\/v2\/pages\/27009\/revisions"}],"predecessor-version":[{"id":27918,"href":"https:\/\/huset.se\/fr\/wp-json\/wp\/v2\/pages\/27009\/revisions\/27918"}],"wp:attachment":[{"href":"https:\/\/huset.se\/fr\/wp-json\/wp\/v2\/media?parent=27009"}],"curies":[{"name":"wp","href":"https:\/\/api.w.org\/{rel}","templated":true}]}}