{"id":25829,"date":"2024-04-28T20:46:41","date_gmt":"2024-04-28T18:46:41","guid":{"rendered":"https:\/\/huset.se\/?page_id=25829"},"modified":"2026-01-18T14:45:07","modified_gmt":"2026-01-18T13:45:07","slug":"om-oss","status":"publish","type":"page","link":"https:\/\/huset.se\/fr\/om-oss\/","title":{"rendered":"A propos de nous"},"content":{"rendered":"<div data-elementor-type=\"wp-page\" data-elementor-id=\"25829\" class=\"elementor elementor-25829\">\n\t\t\t\t\t\t<section class=\"elementor-section elementor-top-section elementor-element elementor-element-01bba8b elementor-section-content-middle elementor-section-boxed elementor-section-height-default elementor-section-height-default\" data-id=\"01bba8b\" data-element_type=\"section\" data-settings=\"{&quot;background_background&quot;:&quot;classic&quot;}\">\n\t\t\t\t\t\t\t<div class=\"elementor-background-overlay\"><\/div>\n\t\t\t\t\t\t\t<div class=\"elementor-container elementor-column-gap-no\">\n\t\t\t\t\t<div class=\"elementor-column elementor-col-100 elementor-top-column elementor-element elementor-element-1728e3e\" data-id=\"1728e3e\" data-element_type=\"column\">\n\t\t\t<div class=\"elementor-widget-wrap elementor-element-populated\">\n\t\t\t\t\t\t<section class=\"elementor-section elementor-inner-section elementor-element elementor-element-1932982 elementor-section-content-middle elementor-reverse-mobile elementor-section-boxed elementor-section-height-default elementor-section-height-default\" data-id=\"1932982\" data-element_type=\"section\">\n\t\t\t\t\t\t<div class=\"elementor-container elementor-column-gap-default\">\n\t\t\t\t\t<div class=\"elementor-column elementor-col-100 elementor-inner-column elementor-element elementor-element-8aa8083\" data-id=\"8aa8083\" data-element_type=\"column\">\n\t\t\t<div class=\"elementor-widget-wrap elementor-element-populated\">\n\t\t\t\t\t\t<div class=\"elementor-element elementor-element-064dc16 elementor-widget elementor-widget-text-editor\" data-id=\"064dc16\" data-element_type=\"widget\" data-widget_type=\"text-editor.default\">\n\t\t\t\t\t\t\t\t\t<p class=\"\" data-start=\"562\" data-end=\"624\">Huset - votre partenaire pour l'avenir de la communication immobili\u00e8re<\/p>\t\t\t\t\t\t\t\t<\/div>\n\t\t\t\t<div class=\"elementor-element elementor-element-ea238c3 elementor-widget-tablet__width-initial elementor-widget elementor-widget-text-editor\" data-id=\"ea238c3\" data-element_type=\"widget\" data-widget_type=\"text-editor.default\">\n\t\t\t\t\t\t\t\t\t<p class=\"\" data-start=\"329\" data-end=\"619\">Huset est une agence de communication moderne et une soci\u00e9t\u00e9 informatique ax\u00e9e sur la technologie, dot\u00e9e d'une expertise de pointe en mati\u00e8re de marketing num\u00e9rique, de communication immobili\u00e8re et de solutions techniques avanc\u00e9es. Notre mission est claire : nous cr\u00e9ons du temps, de la s\u00e9curit\u00e9 et de la valeur pour nos clients. Notre mission est claire : nous cr\u00e9ons du temps, de la s\u00e9curit\u00e9 et de la valeur commerciale pour nos clients. En prenant en charge les aspects techniques, communicatifs et visuels, nous vous lib\u00e9rons du temps pour que vous puissiez vous concentrer sur ce que vous faites le mieux : votre entreprise, vos relations et vos affaires.<\/p>\t\t\t\t\t\t\t\t<\/div>\n\t\t\t\t\t<\/div>\n\t\t<\/div>\n\t\t\t\t\t<\/div>\n\t\t<\/section>\n\t\t\t\t\t<\/div>\n\t\t<\/div>\n\t\t\t\t\t<\/div>\n\t\t<\/section>\n\t\t\t\t<section class=\"elementor-section elementor-top-section elementor-element elementor-element-ced2d0c elementor-section-content-middle elementor-section-boxed elementor-section-height-default elementor-section-height-default\" data-id=\"ced2d0c\" data-element_type=\"section\" data-settings=\"{&quot;background_background&quot;:&quot;classic&quot;}\">\n\t\t\t\t\t\t\t<div class=\"elementor-background-overlay\"><\/div>\n\t\t\t\t\t\t\t<div class=\"elementor-container elementor-column-gap-no\">\n\t\t\t\t\t<div class=\"elementor-column elementor-col-100 elementor-top-column elementor-element elementor-element-9d960e8\" data-id=\"9d960e8\" data-element_type=\"column\">\n\t\t\t<div class=\"elementor-widget-wrap elementor-element-populated\">\n\t\t\t\t\t\t<section class=\"elementor-section elementor-inner-section elementor-element elementor-element-e9f7202 elementor-reverse-mobile elementor-section-full_width elementor-section-height-default elementor-section-height-default\" data-id=\"e9f7202\" data-element_type=\"section\">\n\t\t\t\t\t\t<div class=\"elementor-container elementor-column-gap-default\">\n\t\t\t\t\t<div class=\"elementor-column elementor-col-50 elementor-inner-column elementor-element elementor-element-d0a1a8d\" data-id=\"d0a1a8d\" data-element_type=\"column\">\n\t\t\t<div class=\"elementor-widget-wrap elementor-element-populated\">\n\t\t\t\t\t\t<div class=\"elementor-element elementor-element-39e7bbc elementor-widget elementor-widget-text-editor\" data-id=\"39e7bbc\" data-element_type=\"widget\" data-widget_type=\"text-editor.default\">\n\t\t\t\t\t\t\t\t\t<p class=\"\" data-start=\"562\" data-end=\"624\">Concept et philosophie de l'entreprise<\/p>\t\t\t\t\t\t\t\t<\/div>\n\t\t\t\t<div class=\"elementor-element elementor-element-c691101 elementor-widget elementor-widget-text-editor\" data-id=\"c691101\" data-element_type=\"widget\" data-widget_type=\"text-editor.default\">\n\t\t\t\t\t\t\t\t\t<p class=\"\" data-start=\"329\" data-end=\"619\">Chez Huset, nous croyons en des partenariats \u00e0 long terme dans le cadre desquels nous compl\u00e9tons l'expertise de nos clients par la n\u00f4tre. Nos solutions flexibles sont personnalis\u00e9es pour r\u00e9pondre aux besoins uniques de chaque mission, qu'il s'agisse d'une solution compl\u00e8te ou de services individuels. <br \/><br \/>Vous pouvez utiliser nos outils et notre expertise sans faire r\u00e9f\u00e9rence \u00e0 notre nom. C'est votre marque qui doit \u00eatre visible, c'est notre technologie qui doit la porter.<\/p>\t\t\t\t\t\t\t\t<\/div>\n\t\t\t\t<div class=\"elementor-element elementor-element-186f2a4 elementor-widget elementor-widget-text-editor\" data-id=\"186f2a4\" data-element_type=\"widget\" data-widget_type=\"text-editor.default\">\n\t\t\t\t\t\t\t\t\t<p class=\"\" data-start=\"562\" data-end=\"624\">M\u00e9thodologie ax\u00e9e sur les r\u00e9sultats et technologie moderne<\/p>\t\t\t\t\t\t\t\t<\/div>\n\t\t\t\t<div class=\"elementor-element elementor-element-1af8b54 elementor-widget elementor-widget-text-editor\" data-id=\"1af8b54\" data-element_type=\"widget\" data-widget_type=\"text-editor.default\">\n\t\t\t\t\t\t\t\t\t<p class=\"\" data-start=\"329\" data-end=\"619\">Depuis notre cr\u00e9ation, nous nous concentrons sur la cr\u00e9ation de m\u00e9thodes efficaces et d'outils num\u00e9riques qui aident nos clients \u00e0 r\u00e9ussir leurs ventes immobili\u00e8res.Nous combinons une communication strat\u00e9gique, une technologie de pointe et des canaux de marketing innovants - pour maximiser le potentiel de chaque propri\u00e9t\u00e9 et augmenter la valeur de chaque transaction.Qu'il s'agisse de visites num\u00e9riques, de RV, de RA, de mod\u00e8les interactifs ou de productions de campagnes, nous fournissons des solutions de premier ordre - toujours en mettant clairement l'accent sur la conversion, la force de la marque et la valeur de l'entreprise.<\/p>\t\t\t\t\t\t\t\t<\/div>\n\t\t\t\t\t<\/div>\n\t\t<\/div>\n\t\t\t\t<div class=\"elementor-column elementor-col-50 elementor-inner-column elementor-element elementor-element-be18a23 elementor-hidden-tablet elementor-hidden-mobile\" data-id=\"be18a23\" data-element_type=\"column\" data-settings=\"{&quot;background_background&quot;:&quot;classic&quot;}\">\n\t\t\t<div class=\"elementor-widget-wrap\">\n\t\t\t\t\t\t\t<\/div>\n\t\t<\/div>\n\t\t\t\t\t<\/div>\n\t\t<\/section>\n\t\t\t\t\t<\/div>\n\t\t<\/div>\n\t\t\t\t\t<\/div>\n\t\t<\/section>\n\t\t\t\t<section class=\"elementor-section elementor-top-section elementor-element elementor-element-55f71aa elementor-section-content-middle elementor-section-boxed elementor-section-height-default elementor-section-height-default\" data-id=\"55f71aa\" data-element_type=\"section\" data-settings=\"{&quot;background_background&quot;:&quot;classic&quot;}\">\n\t\t\t\t\t\t\t<div class=\"elementor-background-overlay\"><\/div>\n\t\t\t\t\t\t\t<div class=\"elementor-container elementor-column-gap-no\">\n\t\t\t\t\t<div class=\"elementor-column elementor-col-100 elementor-top-column elementor-element elementor-element-c6c3f6e\" data-id=\"c6c3f6e\" data-element_type=\"column\">\n\t\t\t<div class=\"elementor-widget-wrap elementor-element-populated\">\n\t\t\t\t\t\t<section class=\"elementor-section elementor-inner-section elementor-element elementor-element-1cd8171 elementor-reverse-mobile elementor-section-full_width elementor-hidden-tablet elementor-section-height-default elementor-section-height-default\" data-id=\"1cd8171\" data-element_type=\"section\">\n\t\t\t\t\t\t<div class=\"elementor-container elementor-column-gap-default\">\n\t\t\t\t\t<div class=\"elementor-column elementor-col-50 elementor-inner-column elementor-element elementor-element-57f6a71\" data-id=\"57f6a71\" data-element_type=\"column\">\n\t\t\t<div class=\"elementor-widget-wrap elementor-element-populated\">\n\t\t\t\t\t\t<div class=\"elementor-element elementor-element-a05179d elementor-widget elementor-widget-text-editor\" data-id=\"a05179d\" data-element_type=\"widget\" data-widget_type=\"text-editor.default\">\n\t\t\t\t\t\t\t\t\t<p class=\"\" data-start=\"562\" data-end=\"624\">Les conditions de r\u00e9ussite - et les personnes \u00e0 l'origine de chaque solution<\/p>\t\t\t\t\t\t\t\t<\/div>\n\t\t\t\t<div class=\"elementor-element elementor-element-f347400 elementor-widget elementor-widget-text-editor\" data-id=\"f347400\" data-element_type=\"widget\" data-widget_type=\"text-editor.default\">\n\t\t\t\t\t\t\t\t\t<p class=\"\" data-start=\"329\" data-end=\"619\">C'est pourquoi notre processus de travail est \u00e0 la fois transparent et ancr\u00e9 dans la r\u00e9alit\u00e9 - avec une structure claire, un soutien accessible et un retour d'information continu.<\/p><p>Nos collaborateurs ne sont pas seulement comp\u00e9tents sur le plan technique, ils sont aussi r\u00e9actifs, orient\u00e9s vers les solutions et soucieux du moindre d\u00e9tail.<\/p><p>Nous sommes l\u00e0 pour comprendre votre activit\u00e9, r\u00e9soudre vos probl\u00e8mes et vous fournir un r\u00e9sultat dont vous pouvez \u00eatre fier.<\/p>\t\t\t\t\t\t\t\t<\/div>\n\t\t\t\t<div class=\"elementor-element elementor-element-ccb3ab3 elementor-widget elementor-widget-text-editor\" data-id=\"ccb3ab3\" data-element_type=\"widget\" data-widget_type=\"text-editor.default\">\n\t\t\t\t\t\t\t\t\t<p class=\"\" data-start=\"562\" data-end=\"624\">Maison 4.0 - pour la nouvelle r\u00e9alit\u00e9 du secteur immobilier<\/p>\t\t\t\t\t\t\t\t<\/div>\n\t\t\t\t<div class=\"elementor-element elementor-element-3c2c600 elementor-widget elementor-widget-text-editor\" data-id=\"3c2c600\" data-element_type=\"widget\" data-widget_type=\"text-editor.default\">\n\t\t\t\t\t\t\t\t\t<p class=\"\" data-start=\"329\" data-end=\"619\">\u00c0 l'\u00e8re du d\u00e9veloppement num\u00e9rique rapide, Huset est un acteur cl\u00e9 de la quatri\u00e8me r\u00e9volution industrielle dans le secteur de l'immobilier. Nous proposons des solutions exclusives et \u00e9volutives aux propri\u00e9taires, courtiers et conseillers immobiliers qui souhaitent renforcer leur position sur le march\u00e9.<br \/>\u00a0 \u00a0 \u00a0Notre objectif est de vous donner les outils dont vous avez besoin pour agir plus rapidement, communiquer plus clairement et \u00eatre plus performant sur un march\u00e9 en constante \u00e9volution.<\/p><p>Bienvenue chez Huset, o\u00f9 la strat\u00e9gie rencontre la technologie et o\u00f9 les r\u00e9sultats deviennent r\u00e9alit\u00e9.<\/p>\t\t\t\t\t\t\t\t<\/div>\n\t\t\t\t\t<\/div>\n\t\t<\/div>\n\t\t\t\t<div class=\"elementor-column elementor-col-50 elementor-inner-column elementor-element elementor-element-9e0f4ed elementor-hidden-tablet elementor-hidden-mobile\" data-id=\"9e0f4ed\" data-element_type=\"column\" data-settings=\"{&quot;background_background&quot;:&quot;classic&quot;}\">\n\t\t\t<div class=\"elementor-widget-wrap\">\n\t\t\t\t\t\t\t<\/div>\n\t\t<\/div>\n\t\t\t\t\t<\/div>\n\t\t<\/section>\n\t\t\t\t\t<\/div>\n\t\t<\/div>\n\t\t\t\t\t<\/div>\n\t\t<\/section>\n\t\t\t\t<section class=\"elementor-section elementor-top-section elementor-element elementor-element-9ee63ed elementor-section-content-middle elementor-hidden-desktop elementor-section-boxed elementor-section-height-default elementor-section-height-default\" data-id=\"9ee63ed\" data-element_type=\"section\" data-settings=\"{&quot;background_background&quot;:&quot;classic&quot;}\">\n\t\t\t\t\t\t<div class=\"elementor-container elementor-column-gap-no\">\n\t\t\t\t\t<div class=\"elementor-column elementor-col-50 elementor-top-column elementor-element elementor-element-f654c70\" data-id=\"f654c70\" data-element_type=\"column\">\n\t\t\t<div class=\"elementor-widget-wrap elementor-element-populated\">\n\t\t\t\t\t\t<div class=\"elementor-element elementor-element-145e8db elementor-widget elementor-widget-image\" data-id=\"145e8db\" data-element_type=\"widget\" data-widget_type=\"image.default\">\n\t\t\t\t\t\t\t\t\t\t\t\t\t\t\t<img fetchpriority=\"high\" decoding=\"async\" width=\"1536\" height=\"1024\" src=\"https:\/\/huset.se\/wp-content\/uploads\/2025\/04\/Mojligheter-start.jpg\" class=\"elementor-animation-grow attachment-full size-full wp-image-26817\" alt=\"Salon confortable et accueillant avec un mobilier \u00e9l\u00e9gant.\" srcset=\"https:\/\/huset.se\/wp-content\/uploads\/2025\/04\/Mojligheter-start.jpg 1536w, https:\/\/huset.se\/wp-content\/uploads\/2025\/04\/Mojligheter-start-300x200.jpg 300w, https:\/\/huset.se\/wp-content\/uploads\/2025\/04\/Mojligheter-start-1024x683.jpg 1024w, https:\/\/huset.se\/wp-content\/uploads\/2025\/04\/Mojligheter-start-768x512.jpg 768w, https:\/\/huset.se\/wp-content\/uploads\/2025\/04\/Mojligheter-start-900x600.jpg 900w, https:\/\/huset.se\/wp-content\/uploads\/2025\/04\/Mojligheter-start-496x331.jpg 496w\" sizes=\"(max-width: 1536px) 100vw, 1536px\" \/>\t\t\t\t\t\t\t\t\t\t\t\t\t\t\t<\/div>\n\t\t\t\t<div class=\"elementor-element elementor-element-16b5a2f elementor-widget elementor-widget-text-editor\" data-id=\"16b5a2f\" data-element_type=\"widget\" data-widget_type=\"text-editor.default\">\n\t\t\t\t\t\t\t\t\t<p class=\"\" data-start=\"562\" data-end=\"624\">Les conditions de r\u00e9ussite - et les personnes \u00e0 l'origine de chaque solution<\/p>\t\t\t\t\t\t\t\t<\/div>\n\t\t\t\t<div class=\"elementor-element elementor-element-2aff96d elementor-widget elementor-widget-text-editor\" data-id=\"2aff96d\" data-element_type=\"widget\" data-widget_type=\"text-editor.default\">\n\t\t\t\t\t\t\t\t\t<p class=\"\" data-start=\"329\" data-end=\"619\">C'est pourquoi notre processus de travail est \u00e0 la fois transparent et ancr\u00e9 dans la r\u00e9alit\u00e9 - avec une structure claire, un soutien accessible et un retour d'information continu.<\/p><p>Nos collaborateurs ne sont pas seulement comp\u00e9tents sur le plan technique, ils sont aussi r\u00e9actifs, orient\u00e9s vers les solutions et soucieux du moindre d\u00e9tail.<\/p><p>Nous sommes l\u00e0 pour comprendre votre activit\u00e9, r\u00e9soudre vos probl\u00e8mes et vous fournir un r\u00e9sultat dont vous pouvez \u00eatre fier.<\/p>\t\t\t\t\t\t\t\t<\/div>\n\t\t\t\t\t<\/div>\n\t\t<\/div>\n\t\t\t\t<div class=\"elementor-column elementor-col-50 elementor-top-column elementor-element elementor-element-1545c09\" data-id=\"1545c09\" data-element_type=\"column\">\n\t\t\t<div class=\"elementor-widget-wrap elementor-element-populated\">\n\t\t\t\t\t\t<div class=\"elementor-element elementor-element-ac65358 elementor-widget elementor-widget-image\" data-id=\"ac65358\" data-element_type=\"widget\" data-widget_type=\"image.default\">\n\t\t\t\t\t\t\t\t\t\t\t\t\t\t\t<img decoding=\"async\" src=\"https:\/\/huset.se\/wp-content\/uploads\/2022\/10\/Butik-50-50-scaled.jpg\" title=\"Boutique 50-50\" alt=\"Boutique 50-50\" class=\"elementor-animation-grow\" loading=\"lazy\" \/>\t\t\t\t\t\t\t\t\t\t\t\t\t\t\t<\/div>\n\t\t\t\t<div class=\"elementor-element elementor-element-7070321 elementor-widget elementor-widget-text-editor\" data-id=\"7070321\" data-element_type=\"widget\" data-widget_type=\"text-editor.default\">\n\t\t\t\t\t\t\t\t\t<p class=\"\" data-start=\"562\" data-end=\"624\">Maison 4.0 - pour la nouvelle r\u00e9alit\u00e9 du secteur immobilier<\/p>\t\t\t\t\t\t\t\t<\/div>\n\t\t\t\t<div class=\"elementor-element elementor-element-487fc6b elementor-widget elementor-widget-text-editor\" data-id=\"487fc6b\" data-element_type=\"widget\" data-widget_type=\"text-editor.default\">\n\t\t\t\t\t\t\t\t\t<p class=\"\" data-start=\"329\" data-end=\"619\">\u00c0 l'\u00e8re du d\u00e9veloppement num\u00e9rique rapide, Huset est un acteur cl\u00e9 de la quatri\u00e8me r\u00e9volution industrielle dans le secteur de l'immobilier. Nous proposons des solutions exclusives et \u00e9volutives aux propri\u00e9taires, courtiers et conseillers immobiliers qui souhaitent renforcer leur position sur le march\u00e9.<br \/>\u00a0 \u00a0 \u00a0Notre objectif est de vous donner les outils dont vous avez besoin pour agir plus rapidement, communiquer plus clairement et \u00eatre plus performant sur un march\u00e9 en constante \u00e9volution.<\/p><p>Bienvenue chez Huset, o\u00f9 la strat\u00e9gie rencontre la technologie et o\u00f9 les r\u00e9sultats deviennent r\u00e9alit\u00e9.<\/p>\t\t\t\t\t\t\t\t<\/div>\n\t\t\t\t\t<\/div>\n\t\t<\/div>\n\t\t\t\t\t<\/div>\n\t\t<\/section>\n\t\t\t\t<\/div>","protected":false},"excerpt":{"rendered":"<p>Huset - votre partenaire dans l'avenir de la communication immobili\u00e8re Huset est une agence de communication moderne et une soci\u00e9t\u00e9 informatique ax\u00e9e sur la technologie, dot\u00e9e d'une expertise de pointe en mati\u00e8re de marketing num\u00e9rique, de communication immobili\u00e8re et de solutions techniques avanc\u00e9es. Notre mission est claire : nous cr\u00e9ons du temps, de la s\u00e9curit\u00e9 et de la valeur commerciale pour nos clients. En prenant en charge les aspects techniques, communicatifs et visuels, nous vous lib\u00e9rons du temps pour [...]<\/p>","protected":false},"author":25,"featured_media":0,"parent":0,"menu_order":0,"comment_status":"closed","ping_status":"closed","template":"elementor_header_footer","meta":{"_et_pb_use_builder":"","_et_pb_old_content":"","_et_gb_content_width":"","footnotes":""},"class_list":["post-25829","page","type-page","status-publish","hentry"],"_links":{"self":[{"href":"https:\/\/huset.se\/fr\/wp-json\/wp\/v2\/pages\/25829","targetHints":{"allow":["GET"]}}],"collection":[{"href":"https:\/\/huset.se\/fr\/wp-json\/wp\/v2\/pages"}],"about":[{"href":"https:\/\/huset.se\/fr\/wp-json\/wp\/v2\/types\/page"}],"author":[{"embeddable":true,"href":"https:\/\/huset.se\/fr\/wp-json\/wp\/v2\/users\/25"}],"replies":[{"embeddable":true,"href":"https:\/\/huset.se\/fr\/wp-json\/wp\/v2\/comments?post=25829"}],"version-history":[{"count":57,"href":"https:\/\/huset.se\/fr\/wp-json\/wp\/v2\/pages\/25829\/revisions"}],"predecessor-version":[{"id":28396,"href":"https:\/\/huset.se\/fr\/wp-json\/wp\/v2\/pages\/25829\/revisions\/28396"}],"wp:attachment":[{"href":"https:\/\/huset.se\/fr\/wp-json\/wp\/v2\/media?parent=25829"}],"curies":[{"name":"wp","href":"https:\/\/api.w.org\/{rel}","templated":true}]}}