{"id":25242,"date":"2024-03-31T18:37:09","date_gmt":"2024-03-31T16:37:09","guid":{"rendered":"https:\/\/huset.se\/?page_id=25242"},"modified":"2025-06-12T10:39:04","modified_gmt":"2025-06-12T08:39:04","slug":"interaktiva-verktyg","status":"publish","type":"page","link":"https:\/\/huset.se\/fr\/interaktiva-verktyg\/","title":{"rendered":"Outils interactifs"},"content":{"rendered":"<div data-elementor-type=\"wp-page\" data-elementor-id=\"25242\" class=\"elementor elementor-25242\">\n\t\t\t\t\t\t<section class=\"elementor-section elementor-top-section elementor-element elementor-element-65cac87 elementor-section-boxed elementor-section-height-default elementor-section-height-default\" data-id=\"65cac87\" data-element_type=\"section\">\n\t\t\t\t\t\t<div class=\"elementor-container elementor-column-gap-default\">\n\t\t\t\t\t<div class=\"elementor-column elementor-col-100 elementor-top-column elementor-element elementor-element-1f40a69\" data-id=\"1f40a69\" data-element_type=\"column\">\n\t\t\t<div class=\"elementor-widget-wrap elementor-element-populated\">\n\t\t\t\t\t\t<div class=\"elementor-element elementor-element-ef1d2b2 elementor-widget elementor-widget-text-editor\" data-id=\"ef1d2b2\" data-element_type=\"widget\" data-widget_type=\"text-editor.default\">\n\t\t\t\t\t\t\t\t\t\n<ul class=\"wp-block-list\"><\/ul>\n\n\n\n<p><\/p>\n\t\t\t\t\t\t\t\t<\/div>\n\t\t\t\t<div class=\"elementor-element elementor-element-21b9d1a elementor-widget elementor-widget-text-editor\" data-id=\"21b9d1a\" data-element_type=\"widget\" data-widget_type=\"text-editor.default\">\n\t\t\t\t\t\t\t\t\t<p><strong>Maximera<\/strong> visites de propri\u00e9t\u00e9s avec notre <strong>Outils interactifs<\/strong><\/p>\t\t\t\t\t\t\t\t<\/div>\n\t\t\t\t<div class=\"elementor-element elementor-element-27568fd elementor-widget elementor-widget-text-editor\" data-id=\"27568fd\" data-element_type=\"widget\" data-widget_type=\"text-editor.default\">\n\t\t\t\t\t\t\t\t\t<p>Fournissez \u00e0 vos clients des informations professionnelles et facilement accessibles sur la propri\u00e9t\u00e9 et augmentez les ventes gr\u00e2ce \u00e0 l'outil interactif de la maison.<\/p>\t\t\t\t\t\t\t\t<\/div>\n\t\t\t\t<div class=\"elementor-element elementor-element-b3eb396 elementor-widget elementor-widget-text-editor\" data-id=\"b3eb396\" data-element_type=\"widget\" data-widget_type=\"text-editor.default\">\n\t\t\t\t\t\t\t\t\t\n<ul class=\"wp-block-list\"><\/ul>\n\n\n\n<p><\/p>\n\t\t\t\t\t\t\t\t<\/div>\n\t\t\t\t\t<\/div>\n\t\t<\/div>\n\t\t\t\t\t<\/div>\n\t\t<\/section>\n\t\t\t\t<section class=\"elementor-section elementor-top-section elementor-element elementor-element-741bf05 elementor-section-content-middle elementor-section-boxed elementor-section-height-default elementor-section-height-default\" data-id=\"741bf05\" data-element_type=\"section\" data-settings=\"{&quot;background_background&quot;:&quot;classic&quot;}\">\n\t\t\t\t\t\t<div class=\"elementor-container elementor-column-gap-no\">\n\t\t\t\t\t<div class=\"elementor-column elementor-col-50 elementor-top-column elementor-element elementor-element-1cb944e\" data-id=\"1cb944e\" data-element_type=\"column\">\n\t\t\t<div class=\"elementor-widget-wrap elementor-element-populated\">\n\t\t\t\t\t\t<div class=\"elementor-element elementor-element-20f93e9 elementor-widget elementor-widget-text-editor\" data-id=\"20f93e9\" data-element_type=\"widget\" data-widget_type=\"text-editor.default\">\n\t\t\t\t\t\t\t\t\t<p>SOLUTIONS<\/p>\t\t\t\t\t\t\t\t<\/div>\n\t\t\t\t<div class=\"elementor-element elementor-element-2f8274e elementor-widget__width-initial elementor-widget elementor-widget-heading\" data-id=\"2f8274e\" data-element_type=\"widget\" data-widget_type=\"heading.default\">\n\t\t\t\t\t<h2 class=\"elementor-heading-title elementor-size-default\">Outils interactifs\nOutils interactifs<\/h2>\t\t\t\t<\/div>\n\t\t\t\t<div class=\"elementor-element elementor-element-02e8d39 elementor-widget-divider--view-line elementor-widget elementor-widget-divider\" data-id=\"02e8d39\" data-element_type=\"widget\" data-widget_type=\"divider.default\">\n\t\t\t\t\t\t\t<div class=\"elementor-divider\">\n\t\t\t<span class=\"elementor-divider-separator\">\n\t\t\t\t\t\t<\/span>\n\t\t<\/div>\n\t\t\t\t\t\t<\/div>\n\t\t\t\t\t<\/div>\n\t\t<\/div>\n\t\t\t\t<div class=\"elementor-column elementor-col-50 elementor-top-column elementor-element elementor-element-75e082b\" data-id=\"75e082b\" data-element_type=\"column\">\n\t\t\t<div class=\"elementor-widget-wrap elementor-element-populated\">\n\t\t\t\t\t\t<div class=\"elementor-element elementor-element-b2409d8 elementor-widget elementor-widget-image\" data-id=\"b2409d8\" data-element_type=\"widget\" data-widget_type=\"image.default\">\n\t\t\t\t\t\t\t\t\t\t\t\t\t\t\t\t<a href=\"https:\/\/huset.se\/teleport-it-huset\/\">\n\t\t\t\t\t\t\t<img fetchpriority=\"high\" decoding=\"async\" width=\"1113\" height=\"593\" src=\"https:\/\/huset.se\/wp-content\/uploads\/2024\/03\/bostadsvaljaren_preview.jpg\" class=\"elementor-animation-grow attachment-full size-full wp-image-25014\" alt=\"Mod\u00e8le de maison de quartier pour les projets de logement sur Huset.se, le centre pour le mode de vie urbain.\" srcset=\"https:\/\/huset.se\/wp-content\/uploads\/2024\/03\/bostadsvaljaren_preview.jpg 1113w, https:\/\/huset.se\/wp-content\/uploads\/2024\/03\/bostadsvaljaren_preview-300x160.webp 300w, https:\/\/huset.se\/wp-content\/uploads\/2024\/03\/bostadsvaljaren_preview-1024x546.webp 1024w, https:\/\/huset.se\/wp-content\/uploads\/2024\/03\/bostadsvaljaren_preview-768x409.webp 768w, https:\/\/huset.se\/wp-content\/uploads\/2024\/03\/bostadsvaljaren_preview-18x10.webp 18w, https:\/\/huset.se\/wp-content\/uploads\/2024\/03\/bostadsvaljaren_preview-496x264.webp 496w\" sizes=\"(max-width: 1113px) 100vw, 1113px\" \/>\t\t\t\t\t\t\t\t<\/a>\n\t\t\t\t\t\t\t\t\t\t\t\t\t\t\t<\/div>\n\t\t\t\t<div class=\"elementor-element elementor-element-ba08daf elementor-widget elementor-widget-heading\" data-id=\"ba08daf\" data-element_type=\"widget\" data-widget_type=\"heading.default\">\n\t\t\t\t\t<h1 class=\"elementor-heading-title elementor-size-default\">S\u00e9lecteur de bo\u00eetier<\/h1>\t\t\t\t<\/div>\n\t\t\t\t<div class=\"elementor-element elementor-element-f191d7f elementor-widget elementor-widget-text-editor\" data-id=\"f191d7f\" data-element_type=\"widget\" data-widget_type=\"text-editor.default\">\n\t\t\t\t\t\t\t\t\t<p>Printemps <strong>\u00e9lecteurs du logement<\/strong> est un excellent service qui offre une plateforme claire et conviviale pour pr\u00e9senter diff\u00e9rents biens immobiliers, en particulier les copropri\u00e9t\u00e9s. Gr\u00e2ce \u00e0 cet outil innovant, vous pouvez facilement explorer et comparer diff\u00e9rentes options de logement avant de prendre une d\u00e9cision. Vous pouvez facilement naviguer \u00e0 travers les diff\u00e9rents \u00e9tages et pi\u00e8ces d'un immeuble en copropri\u00e9t\u00e9 et vous faire une id\u00e9e pr\u00e9cise de sa conception et de son agencement. Gr\u00e2ce \u00e0 notre technologie avanc\u00e9e, vous pouvez explorer chaque d\u00e9tail de la propri\u00e9t\u00e9, comme la cuisine, le salon, les chambres et les salles de bains.\u00a0<\/p>\t\t\t\t\t\t\t\t<\/div>\n\t\t\t\t<div class=\"elementor-element elementor-element-10b3deb elementor-widget__width-initial elementor-widget-tablet__width-initial elementor-widget-mobile__width-initial elementor-widget elementor-widget-text-editor\" data-id=\"10b3deb\" data-element_type=\"widget\" data-widget_type=\"text-editor.default\">\n\t\t\t\t\t\t\t\t\t<p><a href=\"https:\/\/huset.se\/bostadsvaljare\/\">EN SAVOIR PLUS SUR LE S\u00c9LECTEUR DE LOGEMENT<\/a><\/p>\t\t\t\t\t\t\t\t<\/div>\n\t\t\t\t\t<\/div>\n\t\t<\/div>\n\t\t\t\t\t<\/div>\n\t\t<\/section>\n\t\t\t\t<section class=\"elementor-section elementor-top-section elementor-element elementor-element-e03474d elementor-section-content-middle elementor-section-boxed elementor-section-height-default elementor-section-height-default\" data-id=\"e03474d\" data-element_type=\"section\" data-settings=\"{&quot;background_background&quot;:&quot;classic&quot;}\">\n\t\t\t\t\t\t<div class=\"elementor-container elementor-column-gap-no\">\n\t\t\t\t\t<div class=\"elementor-column elementor-col-50 elementor-top-column elementor-element elementor-element-309eb09\" data-id=\"309eb09\" data-element_type=\"column\">\n\t\t\t<div class=\"elementor-widget-wrap elementor-element-populated\">\n\t\t\t\t\t\t<div class=\"elementor-element elementor-element-ca856a3 elementor-widget elementor-widget-text-editor\" data-id=\"ca856a3\" data-element_type=\"widget\" data-widget_type=\"text-editor.default\">\n\t\t\t\t\t\t\t\t\t<p>SOLUTIONS<\/p>\t\t\t\t\t\t\t\t<\/div>\n\t\t\t\t<div class=\"elementor-element elementor-element-85de46f elementor-widget__width-initial elementor-widget elementor-widget-heading\" data-id=\"85de46f\" data-element_type=\"widget\" data-widget_type=\"heading.default\">\n\t\t\t\t\t<h2 class=\"elementor-heading-title elementor-size-default\">Outils interactifs\nOutils interactifs<\/h2>\t\t\t\t<\/div>\n\t\t\t\t<div class=\"elementor-element elementor-element-c410751 elementor-widget-divider--view-line elementor-widget elementor-widget-divider\" data-id=\"c410751\" data-element_type=\"widget\" data-widget_type=\"divider.default\">\n\t\t\t\t\t\t\t<div class=\"elementor-divider\">\n\t\t\t<span class=\"elementor-divider-separator\">\n\t\t\t\t\t\t<\/span>\n\t\t<\/div>\n\t\t\t\t\t\t<\/div>\n\t\t\t\t\t<\/div>\n\t\t<\/div>\n\t\t\t\t<div class=\"elementor-column elementor-col-50 elementor-top-column elementor-element elementor-element-f0b58d6\" data-id=\"f0b58d6\" data-element_type=\"column\">\n\t\t\t<div class=\"elementor-widget-wrap elementor-element-populated\">\n\t\t\t\t\t\t<div class=\"elementor-element elementor-element-be4a351 elementor-widget elementor-widget-image\" data-id=\"be4a351\" data-element_type=\"widget\" data-widget_type=\"image.default\">\n\t\t\t\t\t\t\t\t\t\t\t\t\t\t\t\t<a href=\"https:\/\/huset.se\/teleport-it-huset\/\">\n\t\t\t\t\t\t\t<img decoding=\"async\" width=\"818\" height=\"570\" src=\"https:\/\/huset.se\/wp-content\/uploads\/2023\/12\/sprak_lokal.jpg\" class=\"elementor-animation-grow attachment-full size-full wp-image-23904\" alt=\"Salle de chorale avec drapeaux su\u00e9dois et allemand, ic\u00f4nes musicales. Environnement de travail moderne avec vue.\" srcset=\"https:\/\/huset.se\/wp-content\/uploads\/2023\/12\/sprak_lokal.jpg 818w, https:\/\/huset.se\/wp-content\/uploads\/2023\/12\/sprak_lokal-300x209.jpg 300w, https:\/\/huset.se\/wp-content\/uploads\/2023\/12\/sprak_lokal-768x535.jpg 768w, https:\/\/huset.se\/wp-content\/uploads\/2023\/12\/sprak_lokal-18x12.jpg 18w, https:\/\/huset.se\/wp-content\/uploads\/2023\/12\/sprak_lokal-496x346.jpg 496w\" sizes=\"(max-width: 818px) 100vw, 818px\" \/>\t\t\t\t\t\t\t\t<\/a>\n\t\t\t\t\t\t\t\t\t\t\t\t\t\t\t<\/div>\n\t\t\t\t<div class=\"elementor-element elementor-element-cbebd90 elementor-widget elementor-widget-heading\" data-id=\"cbebd90\" data-element_type=\"widget\" data-widget_type=\"heading.default\">\n\t\t\t\t\t<h1 class=\"elementor-heading-title elementor-size-default\">Plus d'acheteurs potentiels<\/h1>\t\t\t\t<\/div>\n\t\t\t\t<div class=\"elementor-element elementor-element-b63ac38 elementor-widget elementor-widget-text-editor\" data-id=\"b63ac38\" data-element_type=\"widget\" data-widget_type=\"text-editor.default\">\n\t\t\t\t\t\t\t\t\t<p>Atteindre <strong>plus d'acheteurs<\/strong>\u00a0en demandant \u00e0 notre personnel de traduire la description du bien et les salutations personnalis\u00e9es dans d'autres langues. Gr\u00e2ce \u00e0 nos outils de marketing, les acheteurs \u00e9trangers peuvent visiter votre bien num\u00e9riquement, sans avoir \u00e0 se d\u00e9placer physiquement.<\/p>\n<p>Nous avons la capacit\u00e9 de traduire \u00e0 la fois\u00a0<strong>texte<\/strong>\u00a0et\u00a0<strong>enregistrements sonores<\/strong>.<\/p>\n<p>Nous proposons actuellement les langues suivantes pour la traduction : anglais, norv\u00e9gien, finnois, danois, n\u00e9erlandais, fran\u00e7ais et allemand.<\/p>\t\t\t\t\t\t\t\t<\/div>\n\t\t\t\t<div class=\"elementor-element elementor-element-ca23fd6 elementor-widget__width-initial elementor-widget-tablet__width-initial elementor-widget-mobile__width-initial elementor-widget elementor-widget-text-editor\" data-id=\"ca23fd6\" data-element_type=\"widget\" data-widget_type=\"text-editor.default\">\n\t\t\t\t\t\t\t\t\t<p><a href=\"https:\/\/huset.se\/fler-potentiella-kopare\/\">LIRE LA SUITE<\/a><\/p>\t\t\t\t\t\t\t\t<\/div>\n\t\t\t\t\t<\/div>\n\t\t<\/div>\n\t\t\t\t\t<\/div>\n\t\t<\/section>\n\t\t\t\t<section class=\"elementor-section elementor-top-section elementor-element elementor-element-3b61b58 elementor-section-content-middle elementor-section-boxed elementor-section-height-default elementor-section-height-default\" data-id=\"3b61b58\" data-element_type=\"section\" data-settings=\"{&quot;background_background&quot;:&quot;classic&quot;}\">\n\t\t\t\t\t\t<div class=\"elementor-container elementor-column-gap-no\">\n\t\t\t\t\t<div class=\"elementor-column elementor-col-50 elementor-top-column elementor-element elementor-element-08a6120\" data-id=\"08a6120\" data-element_type=\"column\">\n\t\t\t<div class=\"elementor-widget-wrap elementor-element-populated\">\n\t\t\t\t\t\t<div class=\"elementor-element elementor-element-5fd732d elementor-widget elementor-widget-text-editor\" data-id=\"5fd732d\" data-element_type=\"widget\" data-widget_type=\"text-editor.default\">\n\t\t\t\t\t\t\t\t\t<p>SOLUTIONS<\/p>\t\t\t\t\t\t\t\t<\/div>\n\t\t\t\t<div class=\"elementor-element elementor-element-d6ab590 elementor-widget__width-initial elementor-widget elementor-widget-heading\" data-id=\"d6ab590\" data-element_type=\"widget\" data-widget_type=\"heading.default\">\n\t\t\t\t\t<h2 class=\"elementor-heading-title elementor-size-default\">Outils interactifs\nOutils interactifs<\/h2>\t\t\t\t<\/div>\n\t\t\t\t<div class=\"elementor-element elementor-element-d7e08eb elementor-widget-divider--view-line elementor-widget elementor-widget-divider\" data-id=\"d7e08eb\" data-element_type=\"widget\" data-widget_type=\"divider.default\">\n\t\t\t\t\t\t\t<div class=\"elementor-divider\">\n\t\t\t<span class=\"elementor-divider-separator\">\n\t\t\t\t\t\t<\/span>\n\t\t<\/div>\n\t\t\t\t\t\t<\/div>\n\t\t\t\t\t<\/div>\n\t\t<\/div>\n\t\t\t\t<div class=\"elementor-column elementor-col-50 elementor-top-column elementor-element elementor-element-65507ec\" data-id=\"65507ec\" data-element_type=\"column\">\n\t\t\t<div class=\"elementor-widget-wrap elementor-element-populated\">\n\t\t\t\t\t\t<div class=\"elementor-element elementor-element-403a63e elementor-widget elementor-widget-image\" data-id=\"403a63e\" data-element_type=\"widget\" data-widget_type=\"image.default\">\n\t\t\t\t\t\t\t\t\t\t\t\t\t\t\t\t<a href=\"https:\/\/huset.se\/teleport-it-huset\/\">\n\t\t\t\t\t\t\t<img decoding=\"async\" width=\"1118\" height=\"632\" src=\"https:\/\/huset.se\/wp-content\/uploads\/2024\/01\/konfigurator.jpg\" class=\"elementor-animation-grow attachment-full size-full wp-image-24666\" alt=\"La cuisine de la maison avec des armoires jaunes et des appareils modernes, parfaite pour une maison fonctionnelle et \u00e9l\u00e9gante.\" srcset=\"https:\/\/huset.se\/wp-content\/uploads\/2024\/01\/konfigurator.jpg 1118w, https:\/\/huset.se\/wp-content\/uploads\/2024\/01\/konfigurator-300x170.jpg 300w, https:\/\/huset.se\/wp-content\/uploads\/2024\/01\/konfigurator-1024x579.jpg 1024w, https:\/\/huset.se\/wp-content\/uploads\/2024\/01\/konfigurator-768x434.jpg 768w, https:\/\/huset.se\/wp-content\/uploads\/2024\/01\/konfigurator-18x10.jpg 18w, https:\/\/huset.se\/wp-content\/uploads\/2024\/01\/konfigurator-1061x600.jpg 1061w, https:\/\/huset.se\/wp-content\/uploads\/2024\/01\/konfigurator-496x280.jpg 496w\" sizes=\"(max-width: 1118px) 100vw, 1118px\" \/>\t\t\t\t\t\t\t\t<\/a>\n\t\t\t\t\t\t\t\t\t\t\t\t\t\t\t<\/div>\n\t\t\t\t<div class=\"elementor-element elementor-element-4184c2c elementor-widget elementor-widget-heading\" data-id=\"4184c2c\" data-element_type=\"widget\" data-widget_type=\"heading.default\">\n\t\t\t\t\t<h1 class=\"elementor-heading-title elementor-size-default\">Configurateur<\/h1>\t\t\t\t<\/div>\n\t\t\t\t<div class=\"elementor-element elementor-element-6b90c6d elementor-widget elementor-widget-text-editor\" data-id=\"6b90c6d\" data-element_type=\"widget\" data-widget_type=\"text-editor.default\">\n\t\t\t\t\t\t\t\t\t<div class=\"elementor-element elementor-element-db94760 elementor-widget__width-initial elementor-widget-mobile__width-inherit elementor-widget-tablet__width-inherit elementor-widget elementor-widget-text-editor\" data-id=\"db94760\" data-element_type=\"widget\" data-widget_type=\"text-editor.default\">\n<div class=\"elementor-widget-container\">\n<p><strong>R\u00e9aliste<\/strong> &amp; <strong>Syst\u00e8me interactif en option<\/strong> pour <strong>nouvelle production<\/strong><\/p>\n<\/div>\n<\/div>\n<div class=\"elementor-element elementor-element-7c5a6ee elementor-widget__width-initial elementor-widget-tablet__width-inherit elementor-widget-mobile__width-initial elementor-widget elementor-widget-text-editor\" data-id=\"7c5a6ee\" data-element_type=\"widget\" data-widget_type=\"text-editor.default\">\n<div class=\"elementor-widget-container\">\n<p>Gr\u00e2ce \u00e0 notre configurateur, nous cr\u00e9ons des solutions personnalis\u00e9es pour diff\u00e9rents besoins tels que les nouvelles constructions, les projets de r\u00e9novation ou les options pour les propri\u00e9t\u00e9s existantes. Notre syst\u00e8me offre une grande flexibilit\u00e9 en prenant en charge diff\u00e9rents types de paquets, des lignes de produits standardis\u00e9es ou des choix libres.<\/p>\n<\/div>\n<\/div>\t\t\t\t\t\t\t\t<\/div>\n\t\t\t\t<div class=\"elementor-element elementor-element-5772e0f elementor-widget__width-initial elementor-widget-tablet__width-initial elementor-widget-mobile__width-initial elementor-widget elementor-widget-text-editor\" data-id=\"5772e0f\" data-element_type=\"widget\" data-widget_type=\"text-editor.default\">\n\t\t\t\t\t\t\t\t\t<p><a href=\"https:\/\/huset.se\/digitala-visningar\/\">EN SAVOIR PLUS SUR LE CONFIGURATEUR<\/a><\/p>\t\t\t\t\t\t\t\t<\/div>\n\t\t\t\t\t<\/div>\n\t\t<\/div>\n\t\t\t\t\t<\/div>\n\t\t<\/section>\n\t\t\t\t<\/div>","protected":false},"excerpt":{"rendered":"<p>Maximisez les visites gr\u00e2ce \u00e0 nos outils interactifs Fournissez \u00e0 vos clients des informations professionnelles et facilement accessibles sur la propri\u00e9t\u00e9 et augmentez les ventes gr\u00e2ce \u00e0 l'outil interactif de la maison. SOLUTIONS Outils interactifs S\u00e9lecteur de propri\u00e9t\u00e9 Notre S\u00e9lecteur de propri\u00e9t\u00e9 est un excellent service qui offre une plateforme claire et conviviale pour pr\u00e9senter diff\u00e9rents biens immobiliers, en particulier les copropri\u00e9t\u00e9s. Gr\u00e2ce \u00e0 cet outil innovant, vous pouvez facilement explorer [...]<\/p>","protected":false},"author":26,"featured_media":0,"parent":0,"menu_order":0,"comment_status":"closed","ping_status":"closed","template":"template\/template-homepage.php","meta":{"_et_pb_use_builder":"","_et_pb_old_content":"","_et_gb_content_width":"","footnotes":""},"class_list":["post-25242","page","type-page","status-publish","hentry"],"_links":{"self":[{"href":"https:\/\/huset.se\/fr\/wp-json\/wp\/v2\/pages\/25242","targetHints":{"allow":["GET"]}}],"collection":[{"href":"https:\/\/huset.se\/fr\/wp-json\/wp\/v2\/pages"}],"about":[{"href":"https:\/\/huset.se\/fr\/wp-json\/wp\/v2\/types\/page"}],"author":[{"embeddable":true,"href":"https:\/\/huset.se\/fr\/wp-json\/wp\/v2\/users\/26"}],"replies":[{"embeddable":true,"href":"https:\/\/huset.se\/fr\/wp-json\/wp\/v2\/comments?post=25242"}],"version-history":[{"count":16,"href":"https:\/\/huset.se\/fr\/wp-json\/wp\/v2\/pages\/25242\/revisions"}],"predecessor-version":[{"id":27901,"href":"https:\/\/huset.se\/fr\/wp-json\/wp\/v2\/pages\/25242\/revisions\/27901"}],"wp:attachment":[{"href":"https:\/\/huset.se\/fr\/wp-json\/wp\/v2\/media?parent=25242"}],"curies":[{"name":"wp","href":"https:\/\/api.w.org\/{rel}","templated":true}]}}