{"id":24126,"date":"2023-12-31T15:06:54","date_gmt":"2023-12-31T14:06:54","guid":{"rendered":"https:\/\/huset.se\/?page_id=24126"},"modified":"2025-05-23T12:37:18","modified_gmt":"2025-05-23T10:37:18","slug":"konfigurator","status":"publish","type":"page","link":"https:\/\/huset.se\/fr\/konfigurator\/","title":{"rendered":"Configurateur"},"content":{"rendered":"<div data-elementor-type=\"wp-page\" data-elementor-id=\"24126\" class=\"elementor elementor-24126\">\n\t\t\t\t\t\t<section class=\"elementor-section elementor-top-section elementor-element elementor-element-3fcf4f0 elementor-section-content-middle elementor-section-boxed elementor-section-height-default elementor-section-height-default\" data-id=\"3fcf4f0\" data-element_type=\"section\" data-settings=\"{&quot;background_background&quot;:&quot;classic&quot;}\">\n\t\t\t\t\t\t<div class=\"elementor-container elementor-column-gap-no\">\n\t\t\t\t\t<div class=\"elementor-column elementor-col-50 elementor-top-column elementor-element elementor-element-7e996f3\" data-id=\"7e996f3\" data-element_type=\"column\">\n\t\t\t<div class=\"elementor-widget-wrap elementor-element-populated\">\n\t\t\t\t\t\t<div class=\"elementor-element elementor-element-510da34 elementor-widget elementor-widget-text-editor\" data-id=\"510da34\" data-element_type=\"widget\" data-widget_type=\"text-editor.default\">\n\t\t\t\t\t\t\t\t\t<p>Outils interactifs<\/p>\t\t\t\t\t\t\t\t<\/div>\n\t\t\t\t<div class=\"elementor-element elementor-element-c60138d elementor-widget elementor-widget-heading\" data-id=\"c60138d\" data-element_type=\"widget\" data-widget_type=\"heading.default\">\n\t\t\t\t\t<h2 class=\"elementor-heading-title elementor-size-default\">Configurateur<\/h2>\t\t\t\t<\/div>\n\t\t\t\t<div class=\"elementor-element elementor-element-cf32b9b elementor-widget-divider--view-line elementor-widget elementor-widget-divider\" data-id=\"cf32b9b\" data-element_type=\"widget\" data-widget_type=\"divider.default\">\n\t\t\t\t\t\t\t<div class=\"elementor-divider\">\n\t\t\t<span class=\"elementor-divider-separator\">\n\t\t\t\t\t\t<\/span>\n\t\t<\/div>\n\t\t\t\t\t\t<\/div>\n\t\t\t\t\t<\/div>\n\t\t<\/div>\n\t\t\t\t<div class=\"elementor-column elementor-col-50 elementor-top-column elementor-element elementor-element-390a2a6\" data-id=\"390a2a6\" data-element_type=\"column\">\n\t\t\t<div class=\"elementor-widget-wrap elementor-element-populated\">\n\t\t\t\t\t\t<div class=\"elementor-element elementor-element-589ea35 elementor-widget elementor-widget-image\" data-id=\"589ea35\" data-element_type=\"widget\" data-widget_type=\"image.default\">\n\t\t\t\t\t\t\t\t\t\t\t\t\t\t\t<img decoding=\"async\" src=\"https:\/\/huset.se\/wp-content\/uploads\/2023\/12\/kok-scaled.jpg\" title=\"Cuisine moderne avec des armoires lumineuses.\" alt=\"Texte Alta : Cuisine moderne avec des armoires grises, une cuisini\u00e8re \u00e0 gaz et des \u00e9quipements de cuisine dans des tons clairs.\" class=\"elementor-animation-grow\" loading=\"lazy\" \/>\t\t\t\t\t\t\t\t\t\t\t\t\t\t\t<\/div>\n\t\t\t\t\t<\/div>\n\t\t<\/div>\n\t\t\t\t\t<\/div>\n\t\t<\/section>\n\t\t\t\t<section class=\"elementor-section elementor-top-section elementor-element elementor-element-38c3335 elementor-section-content-middle elementor-reverse-mobile elementor-reverse-tablet elementor-section-boxed elementor-section-height-default elementor-section-height-default\" data-id=\"38c3335\" data-element_type=\"section\" data-settings=\"{&quot;background_background&quot;:&quot;classic&quot;}\">\n\t\t\t\t\t\t<div class=\"elementor-container elementor-column-gap-no\">\n\t\t\t\t\t<div class=\"elementor-column elementor-col-100 elementor-top-column elementor-element elementor-element-efbfba1\" data-id=\"efbfba1\" data-element_type=\"column\">\n\t\t\t<div class=\"elementor-widget-wrap elementor-element-populated\">\n\t\t\t\t\t\t<div class=\"elementor-element elementor-element-db94760 elementor-widget__width-initial elementor-widget-mobile__width-inherit elementor-widget-tablet__width-inherit elementor-widget elementor-widget-text-editor\" data-id=\"db94760\" data-element_type=\"widget\" data-widget_type=\"text-editor.default\">\n\t\t\t\t\t\t\t\t\t<p>Syst\u00e8me optionnel r\u00e9aliste et interactif pour les nouvelles constructions<\/p>\t\t\t\t\t\t\t\t<\/div>\n\t\t\t\t<div class=\"elementor-element elementor-element-c98a4ae elementor-widget__width-initial elementor-widget-tablet__width-inherit elementor-widget-mobile__width-initial elementor-widget elementor-widget-text-editor\" data-id=\"c98a4ae\" data-element_type=\"widget\" data-widget_type=\"text-editor.default\">\n\t\t\t\t\t\t\t\t\t<p>Avec notre <strong>configurateur innovant<\/strong> nous sommes en mesure d'offrir une<strong> solution personnalis\u00e9e<\/strong> pour diff\u00e9rents types de projets, qu'il s'agisse de projets enti\u00e8rement nouveaux ou de projets de grande envergure. <strong>projet de construction<\/strong>, <strong>d'importantes r\u00e9novations<\/strong> ou des mises \u00e0 jour sp\u00e9cifiques <strong>pour les biens existants<\/strong>. Notre syst\u00e8me est con\u00e7u pour offrir un maximum de flexibilit\u00e9 et de personnalisation. Pour ce faire, nous proposons une s\u00e9rie d'options, allant de gammes de produits standardis\u00e9s \u00e0 des options enti\u00e8rement personnalisables, o\u00f9 vous pouvez, en tant que client, m\u00e9langer et assortir les produits en fonction de vos souhaits et besoins sp\u00e9cifiques.<\/p><p>En <strong>unique<\/strong> dans notre <strong>configurateur<\/strong> est la possibilit\u00e9 de cr\u00e9er des <strong>termin\u00e9<\/strong> des concepts de style ou des ensembles d'inspiration. Ces ensembles peuvent \u00eatre facilement s\u00e9lectionn\u00e9s par le client final afin de fournir une base solide pour la conception et l'ameublement, tout en laissant une marge de man\u0153uvre pour la personnalisation. Pour mieux clarifier et visualiser le potentiel du projet, toutes les configurations sont pr\u00e9sent\u00e9es sous forme de dessins clairs en 2D. Cette visualisation vous permet, ainsi qu'\u00e0 vos clients, d'avoir un aper\u00e7u clair de l'espace pr\u00e9vu.<\/p><p>Afin de poursuivre <strong>simplifier<\/strong> et <strong>rationaliser le processus<\/strong>Dans le cadre d'un projet d'envergure, nous nous chargeons de la planification et de la conception d\u00e9taill\u00e9es du projet. Cela signifie que vous pouvez vous concentrer sur les grandes d\u00e9cisions et la vision globale, tandis que nous nous occupons des d\u00e9tails.<\/p><p>Une fois la configuration finalis\u00e9e, le client se voit offrir une vue d'ensemble des \u00e9l\u00e9ments de conception s\u00e9lectionn\u00e9s et de l'estimation du co\u00fbt total. Ce r\u00e9sum\u00e9 peut ensuite \u00eatre transf\u00e9r\u00e9 en douceur aux parties concern\u00e9es du projet, telles que le chef de projet ou le service des achats, pour qu'elles prennent les mesures qui s'imposent. Notre configurateur est con\u00e7u pour \u00eatre plus qu'un simple outil de s\u00e9lection de la conception et de l'am\u00e9nagement ; c'est une solution compl\u00e8te pour rationaliser et optimiser la gestion des projets de construction, quelle que soit leur ampleur ou leur complexit\u00e9.<\/p><p>En int\u00e9grant notre configurateur dans votre projet de construction, vous acc\u00e9dez \u00e0 un niveau \u00e9lev\u00e9 de personnalisation et de contr\u00f4le, ce qui vous permet de b\u00e9n\u00e9ficier d'un processus plus fluide, plus rentable et mieux organis\u00e9 du d\u00e9but \u00e0 la fin.<\/p>\t\t\t\t\t\t\t\t<\/div>\n\t\t\t\t\t<\/div>\n\t\t<\/div>\n\t\t\t\t\t<\/div>\n\t\t<\/section>\n\t\t\t\t<section class=\"elementor-section elementor-top-section elementor-element elementor-element-4ec5bab elementor-reverse-tablet elementor-reverse-mobile elementor-section-full_width elementor-section-height-default elementor-section-height-default\" data-id=\"4ec5bab\" data-element_type=\"section\" data-settings=\"{&quot;background_background&quot;:&quot;classic&quot;}\">\n\t\t\t\t\t\t<div class=\"elementor-container elementor-column-gap-default\">\n\t\t\t\t\t<div class=\"elementor-column elementor-col-100 elementor-top-column elementor-element elementor-element-021ff1f\" data-id=\"021ff1f\" data-element_type=\"column\" data-settings=\"{&quot;background_background&quot;:&quot;classic&quot;}\">\n\t\t\t<div class=\"elementor-widget-wrap elementor-element-populated\">\n\t\t\t\t\t\t<div class=\"elementor-element elementor-element-52ac1f6 elementor-widget elementor-widget-shortcode\" data-id=\"52ac1f6\" data-element_type=\"widget\" data-widget_type=\"shortcode.default\">\n\t\t\t\t\t\t\t<div class=\"elementor-shortcode\">[wpc_config id=\"23701\"]<\/div>\n\t\t\t\t\t\t<\/div>\n\t\t\t\t\t<\/div>\n\t\t<\/div>\n\t\t\t\t\t<\/div>\n\t\t<\/section>\n\t\t\t\t<section class=\"elementor-section elementor-top-section elementor-element elementor-element-ec189cb elementor-section-boxed elementor-section-height-default elementor-section-height-default\" data-id=\"ec189cb\" data-element_type=\"section\" data-settings=\"{&quot;background_background&quot;:&quot;classic&quot;}\">\n\t\t\t\t\t\t<div class=\"elementor-container elementor-column-gap-default\">\n\t\t\t\t\t<div class=\"elementor-column elementor-col-100 elementor-top-column elementor-element elementor-element-8ea995b\" data-id=\"8ea995b\" data-element_type=\"column\">\n\t\t\t<div class=\"elementor-widget-wrap elementor-element-populated\">\n\t\t\t\t\t\t<div class=\"elementor-element elementor-element-1d47bcf elementor-widget elementor-widget-spacer\" data-id=\"1d47bcf\" data-element_type=\"widget\" data-widget_type=\"spacer.default\">\n\t\t\t\t\t\t\t<div class=\"elementor-spacer\">\n\t\t\t<div class=\"elementor-spacer-inner\"><\/div>\n\t\t<\/div>\n\t\t\t\t\t\t<\/div>\n\t\t\t\t<div class=\"elementor-element elementor-element-12c84b0 elementor-widget elementor-widget-heading\" data-id=\"12c84b0\" data-element_type=\"widget\" data-widget_type=\"heading.default\">\n\t\t\t\t\t<span class=\"elementor-heading-title elementor-size-default\">En savoir plus sur le S\u00e9lecteur de logement pour les nouvelles constructions<\/span>\t\t\t\t<\/div>\n\t\t\t\t<div class=\"elementor-element elementor-element-e35c99d elementor-align-center elementor-widget elementor-widget-button\" data-id=\"e35c99d\" data-element_type=\"widget\" data-widget_type=\"button.default\">\n\t\t\t\t\t\t\t\t\t\t<a class=\"elementor-button elementor-button-link elementor-size-sm\" href=\"https:\/\/huset.se\/bostadsvaljare\/\">\n\t\t\t\t\t\t<span class=\"elementor-button-content-wrapper\">\n\t\t\t\t\t\t\t\t\t<span class=\"elementor-button-text\">En savoir plus<\/span>\n\t\t\t\t\t<\/span>\n\t\t\t\t\t<\/a>\n\t\t\t\t\t\t\t\t<\/div>\n\t\t\t\t<div class=\"elementor-element elementor-element-78cab11 elementor-widget elementor-widget-spacer\" data-id=\"78cab11\" data-element_type=\"widget\" data-widget_type=\"spacer.default\">\n\t\t\t\t\t\t\t<div class=\"elementor-spacer\">\n\t\t\t<div class=\"elementor-spacer-inner\"><\/div>\n\t\t<\/div>\n\t\t\t\t\t\t<\/div>\n\t\t\t\t\t<\/div>\n\t\t<\/div>\n\t\t\t\t\t<\/div>\n\t\t<\/section>\n\t\t\t\t<\/div>","protected":false},"excerpt":{"rendered":"<p>Configurateur d'outils interactifs Syst\u00e8me d'options r\u00e9aliste et interactif pour les nouvelles constructions Gr\u00e2ce \u00e0 notre configurateur innovant, nous pouvons offrir une solution polyvalente et personnalis\u00e9e pour diff\u00e9rents types de projets, qu'il s'agisse de projets de nouvelles constructions, de r\u00e9novations importantes ou de mises \u00e0 jour sp\u00e9cifiques pour des propri\u00e9t\u00e9s existantes. Notre syst\u00e8me est con\u00e7u pour offrir un maximum de flexibilit\u00e9 et d'adaptabilit\u00e9. Ceci est r\u00e9alis\u00e9 [...]<\/p>","protected":false},"author":26,"featured_media":0,"parent":0,"menu_order":0,"comment_status":"closed","ping_status":"closed","template":"template\/template-homepage.php","meta":{"_et_pb_use_builder":"","_et_pb_old_content":"","_et_gb_content_width":"","footnotes":""},"class_list":["post-24126","page","type-page","status-publish","hentry"],"_links":{"self":[{"href":"https:\/\/huset.se\/fr\/wp-json\/wp\/v2\/pages\/24126","targetHints":{"allow":["GET"]}}],"collection":[{"href":"https:\/\/huset.se\/fr\/wp-json\/wp\/v2\/pages"}],"about":[{"href":"https:\/\/huset.se\/fr\/wp-json\/wp\/v2\/types\/page"}],"author":[{"embeddable":true,"href":"https:\/\/huset.se\/fr\/wp-json\/wp\/v2\/users\/26"}],"replies":[{"embeddable":true,"href":"https:\/\/huset.se\/fr\/wp-json\/wp\/v2\/comments?post=24126"}],"version-history":[{"count":3,"href":"https:\/\/huset.se\/fr\/wp-json\/wp\/v2\/pages\/24126\/revisions"}],"predecessor-version":[{"id":27745,"href":"https:\/\/huset.se\/fr\/wp-json\/wp\/v2\/pages\/24126\/revisions\/27745"}],"wp:attachment":[{"href":"https:\/\/huset.se\/fr\/wp-json\/wp\/v2\/media?parent=24126"}],"curies":[{"name":"wp","href":"https:\/\/api.w.org\/{rel}","templated":true}]}}