{"id":23899,"date":"2023-12-27T13:40:20","date_gmt":"2023-12-27T12:40:20","guid":{"rendered":"https:\/\/huset.se\/?page_id=23899"},"modified":"2025-05-23T12:58:46","modified_gmt":"2025-05-23T10:58:46","slug":"fler-potentiella-kopare","status":"publish","type":"page","link":"https:\/\/huset.se\/fr\/fler-potentiella-kopare\/","title":{"rendered":"Plus d'acheteurs potentiels"},"content":{"rendered":"<div data-elementor-type=\"wp-page\" data-elementor-id=\"23899\" class=\"elementor elementor-23899\">\n\t\t\t\t\t\t<section class=\"elementor-section elementor-top-section elementor-element elementor-element-c64906b elementor-section-content-middle elementor-section-boxed elementor-section-height-default elementor-section-height-default\" data-id=\"c64906b\" data-element_type=\"section\" data-settings=\"{&quot;background_background&quot;:&quot;classic&quot;}\">\n\t\t\t\t\t\t<div class=\"elementor-container elementor-column-gap-no\">\n\t\t\t\t\t<div class=\"elementor-column elementor-col-50 elementor-top-column elementor-element elementor-element-f48650e\" data-id=\"f48650e\" data-element_type=\"column\">\n\t\t\t<div class=\"elementor-widget-wrap elementor-element-populated\">\n\t\t\t\t\t\t<div class=\"elementor-element elementor-element-05a27e6 elementor-widget elementor-widget-text-editor\" data-id=\"05a27e6\" data-element_type=\"widget\" data-widget_type=\"text-editor.default\">\n\t\t\t\t\t\t\t\t\t<p>Outils interactifs<\/p>\t\t\t\t\t\t\t\t<\/div>\n\t\t\t\t<div class=\"elementor-element elementor-element-e9f9023 elementor-widget elementor-widget-heading\" data-id=\"e9f9023\" data-element_type=\"widget\" data-widget_type=\"heading.default\">\n\t\t\t\t\t<h2 class=\"elementor-heading-title elementor-size-default\">Affichage num\u00e9rique avec traduction linguistique<\/h2>\t\t\t\t<\/div>\n\t\t\t\t<div class=\"elementor-element elementor-element-5c381d6 elementor-widget-divider--view-line elementor-widget elementor-widget-divider\" data-id=\"5c381d6\" data-element_type=\"widget\" data-widget_type=\"divider.default\">\n\t\t\t\t\t\t\t<div class=\"elementor-divider\">\n\t\t\t<span class=\"elementor-divider-separator\">\n\t\t\t\t\t\t<\/span>\n\t\t<\/div>\n\t\t\t\t\t\t<\/div>\n\t\t\t\t\t<\/div>\n\t\t<\/div>\n\t\t\t\t<div class=\"elementor-column elementor-col-50 elementor-top-column elementor-element elementor-element-e8f7acb\" data-id=\"e8f7acb\" data-element_type=\"column\">\n\t\t\t<div class=\"elementor-widget-wrap elementor-element-populated\">\n\t\t\t\t\t\t<div class=\"elementor-element elementor-element-4ad241f elementor-widget elementor-widget-image\" data-id=\"4ad241f\" data-element_type=\"widget\" data-widget_type=\"image.default\">\n\t\t\t\t\t\t\t\t\t\t\t\t\t\t\t<img decoding=\"async\" src=\"https:\/\/huset.se\/wp-content\/uploads\/2025\/05\/sprakoversattning-av-digitala-visningar-2.jpg\" title=\"Traduction linguistique.\" alt=\"Traduction multilingue pour les affaires et les finances personnelles.\" class=\"elementor-animation-grow\" loading=\"lazy\" \/>\t\t\t\t\t\t\t\t\t\t\t\t\t\t\t<\/div>\n\t\t\t\t\t<\/div>\n\t\t<\/div>\n\t\t\t\t\t<\/div>\n\t\t<\/section>\n\t\t\t\t<section class=\"elementor-section elementor-top-section elementor-element elementor-element-381f478 elementor-reverse-tablet elementor-reverse-mobile elementor-section-boxed elementor-section-height-default elementor-section-height-default\" data-id=\"381f478\" data-element_type=\"section\" data-settings=\"{&quot;background_background&quot;:&quot;classic&quot;}\">\n\t\t\t\t\t\t<div class=\"elementor-container elementor-column-gap-default\">\n\t\t\t\t\t<div class=\"elementor-column elementor-col-100 elementor-top-column elementor-element elementor-element-25679dc\" data-id=\"25679dc\" data-element_type=\"column\" data-settings=\"{&quot;background_background&quot;:&quot;classic&quot;}\">\n\t\t\t<div class=\"elementor-widget-wrap elementor-element-populated\">\n\t\t\t\t\t\t<div class=\"elementor-element elementor-element-606c93c elementor-widget elementor-widget-spacer\" data-id=\"606c93c\" data-element_type=\"widget\" data-widget_type=\"spacer.default\">\n\t\t\t\t\t\t\t<div class=\"elementor-spacer\">\n\t\t\t<div class=\"elementor-spacer-inner\"><\/div>\n\t\t<\/div>\n\t\t\t\t\t\t<\/div>\n\t\t\t\t<div class=\"elementor-element elementor-element-b1ab99e elementor-widget elementor-widget-heading\" data-id=\"b1ab99e\" data-element_type=\"widget\" data-widget_type=\"heading.default\">\n\t\t\t\t\t<h2 class=\"elementor-heading-title elementor-size-default\">Ouvrir la porte aux acheteurs internationaux<\/h2>\t\t\t\t<\/div>\n\t\t\t\t<div class=\"elementor-element elementor-element-004b2da elementor-widget-divider--view-line elementor-widget elementor-widget-divider\" data-id=\"004b2da\" data-element_type=\"widget\" data-widget_type=\"divider.default\">\n\t\t\t\t\t\t\t<div class=\"elementor-divider\">\n\t\t\t<span class=\"elementor-divider-separator\">\n\t\t\t\t\t\t<\/span>\n\t\t<\/div>\n\t\t\t\t\t\t<\/div>\n\t\t\t\t<div class=\"elementor-element elementor-element-6a515db elementor-widget elementor-widget-text-editor\" data-id=\"6a515db\" data-element_type=\"widget\" data-widget_type=\"text-editor.default\">\n\t\t\t\t\t\t\t\t\t<p data-start=\"183\" data-end=\"401\">Dans un march\u00e9 de plus en plus mondialis\u00e9, il ne suffit pas d'\u00eatre vu, il faut \u00eatre compris.<br data-start=\"264\" data-end=\"267\" \/>M\u00e9d. <strong data-start=\"271\" data-end=\"304\">Solutions multilingues dans le b\u00e2timent<\/strong> vous mettez votre bien \u00e0 la disposition des sp\u00e9culateurs du monde entier, sans qu'ils aient \u00e0 se d\u00e9placer d'un m\u00e8tre.<\/p><p data-start=\"403\" data-end=\"646\">Nos experts linguistiques traduisent <strong data-start=\"433\" data-end=\"500\">descriptions d'objets, messages d'accueil personnalis\u00e9s et enregistrements audio<\/strong> en plusieurs langues, afin que la pr\u00e9sentation du bien ou des locaux soit \u00e9galement personnalis\u00e9e, accueillante et claire, quelle que soit la langue maternelle du destinataire.<\/p><p data-start=\"648\" data-end=\"833\">Combin\u00e9 \u00e0 nos visites num\u00e9riques, cela permet de cr\u00e9er une exp\u00e9rience holistique qui respire l'innovation. <strong data-start=\"734\" data-end=\"781\">accessibilit\u00e9, professionnalisme et attention<\/strong> - un \u00e9l\u00e9ment crucial dans le domaine des affaires internationales.<\/p>\t\t\t\t\t\t\t\t<\/div>\n\t\t\t\t\t<\/div>\n\t\t<\/div>\n\t\t\t\t\t<\/div>\n\t\t<\/section>\n\t\t\t\t<section class=\"elementor-section elementor-top-section elementor-element elementor-element-cceaabf elementor-section-full_width elementor-section-height-default elementor-section-height-default\" data-id=\"cceaabf\" data-element_type=\"section\" data-settings=\"{&quot;background_background&quot;:&quot;classic&quot;}\">\n\t\t\t\t\t\t<div class=\"elementor-container elementor-column-gap-default\">\n\t\t\t\t\t<div class=\"elementor-column elementor-col-50 elementor-top-column elementor-element elementor-element-c399545\" data-id=\"c399545\" data-element_type=\"column\">\n\t\t\t<div class=\"elementor-widget-wrap elementor-element-populated\">\n\t\t\t\t\t\t<div class=\"elementor-element elementor-element-1b3fe22 elementor-widget elementor-widget-spacer\" data-id=\"1b3fe22\" data-element_type=\"widget\" data-widget_type=\"spacer.default\">\n\t\t\t\t\t\t\t<div class=\"elementor-spacer\">\n\t\t\t<div class=\"elementor-spacer-inner\"><\/div>\n\t\t<\/div>\n\t\t\t\t\t\t<\/div>\n\t\t\t\t<div class=\"elementor-element elementor-element-66817a4 elementor-widget elementor-widget-html\" data-id=\"66817a4\" data-element_type=\"widget\" data-widget_type=\"html.default\">\n\t\t\t\t\t<div style=\"position:relative;padding-top:56.25%;\"><iframe src=\"https:\/\/iframe.mediadelivery.net\/embed\/230487\/b80271e7-f365-44d8-a12f-1532185d2555?autoplay=false&loop=false&muted=false&preload=true&responsive=true\" loading=\"lazy\" style=\"border:0;position:absolute;top:0;height:100%;width:100%;\" allow=\"accelerometer;gyroscope;autoplay;encrypted-media;picture-in-picture;\" allowfullscreen=\"true\"><\/iframe><\/div>\t\t\t\t<\/div>\n\t\t\t\t\t<\/div>\n\t\t<\/div>\n\t\t\t\t<div class=\"elementor-column elementor-col-50 elementor-top-column elementor-element elementor-element-bb7423a\" data-id=\"bb7423a\" data-element_type=\"column\">\n\t\t\t<div class=\"elementor-widget-wrap elementor-element-populated\">\n\t\t\t\t\t\t<div class=\"elementor-element elementor-element-697f774 elementor-widget elementor-widget-spacer\" data-id=\"697f774\" data-element_type=\"widget\" data-widget_type=\"spacer.default\">\n\t\t\t\t\t\t\t<div class=\"elementor-spacer\">\n\t\t\t<div class=\"elementor-spacer-inner\"><\/div>\n\t\t<\/div>\n\t\t\t\t\t\t<\/div>\n\t\t\t\t<div class=\"elementor-element elementor-element-21aee43 elementor-widget elementor-widget-heading\" data-id=\"21aee43\" data-element_type=\"widget\" data-widget_type=\"heading.default\">\n\t\t\t\t\t<h2 class=\"elementor-heading-title elementor-size-default\">Pour l'immobilier d'entreprise<\/h2>\t\t\t\t<\/div>\n\t\t\t\t<div class=\"elementor-element elementor-element-89db28b elementor-widget elementor-widget-text-editor\" data-id=\"89db28b\" data-element_type=\"widget\" data-widget_type=\"text-editor.default\">\n\t\t\t\t\t\t\t\t\t<p>Des pr\u00e9sentations pr\u00e9cises - pour des biens qui m\u00e9ritent le meilleur<\/p>\t\t\t\t\t\t\t\t<\/div>\n\t\t\t\t<div class=\"elementor-element elementor-element-6634710 elementor-widget elementor-widget-text-editor\" data-id=\"6634710\" data-element_type=\"widget\" data-widget_type=\"text-editor.default\">\n\t\t\t\t\t\t\t\t\t<p data-start=\"316\" data-end=\"616\">Lorsque chaque d\u00e9tail compte, il faut plus qu'une simple visite, il faut une exp\u00e9rience.<br data-start=\"401\" data-end=\"404\" \/>Gr\u00e2ce \u00e0 la technologie avanc\u00e9e de Huset, \u00e0 la conception visuelle et \u00e0 la communication linguistique personnalis\u00e9e, nous cr\u00e9ons <strong data-start=\"496\" data-end=\"528\">pr\u00e9sentations personnalis\u00e9es<\/strong> qui met en valeur votre propri\u00e9t\u00e9 commerciale avec la dignit\u00e9 et la nettet\u00e9 qu'elle m\u00e9rite.<\/p><p data-start=\"618\" data-end=\"810\">Qu'il s'agisse de descriptions d'objets cibl\u00e9es au niveau international ou de visites guid\u00e9es num\u00e9riques de haute qualit\u00e9, chaque pr\u00e9sentation est con\u00e7ue pour s'adresser au bon public, dans la bonne langue et avec la bonne \u00e9motion.<\/p><p data-start=\"812\" data-end=\"932\"><strong data-start=\"812\" data-end=\"932\">Nous refl\u00e9tons les points forts de votre marque dans chaque s\u00e9quence - pour une pr\u00e9sentation qui impressionne et convertit.<\/strong><\/p>\t\t\t\t\t\t\t\t<\/div>\n\t\t\t\t\t<\/div>\n\t\t<\/div>\n\t\t\t\t\t<\/div>\n\t\t<\/section>\n\t\t\t\t<section class=\"elementor-section elementor-top-section elementor-element elementor-element-4adfb18 elementor-section-boxed elementor-section-height-default elementor-section-height-default\" data-id=\"4adfb18\" data-element_type=\"section\" data-settings=\"{&quot;background_background&quot;:&quot;classic&quot;}\">\n\t\t\t\t\t\t<div class=\"elementor-container elementor-column-gap-default\">\n\t\t\t\t\t<div class=\"elementor-column elementor-col-100 elementor-top-column elementor-element elementor-element-c1f9acc\" data-id=\"c1f9acc\" data-element_type=\"column\">\n\t\t\t<div class=\"elementor-widget-wrap elementor-element-populated\">\n\t\t\t\t\t\t<div class=\"elementor-element elementor-element-0f7b9b2 elementor-widget elementor-widget-spacer\" data-id=\"0f7b9b2\" data-element_type=\"widget\" data-widget_type=\"spacer.default\">\n\t\t\t\t\t\t\t<div class=\"elementor-spacer\">\n\t\t\t<div class=\"elementor-spacer-inner\"><\/div>\n\t\t<\/div>\n\t\t\t\t\t\t<\/div>\n\t\t\t\t\t<\/div>\n\t\t<\/div>\n\t\t\t\t\t<\/div>\n\t\t<\/section>\n\t\t\t\t<section class=\"elementor-section elementor-top-section elementor-element elementor-element-140d22b elementor-section-full_width elementor-section-height-default elementor-section-height-default\" data-id=\"140d22b\" data-element_type=\"section\" data-settings=\"{&quot;background_background&quot;:&quot;classic&quot;}\">\n\t\t\t\t\t\t<div class=\"elementor-container elementor-column-gap-default\">\n\t\t\t\t\t<div class=\"elementor-column elementor-col-50 elementor-top-column elementor-element elementor-element-f84527c\" data-id=\"f84527c\" data-element_type=\"column\">\n\t\t\t<div class=\"elementor-widget-wrap elementor-element-populated\">\n\t\t\t\t\t\t<div class=\"elementor-element elementor-element-f346043 elementor-widget elementor-widget-spacer\" data-id=\"f346043\" data-element_type=\"widget\" data-widget_type=\"spacer.default\">\n\t\t\t\t\t\t\t<div class=\"elementor-spacer\">\n\t\t\t<div class=\"elementor-spacer-inner\"><\/div>\n\t\t<\/div>\n\t\t\t\t\t\t<\/div>\n\t\t\t\t<div class=\"elementor-element elementor-element-9064b67 elementor-widget elementor-widget-html\" data-id=\"9064b67\" data-element_type=\"widget\" data-widget_type=\"html.default\">\n\t\t\t\t\t<div style=\"position:relative;padding-top:56.25%;\"><iframe src=\"https:\/\/iframe.mediadelivery.net\/embed\/230487\/62d6dc9d-3009-40d3-bc7d-ee72f7535d51?autoplay=false&loop=false&muted=false&preload=true&responsive=true\" loading=\"lazy\" style=\"border:0;position:absolute;top:0;height:100%;width:100%;\" allow=\"accelerometer;gyroscope;autoplay;encrypted-media;picture-in-picture;\" allowfullscreen=\"true\"><\/iframe><\/div>\t\t\t\t<\/div>\n\t\t\t\t\t<\/div>\n\t\t<\/div>\n\t\t\t\t<div class=\"elementor-column elementor-col-50 elementor-top-column elementor-element elementor-element-8cc186c\" data-id=\"8cc186c\" data-element_type=\"column\">\n\t\t\t<div class=\"elementor-widget-wrap elementor-element-populated\">\n\t\t\t\t\t\t<div class=\"elementor-element elementor-element-bdafc25 elementor-widget elementor-widget-spacer\" data-id=\"bdafc25\" data-element_type=\"widget\" data-widget_type=\"spacer.default\">\n\t\t\t\t\t\t\t<div class=\"elementor-spacer\">\n\t\t\t<div class=\"elementor-spacer-inner\"><\/div>\n\t\t<\/div>\n\t\t\t\t\t\t<\/div>\n\t\t\t\t<div class=\"elementor-element elementor-element-f7a1f80 elementor-widget elementor-widget-heading\" data-id=\"f7a1f80\" data-element_type=\"widget\" data-widget_type=\"heading.default\">\n\t\t\t\t\t<h2 class=\"elementor-heading-title elementor-size-default\">Pour la propri\u00e9t\u00e9 priv\u00e9e<\/h2>\t\t\t\t<\/div>\n\t\t\t\t<div class=\"elementor-element elementor-element-6153dca elementor-widget elementor-widget-text-editor\" data-id=\"6153dca\" data-element_type=\"widget\" data-widget_type=\"text-editor.default\">\n\t\t\t\t\t\t\t\t\t<p>Rendez votre propri\u00e9t\u00e9 commerciale accessible aux acheteurs du monde entierDes pr\u00e9sentations qui parlent au c\u0153ur - en plusieurs langues<\/p>\t\t\t\t\t\t\t\t<\/div>\n\t\t\t\t<div class=\"elementor-element elementor-element-eb1d646 elementor-widget elementor-widget-text-editor\" data-id=\"eb1d646\" data-element_type=\"widget\" data-widget_type=\"text-editor.default\">\n\t\t\t\t\t\t\t\t\t<p data-start=\"251\" data-end=\"468\">Gr\u00e2ce \u00e0 notre technologie, \u00e0 notre expertise et \u00e0 nos connaissances linguistiques, nous vous aidons \u00e0 cr\u00e9er des pr\u00e9sentations \u00e9l\u00e9gantes, attrayantes et visuellement sophistiqu\u00e9es de r\u00e9sidences priv\u00e9es - qu'il s'agisse d'un \u00e9tage, d'une villa ou d'une maison de vacances.<\/p><p data-start=\"470\" data-end=\"699\">Chaque pr\u00e9sentoir et chaque d\u00e9tail traduit la qualit\u00e9, le soin et le style que votre marque v\u00e9hicule - de la premi\u00e8re \u00e0 la derni\u00e8re impression.<br data-start=\"620\" data-end=\"623\" \/>Tout cela pour que vous puissiez rencontrer le bon acheteur, dans la bonne langue - avec le bon sentiment.<\/p>\t\t\t\t\t\t\t\t<\/div>\n\t\t\t\t\t<\/div>\n\t\t<\/div>\n\t\t\t\t\t<\/div>\n\t\t<\/section>\n\t\t\t\t<\/div>","protected":false},"excerpt":{"rendered":"<p>Outils interactifs Visualisation num\u00e9rique avec traduction linguistique Ouvrez la porte aux acheteurs internationaux Dans un march\u00e9 de plus en plus mondialis\u00e9, il ne suffit pas d'\u00eatre vu, il faut \u00eatre compris. Gr\u00e2ce aux solutions multilingues de Huset, vous pouvez rendre votre bien accessible aux acheteurs du monde entier, sans qu'ils aient \u00e0 se d\u00e9placer d'un m\u00e8tre. Nos experts linguistiques traduisent les descriptions des biens, les messages d'accueil personnalis\u00e9s et les enregistrements audio en [...]<\/p>","protected":false},"author":26,"featured_media":0,"parent":0,"menu_order":0,"comment_status":"closed","ping_status":"closed","template":"template\/template-homepage.php","meta":{"_et_pb_use_builder":"","_et_pb_old_content":"","_et_gb_content_width":"","footnotes":""},"class_list":["post-23899","page","type-page","status-publish","hentry"],"_links":{"self":[{"href":"https:\/\/huset.se\/fr\/wp-json\/wp\/v2\/pages\/23899","targetHints":{"allow":["GET"]}}],"collection":[{"href":"https:\/\/huset.se\/fr\/wp-json\/wp\/v2\/pages"}],"about":[{"href":"https:\/\/huset.se\/fr\/wp-json\/wp\/v2\/types\/page"}],"author":[{"embeddable":true,"href":"https:\/\/huset.se\/fr\/wp-json\/wp\/v2\/users\/26"}],"replies":[{"embeddable":true,"href":"https:\/\/huset.se\/fr\/wp-json\/wp\/v2\/comments?post=23899"}],"version-history":[{"count":6,"href":"https:\/\/huset.se\/fr\/wp-json\/wp\/v2\/pages\/23899\/revisions"}],"predecessor-version":[{"id":27755,"href":"https:\/\/huset.se\/fr\/wp-json\/wp\/v2\/pages\/23899\/revisions\/27755"}],"wp:attachment":[{"href":"https:\/\/huset.se\/fr\/wp-json\/wp\/v2\/media?parent=23899"}],"curies":[{"name":"wp","href":"https:\/\/api.w.org\/{rel}","templated":true}]}}