{"id":23765,"date":"2023-12-26T19:15:55","date_gmt":"2023-12-26T18:15:55","guid":{"rendered":"https:\/\/huset.se\/?page_id=23765"},"modified":"2024-04-13T18:55:48","modified_gmt":"2024-04-13T16:55:48","slug":"lets-take-a-walk","status":"publish","type":"page","link":"https:\/\/huset.se\/fr\/lets-take-a-walk\/","title":{"rendered":"Allons nous promener !"},"content":{"rendered":"<div data-elementor-type=\"wp-page\" data-elementor-id=\"23765\" class=\"elementor elementor-23765\">\n\t\t\t\t\t\t<section class=\"elementor-section elementor-top-section elementor-element elementor-element-c5b647a elementor-section-boxed elementor-section-height-default elementor-section-height-default\" data-id=\"c5b647a\" data-element_type=\"section\" data-settings=\"{&quot;background_background&quot;:&quot;classic&quot;}\">\n\t\t\t\t\t\t<div class=\"elementor-container elementor-column-gap-default\">\n\t\t\t\t\t<div class=\"elementor-column elementor-col-100 elementor-top-column elementor-element elementor-element-4864c08\" data-id=\"4864c08\" data-element_type=\"column\">\n\t\t\t<div class=\"elementor-widget-wrap elementor-element-populated\">\n\t\t\t\t\t\t<div class=\"elementor-element elementor-element-ab55784 elementor-widget elementor-widget-spacer\" data-id=\"ab55784\" data-element_type=\"widget\" data-widget_type=\"spacer.default\">\n\t\t\t\t\t\t\t<div class=\"elementor-spacer\">\n\t\t\t<div class=\"elementor-spacer-inner\"><\/div>\n\t\t<\/div>\n\t\t\t\t\t\t<\/div>\n\t\t\t\t<div class=\"elementor-element elementor-element-b5ea1ea elementor-widget elementor-widget-heading\" data-id=\"b5ea1ea\" data-element_type=\"widget\" data-widget_type=\"heading.default\">\n\t\t\t\t\t<h2 class=\"elementor-heading-title elementor-size-default\">Allons nous promener !<\/h2>\t\t\t\t<\/div>\n\t\t\t\t<div class=\"elementor-element elementor-element-54ab209 elementor-widget-divider--view-line elementor-widget elementor-widget-divider\" data-id=\"54ab209\" data-element_type=\"widget\" data-widget_type=\"divider.default\">\n\t\t\t\t\t\t\t<div class=\"elementor-divider\">\n\t\t\t<span class=\"elementor-divider-separator\">\n\t\t\t\t\t\t<\/span>\n\t\t<\/div>\n\t\t\t\t\t\t<\/div>\n\t\t\t\t<div class=\"elementor-element elementor-element-46ec174 elementor-widget elementor-widget-shortcode\" data-id=\"46ec174\" data-element_type=\"widget\" data-widget_type=\"shortcode.default\">\n\t\t\t\t\t\t\t<div class=\"elementor-shortcode\"><div style=\"position:relative;padding-top:56.25%;\"><iframe src=\"https:\/\/iframe.mediadelivery.net\/embed\/230487\/ccbb3812-0c1f-4673-a2a3-7e2a852feb46?autoplay=false&loop=false&muted=false&preload=true&responsive=true\" loading=\"lazy\" style=\"border:0;position:absolute;top:0;height:100%;width:100%;\" allow=\"accelerometer;gyroscope;autoplay;encrypted-media;picture-in-picture;\" allowfullscreen=\"true\"><\/iframe><\/div><\/div>\n\t\t\t\t\t\t<\/div>\n\t\t\t\t<div class=\"elementor-element elementor-element-5a58969 elementor-drop-cap-yes elementor-drop-cap-view-default elementor-widget elementor-widget-text-editor\" data-id=\"5a58969\" data-element_type=\"widget\" data-settings=\"{&quot;drop_cap&quot;:&quot;yes&quot;}\" data-widget_type=\"text-editor.default\">\n\t\t\t\t\t\t\t\t\t<p><span style=\"color: #ffffff;\"><strong><span style=\"font-size: 50px; text-align: center;\">L<\/span>\u00a0et se promener !<\/strong><\/span> est un service de la maison qui permet de se promener en 3D autour d'un objet immobilier.<\/p><p>Let's take a Walk est un service innovant propos\u00e9 par la soci\u00e9t\u00e9 immobili\u00e8re, qui transforme les visites traditionnelles de biens immobiliers en une exp\u00e9rience interactive et attrayante. Gr\u00e2ce \u00e0 ce service, les acheteurs ou locataires potentiels peuvent explorer les objets de la propri\u00e9t\u00e9 dans un environnement virtuel en 3D, semblable \u00e0 celui des jeux vid\u00e9o. Cette fonctionnalit\u00e9 permet de mieux comprendre et appr\u00e9cier le bien, bien au-del\u00e0 de ce que les photos traditionnelles ou les visites vid\u00e9o peuvent offrir.<\/p><p>Les utilisateurs contr\u00f4lent leur promenade virtuelle dans l'objet immobilier \u00e0 l'aide de la souris et des boutons W, A, S et D du clavier, un sch\u00e9ma de contr\u00f4le courant dans les jeux informatiques. Cette interface intuitive permet aux utilisateurs de tous \u00e2ges de naviguer facilement dans l'environnement virtuel, en explorant chaque coin de la propri\u00e9t\u00e9 \u00e0 leur propre rythme et sous diff\u00e9rents angles. Qu'il s'agisse d'admirer la finesse des travaux de menuiserie, d'appr\u00e9cier l'espace du salon ou d'inspecter la qualit\u00e9 des \u00e9quipements de la cuisine, \"Let's take a walk !\" offre un niveau de d\u00e9tail et d'interactivit\u00e9 qui am\u00e9liore le processus de prise de d\u00e9cision du client.<\/p><p>Cette innovation num\u00e9rique permet non seulement d'obtenir une vue plus d\u00e9taill\u00e9e du bien, mais offre \u00e9galement une solution aux probl\u00e8mes logistiques tels que les d\u00e9placements et les conflits d'horaire. Les parties prenantes peuvent d\u00e9sormais explorer les biens dans le confort de leur domicile, \u00e0 tout moment de la journ\u00e9e, et s'ouvrir ainsi \u00e0 un march\u00e9 plus large d'acheteurs et de locataires potentiels.<\/p><p>En adoptant la technologie derri\u00e8re \"Let's take a walk\", Huset,se se positionne comme un leader du secteur qui valorise l'innovation et la satisfaction du client. Ce service est un brillant exemple de la fa\u00e7on dont les avanc\u00e9es num\u00e9riques peuvent \u00eatre utilis\u00e9es pour enrichir l'exp\u00e9rience des clients et r\u00e9volutionner la fa\u00e7on dont nous interagissons avec l'immobilier.<\/p>\t\t\t\t\t\t\t\t<\/div>\n\t\t\t\t<div class=\"elementor-element elementor-element-17fc081 elementor-widget elementor-widget-text-editor\" data-id=\"17fc081\" data-element_type=\"widget\" data-widget_type=\"text-editor.default\">\n\t\t\t\t\t\t\t\t\t<p>Veuillez noter que le service est en cours de d\u00e9veloppement par Huset et que le r\u00e9sultat final peut diff\u00e9rer sensiblement de cette pr\u00e9sentation. Les objets immobiliers sont scann\u00e9s en 3D et ne sont PAS des objets rendus en 3D.<\/p>\t\t\t\t\t\t\t\t<\/div>\n\t\t\t\t<div class=\"elementor-element elementor-element-3bc382e elementor-align-center elementor-widget elementor-widget-button\" data-id=\"3bc382e\" data-element_type=\"widget\" data-widget_type=\"button.default\">\n\t\t\t\t\t\t\t\t\t\t<a class=\"elementor-button elementor-button-link elementor-size-sm\" href=\"https:\/\/huset.se\/kontakta_oss\/\">\n\t\t\t\t\t\t<span class=\"elementor-button-content-wrapper\">\n\t\t\t\t\t\t<span class=\"elementor-button-icon\">\n\t\t\t\t<svg aria-hidden=\"true\" class=\"e-font-icon-svg e-far-gem\" viewbox=\"0 0 576 512\" xmlns=\"http:\/\/www.w3.org\/2000\/svg\"><path d=\"M464 0H112c-4 0-7.8 2-10 5.4L2 152.6c-2.9 4.4-2.6 10.2.7 14.2l276 340.8c4.8 5.9 13.8 5.9 18.6 0l276-340.8c3.3-4.1 3.6-9.8.7-14.2L474.1 5.4C471.8 2 468.1 0 464 0zm-19.3 48l63.3 96h-68.4l-51.7-96h56.8zm-202.1 0h90.7l51.7 96H191l51.6-96zm-111.3 0h56.8l-51.7 96H68l63.3-96zm-43 144h51.4L208 352 88.3 192zm102.9 0h193.6L288 435.3 191.2 192zM368 352l68.2-160h51.4L368 352z\"><\/path><\/svg>\t\t\t<\/span>\n\t\t\t\t\t\t\t\t\t<span class=\"elementor-button-text\">Contactez-nous pour une visite personnalis\u00e9e<\/span>\n\t\t\t\t\t<\/span>\n\t\t\t\t\t<\/a>\n\t\t\t\t\t\t\t\t<\/div>\n\t\t\t\t<div class=\"elementor-element elementor-element-870d6b5 elementor-widget elementor-widget-spacer\" data-id=\"870d6b5\" data-element_type=\"widget\" data-widget_type=\"spacer.default\">\n\t\t\t\t\t\t\t<div class=\"elementor-spacer\">\n\t\t\t<div class=\"elementor-spacer-inner\"><\/div>\n\t\t<\/div>\n\t\t\t\t\t\t<\/div>\n\t\t\t\t\t<\/div>\n\t\t<\/div>\n\t\t\t\t\t<\/div>\n\t\t<\/section>\n\t\t\t\t<\/div>","protected":false},"excerpt":{"rendered":"<p>Promenons-nous ! Let's take a Walk ! est un service de la maison qui vous permet de faire le tour d'un bien immobilier en 3D. Let's take a Walk est un service innovant propos\u00e9 par la soci\u00e9t\u00e9 immobili\u00e8re, qui transforme les visites traditionnelles d'un bien immobilier en une exp\u00e9rience interactive et engageante. Gr\u00e2ce \u00e0 ce service, les acheteurs ou locataires potentiels peuvent explorer les objets [...]<\/p>","protected":false},"author":26,"featured_media":0,"parent":0,"menu_order":0,"comment_status":"closed","ping_status":"closed","template":"template\/template-homepage.php","meta":{"_et_pb_use_builder":"","_et_pb_old_content":"","_et_gb_content_width":"","footnotes":""},"class_list":["post-23765","page","type-page","status-publish","hentry"],"_links":{"self":[{"href":"https:\/\/huset.se\/fr\/wp-json\/wp\/v2\/pages\/23765","targetHints":{"allow":["GET"]}}],"collection":[{"href":"https:\/\/huset.se\/fr\/wp-json\/wp\/v2\/pages"}],"about":[{"href":"https:\/\/huset.se\/fr\/wp-json\/wp\/v2\/types\/page"}],"author":[{"embeddable":true,"href":"https:\/\/huset.se\/fr\/wp-json\/wp\/v2\/users\/26"}],"replies":[{"embeddable":true,"href":"https:\/\/huset.se\/fr\/wp-json\/wp\/v2\/comments?post=23765"}],"version-history":[{"count":0,"href":"https:\/\/huset.se\/fr\/wp-json\/wp\/v2\/pages\/23765\/revisions"}],"wp:attachment":[{"href":"https:\/\/huset.se\/fr\/wp-json\/wp\/v2\/media?parent=23765"}],"curies":[{"name":"wp","href":"https:\/\/api.w.org\/{rel}","templated":true}]}}