{"id":23716,"date":"2023-12-26T16:35:48","date_gmt":"2023-12-26T15:35:48","guid":{"rendered":"https:\/\/huset.se\/?page_id=23716"},"modified":"2024-10-20T18:32:53","modified_gmt":"2024-10-20T16:32:53","slug":"interaktiv-3d-modell","status":"publish","type":"page","link":"https:\/\/huset.se\/fr\/interaktiv-3d-modell\/","title":{"rendered":"Mod\u00e8le 3D interactif"},"content":{"rendered":"<div data-elementor-type=\"wp-page\" data-elementor-id=\"23716\" class=\"elementor elementor-23716\">\n\t\t\t\t\t\t<section class=\"elementor-section elementor-top-section elementor-element elementor-element-b4b2afa elementor-section-boxed elementor-section-height-default elementor-section-height-default\" data-id=\"b4b2afa\" data-element_type=\"section\" data-settings=\"{&quot;background_background&quot;:&quot;classic&quot;}\">\n\t\t\t\t\t\t<div class=\"elementor-container elementor-column-gap-default\">\n\t\t\t\t\t<div class=\"elementor-column elementor-col-100 elementor-top-column elementor-element elementor-element-ee2ca79\" data-id=\"ee2ca79\" data-element_type=\"column\">\n\t\t\t<div class=\"elementor-widget-wrap elementor-element-populated\">\n\t\t\t\t\t\t<div class=\"elementor-element elementor-element-8ee873a elementor-widget elementor-widget-spacer\" data-id=\"8ee873a\" data-element_type=\"widget\" data-widget_type=\"spacer.default\">\n\t\t\t\t\t\t\t<div class=\"elementor-spacer\">\n\t\t\t<div class=\"elementor-spacer-inner\"><\/div>\n\t\t<\/div>\n\t\t\t\t\t\t<\/div>\n\t\t\t\t<div class=\"elementor-element elementor-element-5da0c87 elementor-widget elementor-widget-heading\" data-id=\"5da0c87\" data-element_type=\"widget\" data-widget_type=\"heading.default\">\n\t\t\t\t\t<h2 class=\"elementor-heading-title elementor-size-default\">Mod\u00e8le 3D interactif<\/h2>\t\t\t\t<\/div>\n\t\t\t\t<div class=\"elementor-element elementor-element-3232e9c elementor-widget-divider--view-line elementor-widget elementor-widget-divider\" data-id=\"3232e9c\" data-element_type=\"widget\" data-widget_type=\"divider.default\">\n\t\t\t\t\t\t\t<div class=\"elementor-divider\">\n\t\t\t<span class=\"elementor-divider-separator\">\n\t\t\t\t\t\t<\/span>\n\t\t<\/div>\n\t\t\t\t\t\t<\/div>\n\t\t\t\t<div class=\"elementor-element elementor-element-2b8f066 elementor-drop-cap-yes elementor-drop-cap-view-default elementor-widget elementor-widget-text-editor\" data-id=\"2b8f066\" data-element_type=\"widget\" data-settings=\"{&quot;drop_cap&quot;:&quot;yes&quot;}\" data-widget_type=\"text-editor.default\">\n\t\t\t\t\t\t\t\t\t<h5><span style=\"color: #ffffff;\">Gr\u00e2ce \u00e0 la technologie de pointe de Huset en mati\u00e8re de visites en 3D, vous pouvez faire passer votre activit\u00e9 de courtage et de gestion immobili\u00e8re \u00e0 la vitesse sup\u00e9rieure. Laissez les mod\u00e8les 3D interactifs de Huset \u00eatre la cl\u00e9 du succ\u00e8s de votre activit\u00e9 immobili\u00e8re.<\/span><\/h5>\t\t\t\t\t\t\t\t<\/div>\n\t\t\t\t<div class=\"elementor-element elementor-element-ae8b038 elementor-widget elementor-widget-shortcode\" data-id=\"ae8b038\" data-element_type=\"widget\" data-widget_type=\"shortcode.default\">\n\t\t\t\t\t\t\t<div class=\"elementor-shortcode\"><div style=\"position:relative;padding-top:56.25%;\"><iframe src=\"https:\/\/iframe.mediadelivery.net\/embed\/230487\/0d9e28e2-ffd4-4a89-8ff9-e2b60686e762?autoplay=false&loop=false&muted=false&preload=true&responsive=true\" loading=\"lazy\" style=\"border:0;position:absolute;top:0;height:100%;width:100%;\" allow=\"accelerometer;gyroscope;autoplay;encrypted-media;picture-in-picture;\" allowfullscreen=\"true\"><\/iframe><\/div><\/div>\n\t\t\t\t\t\t<\/div>\n\t\t\t\t<div class=\"elementor-element elementor-element-67bd27f elementor-drop-cap-yes elementor-drop-cap-view-default elementor-widget elementor-widget-text-editor\" data-id=\"67bd27f\" data-element_type=\"widget\" data-settings=\"{&quot;drop_cap&quot;:&quot;yes&quot;}\" data-widget_type=\"text-editor.default\">\n\t\t\t\t\t\t\t\t\t<p><span style=\"color: #ffffff;\">Gr\u00e2ce \u00e0 la mod\u00e9lisation interactive en 3D, le client peut voir le bien dans une perspective plus large. <em><strong>Perspective dimensionnelle en 3D<\/strong><\/em>L'objet en 3D contribue \u00e0 une meilleure compr\u00e9hension du bien, de sa surface et de son caract\u00e8re - ce que les images en 2D ne peuvent pas offrir.\u00a0<\/span><\/p><p><span style=\"color: #ffffff;\">D\u00e9couvrez les avantages des mod\u00e8les 3D interactifs de Huset et r\u00e9volutionnez la fa\u00e7on dont vous pr\u00e9sentez vos biens immobiliers. En mettant en \u0153uvre la technologie avanc\u00e9e de r\u00e9alit\u00e9 augment\u00e9e de Huset, vous pouvez transformer vos propri\u00e9t\u00e9s en informations pr\u00e9cieuses qui vont bien au-del\u00e0 des visites virtuelles 3D conventionnelles.<\/span><\/p><p><span style=\"color: #ffffff;\">Quelle est donc la diff\u00e9rence entre un v\u00e9ritable mod\u00e8le 3D interactif et une vue num\u00e9rique ? C'est une question de profondeur. Une visite virtuelle peut capturer deux dimensions - la hauteur et la largeur - mais les vraies visites tridimensionnelles capturent \u00e9galement la profondeur. Pour ce faire, on utilise g\u00e9n\u00e9ralement une cam\u00e9ra sp\u00e9cialis\u00e9e \u00e9quip\u00e9e d'objectifs multiples et d'une technologie infrarouge capable de d\u00e9tecter, de mesurer et de capturer la profondeur.\u00a0<\/span><\/p><ul><li><p><span style=\"color: #ffffff;\"><strong>* Plans d'\u00e9tage d\u00e9taill\u00e9s :<\/strong> Fournir une vue d'ensemble claire de l'agencement de la propri\u00e9t\u00e9, permettant une compr\u00e9hension et une appr\u00e9ciation plus approfondies de l'espace.<\/span><\/p><\/li><li><p><span style=\"color: #ffffff;\"><strong>* \u00c9tiquettes informatives :<\/strong> Mettez en \u00e9vidence les caract\u00e9ristiques et les fonctions cl\u00e9s du bien pour donner aux acheteurs ou aux locataires potentiels toutes les informations dont ils ont besoin.<\/span><\/p><\/li><li><p><span style=\"color: #ffffff;\"><strong>* Mesures pr\u00e9cises :<\/strong> Gr\u00e2ce \u00e0 des mesures pr\u00e9cises, la planification et l'am\u00e9nagement d'un espace ne sont plus un jeu d'enfant.<\/span><\/p><\/li><li><p><span style=\"color: #ffffff;\"><strong>* Analyses compl\u00e8tes :<\/strong> B\u00e9n\u00e9ficiez d'informations approfondies pour optimiser la gestion des biens immobiliers, rationaliser la planification des investissements et r\u00e9duire le nombre de logements vacants.<\/span><\/p><\/li><li><p><span style=\"color: #ffffff;\"><strong>* Exp\u00e9rience de la vie r\u00e9elle :<\/strong> Offrir une visite r\u00e9elle qui peut remplacer les visites physiques, ce qui permet de gagner du temps et d'\u00e9conomiser des ressources.<\/span><\/p><\/li><li><p><span style=\"color: #ffffff;\"><strong>* Moins de perturbations :<\/strong> Les acheteurs potentiels peuvent facilement d\u00e9terminer si un bien immobilier r\u00e9pond \u00e0 leurs besoins en ligne, ce qui minimise les visites inutiles et les perturbations pour les vendeurs.<\/span><\/p><\/li><li><p><span style=\"color: #ffffff;\"><strong>* Accessibilit\u00e9 accrue pour les acheteurs de l'ext\u00e9rieur de la r\u00e9gion :<\/strong> Il permet aux acheteurs de \"visiter\" virtuellement les propri\u00e9t\u00e9s, ce qui \u00e9largit la base d'acheteurs et augmente les chances de vente.<\/span><\/p><\/li><li><span style=\"color: #ffffff;\"><strong>* Les d\u00e9cisions d'achat sont plus rapides :<\/strong> Les acheteurs s\u00e9rieux peuvent prendre des d\u00e9cisions plus rapidement gr\u00e2ce \u00e0 l'acc\u00e8s \u00e0 des visites virtuelles compl\u00e8tes, ce qui acc\u00e9l\u00e8re le processus de vente.<\/span><\/li><li>\u00a0<\/li><\/ul>\t\t\t\t\t\t\t\t<\/div>\n\t\t\t\t<div class=\"elementor-element elementor-element-cf1e8f1 elementor-drop-cap-yes elementor-drop-cap-view-default elementor-widget elementor-widget-text-editor\" data-id=\"cf1e8f1\" data-element_type=\"widget\" data-settings=\"{&quot;drop_cap&quot;:&quot;yes&quot;}\" data-widget_type=\"text-editor.default\">\n\t\t\t\t\t\t\t\t\t<h1><font color=\"#ffffff\">LES AVANTAGES D'UN AFFICHAGE NUM\u00c9RIQUE 3D<\/font><\/h1>\n<ul>\n<li>&nbsp;<\/li>\n<\/ul>\n<p><span style=\"color: #ffffff;\">Les principaux avantages d'un mod\u00e8le ou d'une visite interactive en 3D pour les agents immobiliers sont une exp\u00e9rience r\u00e9aliste qui incite les consommateurs \u00e0 remplacer les visites physiques. Le vendeur est ainsi moins perturb\u00e9, car les acheteurs potentiels peuvent d\u00e9terminer si un logement leur convient avant de demander une visite physique. Les acheteurs en dehors de la r\u00e9gion sont plus susceptibles d'acheter une maison avec une visite en 3D, car ils peuvent visiter et exp\u00e9rimenter une propri\u00e9t\u00e9 sans avoir \u00e0 s'y rendre physiquement, ce qui ouvre de plus grandes possibilit\u00e9s de vente. Les acheteurs et les locataires s\u00e9rieux peuvent prendre des d\u00e9cisions sans avoir \u00e0 demander plusieurs visites d'un m\u00eame bien.<\/span><\/p>\t\t\t\t\t\t\t\t<\/div>\n\t\t\t\t<div class=\"elementor-element elementor-element-bf5f029 elementor-align-center elementor-widget elementor-widget-button\" data-id=\"bf5f029\" data-element_type=\"widget\" data-widget_type=\"button.default\">\n\t\t\t\t\t\t\t\t\t\t<a class=\"elementor-button elementor-button-link elementor-size-sm\" href=\"https:\/\/huset.se\/kontakta_oss\/\" id=\"a55\">\n\t\t\t\t\t\t<span class=\"elementor-button-content-wrapper\">\n\t\t\t\t\t\t<span class=\"elementor-button-icon\">\n\t\t\t\t<svg aria-hidden=\"true\" class=\"e-font-icon-svg e-far-gem\" viewbox=\"0 0 576 512\" xmlns=\"http:\/\/www.w3.org\/2000\/svg\"><path d=\"M464 0H112c-4 0-7.8 2-10 5.4L2 152.6c-2.9 4.4-2.6 10.2.7 14.2l276 340.8c4.8 5.9 13.8 5.9 18.6 0l276-340.8c3.3-4.1 3.6-9.8.7-14.2L474.1 5.4C471.8 2 468.1 0 464 0zm-19.3 48l63.3 96h-68.4l-51.7-96h56.8zm-202.1 0h90.7l51.7 96H191l51.6-96zm-111.3 0h56.8l-51.7 96H68l63.3-96zm-43 144h51.4L208 352 88.3 192zm102.9 0h193.6L288 435.3 191.2 192zM368 352l68.2-160h51.4L368 352z\"><\/path><\/svg>\t\t\t<\/span>\n\t\t\t\t\t\t\t\t\t<span class=\"elementor-button-text\">Contactez-nous \u00e0 l'adresse suivante<\/span>\n\t\t\t\t\t<\/span>\n\t\t\t\t\t<\/a>\n\t\t\t\t\t\t\t\t<\/div>\n\t\t\t\t<div class=\"elementor-element elementor-element-0cb40f8 elementor-widget elementor-widget-text-editor\" data-id=\"0cb40f8\" data-element_type=\"widget\" data-widget_type=\"text-editor.default\">\n\t\t\t\t\t\t\t\t\t<p>* Veuillez noter que le service est en cours de d\u00e9veloppement par Huset et que le r\u00e9sultat final peut diff\u00e9rer sensiblement de cette pr\u00e9sentation. Les objets sont scann\u00e9s en 3D et ne sont PAS des objets rendus en 3D.<\/p>\t\t\t\t\t\t\t\t<\/div>\n\t\t\t\t<div class=\"elementor-element elementor-element-14b3cc3 elementor-widget elementor-widget-spacer\" data-id=\"14b3cc3\" data-element_type=\"widget\" data-widget_type=\"spacer.default\">\n\t\t\t\t\t\t\t<div class=\"elementor-spacer\">\n\t\t\t<div class=\"elementor-spacer-inner\"><\/div>\n\t\t<\/div>\n\t\t\t\t\t\t<\/div>\n\t\t\t\t<div class=\"elementor-element elementor-element-2ffc8ee elementor-widget elementor-widget-heading\" data-id=\"2ffc8ee\" data-element_type=\"widget\" data-widget_type=\"heading.default\">\n\t\t\t\t\t<h2 class=\"elementor-heading-title elementor-size-default\">Objet en 3D<\/h2>\t\t\t\t<\/div>\n\t\t\t\t<div class=\"elementor-element elementor-element-1a5b5a1 elementor-widget-divider--view-line elementor-widget elementor-widget-divider\" data-id=\"1a5b5a1\" data-element_type=\"widget\" data-widget_type=\"divider.default\">\n\t\t\t\t\t\t\t<div class=\"elementor-divider\">\n\t\t\t<span class=\"elementor-divider-separator\">\n\t\t\t\t\t\t<\/span>\n\t\t<\/div>\n\t\t\t\t\t\t<\/div>\n\t\t\t\t\t<\/div>\n\t\t<\/div>\n\t\t\t\t\t<\/div>\n\t\t<\/section>\n\t\t\t\t<section class=\"elementor-section elementor-top-section elementor-element elementor-element-868ccb5 elementor-section-content-middle elementor-reverse-tablet elementor-reverse-mobile elementor-section-boxed elementor-section-height-default elementor-section-height-default\" data-id=\"868ccb5\" data-element_type=\"section\" data-settings=\"{&quot;background_background&quot;:&quot;classic&quot;}\">\n\t\t\t\t\t\t<div class=\"elementor-container elementor-column-gap-no\">\n\t\t\t\t\t<div class=\"elementor-column elementor-col-50 elementor-top-column elementor-element elementor-element-006795f\" data-id=\"006795f\" data-element_type=\"column\">\n\t\t\t<div class=\"elementor-widget-wrap elementor-element-populated\">\n\t\t\t\t\t\t<div class=\"elementor-element elementor-element-2876435 elementor-widget elementor-widget-heading\" data-id=\"2876435\" data-element_type=\"widget\" data-widget_type=\"heading.default\">\n\t\t\t\t\t<h3 class=\"elementor-heading-title elementor-size-default\">D\u00e9monstration : Plan 1<\/h3>\t\t\t\t<\/div>\n\t\t\t\t<div class=\"elementor-element elementor-element-787edaa elementor-widget elementor-widget-shortcode\" data-id=\"787edaa\" data-element_type=\"widget\" data-widget_type=\"shortcode.default\">\n\t\t\t\t\t\t\t<div class=\"elementor-shortcode\">[ardisplay id=23359]<\/div>\n\t\t\t\t\t\t<\/div>\n\t\t\t\t<div class=\"elementor-element elementor-element-bd4f95d elementor-widget elementor-widget-text-editor\" data-id=\"bd4f95d\" data-element_type=\"widget\" data-widget_type=\"text-editor.default\">\n\t\t\t\t\t\t\t\t\t<p><em><span style=\"text-decoration-line: underline;\">NOTE : Il s'agit d'une d\u00e9mo !<\/span><\/em><br>Visitez le site web avec un smartphone et visualisez l'objet dans votre environnement.<br>Cliquez sur l'ic\u00f4ne<span style=\"font-weight: 600;\">&nbsp;\"Ic\u00f4nes \"AR Display<\/span>&nbsp;dans le coin droit, pour lancer le logiciel 3D.<br>Pointez ensuite l'appareil photo vers un terrain d\u00e9gag\u00e9.<br>Vous pouvez effectuer un zoom avant\/arri\u00e8re et faire pivoter l'objet avec vos doigts.<br>100% signifie = \u00e9chelle r\u00e9elle.<br><\/p>\t\t\t\t\t\t\t\t<\/div>\n\t\t\t\t\t<\/div>\n\t\t<\/div>\n\t\t\t\t<div class=\"elementor-column elementor-col-50 elementor-top-column elementor-element elementor-element-d033502\" data-id=\"d033502\" data-element_type=\"column\">\n\t\t\t<div class=\"elementor-widget-wrap elementor-element-populated\">\n\t\t\t\t\t\t<div class=\"elementor-element elementor-element-60061e1 elementor-widget-divider--view-line elementor-widget elementor-widget-divider\" data-id=\"60061e1\" data-element_type=\"widget\" data-widget_type=\"divider.default\">\n\t\t\t\t\t\t\t<div class=\"elementor-divider\">\n\t\t\t<span class=\"elementor-divider-separator\">\n\t\t\t\t\t\t<\/span>\n\t\t<\/div>\n\t\t\t\t\t\t<\/div>\n\t\t\t\t<div class=\"elementor-element elementor-element-441d89e elementor-widget elementor-widget-heading\" data-id=\"441d89e\" data-element_type=\"widget\" data-widget_type=\"heading.default\">\n\t\t\t\t\t<h3 class=\"elementor-heading-title elementor-size-default\">Objet en 3D<\/h3>\t\t\t\t<\/div>\n\t\t\t\t<div class=\"elementor-element elementor-element-dc907df elementor-drop-cap-yes elementor-drop-cap-view-default elementor-widget elementor-widget-text-editor\" data-id=\"dc907df\" data-element_type=\"widget\" data-settings=\"{&quot;drop_cap&quot;:&quot;yes&quot;}\" data-widget_type=\"text-editor.default\">\n\t\t\t\t\t\t\t\t\t<p><span style=\"color: #ffffff; font-family: Helvetica, sans-serif; font-size: 19px;\">Il s'agit d'un objet scann\u00e9 en 3D. <\/span><span style=\"font-family: Helvetica, sans-serif;\"><span style=\"font-size: 19px; font-weight: var( --e-global-typography-d168bf9-font-weight ); letter-spacing: var( --e-global-typography-d168bf9-letter-spacing ); word-spacing: var( --e-global-typography-d168bf9-word-spacing );\">L'objet en 3D offre la perspective la plus embl\u00e9matique lors de l'examen d'un bien immobilier. Il n'y a pas de m\u00e9thode plus efficace pour acqu\u00e9rir rapidement une compr\u00e9hension globale d'un espace que de voir le bien \u00e0 partir d'un objet en 3D. <\/span><span style=\"font-size: 19px;\">troisi\u00e8me perspective<\/span><span style=\"font-size: 19px; font-weight: var( --e-global-typography-d168bf9-font-weight ); letter-spacing: var( --e-global-typography-d168bf9-letter-spacing ); word-spacing: var( --e-global-typography-d168bf9-word-spacing );\">.<\/span><\/span><\/p>\t\t\t\t\t\t\t\t<\/div>\n\t\t\t\t<div class=\"elementor-element elementor-element-a5421ac elementor-align-center elementor-widget elementor-widget-button\" data-id=\"a5421ac\" data-element_type=\"widget\" data-widget_type=\"button.default\">\n\t\t\t\t\t\t\t\t\t\t<a class=\"elementor-button elementor-button-link elementor-size-sm\" href=\"https:\/\/huset.se\/kontakta_oss\/\" id=\"a55\">\n\t\t\t\t\t\t<span class=\"elementor-button-content-wrapper\">\n\t\t\t\t\t\t<span class=\"elementor-button-icon\">\n\t\t\t\t<svg aria-hidden=\"true\" class=\"e-font-icon-svg e-far-gem\" viewbox=\"0 0 576 512\" xmlns=\"http:\/\/www.w3.org\/2000\/svg\"><path d=\"M464 0H112c-4 0-7.8 2-10 5.4L2 152.6c-2.9 4.4-2.6 10.2.7 14.2l276 340.8c4.8 5.9 13.8 5.9 18.6 0l276-340.8c3.3-4.1 3.6-9.8.7-14.2L474.1 5.4C471.8 2 468.1 0 464 0zm-19.3 48l63.3 96h-68.4l-51.7-96h56.8zm-202.1 0h90.7l51.7 96H191l51.6-96zm-111.3 0h56.8l-51.7 96H68l63.3-96zm-43 144h51.4L208 352 88.3 192zm102.9 0h193.6L288 435.3 191.2 192zM368 352l68.2-160h51.4L368 352z\"><\/path><\/svg>\t\t\t<\/span>\n\t\t\t\t\t\t\t\t\t<span class=\"elementor-button-text\">Contactez-nous \u00e0 l'adresse suivante<\/span>\n\t\t\t\t\t<\/span>\n\t\t\t\t\t<\/a>\n\t\t\t\t\t\t\t\t<\/div>\n\t\t\t\t\t<\/div>\n\t\t<\/div>\n\t\t\t\t\t<\/div>\n\t\t<\/section>\n\t\t\t\t<\/div>","protected":false},"excerpt":{"rendered":"<p>Mod\u00e8le 3D interactif Gr\u00e2ce \u00e0 la technologie de pointe de Huset en mati\u00e8re de visites en 3D, vous pouvez faire passer votre travail de courtage et de gestion immobili\u00e8re \u00e0 la vitesse sup\u00e9rieure. Laissez les mod\u00e8les 3D interactifs de Huset \u00eatre la cl\u00e9 du succ\u00e8s de votre activit\u00e9 immobili\u00e8re. Avec le mod\u00e8le 3D interactif, le client peut voir le bien dans une perspective tridimensionnelle, comme un objet 3D. L'objet 3D contribue \u00e0 une meilleure perception du bien, de sa surface [...]<\/p>","protected":false},"author":26,"featured_media":0,"parent":0,"menu_order":0,"comment_status":"closed","ping_status":"closed","template":"template\/template-homepage.php","meta":{"_et_pb_use_builder":"","_et_pb_old_content":"","_et_gb_content_width":"","footnotes":""},"class_list":["post-23716","page","type-page","status-publish","hentry"],"_links":{"self":[{"href":"https:\/\/huset.se\/fr\/wp-json\/wp\/v2\/pages\/23716","targetHints":{"allow":["GET"]}}],"collection":[{"href":"https:\/\/huset.se\/fr\/wp-json\/wp\/v2\/pages"}],"about":[{"href":"https:\/\/huset.se\/fr\/wp-json\/wp\/v2\/types\/page"}],"author":[{"embeddable":true,"href":"https:\/\/huset.se\/fr\/wp-json\/wp\/v2\/users\/26"}],"replies":[{"embeddable":true,"href":"https:\/\/huset.se\/fr\/wp-json\/wp\/v2\/comments?post=23716"}],"version-history":[{"count":6,"href":"https:\/\/huset.se\/fr\/wp-json\/wp\/v2\/pages\/23716\/revisions"}],"predecessor-version":[{"id":26109,"href":"https:\/\/huset.se\/fr\/wp-json\/wp\/v2\/pages\/23716\/revisions\/26109"}],"wp:attachment":[{"href":"https:\/\/huset.se\/fr\/wp-json\/wp\/v2\/media?parent=23716"}],"curies":[{"name":"wp","href":"https:\/\/api.w.org\/{rel}","templated":true}]}}