{"id":22145,"date":"2023-06-30T19:21:16","date_gmt":"2023-06-30T17:21:16","guid":{"rendered":"https:\/\/huset.se\/?page_id=22145"},"modified":"2024-05-17T15:14:28","modified_gmt":"2024-05-17T13:14:28","slug":"anvandarvillkor","status":"publish","type":"page","link":"https:\/\/huset.se\/fr\/anvandarvillkor\/","title":{"rendered":"Conditions d'utilisation"},"content":{"rendered":"<div data-elementor-type=\"wp-page\" data-elementor-id=\"22145\" class=\"elementor elementor-22145\">\n\t\t\t\t\t\t<section class=\"elementor-section elementor-top-section elementor-element elementor-element-76f1ccc elementor-section-boxed elementor-section-height-default elementor-section-height-default\" data-id=\"76f1ccc\" data-element_type=\"section\" data-settings=\"{&quot;background_background&quot;:&quot;classic&quot;}\">\n\t\t\t\t\t\t<div class=\"elementor-container elementor-column-gap-default\">\n\t\t\t\t\t<div class=\"elementor-column elementor-col-100 elementor-top-column elementor-element elementor-element-73c27f2a\" data-id=\"73c27f2a\" data-element_type=\"column\">\n\t\t\t<div class=\"elementor-widget-wrap elementor-element-populated\">\n\t\t\t\t\t\t<div class=\"elementor-element elementor-element-a446e22 elementor-widget elementor-widget-spacer\" data-id=\"a446e22\" data-element_type=\"widget\" data-widget_type=\"spacer.default\">\n\t\t\t\t\t\t\t<div class=\"elementor-spacer\">\n\t\t\t<div class=\"elementor-spacer-inner\"><\/div>\n\t\t<\/div>\n\t\t\t\t\t\t<\/div>\n\t\t\t\t<div class=\"elementor-element elementor-element-4f2e8f4 elementor-widget elementor-widget-text-editor\" data-id=\"4f2e8f4\" data-element_type=\"widget\" data-widget_type=\"text-editor.default\">\n\t\t\t\t\t\t\t\t\t<h1 style=\"font-size: 2.53333rem;\">Conditions d'utilisation<br \/>La maison<\/h1><div>\u00a0<\/div><div><h3><span style=\"font-size: 19px; text-transform: none;\">Les pr\u00e9sentes conditions d'utilisation s'appliquent\u00a0<\/span><img decoding=\"async\" style=\"font-size: 19px; text-transform: none;\" src=\"https:\/\/huset.se\/wp-content\/uploads\/2023\/06\/skyab.jpg\" alt=\"\" width=\"273\" height=\"19\"><span style=\"font-size: 19px; text-transform: none;\">s (org. no.\u00a0<\/span><img decoding=\"async\" style=\"font-size: 19px; text-transform: none;\" src=\"https:\/\/huset.se\/wp-content\/uploads\/2024\/05\/Org.jpg\" alt=\"\" width=\"102\" height=\"15\"><span style=\"font-size: 19px; text-transform: none;\">\u00a0- \"Huset.se\", \"<\/span><img decoding=\"async\" style=\"font-size: 19px; text-transform: none;\" src=\"https:\/\/huset.se\/wp-content\/uploads\/2024\/05\/ab.jpg\" alt=\"\" width=\"102\" height=\"15\"><span style=\"font-size: 19px; text-transform: none;\">\", ou \" nous \") de huset.se et comprend toutes les annonces et tous les contenus publi\u00e9s par Huset dans ses diff\u00e9rents canaux de commercialisation (tous les canaux de commercialisation sont ci-apr\u00e8s d\u00e9sign\u00e9s collectivement sous le nom de \" Huset \"), ind\u00e9pendamment de la mani\u00e8re dont la visite a lieu ou de la mani\u00e8re dont le contenu du site Web www.huset.se est consult\u00e9.<\/span><\/h3><\/div><h3>1. les droits de propri\u00e9t\u00e9 intellectuelle<\/h3><p>Le contenu de Huset.se est prot\u00e9g\u00e9 par le droit de la propri\u00e9t\u00e9 intellectuelle, y compris le droit d'auteur. HUset.se dispose d'une base de donn\u00e9es prot\u00e9g\u00e9e par le droit d'auteur. Le non-respect des conditions d'utilisation peut entra\u00eener une violation des droits de propri\u00e9t\u00e9 intellectuelle de Huset.se ou des conc\u00e9dants de Huset, ce qui peut donner lieu \u00e0 des sanctions juridiques et \u00e0 l'obligation de payer des dommages-int\u00e9r\u00eats.<br \/>L'utilisation commerciale ou syst\u00e9matique de Huset.se est strictement INTERDITE, de m\u00eame que l'utilisation de services automatis\u00e9s, tels que le spidering, les robots ou les techniques d'indexation pour collecter ou exploiter d'une autre mani\u00e8re le contenu de Huset.se. Quelle que soit la m\u00e9thode utilis\u00e9e, il est interdit de copier le contenu de Huset.se ou de le mettre \u00e0 la disposition du public.<\/p><h3>2) Lien avec la maison<\/h3><p>Toutes les formes d'int\u00e9gration I \"hot-linking\" sont interdites. L'\u00e9tablissement d'un lien vers Huset.se est autoris\u00e9, mais Huset souhaite que le visiteur soit transf\u00e9r\u00e9 vers notre domaine et que le lien ne soit pas int\u00e9gr\u00e9 sur d'autres sites web.<\/p><h3>3. Qu'est-ce qui constitue une utilisation autoris\u00e9e ?<\/h3><p>Huset.se est destin\u00e9 \u00e0 une utilisation normale par les visiteurs. La consultation, le partage et la publication de liens vers des annonces de logement dans divers canaux sont autoris\u00e9s. Si l'annonce de logement est marqu\u00e9e comme \"priv\u00e9e\", il est strictement interdit d'essayer d'acc\u00e9der \u00e0 l'annonce de logement et\/ou de partager cette information avec quelqu'un d'autre par diverses m\u00e9thodes, \u00e0 moins d'avoir obtenu l'autorisation \u00e9crite de huset.se.<\/p><h3><span style=\"font-size: 19px; text-transform: none;\">Derni\u00e8re mise \u00e0 jour le 2024-05-17<\/span><\/h3>\t\t\t\t\t\t\t\t<\/div>\n\t\t\t\t\t<\/div>\n\t\t<\/div>\n\t\t\t\t\t<\/div>\n\t\t<\/section>\n\t\t\t\t<\/div>","protected":false},"excerpt":{"rendered":"<p>Conditions d'utilisation -Huset Les pr\u00e9sentes conditions d'utilisation s'appliquent \u00e0 l'offre de huset.se (org.nr - \"Huset.se\", \"\", ou \"nous\") et couvrent toutes les annonces et tous les contenus publi\u00e9s par Huset dans ses diff\u00e9rents canaux de commercialisation (tous les canaux de commercialisation sont ci-apr\u00e8s d\u00e9sign\u00e9s collectivement par \"Huset\"), ind\u00e9pendamment de la mani\u00e8re dont la visite a lieu ou de la mani\u00e8re dont l'acc\u00e8s au contenu du site web est obtenu www.huset.se 1. Droits de propri\u00e9t\u00e9 intellectuelle [...]<\/p>","protected":false},"author":26,"featured_media":0,"parent":0,"menu_order":0,"comment_status":"closed","ping_status":"closed","template":"elementor_header_footer","meta":{"_et_pb_use_builder":"","_et_pb_old_content":"","_et_gb_content_width":"","footnotes":""},"class_list":["post-22145","page","type-page","status-publish","hentry"],"_links":{"self":[{"href":"https:\/\/huset.se\/fr\/wp-json\/wp\/v2\/pages\/22145","targetHints":{"allow":["GET"]}}],"collection":[{"href":"https:\/\/huset.se\/fr\/wp-json\/wp\/v2\/pages"}],"about":[{"href":"https:\/\/huset.se\/fr\/wp-json\/wp\/v2\/types\/page"}],"author":[{"embeddable":true,"href":"https:\/\/huset.se\/fr\/wp-json\/wp\/v2\/users\/26"}],"replies":[{"embeddable":true,"href":"https:\/\/huset.se\/fr\/wp-json\/wp\/v2\/comments?post=22145"}],"version-history":[{"count":10,"href":"https:\/\/huset.se\/fr\/wp-json\/wp\/v2\/pages\/22145\/revisions"}],"predecessor-version":[{"id":25982,"href":"https:\/\/huset.se\/fr\/wp-json\/wp\/v2\/pages\/22145\/revisions\/25982"}],"wp:attachment":[{"href":"https:\/\/huset.se\/fr\/wp-json\/wp\/v2\/media?parent=22145"}],"curies":[{"name":"wp","href":"https:\/\/api.w.org\/{rel}","templated":true}]}}