{"id":22094,"date":"2023-06-21T21:33:28","date_gmt":"2023-06-21T19:33:28","guid":{"rendered":"https:\/\/huset.se\/?page_id=22094"},"modified":"2024-05-17T15:15:15","modified_gmt":"2024-05-17T13:15:15","slug":"cookies","status":"publish","type":"page","link":"https:\/\/huset.se\/fr\/cookies\/","title":{"rendered":"Cookies"},"content":{"rendered":"<div data-elementor-type=\"wp-page\" data-elementor-id=\"22094\" class=\"elementor elementor-22094\">\n\t\t\t\t\t\t<section class=\"elementor-section elementor-top-section elementor-element elementor-element-76f1ccc elementor-section-boxed elementor-section-height-default elementor-section-height-default\" data-id=\"76f1ccc\" data-element_type=\"section\" data-settings=\"{&quot;background_background&quot;:&quot;classic&quot;}\">\n\t\t\t\t\t\t<div class=\"elementor-container elementor-column-gap-default\">\n\t\t\t\t\t<div class=\"elementor-column elementor-col-100 elementor-top-column elementor-element elementor-element-73c27f2a\" data-id=\"73c27f2a\" data-element_type=\"column\">\n\t\t\t<div class=\"elementor-widget-wrap elementor-element-populated\">\n\t\t\t\t\t\t<div class=\"elementor-element elementor-element-a446e22 elementor-widget elementor-widget-spacer\" data-id=\"a446e22\" data-element_type=\"widget\" data-widget_type=\"spacer.default\">\n\t\t\t\t\t\t\t<div class=\"elementor-spacer\">\n\t\t\t<div class=\"elementor-spacer-inner\"><\/div>\n\t\t<\/div>\n\t\t\t\t\t\t<\/div>\n\t\t\t\t<div class=\"elementor-element elementor-element-6723b6f0 elementor-widget elementor-widget-text-editor\" data-id=\"6723b6f0\" data-element_type=\"widget\" data-widget_type=\"text-editor.default\">\n\t\t\t\t\t\t\t\t\t<h1 style=\"font-size: 2.53333rem;\">Politique en mati\u00e8re de cookies<\/h1>\n<h1 style=\"font-size: 2.53333rem;\">La maison<\/h1>\t\t\t\t\t\t\t\t<\/div>\n\t\t\t\t<div class=\"elementor-element elementor-element-00fab02 elementor-widget elementor-widget-html\" data-id=\"00fab02\" data-element_type=\"widget\" data-widget_type=\"html.default\">\n\t\t\t\t\t<script id=\"CookieDeclaration\" src=\"https:\/\/consent.cookiebot.com\/83d97fe3-6bfd-4def-835b-38846353615a\/cd.js\" type=\"text\/javascript\" async><\/script>\t\t\t\t<\/div>\n\t\t\t\t\t<\/div>\n\t\t<\/div>\n\t\t\t\t\t<\/div>\n\t\t<\/section>\n\t\t\t\t<section class=\"elementor-section elementor-top-section elementor-element elementor-element-102ba1f elementor-section-boxed elementor-section-height-default elementor-section-height-default\" data-id=\"102ba1f\" data-element_type=\"section\">\n\t\t\t\t\t\t<div class=\"elementor-container elementor-column-gap-default\">\n\t\t\t\t\t<div class=\"elementor-column elementor-col-100 elementor-top-column elementor-element elementor-element-ae3c27a\" data-id=\"ae3c27a\" data-element_type=\"column\">\n\t\t\t<div class=\"elementor-widget-wrap elementor-element-populated\">\n\t\t\t\t\t\t<div class=\"elementor-element elementor-element-d8db9dd elementor-widget elementor-widget-html\" data-id=\"d8db9dd\" data-element_type=\"widget\" data-widget_type=\"html.default\">\n\t\t\t\t\t<div id='ppms_cm_data_subject' class='ppms_cm_data_subject_widget__wrapper' data-editor-centralize='true' data-main-container='true' data-root='true'><h3 id='ppms_cm_data_subject_header' class='header3'>Acc\u00e8s \u00e0 vos donn\u00e9es analytiques<\/h3><p id='ppms_cm_data_subject_paragraph' class='paragraph'>Remplissez le formulaire pour demander l'acc\u00e8s \u00e0 vos donn\u00e9es. Nous n'utiliserons votre adresse \u00e9lectronique que pour traiter cette demande.<\/p><form id='ppms_cm_data_subject_form' class='ppms_cm_data_subject_form' data-disable-select='true' action=\"\"><label id='ppms_cm_data_subject_form_label' class='ppms_cm_data_subject_form_label'>Courriel<\/label><input type='email' name='email' tabindex='0' required id='ppms_cm_data_subject_form_input' class='ppms_cm_data_subject_form_input'><label id='ppms_cm_data_subject_form_label_request_type' class='ppms_cm_data_subject_form_label'>Type de demande<\/label><div id='ppms_cm_data_subject_form_select_wrapper' class='ppms_cm_data_subject_form_select_wrapper' data-disable-select='true' data-select-name='event'><div id='ppms_cm_data_subject_form_select_btn' tabindex='0' data-type='customSelect' class='ppms_select_component_btn'><span id='ppms_cm_data_subject_form_select_btn_text'>Acc\u00e8s \u00e0 mes donn\u00e9es<\/span><span class='ppms_select_component-btn-chevron'><svg xmlns='http:\/\/www.w3.org\/2000\/svg' width='16' height='16' viewbox='0 0 16 16'><path fill='#131313' d='M8.2,8.7l2.8-2.8l1.4,1.4l-2.8,2.8l-1.4,1.4L4,7.2l1.4-1.4L8.2,8.7z'><\/path><\/svg><\/span><\/div><div id='ppms_cm_data_subject_form_select_extendable' class='ppms_select_component_extendable' data-disable-select='true' data-type='customSelectWrapper'><div id='ppms_cm_data_subject_form_select_extended_item_1' tabindex='0' class='ppms_select_component_extended_item' data-type='customOption' data-value='view_data'>Acc\u00e8s \u00e0 mes donn\u00e9es<\/div><div id='ppms_cm_data_subject_form_select_extended_item_2' class='ppms_select_component_extended_item' tabindex='0' data-type='customOption' data-value='delete_data'>Supprimer mes donn\u00e9es<\/div><div id='ppms_cm_data_subject_form_select_extended_item_3' class='ppms_select_component_extended_item' tabindex='0' data-type='customOption' data-value='change_data'>Modifier mes donn\u00e9es<\/div><\/div><\/div><label id='ppms_cm_data_subject_form_label_textarea' class='ppms_cm_data_subject_form_label'>Message<\/label><textarea name='message' rows='7' id='ppms_cm_data_subject_form_textarea' class='ppms_cm_data_subject_form_textarea' tabindex='0'><\/textarea><input type='submit' id='ppms_cm_data_subject_form_submit' class='ppms_cm_data_subject_form_submit' tabindex='0' value='Envoyer'><input type=\"hidden\" name=\"trp-form-language\" value=\"fr\"\/><\/form><script>(function(window,document,undefined){var PREFIX='ppms_select_component';var CLASSES={DROP_DOWN:PREFIX+'_btn',ITEM:PREFIX+'_extended_item',LIST_EXPANDED:'expanded',ITEM_ACTIVE:PREFIX+'_extended_item-active'};var SELECTORS={WRAPPER:'.ppms_cm_data_subject_form_select_wrapper',DROP_DOWN:'.'+CLASSES.DROP_DOWN,LABEL:'.'+PREFIX+'_btn span',LIST:'.'+PREFIX+'_extendable',ITEM:'.'+CLASSES.ITEM};var RX_CLOSE=new RegExp('\\b'+CLASSES.ITEM+'|'+CLASSES.DROP_DOWN+'\\b');var wrappers=document.querySelectorAll(SELECTORS.WRAPPER);var i;var timer={};for(i=0;i<wrappers.length;++i){init(wrappers[i],i);}function init(wrapper,index){var select=wrapper.querySelector(SELECTORS.DROP_DOWN);addSelect(wrapper,index);var form=(function(el){while(!(el=el.parentElement)|el.tagName.toUpperCase()==='FORM');return el;})(wrapper);if(form!==null){addEventListener(form,'reset',function(){var optionsContainer=wrapper.querySelector(SELECTORS.LIST);if(!optionsContainer||optionsContainer.children.length===0)return;chooseOption(wrapper,select,optionsContainer.children[0]);});addEventListener(form,'submit',function(event){event=event||window.event;window.sendUserDataSubjectRequest(event.target);preventDefault(event);});}addEventListener(select,'mousedown',function(event){event=event||window.event;if(event.button===0||and(isIE8(),event.button===1)){toggleSelect(wrapper);}});addEventListener(select,['focus','focusin'],function(){focusHandler(index);openSelect(wrapper);});addEventListener(select,['blur','focusout'],function(event){blurHandler(wrapper,index,event);});addEventListener(select,'keydown',function(event){event=event||window.event;switch(event.code|event.key|event.keyCode){case'ArrowDown':case'Down':case 40:preventDefault(event);openSelect(wrapper);wrapper.querySelector(SELECTORS.ITEM).focus();break;case'Tab':case 9:if(event.shiftKey){closeSelect(wrapper);}else if(isSelectOpened(wrapper)){preventDefault(event);wrapper.querySelector(SELECTORS.ITEM).focus();}break;case'Enter':case 13:case'Space':case'Spacebar':case' ':case 32:preventDefault(event);toggleSelect(wrapper);break;}});}function blurHandler(wrapper,index,event){event=event||window.event;if(!event.relatedTarget||!event.relatedTarget.className.toString().match(RX_CLOSE)){timer[index]=setTimeout(function(){closeSelect(wrapper);},5);}}function and(a,b){return!(!a||!b);}function isIE8(){return and(document.all,!document.addEventListener);}function preventDefault(event){if('preventDefault'in event){event.preventDefault();}else{event.returnValue=false;}}function addSelect(wrapper,index){var optionsContainer=wrapper.querySelector(SELECTORS.LIST);var select,i,option,origOption;select=createSelect(wrapper);for(i=0;i<optionsContainer.children.length;++i){origOption=optionsContainer.children[i];if(origOption.nodeType===8){continue;}option=createOption(wrapper,index,select,origOption);select.appendChild(option);}wrapper.appendChild(select);}function createSelect(wrapper){var select=document.createElement('select');select.setAttribute('hidden','hidden');select.setAttribute('aria-hidden','true');select.setAttribute('name',wrapper.getAttribute('data-select-name'));return select;}function createOption(wrapper,index,select,origOption){var option=document.createElement('option');option.setAttribute('value',origOption.getAttribute('data-value'));option.setAttribute('label',origOption.innerHTML);option.innerHTML=origOption.innerHTML;addEventListener(origOption,'mousedown',function(event){event=event||window.event;if(event.button===0||and(isIE8(),event.button===1)){chooseOption(wrapper,select,origOption);}});addEventListener(origOption,'keydown',function(event){var node;event=event||window.event;switch(event.code|event.key|event.keyCode){case'Enter':case 13:case'Space':case'Spacebar':case' ':case 32:preventDefault(event);chooseOption(wrapper,select,origOption);break;case'ArrowUp':case'Up':case 38:preventDefault(event);node=previousElementSibling(origOption);if(node){node.focus();}else{lastElementChild(origOption.parentNode).focus();}break;case'ArrowDown':case'Down':case 40:preventDefault(event);node=nextElementSibling(origOption);if(node){node.focus();}else{firstElementChild(origOption.parentNode).focus();}break;}});addEventListener(origOption,['blur','focusout'],function(event){blurHandler(wrapper,index,event);});addEventListener(origOption,['focus','focusin'],function(){focusHandler(index);});return option;}function focusHandler(index){if(timer[index]){clearTimeout(timer[index]);timer[index]=null;}}function chooseOption(wrapper,select,option){var label=wrapper.querySelector(SELECTORS.LABEL);select.value=option.getAttribute('data-value');label.innerHTML=option.innerHTML;closeSelect(wrapper);}function isSelectOpened(wrapper){var select=wrapper.querySelector(SELECTORS.DROP_DOWN);return hasClass(select,CLASSES.LIST_EXPANDED);}function openSelect(wrapper){var select=wrapper.querySelector(SELECTORS.DROP_DOWN);addClass(select,CLASSES.LIST_EXPANDED);}function closeSelect(wrapper){var select=wrapper.querySelector(SELECTORS.DROP_DOWN);removeClass(select,CLASSES.LIST_EXPANDED);}function toggleSelect(wrapper){var select=wrapper.querySelector(SELECTORS.DROP_DOWN);toggleClass(select,CLASSES.LIST_EXPANDED);}function addEventListener(element,events,handler){var i;if(!(events instanceof Array)){events=[events];}for(i=0;i<events.length;++i){if(element.addEventListener){element.addEventListener(events[i],handler,false);}else{element.attachEvent('on'+events[i],handler);}}}function addClass(element,className){if(element.className.indexOf(className)===-1){element.className+=' '+className;}}function removeClass(element,className){if(element.className.indexOf(className)!==-1){element.className=element.className.replace(' '+className,'');}}function toggleClass(element,className){if(element.className.indexOf(className)!==-1){element.className=element.className.replace(' '+className,'');}else{element.className+=' '+className;}}function hasClass(element,className){return element.className.indexOf(className)!==-1;}function previousElementSibling(element){var node;if('previousElementSibling'in element){return element.previousElementSibling;}while(node=element.previousSibling){if(node.nodeType===1){return node;}}return null;}function nextElementSibling(element){var node;if('nextElementSibling'in element){return element.nextElementSibling;}while(node=element.nextSibling){if(node.nodeType===1){return node;}}return null;}function firstElementChild(element){var node,i=0;if('firstElementChild'in element){return element.firstElementChild;}while(node=element.childNodes[i++]){if(node.nodeType===1){return node;}}return null;}function lastElementChild(element){var node,i=0;if('lastElementChild'in element){return element.lastElementChild;}while(node=element.childNodes[element.childNodes.length- ++i]){if(node.nodeType===1){return node;}}return null;}}(window,document));<\/script><\/div>\t\t\t\t<\/div>\n\t\t\t\t\t<\/div>\n\t\t<\/div>\n\t\t\t\t\t<\/div>\n\t\t<\/section>\n\t\t\t\t<\/div>","protected":false},"excerpt":{"rendered":"<p>Politique en mati\u00e8re de cookies Huset Acc\u00e8s \u00e0 vos donn\u00e9es analytiques Remplissez le formulaire pour demander l'acc\u00e8s \u00e0 vos donn\u00e9es. Nous n'utiliserons votre adresse \u00e9lectronique que pour traiter cette demande. Type de demandeAcc\u00e8s \u00e0 mes donn\u00e9esAcc\u00e8s \u00e0 mes donn\u00e9esSupprimer mes donn\u00e9esModifier mes donn\u00e9esMessage<\/p>","protected":false},"author":26,"featured_media":0,"parent":0,"menu_order":0,"comment_status":"closed","ping_status":"closed","template":"elementor_header_footer","meta":{"_et_pb_use_builder":"","_et_pb_old_content":"","_et_gb_content_width":"","footnotes":""},"class_list":["post-22094","page","type-page","status-publish","hentry"],"_links":{"self":[{"href":"https:\/\/huset.se\/fr\/wp-json\/wp\/v2\/pages\/22094","targetHints":{"allow":["GET"]}}],"collection":[{"href":"https:\/\/huset.se\/fr\/wp-json\/wp\/v2\/pages"}],"about":[{"href":"https:\/\/huset.se\/fr\/wp-json\/wp\/v2\/types\/page"}],"author":[{"embeddable":true,"href":"https:\/\/huset.se\/fr\/wp-json\/wp\/v2\/users\/26"}],"replies":[{"embeddable":true,"href":"https:\/\/huset.se\/fr\/wp-json\/wp\/v2\/comments?post=22094"}],"version-history":[{"count":1,"href":"https:\/\/huset.se\/fr\/wp-json\/wp\/v2\/pages\/22094\/revisions"}],"predecessor-version":[{"id":26012,"href":"https:\/\/huset.se\/fr\/wp-json\/wp\/v2\/pages\/22094\/revisions\/26012"}],"wp:attachment":[{"href":"https:\/\/huset.se\/fr\/wp-json\/wp\/v2\/media?parent=22094"}],"curies":[{"name":"wp","href":"https:\/\/api.w.org\/{rel}","templated":true}]}}