{"id":17353,"date":"2024-04-01T16:06:01","date_gmt":"2024-04-01T14:06:01","guid":{"rendered":"https:\/\/default.houzez.co\/?page_id=745"},"modified":"2024-04-01T16:06:10","modified_gmt":"2024-04-01T14:06:10","slug":"terms-and-conditions","status":"publish","type":"page","link":"https:\/\/huset.se\/fr\/terms-and-conditions\/","title":{"rendered":"Conditions g\u00e9n\u00e9rales d'utilisation"},"content":{"rendered":"<div data-elementor-type=\"wp-page\" data-elementor-id=\"17353\" class=\"elementor elementor-17353\">\n\t\t\t\t\t\t<section class=\"elementor-section elementor-top-section elementor-element elementor-element-b0a3d57 elementor-section-boxed elementor-section-height-default elementor-section-height-default\" data-id=\"b0a3d57\" data-element_type=\"section\" data-settings=\"{&quot;background_background&quot;:&quot;classic&quot;}\">\n\t\t\t\t\t\t<div class=\"elementor-container elementor-column-gap-default\">\n\t\t\t\t\t<div class=\"elementor-column elementor-col-100 elementor-top-column elementor-element elementor-element-9ffa263\" data-id=\"9ffa263\" data-element_type=\"column\">\n\t\t\t<div class=\"elementor-widget-wrap elementor-element-populated\">\n\t\t\t\t\t\t<div class=\"elementor-element elementor-element-634e649 elementor-widget elementor-widget-spacer\" data-id=\"634e649\" data-element_type=\"widget\" data-widget_type=\"spacer.default\">\n\t\t\t\t\t\t\t<div class=\"elementor-spacer\">\n\t\t\t<div class=\"elementor-spacer-inner\"><\/div>\n\t\t<\/div>\n\t\t\t\t\t\t<\/div>\n\t\t\t\t<div class=\"elementor-element elementor-element-8bcea8e elementor-widget elementor-widget-text-editor\" data-id=\"8bcea8e\" data-element_type=\"widget\" data-widget_type=\"text-editor.default\">\n\t\t\t\t\t\t\t\t\t<h1 style=\"font-size: 2.53333rem;\">Conditions d'utilisation<p><\/p>\n<\/h1>\n<div>&nbsp;<\/div>\n<div>\n<h3><span style=\"font-size: 1.75rem;\"><a href=\"https:\/\/huset.se\/anvandarvillkor\/\">Conditions d'utilisation<\/a><\/span><\/h3>\n<\/div>\n<p>Vous trouverez ici des informations et des conditions pour vous (\"en tant que visiteur\") utilisant www.huset.se, couvrant toutes les annonces immobili\u00e8res et le contenu publi\u00e9 par Huset. <a href=\"https:\/\/huset.se\/anvandarvillkor\/\">Cliquez ici pour plus d'informations<\/a><br><span style=\"color: #161616; font-family: Roboto, Arial, sans-serif;\"><span style=\"font-size: 16px;\"><br><\/span><\/span><\/p>\n<div>\n<h3><a href=\"https:\/\/huset.se\/cookies\/\" target=\"_blank\">biscuits<\/a><br><\/h3>\n<\/div>\n<p>Vous trouverez ici un r\u00e9sum\u00e9 de ce que sont les cookies et comment et pourquoi huset.se utilise des cookies sur le site web. <a href=\"https:\/\/huset.se\/cookies\/\">Cliquez ici pour plus d'informations<\/a><\/p>\n<p><br><\/p>\n<p><\/p>\n<div>\n<h3><a href=\"https:\/\/huset.se\/integritet\/\">Politique en mati\u00e8re de donn\u00e9es personnelles<\/a><\/h3>\n<\/div>\n<p>Vous y trouverez des informations sur la nature et la mani\u00e8re dont nous traitons vos donn\u00e9es \u00e0 caract\u00e8re personnel, ainsi que sur les finalit\u00e9s de ce traitement.&nbsp;<a href=\"https:\/\/huset.se\/integritet\/\" target=\"_blank\" style=\"background-color: rgb(255, 255, 255);\">Cliquez ici pour plus d'informations<\/a><\/p>\n<h1 style=\"font-size: 2.53333rem;\">&nbsp;<\/h1>\t\t\t\t\t\t\t\t<\/div>\n\t\t\t\t\t<\/div>\n\t\t<\/div>\n\t\t\t\t\t<\/div>\n\t\t<\/section>\n\t\t\t\t<\/div>","protected":false},"excerpt":{"rendered":"<p>Conditions g\u00e9n\u00e9rales Conditions d'utilisation Vous trouverez ici des informations et des conditions pour vous (\"en tant que visiteur\") qui utilisez www.huset.se et qui couvrent toutes les annonces immobili\u00e8res et le contenu publi\u00e9 par Huset. Cliquez ici Cookies Vous trouverez ici un r\u00e9sum\u00e9 de ce que sont les cookies et comment et pourquoi huset.se utilise des cookies sur le site web. Cliquez ici Politique en mati\u00e8re de donn\u00e9es personnelles Vous trouverez ici [...]<\/p>","protected":false},"author":26,"featured_media":0,"parent":0,"menu_order":0,"comment_status":"closed","ping_status":"closed","template":"template\/template-homepage.php","meta":{"_et_pb_use_builder":"","_et_pb_old_content":"","_et_gb_content_width":"","footnotes":""},"class_list":["post-17353","page","type-page","status-publish","hentry"],"_links":{"self":[{"href":"https:\/\/huset.se\/fr\/wp-json\/wp\/v2\/pages\/17353","targetHints":{"allow":["GET"]}}],"collection":[{"href":"https:\/\/huset.se\/fr\/wp-json\/wp\/v2\/pages"}],"about":[{"href":"https:\/\/huset.se\/fr\/wp-json\/wp\/v2\/types\/page"}],"author":[{"embeddable":true,"href":"https:\/\/huset.se\/fr\/wp-json\/wp\/v2\/users\/26"}],"replies":[{"embeddable":true,"href":"https:\/\/huset.se\/fr\/wp-json\/wp\/v2\/comments?post=17353"}],"version-history":[{"count":0,"href":"https:\/\/huset.se\/fr\/wp-json\/wp\/v2\/pages\/17353\/revisions"}],"wp:attachment":[{"href":"https:\/\/huset.se\/fr\/wp-json\/wp\/v2\/media?parent=17353"}],"curies":[{"name":"wp","href":"https:\/\/api.w.org\/{rel}","templated":true}]}}