{"id":1648,"date":"2024-04-01T16:11:19","date_gmt":"2024-04-01T14:11:19","guid":{"rendered":"https:\/\/demo07.houzez.co\/?page_id=1648"},"modified":"2024-04-01T16:11:21","modified_gmt":"2024-04-01T14:11:21","slug":"search-results-2","status":"publish","type":"page","link":"https:\/\/huset.se\/fr\/search-results-2\/","title":{"rendered":"R\u00e9sultats de la recherche"},"content":{"rendered":"<div data-elementor-type=\"wp-page\" data-elementor-id=\"1648\" class=\"elementor elementor-1648\">\n\t\t\t\t\t\t<section class=\"elementor-section elementor-top-section elementor-element elementor-element-62f102e elementor-section-boxed elementor-section-height-default elementor-section-height-default\" data-id=\"62f102e\" data-element_type=\"section\">\n\t\t\t\t\t\t<div class=\"elementor-container elementor-column-gap-default\">\n\t\t\t\t\t<div class=\"elementor-column elementor-col-33 elementor-top-column elementor-element elementor-element-60d0c32\" data-id=\"60d0c32\" data-element_type=\"column\">\n\t\t\t<div class=\"elementor-widget-wrap\">\n\t\t\t\t\t\t\t<\/div>\n\t\t<\/div>\n\t\t\t\t<div class=\"elementor-column elementor-col-33 elementor-top-column elementor-element elementor-element-1719822\" data-id=\"1719822\" data-element_type=\"column\">\n\t\t\t<div class=\"elementor-widget-wrap elementor-element-populated\">\n\t\t\t\t\t\t<div class=\"elementor-element elementor-element-b74c2f8 onclk elementor-widget elementor-widget-html\" data-id=\"b74c2f8\" data-element_type=\"widget\" data-widget_type=\"html.default\">\n\t\t\t\t\t<button onclick=\"myFunction()\">Filtrage avanc\u00e9<\/button>\t\t\t\t<\/div>\n\t\t\t\t\t<\/div>\n\t\t<\/div>\n\t\t\t\t<div class=\"elementor-column elementor-col-33 elementor-top-column elementor-element elementor-element-572cd44\" data-id=\"572cd44\" data-element_type=\"column\">\n\t\t\t<div class=\"elementor-widget-wrap\">\n\t\t\t\t\t\t\t<\/div>\n\t\t<\/div>\n\t\t\t\t\t<\/div>\n\t\t<\/section>\n\t\t\t\t<section class=\"elementor-section elementor-top-section elementor-element elementor-element-227e45e elementor-section-boxed elementor-section-height-default elementor-section-height-default\" data-id=\"227e45e\" data-element_type=\"section\">\n\t\t\t\t\t\t<div class=\"elementor-container elementor-column-gap-default\">\n\t\t\t\t\t<div class=\"elementor-column elementor-col-100 elementor-top-column elementor-element elementor-element-4ff2248\" data-id=\"4ff2248\" data-element_type=\"column\">\n\t\t\t<div class=\"elementor-widget-wrap elementor-element-populated\">\n\t\t\t\t\t\t<div class=\"elementor-element elementor-element-81e7c07 elementor-widget elementor-widget-html\" data-id=\"81e7c07\" data-element_type=\"widget\" data-widget_type=\"html.default\">\n\t\t\t\t\t<script>function myFunction() {var x = document.getElementById(\"dsec\");if (x.style.display === \"none\") {x.style.display = \"block\";} else {x.style.display = \"none\";}}<\/script>\t\t\t\t<\/div>\n\t\t\t\t\t<\/div>\n\t\t<\/div>\n\t\t\t\t\t<\/div>\n\t\t<\/section>\n\t\t\t\t<\/div>","protected":false},"excerpt":{"rendered":"<p>Filtrage avanc\u00e9 Propri\u00e9t\u00e9s exclusives \u00e0 vendre Propri\u00e9t\u00e9s avec visualisation en ligne uniquement ? Afficher tous les objetsja Type de propri\u00e9t\u00e9 \u2606 Propri\u00e9t\u00e9s commerciales\u2606 Propri\u00e9t\u00e9s priv\u00e9es - Propri\u00e9t\u00e9s r\u00e9sidentielles - Maisons de vacances - Fermes\/for\u00eats - Appartement - Maison de ville - Studio - Terrain - VillaAutre S\u00e9lectionner le comt\u00e9 Toute la Su\u00e8deComt\u00e9 de KlekingeComt\u00e9 de DalarnasComt\u00e9 de G\u00e4vleborgComt\u00e9 de GotlandComt\u00e9 de HallandComt\u00e9 de J\u00e4mtlandComt\u00e9 de J\u00f6nk\u00f6pingComt\u00e9 de KalmarComt\u00e9 de KronobergComt\u00e9 de NorrbottenComt\u00e9 de \u00d6sterg\u00f6tlandComt\u00e9 de Sk\u00e5neComt\u00e9 de S\u00f6dermanlandComt\u00e9 de StockholmComt\u00e9 d'Uppsala [...]<\/p>","protected":false},"author":26,"featured_media":0,"parent":0,"menu_order":0,"comment_status":"closed","ping_status":"closed","template":"template\/template-search.php","meta":{"_et_pb_use_builder":"","_et_pb_old_content":"","_et_gb_content_width":"","footnotes":""},"class_list":["post-1648","page","type-page","status-publish","hentry"],"_links":{"self":[{"href":"https:\/\/huset.se\/fr\/wp-json\/wp\/v2\/pages\/1648","targetHints":{"allow":["GET"]}}],"collection":[{"href":"https:\/\/huset.se\/fr\/wp-json\/wp\/v2\/pages"}],"about":[{"href":"https:\/\/huset.se\/fr\/wp-json\/wp\/v2\/types\/page"}],"author":[{"embeddable":true,"href":"https:\/\/huset.se\/fr\/wp-json\/wp\/v2\/users\/26"}],"replies":[{"embeddable":true,"href":"https:\/\/huset.se\/fr\/wp-json\/wp\/v2\/comments?post=1648"}],"version-history":[{"count":0,"href":"https:\/\/huset.se\/fr\/wp-json\/wp\/v2\/pages\/1648\/revisions"}],"wp:attachment":[{"href":"https:\/\/huset.se\/fr\/wp-json\/wp\/v2\/media?parent=1648"}],"curies":[{"name":"wp","href":"https:\/\/api.w.org\/{rel}","templated":true}]}}