{"id":27039,"date":"2025-05-20T17:00:11","date_gmt":"2025-05-20T15:00:11","guid":{"rendered":"https:\/\/huset.se\/?page_id=27039"},"modified":"2025-05-23T12:28:09","modified_gmt":"2025-05-23T10:28:09","slug":"nyproduktion","status":"publish","type":"page","link":"https:\/\/huset.se\/fi\/nyproduktion\/","title":{"rendered":"Uusi tuotanto"},"content":{"rendered":"<div data-elementor-type=\"wp-page\" data-elementor-id=\"27039\" class=\"elementor elementor-27039\">\n\t\t\t\t\t\t<section class=\"elementor-section elementor-top-section elementor-element elementor-element-413b6f6 elementor-section-height-min-height elementor-section-boxed elementor-section-height-default elementor-section-items-middle\" data-id=\"413b6f6\" data-element_type=\"section\" data-settings=\"{&quot;background_background&quot;:&quot;classic&quot;}\">\n\t\t\t\t\t\t<div class=\"elementor-container elementor-column-gap-default\">\n\t\t\t\t\t<div class=\"elementor-column elementor-col-100 elementor-top-column elementor-element elementor-element-2481df3\" data-id=\"2481df3\" data-element_type=\"column\">\n\t\t\t<div class=\"elementor-widget-wrap elementor-element-populated\">\n\t\t\t\t\t\t<section class=\"elementor-section elementor-inner-section elementor-element elementor-element-3bd056b elementor-section-boxed elementor-section-height-default elementor-section-height-default\" data-id=\"3bd056b\" data-element_type=\"section\">\n\t\t\t\t\t\t<div class=\"elementor-container elementor-column-gap-default\">\n\t\t\t\t\t<div class=\"elementor-column elementor-col-100 elementor-inner-column elementor-element elementor-element-f3c0f3d\" data-id=\"f3c0f3d\" data-element_type=\"column\">\n\t\t\t<div class=\"elementor-widget-wrap\">\n\t\t\t\t\t\t\t<\/div>\n\t\t<\/div>\n\t\t\t\t\t<\/div>\n\t\t<\/section>\n\t\t\t\t\t<\/div>\n\t\t<\/div>\n\t\t\t\t\t<\/div>\n\t\t<\/section>\n\t\t\t\t<section class=\"elementor-section elementor-top-section elementor-element elementor-element-298df88 elementor-section-content-middle elementor-section-boxed elementor-section-height-default elementor-section-height-default\" data-id=\"298df88\" data-element_type=\"section\" data-settings=\"{&quot;background_background&quot;:&quot;classic&quot;}\">\n\t\t\t\t\t\t<div class=\"elementor-container elementor-column-gap-no\">\n\t\t\t\t\t<div class=\"elementor-column elementor-col-100 elementor-top-column elementor-element elementor-element-e6d81c0\" data-id=\"e6d81c0\" data-element_type=\"column\">\n\t\t\t<div class=\"elementor-widget-wrap elementor-element-populated\">\n\t\t\t\t\t\t<div class=\"elementor-element elementor-element-afa40cc elementor-widget elementor-widget-text-editor\" data-id=\"afa40cc\" data-element_type=\"widget\" data-widget_type=\"text-editor.default\">\n\t\t\t\t\t\t\t\t\t<p class=\"\" data-start=\"562\" data-end=\"624\">Uudisrakentaminen - koe kiinteist\u00f6v\u00e4lityksen tulevaisuus<\/p>\t\t\t\t\t\t\t\t<\/div>\n\t\t\t\t<div class=\"elementor-element elementor-element-2508a4d elementor-widget elementor-widget-text-editor\" data-id=\"2508a4d\" data-element_type=\"widget\" data-widget_type=\"text-editor.default\">\n\t\t\t\t\t\t\t\t\t<p class=\"\" data-start=\"394\" data-end=\"660\">Uuden kodin valitseminen on p\u00e4\u00e4t\u00f6s, joka on t\u00e4ynn\u00e4 visioita, odotuksia ja yksityiskohtia. Husetin uudisrakentamiseen soveltamien digitaalisten ratkaisujen avulla viemme t\u00e4m\u00e4n kokemuksen uudelle tasolle, jossa jokainen neli\u00f6metri voidaan tutkia, r\u00e4\u00e4t\u00e4l\u00f6id\u00e4 ja ymm\u00e4rt\u00e4\u00e4, ennen kuin ty\u00f6maalla otetaan askeltakaan.<\/p><h5 data-start=\"2059\" data-end=\"2323\"><strong><br \/>Arkkitehdeille, rakentajille ja rakennuttajille.<\/strong><\/h5><p class=\"\" data-start=\"2059\" data-end=\"2323\">Digitaaliset palvelumme eiv\u00e4t ole vain ostajalle - ne virtaviivaistavat koko prosessia rakennuttajien kannalta.<br data-start=\"2178\" data-end=\"2181\" \/>Saat yhten\u00e4isen digitaalisen ymp\u00e4rist\u00f6n, jossa katselu, valinta ja seuranta tapahtuvat t\u00e4ydess\u00e4 hallinnassa, hallinnointi on minimoitu ja kokemus on maksimaalinen.<\/p><h5 data-start=\"2330\" data-end=\"2519\"><strong data-start=\"2330\" data-end=\"2385\"><br \/>Tulevaisuuden rakennukset edellytt\u00e4v\u00e4t tulevaisuuden ratkaisuja.<br \/><\/strong><\/h5><p class=\"\" data-start=\"2330\" data-end=\"2519\">Husetin kanssa uusi rakentaminen ei ole vain selke\u00e4\u00e4 - se on inspiroivaa, tehokasta ja helposti l\u00e4hestytt\u00e4v\u00e4\u00e4 ensimm\u00e4isest\u00e4 ajatuksesta viimeiseen p\u00e4\u00e4t\u00f6kseen.<\/p>\t\t\t\t\t\t\t\t<\/div>\n\t\t\t\t\t<\/div>\n\t\t<\/div>\n\t\t\t\t\t<\/div>\n\t\t<\/section>\n\t\t\t\t<section class=\"elementor-section elementor-top-section elementor-element elementor-element-ceaff98 elementor-section-content-middle elementor-reverse-mobile elementor-reverse-tablet elementor-section-boxed elementor-section-height-default elementor-section-height-default\" data-id=\"ceaff98\" data-element_type=\"section\" data-settings=\"{&quot;background_background&quot;:&quot;classic&quot;}\">\n\t\t\t\t\t\t<div class=\"elementor-container elementor-column-gap-no\">\n\t\t\t\t\t<div class=\"elementor-column elementor-col-100 elementor-top-column elementor-element elementor-element-387c091\" data-id=\"387c091\" data-element_type=\"column\">\n\t\t\t<div class=\"elementor-widget-wrap elementor-element-populated\">\n\t\t\t\t\t\t<div class=\"elementor-element elementor-element-4882277 elementor-widget elementor-widget-image\" data-id=\"4882277\" data-element_type=\"widget\" data-widget_type=\"image.default\">\n\t\t\t\t\t\t\t\t\t\t\t\t\t\t\t<img fetchpriority=\"high\" decoding=\"async\" width=\"1113\" height=\"593\" src=\"https:\/\/huset.se\/wp-content\/uploads\/2024\/03\/bostadsvaljaren_preview.jpg\" class=\"attachment-full size-full wp-image-25014\" alt=\"Naapuritalon malli asuntohankkeita varten Huset.se-sivustolla, joka on kaupunkiel\u00e4m\u00e4n keskus.\" srcset=\"https:\/\/huset.se\/wp-content\/uploads\/2024\/03\/bostadsvaljaren_preview.jpg 1113w, https:\/\/huset.se\/wp-content\/uploads\/2024\/03\/bostadsvaljaren_preview-300x160.webp 300w, https:\/\/huset.se\/wp-content\/uploads\/2024\/03\/bostadsvaljaren_preview-1024x546.webp 1024w, https:\/\/huset.se\/wp-content\/uploads\/2024\/03\/bostadsvaljaren_preview-768x409.webp 768w, https:\/\/huset.se\/wp-content\/uploads\/2024\/03\/bostadsvaljaren_preview-18x10.webp 18w, https:\/\/huset.se\/wp-content\/uploads\/2024\/03\/bostadsvaljaren_preview-496x264.webp 496w\" sizes=\"(max-width: 1113px) 100vw, 1113px\" \/>\t\t\t\t\t\t\t\t\t\t\t\t\t\t\t<\/div>\n\t\t\t\t\t<\/div>\n\t\t<\/div>\n\t\t\t\t\t<\/div>\n\t\t<\/section>\n\t\t\t\t<section class=\"elementor-section elementor-top-section elementor-element elementor-element-421fa8c elementor-section-content-middle elementor-section-boxed elementor-section-height-default elementor-section-height-default\" data-id=\"421fa8c\" data-element_type=\"section\" data-settings=\"{&quot;background_background&quot;:&quot;classic&quot;}\">\n\t\t\t\t\t\t<div class=\"elementor-container elementor-column-gap-no\">\n\t\t\t\t\t<div class=\"elementor-column elementor-col-100 elementor-top-column elementor-element elementor-element-118dea6\" data-id=\"118dea6\" data-element_type=\"column\">\n\t\t\t<div class=\"elementor-widget-wrap elementor-element-populated\">\n\t\t\t\t\t\t<div class=\"elementor-element elementor-element-57f46a0 elementor-widget elementor-widget-text-editor\" data-id=\"57f46a0\" data-element_type=\"widget\" data-widget_type=\"text-editor.default\">\n\t\t\t\t\t\t\t\t\t<p>Asunnonvalitsin - yleiskatsauksesta oivallukseen<\/p>\t\t\t\t\t\t\t\t<\/div>\n\t\t\t\t<div class=\"elementor-element elementor-element-8107d98 elementor-widget elementor-widget-text-editor\" data-id=\"8107d98\" data-element_type=\"widget\" data-widget_type=\"text-editor.default\">\n\t\t\t\t\t\t\t\t\t<p class=\"\" data-start=\"1092\" data-end=\"1413\">Home Selector on interaktiivinen ty\u00f6kalu, jonka avulla on helppo tarkastella koko hanketta ja tutustua jokaiseen yksitt\u00e4iseen kotiin. Asiakkaat voivat navigoida kerrosten v\u00e4lill\u00e4, vertailla sijainteja, ladata pohjapiirroksia, n\u00e4hd\u00e4 ajo-ohjeita ja saada kaikki tarvittavat tiedot - kaikki t\u00e4m\u00e4 intuitiivisessa ja tyylikk\u00e4\u00e4ss\u00e4 k\u00e4ytt\u00f6liittym\u00e4ss\u00e4.<\/p><p class=\"\" data-start=\"1415\" data-end=\"1545\">Jokaiseen osakehuoneistoon voi tutustua my\u00f6s virtuaalitodellisuudessa, jolloin uuden kodin el\u00e4m\u00e4st\u00e4 saa realistisen k\u00e4sityksen - jo ennen kuin se on rakennettu. <a href=\"https:\/\/huset.se\/bostadsvaljare\/\">Lue lis\u00e4\u00e4 asunnonvalitsimesta<\/a><\/p>\t\t\t\t\t\t\t\t<\/div>\n\t\t\t\t\t<\/div>\n\t\t<\/div>\n\t\t\t\t\t<\/div>\n\t\t<\/section>\n\t\t\t\t<section class=\"elementor-section elementor-top-section elementor-element elementor-element-aa599a3 elementor-section-boxed elementor-section-height-default elementor-section-height-default\" data-id=\"aa599a3\" data-element_type=\"section\" data-settings=\"{&quot;background_background&quot;:&quot;classic&quot;}\">\n\t\t\t\t\t\t<div class=\"elementor-container elementor-column-gap-default\">\n\t\t\t\t\t<div class=\"elementor-column elementor-col-100 elementor-top-column elementor-element elementor-element-bb233cc\" data-id=\"bb233cc\" data-element_type=\"column\">\n\t\t\t<div class=\"elementor-widget-wrap elementor-element-populated\">\n\t\t\t\t\t\t<div class=\"elementor-element elementor-element-76e9f13 elementor-widget elementor-widget-spacer\" data-id=\"76e9f13\" data-element_type=\"widget\" data-widget_type=\"spacer.default\">\n\t\t\t\t\t\t\t<div class=\"elementor-spacer\">\n\t\t\t<div class=\"elementor-spacer-inner\"><\/div>\n\t\t<\/div>\n\t\t\t\t\t\t<\/div>\n\t\t\t\t\t<\/div>\n\t\t<\/div>\n\t\t\t\t\t<\/div>\n\t\t<\/section>\n\t\t\t\t<section class=\"elementor-section elementor-top-section elementor-element elementor-element-f44eedd elementor-section-content-middle elementor-reverse-mobile elementor-reverse-tablet elementor-section-boxed elementor-section-height-default elementor-section-height-default\" data-id=\"f44eedd\" data-element_type=\"section\" data-settings=\"{&quot;background_background&quot;:&quot;classic&quot;}\">\n\t\t\t\t\t\t<div class=\"elementor-container elementor-column-gap-no\">\n\t\t\t\t\t<div class=\"elementor-column elementor-col-100 elementor-top-column elementor-element elementor-element-aca57cc\" data-id=\"aca57cc\" data-element_type=\"column\">\n\t\t\t<div class=\"elementor-widget-wrap elementor-element-populated\">\n\t\t\t\t\t\t<div class=\"elementor-element elementor-element-d297611 elementor-widget elementor-widget-image\" data-id=\"d297611\" data-element_type=\"widget\" data-widget_type=\"image.default\">\n\t\t\t\t\t\t\t\t\t\t\t\t\t\t\t<img decoding=\"async\" width=\"2560\" height=\"1707\" src=\"https:\/\/huset.se\/wp-content\/uploads\/2023\/12\/kok-scaled.jpg\" class=\"attachment-full size-full wp-image-23691\" alt=\"Alta-teksti: Moderni keitti\u00f6, jossa on harmaat kaapit, kaasuliesi ja keitti\u00f6v\u00e4lineet vaaleissa s\u00e4vyiss\u00e4.\" srcset=\"https:\/\/huset.se\/wp-content\/uploads\/2023\/12\/kok-scaled.jpg 2560w, https:\/\/huset.se\/wp-content\/uploads\/2023\/12\/kok-300x200.jpg 300w, https:\/\/huset.se\/wp-content\/uploads\/2023\/12\/kok-1024x683.jpg 1024w, https:\/\/huset.se\/wp-content\/uploads\/2023\/12\/kok-768x512.jpg 768w, https:\/\/huset.se\/wp-content\/uploads\/2023\/12\/kok-1536x1024.jpg 1536w, https:\/\/huset.se\/wp-content\/uploads\/2023\/12\/kok-2048x1365.jpg 2048w, https:\/\/huset.se\/wp-content\/uploads\/2023\/12\/kok-18x12.jpg 18w, https:\/\/huset.se\/wp-content\/uploads\/2023\/12\/kok-900x600.jpg 900w, https:\/\/huset.se\/wp-content\/uploads\/2023\/12\/kok-496x331.jpg 496w\" sizes=\"(max-width: 2560px) 100vw, 2560px\" \/>\t\t\t\t\t\t\t\t\t\t\t\t\t\t\t<\/div>\n\t\t\t\t\t<\/div>\n\t\t<\/div>\n\t\t\t\t\t<\/div>\n\t\t<\/section>\n\t\t\t\t<section class=\"elementor-section elementor-top-section elementor-element elementor-element-f1f4f8a elementor-section-content-middle elementor-section-boxed elementor-section-height-default elementor-section-height-default\" data-id=\"f1f4f8a\" data-element_type=\"section\" data-settings=\"{&quot;background_background&quot;:&quot;classic&quot;}\">\n\t\t\t\t\t\t<div class=\"elementor-container elementor-column-gap-no\">\n\t\t\t\t\t<div class=\"elementor-column elementor-col-100 elementor-top-column elementor-element elementor-element-76b7597\" data-id=\"76b7597\" data-element_type=\"column\">\n\t\t\t<div class=\"elementor-widget-wrap elementor-element-populated\">\n\t\t\t\t\t\t<div class=\"elementor-element elementor-element-3d49b97 elementor-widget elementor-widget-text-editor\" data-id=\"3d49b97\" data-element_type=\"widget\" data-widget_type=\"text-editor.default\">\n\t\t\t\t\t\t\t\t\t<p>Konfiguraattori - personoi kotisi<\/p>\t\t\t\t\t\t\t\t<\/div>\n\t\t\t\t<div class=\"elementor-element elementor-element-043dcc9 elementor-widget elementor-widget-text-editor\" data-id=\"043dcc9\" data-element_type=\"widget\" data-widget_type=\"text-editor.default\">\n\t\t\t\t\t\t\t\t\t<p class=\"\" data-start=\"1600\" data-end=\"1857\">Eksklusiivinen konfiguraattorimme tarjoaa hienostuneen valintaj\u00e4rjestelm\u00e4n, jonka avulla ostajat voivat r\u00e4\u00e4t\u00e4l\u00f6id\u00e4 kotinsa oman makunsa mukaan. Inspiraatiopakettien ja tyylikonseptien avulla asiakkaat voivat valita sisustusratkaisut, materiaalit ja v\u00e4rimaailman - suoraan ty\u00f6kalussa.<\/p><p class=\"\" data-start=\"1859\" data-end=\"1993\">Valinnat visualisoidaan selke\u00e4sti reaaliajassa, ja t\u00e4ydellinen yleiskuva luodaan automaattisesti - valmiina integroitavaksi projektinhallintaan ja hankintoihin. <a href=\"https:\/\/huset.se\/konfigurator\/\">Lue lis\u00e4\u00e4 konfiguraattorista<\/a><\/p>\t\t\t\t\t\t\t\t<\/div>\n\t\t\t\t\t<\/div>\n\t\t<\/div>\n\t\t\t\t\t<\/div>\n\t\t<\/section>\n\t\t\t\t<\/div>","protected":false},"excerpt":{"rendered":"<p>Uudisrakentaminen - koe kiinteist\u00f6jen tulevaisuus Uuden kodin valitseminen on p\u00e4\u00e4t\u00f6s, joka on t\u00e4ynn\u00e4 visioita, odotuksia ja yksityiskohtia. Husetin uudisrakentamisen digitaalisten ratkaisujen avulla viemme t\u00e4m\u00e4n kokemuksen uudelle tasolle - jossa jokaista neli\u00f6metri\u00e4 voidaan tutkia, r\u00e4\u00e4t\u00e4l\u00f6id\u00e4 ja ymm\u00e4rt\u00e4\u00e4 ennen kuin ty\u00f6maalla otetaan askeltakaan. Arkkitehdeille, rakentajille ja rakennuttajille. Meid\u00e4n [...]<\/p>","protected":false},"author":25,"featured_media":0,"parent":0,"menu_order":0,"comment_status":"closed","ping_status":"closed","template":"template\/template-homepage.php","meta":{"_et_pb_use_builder":"","_et_pb_old_content":"","_et_gb_content_width":"","footnotes":""},"class_list":["post-27039","page","type-page","status-publish","hentry"],"_links":{"self":[{"href":"https:\/\/huset.se\/fi\/wp-json\/wp\/v2\/pages\/27039","targetHints":{"allow":["GET"]}}],"collection":[{"href":"https:\/\/huset.se\/fi\/wp-json\/wp\/v2\/pages"}],"about":[{"href":"https:\/\/huset.se\/fi\/wp-json\/wp\/v2\/types\/page"}],"author":[{"embeddable":true,"href":"https:\/\/huset.se\/fi\/wp-json\/wp\/v2\/users\/25"}],"replies":[{"embeddable":true,"href":"https:\/\/huset.se\/fi\/wp-json\/wp\/v2\/comments?post=27039"}],"version-history":[{"count":19,"href":"https:\/\/huset.se\/fi\/wp-json\/wp\/v2\/pages\/27039\/revisions"}],"predecessor-version":[{"id":27736,"href":"https:\/\/huset.se\/fi\/wp-json\/wp\/v2\/pages\/27039\/revisions\/27736"}],"wp:attachment":[{"href":"https:\/\/huset.se\/fi\/wp-json\/wp\/v2\/media?parent=27039"}],"curies":[{"name":"wp","href":"https:\/\/api.w.org\/{rel}","templated":true}]}}