{"id":27009,"date":"2025-05-20T16:25:51","date_gmt":"2025-05-20T14:25:51","guid":{"rendered":"https:\/\/huset.se\/?page_id=27009"},"modified":"2025-06-12T11:18:39","modified_gmt":"2025-06-12T09:18:39","slug":"ai-saljassistent","status":"publish","type":"page","link":"https:\/\/huset.se\/fi\/ai-saljassistent\/","title":{"rendered":"Ai myyntiassistentti"},"content":{"rendered":"<div data-elementor-type=\"wp-page\" data-elementor-id=\"27009\" class=\"elementor elementor-27009\">\n\t\t\t\t\t\t<section class=\"elementor-section elementor-top-section elementor-element elementor-element-413b6f6 elementor-section-height-min-height elementor-section-boxed elementor-section-height-default elementor-section-items-middle\" data-id=\"413b6f6\" data-element_type=\"section\" data-settings=\"{&quot;background_background&quot;:&quot;classic&quot;}\">\n\t\t\t\t\t\t<div class=\"elementor-container elementor-column-gap-default\">\n\t\t\t\t\t<div class=\"elementor-column elementor-col-100 elementor-top-column elementor-element elementor-element-2481df3\" data-id=\"2481df3\" data-element_type=\"column\">\n\t\t\t<div class=\"elementor-widget-wrap elementor-element-populated\">\n\t\t\t\t\t\t<section class=\"elementor-section elementor-inner-section elementor-element elementor-element-3bd056b elementor-section-boxed elementor-section-height-default elementor-section-height-default\" data-id=\"3bd056b\" data-element_type=\"section\">\n\t\t\t\t\t\t<div class=\"elementor-container elementor-column-gap-default\">\n\t\t\t\t\t<div class=\"elementor-column elementor-col-100 elementor-inner-column elementor-element elementor-element-f3c0f3d\" data-id=\"f3c0f3d\" data-element_type=\"column\">\n\t\t\t<div class=\"elementor-widget-wrap\">\n\t\t\t\t\t\t\t<\/div>\n\t\t<\/div>\n\t\t\t\t\t<\/div>\n\t\t<\/section>\n\t\t\t\t\t<\/div>\n\t\t<\/div>\n\t\t\t\t\t<\/div>\n\t\t<\/section>\n\t\t\t\t<section class=\"elementor-section elementor-top-section elementor-element elementor-element-a2b7ec5 elementor-section-content-middle elementor-reverse-mobile elementor-reverse-tablet elementor-section-boxed elementor-section-height-default elementor-section-height-default\" data-id=\"a2b7ec5\" data-element_type=\"section\" data-settings=\"{&quot;background_background&quot;:&quot;classic&quot;}\">\n\t\t\t\t\t\t<div class=\"elementor-container elementor-column-gap-no\">\n\t\t\t\t\t<div class=\"elementor-column elementor-col-100 elementor-top-column elementor-element elementor-element-4aa6921\" data-id=\"4aa6921\" data-element_type=\"column\">\n\t\t\t<div class=\"elementor-widget-wrap\">\n\t\t\t\t\t\t\t<\/div>\n\t\t<\/div>\n\t\t\t\t\t<\/div>\n\t\t<\/section>\n\t\t\t\t<section class=\"elementor-section elementor-top-section elementor-element elementor-element-d299de9 elementor-section-content-middle elementor-section-boxed elementor-section-height-default elementor-section-height-default\" data-id=\"d299de9\" data-element_type=\"section\" data-settings=\"{&quot;background_background&quot;:&quot;classic&quot;}\">\n\t\t\t\t\t\t<div class=\"elementor-container elementor-column-gap-no\">\n\t\t\t\t\t<div class=\"elementor-column elementor-col-100 elementor-top-column elementor-element elementor-element-f87bdfe\" data-id=\"f87bdfe\" data-element_type=\"column\">\n\t\t\t<div class=\"elementor-widget-wrap elementor-element-populated\">\n\t\t\t\t\t\t<div class=\"elementor-element elementor-element-9158a97 elementor-widget elementor-widget-text-editor\" data-id=\"9158a97\" data-element_type=\"widget\" data-widget_type=\"text-editor.default\">\n\t\t\t\t\t\t\t\t\t<p>AI Sales Assistant &amp; Digital Viewing - tehokkain ensimm\u00e4inen kontaktisi<\/p>\t\t\t\t\t\t\t\t<\/div>\n\t\t\t\t<div class=\"elementor-element elementor-element-c260c55 elementor-widget elementor-widget-text-editor\" data-id=\"c260c55\" data-element_type=\"widget\" data-widget_type=\"text-editor.default\">\n\t\t\t\t\t\t\t\t\t<p class=\"\" data-start=\"281\" data-end=\"418\">Kiinteist\u00f6n myyminen tai vuokraaminen vaatii nopeutta, tarkkuutta ja saatavuutta, mutta sen ei tarvitse vied\u00e4 kaikkea aikaasi.<\/p>\n<p class=\"\" data-start=\"420\" data-end=\"611\">Med <strong data-start=\"424\" data-end=\"474\">Digitaaliset talokierrokset ja teko\u00e4lyn myyntiassistentti<\/strong> saat t\u00e4ydellisen ratkaisun, joka hoitaa asiakkaan ensikontaktin, tiedustelut ja karsinnat automaattisesti, 24\/7 ja useilla kielill\u00e4.<\/p>\t\t\t\t\t\t\t\t<\/div>\n\t\t\t\t<div class=\"elementor-element elementor-element-e6e1800 elementor-widget elementor-widget-spacer\" data-id=\"e6e1800\" data-element_type=\"widget\" data-widget_type=\"spacer.default\">\n\t\t\t\t\t\t\t<div class=\"elementor-spacer\">\n\t\t\t<div class=\"elementor-spacer-inner\"><\/div>\n\t\t<\/div>\n\t\t\t\t\t\t<\/div>\n\t\t\t\t<div class=\"elementor-element elementor-element-97a82c7 elementor-widget elementor-widget-text-editor\" data-id=\"97a82c7\" data-element_type=\"widget\" data-widget_type=\"text-editor.default\">\n\t\t\t\t\t\t\t\t\t<p>Miss\u00e4 palvelu kohtaa hienostuneen tarkkuuden.<\/p>\t\t\t\t\t\t\t\t<\/div>\n\t\t\t\t<div class=\"elementor-element elementor-element-c205852 elementor-widget elementor-widget-text-editor\" data-id=\"c205852\" data-element_type=\"widget\" data-widget_type=\"text-editor.default\">\n\t\t\t\t\t\t\t\t\t<p class=\"\" data-start=\"281\" data-end=\"418\">Miten se toimii - Ensimm\u00e4isest\u00e4 klikkauksesta p\u00e4tev\u00e4\u00e4n liidiin:<\/p>\t\t\t\t\t\t\t\t<\/div>\n\t\t\t\t<div class=\"elementor-element elementor-element-967c706 elementor-widget elementor-widget-text-editor\" data-id=\"967c706\" data-element_type=\"widget\" data-widget_type=\"text-editor.default\">\n\t\t\t\t\t\t\t\t\t<ol><li><u><b>Ensimm\u00e4inen yhteydenotto - sinun ehdoillasi <\/b><\/u><p>Matka voi alkaa eri tavoin - riippuen siit\u00e4, miten haluat esitell\u00e4 kiinteist\u00f6si. Joko annat asiakkaan soittaa suoraan teko\u00e4lymyyj\u00e4llemme ilmoituksessa olevan puhelinnumeron kautta. Avustaja esittelee kiinteist\u00f6n, vastaa kysymyksiin ja l\u00e4hett\u00e4\u00e4 henkil\u00f6kohtaisen tekstiviestilinkin digitaaliseen katseluun.<br \/>Tai asiakkaalla on jo p\u00e4\u00e4sy digitaaliselle kierrokselle, jossa h\u00e4n voi ottaa yhteytt\u00e4 teko\u00e4lyavustajaan milloin tahansa yhdell\u00e4 napsautuksella saadakseen eksklusiivista opastusta ja syv\u00e4llist\u00e4 tietoa.<\/p><\/li><li><b><u>Digitaalinen kierros - poikkeuksellinen kokemus <\/u><\/b><p>Vuorovaikutteisen 3D-n\u00e4kym\u00e4mme avulla asiakkaat voivat vapaasti kiert\u00e4\u00e4 kiinteist\u00f6\u00e4, tutustua yksityiskohtiin, ymm\u00e4rt\u00e4\u00e4 pohjaratkaisun ja kokea huoneiden luonteen - omaan tahtiinsa, suoraan matkapuhelimen, tabletin tai tietokoneen kautta.<\/p><\/li><li><b><u>Suora vuoropuhelu - kun kysymyksi\u00e4 her\u00e4\u00e4 <\/u><\/b><p>Teko\u00e4lyavustajamme on aina valmiina riippumatta siit\u00e4, miss\u00e4 vaiheessa asiointi tapahtuu. Tarkkuudella, ammattitaidolla ja luotettavalla l\u00e4hestymistavalla se vastaa kysymyksiin, opastaa eteenp\u00e4in - ja antaa kiinnostuksen kypsy\u00e4 p\u00e4\u00e4t\u00f6ksiksi.<\/p><\/li><li><b><u>Vastauksia kaikkiin kiinteist\u00f6ihin liittyviin kysymyksiin - oikealla kielell\u00e4 <\/u><\/b><p>Teko\u00e4lyavustaja voi vastata yksityiskohtaisiin kysymyksiin, kuten: Hinta neli\u00f6metri\u00e4 kohti? Sis\u00e4ltyyk\u00f6 vuokraan vesi, l\u00e4mmitys tai s\u00e4hk\u00f6? Onko pys\u00e4k\u00f6intitilaa? Kuinka leve\u00e4 ovi on? Kuinka korkea on katto? Ovatko tilat mukautettu liikuntarajoitteisia varten?\u00a0<\/p><p>Teko\u00e4ly kommunikoi useilla kielill\u00e4, kuten ruotsiksi, englanniksi, norjaksi, tanskaksi, saksaksi, suomeksi, ranskaksi, italiaksi, koreaksi, kiinaksi, japaniksi, espanjaksi, hindiksi, kreikaksi, bulgariaksi, vietnamiksi ja monilla muilla kielill\u00e4, mik\u00e4 helpottaa sek\u00e4 kansallisten ett\u00e4 kansainv\u00e4listen sidosryhmien kohtaamista.<br \/><br \/><\/p><\/li><li><b><u>Kun henkil\u00f6kohtaista yhteydenottoa pyydet\u00e4\u00e4n<\/u><\/b><br \/><p data-start=\"94\" data-end=\"348\">Jos pyydet\u00e4\u00e4n suoraa yhteydenottoa, tiedustelu v\u00e4litet\u00e4\u00e4n asiasta vastaavalle kiinteist\u00f6nv\u00e4litt\u00e4j\u00e4lle tai kiinteist\u00f6n omistajalle - nopeasti, hienovaraisesti ja eritt\u00e4in hienovaraisesti. Asiakkaalle ilmoitetaan t\u00e4st\u00e4 samalla huolellisuudella, joka l\u00e4p\u00e4isee koko kokemuksen.<\/p><p data-start=\"350\" data-end=\"607\" data-is-last-node=\"\" data-is-only-node=\"\">Teko\u00e4lyavustajamme ei ole vain vastaus kysymyksiin - se on teknologinen neuvonantaja, joka on aina valmis opastamaan, varaamaan yksityisn\u00e4yt\u00f6ksi\u00e4 ja r\u00e4\u00e4t\u00e4l\u00f6im\u00e4\u00e4n tietoja kunkin asiakkaan tarpeiden mukaan. Maailmanluokan digitaalinen avustaja, joka on palveluksessasi - ymp\u00e4ri vuorokauden.<\/p><\/li><li><b><u>Lopuksi keskustelun yhteenveto - otat seuraavan askeleen.<\/u><\/b><br \/>Jokainen puhelu analysoidaan automaattisesti ja siit\u00e4 laaditaan selke\u00e4 raportti, joka l\u00e4hetet\u00e4\u00e4n yhteyshenkil\u00f6lle. N\u00e4et tarkalleen, mist\u00e4 asiakas oli kiinnostunut - ja voit nopeasti p\u00e4\u00e4tt\u00e4\u00e4, onko kyseess\u00e4 johtolanka, jonka perusteella kannattaa toimia.<\/li><\/ol>\t\t\t\t\t\t\t\t<\/div>\n\t\t\t\t<div class=\"elementor-element elementor-element-ad47aa6 elementor-widget elementor-widget-spacer\" data-id=\"ad47aa6\" data-element_type=\"widget\" data-widget_type=\"spacer.default\">\n\t\t\t\t\t\t\t<div class=\"elementor-spacer\">\n\t\t\t<div class=\"elementor-spacer-inner\"><\/div>\n\t\t<\/div>\n\t\t\t\t\t\t<\/div>\n\t\t\t\t<div class=\"elementor-element elementor-element-0e56fc4 elementor-widget elementor-widget-text-editor\" data-id=\"0e56fc4\" data-element_type=\"widget\" data-widget_type=\"text-editor.default\">\n\t\t\t\t\t\t\t\t\t<p>Teko\u00e4ly, joka kuuntelee, kvalifioi ja tekee yhteenvedon - automaattisesti.<\/p>\t\t\t\t\t\t\t\t<\/div>\n\t\t\t\t<div class=\"elementor-element elementor-element-afa8b10 elementor-widget elementor-widget-text-editor\" data-id=\"afa8b10\" data-element_type=\"widget\" data-widget_type=\"text-editor.default\">\n\t\t\t\t\t\t\t\t\t<p class=\"\" data-start=\"2040\" data-end=\"2164\">Ratkaisusta tekee tehokkaan paitsi teko\u00e4lyn kyky vastata kysymyksiin, my\u00f6s se, mit\u00e4 tapahtuu. <strong data-start=\"2145\" data-end=\"2163\">puhelun j\u00e4lkeen<\/strong>:<\/p><blockquote data-start=\"2166\" data-end=\"2289\"><p class=\"\" data-start=\"2168\" data-end=\"2289\">Kuvittele, ett\u00e4 spekulantti soittaa kello 21.30 Lontoosta ja kysyy:<br \/>\"Onko kuitua? Sis\u00e4ltyyk\u00f6 vesi vuokraan?\"\u00a0<\/p><\/blockquote><ol data-start=\"836\" data-end=\"1961\"><li class=\"\" data-start=\"1694\" data-end=\"1961\">Teko\u00e4ly vastaa v\u00e4litt\u00f6m\u00e4sti - ja saat valmiin, ammattimaisen yhteenvedon postilaatikkoosi heti puhelun j\u00e4lkeen.\u00a0<\/li><\/ol>\t\t\t\t\t\t\t\t<\/div>\n\t\t\t\t<div class=\"elementor-element elementor-element-cb9f238 elementor-widget elementor-widget-spacer\" data-id=\"cb9f238\" data-element_type=\"widget\" data-widget_type=\"spacer.default\">\n\t\t\t\t\t\t\t<div class=\"elementor-spacer\">\n\t\t\t<div class=\"elementor-spacer-inner\"><\/div>\n\t\t<\/div>\n\t\t\t\t\t\t<\/div>\n\t\t\t\t<div class=\"elementor-element elementor-element-fedb202 elementor-widget elementor-widget-image\" data-id=\"fedb202\" data-element_type=\"widget\" data-widget_type=\"image.default\">\n\t\t\t\t\t\t\t\t\t\t\t\t\t\t\t<img fetchpriority=\"high\" decoding=\"async\" width=\"1000\" height=\"571\" src=\"https:\/\/huset.se\/wp-content\/uploads\/2024\/04\/Ai-huset.jpg\" class=\"attachment-full size-full wp-image-25847\" alt=\"Teko\u00e4ly ja digitaalinen teknologia keski\u00f6ss\u00e4.\" srcset=\"https:\/\/huset.se\/wp-content\/uploads\/2024\/04\/Ai-huset.jpg 1000w, https:\/\/huset.se\/wp-content\/uploads\/2024\/04\/Ai-huset-300x171.jpg 300w, https:\/\/huset.se\/wp-content\/uploads\/2024\/04\/Ai-huset-768x439.jpg 768w, https:\/\/huset.se\/wp-content\/uploads\/2024\/04\/Ai-huset-18x10.jpg 18w, https:\/\/huset.se\/wp-content\/uploads\/2024\/04\/Ai-huset-496x283.jpg 496w\" sizes=\"(max-width: 1000px) 100vw, 1000px\" \/>\t\t\t\t\t\t\t\t\t\t\t\t\t\t\t<\/div>\n\t\t\t\t<div class=\"elementor-element elementor-element-195877d elementor-widget elementor-widget-text-editor\" data-id=\"195877d\" data-element_type=\"widget\" data-widget_type=\"text-editor.default\">\n\t\t\t\t\t\t\t\t\t<p>Tulokset huomaat heti<\/p>\t\t\t\t\t\t\t\t<\/div>\n\t\t\t\t<div class=\"elementor-element elementor-element-aa46c10 elementor-widget elementor-widget-text-editor\" data-id=\"aa46c10\" data-element_type=\"widget\" data-widget_type=\"text-editor.default\">\n\t\t\t\t\t\t\t\t\t<ul data-start=\"2433\" data-end=\"2849\"><li class=\"\" data-start=\"2433\" data-end=\"2515\"><p class=\"\" data-start=\"2435\" data-end=\"2515\">Yhdeks\u00e4n <strong data-start=\"2438\" data-end=\"2473\">vangitsee kuumia asiakkaita nopeammin<\/strong> - olematta sidottu toimistoaikoihin.<\/p><\/li><li class=\"\" data-start=\"2516\" data-end=\"2599\"><p class=\"\" data-start=\"2518\" data-end=\"2599\">Yhdeks\u00e4n <strong data-start=\"2521\" data-end=\"2553\">viett\u00e4\u00e4 aikaa oikeiden kontaktien kanssa<\/strong> - ja v\u00e4ltt\u00e4\u00e4 umpikujaan johtavia keskusteluja.<\/p><\/li><li class=\"\" data-start=\"2600\" data-end=\"2686\"><p class=\"\" data-start=\"2602\" data-end=\"2686\">Yhdeks\u00e4n <strong data-start=\"2605\" data-end=\"2631\">v\u00e4hent\u00e4\u00e4 ty\u00f6voiman tarvetta<\/strong> - Teko\u00e4ly hoitaa sen, mihin aiemmin tarvittiin avustajia.<\/p><\/li><li class=\"\" data-start=\"2687\" data-end=\"2766\"><p class=\"\" data-start=\"2689\" data-end=\"2766\">Yhdeks\u00e4n <strong data-start=\"2692\" data-end=\"2719\">tarjoaa parempaa palvelua<\/strong> - saatavilla asiakkaan kielell\u00e4 ymp\u00e4ri vuorokauden.<\/p><\/li><li class=\"\" data-start=\"2767\" data-end=\"2849\"><p class=\"\" data-start=\"2769\" data-end=\"2849\">Yhdeks\u00e4n <strong data-start=\"2772\" data-end=\"2795\">lis\u00e4\u00e4 konversiota<\/strong> - v\u00e4litt\u00f6mien vastausten ja kitkattoman asiakaspalvelun avulla.<\/p><\/li><\/ul>\t\t\t\t\t\t\t\t<\/div>\n\t\t\t\t<div class=\"elementor-element elementor-element-6a6c50e elementor-widget elementor-widget-spacer\" data-id=\"6a6c50e\" data-element_type=\"widget\" data-widget_type=\"spacer.default\">\n\t\t\t\t\t\t\t<div class=\"elementor-spacer\">\n\t\t\t<div class=\"elementor-spacer-inner\"><\/div>\n\t\t<\/div>\n\t\t\t\t\t\t<\/div>\n\t\t\t\t<div class=\"elementor-element elementor-element-9a98c96 elementor-widget elementor-widget-text-editor\" data-id=\"9a98c96\" data-element_type=\"widget\" data-widget_type=\"text-editor.default\">\n\t\t\t\t\t\t\t\t\t<p>Uusi standardi sille, miten liikekiinteist\u00f6t koetaan ja miten niist\u00e4 viestit\u00e4\u00e4n.<\/p>\t\t\t\t\t\t\t\t<\/div>\n\t\t\t\t<div class=\"elementor-element elementor-element-d6581ac elementor-widget elementor-widget-text-editor\" data-id=\"d6581ac\" data-element_type=\"widget\" data-widget_type=\"text-editor.default\">\n\t\t\t\t\t\t\t\t\t<p class=\"\" data-start=\"2938\" data-end=\"3161\">Husetin teko\u00e4lyavustajan ja digitaalisten kierrosten avulla et saa vain \u00e4lyk\u00e4st\u00e4 teknist\u00e4 ratkaisua, vaan saat ammattimaisen, skaalautuvan viestint\u00e4kanavan, jonka avulla voit keskitty\u00e4 siihen, mik\u00e4 todella vaatii henkil\u00f6kohtaista osallistumistasi.<\/p><p class=\"\" data-start=\"3163\" data-end=\"3248\"><strong data-start=\"3163\" data-end=\"3248\">On aika lopettaa samoihin kysymyksiin vastaaminen ja alkaa k\u00e4ytt\u00e4\u00e4 aikaa oikeisiin liiketoimintoihin.<\/strong><\/p>\t\t\t\t\t\t\t\t<\/div>\n\t\t\t\t\t<\/div>\n\t\t<\/div>\n\t\t\t\t\t<\/div>\n\t\t<\/section>\n\t\t\t\t<\/div>","protected":false},"excerpt":{"rendered":"<p>Teko\u00e4lyavustaja ja digitaalinen katselu - tehokkain ensimm\u00e4inen yhteydenottosi Kiinteist\u00f6n myyminen tai vuokraaminen vaatii nopeutta, tarkkuutta ja saatavuutta - mutta sen ei tarvitse vied\u00e4 kaikkea aikaasi. Husetin digitaalisen katselmuksen ja teko\u00e4ly-myyntiassistentin avulla saat kokonaisratkaisun, joka hoitaa asiakkaiden ensikontaktin, kysymykset ja karsinnan - automaattisesti, ymp\u00e4ri vuorokauden [...].<\/p>","protected":false},"author":25,"featured_media":0,"parent":0,"menu_order":0,"comment_status":"closed","ping_status":"closed","template":"template\/template-homepage.php","meta":{"_et_pb_use_builder":"","_et_pb_old_content":"","_et_gb_content_width":"","footnotes":""},"class_list":["post-27009","page","type-page","status-publish","hentry"],"_links":{"self":[{"href":"https:\/\/huset.se\/fi\/wp-json\/wp\/v2\/pages\/27009","targetHints":{"allow":["GET"]}}],"collection":[{"href":"https:\/\/huset.se\/fi\/wp-json\/wp\/v2\/pages"}],"about":[{"href":"https:\/\/huset.se\/fi\/wp-json\/wp\/v2\/types\/page"}],"author":[{"embeddable":true,"href":"https:\/\/huset.se\/fi\/wp-json\/wp\/v2\/users\/25"}],"replies":[{"embeddable":true,"href":"https:\/\/huset.se\/fi\/wp-json\/wp\/v2\/comments?post=27009"}],"version-history":[{"count":37,"href":"https:\/\/huset.se\/fi\/wp-json\/wp\/v2\/pages\/27009\/revisions"}],"predecessor-version":[{"id":27918,"href":"https:\/\/huset.se\/fi\/wp-json\/wp\/v2\/pages\/27009\/revisions\/27918"}],"wp:attachment":[{"href":"https:\/\/huset.se\/fi\/wp-json\/wp\/v2\/media?parent=27009"}],"curies":[{"name":"wp","href":"https:\/\/api.w.org\/{rel}","templated":true}]}}