{"id":26653,"date":"2024-11-12T09:17:03","date_gmt":"2024-11-12T08:17:03","guid":{"rendered":"https:\/\/huset.se\/?page_id=26653"},"modified":"2025-05-23T14:49:20","modified_gmt":"2025-05-23T12:49:20","slug":"ai","status":"publish","type":"page","link":"https:\/\/huset.se\/fi\/ai\/","title":{"rendered":"Ai"},"content":{"rendered":"<div data-elementor-type=\"wp-page\" data-elementor-id=\"26653\" class=\"elementor elementor-26653\">\n\t\t\t\t\t\t<section class=\"elementor-section elementor-top-section elementor-element elementor-element-836e05c elementor-section-full_width elementor-section-height-min-height elementor-section-height-default elementor-section-items-middle\" data-id=\"836e05c\" data-element_type=\"section\" data-settings=\"{&quot;background_background&quot;:&quot;classic&quot;}\">\n\t\t\t\t\t\t\t<div class=\"elementor-background-overlay\"><\/div>\n\t\t\t\t\t\t\t<div class=\"elementor-container elementor-column-gap-default\">\n\t\t\t\t\t<div class=\"elementor-column elementor-col-25 elementor-top-column elementor-element elementor-element-4379a36\" data-id=\"4379a36\" data-element_type=\"column\">\n\t\t\t<div class=\"elementor-widget-wrap elementor-element-populated\">\n\t\t\t\t\t\t<div class=\"elementor-element elementor-element-154d47a elementor-widget elementor-widget-spacer\" data-id=\"154d47a\" data-element_type=\"widget\" data-widget_type=\"spacer.default\">\n\t\t\t\t\t\t\t<div class=\"elementor-spacer\">\n\t\t\t<div class=\"elementor-spacer-inner\"><\/div>\n\t\t<\/div>\n\t\t\t\t\t\t<\/div>\n\t\t\t\t\t<\/div>\n\t\t<\/div>\n\t\t\t\t<div class=\"elementor-column elementor-col-25 elementor-top-column elementor-element elementor-element-d9f0648\" data-id=\"d9f0648\" data-element_type=\"column\" data-settings=\"{&quot;background_background&quot;:&quot;classic&quot;}\">\n\t\t\t<div class=\"elementor-widget-wrap elementor-element-populated\">\n\t\t\t\t\t<div class=\"elementor-background-overlay\"><\/div>\n\t\t\t\t\t\t<div class=\"elementor-element elementor-element-52d51a0 elementor-widget elementor-widget-spacer\" data-id=\"52d51a0\" data-element_type=\"widget\" data-widget_type=\"spacer.default\">\n\t\t\t\t\t\t\t<div class=\"elementor-spacer\">\n\t\t\t<div class=\"elementor-spacer-inner\"><\/div>\n\t\t<\/div>\n\t\t\t\t\t\t<\/div>\n\t\t\t\t<div class=\"elementor-element elementor-element-7ff5e1e elementor-widget elementor-widget-text-editor\" data-id=\"7ff5e1e\" data-element_type=\"widget\" data-widget_type=\"text-editor.default\">\n\t\t\t\t\t\t\t\t\t<p><strong>A<\/strong>keinotekoinen <strong>I<\/strong>ntelligence<\/p>\t\t\t\t\t\t\t\t<\/div>\n\t\t\t\t<div class=\"elementor-element elementor-element-2a96e79 elementor-widget elementor-widget-text-editor\" data-id=\"2a96e79\" data-element_type=\"widget\" data-widget_type=\"text-editor.default\">\n\t\t\t\t\t\t\t\t\t<p>Tutustu AI Broker Assistantin ja AI Sales Assistantin etuihin ja tehosta kiinteist\u00f6jen myynti\u00e4 tai vuokrausta. Lue lis\u00e4\u00e4 siit\u00e4, miten teko\u00e4ly voi auttaa sinua kiinteist\u00f6nv\u00e4litt\u00e4j\u00e4n\u00e4 tai kiinteist\u00f6nomistajana.<\/p>\t\t\t\t\t\t\t\t<\/div>\n\t\t\t\t<div class=\"elementor-element elementor-element-0524aaf elementor-widget elementor-widget-text-editor\" data-id=\"0524aaf\" data-element_type=\"widget\" data-widget_type=\"text-editor.default\">\n\t\t\t\t\t\t\t\t\t<p>Kiinteist\u00f6ala 4.0<\/p>\t\t\t\t\t\t\t\t<\/div>\n\t\t\t\t<div class=\"elementor-element elementor-element-34f3466 elementor-widget elementor-widget-spacer\" data-id=\"34f3466\" data-element_type=\"widget\" data-widget_type=\"spacer.default\">\n\t\t\t\t\t\t\t<div class=\"elementor-spacer\">\n\t\t\t<div class=\"elementor-spacer-inner\"><\/div>\n\t\t<\/div>\n\t\t\t\t\t\t<\/div>\n\t\t\t\t\t<\/div>\n\t\t<\/div>\n\t\t\t\t<div class=\"elementor-column elementor-col-25 elementor-top-column elementor-element elementor-element-06409a6\" data-id=\"06409a6\" data-element_type=\"column\">\n\t\t\t<div class=\"elementor-widget-wrap elementor-element-populated\">\n\t\t\t\t\t\t<div class=\"elementor-element elementor-element-8013076 elementor-widget elementor-widget-spacer\" data-id=\"8013076\" data-element_type=\"widget\" data-widget_type=\"spacer.default\">\n\t\t\t\t\t\t\t<div class=\"elementor-spacer\">\n\t\t\t<div class=\"elementor-spacer-inner\"><\/div>\n\t\t<\/div>\n\t\t\t\t\t\t<\/div>\n\t\t\t\t\t<\/div>\n\t\t<\/div>\n\t\t\t\t<div class=\"elementor-column elementor-col-25 elementor-top-column elementor-element elementor-element-9730d22\" data-id=\"9730d22\" data-element_type=\"column\">\n\t\t\t<div class=\"elementor-widget-wrap elementor-element-populated\">\n\t\t\t\t\t\t<div class=\"elementor-element elementor-element-3172764 elementor-widget elementor-widget-spacer\" data-id=\"3172764\" data-element_type=\"widget\" data-widget_type=\"spacer.default\">\n\t\t\t\t\t\t\t<div class=\"elementor-spacer\">\n\t\t\t<div class=\"elementor-spacer-inner\"><\/div>\n\t\t<\/div>\n\t\t\t\t\t\t<\/div>\n\t\t\t\t\t<\/div>\n\t\t<\/div>\n\t\t\t\t\t<\/div>\n\t\t<\/section>\n\t\t\t\t<section class=\"elementor-section elementor-top-section elementor-element elementor-element-8a81f9e elementor-section-content-middle elementor-section-boxed elementor-section-height-default elementor-section-height-default\" data-id=\"8a81f9e\" data-element_type=\"section\" data-settings=\"{&quot;background_background&quot;:&quot;classic&quot;}\">\n\t\t\t\t\t\t<div class=\"elementor-container elementor-column-gap-no\">\n\t\t\t\t\t<div class=\"elementor-column elementor-col-50 elementor-top-column elementor-element elementor-element-6e909b1\" data-id=\"6e909b1\" data-element_type=\"column\">\n\t\t\t<div class=\"elementor-widget-wrap elementor-element-populated\">\n\t\t\t\t\t\t<div class=\"elementor-element elementor-element-439ed94 elementor-widget elementor-widget-spacer\" data-id=\"439ed94\" data-element_type=\"widget\" data-widget_type=\"spacer.default\">\n\t\t\t\t\t\t\t<div class=\"elementor-spacer\">\n\t\t\t<div class=\"elementor-spacer-inner\"><\/div>\n\t\t<\/div>\n\t\t\t\t\t\t<\/div>\n\t\t\t\t<div class=\"elementor-element elementor-element-04365e5 elementor-widget__width-initial elementor-widget elementor-widget-heading\" data-id=\"04365e5\" data-element_type=\"widget\" data-widget_type=\"heading.default\">\n\t\t\t\t\t<h2 class=\"elementor-heading-title elementor-size-default\">Teko\u00e4lyn yksinoikeuspalvelut<\/h2>\t\t\t\t<\/div>\n\t\t\t\t<div class=\"elementor-element elementor-element-5f5c9e3 elementor-widget-divider--view-line elementor-widget elementor-widget-divider\" data-id=\"5f5c9e3\" data-element_type=\"widget\" data-widget_type=\"divider.default\">\n\t\t\t\t\t\t\t<div class=\"elementor-divider\">\n\t\t\t<span class=\"elementor-divider-separator\">\n\t\t\t\t\t\t<\/span>\n\t\t<\/div>\n\t\t\t\t\t\t<\/div>\n\t\t\t\t<div class=\"elementor-element elementor-element-4809fe2 elementor-widget elementor-widget-spacer\" data-id=\"4809fe2\" data-element_type=\"widget\" data-widget_type=\"spacer.default\">\n\t\t\t\t\t\t\t<div class=\"elementor-spacer\">\n\t\t\t<div class=\"elementor-spacer-inner\"><\/div>\n\t\t<\/div>\n\t\t\t\t\t\t<\/div>\n\t\t\t\t\t<\/div>\n\t\t<\/div>\n\t\t\t\t<div class=\"elementor-column elementor-col-50 elementor-top-column elementor-element elementor-element-5ed9569\" data-id=\"5ed9569\" data-element_type=\"column\" data-settings=\"{&quot;background_background&quot;:&quot;gradient&quot;}\">\n\t\t\t<div class=\"elementor-widget-wrap elementor-element-populated\">\n\t\t\t\t\t\t<div class=\"elementor-element elementor-element-b07f554 elementor-widget elementor-widget-heading\" data-id=\"b07f554\" data-element_type=\"widget\" data-widget_type=\"heading.default\">\n\t\t\t\t\t<h3 class=\"elementor-heading-title elementor-size-default\">Ai Myyntiassistentti<\/h3>\t\t\t\t<\/div>\n\t\t\t\t<div class=\"elementor-element elementor-element-1b733de elementor-widget elementor-widget-text-editor\" data-id=\"1b733de\" data-element_type=\"widget\" data-widget_type=\"text-editor.default\">\n\t\t\t\t\t\t\t\t\t<p><strong>Talo<\/strong> <strong>Ai<\/strong>&#8211;<strong>myyntiassistentti<\/strong> keskittyy myyntiin ja asiakasviestint\u00e4\u00e4n. Se voi auttaa karsimaan liidit, vastaamaan asiakkaiden kysymyksiin ja parantamaan asiakaskokemusta.<\/p>\t\t\t\t\t\t\t\t<\/div>\n\t\t\t\t<div class=\"elementor-element elementor-element-2293f2d elementor-widget__width-initial elementor-widget-tablet__width-initial elementor-widget elementor-widget-text-editor\" data-id=\"2293f2d\" data-element_type=\"widget\" data-widget_type=\"text-editor.default\">\n\t\t\t\t\t\t\t\t\t<p><a href=\"https:\/\/huset.se\/ai-saljassistent\/\">Miten teko\u00e4lyagenttimme voi virtaviivaistaa asiakaskeskusteluasi?<\/a><\/p>\t\t\t\t\t\t\t\t<\/div>\n\t\t\t\t\t<\/div>\n\t\t<\/div>\n\t\t\t\t\t<\/div>\n\t\t<\/section>\n\t\t\t\t<section class=\"elementor-section elementor-top-section elementor-element elementor-element-d0698ba elementor-section-content-middle elementor-section-boxed elementor-section-height-default elementor-section-height-default\" data-id=\"d0698ba\" data-element_type=\"section\" data-settings=\"{&quot;background_background&quot;:&quot;classic&quot;}\">\n\t\t\t\t\t\t<div class=\"elementor-container elementor-column-gap-no\">\n\t\t\t\t\t<div class=\"elementor-column elementor-col-50 elementor-top-column elementor-element elementor-element-8a10343\" data-id=\"8a10343\" data-element_type=\"column\">\n\t\t\t<div class=\"elementor-widget-wrap elementor-element-populated\">\n\t\t\t\t\t\t<div class=\"elementor-element elementor-element-9b5f958 elementor-widget elementor-widget-spacer\" data-id=\"9b5f958\" data-element_type=\"widget\" data-widget_type=\"spacer.default\">\n\t\t\t\t\t\t\t<div class=\"elementor-spacer\">\n\t\t\t<div class=\"elementor-spacer-inner\"><\/div>\n\t\t<\/div>\n\t\t\t\t\t\t<\/div>\n\t\t\t\t\t<\/div>\n\t\t<\/div>\n\t\t\t\t<div class=\"elementor-column elementor-col-50 elementor-top-column elementor-element elementor-element-af64ef7\" data-id=\"af64ef7\" data-element_type=\"column\" data-settings=\"{&quot;background_background&quot;:&quot;gradient&quot;}\">\n\t\t\t<div class=\"elementor-widget-wrap elementor-element-populated\">\n\t\t\t\t\t\t<div class=\"elementor-element elementor-element-0ff8ce7 elementor-widget elementor-widget-heading\" data-id=\"0ff8ce7\" data-element_type=\"widget\" data-widget_type=\"heading.default\">\n\t\t\t\t\t<h3 class=\"elementor-heading-title elementor-size-default\">Ai broker assistentti<\/h3>\t\t\t\t<\/div>\n\t\t\t\t<div class=\"elementor-element elementor-element-590811f elementor-widget elementor-widget-text-editor\" data-id=\"590811f\" data-element_type=\"widget\" data-widget_type=\"text-editor.default\">\n\t\t\t\t\t\t\t\t\t<p><strong>Talo Ai<\/strong>&#8211;<strong>meklarin assistentti<\/strong> tukee erityisesti kiinteist\u00f6nv\u00e4litt\u00e4ji\u00e4 hallinnoimalla kiinteist\u00f6ihin liittyvi\u00e4 teht\u00e4vi\u00e4, kuten automaattista mainontaa, katselmusten aikataulutusta ja tietoon perustuvaa tietoa kiinteist\u00f6markkinoista markkinointistrategioiden parantamiseksi.<\/p>\t\t\t\t\t\t\t\t<\/div>\n\t\t\t\t<div class=\"elementor-element elementor-element-acaacf9 elementor-widget__width-initial elementor-widget-tablet__width-initial elementor-widget elementor-widget-text-editor\" data-id=\"acaacf9\" data-element_type=\"widget\" data-widget_type=\"text-editor.default\">\n\t\t\t\t\t\t\t\t\t<p><a href=\"https:\/\/huset.se\/kontakta_oss\/\">Ota yhteytt\u00e4 saadaksesi lis\u00e4tietoja &gt;<\/a><\/p>\t\t\t\t\t\t\t\t<\/div>\n\t\t\t\t\t<\/div>\n\t\t<\/div>\n\t\t\t\t\t<\/div>\n\t\t<\/section>\n\t\t\t\t<\/div>","protected":false},"excerpt":{"rendered":"<p>Teko\u00e4ly Tutustu AI Broker Assistantin ja AI Sales Assistantin etuihin ja tehosta kiinteist\u00f6jen myynti\u00e4 tai vuokrausta. Lue lis\u00e4\u00e4 siit\u00e4, miten teko\u00e4ly voi auttaa sinua kiinteist\u00f6nv\u00e4litt\u00e4j\u00e4n\u00e4 tai kiinteist\u00f6nomistajana. Kiinteist\u00f6v\u00e4litys 4.0 Eksklusiiviset teko\u00e4lypalvelut Ai Myyntiassistentti Talon teko\u00e4ly-myyntiassistentti keskittyy myyntiin ja asiakasviestint\u00e4\u00e4n. Se voi auttaa karsinnassa [...]<\/p>","protected":false},"author":25,"featured_media":0,"parent":0,"menu_order":0,"comment_status":"closed","ping_status":"closed","template":"elementor_header_footer","meta":{"_et_pb_use_builder":"","_et_pb_old_content":"","_et_gb_content_width":"","footnotes":""},"class_list":["post-26653","page","type-page","status-publish","hentry"],"_links":{"self":[{"href":"https:\/\/huset.se\/fi\/wp-json\/wp\/v2\/pages\/26653","targetHints":{"allow":["GET"]}}],"collection":[{"href":"https:\/\/huset.se\/fi\/wp-json\/wp\/v2\/pages"}],"about":[{"href":"https:\/\/huset.se\/fi\/wp-json\/wp\/v2\/types\/page"}],"author":[{"embeddable":true,"href":"https:\/\/huset.se\/fi\/wp-json\/wp\/v2\/users\/25"}],"replies":[{"embeddable":true,"href":"https:\/\/huset.se\/fi\/wp-json\/wp\/v2\/comments?post=26653"}],"version-history":[{"count":46,"href":"https:\/\/huset.se\/fi\/wp-json\/wp\/v2\/pages\/26653\/revisions"}],"predecessor-version":[{"id":27874,"href":"https:\/\/huset.se\/fi\/wp-json\/wp\/v2\/pages\/26653\/revisions\/27874"}],"wp:attachment":[{"href":"https:\/\/huset.se\/fi\/wp-json\/wp\/v2\/media?parent=26653"}],"curies":[{"name":"wp","href":"https:\/\/api.w.org\/{rel}","templated":true}]}}