{"id":25242,"date":"2024-03-31T18:37:09","date_gmt":"2024-03-31T16:37:09","guid":{"rendered":"https:\/\/huset.se\/?page_id=25242"},"modified":"2025-06-12T10:39:04","modified_gmt":"2025-06-12T08:39:04","slug":"interaktiva-verktyg","status":"publish","type":"page","link":"https:\/\/huset.se\/fi\/interaktiva-verktyg\/","title":{"rendered":"Interaktiiviset ty\u00f6kalut"},"content":{"rendered":"<div data-elementor-type=\"wp-page\" data-elementor-id=\"25242\" class=\"elementor elementor-25242\">\n\t\t\t\t\t\t<section class=\"elementor-section elementor-top-section elementor-element elementor-element-65cac87 elementor-section-boxed elementor-section-height-default elementor-section-height-default\" data-id=\"65cac87\" data-element_type=\"section\">\n\t\t\t\t\t\t<div class=\"elementor-container elementor-column-gap-default\">\n\t\t\t\t\t<div class=\"elementor-column elementor-col-100 elementor-top-column elementor-element elementor-element-1f40a69\" data-id=\"1f40a69\" data-element_type=\"column\">\n\t\t\t<div class=\"elementor-widget-wrap elementor-element-populated\">\n\t\t\t\t\t\t<div class=\"elementor-element elementor-element-ef1d2b2 elementor-widget elementor-widget-text-editor\" data-id=\"ef1d2b2\" data-element_type=\"widget\" data-widget_type=\"text-editor.default\">\n\t\t\t\t\t\t\t\t\t\n<ul class=\"wp-block-list\"><\/ul>\n\n\n\n<p><\/p>\n\t\t\t\t\t\t\t\t<\/div>\n\t\t\t\t<div class=\"elementor-element elementor-element-21b9d1a elementor-widget elementor-widget-text-editor\" data-id=\"21b9d1a\" data-element_type=\"widget\" data-widget_type=\"text-editor.default\">\n\t\t\t\t\t\t\t\t\t<p><strong>Maximera<\/strong> kiinteist\u00f6kierroksia meid\u00e4n <strong>Interaktiiviset ty\u00f6kalut<\/strong><\/p>\t\t\t\t\t\t\t\t<\/div>\n\t\t\t\t<div class=\"elementor-element elementor-element-27568fd elementor-widget elementor-widget-text-editor\" data-id=\"27568fd\" data-element_type=\"widget\" data-widget_type=\"text-editor.default\">\n\t\t\t\t\t\t\t\t\t<p>Anna asiakkaillesi helposti saatavilla olevaa ja ammattimaista tietoa kiinteist\u00f6st\u00e4 ja lis\u00e4\u00e4 myynti\u00e4 House Interactive Tool -ty\u00f6kalun avulla.<\/p>\t\t\t\t\t\t\t\t<\/div>\n\t\t\t\t<div class=\"elementor-element elementor-element-b3eb396 elementor-widget elementor-widget-text-editor\" data-id=\"b3eb396\" data-element_type=\"widget\" data-widget_type=\"text-editor.default\">\n\t\t\t\t\t\t\t\t\t\n<ul class=\"wp-block-list\"><\/ul>\n\n\n\n<p><\/p>\n\t\t\t\t\t\t\t\t<\/div>\n\t\t\t\t\t<\/div>\n\t\t<\/div>\n\t\t\t\t\t<\/div>\n\t\t<\/section>\n\t\t\t\t<section class=\"elementor-section elementor-top-section elementor-element elementor-element-741bf05 elementor-section-content-middle elementor-section-boxed elementor-section-height-default elementor-section-height-default\" data-id=\"741bf05\" data-element_type=\"section\" data-settings=\"{&quot;background_background&quot;:&quot;classic&quot;}\">\n\t\t\t\t\t\t<div class=\"elementor-container elementor-column-gap-no\">\n\t\t\t\t\t<div class=\"elementor-column elementor-col-50 elementor-top-column elementor-element elementor-element-1cb944e\" data-id=\"1cb944e\" data-element_type=\"column\">\n\t\t\t<div class=\"elementor-widget-wrap elementor-element-populated\">\n\t\t\t\t\t\t<div class=\"elementor-element elementor-element-20f93e9 elementor-widget elementor-widget-text-editor\" data-id=\"20f93e9\" data-element_type=\"widget\" data-widget_type=\"text-editor.default\">\n\t\t\t\t\t\t\t\t\t<p>RATKAISUT<\/p>\t\t\t\t\t\t\t\t<\/div>\n\t\t\t\t<div class=\"elementor-element elementor-element-2f8274e elementor-widget__width-initial elementor-widget elementor-widget-heading\" data-id=\"2f8274e\" data-element_type=\"widget\" data-widget_type=\"heading.default\">\n\t\t\t\t\t<h2 class=\"elementor-heading-title elementor-size-default\">Interaktiiviset ty\u00f6kalut\nTy\u00f6kalut<\/h2>\t\t\t\t<\/div>\n\t\t\t\t<div class=\"elementor-element elementor-element-02e8d39 elementor-widget-divider--view-line elementor-widget elementor-widget-divider\" data-id=\"02e8d39\" data-element_type=\"widget\" data-widget_type=\"divider.default\">\n\t\t\t\t\t\t\t<div class=\"elementor-divider\">\n\t\t\t<span class=\"elementor-divider-separator\">\n\t\t\t\t\t\t<\/span>\n\t\t<\/div>\n\t\t\t\t\t\t<\/div>\n\t\t\t\t\t<\/div>\n\t\t<\/div>\n\t\t\t\t<div class=\"elementor-column elementor-col-50 elementor-top-column elementor-element elementor-element-75e082b\" data-id=\"75e082b\" data-element_type=\"column\">\n\t\t\t<div class=\"elementor-widget-wrap elementor-element-populated\">\n\t\t\t\t\t\t<div class=\"elementor-element elementor-element-b2409d8 elementor-widget elementor-widget-image\" data-id=\"b2409d8\" data-element_type=\"widget\" data-widget_type=\"image.default\">\n\t\t\t\t\t\t\t\t\t\t\t\t\t\t\t\t<a href=\"https:\/\/huset.se\/teleport-it-huset\/\">\n\t\t\t\t\t\t\t<img fetchpriority=\"high\" decoding=\"async\" width=\"1113\" height=\"593\" src=\"https:\/\/huset.se\/wp-content\/uploads\/2024\/03\/bostadsvaljaren_preview.jpg\" class=\"elementor-animation-grow attachment-full size-full wp-image-25014\" alt=\"Naapuritalon malli asuntohankkeita varten Huset.se-sivustolla, joka on kaupunkiel\u00e4m\u00e4n keskus.\" srcset=\"https:\/\/huset.se\/wp-content\/uploads\/2024\/03\/bostadsvaljaren_preview.jpg 1113w, https:\/\/huset.se\/wp-content\/uploads\/2024\/03\/bostadsvaljaren_preview-300x160.webp 300w, https:\/\/huset.se\/wp-content\/uploads\/2024\/03\/bostadsvaljaren_preview-1024x546.webp 1024w, https:\/\/huset.se\/wp-content\/uploads\/2024\/03\/bostadsvaljaren_preview-768x409.webp 768w, https:\/\/huset.se\/wp-content\/uploads\/2024\/03\/bostadsvaljaren_preview-18x10.webp 18w, https:\/\/huset.se\/wp-content\/uploads\/2024\/03\/bostadsvaljaren_preview-496x264.webp 496w\" sizes=\"(max-width: 1113px) 100vw, 1113px\" \/>\t\t\t\t\t\t\t\t<\/a>\n\t\t\t\t\t\t\t\t\t\t\t\t\t\t\t<\/div>\n\t\t\t\t<div class=\"elementor-element elementor-element-ba08daf elementor-widget elementor-widget-heading\" data-id=\"ba08daf\" data-element_type=\"widget\" data-widget_type=\"heading.default\">\n\t\t\t\t\t<h1 class=\"elementor-heading-title elementor-size-default\">Kotelonvalitsin<\/h1>\t\t\t\t<\/div>\n\t\t\t\t<div class=\"elementor-element elementor-element-f191d7f elementor-widget elementor-widget-text-editor\" data-id=\"f191d7f\" data-element_type=\"widget\" data-widget_type=\"text-editor.default\">\n\t\t\t\t\t\t\t\t\t<p>Meid\u00e4n <strong>asukas\u00e4\u00e4nest\u00e4j\u00e4t<\/strong> on loistava palvelu, joka tarjoaa selke\u00e4n ja k\u00e4ytt\u00e4j\u00e4yst\u00e4v\u00e4llisen alustan erilaisten kiinteist\u00f6jen, erityisesti osakehuoneistojen, esittelyyn. T\u00e4m\u00e4n innovatiivisen ty\u00f6kalun avulla voit helposti tutkia ja vertailla eri asuntovaihtoehtoja ennen p\u00e4\u00e4t\u00f6ksen tekemist\u00e4. Voit helposti navigoida asuntorakennuksen eri kerroksissa ja huoneissa ja saada selke\u00e4n kuvan sen suunnittelusta ja ulkoasusta. Kehittyneen teknologiamme avulla voit tutkia kiinteist\u00f6n jokaista yksityiskohtaa, kuten keitti\u00f6t\u00e4, olohuonetta, makuuhuonetta ja kylpyhuonetta.\u00a0<\/p>\t\t\t\t\t\t\t\t<\/div>\n\t\t\t\t<div class=\"elementor-element elementor-element-10b3deb elementor-widget__width-initial elementor-widget-tablet__width-initial elementor-widget-mobile__width-initial elementor-widget elementor-widget-text-editor\" data-id=\"10b3deb\" data-element_type=\"widget\" data-widget_type=\"text-editor.default\">\n\t\t\t\t\t\t\t\t\t<p><a href=\"https:\/\/huset.se\/bostadsvaljare\/\">LUE LIS\u00c4\u00c4 KOTELONVALITSIMESTA<\/a><\/p>\t\t\t\t\t\t\t\t<\/div>\n\t\t\t\t\t<\/div>\n\t\t<\/div>\n\t\t\t\t\t<\/div>\n\t\t<\/section>\n\t\t\t\t<section class=\"elementor-section elementor-top-section elementor-element elementor-element-e03474d elementor-section-content-middle elementor-section-boxed elementor-section-height-default elementor-section-height-default\" data-id=\"e03474d\" data-element_type=\"section\" data-settings=\"{&quot;background_background&quot;:&quot;classic&quot;}\">\n\t\t\t\t\t\t<div class=\"elementor-container elementor-column-gap-no\">\n\t\t\t\t\t<div class=\"elementor-column elementor-col-50 elementor-top-column elementor-element elementor-element-309eb09\" data-id=\"309eb09\" data-element_type=\"column\">\n\t\t\t<div class=\"elementor-widget-wrap elementor-element-populated\">\n\t\t\t\t\t\t<div class=\"elementor-element elementor-element-ca856a3 elementor-widget elementor-widget-text-editor\" data-id=\"ca856a3\" data-element_type=\"widget\" data-widget_type=\"text-editor.default\">\n\t\t\t\t\t\t\t\t\t<p>RATKAISUT<\/p>\t\t\t\t\t\t\t\t<\/div>\n\t\t\t\t<div class=\"elementor-element elementor-element-85de46f elementor-widget__width-initial elementor-widget elementor-widget-heading\" data-id=\"85de46f\" data-element_type=\"widget\" data-widget_type=\"heading.default\">\n\t\t\t\t\t<h2 class=\"elementor-heading-title elementor-size-default\">Interaktiiviset ty\u00f6kalut\nTy\u00f6kalut<\/h2>\t\t\t\t<\/div>\n\t\t\t\t<div class=\"elementor-element elementor-element-c410751 elementor-widget-divider--view-line elementor-widget elementor-widget-divider\" data-id=\"c410751\" data-element_type=\"widget\" data-widget_type=\"divider.default\">\n\t\t\t\t\t\t\t<div class=\"elementor-divider\">\n\t\t\t<span class=\"elementor-divider-separator\">\n\t\t\t\t\t\t<\/span>\n\t\t<\/div>\n\t\t\t\t\t\t<\/div>\n\t\t\t\t\t<\/div>\n\t\t<\/div>\n\t\t\t\t<div class=\"elementor-column elementor-col-50 elementor-top-column elementor-element elementor-element-f0b58d6\" data-id=\"f0b58d6\" data-element_type=\"column\">\n\t\t\t<div class=\"elementor-widget-wrap elementor-element-populated\">\n\t\t\t\t\t\t<div class=\"elementor-element elementor-element-be4a351 elementor-widget elementor-widget-image\" data-id=\"be4a351\" data-element_type=\"widget\" data-widget_type=\"image.default\">\n\t\t\t\t\t\t\t\t\t\t\t\t\t\t\t\t<a href=\"https:\/\/huset.se\/teleport-it-huset\/\">\n\t\t\t\t\t\t\t<img decoding=\"async\" width=\"818\" height=\"570\" src=\"https:\/\/huset.se\/wp-content\/uploads\/2023\/12\/sprak_lokal.jpg\" class=\"elementor-animation-grow attachment-full size-full wp-image-23904\" alt=\"Kuorohuone, jossa Ruotsin ja Saksan liput, musiikkikuvakkeet. Moderni ty\u00f6ymp\u00e4rist\u00f6 n\u00e4k\u00f6aloilla.\" srcset=\"https:\/\/huset.se\/wp-content\/uploads\/2023\/12\/sprak_lokal.jpg 818w, https:\/\/huset.se\/wp-content\/uploads\/2023\/12\/sprak_lokal-300x209.jpg 300w, https:\/\/huset.se\/wp-content\/uploads\/2023\/12\/sprak_lokal-768x535.jpg 768w, https:\/\/huset.se\/wp-content\/uploads\/2023\/12\/sprak_lokal-18x12.jpg 18w, https:\/\/huset.se\/wp-content\/uploads\/2023\/12\/sprak_lokal-496x346.jpg 496w\" sizes=\"(max-width: 818px) 100vw, 818px\" \/>\t\t\t\t\t\t\t\t<\/a>\n\t\t\t\t\t\t\t\t\t\t\t\t\t\t\t<\/div>\n\t\t\t\t<div class=\"elementor-element elementor-element-cbebd90 elementor-widget elementor-widget-heading\" data-id=\"cbebd90\" data-element_type=\"widget\" data-widget_type=\"heading.default\">\n\t\t\t\t\t<h1 class=\"elementor-heading-title elementor-size-default\">Enemm\u00e4n potentiaalisia ostajia<\/h1>\t\t\t\t<\/div>\n\t\t\t\t<div class=\"elementor-element elementor-element-b63ac38 elementor-widget elementor-widget-text-editor\" data-id=\"b63ac38\" data-element_type=\"widget\" data-widget_type=\"text-editor.default\">\n\t\t\t\t\t\t\t\t\t<p>Nyt <strong>lis\u00e4\u00e4 ostajia<\/strong>\u00a0antamalla henkil\u00f6kuntamme k\u00e4\u00e4nt\u00e4\u00e4 kiinteist\u00f6n kuvauksen ja henkil\u00f6kohtaiset tervehdykset muille kielille. Markkinointitemppujemme avulla ulkomaiset ostajat voivat tutustua kiinteist\u00f6\u00f6si t\u00e4ysin digitaalisesti - ilman, ett\u00e4 heid\u00e4n tarvitsee matkustaa fyysisesti kiinteist\u00f6\u00f6n.<\/p>\n<p>Pystymme k\u00e4\u00e4nt\u00e4m\u00e4\u00e4n sek\u00e4\u00a0<strong>teksti<\/strong>\u00a0ja\u00a0<strong>\u00e4\u00e4nitallenteet<\/strong>.<\/p>\n<p>Tarjoamme t\u00e4ll\u00e4 hetkell\u00e4 seuraavia kieli\u00e4 k\u00e4\u00e4nnett\u00e4v\u00e4ksi: englanti, norja, suomi, tanska, hollanti, ranska ja saksa.<\/p>\t\t\t\t\t\t\t\t<\/div>\n\t\t\t\t<div class=\"elementor-element elementor-element-ca23fd6 elementor-widget__width-initial elementor-widget-tablet__width-initial elementor-widget-mobile__width-initial elementor-widget elementor-widget-text-editor\" data-id=\"ca23fd6\" data-element_type=\"widget\" data-widget_type=\"text-editor.default\">\n\t\t\t\t\t\t\t\t\t<p><a href=\"https:\/\/huset.se\/fler-potentiella-kopare\/\">LUE LIS\u00c4\u00c4<\/a><\/p>\t\t\t\t\t\t\t\t<\/div>\n\t\t\t\t\t<\/div>\n\t\t<\/div>\n\t\t\t\t\t<\/div>\n\t\t<\/section>\n\t\t\t\t<section class=\"elementor-section elementor-top-section elementor-element elementor-element-3b61b58 elementor-section-content-middle elementor-section-boxed elementor-section-height-default elementor-section-height-default\" data-id=\"3b61b58\" data-element_type=\"section\" data-settings=\"{&quot;background_background&quot;:&quot;classic&quot;}\">\n\t\t\t\t\t\t<div class=\"elementor-container elementor-column-gap-no\">\n\t\t\t\t\t<div class=\"elementor-column elementor-col-50 elementor-top-column elementor-element elementor-element-08a6120\" data-id=\"08a6120\" data-element_type=\"column\">\n\t\t\t<div class=\"elementor-widget-wrap elementor-element-populated\">\n\t\t\t\t\t\t<div class=\"elementor-element elementor-element-5fd732d elementor-widget elementor-widget-text-editor\" data-id=\"5fd732d\" data-element_type=\"widget\" data-widget_type=\"text-editor.default\">\n\t\t\t\t\t\t\t\t\t<p>RATKAISUT<\/p>\t\t\t\t\t\t\t\t<\/div>\n\t\t\t\t<div class=\"elementor-element elementor-element-d6ab590 elementor-widget__width-initial elementor-widget elementor-widget-heading\" data-id=\"d6ab590\" data-element_type=\"widget\" data-widget_type=\"heading.default\">\n\t\t\t\t\t<h2 class=\"elementor-heading-title elementor-size-default\">Interaktiiviset ty\u00f6kalut\nTy\u00f6kalut<\/h2>\t\t\t\t<\/div>\n\t\t\t\t<div class=\"elementor-element elementor-element-d7e08eb elementor-widget-divider--view-line elementor-widget elementor-widget-divider\" data-id=\"d7e08eb\" data-element_type=\"widget\" data-widget_type=\"divider.default\">\n\t\t\t\t\t\t\t<div class=\"elementor-divider\">\n\t\t\t<span class=\"elementor-divider-separator\">\n\t\t\t\t\t\t<\/span>\n\t\t<\/div>\n\t\t\t\t\t\t<\/div>\n\t\t\t\t\t<\/div>\n\t\t<\/div>\n\t\t\t\t<div class=\"elementor-column elementor-col-50 elementor-top-column elementor-element elementor-element-65507ec\" data-id=\"65507ec\" data-element_type=\"column\">\n\t\t\t<div class=\"elementor-widget-wrap elementor-element-populated\">\n\t\t\t\t\t\t<div class=\"elementor-element elementor-element-403a63e elementor-widget elementor-widget-image\" data-id=\"403a63e\" data-element_type=\"widget\" data-widget_type=\"image.default\">\n\t\t\t\t\t\t\t\t\t\t\t\t\t\t\t\t<a href=\"https:\/\/huset.se\/teleport-it-huset\/\">\n\t\t\t\t\t\t\t<img decoding=\"async\" width=\"1118\" height=\"632\" src=\"https:\/\/huset.se\/wp-content\/uploads\/2024\/01\/konfigurator.jpg\" class=\"elementor-animation-grow attachment-full size-full wp-image-24666\" alt=\"Talon keitti\u00f6ss\u00e4 on keltaiset kaapit ja modernit kodinkoneet, jotka sopivat t\u00e4ydellisesti toimivaan ja tyylikk\u00e4\u00e4seen kotiin.\" srcset=\"https:\/\/huset.se\/wp-content\/uploads\/2024\/01\/konfigurator.jpg 1118w, https:\/\/huset.se\/wp-content\/uploads\/2024\/01\/konfigurator-300x170.jpg 300w, https:\/\/huset.se\/wp-content\/uploads\/2024\/01\/konfigurator-1024x579.jpg 1024w, https:\/\/huset.se\/wp-content\/uploads\/2024\/01\/konfigurator-768x434.jpg 768w, https:\/\/huset.se\/wp-content\/uploads\/2024\/01\/konfigurator-18x10.jpg 18w, https:\/\/huset.se\/wp-content\/uploads\/2024\/01\/konfigurator-1061x600.jpg 1061w, https:\/\/huset.se\/wp-content\/uploads\/2024\/01\/konfigurator-496x280.jpg 496w\" sizes=\"(max-width: 1118px) 100vw, 1118px\" \/>\t\t\t\t\t\t\t\t<\/a>\n\t\t\t\t\t\t\t\t\t\t\t\t\t\t\t<\/div>\n\t\t\t\t<div class=\"elementor-element elementor-element-4184c2c elementor-widget elementor-widget-heading\" data-id=\"4184c2c\" data-element_type=\"widget\" data-widget_type=\"heading.default\">\n\t\t\t\t\t<h1 class=\"elementor-heading-title elementor-size-default\">Konfiguraattori<\/h1>\t\t\t\t<\/div>\n\t\t\t\t<div class=\"elementor-element elementor-element-6b90c6d elementor-widget elementor-widget-text-editor\" data-id=\"6b90c6d\" data-element_type=\"widget\" data-widget_type=\"text-editor.default\">\n\t\t\t\t\t\t\t\t\t<div class=\"elementor-element elementor-element-db94760 elementor-widget__width-initial elementor-widget-mobile__width-inherit elementor-widget-tablet__width-inherit elementor-widget elementor-widget-text-editor\" data-id=\"db94760\" data-element_type=\"widget\" data-widget_type=\"text-editor.default\">\n<div class=\"elementor-widget-container\">\n<p><strong>Realistinen<\/strong> &amp; <strong>Interaktiivinen valinnainen j\u00e4rjestelm\u00e4<\/strong> osoitteessa <strong>uusi tuotanto<\/strong><\/p>\n<\/div>\n<\/div>\n<div class=\"elementor-element elementor-element-7c5a6ee elementor-widget__width-initial elementor-widget-tablet__width-inherit elementor-widget-mobile__width-initial elementor-widget elementor-widget-text-editor\" data-id=\"7c5a6ee\" data-element_type=\"widget\" data-widget_type=\"text-editor.default\">\n<div class=\"elementor-widget-container\">\n<p>Konfiguraattorimme avulla voimme luoda r\u00e4\u00e4t\u00e4l\u00f6ityj\u00e4 ratkaisuja erilaisiin tarpeisiin, kuten uudisrakentamiseen, korjaushankkeisiin tai olemassa olevien kiinteist\u00f6jen vaihtoehdoiksi. J\u00e4rjestelm\u00e4mme tarjoaa joustavuutta tukemalla erityyppisi\u00e4 paketteja, standardoituja tuoteryhmi\u00e4 tai vapaita valintoja.<\/p>\n<\/div>\n<\/div>\t\t\t\t\t\t\t\t<\/div>\n\t\t\t\t<div class=\"elementor-element elementor-element-5772e0f elementor-widget__width-initial elementor-widget-tablet__width-initial elementor-widget-mobile__width-initial elementor-widget elementor-widget-text-editor\" data-id=\"5772e0f\" data-element_type=\"widget\" data-widget_type=\"text-editor.default\">\n\t\t\t\t\t\t\t\t\t<p><a href=\"https:\/\/huset.se\/digitala-visningar\/\">LUE LIS\u00c4\u00c4 KONFIGURAATTORISTA<\/a><\/p>\t\t\t\t\t\t\t\t<\/div>\n\t\t\t\t\t<\/div>\n\t\t<\/div>\n\t\t\t\t\t<\/div>\n\t\t<\/section>\n\t\t\t\t<\/div>","protected":false},"excerpt":{"rendered":"<p>Maksimoi kiinteist\u00f6jen katselu interaktiivisilla ty\u00f6kaluillamme Anna asiakkaillesi helposti saatavilla olevaa ja ammattimaista tietoa kiinteist\u00f6st\u00e4 ja lis\u00e4\u00e4 myynti\u00e4 House Interactive Tool -ty\u00f6kalun avulla. RATKAISUT Interaktiiviset ty\u00f6kalut Kiinteist\u00f6nvalitsin Kiinteist\u00f6nvalitsimemme on loistava palvelu, joka tarjoaa selke\u00e4n ja k\u00e4ytt\u00e4j\u00e4yst\u00e4v\u00e4llisen alustan eri kiinteist\u00f6jen, erityisesti osakehuoneistojen, esittelyyn. T\u00e4m\u00e4n innovatiivisen ty\u00f6kalun avulla voit helposti tutustua [...]<\/p>","protected":false},"author":26,"featured_media":0,"parent":0,"menu_order":0,"comment_status":"closed","ping_status":"closed","template":"template\/template-homepage.php","meta":{"_et_pb_use_builder":"","_et_pb_old_content":"","_et_gb_content_width":"","footnotes":""},"class_list":["post-25242","page","type-page","status-publish","hentry"],"_links":{"self":[{"href":"https:\/\/huset.se\/fi\/wp-json\/wp\/v2\/pages\/25242","targetHints":{"allow":["GET"]}}],"collection":[{"href":"https:\/\/huset.se\/fi\/wp-json\/wp\/v2\/pages"}],"about":[{"href":"https:\/\/huset.se\/fi\/wp-json\/wp\/v2\/types\/page"}],"author":[{"embeddable":true,"href":"https:\/\/huset.se\/fi\/wp-json\/wp\/v2\/users\/26"}],"replies":[{"embeddable":true,"href":"https:\/\/huset.se\/fi\/wp-json\/wp\/v2\/comments?post=25242"}],"version-history":[{"count":16,"href":"https:\/\/huset.se\/fi\/wp-json\/wp\/v2\/pages\/25242\/revisions"}],"predecessor-version":[{"id":27901,"href":"https:\/\/huset.se\/fi\/wp-json\/wp\/v2\/pages\/25242\/revisions\/27901"}],"wp:attachment":[{"href":"https:\/\/huset.se\/fi\/wp-json\/wp\/v2\/media?parent=25242"}],"curies":[{"name":"wp","href":"https:\/\/api.w.org\/{rel}","templated":true}]}}