{"id":24126,"date":"2023-12-31T15:06:54","date_gmt":"2023-12-31T14:06:54","guid":{"rendered":"https:\/\/huset.se\/?page_id=24126"},"modified":"2025-05-23T12:37:18","modified_gmt":"2025-05-23T10:37:18","slug":"konfigurator","status":"publish","type":"page","link":"https:\/\/huset.se\/fi\/konfigurator\/","title":{"rendered":"Konfiguraattori"},"content":{"rendered":"<div data-elementor-type=\"wp-page\" data-elementor-id=\"24126\" class=\"elementor elementor-24126\">\n\t\t\t\t\t\t<section class=\"elementor-section elementor-top-section elementor-element elementor-element-3fcf4f0 elementor-section-content-middle elementor-section-boxed elementor-section-height-default elementor-section-height-default\" data-id=\"3fcf4f0\" data-element_type=\"section\" data-settings=\"{&quot;background_background&quot;:&quot;classic&quot;}\">\n\t\t\t\t\t\t<div class=\"elementor-container elementor-column-gap-no\">\n\t\t\t\t\t<div class=\"elementor-column elementor-col-50 elementor-top-column elementor-element elementor-element-7e996f3\" data-id=\"7e996f3\" data-element_type=\"column\">\n\t\t\t<div class=\"elementor-widget-wrap elementor-element-populated\">\n\t\t\t\t\t\t<div class=\"elementor-element elementor-element-510da34 elementor-widget elementor-widget-text-editor\" data-id=\"510da34\" data-element_type=\"widget\" data-widget_type=\"text-editor.default\">\n\t\t\t\t\t\t\t\t\t<p>Interaktiiviset ty\u00f6kalut<\/p>\t\t\t\t\t\t\t\t<\/div>\n\t\t\t\t<div class=\"elementor-element elementor-element-c60138d elementor-widget elementor-widget-heading\" data-id=\"c60138d\" data-element_type=\"widget\" data-widget_type=\"heading.default\">\n\t\t\t\t\t<h2 class=\"elementor-heading-title elementor-size-default\">Konfiguraattori<\/h2>\t\t\t\t<\/div>\n\t\t\t\t<div class=\"elementor-element elementor-element-cf32b9b elementor-widget-divider--view-line elementor-widget elementor-widget-divider\" data-id=\"cf32b9b\" data-element_type=\"widget\" data-widget_type=\"divider.default\">\n\t\t\t\t\t\t\t<div class=\"elementor-divider\">\n\t\t\t<span class=\"elementor-divider-separator\">\n\t\t\t\t\t\t<\/span>\n\t\t<\/div>\n\t\t\t\t\t\t<\/div>\n\t\t\t\t\t<\/div>\n\t\t<\/div>\n\t\t\t\t<div class=\"elementor-column elementor-col-50 elementor-top-column elementor-element elementor-element-390a2a6\" data-id=\"390a2a6\" data-element_type=\"column\">\n\t\t\t<div class=\"elementor-widget-wrap elementor-element-populated\">\n\t\t\t\t\t\t<div class=\"elementor-element elementor-element-589ea35 elementor-widget elementor-widget-image\" data-id=\"589ea35\" data-element_type=\"widget\" data-widget_type=\"image.default\">\n\t\t\t\t\t\t\t\t\t\t\t\t\t\t\t<img decoding=\"async\" src=\"https:\/\/huset.se\/wp-content\/uploads\/2023\/12\/kok-scaled.jpg\" title=\"Moderni keitti\u00f6, jossa on valoisat kaapit.\" alt=\"Alta-teksti: Moderni keitti\u00f6, jossa on harmaat kaapit, kaasuliesi ja keitti\u00f6v\u00e4lineet vaaleissa s\u00e4vyiss\u00e4.\" class=\"elementor-animation-grow\" loading=\"lazy\" \/>\t\t\t\t\t\t\t\t\t\t\t\t\t\t\t<\/div>\n\t\t\t\t\t<\/div>\n\t\t<\/div>\n\t\t\t\t\t<\/div>\n\t\t<\/section>\n\t\t\t\t<section class=\"elementor-section elementor-top-section elementor-element elementor-element-38c3335 elementor-section-content-middle elementor-reverse-mobile elementor-reverse-tablet elementor-section-boxed elementor-section-height-default elementor-section-height-default\" data-id=\"38c3335\" data-element_type=\"section\" data-settings=\"{&quot;background_background&quot;:&quot;classic&quot;}\">\n\t\t\t\t\t\t<div class=\"elementor-container elementor-column-gap-no\">\n\t\t\t\t\t<div class=\"elementor-column elementor-col-100 elementor-top-column elementor-element elementor-element-efbfba1\" data-id=\"efbfba1\" data-element_type=\"column\">\n\t\t\t<div class=\"elementor-widget-wrap elementor-element-populated\">\n\t\t\t\t\t\t<div class=\"elementor-element elementor-element-db94760 elementor-widget__width-initial elementor-widget-mobile__width-inherit elementor-widget-tablet__width-inherit elementor-widget elementor-widget-text-editor\" data-id=\"db94760\" data-element_type=\"widget\" data-widget_type=\"text-editor.default\">\n\t\t\t\t\t\t\t\t\t<p>Realistinen ja interaktiivinen valinnainen j\u00e4rjestelm\u00e4 uusia rakennuksia varten<\/p>\t\t\t\t\t\t\t\t<\/div>\n\t\t\t\t<div class=\"elementor-element elementor-element-c98a4ae elementor-widget__width-initial elementor-widget-tablet__width-inherit elementor-widget-mobile__width-initial elementor-widget elementor-widget-text-editor\" data-id=\"c98a4ae\" data-element_type=\"widget\" data-widget_type=\"text-editor.default\">\n\t\t\t\t\t\t\t\t\t<p>Meid\u00e4n <strong>innovatiivinen konfiguraattori<\/strong> voimme tarjota monipuolisen ja<strong> r\u00e4\u00e4t\u00e4l\u00f6ity ratkaisu<\/strong> erityyppisi\u00e4 hankkeita varten, olivatpa ne sitten t\u00e4ysin uusia tai <strong>rakennushanke<\/strong>, <strong>laajat remontit<\/strong> tai erityisi\u00e4 p\u00e4ivityksi\u00e4 <strong>olemassa olevien kiinteist\u00f6jen osalta<\/strong>. J\u00e4rjestelm\u00e4mme on suunniteltu tarjoamaan maksimaalista joustavuutta ja mukautuvuutta. T\u00e4m\u00e4 saavutetaan tarjoamalla erilaisia pakettivaihtoehtoja vakiomuotoisista tuotevalikoimista t\u00e4ysin r\u00e4\u00e4t\u00e4l\u00f6it\u00e4viin vaihtoehtoihin, joita sin\u00e4 asiakkaana voit yhdistell\u00e4 omien toiveidesi ja tarpeidesi mukaan.<\/p><p>Osoitteessa <strong>ainutlaatuinen<\/strong> toiminto meid\u00e4n <strong>konfiguraattori<\/strong> on kyky luoda <strong>valmis<\/strong> tyylikonsepteja tai inspiraatiopaketteja. Loppuasiakas voi helposti valita n\u00e4m\u00e4 paketit, jotka tarjoavat vankan perustan suunnittelulle ja sisustukselle, mutta j\u00e4tt\u00e4v\u00e4t samalla tilaa henkil\u00f6kohtaiselle r\u00e4\u00e4t\u00e4l\u00f6innille. Hankkeen mahdollisuuksien selvent\u00e4miseksi ja visualisoimiseksi kaikki kokoonpanot esitet\u00e4\u00e4n selkein\u00e4 2D-piirustuksina. T\u00e4m\u00e4 visualisointi helpottaa sek\u00e4 sinua ett\u00e4 asiakkaitasi saamaan selke\u00e4n yleiskuvan suunnitellusta tilasta.<\/p><p>Edelleen <strong>yksinkertaistaa<\/strong> ja <strong>virtaviivaistaa prosessia<\/strong>otamme vastuun hankkeen yksityiskohtaisesta suunnittelusta ja suunnittelusta. T\u00e4m\u00e4 tarkoittaa, ett\u00e4 voit keskitty\u00e4 suuriin p\u00e4\u00e4t\u00f6ksiin ja kokonaisn\u00e4kemykseen, kun me huolehdimme yksityiskohdista.<\/p><p>Kun kokoonpano on viimeistelty, asiakkaalle tarjotaan kattava yleiskatsaus valituista suunnitteluelementeist\u00e4 ja kokonaiskustannusarviosta. T\u00e4m\u00e4 yhteenveto voidaan sitten siirt\u00e4\u00e4 sujuvasti hankkeen asianomaisille osapuolille, kuten projektip\u00e4\u00e4llik\u00f6lle tai osto-osastolle, jatkotoimenpiteit\u00e4 varten. Konfiguraattorimme on suunniteltu olemaan muutakin kuin pelkk\u00e4 suunnittelun ja sisustuksen valintaty\u00f6kalu; se on kattava ratkaisu rakennushankkeiden hallinnan virtaviivaistamiseksi ja optimoimiseksi riippumatta niiden laajuudesta tai monimutkaisuudesta.<\/p><p>Kun integroit konfiguraattorimme rakennusprojektiisi, saat k\u00e4ytt\u00f6\u00f6si korkeatasoisen r\u00e4\u00e4t\u00e4l\u00f6innin ja hallinnan, mik\u00e4 mahdollistaa sujuvamman, kustannustehokkaamman ja hyvin organisoidun prosessin alusta loppuun.<\/p>\t\t\t\t\t\t\t\t<\/div>\n\t\t\t\t\t<\/div>\n\t\t<\/div>\n\t\t\t\t\t<\/div>\n\t\t<\/section>\n\t\t\t\t<section class=\"elementor-section elementor-top-section elementor-element elementor-element-4ec5bab elementor-reverse-tablet elementor-reverse-mobile elementor-section-full_width elementor-section-height-default elementor-section-height-default\" data-id=\"4ec5bab\" data-element_type=\"section\" data-settings=\"{&quot;background_background&quot;:&quot;classic&quot;}\">\n\t\t\t\t\t\t<div class=\"elementor-container elementor-column-gap-default\">\n\t\t\t\t\t<div class=\"elementor-column elementor-col-100 elementor-top-column elementor-element elementor-element-021ff1f\" data-id=\"021ff1f\" data-element_type=\"column\" data-settings=\"{&quot;background_background&quot;:&quot;classic&quot;}\">\n\t\t\t<div class=\"elementor-widget-wrap elementor-element-populated\">\n\t\t\t\t\t\t<div class=\"elementor-element elementor-element-52ac1f6 elementor-widget elementor-widget-shortcode\" data-id=\"52ac1f6\" data-element_type=\"widget\" data-widget_type=\"shortcode.default\">\n\t\t\t\t\t\t\t<div class=\"elementor-shortcode\">[wpc_config id=\"23701\"]<\/div>\n\t\t\t\t\t\t<\/div>\n\t\t\t\t\t<\/div>\n\t\t<\/div>\n\t\t\t\t\t<\/div>\n\t\t<\/section>\n\t\t\t\t<section class=\"elementor-section elementor-top-section elementor-element elementor-element-ec189cb elementor-section-boxed elementor-section-height-default elementor-section-height-default\" data-id=\"ec189cb\" data-element_type=\"section\" data-settings=\"{&quot;background_background&quot;:&quot;classic&quot;}\">\n\t\t\t\t\t\t<div class=\"elementor-container elementor-column-gap-default\">\n\t\t\t\t\t<div class=\"elementor-column elementor-col-100 elementor-top-column elementor-element elementor-element-8ea995b\" data-id=\"8ea995b\" data-element_type=\"column\">\n\t\t\t<div class=\"elementor-widget-wrap elementor-element-populated\">\n\t\t\t\t\t\t<div class=\"elementor-element elementor-element-1d47bcf elementor-widget elementor-widget-spacer\" data-id=\"1d47bcf\" data-element_type=\"widget\" data-widget_type=\"spacer.default\">\n\t\t\t\t\t\t\t<div class=\"elementor-spacer\">\n\t\t\t<div class=\"elementor-spacer-inner\"><\/div>\n\t\t<\/div>\n\t\t\t\t\t\t<\/div>\n\t\t\t\t<div class=\"elementor-element elementor-element-12c84b0 elementor-widget elementor-widget-heading\" data-id=\"12c84b0\" data-element_type=\"widget\" data-widget_type=\"heading.default\">\n\t\t\t\t\t<span class=\"elementor-heading-title elementor-size-default\">Lue lis\u00e4\u00e4 uusille rakennuksille tarkoitetusta Housing Selectorista<\/span>\t\t\t\t<\/div>\n\t\t\t\t<div class=\"elementor-element elementor-element-e35c99d elementor-align-center elementor-widget elementor-widget-button\" data-id=\"e35c99d\" data-element_type=\"widget\" data-widget_type=\"button.default\">\n\t\t\t\t\t\t\t\t\t\t<a class=\"elementor-button elementor-button-link elementor-size-sm\" href=\"https:\/\/huset.se\/bostadsvaljare\/\">\n\t\t\t\t\t\t<span class=\"elementor-button-content-wrapper\">\n\t\t\t\t\t\t\t\t\t<span class=\"elementor-button-text\">Lue lis\u00e4\u00e4<\/span>\n\t\t\t\t\t<\/span>\n\t\t\t\t\t<\/a>\n\t\t\t\t\t\t\t\t<\/div>\n\t\t\t\t<div class=\"elementor-element elementor-element-78cab11 elementor-widget elementor-widget-spacer\" data-id=\"78cab11\" data-element_type=\"widget\" data-widget_type=\"spacer.default\">\n\t\t\t\t\t\t\t<div class=\"elementor-spacer\">\n\t\t\t<div class=\"elementor-spacer-inner\"><\/div>\n\t\t<\/div>\n\t\t\t\t\t\t<\/div>\n\t\t\t\t\t<\/div>\n\t\t<\/div>\n\t\t\t\t\t<\/div>\n\t\t<\/section>\n\t\t\t\t<\/div>","protected":false},"excerpt":{"rendered":"<p>Vuorovaikutteinen ty\u00f6kalujen konfiguraattori Realistinen ja vuorovaikutteinen vaihtoehtoj\u00e4rjestelm\u00e4 uudisrakentamiseen Innovatiivisen konfiguraattorimme avulla voimme tarjota monipuolisen ja r\u00e4\u00e4t\u00e4l\u00f6idyn ratkaisun erityyppisiin hankkeisiin, olipa kyse sitten t\u00e4ysin uusista rakennushankkeista, mittavista peruskorjauksista tai olemassa olevien kiinteist\u00f6jen erityisp\u00e4ivityksist\u00e4. J\u00e4rjestelm\u00e4mme on suunniteltu tarjoamaan maksimaalista joustavuutta ja mukautuvuutta. T\u00e4m\u00e4 saavutetaan [...]<\/p>","protected":false},"author":26,"featured_media":0,"parent":0,"menu_order":0,"comment_status":"closed","ping_status":"closed","template":"template\/template-homepage.php","meta":{"_et_pb_use_builder":"","_et_pb_old_content":"","_et_gb_content_width":"","footnotes":""},"class_list":["post-24126","page","type-page","status-publish","hentry"],"_links":{"self":[{"href":"https:\/\/huset.se\/fi\/wp-json\/wp\/v2\/pages\/24126","targetHints":{"allow":["GET"]}}],"collection":[{"href":"https:\/\/huset.se\/fi\/wp-json\/wp\/v2\/pages"}],"about":[{"href":"https:\/\/huset.se\/fi\/wp-json\/wp\/v2\/types\/page"}],"author":[{"embeddable":true,"href":"https:\/\/huset.se\/fi\/wp-json\/wp\/v2\/users\/26"}],"replies":[{"embeddable":true,"href":"https:\/\/huset.se\/fi\/wp-json\/wp\/v2\/comments?post=24126"}],"version-history":[{"count":3,"href":"https:\/\/huset.se\/fi\/wp-json\/wp\/v2\/pages\/24126\/revisions"}],"predecessor-version":[{"id":27745,"href":"https:\/\/huset.se\/fi\/wp-json\/wp\/v2\/pages\/24126\/revisions\/27745"}],"wp:attachment":[{"href":"https:\/\/huset.se\/fi\/wp-json\/wp\/v2\/media?parent=24126"}],"curies":[{"name":"wp","href":"https:\/\/api.w.org\/{rel}","templated":true}]}}