{"id":23765,"date":"2023-12-26T19:15:55","date_gmt":"2023-12-26T18:15:55","guid":{"rendered":"https:\/\/huset.se\/?page_id=23765"},"modified":"2024-04-13T18:55:48","modified_gmt":"2024-04-13T16:55:48","slug":"lets-take-a-walk","status":"publish","type":"page","link":"https:\/\/huset.se\/fi\/lets-take-a-walk\/","title":{"rendered":"L\u00e4hdet\u00e4\u00e4n k\u00e4velylle!"},"content":{"rendered":"<div data-elementor-type=\"wp-page\" data-elementor-id=\"23765\" class=\"elementor elementor-23765\">\n\t\t\t\t\t\t<section class=\"elementor-section elementor-top-section elementor-element elementor-element-c5b647a elementor-section-boxed elementor-section-height-default elementor-section-height-default\" data-id=\"c5b647a\" data-element_type=\"section\" data-settings=\"{&quot;background_background&quot;:&quot;classic&quot;}\">\n\t\t\t\t\t\t<div class=\"elementor-container elementor-column-gap-default\">\n\t\t\t\t\t<div class=\"elementor-column elementor-col-100 elementor-top-column elementor-element elementor-element-4864c08\" data-id=\"4864c08\" data-element_type=\"column\">\n\t\t\t<div class=\"elementor-widget-wrap elementor-element-populated\">\n\t\t\t\t\t\t<div class=\"elementor-element elementor-element-ab55784 elementor-widget elementor-widget-spacer\" data-id=\"ab55784\" data-element_type=\"widget\" data-widget_type=\"spacer.default\">\n\t\t\t\t\t\t\t<div class=\"elementor-spacer\">\n\t\t\t<div class=\"elementor-spacer-inner\"><\/div>\n\t\t<\/div>\n\t\t\t\t\t\t<\/div>\n\t\t\t\t<div class=\"elementor-element elementor-element-b5ea1ea elementor-widget elementor-widget-heading\" data-id=\"b5ea1ea\" data-element_type=\"widget\" data-widget_type=\"heading.default\">\n\t\t\t\t\t<h2 class=\"elementor-heading-title elementor-size-default\">L\u00e4hdet\u00e4\u00e4n k\u00e4velylle!<\/h2>\t\t\t\t<\/div>\n\t\t\t\t<div class=\"elementor-element elementor-element-54ab209 elementor-widget-divider--view-line elementor-widget elementor-widget-divider\" data-id=\"54ab209\" data-element_type=\"widget\" data-widget_type=\"divider.default\">\n\t\t\t\t\t\t\t<div class=\"elementor-divider\">\n\t\t\t<span class=\"elementor-divider-separator\">\n\t\t\t\t\t\t<\/span>\n\t\t<\/div>\n\t\t\t\t\t\t<\/div>\n\t\t\t\t<div class=\"elementor-element elementor-element-46ec174 elementor-widget elementor-widget-shortcode\" data-id=\"46ec174\" data-element_type=\"widget\" data-widget_type=\"shortcode.default\">\n\t\t\t\t\t\t\t<div class=\"elementor-shortcode\"><div style=\"position:relative;padding-top:56.25%;\"><iframe src=\"https:\/\/iframe.mediadelivery.net\/embed\/230487\/ccbb3812-0c1f-4673-a2a3-7e2a852feb46?autoplay=false&loop=false&muted=false&preload=true&responsive=true\" loading=\"lazy\" style=\"border:0;position:absolute;top:0;height:100%;width:100%;\" allow=\"accelerometer;gyroscope;autoplay;encrypted-media;picture-in-picture;\" allowfullscreen=\"true\"><\/iframe><\/div><\/div>\n\t\t\t\t\t\t<\/div>\n\t\t\t\t<div class=\"elementor-element elementor-element-5a58969 elementor-drop-cap-yes elementor-drop-cap-view-default elementor-widget elementor-widget-text-editor\" data-id=\"5a58969\" data-element_type=\"widget\" data-settings=\"{&quot;drop_cap&quot;:&quot;yes&quot;}\" data-widget_type=\"text-editor.default\">\n\t\t\t\t\t\t\t\t\t<p><span style=\"color: #ffffff;\"><strong><span style=\"font-size: 50px; text-align: center;\">L<\/span>\u00a0et\u00b4s take a Walk!<\/strong><\/span> on talon palvelu, jonka avulla kiinteist\u00f6kohteessa voi k\u00e4vell\u00e4 3D-k\u00e4velyll\u00e4.<\/p><p>Let's take a Walk on kiinteist\u00f6yhti\u00f6n tarjoama innovatiivinen palvelu, joka muuttaa perinteiset kiinteist\u00f6kierrokset vuorovaikutteiseksi ja kiinnostavaksi kokemukseksi. Palvelun ansiosta potentiaaliset ostajat tai vuokralaiset voivat tutustua kiinteist\u00f6kohteisiin virtuaalisessa 3D-ymp\u00e4rist\u00f6ss\u00e4, joka muistuttaa tietokonepelien ymp\u00e4rist\u00f6j\u00e4. T\u00e4m\u00e4 ominaisuus mahdollistaa kiinteist\u00f6n syvemm\u00e4n ymm\u00e4rt\u00e4misen ja arvostamisen, paljon enemm\u00e4n kuin mit\u00e4 perinteiset valokuvat tai videon\u00e4kym\u00e4t voivat tarjota.<\/p><p>K\u00e4ytt\u00e4j\u00e4t ohjaavat virtuaalista kulkuaan kiinteist\u00f6kohteen l\u00e4pi hiirell\u00e4 ja n\u00e4pp\u00e4imist\u00f6n painikkeilla W, A, S ja D, mik\u00e4 on tietokonepeleiss\u00e4 yleinen ohjausj\u00e4rjestelm\u00e4. T\u00e4m\u00e4n intuitiivisen k\u00e4ytt\u00f6liittym\u00e4n ansiosta kaikenik\u00e4isten k\u00e4ytt\u00e4jien on helppo liikkua virtuaalisessa ymp\u00e4rist\u00f6ss\u00e4 ja tutkia kiinteist\u00f6n jokaista nurkkaa omaan tahtiinsa ja eri n\u00e4k\u00f6kulmista. Olipa kyse sitten hienojen puusep\u00e4nt\u00f6iden katselusta, olohuoneen tilavuuden aistimisesta tai keitti\u00f6n varusteiden laadun tarkastamisesta: \"L\u00e4hdet\u00e4\u00e4n k\u00e4velylle!\" tarjoaa yksityiskohtaisuutta ja vuorovaikutteisuutta, jotka edist\u00e4v\u00e4t asiakkaan p\u00e4\u00e4t\u00f6ksentekoprosessia.<\/p><p>T\u00e4m\u00e4 digitaalinen innovaatio mahdollistaa paitsi yksityiskohtaisemman n\u00e4kym\u00e4n kiinteist\u00f6st\u00e4 my\u00f6s ratkaisun logistisiin haasteisiin, kuten matkustamiseen ja aikatauluristiriitoihin. Sidosryhm\u00e4t voivat nyt tutustua kiinteist\u00f6ihin mukavasti omasta kodistaan mihin vuorokaudenaikaan tahansa, mik\u00e4 avaa laajemmat potentiaalisten ostajien ja vuokralaisten markkinat.<\/p><p>Huset,se ottaa k\u00e4ytt\u00f6\u00f6n \"Menn\u00e4\u00e4n k\u00e4velylle\" -teknologian ja asemoi itsens\u00e4 alan johtavaksi toimijaksi, joka arvostaa innovaatioita ja asiakastyytyv\u00e4isyytt\u00e4. T\u00e4m\u00e4 palvelu on loistava esimerkki siit\u00e4, miten digitaalisia edistysaskeleita voidaan k\u00e4ytt\u00e4\u00e4 asiakaskokemusten rikastuttamiseen ja vallankumoukselliseen vuorovaikutukseen kiinteist\u00f6jen kanssa.<\/p>\t\t\t\t\t\t\t\t<\/div>\n\t\t\t\t<div class=\"elementor-element elementor-element-17fc081 elementor-widget elementor-widget-text-editor\" data-id=\"17fc081\" data-element_type=\"widget\" data-widget_type=\"text-editor.default\">\n\t\t\t\t\t\t\t\t\t<p>Huomaa, ett\u00e4 Huset kehitt\u00e4\u00e4 parhaillaan palvelua ja ett\u00e4 lopputulos voi poiketa merkitt\u00e4v\u00e4sti t\u00e4st\u00e4 esityksest\u00e4. Kiinteist\u00f6kohteet on 3D-skannattu eiv\u00e4tk\u00e4 ne ole 3D-rendattuja kohteita.<\/p>\t\t\t\t\t\t\t\t<\/div>\n\t\t\t\t<div class=\"elementor-element elementor-element-3bc382e elementor-align-center elementor-widget elementor-widget-button\" data-id=\"3bc382e\" data-element_type=\"widget\" data-widget_type=\"button.default\">\n\t\t\t\t\t\t\t\t\t\t<a class=\"elementor-button elementor-button-link elementor-size-sm\" href=\"https:\/\/huset.se\/kontakta_oss\/\">\n\t\t\t\t\t\t<span class=\"elementor-button-content-wrapper\">\n\t\t\t\t\t\t<span class=\"elementor-button-icon\">\n\t\t\t\t<svg aria-hidden=\"true\" class=\"e-font-icon-svg e-far-gem\" viewbox=\"0 0 576 512\" xmlns=\"http:\/\/www.w3.org\/2000\/svg\"><path d=\"M464 0H112c-4 0-7.8 2-10 5.4L2 152.6c-2.9 4.4-2.6 10.2.7 14.2l276 340.8c4.8 5.9 13.8 5.9 18.6 0l276-340.8c3.3-4.1 3.6-9.8.7-14.2L474.1 5.4C471.8 2 468.1 0 464 0zm-19.3 48l63.3 96h-68.4l-51.7-96h56.8zm-202.1 0h90.7l51.7 96H191l51.6-96zm-111.3 0h56.8l-51.7 96H68l63.3-96zm-43 144h51.4L208 352 88.3 192zm102.9 0h193.6L288 435.3 191.2 192zM368 352l68.2-160h51.4L368 352z\"><\/path><\/svg>\t\t\t<\/span>\n\t\t\t\t\t\t\t\t\t<span class=\"elementor-button-text\">Ota yhteytt\u00e4 henkil\u00f6kohtaista kierrosta varten<\/span>\n\t\t\t\t\t<\/span>\n\t\t\t\t\t<\/a>\n\t\t\t\t\t\t\t\t<\/div>\n\t\t\t\t<div class=\"elementor-element elementor-element-870d6b5 elementor-widget elementor-widget-spacer\" data-id=\"870d6b5\" data-element_type=\"widget\" data-widget_type=\"spacer.default\">\n\t\t\t\t\t\t\t<div class=\"elementor-spacer\">\n\t\t\t<div class=\"elementor-spacer-inner\"><\/div>\n\t\t<\/div>\n\t\t\t\t\t\t<\/div>\n\t\t\t\t\t<\/div>\n\t\t<\/div>\n\t\t\t\t\t<\/div>\n\t\t<\/section>\n\t\t\t\t<\/div>","protected":false},"excerpt":{"rendered":"<p>L\u00e4hdet\u00e4\u00e4n k\u00e4velylle! L et's take a Walk! on talon palvelu, jonka avulla voit k\u00e4vell\u00e4 kiinteist\u00f6ss\u00e4 3D-k\u00e4velyll\u00e4. Let's take a Walk on kiinteist\u00f6yhti\u00f6n tarjoama innovatiivinen palvelu, joka muuttaa perinteiset kiinteist\u00f6kierrokset interaktiiviseksi ja mukaansatempaavaksi kokemukseksi. Palvelun ansiosta potentiaaliset ostajat tai vuokralaiset voivat tutustua kiinteist\u00f6kohteisiin [...]<\/p>","protected":false},"author":26,"featured_media":0,"parent":0,"menu_order":0,"comment_status":"closed","ping_status":"closed","template":"template\/template-homepage.php","meta":{"_et_pb_use_builder":"","_et_pb_old_content":"","_et_gb_content_width":"","footnotes":""},"class_list":["post-23765","page","type-page","status-publish","hentry"],"_links":{"self":[{"href":"https:\/\/huset.se\/fi\/wp-json\/wp\/v2\/pages\/23765","targetHints":{"allow":["GET"]}}],"collection":[{"href":"https:\/\/huset.se\/fi\/wp-json\/wp\/v2\/pages"}],"about":[{"href":"https:\/\/huset.se\/fi\/wp-json\/wp\/v2\/types\/page"}],"author":[{"embeddable":true,"href":"https:\/\/huset.se\/fi\/wp-json\/wp\/v2\/users\/26"}],"replies":[{"embeddable":true,"href":"https:\/\/huset.se\/fi\/wp-json\/wp\/v2\/comments?post=23765"}],"version-history":[{"count":0,"href":"https:\/\/huset.se\/fi\/wp-json\/wp\/v2\/pages\/23765\/revisions"}],"wp:attachment":[{"href":"https:\/\/huset.se\/fi\/wp-json\/wp\/v2\/media?parent=23765"}],"curies":[{"name":"wp","href":"https:\/\/api.w.org\/{rel}","templated":true}]}}