{"id":23716,"date":"2023-12-26T16:35:48","date_gmt":"2023-12-26T15:35:48","guid":{"rendered":"https:\/\/huset.se\/?page_id=23716"},"modified":"2024-10-20T18:32:53","modified_gmt":"2024-10-20T16:32:53","slug":"interaktiv-3d-modell","status":"publish","type":"page","link":"https:\/\/huset.se\/fi\/interaktiv-3d-modell\/","title":{"rendered":"Interaktiivinen 3D-malli"},"content":{"rendered":"<div data-elementor-type=\"wp-page\" data-elementor-id=\"23716\" class=\"elementor elementor-23716\">\n\t\t\t\t\t\t<section class=\"elementor-section elementor-top-section elementor-element elementor-element-b4b2afa elementor-section-boxed elementor-section-height-default elementor-section-height-default\" data-id=\"b4b2afa\" data-element_type=\"section\" data-settings=\"{&quot;background_background&quot;:&quot;classic&quot;}\">\n\t\t\t\t\t\t<div class=\"elementor-container elementor-column-gap-default\">\n\t\t\t\t\t<div class=\"elementor-column elementor-col-100 elementor-top-column elementor-element elementor-element-ee2ca79\" data-id=\"ee2ca79\" data-element_type=\"column\">\n\t\t\t<div class=\"elementor-widget-wrap elementor-element-populated\">\n\t\t\t\t\t\t<div class=\"elementor-element elementor-element-8ee873a elementor-widget elementor-widget-spacer\" data-id=\"8ee873a\" data-element_type=\"widget\" data-widget_type=\"spacer.default\">\n\t\t\t\t\t\t\t<div class=\"elementor-spacer\">\n\t\t\t<div class=\"elementor-spacer-inner\"><\/div>\n\t\t<\/div>\n\t\t\t\t\t\t<\/div>\n\t\t\t\t<div class=\"elementor-element elementor-element-5da0c87 elementor-widget elementor-widget-heading\" data-id=\"5da0c87\" data-element_type=\"widget\" data-widget_type=\"heading.default\">\n\t\t\t\t\t<h2 class=\"elementor-heading-title elementor-size-default\">Interaktiivinen 3D-malli<\/h2>\t\t\t\t<\/div>\n\t\t\t\t<div class=\"elementor-element elementor-element-3232e9c elementor-widget-divider--view-line elementor-widget elementor-widget-divider\" data-id=\"3232e9c\" data-element_type=\"widget\" data-widget_type=\"divider.default\">\n\t\t\t\t\t\t\t<div class=\"elementor-divider\">\n\t\t\t<span class=\"elementor-divider-separator\">\n\t\t\t\t\t\t<\/span>\n\t\t<\/div>\n\t\t\t\t\t\t<\/div>\n\t\t\t\t<div class=\"elementor-element elementor-element-2b8f066 elementor-drop-cap-yes elementor-drop-cap-view-default elementor-widget elementor-widget-text-editor\" data-id=\"2b8f066\" data-element_type=\"widget\" data-settings=\"{&quot;drop_cap&quot;:&quot;yes&quot;}\" data-widget_type=\"text-editor.default\">\n\t\t\t\t\t\t\t\t\t<h5><span style=\"color: #ffffff;\">Husetin johtavan 3D-kierrosteknologian avulla voit vied\u00e4 kiinteist\u00f6v\u00e4litys- ja hallinnointity\u00f6si seuraavalle tasolle. Anna Husetin interaktiivisten 3D-mallien olla avain menestykseen kiinteist\u00f6liiketoiminnassasi.<\/span><\/h5>\t\t\t\t\t\t\t\t<\/div>\n\t\t\t\t<div class=\"elementor-element elementor-element-ae8b038 elementor-widget elementor-widget-shortcode\" data-id=\"ae8b038\" data-element_type=\"widget\" data-widget_type=\"shortcode.default\">\n\t\t\t\t\t\t\t<div class=\"elementor-shortcode\"><div style=\"position:relative;padding-top:56.25%;\"><iframe src=\"https:\/\/iframe.mediadelivery.net\/embed\/230487\/0d9e28e2-ffd4-4a89-8ff9-e2b60686e762?autoplay=false&loop=false&muted=false&preload=true&responsive=true\" loading=\"lazy\" style=\"border:0;position:absolute;top:0;height:100%;width:100%;\" allow=\"accelerometer;gyroscope;autoplay;encrypted-media;picture-in-picture;\" allowfullscreen=\"true\"><\/iframe><\/div><\/div>\n\t\t\t\t\t\t<\/div>\n\t\t\t\t<div class=\"elementor-element elementor-element-67bd27f elementor-drop-cap-yes elementor-drop-cap-view-default elementor-widget elementor-widget-text-editor\" data-id=\"67bd27f\" data-element_type=\"widget\" data-settings=\"{&quot;drop_cap&quot;:&quot;yes&quot;}\" data-widget_type=\"text-editor.default\">\n\t\t\t\t\t\t\t\t\t<p><span style=\"color: #ffffff;\">Vuorovaikutteisen 3D-mallinnuksen avulla asiakas voi tarkastella kiinteist\u00f6\u00e4 <em><strong>3D-ulotteinen n\u00e4k\u00f6kulma<\/strong><\/em>3D-objekti auttaa ymm\u00e4rt\u00e4m\u00e4\u00e4n paremmin kiinteist\u00f6\u00e4, sen pintaa ja luonnetta - jotain sellaista, mit\u00e4 tavalliset 2D-kuvat eiv\u00e4t pysty tarjoamaan.\u00a0<\/span><\/p><p><span style=\"color: #ffffff;\">Koe Husetin interaktiivisten 3D-mallien edut ja mullista tapa, jolla esittelet kiinteist\u00f6j\u00e4. Ottamalla k\u00e4ytt\u00f6\u00f6n Husetin edistyksellisen lis\u00e4tyn todellisuuden tekniikan voit muuntaa kiinteist\u00f6si arvokkaaksi informaatioksi, joka menee paljon perinteisi\u00e4 3D-virtuaalikierroksia pidemm\u00e4lle.<\/span><\/p><p><span style=\"color: #ffffff;\">Mik\u00e4 erottaa aidon interaktiivisen 3D-mallin digitaalisesta n\u00e4yt\u00f6st\u00e4? Kyse on syvyydest\u00e4. Virtuaalikierros voi kuvata kaksi ulottuvuutta - korkeuden ja leveyden - mutta todelliset kolmiulotteiset kierrokset kuvastavat my\u00f6s syvyytt\u00e4. T\u00e4m\u00e4 saavutetaan yleens\u00e4 erikoistuneella kameralla, jossa on useita linssej\u00e4 ja infrapunatekniikka, jolla voidaan aistia, mitata ja tallentaa syvyytt\u00e4.\u00a0<\/span><\/p><ul><li><p><span style=\"color: #ffffff;\"><strong>* Yksityiskohtaiset pohjapiirustukset:<\/strong> Antaa selke\u00e4 yleiskuva kiinteist\u00f6n pohjapiirroksesta, mik\u00e4 mahdollistaa tilan syvemm\u00e4n ymm\u00e4rt\u00e4misen ja arvostamisen.<\/span><\/p><\/li><li><p><span style=\"color: #ffffff;\"><strong>* Informatiiviset etiketit:<\/strong> Korosta kiinteist\u00f6n keskeisi\u00e4 ominaisuuksia ja toimintoja, jotta mahdolliset ostajat tai vuokralaiset saavat kaikki tarvitsemansa tiedot.<\/span><\/p><\/li><li><p><span style=\"color: #ffffff;\"><strong>* Tarkat mittaukset:<\/strong> Tarkat mitat auttavat tilojen suunnittelussa ja sisustamisessa, joten arvailut j\u00e4\u00e4v\u00e4t pois.<\/span><\/p><\/li><li><p><span style=\"color: #ffffff;\"><strong>* Kattavat analyysit:<\/strong> Hy\u00f6dy syv\u00e4llisist\u00e4 tiedoista, joiden avulla voit optimoida kiinteist\u00f6jen hallintaa, tehostaa p\u00e4\u00e4omasuunnittelua ja v\u00e4hent\u00e4\u00e4 tyhjill\u00e4\u00e4n olevia asuntoja.<\/span><\/p><\/li><li><p><span style=\"color: #ffffff;\"><strong>* Realistinen kokemus:<\/strong> Tarjoa todentuntuinen kierros, joka voi korvata fyysisten kierrosten tarpeen, mik\u00e4 s\u00e4\u00e4st\u00e4\u00e4 aikaa ja resursseja.<\/span><\/p><\/li><li><p><span style=\"color: #ffffff;\"><strong>* V\u00e4hemm\u00e4n h\u00e4iri\u00f6it\u00e4:<\/strong> Potentiaaliset ostajat voivat helposti m\u00e4\u00e4ritt\u00e4\u00e4 verkossa, sopiiko kiinteist\u00f6 heid\u00e4n tarpeisiinsa, mik\u00e4 v\u00e4hent\u00e4\u00e4 tarpeettomia tutustumisk\u00e4yntej\u00e4 ja myyjille aiheutuvaa h\u00e4iri\u00f6t\u00e4.<\/span><\/p><\/li><li><p><span style=\"color: #ffffff;\"><strong>* Alueen ulkopuolelta tulevien ostajien parempi saavutettavuus:<\/strong> Mahdollistaa ostajille virtuaalisen tutustumisen kiinteist\u00f6ihin, mik\u00e4 laajentaa ostajapohjaa ja lis\u00e4\u00e4 myyntimahdollisuuksia.<\/span><\/p><\/li><li><span style=\"color: #ffffff;\"><strong>* Helpottaa nopeampia ostop\u00e4\u00e4t\u00f6ksi\u00e4:<\/strong> Vakavat ostajat voivat tehd\u00e4 p\u00e4\u00e4t\u00f6ksi\u00e4 nopeammin, kun heill\u00e4 on p\u00e4\u00e4sy laajoihin virtuaalikierroksiin, mik\u00e4 nopeuttaa myyntiprosessia.<\/span><\/li><li>\u00a0<\/li><\/ul>\t\t\t\t\t\t\t\t<\/div>\n\t\t\t\t<div class=\"elementor-element elementor-element-cf1e8f1 elementor-drop-cap-yes elementor-drop-cap-view-default elementor-widget elementor-widget-text-editor\" data-id=\"cf1e8f1\" data-element_type=\"widget\" data-settings=\"{&quot;drop_cap&quot;:&quot;yes&quot;}\" data-widget_type=\"text-editor.default\">\n\t\t\t\t\t\t\t\t\t<h1><font color=\"#ffffff\">3D-DIGITAALIN\u00c4YT\u00d6N EDUT<\/font><\/h1>\n<ul>\n<li>&nbsp;<\/li>\n<\/ul>\n<p><span style=\"color: #ffffff;\">Vuorovaikutteisen 3D-mallin\/kierrosten t\u00e4rkeimm\u00e4t edut kiinteist\u00f6nv\u00e4litt\u00e4jille ovat el\u00e4v\u00e4 kokemus, joka saa kuluttajat todenn\u00e4k\u00f6isemmin vaihtamaan ne fyysisiin tutustumisk\u00e4ynteihin. T\u00e4m\u00e4 v\u00e4hent\u00e4\u00e4 myyj\u00e4n h\u00e4iri\u00f6it\u00e4, sill\u00e4 potentiaaliset ostajat voivat p\u00e4\u00e4tt\u00e4\u00e4, sopiiko koti heille ennen fyysisen kierroksen pyyt\u00e4mist\u00e4. Alueen ulkopuoliset ostajat ostavat todenn\u00e4k\u00f6isemmin kodin 3D-kierroksen avulla, koska he voivat vierailla ja kokea kiinteist\u00f6n ilman fyysist\u00e4 l\u00e4sn\u00e4oloa, mik\u00e4 avaa suurempia myyntimahdollisuuksia. Vakavasti otettavat asunnon ostajat ja vuokralaiset voivat tehd\u00e4 p\u00e4\u00e4t\u00f6ksi\u00e4 pyyt\u00e4m\u00e4tt\u00e4 useita katselukierroksia samasta kiinteist\u00f6st\u00e4.<\/span><\/p>\t\t\t\t\t\t\t\t<\/div>\n\t\t\t\t<div class=\"elementor-element elementor-element-bf5f029 elementor-align-center elementor-widget elementor-widget-button\" data-id=\"bf5f029\" data-element_type=\"widget\" data-widget_type=\"button.default\">\n\t\t\t\t\t\t\t\t\t\t<a class=\"elementor-button elementor-button-link elementor-size-sm\" href=\"https:\/\/huset.se\/kontakta_oss\/\" id=\"a55\">\n\t\t\t\t\t\t<span class=\"elementor-button-content-wrapper\">\n\t\t\t\t\t\t<span class=\"elementor-button-icon\">\n\t\t\t\t<svg aria-hidden=\"true\" class=\"e-font-icon-svg e-far-gem\" viewbox=\"0 0 576 512\" xmlns=\"http:\/\/www.w3.org\/2000\/svg\"><path d=\"M464 0H112c-4 0-7.8 2-10 5.4L2 152.6c-2.9 4.4-2.6 10.2.7 14.2l276 340.8c4.8 5.9 13.8 5.9 18.6 0l276-340.8c3.3-4.1 3.6-9.8.7-14.2L474.1 5.4C471.8 2 468.1 0 464 0zm-19.3 48l63.3 96h-68.4l-51.7-96h56.8zm-202.1 0h90.7l51.7 96H191l51.6-96zm-111.3 0h56.8l-51.7 96H68l63.3-96zm-43 144h51.4L208 352 88.3 192zm102.9 0h193.6L288 435.3 191.2 192zM368 352l68.2-160h51.4L368 352z\"><\/path><\/svg>\t\t\t<\/span>\n\t\t\t\t\t\t\t\t\t<span class=\"elementor-button-text\">Ota yhteytt\u00e4<\/span>\n\t\t\t\t\t<\/span>\n\t\t\t\t\t<\/a>\n\t\t\t\t\t\t\t\t<\/div>\n\t\t\t\t<div class=\"elementor-element elementor-element-0cb40f8 elementor-widget elementor-widget-text-editor\" data-id=\"0cb40f8\" data-element_type=\"widget\" data-widget_type=\"text-editor.default\">\n\t\t\t\t\t\t\t\t\t<p>* Huomaa, ett\u00e4 Huset kehitt\u00e4\u00e4 parhaillaan palvelua ja ett\u00e4 lopputulos voi poiketa merkitt\u00e4v\u00e4sti t\u00e4st\u00e4 esityksest\u00e4. Esineet on 3D-skannattu eiv\u00e4tk\u00e4 ne ole 3D-rendattuja esineit\u00e4.<\/p>\t\t\t\t\t\t\t\t<\/div>\n\t\t\t\t<div class=\"elementor-element elementor-element-14b3cc3 elementor-widget elementor-widget-spacer\" data-id=\"14b3cc3\" data-element_type=\"widget\" data-widget_type=\"spacer.default\">\n\t\t\t\t\t\t\t<div class=\"elementor-spacer\">\n\t\t\t<div class=\"elementor-spacer-inner\"><\/div>\n\t\t<\/div>\n\t\t\t\t\t\t<\/div>\n\t\t\t\t<div class=\"elementor-element elementor-element-2ffc8ee elementor-widget elementor-widget-heading\" data-id=\"2ffc8ee\" data-element_type=\"widget\" data-widget_type=\"heading.default\">\n\t\t\t\t\t<h2 class=\"elementor-heading-title elementor-size-default\">3D-objekti<\/h2>\t\t\t\t<\/div>\n\t\t\t\t<div class=\"elementor-element elementor-element-1a5b5a1 elementor-widget-divider--view-line elementor-widget elementor-widget-divider\" data-id=\"1a5b5a1\" data-element_type=\"widget\" data-widget_type=\"divider.default\">\n\t\t\t\t\t\t\t<div class=\"elementor-divider\">\n\t\t\t<span class=\"elementor-divider-separator\">\n\t\t\t\t\t\t<\/span>\n\t\t<\/div>\n\t\t\t\t\t\t<\/div>\n\t\t\t\t\t<\/div>\n\t\t<\/div>\n\t\t\t\t\t<\/div>\n\t\t<\/section>\n\t\t\t\t<section class=\"elementor-section elementor-top-section elementor-element elementor-element-868ccb5 elementor-section-content-middle elementor-reverse-tablet elementor-reverse-mobile elementor-section-boxed elementor-section-height-default elementor-section-height-default\" data-id=\"868ccb5\" data-element_type=\"section\" data-settings=\"{&quot;background_background&quot;:&quot;classic&quot;}\">\n\t\t\t\t\t\t<div class=\"elementor-container elementor-column-gap-no\">\n\t\t\t\t\t<div class=\"elementor-column elementor-col-50 elementor-top-column elementor-element elementor-element-006795f\" data-id=\"006795f\" data-element_type=\"column\">\n\t\t\t<div class=\"elementor-widget-wrap elementor-element-populated\">\n\t\t\t\t\t\t<div class=\"elementor-element elementor-element-2876435 elementor-widget elementor-widget-heading\" data-id=\"2876435\" data-element_type=\"widget\" data-widget_type=\"heading.default\">\n\t\t\t\t\t<h3 class=\"elementor-heading-title elementor-size-default\">Demo: Suunnitelma 1<\/h3>\t\t\t\t<\/div>\n\t\t\t\t<div class=\"elementor-element elementor-element-787edaa elementor-widget elementor-widget-shortcode\" data-id=\"787edaa\" data-element_type=\"widget\" data-widget_type=\"shortcode.default\">\n\t\t\t\t\t\t\t<div class=\"elementor-shortcode\">[ardisplay id=23359]<\/div>\n\t\t\t\t\t\t<\/div>\n\t\t\t\t<div class=\"elementor-element elementor-element-bd4f95d elementor-widget elementor-widget-text-editor\" data-id=\"bd4f95d\" data-element_type=\"widget\" data-widget_type=\"text-editor.default\">\n\t\t\t\t\t\t\t\t\t<p><em><span style=\"text-decoration-line: underline;\">HUOM: T\u00e4m\u00e4 on demo!<\/span><\/em><br>K\u00e4y verkkosivustolla \u00e4lypuhelimella ja visualisoi kohde ymp\u00e4rist\u00f6ss\u00e4si.<br>Klikkaa<span style=\"font-weight: 600;\">&nbsp;\"AR Display\" -kuvakkeet<\/span>&nbsp;oikeassa kulmassa, k\u00e4ynnist\u00e4\u00e4ksesi 3D-ohjelmiston.<br>Suuntaa kamera sitten avoimeen maahan.<br>Voit suurentaa\/ pienent\u00e4\u00e4 ja k\u00e4\u00e4nt\u00e4\u00e4 kohdetta sormillasi.<br>100% tarkoittaa = Todellinen asteikko.<br><\/p>\t\t\t\t\t\t\t\t<\/div>\n\t\t\t\t\t<\/div>\n\t\t<\/div>\n\t\t\t\t<div class=\"elementor-column elementor-col-50 elementor-top-column elementor-element elementor-element-d033502\" data-id=\"d033502\" data-element_type=\"column\">\n\t\t\t<div class=\"elementor-widget-wrap elementor-element-populated\">\n\t\t\t\t\t\t<div class=\"elementor-element elementor-element-60061e1 elementor-widget-divider--view-line elementor-widget elementor-widget-divider\" data-id=\"60061e1\" data-element_type=\"widget\" data-widget_type=\"divider.default\">\n\t\t\t\t\t\t\t<div class=\"elementor-divider\">\n\t\t\t<span class=\"elementor-divider-separator\">\n\t\t\t\t\t\t<\/span>\n\t\t<\/div>\n\t\t\t\t\t\t<\/div>\n\t\t\t\t<div class=\"elementor-element elementor-element-441d89e elementor-widget elementor-widget-heading\" data-id=\"441d89e\" data-element_type=\"widget\" data-widget_type=\"heading.default\">\n\t\t\t\t\t<h3 class=\"elementor-heading-title elementor-size-default\">3D-objekti<\/h3>\t\t\t\t<\/div>\n\t\t\t\t<div class=\"elementor-element elementor-element-dc907df elementor-drop-cap-yes elementor-drop-cap-view-default elementor-widget elementor-widget-text-editor\" data-id=\"dc907df\" data-element_type=\"widget\" data-settings=\"{&quot;drop_cap&quot;:&quot;yes&quot;}\" data-widget_type=\"text-editor.default\">\n\t\t\t\t\t\t\t\t\t<p><span style=\"color: #ffffff; font-family: Helvetica, sans-serif; font-size: 19px;\">T\u00e4m\u00e4 on 3D-skannattu esine. <\/span><span style=\"font-family: Helvetica, sans-serif;\"><span style=\"font-size: 19px; font-weight: var( --e-global-typography-d168bf9-font-weight ); letter-spacing: var( --e-global-typography-d168bf9-letter-spacing ); word-spacing: var( --e-global-typography-d168bf9-word-spacing );\">3D-objekti tarjoaa ikonisimman n\u00e4k\u00f6kulman kiinteist\u00f6\u00e4 tarkasteltaessa. Ei ole tehokkaampaa tapaa saada nopeasti kattava k\u00e4sitys tilasta kuin kiinteist\u00f6n tarkastelu 3D-objektista. <\/span><span style=\"font-size: 19px;\">kolmas n\u00e4k\u00f6kulma<\/span><span style=\"font-size: 19px; font-weight: var( --e-global-typography-d168bf9-font-weight ); letter-spacing: var( --e-global-typography-d168bf9-letter-spacing ); word-spacing: var( --e-global-typography-d168bf9-word-spacing );\">.<\/span><\/span><\/p>\t\t\t\t\t\t\t\t<\/div>\n\t\t\t\t<div class=\"elementor-element elementor-element-a5421ac elementor-align-center elementor-widget elementor-widget-button\" data-id=\"a5421ac\" data-element_type=\"widget\" data-widget_type=\"button.default\">\n\t\t\t\t\t\t\t\t\t\t<a class=\"elementor-button elementor-button-link elementor-size-sm\" href=\"https:\/\/huset.se\/kontakta_oss\/\" id=\"a55\">\n\t\t\t\t\t\t<span class=\"elementor-button-content-wrapper\">\n\t\t\t\t\t\t<span class=\"elementor-button-icon\">\n\t\t\t\t<svg aria-hidden=\"true\" class=\"e-font-icon-svg e-far-gem\" viewbox=\"0 0 576 512\" xmlns=\"http:\/\/www.w3.org\/2000\/svg\"><path d=\"M464 0H112c-4 0-7.8 2-10 5.4L2 152.6c-2.9 4.4-2.6 10.2.7 14.2l276 340.8c4.8 5.9 13.8 5.9 18.6 0l276-340.8c3.3-4.1 3.6-9.8.7-14.2L474.1 5.4C471.8 2 468.1 0 464 0zm-19.3 48l63.3 96h-68.4l-51.7-96h56.8zm-202.1 0h90.7l51.7 96H191l51.6-96zm-111.3 0h56.8l-51.7 96H68l63.3-96zm-43 144h51.4L208 352 88.3 192zm102.9 0h193.6L288 435.3 191.2 192zM368 352l68.2-160h51.4L368 352z\"><\/path><\/svg>\t\t\t<\/span>\n\t\t\t\t\t\t\t\t\t<span class=\"elementor-button-text\">Ota yhteytt\u00e4<\/span>\n\t\t\t\t\t<\/span>\n\t\t\t\t\t<\/a>\n\t\t\t\t\t\t\t\t<\/div>\n\t\t\t\t\t<\/div>\n\t\t<\/div>\n\t\t\t\t\t<\/div>\n\t\t<\/section>\n\t\t\t\t<\/div>","protected":false},"excerpt":{"rendered":"<p>Vuorovaikutteinen 3D-malli Husetin johtavan 3D-kierrosten tekniikan avulla voit vied\u00e4 kiinteist\u00f6v\u00e4litys- ja hallinnointity\u00f6si seuraavalle tasolle. Anna Husetin interaktiivisten 3D-mallien olla avain kiinteist\u00f6liiketoimintasi menestykseen. Interaktiivisen 3D-mallin avulla asiakas voi n\u00e4hd\u00e4 kiinteist\u00f6n 3D-ulotteisessa perspektiiviss\u00e4, 3D-objektina. 3D-objekti edist\u00e4\u00e4 kiinteist\u00f6n parempaa hahmottamista, sen pinnan [...].<\/p>","protected":false},"author":26,"featured_media":0,"parent":0,"menu_order":0,"comment_status":"closed","ping_status":"closed","template":"template\/template-homepage.php","meta":{"_et_pb_use_builder":"","_et_pb_old_content":"","_et_gb_content_width":"","footnotes":""},"class_list":["post-23716","page","type-page","status-publish","hentry"],"_links":{"self":[{"href":"https:\/\/huset.se\/fi\/wp-json\/wp\/v2\/pages\/23716","targetHints":{"allow":["GET"]}}],"collection":[{"href":"https:\/\/huset.se\/fi\/wp-json\/wp\/v2\/pages"}],"about":[{"href":"https:\/\/huset.se\/fi\/wp-json\/wp\/v2\/types\/page"}],"author":[{"embeddable":true,"href":"https:\/\/huset.se\/fi\/wp-json\/wp\/v2\/users\/26"}],"replies":[{"embeddable":true,"href":"https:\/\/huset.se\/fi\/wp-json\/wp\/v2\/comments?post=23716"}],"version-history":[{"count":6,"href":"https:\/\/huset.se\/fi\/wp-json\/wp\/v2\/pages\/23716\/revisions"}],"predecessor-version":[{"id":26109,"href":"https:\/\/huset.se\/fi\/wp-json\/wp\/v2\/pages\/23716\/revisions\/26109"}],"wp:attachment":[{"href":"https:\/\/huset.se\/fi\/wp-json\/wp\/v2\/media?parent=23716"}],"curies":[{"name":"wp","href":"https:\/\/api.w.org\/{rel}","templated":true}]}}