{"id":22145,"date":"2023-06-30T19:21:16","date_gmt":"2023-06-30T17:21:16","guid":{"rendered":"https:\/\/huset.se\/?page_id=22145"},"modified":"2024-05-17T15:14:28","modified_gmt":"2024-05-17T13:14:28","slug":"anvandarvillkor","status":"publish","type":"page","link":"https:\/\/huset.se\/fi\/anvandarvillkor\/","title":{"rendered":"K\u00e4ytt\u00f6ehdot ja -ehdot"},"content":{"rendered":"<div data-elementor-type=\"wp-page\" data-elementor-id=\"22145\" class=\"elementor elementor-22145\">\n\t\t\t\t\t\t<section class=\"elementor-section elementor-top-section elementor-element elementor-element-76f1ccc elementor-section-boxed elementor-section-height-default elementor-section-height-default\" data-id=\"76f1ccc\" data-element_type=\"section\" data-settings=\"{&quot;background_background&quot;:&quot;classic&quot;}\">\n\t\t\t\t\t\t<div class=\"elementor-container elementor-column-gap-default\">\n\t\t\t\t\t<div class=\"elementor-column elementor-col-100 elementor-top-column elementor-element elementor-element-73c27f2a\" data-id=\"73c27f2a\" data-element_type=\"column\">\n\t\t\t<div class=\"elementor-widget-wrap elementor-element-populated\">\n\t\t\t\t\t\t<div class=\"elementor-element elementor-element-a446e22 elementor-widget elementor-widget-spacer\" data-id=\"a446e22\" data-element_type=\"widget\" data-widget_type=\"spacer.default\">\n\t\t\t\t\t\t\t<div class=\"elementor-spacer\">\n\t\t\t<div class=\"elementor-spacer-inner\"><\/div>\n\t\t<\/div>\n\t\t\t\t\t\t<\/div>\n\t\t\t\t<div class=\"elementor-element elementor-element-4f2e8f4 elementor-widget elementor-widget-text-editor\" data-id=\"4f2e8f4\" data-element_type=\"widget\" data-widget_type=\"text-editor.default\">\n\t\t\t\t\t\t\t\t\t<h1 style=\"font-size: 2.53333rem;\">K\u00e4ytt\u00f6ehdot ja -ehdot<br \/>Talo<\/h1><div>\u00a0<\/div><div><h3><span style=\"font-size: 19px; text-transform: none;\">N\u00e4it\u00e4 k\u00e4ytt\u00f6ehtoja sovelletaan\u00a0<\/span><img decoding=\"async\" style=\"font-size: 19px; text-transform: none;\" src=\"https:\/\/huset.se\/wp-content\/uploads\/2023\/06\/skyab.jpg\" alt=\"\" width=\"273\" height=\"19\"><span style=\"font-size: 19px; text-transform: none;\">s (org. no.\u00a0<\/span><img decoding=\"async\" style=\"font-size: 19px; text-transform: none;\" src=\"https:\/\/huset.se\/wp-content\/uploads\/2024\/05\/Org.jpg\" alt=\"\" width=\"102\" height=\"15\"><span style=\"font-size: 19px; text-transform: none;\">\u00a0- \"Huset.se\", \"<\/span><img decoding=\"async\" style=\"font-size: 19px; text-transform: none;\" src=\"https:\/\/huset.se\/wp-content\/uploads\/2024\/05\/ab.jpg\" alt=\"\" width=\"102\" height=\"15\"><span style=\"font-size: 19px; text-transform: none;\">\", tai \"me\") huset.se-palvelun tarjoaminen ja sis\u00e4lt\u00e4\u00e4 kaikki Husetin eri markkinointikanavissa julkaisemat mainokset ja sis\u00e4ll\u00f6n (kaikkiin markkinointikanaviin viitataan j\u00e4ljemp\u00e4n\u00e4 yhteisesti nimell\u00e4 \"Huset\") riippumatta siit\u00e4, miten vierailu tapahtuu tai miten verkkosivuston www.huset.se sis\u00e4lt\u00f6\u00f6n tutustutaan.<\/span><\/h3><\/div><h3>1. teollis- ja tekij\u00e4noikeudet<\/h3><p>Huset.se-sivustolla on sis\u00e4lt\u00f6\u00e4, joka on suojattu immateriaalioikeuksilla, mukaan lukien tekij\u00e4noikeudet. HUset.se-sivustolla on tietokanta, joka on suojattu tekij\u00e4noikeuslain nojalla. Jos k\u00e4ytt\u00f6ehtoja ei noudateta, se voi tarkoittaa, ett\u00e4 Huset.se:n tai Husetin lisenssinantajien immateriaalioikeuksia loukataan, mik\u00e4 voi johtaa oikeudellisiin seuraamuksiin ja korvausvelvollisuuteen.<br \/>Huset.se-sivuston kaupallinen tai systemaattinen k\u00e4ytt\u00f6 on ehdottomasti KIELLETTY, ja automaattisten palveluiden, kuten spideroinnin, robottien tai indeksointitekniikoiden k\u00e4ytt\u00f6 Huset.se-sivuston sis\u00e4ll\u00f6n ker\u00e4\u00e4miseksi tai muuksi hy\u00f6dynt\u00e4miseksi on kielletty. Menetelm\u00e4st\u00e4 riippumatta Huset.se-sivuston sis\u00e4ll\u00f6n kopioiminen tai sen saattaminen yleis\u00f6n saataville on kielletty.<\/p><h3>2. Yhteys taloon<\/h3><p>Kaikenlainen upottaminen I \"hot-linkkaus\" on kielletty. Linkitt\u00e4minen Huset.se-sivustolle on sallittua, mutta Huset haluaa, ett\u00e4 k\u00e4vij\u00e4 siirtyy meid\u00e4n verkkotunnuksellemme ja ett\u00e4 linkki\u00e4 ei integroida muille verkkosivustoille.<\/p><h3>3. Mit\u00e4 pidet\u00e4\u00e4n sallittuna k\u00e4ytt\u00f6n\u00e4?<\/h3><p>Huset.se on tarkoitettu k\u00e4vij\u00f6iden normaaliin k\u00e4ytt\u00f6\u00f6n. Asuntoilmoitusten selaaminen, jakaminen ja linkkien l\u00e4hett\u00e4minen eri kanaviin on sallittua. Jos asuntoilmoitus on merkitty \"yksityiseksi\", on ehdottomasti kielletty\u00e4 yritt\u00e4\u00e4 p\u00e4\u00e4st\u00e4 k\u00e4siksi asuntoilmoitukseen ja\/tai jakaa t\u00e4t\u00e4 tietoa kenellek\u00e4\u00e4n muulle eri tavoin, ellei sinulla ole huset.se:n kirjallista lupaa.<\/p><h3><span style=\"font-size: 19px; text-transform: none;\">Viimeksi p\u00e4ivitetty 2024-05-17<\/span><\/h3>\t\t\t\t\t\t\t\t<\/div>\n\t\t\t\t\t<\/div>\n\t\t<\/div>\n\t\t\t\t\t<\/div>\n\t\t<\/section>\n\t\t\t\t<\/div>","protected":false},"excerpt":{"rendered":"<p>K\u00e4ytt\u00f6ehdot -Huset N\u00e4m\u00e4 k\u00e4ytt\u00f6ehdot koskevat s (org.nr - \"Huset.se\", \"\", tai \"me\") tarjoamista huset.se ja kattavat kaikki Husetin eri markkinointikanavissa julkaisemat mainokset ja sis\u00e4ll\u00f6n (kaikkiin markkinointikanaviin viitataan j\u00e4ljemp\u00e4n\u00e4 yhteisesti nimell\u00e4 \"Huset\") riippumatta siit\u00e4, miten vierailu tapahtuu tai miten verkkosivuston sis\u00e4lt\u00f6\u00f6n p\u00e4\u00e4st\u00e4\u00e4n k\u00e4siksi www.huset.se 1. Immateriaalioikeudet [...]<\/p>","protected":false},"author":26,"featured_media":0,"parent":0,"menu_order":0,"comment_status":"closed","ping_status":"closed","template":"elementor_header_footer","meta":{"_et_pb_use_builder":"","_et_pb_old_content":"","_et_gb_content_width":"","footnotes":""},"class_list":["post-22145","page","type-page","status-publish","hentry"],"_links":{"self":[{"href":"https:\/\/huset.se\/fi\/wp-json\/wp\/v2\/pages\/22145","targetHints":{"allow":["GET"]}}],"collection":[{"href":"https:\/\/huset.se\/fi\/wp-json\/wp\/v2\/pages"}],"about":[{"href":"https:\/\/huset.se\/fi\/wp-json\/wp\/v2\/types\/page"}],"author":[{"embeddable":true,"href":"https:\/\/huset.se\/fi\/wp-json\/wp\/v2\/users\/26"}],"replies":[{"embeddable":true,"href":"https:\/\/huset.se\/fi\/wp-json\/wp\/v2\/comments?post=22145"}],"version-history":[{"count":10,"href":"https:\/\/huset.se\/fi\/wp-json\/wp\/v2\/pages\/22145\/revisions"}],"predecessor-version":[{"id":25982,"href":"https:\/\/huset.se\/fi\/wp-json\/wp\/v2\/pages\/22145\/revisions\/25982"}],"wp:attachment":[{"href":"https:\/\/huset.se\/fi\/wp-json\/wp\/v2\/media?parent=22145"}],"curies":[{"name":"wp","href":"https:\/\/api.w.org\/{rel}","templated":true}]}}