{"id":22112,"date":"2023-06-29T18:10:55","date_gmt":"2023-06-29T16:10:55","guid":{"rendered":"https:\/\/huset.se\/?page_id=22112"},"modified":"2024-05-17T15:15:13","modified_gmt":"2024-05-17T13:15:13","slug":"villkor","status":"publish","type":"page","link":"https:\/\/huset.se\/fi\/villkor\/","title":{"rendered":"Ehdot"},"content":{"rendered":"<div data-elementor-type=\"wp-page\" data-elementor-id=\"22112\" class=\"elementor elementor-22112\">\n\t\t\t\t\t\t<section class=\"elementor-section elementor-top-section elementor-element elementor-element-76f1ccc elementor-section-boxed elementor-section-height-default elementor-section-height-default\" data-id=\"76f1ccc\" data-element_type=\"section\" data-settings=\"{&quot;background_background&quot;:&quot;classic&quot;}\">\n\t\t\t\t\t\t<div class=\"elementor-container elementor-column-gap-default\">\n\t\t\t\t\t<div class=\"elementor-column elementor-col-100 elementor-top-column elementor-element elementor-element-73c27f2a\" data-id=\"73c27f2a\" data-element_type=\"column\">\n\t\t\t<div class=\"elementor-widget-wrap elementor-element-populated\">\n\t\t\t\t\t\t<div class=\"elementor-element elementor-element-a446e22 elementor-widget elementor-widget-spacer\" data-id=\"a446e22\" data-element_type=\"widget\" data-widget_type=\"spacer.default\">\n\t\t\t\t\t\t\t<div class=\"elementor-spacer\">\n\t\t\t<div class=\"elementor-spacer-inner\"><\/div>\n\t\t<\/div>\n\t\t\t\t\t\t<\/div>\n\t\t\t\t<div class=\"elementor-element elementor-element-4f2e8f4 elementor-widget elementor-widget-text-editor\" data-id=\"4f2e8f4\" data-element_type=\"widget\" data-widget_type=\"text-editor.default\">\n\t\t\t\t\t\t\t\t\t<h1 style=\"font-size: 2.53333rem;\">Ehdot<p><\/p>\n<\/h1>\n<div>&nbsp;<\/div>\n<div>\n<h3><span style=\"font-size: 1.75rem;\"><a href=\"https:\/\/huset.se\/anvandarvillkor\/\">K\u00e4ytt\u00f6ehdot ja -ehdot<\/a><\/span><\/h3>\n<\/div>\n<p>L\u00f6yd\u00e4t t\u00e4\u00e4lt\u00e4 tietoja ja ehtoja, jotka koskevat sinua (\"k\u00e4vij\u00e4n\u00e4\"), joka k\u00e4yt\u00e4t www.huset.se sivustoa ja jotka kattavat kaikki Husetin julkaisemat kiinteist\u00f6ilmoitukset ja sis\u00e4ll\u00f6n. <a href=\"https:\/\/huset.se\/anvandarvillkor\/\">Klikkaa t\u00e4st\u00e4 saadaksesi lis\u00e4tietoja<\/a><br><span style=\"color: #161616; font-family: Roboto, Arial, sans-serif;\"><span style=\"font-size: 16px;\"><br><\/span><\/span><\/p>\n<div>\n<h3><a href=\"https:\/\/huset.se\/cookies\/\" target=\"_blank\">keksit<\/a><br><\/h3>\n<\/div>\n<p>T\u00e4\u00e4lt\u00e4 l\u00f6yd\u00e4t yhteenvedon siit\u00e4, mit\u00e4 ev\u00e4steet ovat ja miten ja miksi huset.se k\u00e4ytt\u00e4\u00e4 ev\u00e4steit\u00e4 verkkosivustolla. <a href=\"https:\/\/huset.se\/cookies\/\">Klikkaa t\u00e4st\u00e4 saadaksesi lis\u00e4tietoja<\/a><\/p>\n<p><br><\/p>\n<p><\/p>\n<div>\n<h3><a href=\"https:\/\/huset.se\/integritet\/\">Henkil\u00f6tietoja koskeva politiikka<\/a><\/h3>\n<\/div>\n<p>L\u00f6yd\u00e4t tietoa siit\u00e4, mit\u00e4 ja miten k\u00e4sittelemme henkil\u00f6tietojasi ja mihin tarkoitukseen.&nbsp;<a href=\"https:\/\/huset.se\/integritet\/\" target=\"_blank\" style=\"background-color: rgb(255, 255, 255);\">Klikkaa t\u00e4st\u00e4 saadaksesi lis\u00e4tietoja<\/a><\/p>\n<h1 style=\"font-size: 2.53333rem;\">&nbsp;<\/h1>\t\t\t\t\t\t\t\t<\/div>\n\t\t\t\t\t<\/div>\n\t\t<\/div>\n\t\t\t\t\t<\/div>\n\t\t<\/section>\n\t\t\t\t<\/div>","protected":false},"excerpt":{"rendered":"<p>K\u00e4ytt\u00f6ehdot K\u00e4ytt\u00f6ehdot T\u00e4\u00e4lt\u00e4 l\u00f6yd\u00e4t tietoja ja ehtoja sinulle (\"k\u00e4vij\u00e4\"), joka k\u00e4yt\u00e4t www.huset.se sivustoa, ja ne kattavat kaikki Husetin julkaisemat kiinteist\u00f6ilmoitukset ja sis\u00e4ll\u00f6n. Klikkaa t\u00e4st\u00e4 Ev\u00e4steet T\u00e4\u00e4lt\u00e4 l\u00f6yd\u00e4t yhteenvedon siit\u00e4, mit\u00e4 ev\u00e4steet ovat ja miten ja miksi huset.se k\u00e4ytt\u00e4\u00e4 ev\u00e4steit\u00e4 verkkosivustolla. Klikkaa t\u00e4st\u00e4 Henkil\u00f6tietok\u00e4yt\u00e4nt\u00f6 L\u00f6yd\u00e4t [...]<\/p>","protected":false},"author":26,"featured_media":0,"parent":0,"menu_order":0,"comment_status":"closed","ping_status":"closed","template":"elementor_header_footer","meta":{"_et_pb_use_builder":"","_et_pb_old_content":"","_et_gb_content_width":"","footnotes":""},"class_list":["post-22112","page","type-page","status-publish","hentry"],"_links":{"self":[{"href":"https:\/\/huset.se\/fi\/wp-json\/wp\/v2\/pages\/22112","targetHints":{"allow":["GET"]}}],"collection":[{"href":"https:\/\/huset.se\/fi\/wp-json\/wp\/v2\/pages"}],"about":[{"href":"https:\/\/huset.se\/fi\/wp-json\/wp\/v2\/types\/page"}],"author":[{"embeddable":true,"href":"https:\/\/huset.se\/fi\/wp-json\/wp\/v2\/users\/26"}],"replies":[{"embeddable":true,"href":"https:\/\/huset.se\/fi\/wp-json\/wp\/v2\/comments?post=22112"}],"version-history":[{"count":1,"href":"https:\/\/huset.se\/fi\/wp-json\/wp\/v2\/pages\/22112\/revisions"}],"predecessor-version":[{"id":26011,"href":"https:\/\/huset.se\/fi\/wp-json\/wp\/v2\/pages\/22112\/revisions\/26011"}],"wp:attachment":[{"href":"https:\/\/huset.se\/fi\/wp-json\/wp\/v2\/media?parent=22112"}],"curies":[{"name":"wp","href":"https:\/\/api.w.org\/{rel}","templated":true}]}}