{"id":26145,"date":"2024-10-20T21:13:14","date_gmt":"2024-10-20T19:13:14","guid":{"rendered":"https:\/\/huset.se\/?page_id=26145"},"modified":"2024-10-20T21:24:57","modified_gmt":"2024-10-20T19:24:57","slug":"offert","status":"publish","type":"page","link":"https:\/\/huset.se\/en\/offert\/","title":{"rendered":"offered"},"content":{"rendered":"<div data-elementor-type=\"wp-page\" data-elementor-id=\"26145\" class=\"elementor elementor-26145\">\n\t\t\t\t\t\t<section class=\"elementor-section elementor-top-section elementor-element elementor-element-0f5f43a elementor-section-boxed elementor-section-height-default elementor-section-height-default\" data-id=\"0f5f43a\" data-element_type=\"section\">\n\t\t\t\t\t\t<div class=\"elementor-container elementor-column-gap-default\">\n\t\t\t\t\t<div class=\"elementor-column elementor-col-100 elementor-top-column elementor-element elementor-element-390acd8\" data-id=\"390acd8\" data-element_type=\"column\">\n\t\t\t<div class=\"elementor-widget-wrap\">\n\t\t\t\t\t\t\t<\/div>\n\t\t<\/div>\n\t\t\t\t\t<\/div>\n\t\t<\/section>\n\t\t\t\t<\/div>","protected":false},"excerpt":{"rendered":"<p>Please enable JavaScript in your browser to complete this form.1234567891011121314151617Kontaktperson *FirstLastRoll *AgentFastighets\u00e4gareM\u00e4klareVD\u00d6vrigtE-postadress *F\u00f6retagsnamnOrganisationsnummer *HemsidaVilken bransch \u00e4r ni verksamma inom?Hur kan vi hj\u00e4lpa er? *N\u00e4sta HUSETs Interaktiva Verktyg (1 av 3) Bostadsv\u00e4ljaren V\u00e5r bostadsv\u00e4ljare \u00e4r en fantastisk tj\u00e4nst som erbjuder en \u00f6versk\u00e5dlig och anv\u00e4ndarv\u00e4nlig plattform f\u00f6r att visa upp olika fastigheter, s\u00e4rskilt bostadsr\u00e4ttshus. Med denna innovativa [&hellip;]<\/p>","protected":false},"author":25,"featured_media":0,"parent":0,"menu_order":0,"comment_status":"closed","ping_status":"closed","template":"elementor_canvas","meta":{"_et_pb_use_builder":"","_et_pb_old_content":"","_et_gb_content_width":"","footnotes":""},"class_list":["post-26145","page","type-page","status-publish","hentry"],"_links":{"self":[{"href":"https:\/\/huset.se\/en\/wp-json\/wp\/v2\/pages\/26145","targetHints":{"allow":["GET"]}}],"collection":[{"href":"https:\/\/huset.se\/en\/wp-json\/wp\/v2\/pages"}],"about":[{"href":"https:\/\/huset.se\/en\/wp-json\/wp\/v2\/types\/page"}],"author":[{"embeddable":true,"href":"https:\/\/huset.se\/en\/wp-json\/wp\/v2\/users\/25"}],"replies":[{"embeddable":true,"href":"https:\/\/huset.se\/en\/wp-json\/wp\/v2\/comments?post=26145"}],"version-history":[{"count":7,"href":"https:\/\/huset.se\/en\/wp-json\/wp\/v2\/pages\/26145\/revisions"}],"predecessor-version":[{"id":26158,"href":"https:\/\/huset.se\/en\/wp-json\/wp\/v2\/pages\/26145\/revisions\/26158"}],"wp:attachment":[{"href":"https:\/\/huset.se\/en\/wp-json\/wp\/v2\/media?parent=26145"}],"curies":[{"name":"wp","href":"https:\/\/api.w.org\/{rel}","templated":true}]}}