{"id":27009,"date":"2025-05-20T16:25:51","date_gmt":"2025-05-20T14:25:51","guid":{"rendered":"https:\/\/huset.se\/?page_id=27009"},"modified":"2025-06-12T11:18:39","modified_gmt":"2025-06-12T09:18:39","slug":"ai-saljassistent","status":"publish","type":"page","link":"https:\/\/huset.se\/de_ch\/ai-saljassistent\/","title":{"rendered":"Ai Verk\u00e4uferin"},"content":{"rendered":"<div data-elementor-type=\"wp-page\" data-elementor-id=\"27009\" class=\"elementor elementor-27009\">\n\t\t\t\t\t\t<section class=\"elementor-section elementor-top-section elementor-element elementor-element-413b6f6 elementor-section-height-min-height elementor-section-boxed elementor-section-height-default elementor-section-items-middle\" data-id=\"413b6f6\" data-element_type=\"section\" data-settings=\"{&quot;background_background&quot;:&quot;classic&quot;}\">\n\t\t\t\t\t\t<div class=\"elementor-container elementor-column-gap-default\">\n\t\t\t\t\t<div class=\"elementor-column elementor-col-100 elementor-top-column elementor-element elementor-element-2481df3\" data-id=\"2481df3\" data-element_type=\"column\">\n\t\t\t<div class=\"elementor-widget-wrap elementor-element-populated\">\n\t\t\t\t\t\t<section class=\"elementor-section elementor-inner-section elementor-element elementor-element-3bd056b elementor-section-boxed elementor-section-height-default elementor-section-height-default\" data-id=\"3bd056b\" data-element_type=\"section\">\n\t\t\t\t\t\t<div class=\"elementor-container elementor-column-gap-default\">\n\t\t\t\t\t<div class=\"elementor-column elementor-col-100 elementor-inner-column elementor-element elementor-element-f3c0f3d\" data-id=\"f3c0f3d\" data-element_type=\"column\">\n\t\t\t<div class=\"elementor-widget-wrap\">\n\t\t\t\t\t\t\t<\/div>\n\t\t<\/div>\n\t\t\t\t\t<\/div>\n\t\t<\/section>\n\t\t\t\t\t<\/div>\n\t\t<\/div>\n\t\t\t\t\t<\/div>\n\t\t<\/section>\n\t\t\t\t<section class=\"elementor-section elementor-top-section elementor-element elementor-element-a2b7ec5 elementor-section-content-middle elementor-reverse-mobile elementor-reverse-tablet elementor-section-boxed elementor-section-height-default elementor-section-height-default\" data-id=\"a2b7ec5\" data-element_type=\"section\" data-settings=\"{&quot;background_background&quot;:&quot;classic&quot;}\">\n\t\t\t\t\t\t<div class=\"elementor-container elementor-column-gap-no\">\n\t\t\t\t\t<div class=\"elementor-column elementor-col-100 elementor-top-column elementor-element elementor-element-4aa6921\" data-id=\"4aa6921\" data-element_type=\"column\">\n\t\t\t<div class=\"elementor-widget-wrap\">\n\t\t\t\t\t\t\t<\/div>\n\t\t<\/div>\n\t\t\t\t\t<\/div>\n\t\t<\/section>\n\t\t\t\t<section class=\"elementor-section elementor-top-section elementor-element elementor-element-d299de9 elementor-section-content-middle elementor-section-boxed elementor-section-height-default elementor-section-height-default\" data-id=\"d299de9\" data-element_type=\"section\" data-settings=\"{&quot;background_background&quot;:&quot;classic&quot;}\">\n\t\t\t\t\t\t<div class=\"elementor-container elementor-column-gap-no\">\n\t\t\t\t\t<div class=\"elementor-column elementor-col-100 elementor-top-column elementor-element elementor-element-f87bdfe\" data-id=\"f87bdfe\" data-element_type=\"column\">\n\t\t\t<div class=\"elementor-widget-wrap elementor-element-populated\">\n\t\t\t\t\t\t<div class=\"elementor-element elementor-element-9158a97 elementor-widget elementor-widget-text-editor\" data-id=\"9158a97\" data-element_type=\"widget\" data-widget_type=\"text-editor.default\">\n\t\t\t\t\t\t\t\t\t<p>AI Sales Assistant &amp; Digital Viewing - Ihr effektivster erster Kontakt<\/p>\t\t\t\t\t\t\t\t<\/div>\n\t\t\t\t<div class=\"elementor-element elementor-element-c260c55 elementor-widget elementor-widget-text-editor\" data-id=\"c260c55\" data-element_type=\"widget\" data-widget_type=\"text-editor.default\">\n\t\t\t\t\t\t\t\t\t<p class=\"\" data-start=\"281\" data-end=\"418\">Der Verkauf oder die Vermietung einer Immobilie erfordert Schnelligkeit, Genauigkeit und Verf\u00fcgbarkeit - aber es sollte nicht Ihre ganze Zeit in Anspruch nehmen.<\/p>\n<p class=\"\" data-start=\"420\" data-end=\"611\">Med <strong data-start=\"424\" data-end=\"474\">Digitale Hausf\u00fchrungen und KI-Verkaufsassistent<\/strong> erhalten Sie eine Komplettl\u00f6sung, die den ersten Kundenkontakt, Anfragen und Qualifizierungen automatisch, rund um die Uhr und in mehreren Sprachen abwickelt.<\/p>\t\t\t\t\t\t\t\t<\/div>\n\t\t\t\t<div class=\"elementor-element elementor-element-e6e1800 elementor-widget elementor-widget-spacer\" data-id=\"e6e1800\" data-element_type=\"widget\" data-widget_type=\"spacer.default\">\n\t\t\t\t\t\t\t<div class=\"elementor-spacer\">\n\t\t\t<div class=\"elementor-spacer-inner\"><\/div>\n\t\t<\/div>\n\t\t\t\t\t\t<\/div>\n\t\t\t\t<div class=\"elementor-element elementor-element-97a82c7 elementor-widget elementor-widget-text-editor\" data-id=\"97a82c7\" data-element_type=\"widget\" data-widget_type=\"text-editor.default\">\n\t\t\t\t\t\t\t\t\t<p>Wo Service auf anspruchsvolle Pr\u00e4zision trifft.<\/p>\t\t\t\t\t\t\t\t<\/div>\n\t\t\t\t<div class=\"elementor-element elementor-element-c205852 elementor-widget elementor-widget-text-editor\" data-id=\"c205852\" data-element_type=\"widget\" data-widget_type=\"text-editor.default\">\n\t\t\t\t\t\t\t\t\t<p class=\"\" data-start=\"281\" data-end=\"418\">So funktioniert's - Vom ersten Klick zum qualifizierten Lead:<\/p>\t\t\t\t\t\t\t\t<\/div>\n\t\t\t\t<div class=\"elementor-element elementor-element-967c706 elementor-widget elementor-widget-text-editor\" data-id=\"967c706\" data-element_type=\"widget\" data-widget_type=\"text-editor.default\">\n\t\t\t\t\t\t\t\t\t<ol><li><u><b>Erster Kontakt - zu Ihren Bedingungen <\/b><\/u><p>Die Reise kann auf unterschiedliche Weise beginnen - je nachdem, wie Sie Ihre Immobilie pr\u00e4sentieren m\u00f6chten. Entweder Sie lassen den Kunden unseren KI-Verkaufsassistenten direkt \u00fcber eine Telefonnummer in der Anzeige anrufen. Der Assistent stellt die Immobilie vor, beantwortet Fragen und sendet einen personalisierten SMS-Link zur digitalen Besichtigung.<br \/>Oder der Kunde hat bereits Zugang zu einem digitalen Rundgang, bei dem er sich jederzeit mit einem Klick an den KI-Assistenten wenden kann, um exklusive Beratung und ausf\u00fchrliche Informationen zu erhalten.<\/p><\/li><li><b><u>Die digitale Tour - ein au\u00dfergew\u00f6hnliches Erlebnis <\/u><\/b><p>Durch unsere interaktive 3D-Ansicht k\u00f6nnen die Kunden frei durch die Immobilie gehen, Details entdecken, den Grundriss verstehen und den Charakter der R\u00e4ume erleben - in ihrem eigenen Tempo, direkt \u00fcber Handy, Tablet oder Computer.<\/p><\/li><li><b><u>Direkter Dialog - wenn Fragen auftauchen <\/u><\/b><p>Unser KI-Verkaufsassistent ist immer bereit, egal an welchem Punkt er einsteigt. Mit Pr\u00e4zision, Professionalit\u00e4t und einem vertrauensw\u00fcrdigen Ansatz beantwortet er Fragen, f\u00fchrt weiter - und l\u00e4sst das Interesse zu Entscheidungen reifen.<\/p><\/li><li><b><u>Antworten auf alle Ihre Immobilienfragen - in der richtigen Sprache <\/u><\/b><p>Der KI-Assistent kann detaillierte Fragen beantworten, wie zum Beispiel: Preis pro Quadratmeter? Sind Wasser, Heizung oder Strom in der Miete enthalten? Gibt es einen Parkplatz? Wie breit ist die T\u00fcr? Wie hoch ist die Decke? Sind die R\u00e4umlichkeiten behindertengerecht?\u00a0<\/p><p>Die KI kommuniziert in mehreren Sprachen, darunter Schwedisch, Englisch, Norwegisch, D\u00e4nisch, Deutsch, Finnisch, Franz\u00f6sisch, Italienisch, Koreanisch, Chinesisch, Japanisch, Spanisch, Hindi, Griechisch, Bulgarisch, Vietnamesisch usw., was es leicht macht, sowohl nationale als auch internationale Interessengruppen zu treffen.<br \/><br \/><\/p><\/li><li><b><u>Wenn ein personalisierter Kontakt gew\u00fcnscht wird<\/u><\/b><br \/><p data-start=\"94\" data-end=\"348\">Wird ein direkter Kontakt gew\u00fcnscht, wird die Anfrage an den zust\u00e4ndigen Makler oder Eigent\u00fcmer weitergeleitet - schnell, diskret und mit viel Fingerspitzengef\u00fchl. Der Kunde wird dar\u00fcber mit der gleichen Sorgfalt informiert, die sich durch die gesamte Erfahrung zieht.<\/p><p data-start=\"350\" data-end=\"607\" data-is-last-node=\"\" data-is-only-node=\"\">Unser KI-Verkaufsassistent ist nicht nur eine Antwort auf Fragen - er ist ein technologischer Berater, der immer bereit ist, Sie zu f\u00fchren, private Besichtigungen zu buchen und Informationen an die individuellen Bed\u00fcrfnisse jedes einzelnen Kunden anzupassen. Ein digitaler Assistent der Spitzenklasse, der Ihnen rund um die Uhr zur Verf\u00fcgung steht.<\/p><\/li><li><b><u>Schlie\u00dflich wird das Gespr\u00e4ch zusammengefasst - Sie machen den n\u00e4chsten Schritt<\/u><\/b><br \/>Jeder Anruf wird automatisch analysiert und in einem \u00fcbersichtlichen Bericht zusammengefasst, der an die zust\u00e4ndige Kontaktperson gesendet wird. Sie k\u00f6nnen genau sehen, woran der Kunde interessiert war - und schnell entscheiden, ob es sich um einen Lead handelt, der bearbeitet werden sollte.<\/li><\/ol>\t\t\t\t\t\t\t\t<\/div>\n\t\t\t\t<div class=\"elementor-element elementor-element-ad47aa6 elementor-widget elementor-widget-spacer\" data-id=\"ad47aa6\" data-element_type=\"widget\" data-widget_type=\"spacer.default\">\n\t\t\t\t\t\t\t<div class=\"elementor-spacer\">\n\t\t\t<div class=\"elementor-spacer-inner\"><\/div>\n\t\t<\/div>\n\t\t\t\t\t\t<\/div>\n\t\t\t\t<div class=\"elementor-element elementor-element-0e56fc4 elementor-widget elementor-widget-text-editor\" data-id=\"0e56fc4\" data-element_type=\"widget\" data-widget_type=\"text-editor.default\">\n\t\t\t\t\t\t\t\t\t<p>KI, die zuh\u00f6rt, qualifiziert und zusammenfasst - Automatisch<\/p>\t\t\t\t\t\t\t\t<\/div>\n\t\t\t\t<div class=\"elementor-element elementor-element-afa8b10 elementor-widget elementor-widget-text-editor\" data-id=\"afa8b10\" data-element_type=\"widget\" data-widget_type=\"text-editor.default\">\n\t\t\t\t\t\t\t\t\t<p class=\"\" data-start=\"2040\" data-end=\"2164\">Was diese L\u00f6sung so leistungsstark macht, ist nicht nur die F\u00e4higkeit der KI, Fragen zu beantworten, sondern auch das, was passiert <strong data-start=\"2145\" data-end=\"2163\">nach dem Anruf<\/strong>:<\/p><blockquote data-start=\"2166\" data-end=\"2289\"><p class=\"\" data-start=\"2168\" data-end=\"2289\">Stellen Sie sich vor, ein Spekulant ruft um 21.30 Uhr aus London an und fragt:<br \/>\"Gibt es Glasfaser? Ist Wasser in der Miete enthalten?\"\u00a0<\/p><\/blockquote><ol data-start=\"836\" data-end=\"1961\"><li class=\"\" data-start=\"1694\" data-end=\"1961\">Die KI antwortet sofort - und Sie haben gleich nach dem Anruf eine fertige, professionelle Zusammenfassung in Ihrem Posteingang.\u00a0<\/li><\/ol>\t\t\t\t\t\t\t\t<\/div>\n\t\t\t\t<div class=\"elementor-element elementor-element-cb9f238 elementor-widget elementor-widget-spacer\" data-id=\"cb9f238\" data-element_type=\"widget\" data-widget_type=\"spacer.default\">\n\t\t\t\t\t\t\t<div class=\"elementor-spacer\">\n\t\t\t<div class=\"elementor-spacer-inner\"><\/div>\n\t\t<\/div>\n\t\t\t\t\t\t<\/div>\n\t\t\t\t<div class=\"elementor-element elementor-element-fedb202 elementor-widget elementor-widget-image\" data-id=\"fedb202\" data-element_type=\"widget\" data-widget_type=\"image.default\">\n\t\t\t\t\t\t\t\t\t\t\t\t\t\t\t<img fetchpriority=\"high\" decoding=\"async\" width=\"1000\" height=\"571\" src=\"https:\/\/huset.se\/wp-content\/uploads\/2024\/04\/Ai-huset.jpg\" class=\"attachment-full size-full wp-image-25847\" alt=\"KI und digitale Technologien im Fokus.\" srcset=\"https:\/\/huset.se\/wp-content\/uploads\/2024\/04\/Ai-huset.jpg 1000w, https:\/\/huset.se\/wp-content\/uploads\/2024\/04\/Ai-huset-300x171.jpg 300w, https:\/\/huset.se\/wp-content\/uploads\/2024\/04\/Ai-huset-768x439.jpg 768w, https:\/\/huset.se\/wp-content\/uploads\/2024\/04\/Ai-huset-18x10.jpg 18w, https:\/\/huset.se\/wp-content\/uploads\/2024\/04\/Ai-huset-496x283.jpg 496w\" sizes=\"(max-width: 1000px) 100vw, 1000px\" \/>\t\t\t\t\t\t\t\t\t\t\t\t\t\t\t<\/div>\n\t\t\t\t<div class=\"elementor-element elementor-element-195877d elementor-widget elementor-widget-text-editor\" data-id=\"195877d\" data-element_type=\"widget\" data-widget_type=\"text-editor.default\">\n\t\t\t\t\t\t\t\t\t<p>Ergebnisse, die Sie sofort bemerken<\/p>\t\t\t\t\t\t\t\t<\/div>\n\t\t\t\t<div class=\"elementor-element elementor-element-aa46c10 elementor-widget elementor-widget-text-editor\" data-id=\"aa46c10\" data-element_type=\"widget\" data-widget_type=\"text-editor.default\">\n\t\t\t\t\t\t\t\t\t<ul data-start=\"2433\" data-end=\"2849\"><li class=\"\" data-start=\"2433\" data-end=\"2515\"><p class=\"\" data-start=\"2435\" data-end=\"2515\">Neun <strong data-start=\"2438\" data-end=\"2473\">Schnelleres Erfassen von hei\u00dfen Kunden<\/strong> - ohne an B\u00fcrozeiten gebunden zu sein.<\/p><\/li><li class=\"\" data-start=\"2516\" data-end=\"2599\"><p class=\"\" data-start=\"2518\" data-end=\"2599\">Neun <strong data-start=\"2521\" data-end=\"2553\">verbringt Zeit mit den richtigen Kontakten<\/strong> - und die Vermeidung von Sackgassengespr\u00e4chen.<\/p><\/li><li class=\"\" data-start=\"2600\" data-end=\"2686\"><p class=\"\" data-start=\"2602\" data-end=\"2686\">Neun <strong data-start=\"2605\" data-end=\"2631\">verringert den Arbeitsbedarf<\/strong> - Die KI erledigt, wof\u00fcr fr\u00fcher Assistenten erforderlich waren.<\/p><\/li><li class=\"\" data-start=\"2687\" data-end=\"2766\"><p class=\"\" data-start=\"2689\" data-end=\"2766\">Neun <strong data-start=\"2692\" data-end=\"2719\">bietet besseren Service<\/strong> - in der Sprache des Kunden, 24 Stunden am Tag.<\/p><\/li><li class=\"\" data-start=\"2767\" data-end=\"2849\"><p class=\"\" data-start=\"2769\" data-end=\"2849\">Neun <strong data-start=\"2772\" data-end=\"2795\">erh\u00f6ht die Konversion<\/strong> - durch unmittelbare Antworten und eine reibungslose Customer Journey.<\/p><\/li><\/ul>\t\t\t\t\t\t\t\t<\/div>\n\t\t\t\t<div class=\"elementor-element elementor-element-6a6c50e elementor-widget elementor-widget-spacer\" data-id=\"6a6c50e\" data-element_type=\"widget\" data-widget_type=\"spacer.default\">\n\t\t\t\t\t\t\t<div class=\"elementor-spacer\">\n\t\t\t<div class=\"elementor-spacer-inner\"><\/div>\n\t\t<\/div>\n\t\t\t\t\t\t<\/div>\n\t\t\t\t<div class=\"elementor-element elementor-element-9a98c96 elementor-widget elementor-widget-text-editor\" data-id=\"9a98c96\" data-element_type=\"widget\" data-widget_type=\"text-editor.default\">\n\t\t\t\t\t\t\t\t\t<p>Ein neuer Standard, wie Gewerbeimmobilien erlebt und vermittelt werden<\/p>\t\t\t\t\t\t\t\t<\/div>\n\t\t\t\t<div class=\"elementor-element elementor-element-d6581ac elementor-widget elementor-widget-text-editor\" data-id=\"d6581ac\" data-element_type=\"widget\" data-widget_type=\"text-editor.default\">\n\t\t\t\t\t\t\t\t\t<p class=\"\" data-start=\"2938\" data-end=\"3161\">Mit dem KI-Verkaufsassistenten und den digitalen Touren von Huset erhalten Sie nicht nur eine intelligente technische L\u00f6sung, sondern auch einen professionellen, skalierbaren Kommunikationskanal, der es Ihnen erm\u00f6glicht, sich auf das zu konzentrieren, was Ihr pers\u00f6nliches Engagement tats\u00e4chlich erfordert.<\/p><p class=\"\" data-start=\"3163\" data-end=\"3248\"><strong data-start=\"3163\" data-end=\"3248\">Es ist an der Zeit, nicht mehr die gleichen Fragen zu beantworten, sondern Zeit f\u00fcr das richtige Gesch\u00e4ft aufzuwenden.<\/strong><\/p>\t\t\t\t\t\t\t\t<\/div>\n\t\t\t\t\t<\/div>\n\t\t<\/div>\n\t\t\t\t\t<\/div>\n\t\t<\/section>\n\t\t\t\t<\/div>","protected":false},"excerpt":{"rendered":"<p>Der KI-Verkaufsassistent und die digitale Besichtigung - Ihr effizientester Erstkontakt Der Verkauf oder die Vermietung einer Immobilie erfordert Schnelligkeit, Genauigkeit und Verf\u00fcgbarkeit - aber es sollte nicht Ihre ganze Zeit in Anspruch nehmen. Mit den digitalen Besichtigungen und dem KI-Verkaufsassistenten von Huset erhalten Sie eine Komplettl\u00f6sung, die den Erstkontakt, die Fragen und die Qualifizierung der Kunden automatisch und rund um die Uhr abwickelt [...]<\/p>","protected":false},"author":25,"featured_media":0,"parent":0,"menu_order":0,"comment_status":"closed","ping_status":"closed","template":"template\/template-homepage.php","meta":{"_et_pb_use_builder":"","_et_pb_old_content":"","_et_gb_content_width":"","footnotes":""},"class_list":["post-27009","page","type-page","status-publish","hentry"],"_links":{"self":[{"href":"https:\/\/huset.se\/de_ch\/wp-json\/wp\/v2\/pages\/27009","targetHints":{"allow":["GET"]}}],"collection":[{"href":"https:\/\/huset.se\/de_ch\/wp-json\/wp\/v2\/pages"}],"about":[{"href":"https:\/\/huset.se\/de_ch\/wp-json\/wp\/v2\/types\/page"}],"author":[{"embeddable":true,"href":"https:\/\/huset.se\/de_ch\/wp-json\/wp\/v2\/users\/25"}],"replies":[{"embeddable":true,"href":"https:\/\/huset.se\/de_ch\/wp-json\/wp\/v2\/comments?post=27009"}],"version-history":[{"count":37,"href":"https:\/\/huset.se\/de_ch\/wp-json\/wp\/v2\/pages\/27009\/revisions"}],"predecessor-version":[{"id":27918,"href":"https:\/\/huset.se\/de_ch\/wp-json\/wp\/v2\/pages\/27009\/revisions\/27918"}],"wp:attachment":[{"href":"https:\/\/huset.se\/de_ch\/wp-json\/wp\/v2\/media?parent=27009"}],"curies":[{"name":"wp","href":"https:\/\/api.w.org\/{rel}","templated":true}]}}