{"id":23899,"date":"2023-12-27T13:40:20","date_gmt":"2023-12-27T12:40:20","guid":{"rendered":"https:\/\/huset.se\/?page_id=23899"},"modified":"2025-05-23T12:58:46","modified_gmt":"2025-05-23T10:58:46","slug":"fler-potentiella-kopare","status":"publish","type":"page","link":"https:\/\/huset.se\/de_ch\/fler-potentiella-kopare\/","title":{"rendered":"Mehr potenzielle K\u00e4ufer"},"content":{"rendered":"<div data-elementor-type=\"wp-page\" data-elementor-id=\"23899\" class=\"elementor elementor-23899\">\n\t\t\t\t\t\t<section class=\"elementor-section elementor-top-section elementor-element elementor-element-c64906b elementor-section-content-middle elementor-section-boxed elementor-section-height-default elementor-section-height-default\" data-id=\"c64906b\" data-element_type=\"section\" data-settings=\"{&quot;background_background&quot;:&quot;classic&quot;}\">\n\t\t\t\t\t\t<div class=\"elementor-container elementor-column-gap-no\">\n\t\t\t\t\t<div class=\"elementor-column elementor-col-50 elementor-top-column elementor-element elementor-element-f48650e\" data-id=\"f48650e\" data-element_type=\"column\">\n\t\t\t<div class=\"elementor-widget-wrap elementor-element-populated\">\n\t\t\t\t\t\t<div class=\"elementor-element elementor-element-05a27e6 elementor-widget elementor-widget-text-editor\" data-id=\"05a27e6\" data-element_type=\"widget\" data-widget_type=\"text-editor.default\">\n\t\t\t\t\t\t\t\t\t<p>Interaktive Werkzeuge<\/p>\t\t\t\t\t\t\t\t<\/div>\n\t\t\t\t<div class=\"elementor-element elementor-element-e9f9023 elementor-widget elementor-widget-heading\" data-id=\"e9f9023\" data-element_type=\"widget\" data-widget_type=\"heading.default\">\n\t\t\t\t\t<h2 class=\"elementor-heading-title elementor-size-default\">Digitales Display mit Sprach\u00fcbersetzung<\/h2>\t\t\t\t<\/div>\n\t\t\t\t<div class=\"elementor-element elementor-element-5c381d6 elementor-widget-divider--view-line elementor-widget elementor-widget-divider\" data-id=\"5c381d6\" data-element_type=\"widget\" data-widget_type=\"divider.default\">\n\t\t\t\t\t\t\t<div class=\"elementor-divider\">\n\t\t\t<span class=\"elementor-divider-separator\">\n\t\t\t\t\t\t<\/span>\n\t\t<\/div>\n\t\t\t\t\t\t<\/div>\n\t\t\t\t\t<\/div>\n\t\t<\/div>\n\t\t\t\t<div class=\"elementor-column elementor-col-50 elementor-top-column elementor-element elementor-element-e8f7acb\" data-id=\"e8f7acb\" data-element_type=\"column\">\n\t\t\t<div class=\"elementor-widget-wrap elementor-element-populated\">\n\t\t\t\t\t\t<div class=\"elementor-element elementor-element-4ad241f elementor-widget elementor-widget-image\" data-id=\"4ad241f\" data-element_type=\"widget\" data-widget_type=\"image.default\">\n\t\t\t\t\t\t\t\t\t\t\t\t\t\t\t<img decoding=\"async\" src=\"https:\/\/huset.se\/wp-content\/uploads\/2025\/05\/sprakoversattning-av-digitala-visningar-2.jpg\" title=\"\u00dcbersetzung in eine andere Sprache.\" alt=\"Mehrsprachige \u00dcbersetzung f\u00fcr gesch\u00e4ftliche und pers\u00f6nliche Finanzen.\" class=\"elementor-animation-grow\" loading=\"lazy\" \/>\t\t\t\t\t\t\t\t\t\t\t\t\t\t\t<\/div>\n\t\t\t\t\t<\/div>\n\t\t<\/div>\n\t\t\t\t\t<\/div>\n\t\t<\/section>\n\t\t\t\t<section class=\"elementor-section elementor-top-section elementor-element elementor-element-381f478 elementor-reverse-tablet elementor-reverse-mobile elementor-section-boxed elementor-section-height-default elementor-section-height-default\" data-id=\"381f478\" data-element_type=\"section\" data-settings=\"{&quot;background_background&quot;:&quot;classic&quot;}\">\n\t\t\t\t\t\t<div class=\"elementor-container elementor-column-gap-default\">\n\t\t\t\t\t<div class=\"elementor-column elementor-col-100 elementor-top-column elementor-element elementor-element-25679dc\" data-id=\"25679dc\" data-element_type=\"column\" data-settings=\"{&quot;background_background&quot;:&quot;classic&quot;}\">\n\t\t\t<div class=\"elementor-widget-wrap elementor-element-populated\">\n\t\t\t\t\t\t<div class=\"elementor-element elementor-element-606c93c elementor-widget elementor-widget-spacer\" data-id=\"606c93c\" data-element_type=\"widget\" data-widget_type=\"spacer.default\">\n\t\t\t\t\t\t\t<div class=\"elementor-spacer\">\n\t\t\t<div class=\"elementor-spacer-inner\"><\/div>\n\t\t<\/div>\n\t\t\t\t\t\t<\/div>\n\t\t\t\t<div class=\"elementor-element elementor-element-b1ab99e elementor-widget elementor-widget-heading\" data-id=\"b1ab99e\" data-element_type=\"widget\" data-widget_type=\"heading.default\">\n\t\t\t\t\t<h2 class=\"elementor-heading-title elementor-size-default\">\u00d6ffnen Sie die T\u00fcr f\u00fcr internationale K\u00e4ufer<\/h2>\t\t\t\t<\/div>\n\t\t\t\t<div class=\"elementor-element elementor-element-004b2da elementor-widget-divider--view-line elementor-widget elementor-widget-divider\" data-id=\"004b2da\" data-element_type=\"widget\" data-widget_type=\"divider.default\">\n\t\t\t\t\t\t\t<div class=\"elementor-divider\">\n\t\t\t<span class=\"elementor-divider-separator\">\n\t\t\t\t\t\t<\/span>\n\t\t<\/div>\n\t\t\t\t\t\t<\/div>\n\t\t\t\t<div class=\"elementor-element elementor-element-6a515db elementor-widget elementor-widget-text-editor\" data-id=\"6a515db\" data-element_type=\"widget\" data-widget_type=\"text-editor.default\">\n\t\t\t\t\t\t\t\t\t<p data-start=\"183\" data-end=\"401\">In einem zunehmend globalisierten Markt reicht es nicht aus, gesehen zu werden - man muss auch verstanden werden.<br data-start=\"264\" data-end=\"267\" \/>Med <strong data-start=\"271\" data-end=\"304\">Mehrsprachige L\u00f6sungen im Geb\u00e4ude<\/strong> stellen Sie Ihre Immobilie Spekulanten weltweit zur Verf\u00fcgung - ohne dass diese auch nur einen Meter reisen m\u00fcssen.<\/p><p data-start=\"403\" data-end=\"646\">Unsere Sprachexperten \u00fcbersetzen <strong data-start=\"433\" data-end=\"500\">Objektbeschreibungen, personalisierte Gr\u00fc\u00dfe und Audioaufnahmen<\/strong> in mehreren Sprachen, so dass die Pr\u00e4sentation der Immobilie oder der R\u00e4umlichkeiten unabh\u00e4ngig von der Muttersprache des Empf\u00e4ngers gleicherma\u00dfen pers\u00f6nlich, einladend und klar ist.<\/p><p data-start=\"648\" data-end=\"833\">In Kombination mit unseren digitalen F\u00fchrungen entsteht so ein ganzheitliches Erlebnis, das atmet <strong data-start=\"734\" data-end=\"781\">Zug\u00e4nglichkeit, Professionalit\u00e4t und F\u00fcrsorge<\/strong> - etwas, das im internationalen Gesch\u00e4ft von entscheidender Bedeutung ist.<\/p>\t\t\t\t\t\t\t\t<\/div>\n\t\t\t\t\t<\/div>\n\t\t<\/div>\n\t\t\t\t\t<\/div>\n\t\t<\/section>\n\t\t\t\t<section class=\"elementor-section elementor-top-section elementor-element elementor-element-cceaabf elementor-section-full_width elementor-section-height-default elementor-section-height-default\" data-id=\"cceaabf\" data-element_type=\"section\" data-settings=\"{&quot;background_background&quot;:&quot;classic&quot;}\">\n\t\t\t\t\t\t<div class=\"elementor-container elementor-column-gap-default\">\n\t\t\t\t\t<div class=\"elementor-column elementor-col-50 elementor-top-column elementor-element elementor-element-c399545\" data-id=\"c399545\" data-element_type=\"column\">\n\t\t\t<div class=\"elementor-widget-wrap elementor-element-populated\">\n\t\t\t\t\t\t<div class=\"elementor-element elementor-element-1b3fe22 elementor-widget elementor-widget-spacer\" data-id=\"1b3fe22\" data-element_type=\"widget\" data-widget_type=\"spacer.default\">\n\t\t\t\t\t\t\t<div class=\"elementor-spacer\">\n\t\t\t<div class=\"elementor-spacer-inner\"><\/div>\n\t\t<\/div>\n\t\t\t\t\t\t<\/div>\n\t\t\t\t<div class=\"elementor-element elementor-element-66817a4 elementor-widget elementor-widget-html\" data-id=\"66817a4\" data-element_type=\"widget\" data-widget_type=\"html.default\">\n\t\t\t\t\t<div style=\"position:relative;padding-top:56.25%;\"><iframe src=\"https:\/\/iframe.mediadelivery.net\/embed\/230487\/b80271e7-f365-44d8-a12f-1532185d2555?autoplay=false&loop=false&muted=false&preload=true&responsive=true\" loading=\"lazy\" style=\"border:0;position:absolute;top:0;height:100%;width:100%;\" allow=\"accelerometer;gyroscope;autoplay;encrypted-media;picture-in-picture;\" allowfullscreen=\"true\"><\/iframe><\/div>\t\t\t\t<\/div>\n\t\t\t\t\t<\/div>\n\t\t<\/div>\n\t\t\t\t<div class=\"elementor-column elementor-col-50 elementor-top-column elementor-element elementor-element-bb7423a\" data-id=\"bb7423a\" data-element_type=\"column\">\n\t\t\t<div class=\"elementor-widget-wrap elementor-element-populated\">\n\t\t\t\t\t\t<div class=\"elementor-element elementor-element-697f774 elementor-widget elementor-widget-spacer\" data-id=\"697f774\" data-element_type=\"widget\" data-widget_type=\"spacer.default\">\n\t\t\t\t\t\t\t<div class=\"elementor-spacer\">\n\t\t\t<div class=\"elementor-spacer-inner\"><\/div>\n\t\t<\/div>\n\t\t\t\t\t\t<\/div>\n\t\t\t\t<div class=\"elementor-element elementor-element-21aee43 elementor-widget elementor-widget-heading\" data-id=\"21aee43\" data-element_type=\"widget\" data-widget_type=\"heading.default\">\n\t\t\t\t\t<h2 class=\"elementor-heading-title elementor-size-default\">F\u00fcr gewerbliche Immobilien<\/h2>\t\t\t\t<\/div>\n\t\t\t\t<div class=\"elementor-element elementor-element-89db28b elementor-widget elementor-widget-text-editor\" data-id=\"89db28b\" data-element_type=\"widget\" data-widget_type=\"text-editor.default\">\n\t\t\t\t\t\t\t\t\t<p>Pr\u00e4sentationen mit Pr\u00e4zision - f\u00fcr Objekte, die das Beste verdienen<\/p>\t\t\t\t\t\t\t\t<\/div>\n\t\t\t\t<div class=\"elementor-element elementor-element-6634710 elementor-widget elementor-widget-text-editor\" data-id=\"6634710\" data-element_type=\"widget\" data-widget_type=\"text-editor.default\">\n\t\t\t\t\t\t\t\t\t<p data-start=\"316\" data-end=\"616\">Wenn es auf jedes Detail ankommt, braucht es mehr als nur eine Besichtigung - es braucht ein Erlebnis.<br data-start=\"401\" data-end=\"404\" \/>Mit der fortschrittlichen Technologie von Huset, dem visuellen Design und der auf die Sprache zugeschnittenen Kommunikation, schaffen wir <strong data-start=\"496\" data-end=\"528\">ma\u00dfgeschneiderte Pr\u00e4sentationen<\/strong> die Ihre Gewerbeimmobilie mit der W\u00fcrde und Sch\u00e4rfe pr\u00e4sentiert, die sie verdient.<\/p><p data-start=\"618\" data-end=\"810\">Von international ausgerichteten Objektbeschreibungen bis hin zu hochwertigen digitalen F\u00fchrungen ist jede Pr\u00e4sentation darauf ausgelegt, das richtige Publikum in der richtigen Sprache und mit den richtigen Emotionen anzusprechen.<\/p><p data-start=\"812\" data-end=\"932\"><strong data-start=\"812\" data-end=\"932\">Wir spiegeln die St\u00e4rken Ihrer Marke in jeder Sequenz wider und liefern eine Pr\u00e4sentation, die sowohl beeindruckt als auch konvertiert.<\/strong><\/p>\t\t\t\t\t\t\t\t<\/div>\n\t\t\t\t\t<\/div>\n\t\t<\/div>\n\t\t\t\t\t<\/div>\n\t\t<\/section>\n\t\t\t\t<section class=\"elementor-section elementor-top-section elementor-element elementor-element-4adfb18 elementor-section-boxed elementor-section-height-default elementor-section-height-default\" data-id=\"4adfb18\" data-element_type=\"section\" data-settings=\"{&quot;background_background&quot;:&quot;classic&quot;}\">\n\t\t\t\t\t\t<div class=\"elementor-container elementor-column-gap-default\">\n\t\t\t\t\t<div class=\"elementor-column elementor-col-100 elementor-top-column elementor-element elementor-element-c1f9acc\" data-id=\"c1f9acc\" data-element_type=\"column\">\n\t\t\t<div class=\"elementor-widget-wrap elementor-element-populated\">\n\t\t\t\t\t\t<div class=\"elementor-element elementor-element-0f7b9b2 elementor-widget elementor-widget-spacer\" data-id=\"0f7b9b2\" data-element_type=\"widget\" data-widget_type=\"spacer.default\">\n\t\t\t\t\t\t\t<div class=\"elementor-spacer\">\n\t\t\t<div class=\"elementor-spacer-inner\"><\/div>\n\t\t<\/div>\n\t\t\t\t\t\t<\/div>\n\t\t\t\t\t<\/div>\n\t\t<\/div>\n\t\t\t\t\t<\/div>\n\t\t<\/section>\n\t\t\t\t<section class=\"elementor-section elementor-top-section elementor-element elementor-element-140d22b elementor-section-full_width elementor-section-height-default elementor-section-height-default\" data-id=\"140d22b\" data-element_type=\"section\" data-settings=\"{&quot;background_background&quot;:&quot;classic&quot;}\">\n\t\t\t\t\t\t<div class=\"elementor-container elementor-column-gap-default\">\n\t\t\t\t\t<div class=\"elementor-column elementor-col-50 elementor-top-column elementor-element elementor-element-f84527c\" data-id=\"f84527c\" data-element_type=\"column\">\n\t\t\t<div class=\"elementor-widget-wrap elementor-element-populated\">\n\t\t\t\t\t\t<div class=\"elementor-element elementor-element-f346043 elementor-widget elementor-widget-spacer\" data-id=\"f346043\" data-element_type=\"widget\" data-widget_type=\"spacer.default\">\n\t\t\t\t\t\t\t<div class=\"elementor-spacer\">\n\t\t\t<div class=\"elementor-spacer-inner\"><\/div>\n\t\t<\/div>\n\t\t\t\t\t\t<\/div>\n\t\t\t\t<div class=\"elementor-element elementor-element-9064b67 elementor-widget elementor-widget-html\" data-id=\"9064b67\" data-element_type=\"widget\" data-widget_type=\"html.default\">\n\t\t\t\t\t<div style=\"position:relative;padding-top:56.25%;\"><iframe src=\"https:\/\/iframe.mediadelivery.net\/embed\/230487\/62d6dc9d-3009-40d3-bc7d-ee72f7535d51?autoplay=false&loop=false&muted=false&preload=true&responsive=true\" loading=\"lazy\" style=\"border:0;position:absolute;top:0;height:100%;width:100%;\" allow=\"accelerometer;gyroscope;autoplay;encrypted-media;picture-in-picture;\" allowfullscreen=\"true\"><\/iframe><\/div>\t\t\t\t<\/div>\n\t\t\t\t\t<\/div>\n\t\t<\/div>\n\t\t\t\t<div class=\"elementor-column elementor-col-50 elementor-top-column elementor-element elementor-element-8cc186c\" data-id=\"8cc186c\" data-element_type=\"column\">\n\t\t\t<div class=\"elementor-widget-wrap elementor-element-populated\">\n\t\t\t\t\t\t<div class=\"elementor-element elementor-element-bdafc25 elementor-widget elementor-widget-spacer\" data-id=\"bdafc25\" data-element_type=\"widget\" data-widget_type=\"spacer.default\">\n\t\t\t\t\t\t\t<div class=\"elementor-spacer\">\n\t\t\t<div class=\"elementor-spacer-inner\"><\/div>\n\t\t<\/div>\n\t\t\t\t\t\t<\/div>\n\t\t\t\t<div class=\"elementor-element elementor-element-f7a1f80 elementor-widget elementor-widget-heading\" data-id=\"f7a1f80\" data-element_type=\"widget\" data-widget_type=\"heading.default\">\n\t\t\t\t\t<h2 class=\"elementor-heading-title elementor-size-default\">F\u00fcr Privateigentum<\/h2>\t\t\t\t<\/div>\n\t\t\t\t<div class=\"elementor-element elementor-element-6153dca elementor-widget elementor-widget-text-editor\" data-id=\"6153dca\" data-element_type=\"widget\" data-widget_type=\"text-editor.default\">\n\t\t\t\t\t\t\t\t\t<p>Machen Sie Ihre Gewerbeimmobilie K\u00e4ufern weltweit zug\u00e4nglichPr\u00e4sentationen, die zu Herzen gehen - in mehreren Sprachen<\/p>\t\t\t\t\t\t\t\t<\/div>\n\t\t\t\t<div class=\"elementor-element elementor-element-eb1d646 elementor-widget elementor-widget-text-editor\" data-id=\"eb1d646\" data-element_type=\"widget\" data-widget_type=\"text-editor.default\">\n\t\t\t\t\t\t\t\t\t<p data-start=\"251\" data-end=\"468\">Mit unserer Technologie, unserem Fachwissen und unserer sprachlichen Reichweite helfen wir Ihnen, elegante, ansprechende und visuell anspruchsvolle Pr\u00e4sentationen von Privatwohnungen zu erstellen - egal, ob es sich um ein einst\u00f6ckiges Haus, eine Villa oder ein Ferienhaus handelt.<\/p><p data-start=\"470\" data-end=\"699\">Jedes Display und jedes \u00fcbersetzte Detail spiegelt die Qualit\u00e4t, die Sorgfalt und den Stil wider, den Ihre Marke vermittelt - vom ersten bis zum letzten Eindruck.<br data-start=\"620\" data-end=\"623\" \/>Damit Sie den richtigen K\u00e4ufer treffen, in der richtigen Sprache - mit dem richtigen Gef\u00fchl.<\/p>\t\t\t\t\t\t\t\t<\/div>\n\t\t\t\t\t<\/div>\n\t\t<\/div>\n\t\t\t\t\t<\/div>\n\t\t<\/section>\n\t\t\t\t<\/div>","protected":false},"excerpt":{"rendered":"<p>Interaktive Tools Digitale Besichtigung mit Sprach\u00fcbersetzung \u00d6ffnen Sie internationalen K\u00e4ufern die T\u00fcr In einem zunehmend globalisierten Markt reicht es nicht aus, gesehen zu werden - man muss auch verstanden werden. Mit den mehrsprachigen L\u00f6sungen von Huset k\u00f6nnen Sie Ihre Immobilie K\u00e4ufern auf der ganzen Welt zug\u00e4nglich machen - ohne dass diese einen Meter weit fahren m\u00fcssen. Unsere Sprachexperten \u00fcbersetzen Immobilienbeschreibungen, personalisierte Begr\u00fc\u00dfungen und Audioaufnahmen in [...]<\/p>","protected":false},"author":26,"featured_media":0,"parent":0,"menu_order":0,"comment_status":"closed","ping_status":"closed","template":"template\/template-homepage.php","meta":{"_et_pb_use_builder":"","_et_pb_old_content":"","_et_gb_content_width":"","footnotes":""},"class_list":["post-23899","page","type-page","status-publish","hentry"],"_links":{"self":[{"href":"https:\/\/huset.se\/de_ch\/wp-json\/wp\/v2\/pages\/23899","targetHints":{"allow":["GET"]}}],"collection":[{"href":"https:\/\/huset.se\/de_ch\/wp-json\/wp\/v2\/pages"}],"about":[{"href":"https:\/\/huset.se\/de_ch\/wp-json\/wp\/v2\/types\/page"}],"author":[{"embeddable":true,"href":"https:\/\/huset.se\/de_ch\/wp-json\/wp\/v2\/users\/26"}],"replies":[{"embeddable":true,"href":"https:\/\/huset.se\/de_ch\/wp-json\/wp\/v2\/comments?post=23899"}],"version-history":[{"count":6,"href":"https:\/\/huset.se\/de_ch\/wp-json\/wp\/v2\/pages\/23899\/revisions"}],"predecessor-version":[{"id":27755,"href":"https:\/\/huset.se\/de_ch\/wp-json\/wp\/v2\/pages\/23899\/revisions\/27755"}],"wp:attachment":[{"href":"https:\/\/huset.se\/de_ch\/wp-json\/wp\/v2\/media?parent=23899"}],"curies":[{"name":"wp","href":"https:\/\/api.w.org\/{rel}","templated":true}]}}