{"id":22145,"date":"2023-06-30T19:21:16","date_gmt":"2023-06-30T17:21:16","guid":{"rendered":"https:\/\/huset.se\/?page_id=22145"},"modified":"2024-05-17T15:14:28","modified_gmt":"2024-05-17T13:14:28","slug":"anvandarvillkor","status":"publish","type":"page","link":"https:\/\/huset.se\/de_ch\/anvandarvillkor\/","title":{"rendered":"Bedingungen und Konditionen"},"content":{"rendered":"<div data-elementor-type=\"wp-page\" data-elementor-id=\"22145\" class=\"elementor elementor-22145\">\n\t\t\t\t\t\t<section class=\"elementor-section elementor-top-section elementor-element elementor-element-76f1ccc elementor-section-boxed elementor-section-height-default elementor-section-height-default\" data-id=\"76f1ccc\" data-element_type=\"section\" data-settings=\"{&quot;background_background&quot;:&quot;classic&quot;}\">\n\t\t\t\t\t\t<div class=\"elementor-container elementor-column-gap-default\">\n\t\t\t\t\t<div class=\"elementor-column elementor-col-100 elementor-top-column elementor-element elementor-element-73c27f2a\" data-id=\"73c27f2a\" data-element_type=\"column\">\n\t\t\t<div class=\"elementor-widget-wrap elementor-element-populated\">\n\t\t\t\t\t\t<div class=\"elementor-element elementor-element-a446e22 elementor-widget elementor-widget-spacer\" data-id=\"a446e22\" data-element_type=\"widget\" data-widget_type=\"spacer.default\">\n\t\t\t\t\t\t\t<div class=\"elementor-spacer\">\n\t\t\t<div class=\"elementor-spacer-inner\"><\/div>\n\t\t<\/div>\n\t\t\t\t\t\t<\/div>\n\t\t\t\t<div class=\"elementor-element elementor-element-4f2e8f4 elementor-widget elementor-widget-text-editor\" data-id=\"4f2e8f4\" data-element_type=\"widget\" data-widget_type=\"text-editor.default\">\n\t\t\t\t\t\t\t\t\t<h1 style=\"font-size: 2.53333rem;\">Bedingungen und Konditionen<br \/>Das Haus<\/h1><div>\u00a0<\/div><div><h3><span style=\"font-size: 19px; text-transform: none;\">Diese Nutzungsbedingungen gelten f\u00fcr\u00a0<\/span><img decoding=\"async\" style=\"font-size: 19px; text-transform: none;\" src=\"https:\/\/huset.se\/wp-content\/uploads\/2023\/06\/skyab.jpg\" alt=\"\" width=\"273\" height=\"19\"><span style=\"font-size: 19px; text-transform: none;\">s (Org.-Nr.\u00a0<\/span><img decoding=\"async\" style=\"font-size: 19px; text-transform: none;\" src=\"https:\/\/huset.se\/wp-content\/uploads\/2024\/05\/Org.jpg\" alt=\"\" width=\"102\" height=\"15\"><span style=\"font-size: 19px; text-transform: none;\">\u00a0- \"Huset.se\", \"<\/span><img decoding=\"async\" style=\"font-size: 19px; text-transform: none;\" src=\"https:\/\/huset.se\/wp-content\/uploads\/2024\/05\/ab.jpg\" alt=\"\" width=\"102\" height=\"15\"><span style=\"font-size: 19px; text-transform: none;\">\"Wir\") von huset.se und umfasst alle Anzeigen und Inhalte, die von Huset in seinen verschiedenen Marketingkan\u00e4len (alle Marketingkan\u00e4le werden im Folgenden gemeinsam als \"Huset\" bezeichnet) ver\u00f6ffentlicht werden, unabh\u00e4ngig davon, wie der Besuch stattfindet oder wie auf die Inhalte der Website www.huset.se zugegriffen wird<\/span><\/h3><\/div><h3>1. Rechte an geistigem Eigentum<\/h3><p>Es gibt Inhalte auf Huset.se, die durch das Recht des geistigen Eigentums, einschlie\u00dflich des Urheberrechts, gesch\u00fctzt sind. Huset.se verf\u00fcgt \u00fcber eine Datenbank, die durch das Urheberrecht gesch\u00fctzt ist. Die Nichteinhaltung der Nutzungsbedingungen kann dazu f\u00fchren, dass die Rechte am geistigen Eigentum von Huset.se oder der Lizenzgeber von Huset verletzt werden, was zu rechtlichen Sanktionen und einer Verpflichtung zur Zahlung von Schadenersatz f\u00fchren kann.<br \/>Die kommerzielle oder systematische Nutzung von Huset.se ist strikt NICHT erlaubt, und die Nutzung automatisierter Dienste wie Spidering, Robots oder Indexierungstechniken zur Sammlung oder anderweitigen Nutzung der Inhalte von Huset.se ist verboten. Unabh\u00e4ngig von der Methode ist es nicht gestattet, den Inhalt von Huset.se zu vervielf\u00e4ltigen oder der \u00d6ffentlichkeit zug\u00e4nglich zu machen.<\/p><h3>2. die Verbindung zum Haus<\/h3><p>Alle Formen der Einbettung I \"hot-linking\" sind verboten. Die Verlinkung zu Huset.se ist erlaubt, jedoch m\u00f6chte Huset, dass der Besucher auf unsere Domain weitergeleitet wird und dass der Link nicht auf anderen Websites integriert wird.<\/p><h3>3. Was gilt als zul\u00e4ssige Verwendung?<\/h3><p>Huset.se ist f\u00fcr die normale Nutzung durch Besucher bestimmt. Das Durchsuchen, Teilen und Posten von Links zu Wohnungsanzeigen in verschiedenen Kan\u00e4len ist erlaubt. Wenn die Wohnungsanzeige als \"privat\" gekennzeichnet ist, ist es strengstens verboten, zu versuchen, auf die Wohnungsanzeige zuzugreifen und\/oder diese Informationen mit jemand anderem durch verschiedene Methoden zu teilen, es sei denn, Sie haben eine schriftliche Genehmigung von huset.se.<\/p><h3><span style=\"font-size: 19px; text-transform: none;\">Zuletzt aktualisiert am 2024-05-17<\/span><\/h3>\t\t\t\t\t\t\t\t<\/div>\n\t\t\t\t\t<\/div>\n\t\t<\/div>\n\t\t\t\t\t<\/div>\n\t\t<\/section>\n\t\t\t\t<\/div>","protected":false},"excerpt":{"rendered":"<p>Nutzungsbedingungen -Huset Diese Nutzungsbedingungen gelten f\u00fcr die Bereitstellung von huset.se durch Huset (org.nr - \"Huset.se\", \"\" oder \"wir\") und umfassen alle Anzeigen und Inhalte, die Huset in seinen verschiedenen Marketingkan\u00e4len (alle Marketingkan\u00e4le werden im Folgenden gemeinsam als \"Huset\" bezeichnet) ver\u00f6ffentlicht, unabh\u00e4ngig davon, wie der Besuch stattfindet oder wie der Zugang zu den Inhalten auf der Website www.huset.se erfolgt. 1. Geistige Eigentumsrechte [...]<\/p>","protected":false},"author":26,"featured_media":0,"parent":0,"menu_order":0,"comment_status":"closed","ping_status":"closed","template":"elementor_header_footer","meta":{"_et_pb_use_builder":"","_et_pb_old_content":"","_et_gb_content_width":"","footnotes":""},"class_list":["post-22145","page","type-page","status-publish","hentry"],"_links":{"self":[{"href":"https:\/\/huset.se\/de_ch\/wp-json\/wp\/v2\/pages\/22145","targetHints":{"allow":["GET"]}}],"collection":[{"href":"https:\/\/huset.se\/de_ch\/wp-json\/wp\/v2\/pages"}],"about":[{"href":"https:\/\/huset.se\/de_ch\/wp-json\/wp\/v2\/types\/page"}],"author":[{"embeddable":true,"href":"https:\/\/huset.se\/de_ch\/wp-json\/wp\/v2\/users\/26"}],"replies":[{"embeddable":true,"href":"https:\/\/huset.se\/de_ch\/wp-json\/wp\/v2\/comments?post=22145"}],"version-history":[{"count":10,"href":"https:\/\/huset.se\/de_ch\/wp-json\/wp\/v2\/pages\/22145\/revisions"}],"predecessor-version":[{"id":25982,"href":"https:\/\/huset.se\/de_ch\/wp-json\/wp\/v2\/pages\/22145\/revisions\/25982"}],"wp:attachment":[{"href":"https:\/\/huset.se\/de_ch\/wp-json\/wp\/v2\/media?parent=22145"}],"curies":[{"name":"wp","href":"https:\/\/api.w.org\/{rel}","templated":true}]}}