{"id":25829,"date":"2024-04-28T20:46:41","date_gmt":"2024-04-28T18:46:41","guid":{"rendered":"https:\/\/huset.se\/?page_id=25829"},"modified":"2026-01-18T14:45:07","modified_gmt":"2026-01-18T13:45:07","slug":"om-oss","status":"publish","type":"page","link":"https:\/\/huset.se\/de_at\/om-oss\/","title":{"rendered":"\u00dcber uns"},"content":{"rendered":"<div data-elementor-type=\"wp-page\" data-elementor-id=\"25829\" class=\"elementor elementor-25829\">\n\t\t\t\t\t\t<section class=\"elementor-section elementor-top-section elementor-element elementor-element-01bba8b elementor-section-content-middle elementor-section-boxed elementor-section-height-default elementor-section-height-default\" data-id=\"01bba8b\" data-element_type=\"section\" data-settings=\"{&quot;background_background&quot;:&quot;classic&quot;}\">\n\t\t\t\t\t\t\t<div class=\"elementor-background-overlay\"><\/div>\n\t\t\t\t\t\t\t<div class=\"elementor-container elementor-column-gap-no\">\n\t\t\t\t\t<div class=\"elementor-column elementor-col-100 elementor-top-column elementor-element elementor-element-1728e3e\" data-id=\"1728e3e\" data-element_type=\"column\">\n\t\t\t<div class=\"elementor-widget-wrap elementor-element-populated\">\n\t\t\t\t\t\t<section class=\"elementor-section elementor-inner-section elementor-element elementor-element-1932982 elementor-section-content-middle elementor-reverse-mobile elementor-section-boxed elementor-section-height-default elementor-section-height-default\" data-id=\"1932982\" data-element_type=\"section\">\n\t\t\t\t\t\t<div class=\"elementor-container elementor-column-gap-default\">\n\t\t\t\t\t<div class=\"elementor-column elementor-col-100 elementor-inner-column elementor-element elementor-element-8aa8083\" data-id=\"8aa8083\" data-element_type=\"column\">\n\t\t\t<div class=\"elementor-widget-wrap elementor-element-populated\">\n\t\t\t\t\t\t<div class=\"elementor-element elementor-element-064dc16 elementor-widget elementor-widget-text-editor\" data-id=\"064dc16\" data-element_type=\"widget\" data-widget_type=\"text-editor.default\">\n\t\t\t\t\t\t\t\t\t<p class=\"\" data-start=\"562\" data-end=\"624\">Huset - Ihr Partner f\u00fcr die Zukunft der Immobilienkommunikation<\/p>\t\t\t\t\t\t\t\t<\/div>\n\t\t\t\t<div class=\"elementor-element elementor-element-ea238c3 elementor-widget-tablet__width-initial elementor-widget elementor-widget-text-editor\" data-id=\"ea238c3\" data-element_type=\"widget\" data-widget_type=\"text-editor.default\">\n\t\t\t\t\t\t\t\t\t<p class=\"\" data-start=\"329\" data-end=\"619\">Huset ist eine moderne Kommunikationsagentur und ein technologieorientiertes IT-Unternehmen mit Spitzenkompetenz in den Bereichen digitales Marketing, Immobilienkommunikation und fortschrittliche technische L\u00f6sungen. Unsere Mission ist klar: Wir schaffen Zeit, Sicherheit und gesch\u00e4ftlichen Mehrwert f\u00fcr unsere Kunden. Indem wir uns um die technischen, kommunikativen und visuellen Aspekte k\u00fcmmern, schaffen wir Zeit f\u00fcr Sie, damit Sie sich auf das konzentrieren k\u00f6nnen, was Sie am besten k\u00f6nnen: Ihr Gesch\u00e4ft, Ihre Beziehungen und Ihr Gesch\u00e4ft.<\/p>\t\t\t\t\t\t\t\t<\/div>\n\t\t\t\t\t<\/div>\n\t\t<\/div>\n\t\t\t\t\t<\/div>\n\t\t<\/section>\n\t\t\t\t\t<\/div>\n\t\t<\/div>\n\t\t\t\t\t<\/div>\n\t\t<\/section>\n\t\t\t\t<section class=\"elementor-section elementor-top-section elementor-element elementor-element-ced2d0c elementor-section-content-middle elementor-section-boxed elementor-section-height-default elementor-section-height-default\" data-id=\"ced2d0c\" data-element_type=\"section\" data-settings=\"{&quot;background_background&quot;:&quot;classic&quot;}\">\n\t\t\t\t\t\t\t<div class=\"elementor-background-overlay\"><\/div>\n\t\t\t\t\t\t\t<div class=\"elementor-container elementor-column-gap-no\">\n\t\t\t\t\t<div class=\"elementor-column elementor-col-100 elementor-top-column elementor-element elementor-element-9d960e8\" data-id=\"9d960e8\" data-element_type=\"column\">\n\t\t\t<div class=\"elementor-widget-wrap elementor-element-populated\">\n\t\t\t\t\t\t<section class=\"elementor-section elementor-inner-section elementor-element elementor-element-e9f7202 elementor-reverse-mobile elementor-section-full_width elementor-section-height-default elementor-section-height-default\" data-id=\"e9f7202\" data-element_type=\"section\">\n\t\t\t\t\t\t<div class=\"elementor-container elementor-column-gap-default\">\n\t\t\t\t\t<div class=\"elementor-column elementor-col-50 elementor-inner-column elementor-element elementor-element-d0a1a8d\" data-id=\"d0a1a8d\" data-element_type=\"column\">\n\t\t\t<div class=\"elementor-widget-wrap elementor-element-populated\">\n\t\t\t\t\t\t<div class=\"elementor-element elementor-element-39e7bbc elementor-widget elementor-widget-text-editor\" data-id=\"39e7bbc\" data-element_type=\"widget\" data-widget_type=\"text-editor.default\">\n\t\t\t\t\t\t\t\t\t<p class=\"\" data-start=\"562\" data-end=\"624\">Gesch\u00e4ftskonzept &amp; Philosophie<\/p>\t\t\t\t\t\t\t\t<\/div>\n\t\t\t\t<div class=\"elementor-element elementor-element-c691101 elementor-widget elementor-widget-text-editor\" data-id=\"c691101\" data-element_type=\"widget\" data-widget_type=\"text-editor.default\">\n\t\t\t\t\t\t\t\t\t<p class=\"\" data-start=\"329\" data-end=\"619\">Wir bei Huset glauben an langfristige Partnerschaften, in denen wir das Fachwissen unserer Kunden mit dem unseren erg\u00e4nzen und sie diskret und effizient im Hintergrund unterst\u00fctzen. Unsere flexiblen L\u00f6sungen sind auf die individuellen Bed\u00fcrfnisse jedes einzelnen Auftrags zugeschnitten, egal ob es sich um eine Komplettl\u00f6sung oder einzelne Dienstleistungen handelt. <br \/><br \/>Sie k\u00f6nnen unsere Tools und unser Know-how nutzen - ohne auf unseren Namen zu verweisen. Es ist Ihre Marke, die sichtbar sein sollte, unsere Technologie, die sie tragen sollte.<\/p>\t\t\t\t\t\t\t\t<\/div>\n\t\t\t\t<div class=\"elementor-element elementor-element-186f2a4 elementor-widget elementor-widget-text-editor\" data-id=\"186f2a4\" data-element_type=\"widget\" data-widget_type=\"text-editor.default\">\n\t\t\t\t\t\t\t\t\t<p class=\"\" data-start=\"562\" data-end=\"624\">Ergebnisorientierte Methodik und moderne Technologie<\/p>\t\t\t\t\t\t\t\t<\/div>\n\t\t\t\t<div class=\"elementor-element elementor-element-1af8b54 elementor-widget elementor-widget-text-editor\" data-id=\"1af8b54\" data-element_type=\"widget\" data-widget_type=\"text-editor.default\">\n\t\t\t\t\t\t\t\t\t<p class=\"\" data-start=\"329\" data-end=\"619\">Seit unserer Gr\u00fcndung liegt unser Fokus auf der Entwicklung effektiver Methoden und digitaler Tools, die unseren Kunden helfen, ihre Immobilien erfolgreich zu verkaufen. Wir kombinieren strategische Kommunikation, modernste Technologie und innovative Marketingkan\u00e4le - um das Potenzial jeder Immobilie zu maximieren und den Wert jedes Gesch\u00e4fts zu steigern. Ob digitale Touren, VR, AR, interaktive Modelle oder Kampagnenproduktionen, wir liefern erstklassige L\u00f6sungen - immer mit einem klaren Fokus auf Konversion, Markenst\u00e4rke und Gesch\u00e4ftswert.<\/p>\t\t\t\t\t\t\t\t<\/div>\n\t\t\t\t\t<\/div>\n\t\t<\/div>\n\t\t\t\t<div class=\"elementor-column elementor-col-50 elementor-inner-column elementor-element elementor-element-be18a23 elementor-hidden-tablet elementor-hidden-mobile\" data-id=\"be18a23\" data-element_type=\"column\" data-settings=\"{&quot;background_background&quot;:&quot;classic&quot;}\">\n\t\t\t<div class=\"elementor-widget-wrap\">\n\t\t\t\t\t\t\t<\/div>\n\t\t<\/div>\n\t\t\t\t\t<\/div>\n\t\t<\/section>\n\t\t\t\t\t<\/div>\n\t\t<\/div>\n\t\t\t\t\t<\/div>\n\t\t<\/section>\n\t\t\t\t<section class=\"elementor-section elementor-top-section elementor-element elementor-element-55f71aa elementor-section-content-middle elementor-section-boxed elementor-section-height-default elementor-section-height-default\" data-id=\"55f71aa\" data-element_type=\"section\" data-settings=\"{&quot;background_background&quot;:&quot;classic&quot;}\">\n\t\t\t\t\t\t\t<div class=\"elementor-background-overlay\"><\/div>\n\t\t\t\t\t\t\t<div class=\"elementor-container elementor-column-gap-no\">\n\t\t\t\t\t<div class=\"elementor-column elementor-col-100 elementor-top-column elementor-element elementor-element-c6c3f6e\" data-id=\"c6c3f6e\" data-element_type=\"column\">\n\t\t\t<div class=\"elementor-widget-wrap elementor-element-populated\">\n\t\t\t\t\t\t<section class=\"elementor-section elementor-inner-section elementor-element elementor-element-1cd8171 elementor-reverse-mobile elementor-section-full_width elementor-hidden-tablet elementor-section-height-default elementor-section-height-default\" data-id=\"1cd8171\" data-element_type=\"section\">\n\t\t\t\t\t\t<div class=\"elementor-container elementor-column-gap-default\">\n\t\t\t\t\t<div class=\"elementor-column elementor-col-50 elementor-inner-column elementor-element elementor-element-57f6a71\" data-id=\"57f6a71\" data-element_type=\"column\">\n\t\t\t<div class=\"elementor-widget-wrap elementor-element-populated\">\n\t\t\t\t\t\t<div class=\"elementor-element elementor-element-a05179d elementor-widget elementor-widget-text-editor\" data-id=\"a05179d\" data-element_type=\"widget\" data-widget_type=\"text-editor.default\">\n\t\t\t\t\t\t\t\t\t<p class=\"\" data-start=\"562\" data-end=\"624\">Bedingungen f\u00fcr den Erfolg - und Menschen hinter jeder L\u00f6sung<\/p>\t\t\t\t\t\t\t\t<\/div>\n\t\t\t\t<div class=\"elementor-element elementor-element-f347400 elementor-widget elementor-widget-text-editor\" data-id=\"f347400\" data-element_type=\"widget\" data-widget_type=\"text-editor.default\">\n\t\t\t\t\t\t\t\t\t<p class=\"\" data-start=\"329\" data-end=\"619\">Wir wissen, dass Sicherheit, Zug\u00e4nglichkeit und Qualit\u00e4t bei jeder Zusammenarbeit von entscheidender Bedeutung sind. Deshalb ist unser Arbeitsprozess sowohl transparent als auch realit\u00e4tsnah - mit klarer Struktur, zug\u00e4nglicher Unterst\u00fctzung und kontinuierlichem Feedback.<\/p><p>Unsere Mitarbeiter sind nicht nur technisch kompetent, sondern auch reaktionsschnell, l\u00f6sungsorientiert und bis ins Detail engagiert.<\/p><p>Wir sind dazu da, Ihr Gesch\u00e4ft zu verstehen, Ihre Herausforderungen zu l\u00f6sen und ein Ergebnis zu liefern, auf das Sie stolz sein k\u00f6nnen.<\/p>\t\t\t\t\t\t\t\t<\/div>\n\t\t\t\t<div class=\"elementor-element elementor-element-ccb3ab3 elementor-widget elementor-widget-text-editor\" data-id=\"ccb3ab3\" data-element_type=\"widget\" data-widget_type=\"text-editor.default\">\n\t\t\t\t\t\t\t\t\t<p class=\"\" data-start=\"562\" data-end=\"624\">Haus 4.0 - f\u00fcr die neue Realit\u00e4t in der Immobilienbranche<\/p>\t\t\t\t\t\t\t\t<\/div>\n\t\t\t\t<div class=\"elementor-element elementor-element-3c2c600 elementor-widget elementor-widget-text-editor\" data-id=\"3c2c600\" data-element_type=\"widget\" data-widget_type=\"text-editor.default\">\n\t\t\t\t\t\t\t\t\t<p class=\"\" data-start=\"329\" data-end=\"619\">In einer \u00c4ra der rasanten digitalen Entwicklung ist Huset ein wichtiger Akteur der vierten industriellen Revolution im Immobiliensektor. Wir bieten exklusive, skalierbare L\u00f6sungen f\u00fcr Immobilieneigent\u00fcmer, Makler und Berater, die ihre Position auf dem Markt st\u00e4rken wollen.<br \/>\u00a0 \u00a0 \u00a0Unser Ziel ist es, Ihnen die Werkzeuge an die Hand zu geben, die Sie brauchen, um schneller zu handeln, klarer zu kommunizieren und in einem sich st\u00e4ndig ver\u00e4ndernden Markt st\u00e4rker zu sein.<\/p><p>Willkommen bei Huset - wo Strategie auf Technologie trifft und Ergebnisse Realit\u00e4t werden.<\/p>\t\t\t\t\t\t\t\t<\/div>\n\t\t\t\t\t<\/div>\n\t\t<\/div>\n\t\t\t\t<div class=\"elementor-column elementor-col-50 elementor-inner-column elementor-element elementor-element-9e0f4ed elementor-hidden-tablet elementor-hidden-mobile\" data-id=\"9e0f4ed\" data-element_type=\"column\" data-settings=\"{&quot;background_background&quot;:&quot;classic&quot;}\">\n\t\t\t<div class=\"elementor-widget-wrap\">\n\t\t\t\t\t\t\t<\/div>\n\t\t<\/div>\n\t\t\t\t\t<\/div>\n\t\t<\/section>\n\t\t\t\t\t<\/div>\n\t\t<\/div>\n\t\t\t\t\t<\/div>\n\t\t<\/section>\n\t\t\t\t<section class=\"elementor-section elementor-top-section elementor-element elementor-element-9ee63ed elementor-section-content-middle elementor-hidden-desktop elementor-section-boxed elementor-section-height-default elementor-section-height-default\" data-id=\"9ee63ed\" data-element_type=\"section\" data-settings=\"{&quot;background_background&quot;:&quot;classic&quot;}\">\n\t\t\t\t\t\t<div class=\"elementor-container elementor-column-gap-no\">\n\t\t\t\t\t<div class=\"elementor-column elementor-col-50 elementor-top-column elementor-element elementor-element-f654c70\" data-id=\"f654c70\" data-element_type=\"column\">\n\t\t\t<div class=\"elementor-widget-wrap elementor-element-populated\">\n\t\t\t\t\t\t<div class=\"elementor-element elementor-element-145e8db elementor-widget elementor-widget-image\" data-id=\"145e8db\" data-element_type=\"widget\" data-widget_type=\"image.default\">\n\t\t\t\t\t\t\t\t\t\t\t\t\t\t\t<img fetchpriority=\"high\" decoding=\"async\" width=\"1536\" height=\"1024\" src=\"https:\/\/huset.se\/wp-content\/uploads\/2025\/04\/Mojligheter-start.jpg\" class=\"elementor-animation-grow attachment-full size-full wp-image-26817\" alt=\"Gem\u00fctliches und einladendes Wohnzimmer mit eleganter M\u00f6blierung.\" srcset=\"https:\/\/huset.se\/wp-content\/uploads\/2025\/04\/Mojligheter-start.jpg 1536w, https:\/\/huset.se\/wp-content\/uploads\/2025\/04\/Mojligheter-start-300x200.jpg 300w, https:\/\/huset.se\/wp-content\/uploads\/2025\/04\/Mojligheter-start-1024x683.jpg 1024w, https:\/\/huset.se\/wp-content\/uploads\/2025\/04\/Mojligheter-start-768x512.jpg 768w, https:\/\/huset.se\/wp-content\/uploads\/2025\/04\/Mojligheter-start-900x600.jpg 900w, https:\/\/huset.se\/wp-content\/uploads\/2025\/04\/Mojligheter-start-496x331.jpg 496w\" sizes=\"(max-width: 1536px) 100vw, 1536px\" \/>\t\t\t\t\t\t\t\t\t\t\t\t\t\t\t<\/div>\n\t\t\t\t<div class=\"elementor-element elementor-element-16b5a2f elementor-widget elementor-widget-text-editor\" data-id=\"16b5a2f\" data-element_type=\"widget\" data-widget_type=\"text-editor.default\">\n\t\t\t\t\t\t\t\t\t<p class=\"\" data-start=\"562\" data-end=\"624\">Bedingungen f\u00fcr den Erfolg - und Menschen hinter jeder L\u00f6sung<\/p>\t\t\t\t\t\t\t\t<\/div>\n\t\t\t\t<div class=\"elementor-element elementor-element-2aff96d elementor-widget elementor-widget-text-editor\" data-id=\"2aff96d\" data-element_type=\"widget\" data-widget_type=\"text-editor.default\">\n\t\t\t\t\t\t\t\t\t<p class=\"\" data-start=\"329\" data-end=\"619\">Wir wissen, dass Sicherheit, Zug\u00e4nglichkeit und Qualit\u00e4t bei jeder Zusammenarbeit von entscheidender Bedeutung sind. Deshalb ist unser Arbeitsprozess sowohl transparent als auch realit\u00e4tsnah - mit klarer Struktur, zug\u00e4nglicher Unterst\u00fctzung und kontinuierlichem Feedback.<\/p><p>Unsere Mitarbeiter sind nicht nur technisch kompetent, sondern auch reaktionsschnell, l\u00f6sungsorientiert und bis ins Detail engagiert.<\/p><p>Wir sind dazu da, Ihr Gesch\u00e4ft zu verstehen, Ihre Herausforderungen zu l\u00f6sen und ein Ergebnis zu liefern, auf das Sie stolz sein k\u00f6nnen.<\/p>\t\t\t\t\t\t\t\t<\/div>\n\t\t\t\t\t<\/div>\n\t\t<\/div>\n\t\t\t\t<div class=\"elementor-column elementor-col-50 elementor-top-column elementor-element elementor-element-1545c09\" data-id=\"1545c09\" data-element_type=\"column\">\n\t\t\t<div class=\"elementor-widget-wrap elementor-element-populated\">\n\t\t\t\t\t\t<div class=\"elementor-element elementor-element-ac65358 elementor-widget elementor-widget-image\" data-id=\"ac65358\" data-element_type=\"widget\" data-widget_type=\"image.default\">\n\t\t\t\t\t\t\t\t\t\t\t\t\t\t\t<img decoding=\"async\" src=\"https:\/\/huset.se\/wp-content\/uploads\/2022\/10\/Butik-50-50-scaled.jpg\" title=\"Gesch\u00e4ft 50-50\" alt=\"Gesch\u00e4ft 50-50\" class=\"elementor-animation-grow\" loading=\"lazy\" \/>\t\t\t\t\t\t\t\t\t\t\t\t\t\t\t<\/div>\n\t\t\t\t<div class=\"elementor-element elementor-element-7070321 elementor-widget elementor-widget-text-editor\" data-id=\"7070321\" data-element_type=\"widget\" data-widget_type=\"text-editor.default\">\n\t\t\t\t\t\t\t\t\t<p class=\"\" data-start=\"562\" data-end=\"624\">Haus 4.0 - f\u00fcr die neue Realit\u00e4t in der Immobilienbranche<\/p>\t\t\t\t\t\t\t\t<\/div>\n\t\t\t\t<div class=\"elementor-element elementor-element-487fc6b elementor-widget elementor-widget-text-editor\" data-id=\"487fc6b\" data-element_type=\"widget\" data-widget_type=\"text-editor.default\">\n\t\t\t\t\t\t\t\t\t<p class=\"\" data-start=\"329\" data-end=\"619\">In einer \u00c4ra der rasanten digitalen Entwicklung ist Huset ein wichtiger Akteur der vierten industriellen Revolution im Immobiliensektor. Wir bieten exklusive, skalierbare L\u00f6sungen f\u00fcr Immobilieneigent\u00fcmer, Makler und Berater, die ihre Position auf dem Markt st\u00e4rken wollen.<br \/>\u00a0 \u00a0 \u00a0Unser Ziel ist es, Ihnen die Werkzeuge an die Hand zu geben, die Sie brauchen, um schneller zu handeln, klarer zu kommunizieren und in einem sich st\u00e4ndig ver\u00e4ndernden Markt st\u00e4rker zu sein.<\/p><p>Willkommen bei Huset - wo Strategie auf Technologie trifft und Ergebnisse Realit\u00e4t werden.<\/p>\t\t\t\t\t\t\t\t<\/div>\n\t\t\t\t\t<\/div>\n\t\t<\/div>\n\t\t\t\t\t<\/div>\n\t\t<\/section>\n\t\t\t\t<\/div>","protected":false},"excerpt":{"rendered":"<p>Huset - Ihr Partner f\u00fcr die Zukunft der Immobilienkommunikation Huset ist eine moderne Kommunikationsagentur und ein technologieorientiertes IT-Unternehmen mit Spitzenkompetenz in den Bereichen digitales Marketing, Immobilienkommunikation und fortschrittliche technische L\u00f6sungen. Unsere Mission ist klar: Wir schaffen Zeit, Sicherheit und gesch\u00e4ftlichen Nutzen f\u00fcr unsere Kunden. Indem wir uns um die technischen, kommunikativen und visuellen Aspekte k\u00fcmmern, schaffen wir Zeit f\u00fcr Sie, um [...]<\/p>","protected":false},"author":25,"featured_media":0,"parent":0,"menu_order":0,"comment_status":"closed","ping_status":"closed","template":"elementor_header_footer","meta":{"_et_pb_use_builder":"","_et_pb_old_content":"","_et_gb_content_width":"","footnotes":""},"class_list":["post-25829","page","type-page","status-publish","hentry"],"_links":{"self":[{"href":"https:\/\/huset.se\/de_at\/wp-json\/wp\/v2\/pages\/25829","targetHints":{"allow":["GET"]}}],"collection":[{"href":"https:\/\/huset.se\/de_at\/wp-json\/wp\/v2\/pages"}],"about":[{"href":"https:\/\/huset.se\/de_at\/wp-json\/wp\/v2\/types\/page"}],"author":[{"embeddable":true,"href":"https:\/\/huset.se\/de_at\/wp-json\/wp\/v2\/users\/25"}],"replies":[{"embeddable":true,"href":"https:\/\/huset.se\/de_at\/wp-json\/wp\/v2\/comments?post=25829"}],"version-history":[{"count":57,"href":"https:\/\/huset.se\/de_at\/wp-json\/wp\/v2\/pages\/25829\/revisions"}],"predecessor-version":[{"id":28396,"href":"https:\/\/huset.se\/de_at\/wp-json\/wp\/v2\/pages\/25829\/revisions\/28396"}],"wp:attachment":[{"href":"https:\/\/huset.se\/de_at\/wp-json\/wp\/v2\/media?parent=25829"}],"curies":[{"name":"wp","href":"https:\/\/api.w.org\/{rel}","templated":true}]}}